{"id":8914,"date":"2025-11-08T10:01:03","date_gmt":"2025-11-08T10:01:03","guid":{"rendered":"https:\/\/gambling6.com\/kasino\/alt-du-behover-at-vide-om-online-spilleautomater\/"},"modified":"2025-11-12T09:35:44","modified_gmt":"2025-11-12T09:35:44","slug":"alt-du-behover-at-vide-om-online-spilleautomater","status":"publish","type":"page","link":"https:\/\/gambling6.com\/da\/kasino\/alt-du-behover-at-vide-om-online-spilleautomater\/","title":{"rendered":"Alt du beh\u00f8ver at vide om online spilleautomater"},"content":{"rendered":"<h2>At spille spilleautomater &#8211; det mest popul\u00e6re online casinospil<\/h2>\n<p>Online spilleautomater er det mest popul\u00e6re valg blandt casinospillere, og der er mange grunde til dette. Selvom spillene ser simple ud ved f\u00f8rste \u00f8jekast, er der faktisk en hel del ting, du b\u00f8r vide om dem, som kan hj\u00e6lpe med at forbedre dine resultater og skabe en bedre online spiloplevelse. For information om forskellige elementer vedr\u00f8rende spilleautomater med rigtige penge, tjek vores hjemmeside, der er dedikeret til at l\u00e6re spillere, hvordan spillet fungerer, og hvilke strategier de kan bruge.<\/p>\n<h2>Introduktion til online spilleautomater<\/h2>\n<p><img class=\" alignright size-full wp-image-370\" style=\"margin: 5px; float: right;\" \/><\/p>\n<p>Han kan derefter dreje hjulene, og hvis symbolerne stopper i en bestemt kombination p\u00e5 hver valgt linje, vil spillet tildele en pr\u00e6mie baseret p\u00e5 oddsene og indsatsens st\u00f8rrelse. Det er denne enkelhed i spillet, der gjorde det s\u00e5 popul\u00e6rt i f\u00f8rste omgang, kombineret med potentialet til at vinde store pr\u00e6mier. I takt med at online casinoer er blevet mere og mere popul\u00e6re gennem \u00e5rene, har spilleautomater bevaret deres popularitet, efterh\u00e5nden som spillere er flyttet online for lettere adgang til deres yndlingsspil.<\/p>\n<p>De samme regler g\u00e6lder, men online spilleautomater bruger nu tilf\u00e6ldige talgeneratorer til at bestemme, hvilke symboler der vises, n\u00e5r hjulene holder op med at dreje. Oddsene p\u00e5 spilleautomater forbliver de samme i teorien, men de fleste spillere h\u00e6vder, at online spilleautomater er meget mere profitable, da de ikke justeres p\u00e5 nogen m\u00e5de afh\u00e6ngigt af deres placering p\u00e5 casinogulvet.<\/p>\n<h2>Nye muligheder online<\/h2>\n<p>Online spilleautomater har virkelig taget fart i de sidste par \u00e5r, og internettet har givet softwareudviklere chancen for at tage spillet til det n\u00e6ste niveau. Spillere kan nu v\u00e6lge mellem et stort antal betalingslinjer. Hver ekstra linje har de samme odds for at ramme en vindende kombination, s\u00e5 spilleren har mulighed for at betale mere og spille flere linjer i \u00e9t spin. Internettet har ogs\u00e5 givet den bedste m\u00e5de at udvide online spilleautomater baseret p\u00e5 deres tema og stil. Nye titler udgives ret ofte og kan d\u00e6kke forskellige temaer, hvor mulighederne virkelig kun er begr\u00e6nset af fantasien. Popul\u00e6re film, s\u00e5som The Dark Knight og Gladiator, inspirerer online spilleautomater.<\/p>\n<p>Blandt de bedste casinoer til casinospil med attraktive temaer og i\u00f8jnefaldende design er helt sikkert 888 Casino. <a class=\"thirstylink\" title=\"888 casino en\" href=\"https:\/\/gambling6.com\/go\/888-casino-en\/\" target=\"_blank\" rel=\"nofollow noopener\">Hvis du vil pr\u00f8ve dem, s\u00e5 f\u00f8lg dette link &#8211; du vil ikke blive skuffet.<\/a><\/p>\n<h2>Progressive spilleautomater<\/h2>\n<p>Progressive spilleautomater kan ogs\u00e5 findes i fysiske casinoer, men de er virkelig popul\u00e6re online. Ideen er, at casinoet forbinder flere spilleautomater, s\u00e5 hver indsats fra dem kan bidrage til en standard jackpot, der kan vindes n\u00e5r som helst. N\u00e5r det kommer til online casinoer, er det meget nemmere at forbinde disse spil, hvilket giver flere brugere mulighed for at spille det samme spil. Dette resulterer i nogle meget popul\u00e6re progressive spilleautomater, der kan udbetale millioner af dollars hvert par m\u00e5neder.<\/p>\n<p>Jackpotten vokser med hver ekstra indsats, der placeres af spillere, indtil nogen rammer den vindende kombination og tager hele bel\u00f8bet. For eksempel vindes jackpotten i en online spilleautomat med pokertema ved at ramme en Royal Flush. Der er selvf\u00f8lgelig ogs\u00e5 mindre pr\u00e6mier givet for andre kombinationer, der optr\u00e6der oftere, s\u00e5 spillerne ikke bare satser p\u00e5 jackpotten. Popul\u00e6re progressive spilleautomater kan findes p\u00e5 flere online casinoer samtidigt, s\u00e5 l\u00e6nge de bruger den samme softwareudbyder.<\/p>\n<h2>Strategier for online spilleautomater<\/h2>\n<p>Selvom spilleautomater udelukkende er et heldspil, kan nogle nyttige tips hj\u00e6lpe med at \u00f8ge din profit. Det vigtigste at vide er, at et spin ikke er afh\u00e6ngig af det foreg\u00e5ende; hvert spin har de samme odds. Mange spillere tror, \u200b\u200bat hvis de spiller l\u00e6nge nok, vil de til sidst vinde den store pr\u00e6mie. Den bedste m\u00e5de at vinde p\u00e5 online spilleautomater er at administrere din bankroll korrekt og undg\u00e5 un\u00f8dvendige risici tidligt. Det betyder, at du b\u00f8r spille f\u00e6rre linjer og undg\u00e5 spil, der tilbyder &#8220;dobbelt eller intet&#8221;-funktioner. For bedre at l\u00e6re, hvordan spillet fungerer, kan du f\u00f8rst spille for virtuelle penge.<\/p>\n","protected":false},"excerpt":{"rendered":"<p>At spille spilleautomater &#8211; det mest popul\u00e6re online casinospil Online spilleautomater er det mest popul\u00e6re valg blandt casinospillere, og der er mange grunde til dette. Selvom spillene ser simple ud ved f\u00f8rste \u00f8jekast, er der faktisk en hel del ting, du b\u00f8r vide om dem, som kan hj\u00e6lpe med at forbedre dine resultater og skabe [&hellip;]<\/p>\n","protected":false},"author":1,"featured_media":8915,"parent":8281,"menu_order":42,"comment_status":"closed","ping_status":"closed","template":"","meta":{"footnotes":""},"class_list":["post-8914","page","type-page","status-publish","has-post-thumbnail","hentry"],"yoast_head":"<!-- This site is optimized with the Yoast SEO plugin v27.4 - https:\/\/yoast.com\/product\/yoast-seo-wordpress\/ -->\n<title>Information om hvordan man spiller spilleautomater online<\/title>\n<meta name=\"description\" content=\"L\u00e6r hvordan du spiller online spilleautomater og g\u00f8r krav p\u00e5 millioner af dollars i progressive jackpots med blot et enkelt klik med musen.\" \/>\n<meta name=\"robots\" content=\"index, follow, max-snippet:-1, max-image-preview:large, max-video-preview:-1\" \/>\n<link rel=\"canonical\" href=\"https:\/\/gambling6.com\/da\/kasino\/alt-du-behover-at-vide-om-online-spilleautomater\/\" \/>\n<meta property=\"og:locale\" content=\"da_DK\" \/>\n<meta property=\"og:type\" content=\"article\" \/>\n<meta property=\"og:title\" content=\"Information om hvordan man spiller spilleautomater online\" \/>\n<meta property=\"og:description\" content=\"L\u00e6r hvordan du spiller online spilleautomater og g\u00f8r krav p\u00e5 millioner af dollars i progressive jackpots med blot et enkelt klik med musen.\" \/>\n<meta property=\"og:url\" content=\"https:\/\/gambling6.com\/da\/kasino\/alt-du-behover-at-vide-om-online-spilleautomater\/\" \/>\n<meta property=\"og:site_name\" content=\"Gambling6\" \/>\n<meta property=\"article:modified_time\" content=\"2025-11-12T09:35:44+00:00\" \/>\n<meta property=\"og:image\" content=\"https:\/\/gambling6.com\/wp-content\/uploads\/2013\/12\/Slots-150x150.jpg\" \/>\n\t<meta property=\"og:image:width\" content=\"150\" \/>\n\t<meta property=\"og:image:height\" content=\"150\" \/>\n\t<meta property=\"og:image:type\" content=\"image\/jpeg\" \/>\n<meta name=\"twitter:card\" content=\"summary_large_image\" \/>\n<meta name=\"twitter:label1\" content=\"Estimeret l\u00e6setid\" \/>\n\t<meta name=\"twitter:data1\" content=\"3 minutter\" \/>\n<script type=\"application\/ld+json\" class=\"yoast-schema-graph\">{\"@context\":\"https:\\\/\\\/schema.org\",\"@graph\":[{\"@type\":\"WebPage\",\"@id\":\"https:\\\/\\\/gambling6.com\\\/da\\\/kasino\\\/alt-du-behover-at-vide-om-online-spilleautomater\\\/\",\"url\":\"https:\\\/\\\/gambling6.com\\\/da\\\/kasino\\\/alt-du-behover-at-vide-om-online-spilleautomater\\\/\",\"name\":\"Information om hvordan man spiller spilleautomater online\",\"isPartOf\":{\"@id\":\"https:\\\/\\\/gambling6.com\\\/da\\\/#website\"},\"primaryImageOfPage\":{\"@id\":\"https:\\\/\\\/gambling6.com\\\/da\\\/kasino\\\/alt-du-behover-at-vide-om-online-spilleautomater\\\/#primaryimage\"},\"image\":{\"@id\":\"https:\\\/\\\/gambling6.com\\\/da\\\/kasino\\\/alt-du-behover-at-vide-om-online-spilleautomater\\\/#primaryimage\"},\"thumbnailUrl\":\"https:\\\/\\\/gambling6.com\\\/wp-content\\\/uploads\\\/2013\\\/12\\\/Slots-150x150.jpg\",\"datePublished\":\"2025-11-08T10:01:03+00:00\",\"dateModified\":\"2025-11-12T09:35:44+00:00\",\"description\":\"L\u00e6r hvordan du spiller online spilleautomater og g\u00f8r krav p\u00e5 millioner af dollars i progressive jackpots med blot et enkelt klik med musen.\",\"breadcrumb\":{\"@id\":\"https:\\\/\\\/gambling6.com\\\/da\\\/kasino\\\/alt-du-behover-at-vide-om-online-spilleautomater\\\/#breadcrumb\"},\"inLanguage\":\"da-DK\",\"potentialAction\":[{\"@type\":\"ReadAction\",\"target\":[\"https:\\\/\\\/gambling6.com\\\/da\\\/kasino\\\/alt-du-behover-at-vide-om-online-spilleautomater\\\/\"]}]},{\"@type\":\"ImageObject\",\"inLanguage\":\"da-DK\",\"@id\":\"https:\\\/\\\/gambling6.com\\\/da\\\/kasino\\\/alt-du-behover-at-vide-om-online-spilleautomater\\\/#primaryimage\",\"url\":\"https:\\\/\\\/gambling6.com\\\/wp-content\\\/uploads\\\/2013\\\/12\\\/Slots-150x150.jpg\",\"contentUrl\":\"https:\\\/\\\/gambling6.com\\\/wp-content\\\/uploads\\\/2013\\\/12\\\/Slots-150x150.jpg\",\"width\":150,\"height\":150,\"caption\":\"Slots-150x150\"},{\"@type\":\"BreadcrumbList\",\"@id\":\"https:\\\/\\\/gambling6.com\\\/da\\\/kasino\\\/alt-du-behover-at-vide-om-online-spilleautomater\\\/#breadcrumb\",\"itemListElement\":[{\"@type\":\"ListItem\",\"position\":1,\"name\":\"Home\",\"item\":\"https:\\\/\\\/gambling6.com\\\/da\\\/home\\\/\"},{\"@type\":\"ListItem\",\"position\":2,\"name\":\"Kasino\",\"item\":\"https:\\\/\\\/gambling6.com\\\/da\\\/kasino\\\/\"},{\"@type\":\"ListItem\",\"position\":3,\"name\":\"Alt du beh\u00f8ver at vide om online spilleautomater\"}]},{\"@type\":\"WebSite\",\"@id\":\"https:\\\/\\\/gambling6.com\\\/da\\\/#website\",\"url\":\"https:\\\/\\\/gambling6.com\\\/da\\\/\",\"name\":\"Gambling6\",\"description\":\"\",\"potentialAction\":[{\"@type\":\"SearchAction\",\"target\":{\"@type\":\"EntryPoint\",\"urlTemplate\":\"https:\\\/\\\/gambling6.com\\\/da\\\/?s={search_term_string}\"},\"query-input\":{\"@type\":\"PropertyValueSpecification\",\"valueRequired\":true,\"valueName\":\"search_term_string\"}}],\"inLanguage\":\"da-DK\"}]}<\/script>\n<!-- \/ Yoast SEO plugin. -->","yoast_head_json":{"title":"Information om hvordan man spiller spilleautomater online","description":"L\u00e6r hvordan du spiller online spilleautomater og g\u00f8r krav p\u00e5 millioner af dollars i progressive jackpots med blot et enkelt klik med musen.","robots":{"index":"index","follow":"follow","max-snippet":"max-snippet:-1","max-image-preview":"max-image-preview:large","max-video-preview":"max-video-preview:-1"},"canonical":"https:\/\/gambling6.com\/da\/kasino\/alt-du-behover-at-vide-om-online-spilleautomater\/","og_locale":"da_DK","og_type":"article","og_title":"Information om hvordan man spiller spilleautomater online","og_description":"L\u00e6r hvordan du spiller online spilleautomater og g\u00f8r krav p\u00e5 millioner af dollars i progressive jackpots med blot et enkelt klik med musen.","og_url":"https:\/\/gambling6.com\/da\/kasino\/alt-du-behover-at-vide-om-online-spilleautomater\/","og_site_name":"Gambling6","article_modified_time":"2025-11-12T09:35:44+00:00","og_image":[{"width":150,"height":150,"url":"https:\/\/gambling6.com\/wp-content\/uploads\/2013\/12\/Slots-150x150.jpg","type":"image\/jpeg"}],"twitter_card":"summary_large_image","twitter_misc":{"Estimeret l\u00e6setid":"3 minutter"},"schema":{"@context":"https:\/\/schema.org","@graph":[{"@type":"WebPage","@id":"https:\/\/gambling6.com\/da\/kasino\/alt-du-behover-at-vide-om-online-spilleautomater\/","url":"https:\/\/gambling6.com\/da\/kasino\/alt-du-behover-at-vide-om-online-spilleautomater\/","name":"Information om hvordan man spiller spilleautomater online","isPartOf":{"@id":"https:\/\/gambling6.com\/da\/#website"},"primaryImageOfPage":{"@id":"https:\/\/gambling6.com\/da\/kasino\/alt-du-behover-at-vide-om-online-spilleautomater\/#primaryimage"},"image":{"@id":"https:\/\/gambling6.com\/da\/kasino\/alt-du-behover-at-vide-om-online-spilleautomater\/#primaryimage"},"thumbnailUrl":"https:\/\/gambling6.com\/wp-content\/uploads\/2013\/12\/Slots-150x150.jpg","datePublished":"2025-11-08T10:01:03+00:00","dateModified":"2025-11-12T09:35:44+00:00","description":"L\u00e6r hvordan du spiller online spilleautomater og g\u00f8r krav p\u00e5 millioner af dollars i progressive jackpots med blot et enkelt klik med musen.","breadcrumb":{"@id":"https:\/\/gambling6.com\/da\/kasino\/alt-du-behover-at-vide-om-online-spilleautomater\/#breadcrumb"},"inLanguage":"da-DK","potentialAction":[{"@type":"ReadAction","target":["https:\/\/gambling6.com\/da\/kasino\/alt-du-behover-at-vide-om-online-spilleautomater\/"]}]},{"@type":"ImageObject","inLanguage":"da-DK","@id":"https:\/\/gambling6.com\/da\/kasino\/alt-du-behover-at-vide-om-online-spilleautomater\/#primaryimage","url":"https:\/\/gambling6.com\/wp-content\/uploads\/2013\/12\/Slots-150x150.jpg","contentUrl":"https:\/\/gambling6.com\/wp-content\/uploads\/2013\/12\/Slots-150x150.jpg","width":150,"height":150,"caption":"Slots-150x150"},{"@type":"BreadcrumbList","@id":"https:\/\/gambling6.com\/da\/kasino\/alt-du-behover-at-vide-om-online-spilleautomater\/#breadcrumb","itemListElement":[{"@type":"ListItem","position":1,"name":"Home","item":"https:\/\/gambling6.com\/da\/home\/"},{"@type":"ListItem","position":2,"name":"Kasino","item":"https:\/\/gambling6.com\/da\/kasino\/"},{"@type":"ListItem","position":3,"name":"Alt du beh\u00f8ver at vide om online spilleautomater"}]},{"@type":"WebSite","@id":"https:\/\/gambling6.com\/da\/#website","url":"https:\/\/gambling6.com\/da\/","name":"Gambling6","description":"","potentialAction":[{"@type":"SearchAction","target":{"@type":"EntryPoint","urlTemplate":"https:\/\/gambling6.com\/da\/?s={search_term_string}"},"query-input":{"@type":"PropertyValueSpecification","valueRequired":true,"valueName":"search_term_string"}}],"inLanguage":"da-DK"}]}},"_links":{"self":[{"href":"https:\/\/gambling6.com\/da\/wp-json\/wp\/v2\/pages\/8914","targetHints":{"allow":["GET"]}}],"collection":[{"href":"https:\/\/gambling6.com\/da\/wp-json\/wp\/v2\/pages"}],"about":[{"href":"https:\/\/gambling6.com\/da\/wp-json\/wp\/v2\/types\/page"}],"author":[{"embeddable":true,"href":"https:\/\/gambling6.com\/da\/wp-json\/wp\/v2\/users\/1"}],"replies":[{"embeddable":true,"href":"https:\/\/gambling6.com\/da\/wp-json\/wp\/v2\/comments?post=8914"}],"version-history":[{"count":1,"href":"https:\/\/gambling6.com\/da\/wp-json\/wp\/v2\/pages\/8914\/revisions"}],"predecessor-version":[{"id":10480,"href":"https:\/\/gambling6.com\/da\/wp-json\/wp\/v2\/pages\/8914\/revisions\/10480"}],"up":[{"embeddable":true,"href":"https:\/\/gambling6.com\/da\/wp-json\/wp\/v2\/pages\/8281"}],"wp:featuredmedia":[{"embeddable":true,"href":"https:\/\/gambling6.com\/da\/wp-json\/wp\/v2\/media\/8915"}],"wp:attachment":[{"href":"https:\/\/gambling6.com\/da\/wp-json\/wp\/v2\/media?parent=8914"}],"curies":[{"name":"wp","href":"https:\/\/api.w.org\/{rel}","templated":true}]}}