{"id":8956,"date":"2025-11-08T11:51:08","date_gmt":"2025-11-08T11:51:08","guid":{"rendered":"https:\/\/gambling6.com\/kasino\/hvor-finder-man-spilleautomater-af-hoj-kvalitet-online\/"},"modified":"2025-11-08T11:51:08","modified_gmt":"2025-11-08T11:51:08","slug":"hvor-finder-man-spilleautomater-af-hoj-kvalitet-online","status":"publish","type":"page","link":"https:\/\/gambling6.com\/da\/kasino\/hvor-finder-man-spilleautomater-af-hoj-kvalitet-online\/","title":{"rendered":"Hvor finder man spilleautomater af h\u00f8j kvalitet online"},"content":{"rendered":"<h2>Kvalitets online spilleautomater<\/h2>\n<p>N\u00e5r det kommer til online casinoer, er spilleautomater typisk den f\u00f8rende spiller med hensyn til variation, antal spillere og jackpots. Det er selvf\u00f8lgelig meget let at se, hvorfor online spilleautomater er s\u00e5 popul\u00e6re, og med blot et enkelt spin p\u00e5 symbolerne har enhver spiller potentiale til at vinde store pr\u00e6mier, endda millioner af dollars. Faktisk er spilleautomater s\u00e5 popul\u00e6re online, at nogle online casinoer tilbyder s\u00e6rlige bonusser kun til disse spil, da spillere kun tilmelder sig for at spille forskellige spilleautomater, og de ikke er interesserede i noget andet. Da den bedste strategi i online spilleautomater er at spille mere, kommer disse bonusser hurtigt til nytte.<\/p>\n<h2>Udbydere af casinospilssoftware<\/h2>\n<p><img loading=\"lazy\" decoding=\"async\" class=\"size-full wp-image-400 alignright\" src=\"https:\/\/gambling6.com\/wp-content\/uploads\/2013\/12\/mobile-gambling-150x150.jpg\" alt=\"online spilleautomat\" width=\"150\" height=\"150\" \/>Hvert online casino drives af en softwareudvikler, og der er en hel del virksomheder, der har skabt sig et navn ved at levere nogle af de flotteste casinospil p\u00e5 internettet. F\u00f8lg linket, hvis du ikke ved, hvilken spilleautomatsoftware du skal v\u00e6lge, og dette vil f\u00f8re dig til de to mest popul\u00e6re navne i branchen.<\/p>\n<h2>At spille de bedste spilleautomater p\u00e5 internettet<\/h2>\n<p>Grafiken og funktionerne kan variere meget afh\u00e6ngigt af softwaren, s\u00e5 det er altid en god id\u00e9 at tjekke flere muligheder og se, hvilken du finder mest tiltalende. Ved at vide, hvordan nogle spil fra en bestemt softwareudvikler ser ud, kan du have det meget nemmere, n\u00e5r du s\u00f8ger efter at blive medlem af et nyt online casino. Selvom nogle sider tilbyder et par unikke spil, der er specielt designet til det p\u00e5g\u00e6ldende online casino, har alle sider, der drives af den samme softwareudbyder, n\u00e6sten de samme spil. For at sikre, at deres kunder er tilfredse, tilbyder nogle online casinoer spil fra flere softwareudbydere, og det er altid rart at se.<\/p>\n<h3>Online spilleautomater<\/h3>\n<p>Med s\u00e5 mange online casinoer, der tilbyder spilleautomater fra forskellige udbydere, kan det v\u00e6re meget sv\u00e6rt at vide, hvilke der rent faktisk er de bedste. Det vil garantere en fantastisk spiloplevelse hver gang. Tjek denne mulighed ud, som nu betragtes som casinoet med de bedste spilleautomater p\u00e5 internettet, da det stort set tilbyder alt. Siden, der er anf\u00f8rt her, kan \u00e6ndre sig, hvis en bedre mulighed dukker op, men for nu er den bedste side at spille spilleautomater 888 Casino. 888 er en af \u200b\u200bde f\u00f8rende inden for online gambling med en stor sportsbook, et realistisk pokerrum og et storsl\u00e5et casino.<\/p>\n<p>Det, der g\u00f8r 888 Casino til et s\u00e5 godt sted at spille spilleautomater, er, at de har en lang liste af muligheder med titler fra Playtech, IGT, Microgaming og nogle af deres egne. Det vil tage en ny spiller flere dage at gennemg\u00e5 alle de tilg\u00e6ngelige spil, og de forskellige stilarter garanterer, at han aldrig keder sig.<\/p>\n<p><a href=\"https:\/\/ic.aff-handler.com\/C\/45871?sr=1064399&amp;anid=\" rel=\"nofollow\"><img loading=\"lazy\" decoding=\"async\" class=\"aligncenter\" src=\"https:\/\/ic.aff-handler.com\/I\/45871?sr=1064399&amp;anid=\" width=\"725\" height=\"93\" \/><\/a><\/p>\n<p>Et godt online casino handler selvf\u00f8lgelig ikke kun om de spil, det tilbyder; forskellige faktorer skal v\u00e6re st\u00e6rke for, at den samlede hjemmeside kan betragtes som betydningsfuld. M\u00e5ske er det vigtigste sikkerhed, da finansielle transaktioner er en stor del af online gambling, og online casinoet b\u00f8r garantere, at alt er sikkert og trygt hver gang.<\/p>\n<p>Og hvis du er bosiddende i USA, forhindrer amerikansk lovgivning dig i at tilmelde dig 888 Casino. Gode \u200b\u200balternativer for amerikanske spillere er sj\u00e6ldne, men vi kan anbefale BetOnline Casino til alt dit online gambling. Klik p\u00e5 banneret nedenfor for at bes\u00f8ge BetOnlineCasino &#8211; du vil ikke blive skuffet!<\/p>\n<p><a class=\"thirstylink\" title=\"Betonline casino en\" href=\"https:\/\/gambling6.com\/go\/betonline-casino-en\/\" target=\"_blank\" rel=\"nofollow noopener\"><img loading=\"lazy\" decoding=\"async\" class=\"wp-image-7875 aligncenter\" src=\"https:\/\/gambling6.com\/wp-content\/uploads\/2025\/10\/BOL_AQC_banner_468x60_FS1_casino-300x38.gif\" alt=\"BetOnline casino\" width=\"553\" height=\"70\" \/><\/a><\/p>\n<p>Derfor er det altid godt at tjekke anmeldelser og se, hvilke online casinoer der er trov\u00e6rdige, og hvilke der er kendt for udbetalingsproblemer. Da vi taler om penge, er bonusser og kampagner blevet meget vigtige i l\u00f8bet af de sidste par \u00e5r, og de er normalt det f\u00f8rste, en ny spiller tjekker ud. Det er meget almindeligt, at top online casinoer tilbyder velkomstbonusser baseret p\u00e5 indbetalingsbel\u00f8b, og spilleautomatbonusser er mest almindelige p\u00e5 grund af spillets popularitet.<\/p>\n","protected":false},"excerpt":{"rendered":"<p>Kvalitets online spilleautomater N\u00e5r det kommer til online casinoer, er spilleautomater typisk den f\u00f8rende spiller med hensyn til variation, antal spillere og jackpots. Det er selvf\u00f8lgelig meget let at se, hvorfor online spilleautomater er s\u00e5 popul\u00e6re, og med blot et enkelt spin p\u00e5 symbolerne har enhver spiller potentiale til at vinde store pr\u00e6mier, endda millioner [&hellip;]<\/p>\n","protected":false},"author":1,"featured_media":0,"parent":8281,"menu_order":47,"comment_status":"closed","ping_status":"closed","template":"","meta":{"footnotes":""},"class_list":["post-8956","page","type-page","status-publish","hentry"],"yoast_head":"<!-- This site is optimized with the Yoast SEO plugin v27.4 - https:\/\/yoast.com\/product\/yoast-seo-wordpress\/ -->\n<title>Online spilleautomater af h\u00f8j kvalitet<\/title>\n<meta name=\"description\" content=\"Spil de bedste spilleautomater og spilleautomater p\u00e5 internettet. Find spilleautomater i topkvalitet online her!\" \/>\n<meta name=\"robots\" content=\"index, follow, max-snippet:-1, max-image-preview:large, max-video-preview:-1\" \/>\n<link rel=\"canonical\" href=\"https:\/\/gambling6.com\/da\/kasino\/hvor-finder-man-spilleautomater-af-hoj-kvalitet-online\/\" \/>\n<meta property=\"og:locale\" content=\"da_DK\" \/>\n<meta property=\"og:type\" content=\"article\" \/>\n<meta property=\"og:title\" content=\"Online spilleautomater af h\u00f8j kvalitet\" \/>\n<meta property=\"og:description\" content=\"Spil de bedste spilleautomater og spilleautomater p\u00e5 internettet. Find spilleautomater i topkvalitet online her!\" \/>\n<meta property=\"og:url\" content=\"https:\/\/gambling6.com\/da\/kasino\/hvor-finder-man-spilleautomater-af-hoj-kvalitet-online\/\" \/>\n<meta property=\"og:site_name\" content=\"Gambling6\" \/>\n<meta property=\"og:image\" content=\"https:\/\/gambling6.com\/wp-content\/uploads\/2013\/12\/mobile-gambling-150x150.jpg\" \/>\n\t<meta property=\"og:image:width\" content=\"150\" \/>\n\t<meta property=\"og:image:height\" content=\"150\" \/>\n\t<meta property=\"og:image:type\" content=\"image\/jpeg\" \/>\n<meta name=\"twitter:card\" content=\"summary_large_image\" \/>\n<meta name=\"twitter:label1\" content=\"Estimeret l\u00e6setid\" \/>\n\t<meta name=\"twitter:data1\" content=\"3 minutter\" \/>\n<script type=\"application\/ld+json\" class=\"yoast-schema-graph\">{\"@context\":\"https:\\\/\\\/schema.org\",\"@graph\":[{\"@type\":\"WebPage\",\"@id\":\"https:\\\/\\\/gambling6.com\\\/da\\\/kasino\\\/hvor-finder-man-spilleautomater-af-hoj-kvalitet-online\\\/\",\"url\":\"https:\\\/\\\/gambling6.com\\\/da\\\/kasino\\\/hvor-finder-man-spilleautomater-af-hoj-kvalitet-online\\\/\",\"name\":\"Online spilleautomater af h\u00f8j kvalitet\",\"isPartOf\":{\"@id\":\"https:\\\/\\\/gambling6.com\\\/da\\\/#website\"},\"primaryImageOfPage\":{\"@id\":\"https:\\\/\\\/gambling6.com\\\/da\\\/kasino\\\/hvor-finder-man-spilleautomater-af-hoj-kvalitet-online\\\/#primaryimage\"},\"image\":{\"@id\":\"https:\\\/\\\/gambling6.com\\\/da\\\/kasino\\\/hvor-finder-man-spilleautomater-af-hoj-kvalitet-online\\\/#primaryimage\"},\"thumbnailUrl\":\"https:\\\/\\\/gambling6.com\\\/wp-content\\\/uploads\\\/2013\\\/12\\\/mobile-gambling-150x150.jpg\",\"datePublished\":\"2025-11-08T11:51:08+00:00\",\"description\":\"Spil de bedste spilleautomater og spilleautomater p\u00e5 internettet. Find spilleautomater i topkvalitet online her!\",\"breadcrumb\":{\"@id\":\"https:\\\/\\\/gambling6.com\\\/da\\\/kasino\\\/hvor-finder-man-spilleautomater-af-hoj-kvalitet-online\\\/#breadcrumb\"},\"inLanguage\":\"da-DK\",\"potentialAction\":[{\"@type\":\"ReadAction\",\"target\":[\"https:\\\/\\\/gambling6.com\\\/da\\\/kasino\\\/hvor-finder-man-spilleautomater-af-hoj-kvalitet-online\\\/\"]}]},{\"@type\":\"ImageObject\",\"inLanguage\":\"da-DK\",\"@id\":\"https:\\\/\\\/gambling6.com\\\/da\\\/kasino\\\/hvor-finder-man-spilleautomater-af-hoj-kvalitet-online\\\/#primaryimage\",\"url\":\"https:\\\/\\\/gambling6.com\\\/wp-content\\\/uploads\\\/2013\\\/12\\\/mobile-gambling-150x150.jpg\",\"contentUrl\":\"https:\\\/\\\/gambling6.com\\\/wp-content\\\/uploads\\\/2013\\\/12\\\/mobile-gambling-150x150.jpg\"},{\"@type\":\"BreadcrumbList\",\"@id\":\"https:\\\/\\\/gambling6.com\\\/da\\\/kasino\\\/hvor-finder-man-spilleautomater-af-hoj-kvalitet-online\\\/#breadcrumb\",\"itemListElement\":[{\"@type\":\"ListItem\",\"position\":1,\"name\":\"Home\",\"item\":\"https:\\\/\\\/gambling6.com\\\/da\\\/home\\\/\"},{\"@type\":\"ListItem\",\"position\":2,\"name\":\"Kasino\",\"item\":\"https:\\\/\\\/gambling6.com\\\/da\\\/kasino\\\/\"},{\"@type\":\"ListItem\",\"position\":3,\"name\":\"Hvor finder man spilleautomater af h\u00f8j kvalitet online\"}]},{\"@type\":\"WebSite\",\"@id\":\"https:\\\/\\\/gambling6.com\\\/da\\\/#website\",\"url\":\"https:\\\/\\\/gambling6.com\\\/da\\\/\",\"name\":\"Gambling6\",\"description\":\"\",\"potentialAction\":[{\"@type\":\"SearchAction\",\"target\":{\"@type\":\"EntryPoint\",\"urlTemplate\":\"https:\\\/\\\/gambling6.com\\\/da\\\/?s={search_term_string}\"},\"query-input\":{\"@type\":\"PropertyValueSpecification\",\"valueRequired\":true,\"valueName\":\"search_term_string\"}}],\"inLanguage\":\"da-DK\"}]}<\/script>\n<!-- \/ Yoast SEO plugin. -->","yoast_head_json":{"title":"Online spilleautomater af h\u00f8j kvalitet","description":"Spil de bedste spilleautomater og spilleautomater p\u00e5 internettet. Find spilleautomater i topkvalitet online her!","robots":{"index":"index","follow":"follow","max-snippet":"max-snippet:-1","max-image-preview":"max-image-preview:large","max-video-preview":"max-video-preview:-1"},"canonical":"https:\/\/gambling6.com\/da\/kasino\/hvor-finder-man-spilleautomater-af-hoj-kvalitet-online\/","og_locale":"da_DK","og_type":"article","og_title":"Online spilleautomater af h\u00f8j kvalitet","og_description":"Spil de bedste spilleautomater og spilleautomater p\u00e5 internettet. Find spilleautomater i topkvalitet online her!","og_url":"https:\/\/gambling6.com\/da\/kasino\/hvor-finder-man-spilleautomater-af-hoj-kvalitet-online\/","og_site_name":"Gambling6","og_image":[{"width":150,"height":150,"url":"https:\/\/gambling6.com\/wp-content\/uploads\/2013\/12\/mobile-gambling-150x150.jpg","type":"image\/jpeg"}],"twitter_card":"summary_large_image","twitter_misc":{"Estimeret l\u00e6setid":"3 minutter"},"schema":{"@context":"https:\/\/schema.org","@graph":[{"@type":"WebPage","@id":"https:\/\/gambling6.com\/da\/kasino\/hvor-finder-man-spilleautomater-af-hoj-kvalitet-online\/","url":"https:\/\/gambling6.com\/da\/kasino\/hvor-finder-man-spilleautomater-af-hoj-kvalitet-online\/","name":"Online spilleautomater af h\u00f8j kvalitet","isPartOf":{"@id":"https:\/\/gambling6.com\/da\/#website"},"primaryImageOfPage":{"@id":"https:\/\/gambling6.com\/da\/kasino\/hvor-finder-man-spilleautomater-af-hoj-kvalitet-online\/#primaryimage"},"image":{"@id":"https:\/\/gambling6.com\/da\/kasino\/hvor-finder-man-spilleautomater-af-hoj-kvalitet-online\/#primaryimage"},"thumbnailUrl":"https:\/\/gambling6.com\/wp-content\/uploads\/2013\/12\/mobile-gambling-150x150.jpg","datePublished":"2025-11-08T11:51:08+00:00","description":"Spil de bedste spilleautomater og spilleautomater p\u00e5 internettet. Find spilleautomater i topkvalitet online her!","breadcrumb":{"@id":"https:\/\/gambling6.com\/da\/kasino\/hvor-finder-man-spilleautomater-af-hoj-kvalitet-online\/#breadcrumb"},"inLanguage":"da-DK","potentialAction":[{"@type":"ReadAction","target":["https:\/\/gambling6.com\/da\/kasino\/hvor-finder-man-spilleautomater-af-hoj-kvalitet-online\/"]}]},{"@type":"ImageObject","inLanguage":"da-DK","@id":"https:\/\/gambling6.com\/da\/kasino\/hvor-finder-man-spilleautomater-af-hoj-kvalitet-online\/#primaryimage","url":"https:\/\/gambling6.com\/wp-content\/uploads\/2013\/12\/mobile-gambling-150x150.jpg","contentUrl":"https:\/\/gambling6.com\/wp-content\/uploads\/2013\/12\/mobile-gambling-150x150.jpg"},{"@type":"BreadcrumbList","@id":"https:\/\/gambling6.com\/da\/kasino\/hvor-finder-man-spilleautomater-af-hoj-kvalitet-online\/#breadcrumb","itemListElement":[{"@type":"ListItem","position":1,"name":"Home","item":"https:\/\/gambling6.com\/da\/home\/"},{"@type":"ListItem","position":2,"name":"Kasino","item":"https:\/\/gambling6.com\/da\/kasino\/"},{"@type":"ListItem","position":3,"name":"Hvor finder man spilleautomater af h\u00f8j kvalitet online"}]},{"@type":"WebSite","@id":"https:\/\/gambling6.com\/da\/#website","url":"https:\/\/gambling6.com\/da\/","name":"Gambling6","description":"","potentialAction":[{"@type":"SearchAction","target":{"@type":"EntryPoint","urlTemplate":"https:\/\/gambling6.com\/da\/?s={search_term_string}"},"query-input":{"@type":"PropertyValueSpecification","valueRequired":true,"valueName":"search_term_string"}}],"inLanguage":"da-DK"}]}},"_links":{"self":[{"href":"https:\/\/gambling6.com\/da\/wp-json\/wp\/v2\/pages\/8956","targetHints":{"allow":["GET"]}}],"collection":[{"href":"https:\/\/gambling6.com\/da\/wp-json\/wp\/v2\/pages"}],"about":[{"href":"https:\/\/gambling6.com\/da\/wp-json\/wp\/v2\/types\/page"}],"author":[{"embeddable":true,"href":"https:\/\/gambling6.com\/da\/wp-json\/wp\/v2\/users\/1"}],"replies":[{"embeddable":true,"href":"https:\/\/gambling6.com\/da\/wp-json\/wp\/v2\/comments?post=8956"}],"version-history":[{"count":0,"href":"https:\/\/gambling6.com\/da\/wp-json\/wp\/v2\/pages\/8956\/revisions"}],"up":[{"embeddable":true,"href":"https:\/\/gambling6.com\/da\/wp-json\/wp\/v2\/pages\/8281"}],"wp:attachment":[{"href":"https:\/\/gambling6.com\/da\/wp-json\/wp\/v2\/media?parent=8956"}],"curies":[{"name":"wp","href":"https:\/\/api.w.org\/{rel}","templated":true}]}}