{"id":8983,"date":"2025-11-08T12:38:55","date_gmt":"2025-11-08T12:38:55","guid":{"rendered":"https:\/\/gambling6.com\/kasino\/nogle-casinospil-er-faktisk-gratis\/"},"modified":"2025-11-12T17:11:14","modified_gmt":"2025-11-12T17:11:14","slug":"nogle-casinospil-er-faktisk-gratis","status":"publish","type":"page","link":"https:\/\/gambling6.com\/da\/kasino\/nogle-casinospil-er-faktisk-gratis\/","title":{"rendered":"Nogle casinospil er faktisk gratis!"},"content":{"rendered":"<h2>Hvorfor casinoer tilbyder gratis spil<\/h2>\n<p>Med internetteknologiens fremkomst er st\u00f8rstedelen af \u200b\u200b<a href=\"http:\/\/gambling6.com\/wp-content\/uploads\/2013\/12\/img_116.png\"><img loading=\"lazy\" decoding=\"async\" class=\"alignright size-full wp-image-638 alignleft size-full wp-image-238\" style=\"margin: 5px; float: left;\" src=\"http:\/\/gambling6.com\/wp-content\/uploads\/2013\/12\/img_116.png\" alt=\"gratis casinospil\" width=\"219\" height=\"151\" \/><\/a>casinofans begyndt at spille casinospil hjemmefra. Online casinoer tilbyder flere fordele end landbaserede casinoer. At spille spil online giver ikke kun bekvemmelighed, men lader dig ogs\u00e5 spille dine yndlingsspil uden at risikere dine penge. Online casinoer st\u00e5r over for h\u00e5rd konkurrence, s\u00e5 de tilbyder gratis spil for at opmuntre nye spillere til at blive medlemmer. Du kan spille disse gratis spil, indtil du finpudser dine f\u00e6rdigheder og bliver ekspert.<\/p>\n<h2>Hvad du kan forvente, n\u00e5r du v\u00e6lger casinoer, der tilbyder gratis spil<\/h2>\n<p>Det vigtigste, du skal g\u00f8re for at spille gratis casinospil, er at s\u00f8ge efter en god hjemmeside, der tilbyder et bredt udvalg af gratis spil. S\u00f8rg for, at hjemmesiden er p\u00e5lidelig og velrenommeret. Dit online spilleeventyr begynder med at \u00e5bne en konto. Online casinoer kr\u00e6ver, at du giver personlige oplysninger s\u00e5som dit navn, alder, adresse og e-mailadresse. De bedste casinoer fors\u00f8ger at tilbyde et sikkert og behageligt milj\u00f8, hvor du kan nyde at spille dine yndlingsspil i timevis. N\u00e5r du har registreret din konto p\u00e5 hjemmesiden, kan du v\u00e6lge mellem sjov og rigtige penge. Du kan v\u00e6lge sjov eller gratis penge for at pr\u00f8ve forskellige spil uden at bruge penge fra din tegnebog.<\/p>\n<h2>Er der nogen risiko ved at spille gratis spil?<\/h2>\n<p>Der er ingen risiko ved at spille gratis casinospil, hvis du er omhyggelig med at v\u00e6lge en trov\u00e6rdig hjemmeside. Casinoerne tager alle de n\u00f8dvendige skridt for at tilbyde dig en dejlig spiloplevelse, s\u00e5 du kan blive en rigtig spiller af spillet.<\/p>\n<p>Hvis du gerne vil pr\u00f8ve casinospil gratis, mens du spiller med rigtige penge, har vi en fremragende anbefaling til dig. 888 Casino giver dig \u20ac20 at spille med, uden at du selv beh\u00f8ver at indbetale. Og hvis du beslutter dig for at indbetale yderligere penge senere, f\u00e5r du stadig en bonus p\u00e5 op til \u20ac1500 p\u00e5 din f\u00f8rste indbetaling.<\/p>\n<p><a href=\"https:\/\/ic.aff-handler.com\/C\/45871?sr=1064399&amp;anid=\" rel=\"nofollow\"><img loading=\"lazy\" decoding=\"async\" class=\"aligncenter\" src=\"https:\/\/ic.aff-handler.com\/I\/45871?sr=1064399&amp;anid=\" width=\"594\" height=\"77\" \/><\/a><br \/>\n<strong>Er der nogen begr\u00e6nsninger?<\/strong><\/p>\n<p>Online casinoer tillader dig normalt at spille spil et bestemt antal gange og i en bestemt periode. Der kan v\u00e6re nogle begr\u00e6nsninger for at spille gratis spil. Casinoerne tillader dig muligvis ikke at spille alle spillene p\u00e5 deres hjemmeside gratis. De fleste casinoer kr\u00e6ver, at du placerer din indsats et bestemt antal gange, f\u00f8r du kan h\u00e6ve de penge, du har vundet.<\/p>\n<h2>Hvor finder man gratis casinospil<\/h2>\n<p>Mange hjemmesider lader dig spille gratis <strong>casino<\/strong>-spil. Det bedste sted at spille gratis spil er et websted, der ikke kr\u00e6ver, at du downloader nogen software. Det giver dig mulighed for at spille spil med det samme ved at klikke p\u00e5 dit yndlingsspil. Du kan tjekke, om siden tilbyder en bred vifte af gratis spil, s\u00e5som gratis bordspil, spilleautomater, bingo, videopoker og andre spil, s\u00e5 du ikke keder dig lige forel\u00f8big.<\/p>\n<p>Gratis **casino**-spil giver dig mulighed for at teste ethvert nyt program, enhver teknik eller enhver strategi og bekr\u00e6fte, om det vil fungere for dig i et rigtigt online spilmilj\u00f8. Da du ikke taber penge, vil du ikke f\u00f8le noget pres, mens du spiller.<\/p>\n","protected":false},"excerpt":{"rendered":"<p>Hvorfor casinoer tilbyder gratis spil Med internetteknologiens fremkomst er st\u00f8rstedelen af \u200b\u200bcasinofans begyndt at spille casinospil hjemmefra. Online casinoer tilbyder flere fordele end landbaserede casinoer. At spille spil online giver ikke kun bekvemmelighed, men lader dig ogs\u00e5 spille dine yndlingsspil uden at risikere dine penge. Online casinoer st\u00e5r over for h\u00e5rd konkurrence, s\u00e5 de tilbyder [&hellip;]<\/p>\n","protected":false},"author":1,"featured_media":8984,"parent":8281,"menu_order":53,"comment_status":"closed","ping_status":"closed","template":"","meta":{"footnotes":""},"class_list":["post-8983","page","type-page","status-publish","has-post-thumbnail","hentry"],"yoast_head":"<!-- This site is optimized with the Yoast SEO plugin v27.4 - https:\/\/yoast.com\/product\/yoast-seo-wordpress\/ -->\n<title>Spil online casinospil gratis<\/title>\n<meta name=\"description\" content=\"Det er rigtig sjovt at spille gratis casinospil. Det er en god id\u00e9 at kende nogle vigtige ting om gratis casinospil.\" \/>\n<meta name=\"robots\" content=\"index, follow, max-snippet:-1, max-image-preview:large, max-video-preview:-1\" \/>\n<link rel=\"canonical\" href=\"https:\/\/gambling6.com\/da\/kasino\/nogle-casinospil-er-faktisk-gratis\/\" \/>\n<meta property=\"og:locale\" content=\"da_DK\" \/>\n<meta property=\"og:type\" content=\"article\" \/>\n<meta property=\"og:title\" content=\"Spil online casinospil gratis\" \/>\n<meta property=\"og:description\" content=\"Det er rigtig sjovt at spille gratis casinospil. Det er en god id\u00e9 at kende nogle vigtige ting om gratis casinospil.\" \/>\n<meta property=\"og:url\" content=\"https:\/\/gambling6.com\/da\/kasino\/nogle-casinospil-er-faktisk-gratis\/\" \/>\n<meta property=\"og:site_name\" content=\"Gambling6\" \/>\n<meta property=\"article:modified_time\" content=\"2025-11-12T17:11:14+00:00\" \/>\n<meta property=\"og:image\" content=\"https:\/\/gambling6.com\/wp-content\/uploads\/2013\/12\/img_116.png\" \/>\n\t<meta property=\"og:image:width\" content=\"270\" \/>\n\t<meta property=\"og:image:height\" content=\"186\" \/>\n\t<meta property=\"og:image:type\" content=\"image\/png\" \/>\n<meta name=\"twitter:card\" content=\"summary_large_image\" \/>\n<meta name=\"twitter:label1\" content=\"Estimeret l\u00e6setid\" \/>\n\t<meta name=\"twitter:data1\" content=\"3 minutter\" \/>\n<script type=\"application\/ld+json\" class=\"yoast-schema-graph\">{\"@context\":\"https:\\\/\\\/schema.org\",\"@graph\":[{\"@type\":\"WebPage\",\"@id\":\"https:\\\/\\\/gambling6.com\\\/da\\\/kasino\\\/nogle-casinospil-er-faktisk-gratis\\\/\",\"url\":\"https:\\\/\\\/gambling6.com\\\/da\\\/kasino\\\/nogle-casinospil-er-faktisk-gratis\\\/\",\"name\":\"Spil online casinospil gratis\",\"isPartOf\":{\"@id\":\"https:\\\/\\\/gambling6.com\\\/da\\\/#website\"},\"primaryImageOfPage\":{\"@id\":\"https:\\\/\\\/gambling6.com\\\/da\\\/kasino\\\/nogle-casinospil-er-faktisk-gratis\\\/#primaryimage\"},\"image\":{\"@id\":\"https:\\\/\\\/gambling6.com\\\/da\\\/kasino\\\/nogle-casinospil-er-faktisk-gratis\\\/#primaryimage\"},\"thumbnailUrl\":\"https:\\\/\\\/gambling6.com\\\/wp-content\\\/uploads\\\/2013\\\/12\\\/img_116.png\",\"datePublished\":\"2025-11-08T12:38:55+00:00\",\"dateModified\":\"2025-11-12T17:11:14+00:00\",\"description\":\"Det er rigtig sjovt at spille gratis casinospil. Det er en god id\u00e9 at kende nogle vigtige ting om gratis casinospil.\",\"breadcrumb\":{\"@id\":\"https:\\\/\\\/gambling6.com\\\/da\\\/kasino\\\/nogle-casinospil-er-faktisk-gratis\\\/#breadcrumb\"},\"inLanguage\":\"da-DK\",\"potentialAction\":[{\"@type\":\"ReadAction\",\"target\":[\"https:\\\/\\\/gambling6.com\\\/da\\\/kasino\\\/nogle-casinospil-er-faktisk-gratis\\\/\"]}]},{\"@type\":\"ImageObject\",\"inLanguage\":\"da-DK\",\"@id\":\"https:\\\/\\\/gambling6.com\\\/da\\\/kasino\\\/nogle-casinospil-er-faktisk-gratis\\\/#primaryimage\",\"url\":\"https:\\\/\\\/gambling6.com\\\/wp-content\\\/uploads\\\/2013\\\/12\\\/img_116.png\",\"contentUrl\":\"https:\\\/\\\/gambling6.com\\\/wp-content\\\/uploads\\\/2013\\\/12\\\/img_116.png\",\"width\":270,\"height\":186,\"caption\":\"fre2 casino games\"},{\"@type\":\"BreadcrumbList\",\"@id\":\"https:\\\/\\\/gambling6.com\\\/da\\\/kasino\\\/nogle-casinospil-er-faktisk-gratis\\\/#breadcrumb\",\"itemListElement\":[{\"@type\":\"ListItem\",\"position\":1,\"name\":\"Home\",\"item\":\"https:\\\/\\\/gambling6.com\\\/da\\\/home\\\/\"},{\"@type\":\"ListItem\",\"position\":2,\"name\":\"Kasino\",\"item\":\"https:\\\/\\\/gambling6.com\\\/da\\\/kasino\\\/\"},{\"@type\":\"ListItem\",\"position\":3,\"name\":\"Nogle casinospil er faktisk gratis!\"}]},{\"@type\":\"WebSite\",\"@id\":\"https:\\\/\\\/gambling6.com\\\/da\\\/#website\",\"url\":\"https:\\\/\\\/gambling6.com\\\/da\\\/\",\"name\":\"Gambling6\",\"description\":\"\",\"potentialAction\":[{\"@type\":\"SearchAction\",\"target\":{\"@type\":\"EntryPoint\",\"urlTemplate\":\"https:\\\/\\\/gambling6.com\\\/da\\\/?s={search_term_string}\"},\"query-input\":{\"@type\":\"PropertyValueSpecification\",\"valueRequired\":true,\"valueName\":\"search_term_string\"}}],\"inLanguage\":\"da-DK\"}]}<\/script>\n<!-- \/ Yoast SEO plugin. -->","yoast_head_json":{"title":"Spil online casinospil gratis","description":"Det er rigtig sjovt at spille gratis casinospil. Det er en god id\u00e9 at kende nogle vigtige ting om gratis casinospil.","robots":{"index":"index","follow":"follow","max-snippet":"max-snippet:-1","max-image-preview":"max-image-preview:large","max-video-preview":"max-video-preview:-1"},"canonical":"https:\/\/gambling6.com\/da\/kasino\/nogle-casinospil-er-faktisk-gratis\/","og_locale":"da_DK","og_type":"article","og_title":"Spil online casinospil gratis","og_description":"Det er rigtig sjovt at spille gratis casinospil. Det er en god id\u00e9 at kende nogle vigtige ting om gratis casinospil.","og_url":"https:\/\/gambling6.com\/da\/kasino\/nogle-casinospil-er-faktisk-gratis\/","og_site_name":"Gambling6","article_modified_time":"2025-11-12T17:11:14+00:00","og_image":[{"width":270,"height":186,"url":"https:\/\/gambling6.com\/wp-content\/uploads\/2013\/12\/img_116.png","type":"image\/png"}],"twitter_card":"summary_large_image","twitter_misc":{"Estimeret l\u00e6setid":"3 minutter"},"schema":{"@context":"https:\/\/schema.org","@graph":[{"@type":"WebPage","@id":"https:\/\/gambling6.com\/da\/kasino\/nogle-casinospil-er-faktisk-gratis\/","url":"https:\/\/gambling6.com\/da\/kasino\/nogle-casinospil-er-faktisk-gratis\/","name":"Spil online casinospil gratis","isPartOf":{"@id":"https:\/\/gambling6.com\/da\/#website"},"primaryImageOfPage":{"@id":"https:\/\/gambling6.com\/da\/kasino\/nogle-casinospil-er-faktisk-gratis\/#primaryimage"},"image":{"@id":"https:\/\/gambling6.com\/da\/kasino\/nogle-casinospil-er-faktisk-gratis\/#primaryimage"},"thumbnailUrl":"https:\/\/gambling6.com\/wp-content\/uploads\/2013\/12\/img_116.png","datePublished":"2025-11-08T12:38:55+00:00","dateModified":"2025-11-12T17:11:14+00:00","description":"Det er rigtig sjovt at spille gratis casinospil. Det er en god id\u00e9 at kende nogle vigtige ting om gratis casinospil.","breadcrumb":{"@id":"https:\/\/gambling6.com\/da\/kasino\/nogle-casinospil-er-faktisk-gratis\/#breadcrumb"},"inLanguage":"da-DK","potentialAction":[{"@type":"ReadAction","target":["https:\/\/gambling6.com\/da\/kasino\/nogle-casinospil-er-faktisk-gratis\/"]}]},{"@type":"ImageObject","inLanguage":"da-DK","@id":"https:\/\/gambling6.com\/da\/kasino\/nogle-casinospil-er-faktisk-gratis\/#primaryimage","url":"https:\/\/gambling6.com\/wp-content\/uploads\/2013\/12\/img_116.png","contentUrl":"https:\/\/gambling6.com\/wp-content\/uploads\/2013\/12\/img_116.png","width":270,"height":186,"caption":"fre2 casino games"},{"@type":"BreadcrumbList","@id":"https:\/\/gambling6.com\/da\/kasino\/nogle-casinospil-er-faktisk-gratis\/#breadcrumb","itemListElement":[{"@type":"ListItem","position":1,"name":"Home","item":"https:\/\/gambling6.com\/da\/home\/"},{"@type":"ListItem","position":2,"name":"Kasino","item":"https:\/\/gambling6.com\/da\/kasino\/"},{"@type":"ListItem","position":3,"name":"Nogle casinospil er faktisk gratis!"}]},{"@type":"WebSite","@id":"https:\/\/gambling6.com\/da\/#website","url":"https:\/\/gambling6.com\/da\/","name":"Gambling6","description":"","potentialAction":[{"@type":"SearchAction","target":{"@type":"EntryPoint","urlTemplate":"https:\/\/gambling6.com\/da\/?s={search_term_string}"},"query-input":{"@type":"PropertyValueSpecification","valueRequired":true,"valueName":"search_term_string"}}],"inLanguage":"da-DK"}]}},"_links":{"self":[{"href":"https:\/\/gambling6.com\/da\/wp-json\/wp\/v2\/pages\/8983","targetHints":{"allow":["GET"]}}],"collection":[{"href":"https:\/\/gambling6.com\/da\/wp-json\/wp\/v2\/pages"}],"about":[{"href":"https:\/\/gambling6.com\/da\/wp-json\/wp\/v2\/types\/page"}],"author":[{"embeddable":true,"href":"https:\/\/gambling6.com\/da\/wp-json\/wp\/v2\/users\/1"}],"replies":[{"embeddable":true,"href":"https:\/\/gambling6.com\/da\/wp-json\/wp\/v2\/comments?post=8983"}],"version-history":[{"count":1,"href":"https:\/\/gambling6.com\/da\/wp-json\/wp\/v2\/pages\/8983\/revisions"}],"predecessor-version":[{"id":10699,"href":"https:\/\/gambling6.com\/da\/wp-json\/wp\/v2\/pages\/8983\/revisions\/10699"}],"up":[{"embeddable":true,"href":"https:\/\/gambling6.com\/da\/wp-json\/wp\/v2\/pages\/8281"}],"wp:featuredmedia":[{"embeddable":true,"href":"https:\/\/gambling6.com\/da\/wp-json\/wp\/v2\/media\/8984"}],"wp:attachment":[{"href":"https:\/\/gambling6.com\/da\/wp-json\/wp\/v2\/media?parent=8983"}],"curies":[{"name":"wp","href":"https:\/\/api.w.org\/{rel}","templated":true}]}}