{"id":9026,"date":"2025-11-08T13:28:02","date_gmt":"2025-11-08T13:28:02","guid":{"rendered":"https:\/\/gambling6.com\/kasino\/online-kontantcasinoer-forsta-det-med-smat\/"},"modified":"2025-11-12T17:27:44","modified_gmt":"2025-11-12T17:27:44","slug":"online-kontantcasinoer-forsta-det-med-smat","status":"publish","type":"page","link":"https:\/\/gambling6.com\/da\/kasino\/online-kontantcasinoer-forsta-det-med-smat\/","title":{"rendered":"Online kontantcasinoer: Forst\u00e5 det med sm\u00e5t"},"content":{"rendered":"<h2>Kontrol af online casinoers vilk\u00e5r og betingelser<\/h2>\n<p><img loading=\"lazy\" decoding=\"async\" class=\"alignright size-full wp-image-62 alignleft size-full wp-image-64\" style=\"margin: 5px; float: left;\" title=\"casino fine print\" src=\"http:\/\/gambling6.com\/wp-content\/uploads\/2013\/12\/casino-fine-print.jpg\" alt=\"Kasinoens vilk\u00e5r og betingelser\" width=\"168\" height=\"147\" \/><span style=\"box-sizing: border-box; margin: 0px; padding: 0px;\">N\u00e5r du tilmelder dig et <strong>online cash casino<\/strong>, skal du acceptere brugeraftalen, som indeholder online casinoets vilk\u00e5r og betingelser, som du skal f\u00f8lge.<\/span> Nogle af disse betingelser vedr\u00f8rer casinoets bankprocesser, mens andre kan vedr\u00f8re indsatser, spil og bonusser.<\/p>\n<p>Det er vigtigt at forst\u00e5 og forst\u00e5 virkningen af \u200b\u200bdisse vilk\u00e5r og betingelser grundigt, f\u00f8r du accepterer dem. Overf\u00f8rsel af penge til og fra casinoet er m\u00e5ske den mest kritiske funktion, der p\u00e5virker spilleren. Derfor er det vigtigt at v\u00e6re opm\u00e6rksom p\u00e5, hvad du pr\u00e6cist g\u00e5r ind til, n\u00e5r du accepterer casinoets vilk\u00e5r. I denne artikel sigter vi mod at forenkle det juridiske sprog for at forklare, hvad disse betingelser indeb\u00e6rer. Spilleren skal acceptere visse forpligtelser, n\u00e5r de accepterer brugeraftalen. Han skal ogs\u00e5 give visse garantier.<\/p>\n<p>Generelt kan det siges, at nogle online casinoer inkluderer afsnit i deres sm\u00e5tryk, der kan have meget negative konsekvenser for spillere. De er afh\u00e6ngige af, at ingen ville l\u00e6se alt det sm\u00e5tryk. Derfor foresl\u00e5r vi, at du holder dig til casinoer, der er reguleret, har et godt omd\u00f8mme og dermed rimelige vilk\u00e5r og betingelser.<\/p>\n<p>BetOnline Casino er et af disse casinoer. Deres sm\u00e5tryk indeholder ingen overraskelser. De afspejler, at ind- og udbetalingsprocessen p\u00e5 grund af de seneste amerikanske regler ikke l\u00e6ngere er s\u00e5 ligetil, som den plejede at v\u00e6re. Men under omst\u00e6ndighederne er deres vilk\u00e5r stadig rimelige.<\/p>\n<p><a class=\"thirstylink\" title=\"Betonline casino da\" href=\"https:\/\/gambling6.com\/go\/betonline-casino-da\/\" target=\"_blank\" rel=\"nofollow noopener\"><img loading=\"lazy\" decoding=\"async\" class=\"wp-image-7875 aligncenter\" src=\"https:\/\/gambling6.com\/wp-content\/uploads\/2025\/10\/BOL_AQC_banner_468x60_FS1_casino-300x38.gif\" alt=\"BetOnline casino\" width=\"498\" height=\"63\" \/><\/a><\/p>\n<h2>Hvad casinoets sm\u00e5tryk typisk kr\u00e6ver, at spilleren g\u00f8r<\/h2>\n<p>Casioenet forventer ogs\u00e5 bekr\u00e6ftelse fra spilleren p\u00e5, at han er den retm\u00e6ssige ejer af de midler, der bruges til v\u00e6ddem\u00e5l. Med andre ord kan han ikke bruge et kreditkort, der ikke tilh\u00f8rer ham, til at inds\u00e6tte penge p\u00e5 sin konto. Hans kreditkort vil ogs\u00e5 blive verificeret, f\u00f8r der kan foretages udbetalinger. Ligeledes kan han ikke bruge andre betalingsmuligheder, der ikke er i hans navn.<\/p>\n<p>Overtr\u00e6delser af aftalen, uanset om de er relateret til bankprocesser eller v\u00e6ddem\u00e5l, vil f\u00f8rst p\u00e5virke spillerens konto. Hvis kontoen suspenderes, kan kontantcasinoet tilbageholde de omstridte midler; i de fleste tilf\u00e6lde vil det tilbageholde alle midler, inklusive bonusser, indbetalinger og refusioner, uden at skelne. Dette er i overensstemmelse med de vilk\u00e5r, du har aftalt.<\/p>\n<p>Hvis spilleren skylder penge til casinoet, kan casinoet g\u00f8re alt for at inddrive bel\u00f8bet, herunder at engagere inkassobureauer. Nogle online casinoer har strenge politikker vedr\u00f8rende inaktive konti. En af mine venner l\u00e6rte dette p\u00e5 den h\u00e5rde m\u00e5de. Han havde registreret sig p\u00e5 et online casino og spillet der i et stykke tid og vundet en p\u00e6n sum. Han skiftede til et andet casino og planlagde at vende tilbage til det f\u00f8rste efter kort tid. Da han tjekkede sin konto n\u00e6ste gang, fandt han ingen saldo. Da han kontaktede kundeservice, fik han at vide, at hans penge var blevet fortabt, fordi han ikke havde spillet p\u00e5 casinoet i mere end 6 m\u00e5neder. Dette er selvf\u00f8lgelig noget us\u00e6dvanligt, og selvom det skete for dig, kan du l\u00f8se problemet med en kort e-mail til kundeservice.<\/p>\n<h2>Ting at v\u00e6re opm\u00e6rksom p\u00e5<\/h2>\n<p>Hvis du beslutter dig for at stoppe med at spille p\u00e5 dit online casino, skal du dog s\u00f8rge for at h\u00e6ve alle pengene p\u00e5 din casinokonto, uanset hvor kort pausen bliver. Tjek, om der vil blive fratrukket gebyrer for udbetalinger. Hvis der er et fast gebyr for udbetalinger, kan du h\u00e6ve alle dine penge p\u00e5 \u00e9n gang i stedet for at foretage flere udbetalinger. Udbetal ikke penge, hvis du planl\u00e6gger at indbetale igen kort tid senere &#8211; du vil miste penge, hvis du g\u00f8r det. <strong>Sammenlign de forskellige pengebehandlingsmuligheder, der er tilg\u00e6ngelige for dig &#8211; nogle har lavere gebyrer, andre med h\u00f8jere!<\/strong><\/p>\n<p>Der er andre vilk\u00e5r og betingelser vedr\u00f8rende bonusser og casinokampagnetilbud. Generelt er disse berettigelsesbetingelser og oms\u00e6tningskrav, der er n\u00f8dvendige for at frigive casinobonussen. Det er god praksis at l\u00e6se og forst\u00e5 disse krav, f\u00f8r du accepterer casinobonustilbud. Ligeledes skal spillere, f\u00f8r de tilmelder sig et online casino, l\u00e6se vilk\u00e5rene og betingelserne og forst\u00e5 det med sm\u00e5t samt ofte stillede sp\u00f8rgsm\u00e5l om casinoer med rigtige penge, for at undg\u00e5 un\u00f8dvendige problemer senere hen. Normalt har online casinoer en hel side dedikeret til slutbrugeraftalerne, og duDin f\u00f8rste opgave b\u00f8r v\u00e6re at l\u00e6se dem omhyggeligt, f\u00f8r du beslutter dig for at blive medlem af casinoet.<\/p>\n","protected":false},"excerpt":{"rendered":"<p>Kontrol af online casinoers vilk\u00e5r og betingelser N\u00e5r du tilmelder dig et online cash casino, skal du acceptere brugeraftalen, som indeholder online casinoets vilk\u00e5r og betingelser, som du skal f\u00f8lge. Nogle af disse betingelser vedr\u00f8rer casinoets bankprocesser, mens andre kan vedr\u00f8re indsatser, spil og bonusser. Det er vigtigt at forst\u00e5 og forst\u00e5 virkningen af \u200b\u200bdisse [&hellip;]<\/p>\n","protected":false},"author":1,"featured_media":9027,"parent":8281,"menu_order":68,"comment_status":"closed","ping_status":"closed","template":"","meta":{"footnotes":""},"class_list":["post-9026","page","type-page","status-publish","has-post-thumbnail","hentry"],"yoast_head":"<!-- This site is optimized with the Yoast SEO plugin v27.3 - https:\/\/yoast.com\/product\/yoast-seo-wordpress\/ -->\n<title>casino med sm\u00e5t, vilk\u00e5r, betingelser, normal, online, forsigtig<\/title>\n<meta name=\"description\" content=\"Vilk\u00e5r og betingelser for online casinoer med sm\u00e5t - hvad man kan forvente, og hvad man ikke kan forvente\" \/>\n<meta name=\"robots\" content=\"index, follow, max-snippet:-1, max-image-preview:large, max-video-preview:-1\" \/>\n<link rel=\"canonical\" href=\"https:\/\/gambling6.com\/da\/kasino\/online-kontantcasinoer-forsta-det-med-smat\/\" \/>\n<meta property=\"og:locale\" content=\"da_DK\" \/>\n<meta property=\"og:type\" content=\"article\" \/>\n<meta property=\"og:title\" content=\"casino med sm\u00e5t, vilk\u00e5r, betingelser, normal, online, forsigtig\" \/>\n<meta property=\"og:description\" content=\"Vilk\u00e5r og betingelser for online casinoer med sm\u00e5t - hvad man kan forvente, og hvad man ikke kan forvente\" \/>\n<meta property=\"og:url\" content=\"https:\/\/gambling6.com\/da\/kasino\/online-kontantcasinoer-forsta-det-med-smat\/\" \/>\n<meta property=\"og:site_name\" content=\"Gambling6\" \/>\n<meta property=\"article:modified_time\" content=\"2025-11-12T17:27:44+00:00\" \/>\n<meta property=\"og:image\" content=\"https:\/\/gambling6.com\/wp-content\/uploads\/2013\/12\/casino-fine-print.jpg\" \/>\n\t<meta property=\"og:image:width\" content=\"200\" \/>\n\t<meta property=\"og:image:height\" content=\"175\" \/>\n\t<meta property=\"og:image:type\" content=\"image\/jpeg\" \/>\n<meta name=\"twitter:card\" content=\"summary_large_image\" \/>\n<meta name=\"twitter:label1\" content=\"Estimeret l\u00e6setid\" \/>\n\t<meta name=\"twitter:data1\" content=\"4 minutter\" \/>\n<script type=\"application\/ld+json\" class=\"yoast-schema-graph\">{\"@context\":\"https:\\\/\\\/schema.org\",\"@graph\":[{\"@type\":\"WebPage\",\"@id\":\"https:\\\/\\\/gambling6.com\\\/da\\\/kasino\\\/online-kontantcasinoer-forsta-det-med-smat\\\/\",\"url\":\"https:\\\/\\\/gambling6.com\\\/da\\\/kasino\\\/online-kontantcasinoer-forsta-det-med-smat\\\/\",\"name\":\"casino med sm\u00e5t, vilk\u00e5r, betingelser, normal, online, forsigtig\",\"isPartOf\":{\"@id\":\"https:\\\/\\\/gambling6.com\\\/da\\\/#website\"},\"primaryImageOfPage\":{\"@id\":\"https:\\\/\\\/gambling6.com\\\/da\\\/kasino\\\/online-kontantcasinoer-forsta-det-med-smat\\\/#primaryimage\"},\"image\":{\"@id\":\"https:\\\/\\\/gambling6.com\\\/da\\\/kasino\\\/online-kontantcasinoer-forsta-det-med-smat\\\/#primaryimage\"},\"thumbnailUrl\":\"https:\\\/\\\/gambling6.com\\\/wp-content\\\/uploads\\\/2013\\\/12\\\/casino-fine-print.jpg\",\"datePublished\":\"2025-11-08T13:28:02+00:00\",\"dateModified\":\"2025-11-12T17:27:44+00:00\",\"description\":\"Vilk\u00e5r og betingelser for online casinoer med sm\u00e5t - hvad man kan forvente, og hvad man ikke kan forvente\",\"breadcrumb\":{\"@id\":\"https:\\\/\\\/gambling6.com\\\/da\\\/kasino\\\/online-kontantcasinoer-forsta-det-med-smat\\\/#breadcrumb\"},\"inLanguage\":\"da-DK\",\"potentialAction\":[{\"@type\":\"ReadAction\",\"target\":[\"https:\\\/\\\/gambling6.com\\\/da\\\/kasino\\\/online-kontantcasinoer-forsta-det-med-smat\\\/\"]}]},{\"@type\":\"ImageObject\",\"inLanguage\":\"da-DK\",\"@id\":\"https:\\\/\\\/gambling6.com\\\/da\\\/kasino\\\/online-kontantcasinoer-forsta-det-med-smat\\\/#primaryimage\",\"url\":\"https:\\\/\\\/gambling6.com\\\/wp-content\\\/uploads\\\/2013\\\/12\\\/casino-fine-print.jpg\",\"contentUrl\":\"https:\\\/\\\/gambling6.com\\\/wp-content\\\/uploads\\\/2013\\\/12\\\/casino-fine-print.jpg\",\"width\":200,\"height\":175,\"caption\":\"casino fine print\"},{\"@type\":\"BreadcrumbList\",\"@id\":\"https:\\\/\\\/gambling6.com\\\/da\\\/kasino\\\/online-kontantcasinoer-forsta-det-med-smat\\\/#breadcrumb\",\"itemListElement\":[{\"@type\":\"ListItem\",\"position\":1,\"name\":\"Home\",\"item\":\"https:\\\/\\\/gambling6.com\\\/da\\\/home\\\/\"},{\"@type\":\"ListItem\",\"position\":2,\"name\":\"Kasino\",\"item\":\"https:\\\/\\\/gambling6.com\\\/da\\\/kasino\\\/\"},{\"@type\":\"ListItem\",\"position\":3,\"name\":\"Online kontantcasinoer: Forst\u00e5 det med sm\u00e5t\"}]},{\"@type\":\"WebSite\",\"@id\":\"https:\\\/\\\/gambling6.com\\\/da\\\/#website\",\"url\":\"https:\\\/\\\/gambling6.com\\\/da\\\/\",\"name\":\"Gambling6\",\"description\":\"\",\"potentialAction\":[{\"@type\":\"SearchAction\",\"target\":{\"@type\":\"EntryPoint\",\"urlTemplate\":\"https:\\\/\\\/gambling6.com\\\/da\\\/?s={search_term_string}\"},\"query-input\":{\"@type\":\"PropertyValueSpecification\",\"valueRequired\":true,\"valueName\":\"search_term_string\"}}],\"inLanguage\":\"da-DK\"}]}<\/script>\n<!-- \/ Yoast SEO plugin. -->","yoast_head_json":{"title":"casino med sm\u00e5t, vilk\u00e5r, betingelser, normal, online, forsigtig","description":"Vilk\u00e5r og betingelser for online casinoer med sm\u00e5t - hvad man kan forvente, og hvad man ikke kan forvente","robots":{"index":"index","follow":"follow","max-snippet":"max-snippet:-1","max-image-preview":"max-image-preview:large","max-video-preview":"max-video-preview:-1"},"canonical":"https:\/\/gambling6.com\/da\/kasino\/online-kontantcasinoer-forsta-det-med-smat\/","og_locale":"da_DK","og_type":"article","og_title":"casino med sm\u00e5t, vilk\u00e5r, betingelser, normal, online, forsigtig","og_description":"Vilk\u00e5r og betingelser for online casinoer med sm\u00e5t - hvad man kan forvente, og hvad man ikke kan forvente","og_url":"https:\/\/gambling6.com\/da\/kasino\/online-kontantcasinoer-forsta-det-med-smat\/","og_site_name":"Gambling6","article_modified_time":"2025-11-12T17:27:44+00:00","og_image":[{"width":200,"height":175,"url":"https:\/\/gambling6.com\/wp-content\/uploads\/2013\/12\/casino-fine-print.jpg","type":"image\/jpeg"}],"twitter_card":"summary_large_image","twitter_misc":{"Estimeret l\u00e6setid":"4 minutter"},"schema":{"@context":"https:\/\/schema.org","@graph":[{"@type":"WebPage","@id":"https:\/\/gambling6.com\/da\/kasino\/online-kontantcasinoer-forsta-det-med-smat\/","url":"https:\/\/gambling6.com\/da\/kasino\/online-kontantcasinoer-forsta-det-med-smat\/","name":"casino med sm\u00e5t, vilk\u00e5r, betingelser, normal, online, forsigtig","isPartOf":{"@id":"https:\/\/gambling6.com\/da\/#website"},"primaryImageOfPage":{"@id":"https:\/\/gambling6.com\/da\/kasino\/online-kontantcasinoer-forsta-det-med-smat\/#primaryimage"},"image":{"@id":"https:\/\/gambling6.com\/da\/kasino\/online-kontantcasinoer-forsta-det-med-smat\/#primaryimage"},"thumbnailUrl":"https:\/\/gambling6.com\/wp-content\/uploads\/2013\/12\/casino-fine-print.jpg","datePublished":"2025-11-08T13:28:02+00:00","dateModified":"2025-11-12T17:27:44+00:00","description":"Vilk\u00e5r og betingelser for online casinoer med sm\u00e5t - hvad man kan forvente, og hvad man ikke kan forvente","breadcrumb":{"@id":"https:\/\/gambling6.com\/da\/kasino\/online-kontantcasinoer-forsta-det-med-smat\/#breadcrumb"},"inLanguage":"da-DK","potentialAction":[{"@type":"ReadAction","target":["https:\/\/gambling6.com\/da\/kasino\/online-kontantcasinoer-forsta-det-med-smat\/"]}]},{"@type":"ImageObject","inLanguage":"da-DK","@id":"https:\/\/gambling6.com\/da\/kasino\/online-kontantcasinoer-forsta-det-med-smat\/#primaryimage","url":"https:\/\/gambling6.com\/wp-content\/uploads\/2013\/12\/casino-fine-print.jpg","contentUrl":"https:\/\/gambling6.com\/wp-content\/uploads\/2013\/12\/casino-fine-print.jpg","width":200,"height":175,"caption":"casino fine print"},{"@type":"BreadcrumbList","@id":"https:\/\/gambling6.com\/da\/kasino\/online-kontantcasinoer-forsta-det-med-smat\/#breadcrumb","itemListElement":[{"@type":"ListItem","position":1,"name":"Home","item":"https:\/\/gambling6.com\/da\/home\/"},{"@type":"ListItem","position":2,"name":"Kasino","item":"https:\/\/gambling6.com\/da\/kasino\/"},{"@type":"ListItem","position":3,"name":"Online kontantcasinoer: Forst\u00e5 det med sm\u00e5t"}]},{"@type":"WebSite","@id":"https:\/\/gambling6.com\/da\/#website","url":"https:\/\/gambling6.com\/da\/","name":"Gambling6","description":"","potentialAction":[{"@type":"SearchAction","target":{"@type":"EntryPoint","urlTemplate":"https:\/\/gambling6.com\/da\/?s={search_term_string}"},"query-input":{"@type":"PropertyValueSpecification","valueRequired":true,"valueName":"search_term_string"}}],"inLanguage":"da-DK"}]}},"_links":{"self":[{"href":"https:\/\/gambling6.com\/da\/wp-json\/wp\/v2\/pages\/9026","targetHints":{"allow":["GET"]}}],"collection":[{"href":"https:\/\/gambling6.com\/da\/wp-json\/wp\/v2\/pages"}],"about":[{"href":"https:\/\/gambling6.com\/da\/wp-json\/wp\/v2\/types\/page"}],"author":[{"embeddable":true,"href":"https:\/\/gambling6.com\/da\/wp-json\/wp\/v2\/users\/1"}],"replies":[{"embeddable":true,"href":"https:\/\/gambling6.com\/da\/wp-json\/wp\/v2\/comments?post=9026"}],"version-history":[{"count":1,"href":"https:\/\/gambling6.com\/da\/wp-json\/wp\/v2\/pages\/9026\/revisions"}],"predecessor-version":[{"id":10708,"href":"https:\/\/gambling6.com\/da\/wp-json\/wp\/v2\/pages\/9026\/revisions\/10708"}],"up":[{"embeddable":true,"href":"https:\/\/gambling6.com\/da\/wp-json\/wp\/v2\/pages\/8281"}],"wp:featuredmedia":[{"embeddable":true,"href":"https:\/\/gambling6.com\/da\/wp-json\/wp\/v2\/media\/9027"}],"wp:attachment":[{"href":"https:\/\/gambling6.com\/da\/wp-json\/wp\/v2\/media?parent=9026"}],"curies":[{"name":"wp","href":"https:\/\/api.w.org\/{rel}","templated":true}]}}