{"id":9070,"date":"2025-11-08T14:21:36","date_gmt":"2025-11-08T14:21:36","guid":{"rendered":"https:\/\/gambling6.com\/tipy-pro-sportovni-sazeni-vas-pruvodce-online-sazenim\/"},"modified":"2025-11-12T19:16:00","modified_gmt":"2025-11-12T19:16:00","slug":"tipy-pro-sportovni-sazeni-vas-pruvodce-online-sazenim","status":"publish","type":"page","link":"https:\/\/gambling6.com\/da\/sportsbetting\/tipy-pro-sportovni-sazeni-vas-pruvodce-online-sazenim\/","title":{"rendered":"Tips til sportsv\u00e6ddem\u00e5l &#8211; Din guide til online v\u00e6ddem\u00e5l"},"content":{"rendered":"<h2>En komplet guide til online betting-verdenen!<\/h2>\n<p>Lige siden menneskehedens morgen har gambling v\u00e6ret en del af vores natur. Da internettet kom lige om hj\u00f8rnet, var det kun naturligt, at gambling-sider dukkede op. Da de f\u00f8rst gjorde det, n\u00f8d de enorm succes, og online gambling er nu en af \u200b\u200bde mest popul\u00e6re aktiviteter i verden.<\/p>\n<p>Antag, at du vil begynde at spille et online gamblingspil. I s\u00e5 fald skal du vide, at det kun tager et par minutter at oprette en konto hos en af \u200b\u200bde store online gambling-websteder, hvorefter du frit kan spille hvad som helst, fra online casinospil til online poker eller endda spille p\u00e5 sports- eller finansielle sider.<\/p>\n<p><img loading=\"lazy\" decoding=\"async\" class=\"size-medium wp-image-3057 alignright\" src=\"https:\/\/gambling6.com\/wp-content\/uploads\/2022\/04\/soccermoney-300x200.jpg\" alt=\"online betting guide\" width=\"300\" height=\"200\" srcset=\"https:\/\/gambling6.com\/wp-content\/uploads\/2022\/04\/soccermoney-300x200.jpg 300w, https:\/\/gambling6.com\/wp-content\/uploads\/2022\/04\/soccermoney.jpg 424w\" sizes=\"auto, (max-width: 300px) 100vw, 300px\" \/>N\u00e5r vi taler om online betting, b\u00f8r du vide, at hvis du vil tilmelde dig en online gamblinghjemmeside, der ikke kr\u00e6ver, at du l\u00e6rer at spille et nyt spil (hvilket ville v\u00e6re tilf\u00e6ldet med alt fra online poker til online casinospil), er online betting den perfekte l\u00f8sning. Du kender allerede reglerne \u2013 alt du skal g\u00f8re er at g\u00e6tte resultatet af et spil fra en professionel sport korrekt, og det er det. Hvis du har ret, f\u00e5r du betaling. Hvis du tager fejl, kan du pr\u00f8ve igen.<\/p>\n<p>Lad os sige, at du ikke har opdaget online betting f\u00f8r nu. Det ville v\u00e6re t\u00e5beligt af dig at begynde at spille uden at vide noget om branchen, sporten eller endda de online gambling-sider, du vil tilmelde dig. Derfor findes der sider derude, hvis eneste form\u00e5l er at bringe dig t\u00e6ttere p\u00e5 dine foretrukne online gamblingaktiviteter ved at tilbyde dig s\u00e5 meget viden som muligt.<\/p>\n<p><strong>BetOnline<\/strong> er en af \u200b\u200bde bedste online bettingsider i verden. Fra v\u00e6ddel\u00f8bsv\u00e6ddem\u00e5l til sportsv\u00e6ddem\u00e5l og finansv\u00e6ddem\u00e5l pr\u00e6senteres alt i detaljer her, og du kan l\u00e6re alt, hvad en nybegynder har brug for at vide, ved blot at bruge et par minutter i den sektion, du er interesseret i.<\/p>\n<p><a class=\"thirstylink\" title=\"Betonline sports en\" href=\"https:\/\/gambling6.com\/go\/betonline-sports-en\/\" target=\"_blank\" rel=\"nofollow noopener\">Tilslut dig millioner af sportsv\u00e6ddem\u00e5lsfans fra hele verden hos Betonline, vores foretrukne sportsbook, ved at f\u00f8lge dette link.<\/a><\/p>\n<p>For eksempel, hvis du vil begynde at v\u00e6dde p\u00e5 v\u00e6ddel\u00f8b, b\u00f8r du konsultere sektionen V\u00e6ddel\u00f8bsv\u00e6ddem\u00e5l, som tilbyder dig alt, hvad der er om online v\u00e6ddel\u00f8b &#8211; fra hundev\u00e6ddel\u00f8b til de \u00e6ldgamle hestev\u00e6ddel\u00f8b, eller endda de nyere sportsgrene som NASCAR eller Formel 1-v\u00e6ddel\u00f8b, er BetOnline der for at tilbyde dig alt, hvad du \u00f8nsker at vide om hver af disse typer sportsgrene.<\/p>\n<p>Alt i alt, hvis du vil begynde at v\u00e6dde p\u00e5 sport, b\u00f8r du pr\u00f8ve BetOnline, en af \u200b\u200bde bedste online gambling-sider derude. De vil f\u00f8re dig fra at vide absolut ingenting om denne branche til at tjene en masse penge p\u00e5 den!<\/p>\n","protected":false},"excerpt":{"rendered":"<p>En komplet guide til online betting-verdenen! Lige siden menneskehedens morgen har gambling v\u00e6ret en del af vores natur. Da internettet kom lige om hj\u00f8rnet, var det kun naturligt, at gambling-sider dukkede op. Da de f\u00f8rst gjorde det, n\u00f8d de enorm succes, og online gambling er nu en af \u200b\u200bde mest popul\u00e6re aktiviteter i verden. Antag, [&hellip;]<\/p>\n","protected":false},"author":1,"featured_media":0,"parent":9204,"menu_order":14,"comment_status":"closed","ping_status":"closed","template":"","meta":{"footnotes":""},"class_list":["post-9070","page","type-page","status-publish","hentry"],"yoast_head":"<!-- This site is optimized with the Yoast SEO plugin v27.4 - https:\/\/yoast.com\/product\/yoast-seo-wordpress\/ -->\n<title>Guide og tips til online sportsv\u00e6ddem\u00e5l<\/title>\n<meta name=\"description\" content=\"Start med at spille online i dag. Bes\u00f8g BetOnline for et komplet udvalg af spillemuligheder, samt online poker og casino, alt sammen p\u00e5 \u00e9t websted\" \/>\n<meta name=\"robots\" content=\"index, follow, max-snippet:-1, max-image-preview:large, max-video-preview:-1\" \/>\n<link rel=\"canonical\" href=\"https:\/\/gambling6.com\/da\/sportsbetting\/tipy-pro-sportovni-sazeni-vas-pruvodce-online-sazenim\/\" \/>\n<meta property=\"og:locale\" content=\"da_DK\" \/>\n<meta property=\"og:type\" content=\"article\" \/>\n<meta property=\"og:title\" content=\"Guide og tips til online sportsv\u00e6ddem\u00e5l\" \/>\n<meta property=\"og:description\" content=\"Start med at spille online i dag. Bes\u00f8g BetOnline for et komplet udvalg af spillemuligheder, samt online poker og casino, alt sammen p\u00e5 \u00e9t websted\" \/>\n<meta property=\"og:url\" content=\"https:\/\/gambling6.com\/da\/sportsbetting\/tipy-pro-sportovni-sazeni-vas-pruvodce-online-sazenim\/\" \/>\n<meta property=\"og:site_name\" content=\"Gambling6\" \/>\n<meta property=\"article:modified_time\" content=\"2025-11-12T19:16:00+00:00\" \/>\n<meta property=\"og:image\" content=\"https:\/\/gambling6.com\/wp-content\/uploads\/2022\/04\/soccermoney.jpg\" \/>\n\t<meta property=\"og:image:width\" content=\"424\" \/>\n\t<meta property=\"og:image:height\" content=\"283\" \/>\n\t<meta property=\"og:image:type\" content=\"image\/jpeg\" \/>\n<meta name=\"twitter:card\" content=\"summary_large_image\" \/>\n<meta name=\"twitter:label1\" content=\"Estimeret l\u00e6setid\" \/>\n\t<meta name=\"twitter:data1\" content=\"2 minutter\" \/>\n<script type=\"application\/ld+json\" class=\"yoast-schema-graph\">{\"@context\":\"https:\\\/\\\/schema.org\",\"@graph\":[{\"@type\":\"WebPage\",\"@id\":\"https:\\\/\\\/gambling6.com\\\/da\\\/sportsbetting\\\/tipy-pro-sportovni-sazeni-vas-pruvodce-online-sazenim\\\/\",\"url\":\"https:\\\/\\\/gambling6.com\\\/da\\\/sportsbetting\\\/tipy-pro-sportovni-sazeni-vas-pruvodce-online-sazenim\\\/\",\"name\":\"Guide og tips til online sportsv\u00e6ddem\u00e5l\",\"isPartOf\":{\"@id\":\"https:\\\/\\\/gambling6.com\\\/da\\\/#website\"},\"primaryImageOfPage\":{\"@id\":\"https:\\\/\\\/gambling6.com\\\/da\\\/sportsbetting\\\/tipy-pro-sportovni-sazeni-vas-pruvodce-online-sazenim\\\/#primaryimage\"},\"image\":{\"@id\":\"https:\\\/\\\/gambling6.com\\\/da\\\/sportsbetting\\\/tipy-pro-sportovni-sazeni-vas-pruvodce-online-sazenim\\\/#primaryimage\"},\"thumbnailUrl\":\"https:\\\/\\\/gambling6.com\\\/wp-content\\\/uploads\\\/2022\\\/04\\\/soccermoney-300x200.jpg\",\"datePublished\":\"2025-11-08T14:21:36+00:00\",\"dateModified\":\"2025-11-12T19:16:00+00:00\",\"description\":\"Start med at spille online i dag. Bes\u00f8g BetOnline for et komplet udvalg af spillemuligheder, samt online poker og casino, alt sammen p\u00e5 \u00e9t websted\",\"breadcrumb\":{\"@id\":\"https:\\\/\\\/gambling6.com\\\/da\\\/sportsbetting\\\/tipy-pro-sportovni-sazeni-vas-pruvodce-online-sazenim\\\/#breadcrumb\"},\"inLanguage\":\"da-DK\",\"potentialAction\":[{\"@type\":\"ReadAction\",\"target\":[\"https:\\\/\\\/gambling6.com\\\/da\\\/sportsbetting\\\/tipy-pro-sportovni-sazeni-vas-pruvodce-online-sazenim\\\/\"]}]},{\"@type\":\"ImageObject\",\"inLanguage\":\"da-DK\",\"@id\":\"https:\\\/\\\/gambling6.com\\\/da\\\/sportsbetting\\\/tipy-pro-sportovni-sazeni-vas-pruvodce-online-sazenim\\\/#primaryimage\",\"url\":\"https:\\\/\\\/gambling6.com\\\/wp-content\\\/uploads\\\/2022\\\/04\\\/soccermoney-300x200.jpg\",\"contentUrl\":\"https:\\\/\\\/gambling6.com\\\/wp-content\\\/uploads\\\/2022\\\/04\\\/soccermoney-300x200.jpg\"},{\"@type\":\"BreadcrumbList\",\"@id\":\"https:\\\/\\\/gambling6.com\\\/da\\\/sportsbetting\\\/tipy-pro-sportovni-sazeni-vas-pruvodce-online-sazenim\\\/#breadcrumb\",\"itemListElement\":[{\"@type\":\"ListItem\",\"position\":1,\"name\":\"Home\",\"item\":\"https:\\\/\\\/gambling6.com\\\/da\\\/home\\\/\"},{\"@type\":\"ListItem\",\"position\":2,\"name\":\"Sportsbetting\",\"item\":\"https:\\\/\\\/gambling6.com\\\/da\\\/introduction-to-online-sportsbetting\\\/\"},{\"@type\":\"ListItem\",\"position\":3,\"name\":\"Tips til sportsv\u00e6ddem\u00e5l &#8211; Din guide til online v\u00e6ddem\u00e5l\"}]},{\"@type\":\"WebSite\",\"@id\":\"https:\\\/\\\/gambling6.com\\\/da\\\/#website\",\"url\":\"https:\\\/\\\/gambling6.com\\\/da\\\/\",\"name\":\"Gambling6\",\"description\":\"\",\"potentialAction\":[{\"@type\":\"SearchAction\",\"target\":{\"@type\":\"EntryPoint\",\"urlTemplate\":\"https:\\\/\\\/gambling6.com\\\/da\\\/?s={search_term_string}\"},\"query-input\":{\"@type\":\"PropertyValueSpecification\",\"valueRequired\":true,\"valueName\":\"search_term_string\"}}],\"inLanguage\":\"da-DK\"}]}<\/script>\n<!-- \/ Yoast SEO plugin. -->","yoast_head_json":{"title":"Guide og tips til online sportsv\u00e6ddem\u00e5l","description":"Start med at spille online i dag. Bes\u00f8g BetOnline for et komplet udvalg af spillemuligheder, samt online poker og casino, alt sammen p\u00e5 \u00e9t websted","robots":{"index":"index","follow":"follow","max-snippet":"max-snippet:-1","max-image-preview":"max-image-preview:large","max-video-preview":"max-video-preview:-1"},"canonical":"https:\/\/gambling6.com\/da\/sportsbetting\/tipy-pro-sportovni-sazeni-vas-pruvodce-online-sazenim\/","og_locale":"da_DK","og_type":"article","og_title":"Guide og tips til online sportsv\u00e6ddem\u00e5l","og_description":"Start med at spille online i dag. Bes\u00f8g BetOnline for et komplet udvalg af spillemuligheder, samt online poker og casino, alt sammen p\u00e5 \u00e9t websted","og_url":"https:\/\/gambling6.com\/da\/sportsbetting\/tipy-pro-sportovni-sazeni-vas-pruvodce-online-sazenim\/","og_site_name":"Gambling6","article_modified_time":"2025-11-12T19:16:00+00:00","og_image":[{"width":424,"height":283,"url":"https:\/\/gambling6.com\/wp-content\/uploads\/2022\/04\/soccermoney.jpg","type":"image\/jpeg"}],"twitter_card":"summary_large_image","twitter_misc":{"Estimeret l\u00e6setid":"2 minutter"},"schema":{"@context":"https:\/\/schema.org","@graph":[{"@type":"WebPage","@id":"https:\/\/gambling6.com\/da\/sportsbetting\/tipy-pro-sportovni-sazeni-vas-pruvodce-online-sazenim\/","url":"https:\/\/gambling6.com\/da\/sportsbetting\/tipy-pro-sportovni-sazeni-vas-pruvodce-online-sazenim\/","name":"Guide og tips til online sportsv\u00e6ddem\u00e5l","isPartOf":{"@id":"https:\/\/gambling6.com\/da\/#website"},"primaryImageOfPage":{"@id":"https:\/\/gambling6.com\/da\/sportsbetting\/tipy-pro-sportovni-sazeni-vas-pruvodce-online-sazenim\/#primaryimage"},"image":{"@id":"https:\/\/gambling6.com\/da\/sportsbetting\/tipy-pro-sportovni-sazeni-vas-pruvodce-online-sazenim\/#primaryimage"},"thumbnailUrl":"https:\/\/gambling6.com\/wp-content\/uploads\/2022\/04\/soccermoney-300x200.jpg","datePublished":"2025-11-08T14:21:36+00:00","dateModified":"2025-11-12T19:16:00+00:00","description":"Start med at spille online i dag. Bes\u00f8g BetOnline for et komplet udvalg af spillemuligheder, samt online poker og casino, alt sammen p\u00e5 \u00e9t websted","breadcrumb":{"@id":"https:\/\/gambling6.com\/da\/sportsbetting\/tipy-pro-sportovni-sazeni-vas-pruvodce-online-sazenim\/#breadcrumb"},"inLanguage":"da-DK","potentialAction":[{"@type":"ReadAction","target":["https:\/\/gambling6.com\/da\/sportsbetting\/tipy-pro-sportovni-sazeni-vas-pruvodce-online-sazenim\/"]}]},{"@type":"ImageObject","inLanguage":"da-DK","@id":"https:\/\/gambling6.com\/da\/sportsbetting\/tipy-pro-sportovni-sazeni-vas-pruvodce-online-sazenim\/#primaryimage","url":"https:\/\/gambling6.com\/wp-content\/uploads\/2022\/04\/soccermoney-300x200.jpg","contentUrl":"https:\/\/gambling6.com\/wp-content\/uploads\/2022\/04\/soccermoney-300x200.jpg"},{"@type":"BreadcrumbList","@id":"https:\/\/gambling6.com\/da\/sportsbetting\/tipy-pro-sportovni-sazeni-vas-pruvodce-online-sazenim\/#breadcrumb","itemListElement":[{"@type":"ListItem","position":1,"name":"Home","item":"https:\/\/gambling6.com\/da\/home\/"},{"@type":"ListItem","position":2,"name":"Sportsbetting","item":"https:\/\/gambling6.com\/da\/introduction-to-online-sportsbetting\/"},{"@type":"ListItem","position":3,"name":"Tips til sportsv\u00e6ddem\u00e5l &#8211; Din guide til online v\u00e6ddem\u00e5l"}]},{"@type":"WebSite","@id":"https:\/\/gambling6.com\/da\/#website","url":"https:\/\/gambling6.com\/da\/","name":"Gambling6","description":"","potentialAction":[{"@type":"SearchAction","target":{"@type":"EntryPoint","urlTemplate":"https:\/\/gambling6.com\/da\/?s={search_term_string}"},"query-input":{"@type":"PropertyValueSpecification","valueRequired":true,"valueName":"search_term_string"}}],"inLanguage":"da-DK"}]}},"_links":{"self":[{"href":"https:\/\/gambling6.com\/da\/wp-json\/wp\/v2\/pages\/9070","targetHints":{"allow":["GET"]}}],"collection":[{"href":"https:\/\/gambling6.com\/da\/wp-json\/wp\/v2\/pages"}],"about":[{"href":"https:\/\/gambling6.com\/da\/wp-json\/wp\/v2\/types\/page"}],"author":[{"embeddable":true,"href":"https:\/\/gambling6.com\/da\/wp-json\/wp\/v2\/users\/1"}],"replies":[{"embeddable":true,"href":"https:\/\/gambling6.com\/da\/wp-json\/wp\/v2\/comments?post=9070"}],"version-history":[{"count":2,"href":"https:\/\/gambling6.com\/da\/wp-json\/wp\/v2\/pages\/9070\/revisions"}],"predecessor-version":[{"id":10545,"href":"https:\/\/gambling6.com\/da\/wp-json\/wp\/v2\/pages\/9070\/revisions\/10545"}],"up":[{"embeddable":true,"href":"https:\/\/gambling6.com\/da\/wp-json\/wp\/v2\/pages\/9204"}],"wp:attachment":[{"href":"https:\/\/gambling6.com\/da\/wp-json\/wp\/v2\/media?parent=9070"}],"curies":[{"name":"wp","href":"https:\/\/api.w.org\/{rel}","templated":true}]}}