{"id":9138,"date":"2025-11-10T10:19:40","date_gmt":"2025-11-10T10:19:40","guid":{"rendered":"https:\/\/gambling6.com\/kob-online-lodsedler-til-powerball-lotteriet\/"},"modified":"2025-11-12T17:38:39","modified_gmt":"2025-11-12T17:38:39","slug":"kob-online-lodsedler-til-powerball-lotteriet","status":"publish","type":"page","link":"https:\/\/gambling6.com\/da\/kob-online-lodsedler-til-powerball-lotteriet\/","title":{"rendered":"K\u00f8b online lodsedler til Powerball-lotteriet"},"content":{"rendered":"<h2>Spil Powerball-lotteriet online.<\/h2>\n<p>Powerball-lotteriet er kendt verden over for sine utrolige jackpots. Du finder jackpots p\u00e5 over 100 millioner dollars meget regelm\u00e6ssigt. <strong>Stigninger i jackpotten er eksponentielle, fordi du kan f\u00e5 online lodsedler til Powerball-lotteriet.<\/strong> Det er nemt at spille Powerball online hjemmefra med kun din computer og en internetforbindelse.<\/p>\n<h2>Online Powerball-lodsedler, s\u00e5 nemt som 1-2-3<\/h2>\n<p>For at spille Powerball-lotteriet online skal du g\u00e5 til vores partner <a class=\"thirstylink\" title=\"Redfoxlotto\" href=\"https:\/\/gambling6.com\/go\/redfoxlotto\/\" target=\"_blank\" rel=\"nofollow noopener\">RedFoxLotto (klik her for at bes\u00f8ge)<\/a> og oprette en konto. Det er nemt at \u00e5bne en konto, og du kan v\u00e6re i gang med at spille Powerball-lotteriet p\u00e5 f\u00e5 minutter. Det n\u00e6ste trin ville v\u00e6re at g\u00e5 til billetsektionen, hvor du bruger formularen til at v\u00e6lge fem prim\u00e6re tal.<\/p>\n<p>N\u00e5r du er f\u00e6rdig, skal du v\u00e6lge et Powerball-bonusnummer. <strong>For at vinde jackpotpr\u00e6mien skal du matche dine fem hovedtal plus Powerball med de trukket kugler.<\/strong> Frygt ikke, hvis du ikke matcher disse, kan du muligvis deltage i at g\u00f8re krav p\u00e5 et af de andre syv pr\u00e6mieniveauer.<\/p>\n<h2>Powerball online billetsalg stiger<\/h2>\n<p><img loading=\"lazy\" decoding=\"async\" class=\"size-medium wp-image-1533 alignright\" src=\"https:\/\/gambling6.com\/wp-content\/uploads\/2022\/04\/2_ticket_powerball_au2-1-163x300.jpg\" alt=\"Powerball-lotterisedel\" width=\"163\" height=\"300\" srcset=\"https:\/\/gambling6.com\/wp-content\/uploads\/2022\/04\/2_ticket_powerball_au2-1-163x300.jpg 163w, https:\/\/gambling6.com\/wp-content\/uploads\/2022\/04\/2_ticket_powerball_au2-1.jpg 250w\" sizes=\"auto, (max-width: 163px) 100vw, 163px\" \/>I l\u00f8bet af de sidste to \u00e5r er billetsalget til Powerball USA vokset meget hurtigt og er fordoblet \u00e5r for \u00e5r i denne periode. **St\u00f8rrelsen p\u00e5 jackpotsene sammen med den lethed, hvormed man kan k\u00f8be lodsedler online, har v\u00e6ret drivkraften bag den betydelige v\u00e6kst.** Hvis fortiden er en indikator for fremtidigt salg, kan vi forvente at se \u00f8get v\u00e6kst i jackpotst\u00f8rrelser i de kommende \u00e5r.<br \/>\n**Lotterispil vokser p\u00e5 verdensplan.**<\/p>\n<p>Med undtagelse af Mega Millions, som har rekorden for lottojackpotst\u00f8rrelser, har vi set rekordstore jackpots i de fleste lotterier spillet online i det seneste \u00e5r. Der er ingen indikatorer for, at disse rekordstore jackpots vil falde lige forel\u00f8big. Faktisk kan vi forvente at se rekorderne blive v\u00e6ltet gentagne gange, efterh\u00e5nden som folk myldrer rundt p\u00e5 deres computere, n\u00e5r nyheder om jackpots n\u00e5r h\u00f8je niveauer.<br \/>\n**Tjek Powerball-vindertal online.**<\/p>\n<p>S\u00f8rg for, at hvis du k\u00f8ber lodsedler, at du tager dig tid til at tjekke resultaterne ved hj\u00e6lp af et online databasev\u00e6rkt\u00f8j. Mange pr\u00e6mier bliver hvert \u00e5r ikke afhentet, fordi n\u00e5r folk h\u00f8rer, at der er blevet vundet jackpots i et omr\u00e5de, hvor de ikke bor, eller p\u00e5 en virksomhed, hvor de ikke har k\u00f8bt deres kupon, kasserer de deres kupon og f\u00f8lger ikke op for at tjekke, om der er vundet p\u00e5 andre pr\u00e6mieniveauer.<\/p>\n<p>Beg\u00e5 ikke den fejl at smide penge i skraldespanden eller lade dem ligge usynligt i din pung. Du fortjener alle de penge, du har vundet. Spil Powerball-lotteriet online i dag, og du kan blive verdens n\u00e6ste multimillion\u00e6r.<\/p>\n<table style=\"width: 500px;\" border=\"1\" cellspacing=\"5\" cellpadding=\"5\" align=\"center\">\n<tbody>\n<tr>\n<td colspan=\"3\" align=\"center\">Top ti jackpots for 2013<\/td>\n<\/tr>\n<tr>\n<td>Tr\u00e6kning<\/td>\n<td align=\"center\">Dato<\/td>\n<td align=\"center\">Jackpot (USD)<\/td>\n<\/tr>\n<tr>\n<td>Powerball &#8211; USA<\/td>\n<td align=\"center\">18-maj-13<\/td>\n<td align=\"right\">$590.500.000<\/td>\n<\/tr>\n<tr>\n<td>Powerball &#8211; USA<\/td>\n<td align=\"center\">7-aug-13<\/td>\n<td align=\"right\">448.400.000 USD<\/td>\n<\/tr>\n<tr>\n<td>Powerball &#8211; USA<\/td>\n<td align=\"center\">18. sep. 2013<\/td>\n<td align=\"right\">399.400.000 USD<\/td>\n<\/tr>\n<tr>\n<td>Powerball &#8211; USA<\/td>\n<td align=\"center\">23. mar. 2013<\/td>\n<td align=\"right\">338.300.000 USD<\/td>\n<\/tr>\n<tr>\n<td>Powerball &#8211; USA<\/td>\n<td align=\"center\">6. feb. 2013<\/td>\n<td align=\"right\">217.000.000 USD<\/td>\n<\/tr>\n<tr>\n<td>Powerball &#8211; USA<\/td>\n<td align=\"center\">23-okt-13<\/td>\n<td align=\"right\">213.400.000 USD<\/td>\n<\/tr>\n<tr>\n<td>Powerball &#8211; USA<\/td>\n<td align=\"center\">22-juni-13<\/td>\n<td align=\"right\">131.500.000 USD<\/td>\n<\/tr>\n<tr>\n<td>Powerball &#8211; USA<\/td>\n<td align=\"center\">16-nov-13<\/td>\n<td align=\"right\">130.300.000 USD<\/td>\n<\/tr>\n<tr>\n<td>Powerball &#8211; USA<\/td>\n<td align=\"center\">11-dec-13<\/td>\n<td align=\"right\">$122.900.000<\/td>\n<\/tr>\n<tr>\n<td>Powerball &#8211; USA<\/td>\n<td align=\"center\">25-dec-13<\/td>\n<td align=\"right\">$74.000.000<\/td>\n<\/tr>\n<\/tbody>\n<\/table>\n<p>&nbsp;<\/p>\n<table style=\"width: 500px;\" border=\"1\" cellspacing=\"5\" cellpadding=\"5\" align=\"center\">\n<tbody>\n<tr>\n<td colspan=\"3\" align=\"center\">Powerball Lotto &#8211; USA pr\u00e6mieniveauer<\/td>\n<\/tr>\n<tr>\n<td>Pr\u00e6mie<\/td>\n<td align=\"center\">Kampe<\/td>\n<td align=\"center\">Odds<\/td>\n<\/tr>\n<tr>\n<td>1. (Jackpot)<\/td>\n<td align=\"center\">5 + 1<\/td>\n<td align=\"right\">175.223.510 : 1<\/td>\n<\/tr>\n<tr>\n<td>2.<\/td>\n<td align=\"center\">5<\/td>\n<td align=\"right\">5.153.633 : 1<\/td>\n<\/tr>\n<tr>\n<td>3.<\/td>\n<td align=\"center\">4 + 1<\/td>\n<td align=\"right\">648.976 : 1<\/td>\n<\/tr>\n<tr>\n<td>4.<\/td>\n<td align=\"center\">4<\/td>\n<td align=\"right\">19.087 : 1<\/td>\n<\/tr>\n<tr>\n<td>5.<\/td>\n<td align=\"center\">3 + 1<\/td>\n<td align=\"right\">12.245 : 1<\/td>\n<\/tr>\n<tr>\n<td>6.<\/td>\n<td align=\"center\">3<\/td>\n<td align=\"right\">360 : 1<\/td>\n<\/tr>\n<tr>\n<td>7.<\/td>\n<td align=\"center\">2 + 1<\/td>\n<td align=\"right\">706 : 1<\/td>\n<\/tr>\n<tr>\n<td>8.<\/td>\n<td align=\"center\">1 + 1<\/td>\n<td align=\"right\">111 : 1<\/td>\n<\/tr>\n<tr>\n<td>9.<\/td>\n<td align=\"center\">0 + 1<\/td>\n<td align=\"right\">55 : 1<\/td>\n<\/tr>\n<\/tbody>\n<\/table>\n","protected":false},"excerpt":{"rendered":"<p>Spil Powerball-lotteriet online. Powerball-lotteriet er kendt verden over for sine utrolige jackpots. Du finder jackpots p\u00e5 over 100 millioner dollars meget regelm\u00e6ssigt. Stigninger i jackpotten er eksponentielle, fordi du kan f\u00e5 online lodsedler til Powerball-lotteriet. Det er nemt at spille Powerball online hjemmefra med kun din computer og en internetforbindelse. Online Powerball-lodsedler, s\u00e5 nemt som [&hellip;]<\/p>\n","protected":false},"author":1,"featured_media":0,"parent":0,"menu_order":4,"comment_status":"closed","ping_status":"closed","template":"","meta":{"footnotes":""},"class_list":["post-9138","page","type-page","status-publish","hentry"],"yoast_head":"<!-- This site is optimized with the Yoast SEO plugin v27.4 - https:\/\/yoast.com\/product\/yoast-seo-wordpress\/ -->\n<title>K\u00f8b lodsedler til Powerball-lotteriet online<\/title>\n<meta name=\"description\" content=\"K\u00f8b dine lodsedler online i dag til Powerball-lotteriet i USA.\" \/>\n<meta name=\"robots\" content=\"index, follow, max-snippet:-1, max-image-preview:large, max-video-preview:-1\" \/>\n<link rel=\"canonical\" href=\"https:\/\/gambling6.com\/da\/kob-online-lodsedler-til-powerball-lotteriet\/\" \/>\n<meta property=\"og:locale\" content=\"da_DK\" \/>\n<meta property=\"og:type\" content=\"article\" \/>\n<meta property=\"og:title\" content=\"K\u00f8b lodsedler til Powerball-lotteriet online\" \/>\n<meta property=\"og:description\" content=\"K\u00f8b dine lodsedler online i dag til Powerball-lotteriet i USA.\" \/>\n<meta property=\"og:url\" content=\"https:\/\/gambling6.com\/da\/kob-online-lodsedler-til-powerball-lotteriet\/\" \/>\n<meta property=\"og:site_name\" content=\"Gambling6\" \/>\n<meta property=\"article:modified_time\" content=\"2025-11-12T17:38:39+00:00\" \/>\n<meta property=\"og:image\" content=\"https:\/\/gambling6.com\/wp-content\/uploads\/2022\/04\/2_ticket_powerball_au2-1.jpg\" \/>\n\t<meta property=\"og:image:width\" content=\"250\" \/>\n\t<meta property=\"og:image:height\" content=\"460\" \/>\n\t<meta property=\"og:image:type\" content=\"image\/jpeg\" \/>\n<meta name=\"twitter:card\" content=\"summary_large_image\" \/>\n<meta name=\"twitter:label1\" content=\"Estimeret l\u00e6setid\" \/>\n\t<meta name=\"twitter:data1\" content=\"3 minutter\" \/>\n<script type=\"application\/ld+json\" class=\"yoast-schema-graph\">{\"@context\":\"https:\\\/\\\/schema.org\",\"@graph\":[{\"@type\":\"WebPage\",\"@id\":\"https:\\\/\\\/gambling6.com\\\/da\\\/kob-online-lodsedler-til-powerball-lotteriet\\\/\",\"url\":\"https:\\\/\\\/gambling6.com\\\/da\\\/kob-online-lodsedler-til-powerball-lotteriet\\\/\",\"name\":\"K\u00f8b lodsedler til Powerball-lotteriet online\",\"isPartOf\":{\"@id\":\"https:\\\/\\\/gambling6.com\\\/da\\\/#website\"},\"primaryImageOfPage\":{\"@id\":\"https:\\\/\\\/gambling6.com\\\/da\\\/kob-online-lodsedler-til-powerball-lotteriet\\\/#primaryimage\"},\"image\":{\"@id\":\"https:\\\/\\\/gambling6.com\\\/da\\\/kob-online-lodsedler-til-powerball-lotteriet\\\/#primaryimage\"},\"thumbnailUrl\":\"https:\\\/\\\/gambling6.com\\\/wp-content\\\/uploads\\\/2022\\\/04\\\/2_ticket_powerball_au2-1-163x300.jpg\",\"datePublished\":\"2025-11-10T10:19:40+00:00\",\"dateModified\":\"2025-11-12T17:38:39+00:00\",\"description\":\"K\u00f8b dine lodsedler online i dag til Powerball-lotteriet i USA.\",\"breadcrumb\":{\"@id\":\"https:\\\/\\\/gambling6.com\\\/da\\\/kob-online-lodsedler-til-powerball-lotteriet\\\/#breadcrumb\"},\"inLanguage\":\"da-DK\",\"potentialAction\":[{\"@type\":\"ReadAction\",\"target\":[\"https:\\\/\\\/gambling6.com\\\/da\\\/kob-online-lodsedler-til-powerball-lotteriet\\\/\"]}]},{\"@type\":\"ImageObject\",\"inLanguage\":\"da-DK\",\"@id\":\"https:\\\/\\\/gambling6.com\\\/da\\\/kob-online-lodsedler-til-powerball-lotteriet\\\/#primaryimage\",\"url\":\"https:\\\/\\\/gambling6.com\\\/wp-content\\\/uploads\\\/2022\\\/04\\\/2_ticket_powerball_au2-1-163x300.jpg\",\"contentUrl\":\"https:\\\/\\\/gambling6.com\\\/wp-content\\\/uploads\\\/2022\\\/04\\\/2_ticket_powerball_au2-1-163x300.jpg\"},{\"@type\":\"BreadcrumbList\",\"@id\":\"https:\\\/\\\/gambling6.com\\\/da\\\/kob-online-lodsedler-til-powerball-lotteriet\\\/#breadcrumb\",\"itemListElement\":[{\"@type\":\"ListItem\",\"position\":1,\"name\":\"Home\",\"item\":\"https:\\\/\\\/gambling6.com\\\/da\\\/home\\\/\"},{\"@type\":\"ListItem\",\"position\":2,\"name\":\"K\u00f8b online lodsedler til Powerball-lotteriet\"}]},{\"@type\":\"WebSite\",\"@id\":\"https:\\\/\\\/gambling6.com\\\/da\\\/#website\",\"url\":\"https:\\\/\\\/gambling6.com\\\/da\\\/\",\"name\":\"Gambling6\",\"description\":\"\",\"potentialAction\":[{\"@type\":\"SearchAction\",\"target\":{\"@type\":\"EntryPoint\",\"urlTemplate\":\"https:\\\/\\\/gambling6.com\\\/da\\\/?s={search_term_string}\"},\"query-input\":{\"@type\":\"PropertyValueSpecification\",\"valueRequired\":true,\"valueName\":\"search_term_string\"}}],\"inLanguage\":\"da-DK\"}]}<\/script>\n<!-- \/ Yoast SEO plugin. -->","yoast_head_json":{"title":"K\u00f8b lodsedler til Powerball-lotteriet online","description":"K\u00f8b dine lodsedler online i dag til Powerball-lotteriet i USA.","robots":{"index":"index","follow":"follow","max-snippet":"max-snippet:-1","max-image-preview":"max-image-preview:large","max-video-preview":"max-video-preview:-1"},"canonical":"https:\/\/gambling6.com\/da\/kob-online-lodsedler-til-powerball-lotteriet\/","og_locale":"da_DK","og_type":"article","og_title":"K\u00f8b lodsedler til Powerball-lotteriet online","og_description":"K\u00f8b dine lodsedler online i dag til Powerball-lotteriet i USA.","og_url":"https:\/\/gambling6.com\/da\/kob-online-lodsedler-til-powerball-lotteriet\/","og_site_name":"Gambling6","article_modified_time":"2025-11-12T17:38:39+00:00","og_image":[{"width":250,"height":460,"url":"https:\/\/gambling6.com\/wp-content\/uploads\/2022\/04\/2_ticket_powerball_au2-1.jpg","type":"image\/jpeg"}],"twitter_card":"summary_large_image","twitter_misc":{"Estimeret l\u00e6setid":"3 minutter"},"schema":{"@context":"https:\/\/schema.org","@graph":[{"@type":"WebPage","@id":"https:\/\/gambling6.com\/da\/kob-online-lodsedler-til-powerball-lotteriet\/","url":"https:\/\/gambling6.com\/da\/kob-online-lodsedler-til-powerball-lotteriet\/","name":"K\u00f8b lodsedler til Powerball-lotteriet online","isPartOf":{"@id":"https:\/\/gambling6.com\/da\/#website"},"primaryImageOfPage":{"@id":"https:\/\/gambling6.com\/da\/kob-online-lodsedler-til-powerball-lotteriet\/#primaryimage"},"image":{"@id":"https:\/\/gambling6.com\/da\/kob-online-lodsedler-til-powerball-lotteriet\/#primaryimage"},"thumbnailUrl":"https:\/\/gambling6.com\/wp-content\/uploads\/2022\/04\/2_ticket_powerball_au2-1-163x300.jpg","datePublished":"2025-11-10T10:19:40+00:00","dateModified":"2025-11-12T17:38:39+00:00","description":"K\u00f8b dine lodsedler online i dag til Powerball-lotteriet i USA.","breadcrumb":{"@id":"https:\/\/gambling6.com\/da\/kob-online-lodsedler-til-powerball-lotteriet\/#breadcrumb"},"inLanguage":"da-DK","potentialAction":[{"@type":"ReadAction","target":["https:\/\/gambling6.com\/da\/kob-online-lodsedler-til-powerball-lotteriet\/"]}]},{"@type":"ImageObject","inLanguage":"da-DK","@id":"https:\/\/gambling6.com\/da\/kob-online-lodsedler-til-powerball-lotteriet\/#primaryimage","url":"https:\/\/gambling6.com\/wp-content\/uploads\/2022\/04\/2_ticket_powerball_au2-1-163x300.jpg","contentUrl":"https:\/\/gambling6.com\/wp-content\/uploads\/2022\/04\/2_ticket_powerball_au2-1-163x300.jpg"},{"@type":"BreadcrumbList","@id":"https:\/\/gambling6.com\/da\/kob-online-lodsedler-til-powerball-lotteriet\/#breadcrumb","itemListElement":[{"@type":"ListItem","position":1,"name":"Home","item":"https:\/\/gambling6.com\/da\/home\/"},{"@type":"ListItem","position":2,"name":"K\u00f8b online lodsedler til Powerball-lotteriet"}]},{"@type":"WebSite","@id":"https:\/\/gambling6.com\/da\/#website","url":"https:\/\/gambling6.com\/da\/","name":"Gambling6","description":"","potentialAction":[{"@type":"SearchAction","target":{"@type":"EntryPoint","urlTemplate":"https:\/\/gambling6.com\/da\/?s={search_term_string}"},"query-input":{"@type":"PropertyValueSpecification","valueRequired":true,"valueName":"search_term_string"}}],"inLanguage":"da-DK"}]}},"_links":{"self":[{"href":"https:\/\/gambling6.com\/da\/wp-json\/wp\/v2\/pages\/9138","targetHints":{"allow":["GET"]}}],"collection":[{"href":"https:\/\/gambling6.com\/da\/wp-json\/wp\/v2\/pages"}],"about":[{"href":"https:\/\/gambling6.com\/da\/wp-json\/wp\/v2\/types\/page"}],"author":[{"embeddable":true,"href":"https:\/\/gambling6.com\/da\/wp-json\/wp\/v2\/users\/1"}],"replies":[{"embeddable":true,"href":"https:\/\/gambling6.com\/da\/wp-json\/wp\/v2\/comments?post=9138"}],"version-history":[{"count":2,"href":"https:\/\/gambling6.com\/da\/wp-json\/wp\/v2\/pages\/9138\/revisions"}],"predecessor-version":[{"id":10711,"href":"https:\/\/gambling6.com\/da\/wp-json\/wp\/v2\/pages\/9138\/revisions\/10711"}],"wp:attachment":[{"href":"https:\/\/gambling6.com\/da\/wp-json\/wp\/v2\/media?parent=9138"}],"curies":[{"name":"wp","href":"https:\/\/api.w.org\/{rel}","templated":true}]}}