{"id":9204,"date":"2025-11-10T11:27:41","date_gmt":"2025-11-10T11:27:41","guid":{"rendered":"https:\/\/gambling6.com\/sportsbetting\/"},"modified":"2025-11-12T10:15:12","modified_gmt":"2025-11-12T10:15:12","slug":"sportsbetting","status":"publish","type":"page","link":"https:\/\/gambling6.com\/da\/sportsbetting\/","title":{"rendered":"Sportsbetting"},"content":{"rendered":"<h2>Det grundl\u00e6ggende i sportsv\u00e6ddem\u00e5l<\/h2>\n<p>Sportsv\u00e6ddem\u00e5l, et udtryk der opst\u00e5r blot ved at kombinere de beskrivende ord, er en \u00f8velse i at forudsige professionelle og amat\u00f8rsportsresultater, samt placere et v\u00e6ddem\u00e5l p\u00e5 resultatet. <strong>Sportsbet er det udtryk, der bruges til at beskrive et sted, hvor man deltager i sportsv\u00e6ddem\u00e5l.<\/strong> Generelt er \u00f8velsen ikke lovlig i USA. Grundl\u00e6ggende set finder du kun fire ud af de halvtreds stater i Amerika, hvor sportsv\u00e6ddem\u00e5l og sportsv\u00e6ddem\u00e5l er anerkendt som 100% lovlige. S\u00e5 kom internettet.<\/p>\n<h2>Millioner deltager i sportsv\u00e6ddem\u00e5l dagligt<\/h2>\n<p>Dagligt str\u00f8mmer millioner af mennesker til tusindvis af websteder for at placere v\u00e6ddem\u00e5l p\u00e5 enhver sport, du kan finde. Men <strong>denne introduktion til online sportsv\u00e6ddem\u00e5l vil vise dig, at der er mere i dette end blot at kende spreadet og placere dit v\u00e6ddem\u00e5l p\u00e5 det hold<\/strong>, du \u00f8nsker at vinde. Ikke alene kan det at satse p\u00e5 en kamp g\u00f8re den mere interessant for dig at se, men kunsten at spille p\u00e5 sportsv\u00e6ddem\u00e5l kan ogs\u00e5 give dig en masse penge, hvis det g\u00f8res korrekt. Hvis dette er et nyt foretagende for alle, der er uerfarne inden for sportsv\u00e6ddem\u00e5l, skal du kende de grundl\u00e6ggende principper og principper for sportsv\u00e6ddem\u00e5l, hvis du forventer ikke at blive desorienteret, n\u00e5r kampen er i gang.<\/p>\n<h2>Terminologi inden for online sportsv\u00e6ddem\u00e5l<\/h2>\n<p>F\u00f8rst<strong> skal du g\u00f8re dig bekendt med noget af den terminologi, der bruges i sportsv\u00e6ddem\u00e5l<\/strong>. &#8220;<a href=\"http:\/\/en.wikipedia.org\/wiki\/Handicapping\" target=\"_blank\" rel=\"noopener\">Handicap<\/a>&#8221; er det f\u00f8rste udtryk, jeg vil introducere; det betyder at give et hold eller en person en fordel over et andet ved at forl\u00e6nge en af \u200b\u200bde andres slag, m\u00e5l, touchdowns eller blot point for at give deres modstander en bedre chance for at v\u00e6re p\u00e5 niveau med deres spilniveau. Lad os for eksempel sige, at jeg skulle spille en-mod-en basketball med Michael Jordan, og den f\u00f8rste til 21 point ville v\u00e6re vinderen. Jeg f\u00e5r m\u00e5ske en fordel p\u00e5 18 point, hvilket ville betyde, at han har et handicap p\u00e5 18 point. Han skal score 21 point, f\u00f8r jeg scorer 3 point for at vinde. Der er mange eksempler p\u00e5 handicapping eller &#8220;point spreads&#8221;, som de ogs\u00e5 kan kaldes. At forst\u00e5 dette princip er en af \u200b\u200bn\u00f8glerne til at forst\u00e5 gode v\u00e6ddem\u00e5l i online sportsv\u00e6ddem\u00e5l.<\/p>\n<h2>Kend din online sportsbook<\/h2>\n<p><strong>Sportsv\u00e6ddem\u00e5l, hvad enten det er online eller live, foreg\u00e5r normalt i det, der kaldes en &#8220;sportsbook&#8221;.<\/strong> En &#8220;bookmaker&#8221; er et sted, der accepterer v\u00e6ddem\u00e5l, og bookmakeren er den person, der normalt fasts\u00e6tter spreadet for et specifikt sted. Processen med at fasts\u00e6tte &#8220;spreadet&#8221; i mods\u00e6tning til &#8220;even money&#8221; (et 1:1 odds-v\u00e6ddem\u00e5l) kan v\u00e6re meget kompliceret og kan variere fra sportsbook til sportsbook.<\/p>\n<h2>Betonline Sportsbook &#8211; accepterer amerikanske sportsfans<\/h2>\n<p>N\u00e5r du er klar til sportsv\u00e6ddem\u00e5l, skal du finde et velrenommeret online casino eller sportsbook for at kunne placere dine v\u00e6ddem\u00e5l. <a class=\"thirstylink\" title=\"Betonline casino en\" href=\"https:\/\/gambling6.com\/go\/betonline-casino-en\/\" target=\"_blank\" rel=\"nofollow noopener\">Du kan tjekke Betonline sportsbook<\/a>, de er et velkendt online casino med et ry for utrolig sikkerhed. De tilbyder mange forskellige ind- og udbetalingsmetoder, og du burde v\u00e6re i stand til at finde en m\u00e5de at h\u00e5ndtere dem p\u00e5, der passer til dine personlige behov.<\/p>\n<p>Et andet godt alternativ er 888 Casino &#8211; deres sportsv\u00e6ddem\u00e5lssektion er en af \u200b\u200bde bedste derude. Derudover har de ogs\u00e5 et fantastisk pokerrum, de absolut bedste casinospil og endda ting som bingo og skrabelodder.<\/p>\n<p>Den eneste ulempe ved 888 er, at de ikke accepterer kunder fra USA. Men hvis du er bosiddende i et andet land, b\u00f8r du helt <a class=\"thirstylink\" title=\"888 casino en\" href=\"https:\/\/gambling6.com\/go\/888-casino-en\/\" target=\"_blank\" rel=\"nofollow noopener\">sikkert bes\u00f8ge 888 Casinos hjemmeside &#8211; f\u00f8lg blot dette link.<\/a><\/p>\n<p>Test vandet, men du har meget at l\u00e6re om sportsv\u00e6ddem\u00e5l online. Vi vil forts\u00e6tte med at opdatere denne side, s\u00e5 du kan l\u00e6re om odds og faktorer, der bidrager til resultaterne af visse begivenheder.<strong>Hvis du vil blive ekspert inden for sportsv\u00e6ddem\u00e5l<\/strong>, er du kommet til det rette sted. L\u00e6n dig tilbage, s\u00e6t dig godt til rette, og gl\u00e6d dig til at have det sjovt med online sportsv\u00e6ddem\u00e5l.<\/p>\n","protected":false},"excerpt":{"rendered":"<p>Det grundl\u00e6ggende i sportsv\u00e6ddem\u00e5l Sportsv\u00e6ddem\u00e5l, et udtryk der opst\u00e5r blot ved at kombinere de beskrivende ord, er en \u00f8velse i at forudsige professionelle og amat\u00f8rsportsresultater, samt placere et v\u00e6ddem\u00e5l p\u00e5 resultatet. Sportsbet er det udtryk, der bruges til at beskrive et sted, hvor man deltager i sportsv\u00e6ddem\u00e5l. Generelt er \u00f8velsen ikke lovlig i USA. Grundl\u00e6ggende [&hellip;]<\/p>\n","protected":false},"author":1,"featured_media":0,"parent":0,"menu_order":4,"comment_status":"closed","ping_status":"closed","template":"","meta":{"footnotes":""},"class_list":["post-9204","page","type-page","status-publish","hentry"],"yoast_head":"<!-- This site is optimized with the Yoast SEO plugin v27.4 - https:\/\/yoast.com\/product\/yoast-seo-wordpress\/ -->\n<title>Introduktion til online sportsv\u00e6ddem\u00e5l<\/title>\n<meta name=\"description\" content=\"Bliv introduceret til noget af den terminologi, der bruges inden for online sportsv\u00e6ddem\u00e5l.\" \/>\n<meta name=\"robots\" content=\"index, follow, max-snippet:-1, max-image-preview:large, max-video-preview:-1\" \/>\n<link rel=\"canonical\" href=\"https:\/\/gambling6.com\/da\/sportsbetting\/\" \/>\n<meta property=\"og:locale\" content=\"da_DK\" \/>\n<meta property=\"og:type\" content=\"article\" \/>\n<meta property=\"og:title\" content=\"Introduktion til online sportsv\u00e6ddem\u00e5l\" \/>\n<meta property=\"og:description\" content=\"Bliv introduceret til noget af den terminologi, der bruges inden for online sportsv\u00e6ddem\u00e5l.\" \/>\n<meta property=\"og:url\" content=\"https:\/\/gambling6.com\/da\/sportsbetting\/\" \/>\n<meta property=\"og:site_name\" content=\"Gambling6\" \/>\n<meta property=\"article:modified_time\" content=\"2025-11-12T10:15:12+00:00\" \/>\n<meta name=\"twitter:card\" content=\"summary_large_image\" \/>\n<meta name=\"twitter:label1\" content=\"Estimeret l\u00e6setid\" \/>\n\t<meta name=\"twitter:data1\" content=\"4 minutter\" \/>\n<script type=\"application\/ld+json\" class=\"yoast-schema-graph\">{\"@context\":\"https:\\\/\\\/schema.org\",\"@graph\":[{\"@type\":\"WebPage\",\"@id\":\"https:\\\/\\\/gambling6.com\\\/da\\\/sportsbetting\\\/\",\"url\":\"https:\\\/\\\/gambling6.com\\\/da\\\/sportsbetting\\\/\",\"name\":\"Introduktion til online sportsv\u00e6ddem\u00e5l\",\"isPartOf\":{\"@id\":\"https:\\\/\\\/gambling6.com\\\/da\\\/#website\"},\"datePublished\":\"2025-11-10T11:27:41+00:00\",\"dateModified\":\"2025-11-12T10:15:12+00:00\",\"description\":\"Bliv introduceret til noget af den terminologi, der bruges inden for online sportsv\u00e6ddem\u00e5l.\",\"breadcrumb\":{\"@id\":\"https:\\\/\\\/gambling6.com\\\/da\\\/sportsbetting\\\/#breadcrumb\"},\"inLanguage\":\"da-DK\",\"potentialAction\":[{\"@type\":\"ReadAction\",\"target\":[\"https:\\\/\\\/gambling6.com\\\/da\\\/sportsbetting\\\/\"]}]},{\"@type\":\"BreadcrumbList\",\"@id\":\"https:\\\/\\\/gambling6.com\\\/da\\\/sportsbetting\\\/#breadcrumb\",\"itemListElement\":[{\"@type\":\"ListItem\",\"position\":1,\"name\":\"Home\",\"item\":\"https:\\\/\\\/gambling6.com\\\/da\\\/home\\\/\"},{\"@type\":\"ListItem\",\"position\":2,\"name\":\"Sportsbetting\"}]},{\"@type\":\"WebSite\",\"@id\":\"https:\\\/\\\/gambling6.com\\\/da\\\/#website\",\"url\":\"https:\\\/\\\/gambling6.com\\\/da\\\/\",\"name\":\"Gambling6\",\"description\":\"\",\"potentialAction\":[{\"@type\":\"SearchAction\",\"target\":{\"@type\":\"EntryPoint\",\"urlTemplate\":\"https:\\\/\\\/gambling6.com\\\/da\\\/?s={search_term_string}\"},\"query-input\":{\"@type\":\"PropertyValueSpecification\",\"valueRequired\":true,\"valueName\":\"search_term_string\"}}],\"inLanguage\":\"da-DK\"}]}<\/script>\n<!-- \/ Yoast SEO plugin. -->","yoast_head_json":{"title":"Introduktion til online sportsv\u00e6ddem\u00e5l","description":"Bliv introduceret til noget af den terminologi, der bruges inden for online sportsv\u00e6ddem\u00e5l.","robots":{"index":"index","follow":"follow","max-snippet":"max-snippet:-1","max-image-preview":"max-image-preview:large","max-video-preview":"max-video-preview:-1"},"canonical":"https:\/\/gambling6.com\/da\/sportsbetting\/","og_locale":"da_DK","og_type":"article","og_title":"Introduktion til online sportsv\u00e6ddem\u00e5l","og_description":"Bliv introduceret til noget af den terminologi, der bruges inden for online sportsv\u00e6ddem\u00e5l.","og_url":"https:\/\/gambling6.com\/da\/sportsbetting\/","og_site_name":"Gambling6","article_modified_time":"2025-11-12T10:15:12+00:00","twitter_card":"summary_large_image","twitter_misc":{"Estimeret l\u00e6setid":"4 minutter"},"schema":{"@context":"https:\/\/schema.org","@graph":[{"@type":"WebPage","@id":"https:\/\/gambling6.com\/da\/sportsbetting\/","url":"https:\/\/gambling6.com\/da\/sportsbetting\/","name":"Introduktion til online sportsv\u00e6ddem\u00e5l","isPartOf":{"@id":"https:\/\/gambling6.com\/da\/#website"},"datePublished":"2025-11-10T11:27:41+00:00","dateModified":"2025-11-12T10:15:12+00:00","description":"Bliv introduceret til noget af den terminologi, der bruges inden for online sportsv\u00e6ddem\u00e5l.","breadcrumb":{"@id":"https:\/\/gambling6.com\/da\/sportsbetting\/#breadcrumb"},"inLanguage":"da-DK","potentialAction":[{"@type":"ReadAction","target":["https:\/\/gambling6.com\/da\/sportsbetting\/"]}]},{"@type":"BreadcrumbList","@id":"https:\/\/gambling6.com\/da\/sportsbetting\/#breadcrumb","itemListElement":[{"@type":"ListItem","position":1,"name":"Home","item":"https:\/\/gambling6.com\/da\/home\/"},{"@type":"ListItem","position":2,"name":"Sportsbetting"}]},{"@type":"WebSite","@id":"https:\/\/gambling6.com\/da\/#website","url":"https:\/\/gambling6.com\/da\/","name":"Gambling6","description":"","potentialAction":[{"@type":"SearchAction","target":{"@type":"EntryPoint","urlTemplate":"https:\/\/gambling6.com\/da\/?s={search_term_string}"},"query-input":{"@type":"PropertyValueSpecification","valueRequired":true,"valueName":"search_term_string"}}],"inLanguage":"da-DK"}]}},"_links":{"self":[{"href":"https:\/\/gambling6.com\/da\/wp-json\/wp\/v2\/pages\/9204","targetHints":{"allow":["GET"]}}],"collection":[{"href":"https:\/\/gambling6.com\/da\/wp-json\/wp\/v2\/pages"}],"about":[{"href":"https:\/\/gambling6.com\/da\/wp-json\/wp\/v2\/types\/page"}],"author":[{"embeddable":true,"href":"https:\/\/gambling6.com\/da\/wp-json\/wp\/v2\/users\/1"}],"replies":[{"embeddable":true,"href":"https:\/\/gambling6.com\/da\/wp-json\/wp\/v2\/comments?post=9204"}],"version-history":[{"count":1,"href":"https:\/\/gambling6.com\/da\/wp-json\/wp\/v2\/pages\/9204\/revisions"}],"predecessor-version":[{"id":10524,"href":"https:\/\/gambling6.com\/da\/wp-json\/wp\/v2\/pages\/9204\/revisions\/10524"}],"wp:attachment":[{"href":"https:\/\/gambling6.com\/da\/wp-json\/wp\/v2\/media?parent=9204"}],"curies":[{"name":"wp","href":"https:\/\/api.w.org\/{rel}","templated":true}]}}