{"id":9274,"date":"2025-11-10T12:59:21","date_gmt":"2025-11-10T12:59:21","guid":{"rendered":"https:\/\/gambling6.com\/lotteri\/"},"modified":"2025-11-15T11:38:33","modified_gmt":"2025-11-15T11:38:33","slug":"lotteri","status":"publish","type":"page","link":"https:\/\/gambling6.com\/da\/lotteri\/","title":{"rendered":"Lotteri"},"content":{"rendered":"<h2>Lotto bliver internationalt og online.<\/h2>\n<p>Selvom det betragtes som en fantastisk form for underholdning, er k\u00f8b af internationale lotterikuponer ogs\u00e5 blevet en stor forretning. Spil generelt er eksploderet, delvist p\u00e5 grund af den fremragende eksponering, poker har f\u00e5et fra medierne, og yderligere succes er blevet tilskrevet internettet. <strong>At spille internationale lotterier og k\u00f8be kuponer online har accelereret jackpotv\u00e6ksten,<\/strong> og mange mennesker g\u00f8r nu RedFoxLotto til en del af deres indkomstplan.<\/p>\n<h2>Internettet g\u00f8r det nemt at k\u00f8be lotterikuponer.<\/h2>\n<p>Internettet har \u00e6ndret vores liv p\u00e5 mange m\u00e5der; det har helt sikkert gjort verden til et meget mindre sted. Der spilles hundredvis af lotterier dagligt i mange lande verden over. De fleste nationale tr\u00e6kninger, inklusive dem med st\u00f8rre jackpots, er blevet gjort tilg\u00e6ngelige for folk, der k\u00f8ber lotterikuponer internationalt. <strong>Store verdensomsp\u00e6ndende lotterier, s\u00e5som Mega Millions i USA og Powerball fra b\u00e5de USA og Australien, tillader k\u00f8b af lodsedler online via vores partner RedFoxLotto.<\/strong><img loading=\"lazy\" decoding=\"async\" class=\"alignright size-full wp-image-437\" style=\"margin: 10px; border: 5px none #ffffff; float: right;\" src=\"http:\/\/gambling6.com\/wp-content\/uploads\/2013\/12\/International-Community-150x150.jpg\" alt=\"Internationale lotterier online\" width=\"150\" height=\"150\" \/><\/p>\n<h2>K\u00f8b lotteribilletter d\u00f8gnet rundt<\/h2>\n<p>I dagens teknologiske verden kan vi k\u00f8be lodsedler til mange internationale lotterier 24 timer i d\u00f8gnet, 365 dage om ugen. Med internettet kan vi k\u00f8be disse lodsedler uden at skulle l\u00f8be til lotteriforhandlere eller st\u00e5 i k\u00f8. Vi kan tage os tid til at v\u00e6lge dine tal og bruge de forskellige v\u00e6rkt\u00f8jer, der er tilg\u00e6ngelige for dig, til at g\u00f8re det. Den nemme m\u00e5de at spille internationale lotterier p\u00e5 har h\u00e6vet jackpots og flerlagspr\u00e6mier til rekordniveauer. Pr\u00e6mieniveauerne har f\u00e5et mange til at opbygge en forretning ved at spille RedFoxLotto online.<\/p>\n<h2>Det er sikkert at k\u00f8be lotterikuponer online.<\/h2>\n<p>Med vores partner RedFoxLotto er det sikkert og ligetil at k\u00f8be kuponer til internationale lotterier. F\u00f8rst skal du \u00e5bne en konto. N\u00e5r du \u00e5bner din konto, vil du blive bedt om at give personlige oplysninger. S\u00f8rg for at indtaste de aktuelle og korrekte oplysninger til din konto for at kunne bekr\u00e6fte din identitet, n\u00e5r du vinder den store jackpot. De oplysninger, du indtaster og sender, er beskyttet af 256-bit kryptering, og safe harbor-hostingen sikrer, at de holdes private og kun bruges til de form\u00e5l, der er beskrevet p\u00e5 hjemmesiden.<\/p>\n<h2>Netbankmetoder til at vinde RedFoxLotto<\/h2>\n<p>Du kan bruge kort som Visa, MasterCard og Visa debit til at k\u00f8be kuponer. Flere andre betalingsmetoder er tilg\u00e6ngelige, s\u00e5som bankoverf\u00f8rsler og kryptobetalinger. Men hvis du har en betydelig gevinst, skal du angive en bankkonto, s\u00e5 dine gevinster kan overf\u00f8res til dig. Det sikre milj\u00f8 g\u00f8r det til et perfekt valg til at spille internationale lotterier og modtage dine gevinster.<\/p>\n<h2>Det har fordele at k\u00f8be lotterikuponer online.<\/h2>\n<p>En anden fordel ved at k\u00f8be lotterikuponer online er, at der findes mange v\u00e6rkt\u00f8jer, der kan hj\u00e6lpe dig med at analysere tal for de fleste store internationale tr\u00e6kninger. Online lotteriv\u00e6rkt\u00f8jerne giver dig mulighed for at se de hyppigste tal, de mindst hyppige tal og tr\u00e6kningshistorikken for lotterier verden over. Disse oplysninger giver dig en fordel, n\u00e5r du k\u00f8ber dine kuponer, og kan styrke din bankkonto med gevinster i flere niveauer.<\/p>\n<p>Det kan v\u00e6re sjovt og profitabelt at spille RedFoxLotto. Begynd at spille internationale lotterier i dag. <a class=\"thirstylink\" title=\"Redfoxlotto\" href=\"https:\/\/gambling6.com\/go\/redfoxlotto\/\" target=\"_blank\" rel=\"nofollow noopener\">For at k\u00f8be dine internationale lotterikuponer online, bes\u00f8g vores partner RedFoxLotto.<\/a><\/p>\n<h2>Skal du v\u00e6re bosiddende i USA for at spille et internationalt lotteri?<\/h2>\n<p>Det enkle svar er: nej, det beh\u00f8ver du ikke! Hvis du har l\u00e6st artikler p\u00e5 internettet eller i avisen om folk, der har vundet millionjackpots, har du m\u00e5ske t\u00e6nkt: &#8220;Hvorfor kan jeg ikke pr\u00f8ve et af de lotterier?&#8221; Nu er det ikke l\u00e6ngere et problem, at du ikke er bosiddende i det land, hvor jackpot-lotteriet tr\u00e6kkes.<\/p>\n<p>Du kan f\u00e5 en lodseddel til enhver lottojackpot, du gerne vil vinde, da de er tilg\u00e6ngelige online for alle i verden. Denne hjemmeside hj\u00e6lper dig med at k\u00f8be en online lottoseddel til de mest betydningsfulde internationale jackpots derude. Og proceduren kunne ikke v\u00e6re mere ligetil. Klik p\u00e5 linket ovenfor, og v\u00e6lg et lotteri. Du bliver f\u00f8rt til en side, hvor du selv kan v\u00e6lge dine yndlingsnumre til det p\u00e5g\u00e6ldende lotteri eller lade computeren tilf\u00e6ldigt v\u00e6lge numre for dig.<\/p>\n<p>Derefter betaler du online via den betalingsmulighed, der er mest bekvem for dig. Disse betalingsmetoder omfatter popul\u00e6re, sikre e-wallet-l\u00f8sninger som Skrill og endda kryptovaluta. Du kan selvf\u00f8lgelig ogs\u00e5 v\u00e6lge den mest popul\u00e6re mulighed: betaling med kreditkort.<\/p>\n<p><strong>Hvad sker der nu \u2013 hvordan f\u00e5r jeg min online lottokupon?<\/strong> Det fungerer som en kurertjeneste \u2013 din online lottokupon vill k\u00f8bes i dit navn, scannes derefter og uploades til din konto.<\/p>\n<p>Alt du skal g\u00f8re er at l\u00e6ne dig tilbage og vente p\u00e5 tr\u00e6kningen, tjekke dine tal og se, hvor meget du har vundet. Hvis du vinder et bel\u00f8b under \u20ac 2000, krediteres pengene din kundekonto. For bel\u00f8b h\u00f8jere end det kr\u00e6ver RedFoxLotto-reglerne, at du udfylder en anmodningsformular, som hjemmesiden stiller til r\u00e5dighed. De videresender den til den relevante lotterikommission p\u00e5 dine vegne, og f\u00f8r du ved af det, er der en check i posten til dig! <a class=\"thirstylink\" title=\"Redfoxlotto\" href=\"https:\/\/gambling6.com\/go\/redfoxlotto\/\" target=\"_blank\" rel=\"nofollow noopener\">K\u00f8b lotterikuponer i dag hos RedFoxLotto!<\/a><\/p>\n<p>&nbsp;<\/p>\n","protected":false},"excerpt":{"rendered":"<p>Lotto bliver internationalt og online. Selvom det betragtes som en fantastisk form for underholdning, er k\u00f8b af internationale lotterikuponer ogs\u00e5 blevet en stor forretning. Spil generelt er eksploderet, delvist p\u00e5 grund af den fremragende eksponering, poker har f\u00e5et fra medierne, og yderligere succes er blevet tilskrevet internettet. At spille internationale lotterier og k\u00f8be kuponer online [&hellip;]<\/p>\n","protected":false},"author":1,"featured_media":9276,"parent":0,"menu_order":8,"comment_status":"closed","ping_status":"closed","template":"","meta":{"footnotes":""},"class_list":["post-9274","page","type-page","status-publish","has-post-thumbnail","hentry"],"yoast_head":"<!-- This site is optimized with the Yoast SEO plugin v27.4 - https:\/\/yoast.com\/product\/yoast-seo-wordpress\/ -->\n<title>K\u00f8b af internationale lottobilletter online<\/title>\n<meta name=\"description\" content=\"Det er nemt at k\u00f8be lodsedler til internationale lotterier online. Uanset hvor du bor, kan du deltage i et af de bedste lotterier i verden.\" \/>\n<meta name=\"robots\" content=\"index, follow, max-snippet:-1, max-image-preview:large, max-video-preview:-1\" \/>\n<link rel=\"canonical\" href=\"https:\/\/gambling6.com\/da\/lotteri\/\" \/>\n<meta property=\"og:locale\" content=\"da_DK\" \/>\n<meta property=\"og:type\" content=\"article\" \/>\n<meta property=\"og:title\" content=\"K\u00f8b af internationale lottobilletter online\" \/>\n<meta property=\"og:description\" content=\"Det er nemt at k\u00f8be lodsedler til internationale lotterier online. Uanset hvor du bor, kan du deltage i et af de bedste lotterier i verden.\" \/>\n<meta property=\"og:url\" content=\"https:\/\/gambling6.com\/da\/lotteri\/\" \/>\n<meta property=\"og:site_name\" content=\"Gambling6\" \/>\n<meta property=\"article:modified_time\" content=\"2025-11-15T11:38:33+00:00\" \/>\n<meta property=\"og:image\" content=\"https:\/\/gambling6.com\/wp-content\/uploads\/2013\/12\/International-Community-150x150.jpg\" \/>\n\t<meta property=\"og:image:width\" content=\"150\" \/>\n\t<meta property=\"og:image:height\" content=\"150\" \/>\n\t<meta property=\"og:image:type\" content=\"image\/jpeg\" \/>\n<meta name=\"twitter:card\" content=\"summary_large_image\" \/>\n<meta name=\"twitter:label1\" content=\"Estimeret l\u00e6setid\" \/>\n\t<meta name=\"twitter:data1\" content=\"4 minutter\" \/>\n<script type=\"application\/ld+json\" class=\"yoast-schema-graph\">{\"@context\":\"https:\\\/\\\/schema.org\",\"@graph\":[{\"@type\":\"WebPage\",\"@id\":\"https:\\\/\\\/gambling6.com\\\/da\\\/lotteri\\\/\",\"url\":\"https:\\\/\\\/gambling6.com\\\/da\\\/lotteri\\\/\",\"name\":\"K\u00f8b af internationale lottobilletter online\",\"isPartOf\":{\"@id\":\"https:\\\/\\\/gambling6.com\\\/da\\\/#website\"},\"primaryImageOfPage\":{\"@id\":\"https:\\\/\\\/gambling6.com\\\/da\\\/lotteri\\\/#primaryimage\"},\"image\":{\"@id\":\"https:\\\/\\\/gambling6.com\\\/da\\\/lotteri\\\/#primaryimage\"},\"thumbnailUrl\":\"https:\\\/\\\/gambling6.com\\\/wp-content\\\/uploads\\\/2013\\\/12\\\/International-Community-150x150.jpg\",\"datePublished\":\"2025-11-10T12:59:21+00:00\",\"dateModified\":\"2025-11-15T11:38:33+00:00\",\"description\":\"Det er nemt at k\u00f8be lodsedler til internationale lotterier online. Uanset hvor du bor, kan du deltage i et af de bedste lotterier i verden.\",\"breadcrumb\":{\"@id\":\"https:\\\/\\\/gambling6.com\\\/da\\\/lotteri\\\/#breadcrumb\"},\"inLanguage\":\"da-DK\",\"potentialAction\":[{\"@type\":\"ReadAction\",\"target\":[\"https:\\\/\\\/gambling6.com\\\/da\\\/lotteri\\\/\"]}]},{\"@type\":\"ImageObject\",\"inLanguage\":\"da-DK\",\"@id\":\"https:\\\/\\\/gambling6.com\\\/da\\\/lotteri\\\/#primaryimage\",\"url\":\"https:\\\/\\\/gambling6.com\\\/wp-content\\\/uploads\\\/2013\\\/12\\\/International-Community-150x150.jpg\",\"contentUrl\":\"https:\\\/\\\/gambling6.com\\\/wp-content\\\/uploads\\\/2013\\\/12\\\/International-Community-150x150.jpg\",\"width\":150,\"height\":150,\"caption\":\"International Lotteries Online\"},{\"@type\":\"BreadcrumbList\",\"@id\":\"https:\\\/\\\/gambling6.com\\\/da\\\/lotteri\\\/#breadcrumb\",\"itemListElement\":[{\"@type\":\"ListItem\",\"position\":1,\"name\":\"Home\",\"item\":\"https:\\\/\\\/gambling6.com\\\/da\\\/home\\\/\"},{\"@type\":\"ListItem\",\"position\":2,\"name\":\"Lotteri\"}]},{\"@type\":\"WebSite\",\"@id\":\"https:\\\/\\\/gambling6.com\\\/da\\\/#website\",\"url\":\"https:\\\/\\\/gambling6.com\\\/da\\\/\",\"name\":\"Gambling6\",\"description\":\"\",\"potentialAction\":[{\"@type\":\"SearchAction\",\"target\":{\"@type\":\"EntryPoint\",\"urlTemplate\":\"https:\\\/\\\/gambling6.com\\\/da\\\/?s={search_term_string}\"},\"query-input\":{\"@type\":\"PropertyValueSpecification\",\"valueRequired\":true,\"valueName\":\"search_term_string\"}}],\"inLanguage\":\"da-DK\"}]}<\/script>\n<!-- \/ Yoast SEO plugin. -->","yoast_head_json":{"title":"K\u00f8b af internationale lottobilletter online","description":"Det er nemt at k\u00f8be lodsedler til internationale lotterier online. Uanset hvor du bor, kan du deltage i et af de bedste lotterier i verden.","robots":{"index":"index","follow":"follow","max-snippet":"max-snippet:-1","max-image-preview":"max-image-preview:large","max-video-preview":"max-video-preview:-1"},"canonical":"https:\/\/gambling6.com\/da\/lotteri\/","og_locale":"da_DK","og_type":"article","og_title":"K\u00f8b af internationale lottobilletter online","og_description":"Det er nemt at k\u00f8be lodsedler til internationale lotterier online. Uanset hvor du bor, kan du deltage i et af de bedste lotterier i verden.","og_url":"https:\/\/gambling6.com\/da\/lotteri\/","og_site_name":"Gambling6","article_modified_time":"2025-11-15T11:38:33+00:00","og_image":[{"width":150,"height":150,"url":"https:\/\/gambling6.com\/wp-content\/uploads\/2013\/12\/International-Community-150x150.jpg","type":"image\/jpeg"}],"twitter_card":"summary_large_image","twitter_misc":{"Estimeret l\u00e6setid":"4 minutter"},"schema":{"@context":"https:\/\/schema.org","@graph":[{"@type":"WebPage","@id":"https:\/\/gambling6.com\/da\/lotteri\/","url":"https:\/\/gambling6.com\/da\/lotteri\/","name":"K\u00f8b af internationale lottobilletter online","isPartOf":{"@id":"https:\/\/gambling6.com\/da\/#website"},"primaryImageOfPage":{"@id":"https:\/\/gambling6.com\/da\/lotteri\/#primaryimage"},"image":{"@id":"https:\/\/gambling6.com\/da\/lotteri\/#primaryimage"},"thumbnailUrl":"https:\/\/gambling6.com\/wp-content\/uploads\/2013\/12\/International-Community-150x150.jpg","datePublished":"2025-11-10T12:59:21+00:00","dateModified":"2025-11-15T11:38:33+00:00","description":"Det er nemt at k\u00f8be lodsedler til internationale lotterier online. Uanset hvor du bor, kan du deltage i et af de bedste lotterier i verden.","breadcrumb":{"@id":"https:\/\/gambling6.com\/da\/lotteri\/#breadcrumb"},"inLanguage":"da-DK","potentialAction":[{"@type":"ReadAction","target":["https:\/\/gambling6.com\/da\/lotteri\/"]}]},{"@type":"ImageObject","inLanguage":"da-DK","@id":"https:\/\/gambling6.com\/da\/lotteri\/#primaryimage","url":"https:\/\/gambling6.com\/wp-content\/uploads\/2013\/12\/International-Community-150x150.jpg","contentUrl":"https:\/\/gambling6.com\/wp-content\/uploads\/2013\/12\/International-Community-150x150.jpg","width":150,"height":150,"caption":"International Lotteries Online"},{"@type":"BreadcrumbList","@id":"https:\/\/gambling6.com\/da\/lotteri\/#breadcrumb","itemListElement":[{"@type":"ListItem","position":1,"name":"Home","item":"https:\/\/gambling6.com\/da\/home\/"},{"@type":"ListItem","position":2,"name":"Lotteri"}]},{"@type":"WebSite","@id":"https:\/\/gambling6.com\/da\/#website","url":"https:\/\/gambling6.com\/da\/","name":"Gambling6","description":"","potentialAction":[{"@type":"SearchAction","target":{"@type":"EntryPoint","urlTemplate":"https:\/\/gambling6.com\/da\/?s={search_term_string}"},"query-input":{"@type":"PropertyValueSpecification","valueRequired":true,"valueName":"search_term_string"}}],"inLanguage":"da-DK"}]}},"_links":{"self":[{"href":"https:\/\/gambling6.com\/da\/wp-json\/wp\/v2\/pages\/9274","targetHints":{"allow":["GET"]}}],"collection":[{"href":"https:\/\/gambling6.com\/da\/wp-json\/wp\/v2\/pages"}],"about":[{"href":"https:\/\/gambling6.com\/da\/wp-json\/wp\/v2\/types\/page"}],"author":[{"embeddable":true,"href":"https:\/\/gambling6.com\/da\/wp-json\/wp\/v2\/users\/1"}],"replies":[{"embeddable":true,"href":"https:\/\/gambling6.com\/da\/wp-json\/wp\/v2\/comments?post=9274"}],"version-history":[{"count":1,"href":"https:\/\/gambling6.com\/da\/wp-json\/wp\/v2\/pages\/9274\/revisions"}],"predecessor-version":[{"id":10741,"href":"https:\/\/gambling6.com\/da\/wp-json\/wp\/v2\/pages\/9274\/revisions\/10741"}],"wp:featuredmedia":[{"embeddable":true,"href":"https:\/\/gambling6.com\/da\/wp-json\/wp\/v2\/media\/9276"}],"wp:attachment":[{"href":"https:\/\/gambling6.com\/da\/wp-json\/wp\/v2\/media?parent=9274"}],"curies":[{"name":"wp","href":"https:\/\/api.w.org\/{rel}","templated":true}]}}