{"id":9337,"date":"2025-11-10T20:31:16","date_gmt":"2025-11-10T20:31:16","guid":{"rendered":"https:\/\/gambling6.com\/lotteri\/fa-online-lodsedler-til-mega-millions-lotteriet\/"},"modified":"2025-11-10T20:31:16","modified_gmt":"2025-11-10T20:31:16","slug":"fa-online-lodsedler-til-mega-millions-lotteriet","status":"publish","type":"page","link":"https:\/\/gambling6.com\/da\/lotteri\/fa-online-lodsedler-til-mega-millions-lotteriet\/","title":{"rendered":"F\u00e5 online lodsedler til Mega Millions-lotteriet"},"content":{"rendered":"<h2>Mega Millions-lotterisedler kan k\u00f8bes overalt i verden<\/h2>\n<p>Et utroligt antal mennesker k\u00f8ber lotterier hver eneste dag, b\u00e5de i Nordamerika og resten af \u200b\u200bverden. De fleste lotterideltagere er godt klar over, at deres chancer for rent faktisk at vinde jackpotten er meget sm\u00e5. <strong>Men med muligheden for at\u00a0<\/strong><span style=\"box-sizing: border-box; margin: 0px; padding: 0px;\"><strong>k\u00f8be lodsedler online til Mega Millions-lotteriet, skynder folk sig dagligt hen til deres computere<\/strong>, logger ind p\u00e5 vores partner RedFoxLotto.com og k\u00f8ber lodsedler <\/span>til det gigantiske amerikanske Mega Millions-lotteri.<img loading=\"lazy\" decoding=\"async\" class=\" alignright wp-image-544\" style=\"margin: 10px; border: 5px solid #ffffff; float: right;\" src=\"http:\/\/gambling6.com\/wp-content\/uploads\/2013\/12\/get-mega-millions-tickets-online.png\" alt=\"dine Megamillions-billetter online\" width=\"297\" height=\"163\" srcset=\"https:\/\/gambling6.com\/wp-content\/uploads\/2013\/12\/get-mega-millions-tickets-online.png 388w, https:\/\/gambling6.com\/wp-content\/uploads\/2013\/12\/get-mega-millions-tickets-online-300x165.png 300w\" sizes=\"auto, (max-width: 297px) 100vw, 297px\" \/><\/p>\n<h2>For at vinde skal du k\u00f8be dine online billetter.<\/h2>\n<p>Mange mennesker vil hellere have en lille chance for at vinde end ingen chance overhovedet. Som ordsproget siger: &#8220;Du kan ikke vinde uden en lodseddel&#8221;. Denne s\u00e6tning sidder fast i mange menneskers hukommelse, og med lottobilleder, der oversv\u00f8mmer dem hver dag, er de meget tilb\u00f8jelige til at k\u00f8be deres billetter online. Internettet har gjort det muligt for folk internationalt at k\u00f8be billetter til hver eneste lotteritr\u00e6kning. Da Mega Millions er en af \u200b\u200bde st\u00f8rste tr\u00e6kninger p\u00e5 verdensplan, giver det simpelthen mening, at folk str\u00f8mmer til for at k\u00f8be billetter online.<\/p>\n<p>For at f\u00e5 din lodseddel, <a class=\"thirstylink\" title=\"Redfoxlotto\" href=\"https:\/\/gambling6.com\/go\/redfoxlotto\/\" target=\"_blank\" rel=\"nofollow noopener\">klik her for at bes\u00f8ge RedFoxLotto.com<\/a>, en fremragende lotteriseddel-messenger-tjeneste, hvor du kan k\u00f8be lodsedler til de st\u00f8rste jackpots fra hele verden.<\/p>\n<h2>Livs\u00e6ndrende muligheder venter onlinek\u00f8bere.<\/h2>\n<p>Det er vigtigt at bem\u00e6rke, at folk k\u00f8ber lodsedler til Mega Millions-lotteriet online for at fors\u00f8ge at \u00e6ndre deres liv. N\u00e5r de h\u00f8rer resultatet af, at et par i Tunkhannock, Pennsylvania, har vundet hovedpr\u00e6mien, bliver de skuffede og tjekker ikke engang deres lodsedler.<\/p>\n<h2>Mega Millions- og Powerball-lodsedler online er de mest popul\u00e6re.<\/h2>\n<p>De to lotterier i USA, nemlig Megamillions og Powerball, er faktisk de st\u00f8rste jackpotproducerende lotterier p\u00e5 verdensplan. Det er derfor ikke overraskende, at onlinesalget af lodsedler til disse to giganter stiger til nye h\u00f8jder hver uge. At k\u00f8be lodsedler til Mega Millions online har regelm\u00e6ssigt bragt jackpots til ekstraordin\u00e6re niveauer.<\/p>\n<h2>Fantastiske Mega Millions jackpots i 2013 n\u00e6rmer sig rekordh\u00f8je niveauer<\/h2>\n<table style=\"width: 500px;\" border=\"1\" cellspacing=\"5\" cellpadding=\"5\" align=\"center\">\n<tbody>\n<tr>\n<td colspan=\"3\" align=\"center\">Top fem jackpots for 2013<\/td>\n<\/tr>\n<tr>\n<td>Tr\u00e6kning<\/td>\n<td align=\"center\">Dato<\/td>\n<td align=\"center\">Jackpot (USD)<\/td>\n<\/tr>\n<tr>\n<td>Mega Millions &#8211; USA<\/td>\n<td align=\"center\">17-dec-13<\/td>\n<td align=\"right\">$636.000.000<\/td>\n<\/tr>\n<tr>\n<td>Mega Millions &#8211; USA<\/td>\n<td align=\"center\">17-maj-13<\/td>\n<td align=\"right\">$190.000.000<\/td>\n<\/tr>\n<tr>\n<td>Mega Millions &#8211; USA<\/td>\n<td align=\"center\">1-okt-13<\/td>\n<td align=\"right\">$189.000.000<\/td>\n<\/tr>\n<tr>\n<td>Mega Millions &#8211; USA<\/td>\n<td align=\"center\">25-jan-13<\/td>\n<td align=\"right\">$89.000.000<\/td>\n<\/tr>\n<tr>\n<td>Mega Millions &#8211; USA<\/td>\n<td align=\"center\">5-jul-13<\/td>\n<td align=\"right\">$79.000.000<\/td>\n<\/tr>\n<\/tbody>\n<\/table>\n<h2>\u00a0Mange pr\u00e6mier til Mega Millions online-lodsedler indehavere<\/h2>\n<table style=\"width: 500px;\" border=\"1\" cellspacing=\"5\" cellpadding=\"5\" align=\"center\">\n<tbody>\n<tr>\n<td colspan=\"3\" align=\"center\">Mega Millions Lotteri pr\u00e6mieniveauer<\/td>\n<\/tr>\n<tr>\n<td>Pr\u00e6mie<\/td>\n<td align=\"center\">Kampe<\/td>\n<td align=\"center\">Odds<\/td>\n<\/tr>\n<tr>\n<td>1. (Jackpot)<\/td>\n<td align=\"center\">5 + 1<\/td>\n<td align=\"right\">175.711.538 : 1<\/td>\n<\/tr>\n<tr>\n<td>2.<\/td>\n<td align=\"center\">5<\/td>\n<td align=\"right\">3.904.701 : 1<\/td>\n<\/tr>\n<tr>\n<td>3.<\/td>\n<td align=\"center\">4 + 1<\/td>\n<td align=\"right\">689.065 : 1<\/td>\n<\/tr>\n<tr>\n<td>4.<\/td>\n<td align=\"center\">4<\/td>\n<td align=\"right\">15.313 : 1<\/td>\n<\/tr>\n<tr>\n<td>5.<\/td>\n<td align=\"center\">3 + 1<\/td>\n<td align=\"right\">13.781 : 1<\/td>\n<\/tr>\n<tr>\n<td>6.<\/td>\n<td align=\"center\">2 + 1<\/td>\n<td align=\"right\">844 : 1<\/td>\n<\/tr>\n<tr>\n<td>7.<\/td>\n<td align=\"center\">3<\/td>\n<td align=\"right\">360 : 1<\/td>\n<\/tr>\n<tr>\n<td>8.<\/td>\n<td align=\"center\">1 + 1<\/td>\n<td align=\"right\">141 : 1<\/td>\n<\/tr>\n<tr>\n<td>9.<\/td>\n<td align=\"center\">0 + 1<\/td>\n<td align=\"right\">75 : 1<\/td>\n<\/tr>\n<\/tbody>\n<\/table>\n<p style=\"text-align: center;\"><strong>Spil Mega Millions i dag med dine online lodsedler, og du kan f\u00e5 dine dr\u00f8mme til at g\u00e5 i opfyldelse!<\/strong><\/p>\n","protected":false},"excerpt":{"rendered":"<p>Mega Millions-lotterisedler kan k\u00f8bes overalt i verden Et utroligt antal mennesker k\u00f8ber lotterier hver eneste dag, b\u00e5de i Nordamerika og resten af \u200b\u200bverden. De fleste lotterideltagere er godt klar over, at deres chancer for rent faktisk at vinde jackpotten er meget sm\u00e5. Men med muligheden for at\u00a0k\u00f8be lodsedler online til Mega Millions-lotteriet, skynder folk sig [&hellip;]<\/p>\n","protected":false},"author":1,"featured_media":9338,"parent":9274,"menu_order":13,"comment_status":"closed","ping_status":"closed","template":"","meta":{"footnotes":""},"class_list":["post-9337","page","type-page","status-publish","has-post-thumbnail","hentry"],"yoast_head":"<!-- This site is optimized with the Yoast SEO plugin v27.6 - https:\/\/yoast.com\/product\/yoast-seo-wordpress\/ -->\n<title>K\u00f8b Mega Millions-lotterisedler online<\/title>\n<meta name=\"description\" content=\"vind, stort, f\u00e5, dine, online, billetter, MegaMillions, lotteri\" \/>\n<meta name=\"robots\" content=\"index, follow, max-snippet:-1, max-image-preview:large, max-video-preview:-1\" \/>\n<link rel=\"canonical\" href=\"https:\/\/gambling6.com\/da\/lotteri\/fa-online-lodsedler-til-mega-millions-lotteriet\/\" \/>\n<meta property=\"og:locale\" content=\"da_DK\" \/>\n<meta property=\"og:type\" content=\"article\" \/>\n<meta property=\"og:title\" content=\"K\u00f8b Mega Millions-lotterisedler online\" \/>\n<meta property=\"og:description\" content=\"vind, stort, f\u00e5, dine, online, billetter, MegaMillions, lotteri\" \/>\n<meta property=\"og:url\" content=\"https:\/\/gambling6.com\/da\/lotteri\/fa-online-lodsedler-til-mega-millions-lotteriet\/\" \/>\n<meta property=\"og:site_name\" content=\"Gambling6\" \/>\n<meta property=\"og:image\" content=\"https:\/\/gambling6.com\/wp-content\/uploads\/2013\/12\/get-mega-millions-tickets-online.png\" \/>\n\t<meta property=\"og:image:width\" content=\"388\" \/>\n\t<meta property=\"og:image:height\" content=\"213\" \/>\n\t<meta property=\"og:image:type\" content=\"image\/png\" \/>\n<meta name=\"twitter:card\" content=\"summary_large_image\" \/>\n<meta name=\"twitter:label1\" content=\"Estimeret l\u00e6setid\" \/>\n\t<meta name=\"twitter:data1\" content=\"2 minutter\" \/>\n<script type=\"application\/ld+json\" class=\"yoast-schema-graph\">{\"@context\":\"https:\\\/\\\/schema.org\",\"@graph\":[{\"@type\":\"WebPage\",\"@id\":\"https:\\\/\\\/gambling6.com\\\/da\\\/lotteri\\\/fa-online-lodsedler-til-mega-millions-lotteriet\\\/\",\"url\":\"https:\\\/\\\/gambling6.com\\\/da\\\/lotteri\\\/fa-online-lodsedler-til-mega-millions-lotteriet\\\/\",\"name\":\"K\u00f8b Mega Millions-lotterisedler online\",\"isPartOf\":{\"@id\":\"https:\\\/\\\/gambling6.com\\\/da\\\/#website\"},\"primaryImageOfPage\":{\"@id\":\"https:\\\/\\\/gambling6.com\\\/da\\\/lotteri\\\/fa-online-lodsedler-til-mega-millions-lotteriet\\\/#primaryimage\"},\"image\":{\"@id\":\"https:\\\/\\\/gambling6.com\\\/da\\\/lotteri\\\/fa-online-lodsedler-til-mega-millions-lotteriet\\\/#primaryimage\"},\"thumbnailUrl\":\"https:\\\/\\\/gambling6.com\\\/wp-content\\\/uploads\\\/2013\\\/12\\\/get-mega-millions-tickets-online.png\",\"datePublished\":\"2025-11-10T20:31:16+00:00\",\"description\":\"vind, stort, f\u00e5, dine, online, billetter, MegaMillions, lotteri\",\"breadcrumb\":{\"@id\":\"https:\\\/\\\/gambling6.com\\\/da\\\/lotteri\\\/fa-online-lodsedler-til-mega-millions-lotteriet\\\/#breadcrumb\"},\"inLanguage\":\"da-DK\",\"potentialAction\":[{\"@type\":\"ReadAction\",\"target\":[\"https:\\\/\\\/gambling6.com\\\/da\\\/lotteri\\\/fa-online-lodsedler-til-mega-millions-lotteriet\\\/\"]}]},{\"@type\":\"ImageObject\",\"inLanguage\":\"da-DK\",\"@id\":\"https:\\\/\\\/gambling6.com\\\/da\\\/lotteri\\\/fa-online-lodsedler-til-mega-millions-lotteriet\\\/#primaryimage\",\"url\":\"https:\\\/\\\/gambling6.com\\\/wp-content\\\/uploads\\\/2013\\\/12\\\/get-mega-millions-tickets-online.png\",\"contentUrl\":\"https:\\\/\\\/gambling6.com\\\/wp-content\\\/uploads\\\/2013\\\/12\\\/get-mega-millions-tickets-online.png\",\"width\":388,\"height\":213,\"caption\":\"your Megamillions tickets online\"},{\"@type\":\"BreadcrumbList\",\"@id\":\"https:\\\/\\\/gambling6.com\\\/da\\\/lotteri\\\/fa-online-lodsedler-til-mega-millions-lotteriet\\\/#breadcrumb\",\"itemListElement\":[{\"@type\":\"ListItem\",\"position\":1,\"name\":\"Home\",\"item\":\"https:\\\/\\\/gambling6.com\\\/da\\\/home\\\/\"},{\"@type\":\"ListItem\",\"position\":2,\"name\":\"Lotteri\",\"item\":\"https:\\\/\\\/gambling6.com\\\/da\\\/lotteri\\\/\"},{\"@type\":\"ListItem\",\"position\":3,\"name\":\"F\u00e5 online lodsedler til Mega Millions-lotteriet\"}]},{\"@type\":\"WebSite\",\"@id\":\"https:\\\/\\\/gambling6.com\\\/da\\\/#website\",\"url\":\"https:\\\/\\\/gambling6.com\\\/da\\\/\",\"name\":\"Gambling6\",\"description\":\"\",\"potentialAction\":[{\"@type\":\"SearchAction\",\"target\":{\"@type\":\"EntryPoint\",\"urlTemplate\":\"https:\\\/\\\/gambling6.com\\\/da\\\/?s={search_term_string}\"},\"query-input\":{\"@type\":\"PropertyValueSpecification\",\"valueRequired\":true,\"valueName\":\"search_term_string\"}}],\"inLanguage\":\"da-DK\"}]}<\/script>\n<!-- \/ Yoast SEO plugin. -->","yoast_head_json":{"title":"K\u00f8b Mega Millions-lotterisedler online","description":"vind, stort, f\u00e5, dine, online, billetter, MegaMillions, lotteri","robots":{"index":"index","follow":"follow","max-snippet":"max-snippet:-1","max-image-preview":"max-image-preview:large","max-video-preview":"max-video-preview:-1"},"canonical":"https:\/\/gambling6.com\/da\/lotteri\/fa-online-lodsedler-til-mega-millions-lotteriet\/","og_locale":"da_DK","og_type":"article","og_title":"K\u00f8b Mega Millions-lotterisedler online","og_description":"vind, stort, f\u00e5, dine, online, billetter, MegaMillions, lotteri","og_url":"https:\/\/gambling6.com\/da\/lotteri\/fa-online-lodsedler-til-mega-millions-lotteriet\/","og_site_name":"Gambling6","og_image":[{"width":388,"height":213,"url":"https:\/\/gambling6.com\/wp-content\/uploads\/2013\/12\/get-mega-millions-tickets-online.png","type":"image\/png"}],"twitter_card":"summary_large_image","twitter_misc":{"Estimeret l\u00e6setid":"2 minutter"},"schema":{"@context":"https:\/\/schema.org","@graph":[{"@type":"WebPage","@id":"https:\/\/gambling6.com\/da\/lotteri\/fa-online-lodsedler-til-mega-millions-lotteriet\/","url":"https:\/\/gambling6.com\/da\/lotteri\/fa-online-lodsedler-til-mega-millions-lotteriet\/","name":"K\u00f8b Mega Millions-lotterisedler online","isPartOf":{"@id":"https:\/\/gambling6.com\/da\/#website"},"primaryImageOfPage":{"@id":"https:\/\/gambling6.com\/da\/lotteri\/fa-online-lodsedler-til-mega-millions-lotteriet\/#primaryimage"},"image":{"@id":"https:\/\/gambling6.com\/da\/lotteri\/fa-online-lodsedler-til-mega-millions-lotteriet\/#primaryimage"},"thumbnailUrl":"https:\/\/gambling6.com\/wp-content\/uploads\/2013\/12\/get-mega-millions-tickets-online.png","datePublished":"2025-11-10T20:31:16+00:00","description":"vind, stort, f\u00e5, dine, online, billetter, MegaMillions, lotteri","breadcrumb":{"@id":"https:\/\/gambling6.com\/da\/lotteri\/fa-online-lodsedler-til-mega-millions-lotteriet\/#breadcrumb"},"inLanguage":"da-DK","potentialAction":[{"@type":"ReadAction","target":["https:\/\/gambling6.com\/da\/lotteri\/fa-online-lodsedler-til-mega-millions-lotteriet\/"]}]},{"@type":"ImageObject","inLanguage":"da-DK","@id":"https:\/\/gambling6.com\/da\/lotteri\/fa-online-lodsedler-til-mega-millions-lotteriet\/#primaryimage","url":"https:\/\/gambling6.com\/wp-content\/uploads\/2013\/12\/get-mega-millions-tickets-online.png","contentUrl":"https:\/\/gambling6.com\/wp-content\/uploads\/2013\/12\/get-mega-millions-tickets-online.png","width":388,"height":213,"caption":"your Megamillions tickets online"},{"@type":"BreadcrumbList","@id":"https:\/\/gambling6.com\/da\/lotteri\/fa-online-lodsedler-til-mega-millions-lotteriet\/#breadcrumb","itemListElement":[{"@type":"ListItem","position":1,"name":"Home","item":"https:\/\/gambling6.com\/da\/home\/"},{"@type":"ListItem","position":2,"name":"Lotteri","item":"https:\/\/gambling6.com\/da\/lotteri\/"},{"@type":"ListItem","position":3,"name":"F\u00e5 online lodsedler til Mega Millions-lotteriet"}]},{"@type":"WebSite","@id":"https:\/\/gambling6.com\/da\/#website","url":"https:\/\/gambling6.com\/da\/","name":"Gambling6","description":"","potentialAction":[{"@type":"SearchAction","target":{"@type":"EntryPoint","urlTemplate":"https:\/\/gambling6.com\/da\/?s={search_term_string}"},"query-input":{"@type":"PropertyValueSpecification","valueRequired":true,"valueName":"search_term_string"}}],"inLanguage":"da-DK"}]}},"_links":{"self":[{"href":"https:\/\/gambling6.com\/da\/wp-json\/wp\/v2\/pages\/9337","targetHints":{"allow":["GET"]}}],"collection":[{"href":"https:\/\/gambling6.com\/da\/wp-json\/wp\/v2\/pages"}],"about":[{"href":"https:\/\/gambling6.com\/da\/wp-json\/wp\/v2\/types\/page"}],"author":[{"embeddable":true,"href":"https:\/\/gambling6.com\/da\/wp-json\/wp\/v2\/users\/1"}],"replies":[{"embeddable":true,"href":"https:\/\/gambling6.com\/da\/wp-json\/wp\/v2\/comments?post=9337"}],"version-history":[{"count":0,"href":"https:\/\/gambling6.com\/da\/wp-json\/wp\/v2\/pages\/9337\/revisions"}],"up":[{"embeddable":true,"href":"https:\/\/gambling6.com\/da\/wp-json\/wp\/v2\/pages\/9274"}],"wp:featuredmedia":[{"embeddable":true,"href":"https:\/\/gambling6.com\/da\/wp-json\/wp\/v2\/media\/9338"}],"wp:attachment":[{"href":"https:\/\/gambling6.com\/da\/wp-json\/wp\/v2\/media?parent=9337"}],"curies":[{"name":"wp","href":"https:\/\/api.w.org\/{rel}","templated":true}]}}