{"id":9380,"date":"2025-11-10T21:22:54","date_gmt":"2025-11-10T21:22:54","guid":{"rendered":"https:\/\/gambling6.com\/lotteri\/hvordan-kan-jeg-kobe-lodsedler-til-euromillions-lotteriet-online-uden-for-europa\/"},"modified":"2025-11-12T18:42:50","modified_gmt":"2025-11-12T18:42:50","slug":"hvordan-kan-jeg-kobe-lodsedler-til-euromillions-lotteriet-online-uden-for-europa","status":"publish","type":"page","link":"https:\/\/gambling6.com\/da\/lotteri\/hvordan-kan-jeg-kobe-lodsedler-til-euromillions-lotteriet-online-uden-for-europa\/","title":{"rendered":"Hvordan kan jeg k\u00f8be lodsedler til Euromillions-lotteriet online uden for Europa?"},"content":{"rendered":"<h2>Euro Millions<\/h2>\n<p>Med 185 millioner euro p\u00e5 spil og den s\u00e6dvanlige <span style=\"box-sizing: border-box; margin: 0px; padding: 0px;\">chance for at vinde over 100 millioner euro, <strong>kabler folk hen til deres computere for at k\u00f8be online lodsedler til EuroMillions<\/strong><\/span><strong>lotteriet.<\/strong> Euromillions spilles i 9 lande i hele Europa, og sidste \u00e5r udbetalte det over 2,5 milliarder dollars i pr\u00e6mier. Hvorfor skulle du ikke have chancen for at vinde denne jackpot? Alt du skal g\u00f8re er at bes\u00f8ge vores partner RedFoxLotto og f\u00e5 dine online lodsedler. Det har aldrig v\u00e6ret nemmere at spille RedFoxLotto.<\/p>\n<p><strong>Du kan k\u00f8be online lodsedler til Euromillions-lotteriet to gange om ugen<\/strong>, og ved at g\u00f8re det har du chancen for at vinde op til 13 forskellige pr\u00e6mieniveauer. For at k\u00f8be lodsedler online skal du v\u00e6lge 5 hovedtal fra 1 til 50. For det andet er der to heldige stjernetal, begge mellem 1 og 11, trukket fra en separat maskine. For at g\u00f8re krav p\u00e5 den f\u00f8rste jackpot skal du finde alle syv tal.<\/p>\n<h2>Hvorfor spille Euromillions-lotteriet online?<\/h2>\n<p><img loading=\"lazy\" decoding=\"async\" class=\"wp-image-1437 alignright\" src=\"https:\/\/gambling6.com\/wp-content\/uploads\/2022\/04\/2_ticket_euromillions-112x300.jpg\" alt=\"EuroMillions-lottokupon\" width=\"99\" height=\"265\" srcset=\"https:\/\/gambling6.com\/wp-content\/uploads\/2022\/04\/2_ticket_euromillions-112x300.jpg 112w, https:\/\/gambling6.com\/wp-content\/uploads\/2022\/04\/2_ticket_euromillions.jpg 200w\" sizes=\"auto, (max-width: 99px) 100vw, 99px\" \/>Lottofeberen i Europa kan &#8211; og har &#8211; n\u00e5et epidemiske niveauer. Derfor st\u00e5r folk ugentligt i k\u00f8 for at spille det st\u00f8rste lotteri i Europa med en af \u200b\u200bde tre st\u00f8rste jackpots i verden. Euromillions-lotteriet startede i 2004 og spilles i Belgien, Frankrig, Irland, \u00d8strig, Luxembourg, Spanien, Portugal, Schweiz og Storbritannien. Et skotsk par vandt den st\u00f8rste jackpot nogensinde i juli 2011 og gjorde krav p\u00e5 185 millioner euro.<\/p>\n<p>Ud over alle de europ\u00e6iske spillere i de ovenn\u00e6vnte lande k\u00f8ber millioner af mennesker lodder online hver uge. Det er meget nemt at f\u00e5 dine online lodder til EuroMillions-lotteriet: bes\u00f8g vores partner RedFoxLotto. Oddsene for at vinde f\u00f8rstepr\u00e6mien i EuroMillions-lotteriet er 1 ud af 116.531.800. Men for at deltage i et af de andre 13 pr\u00e6mieniveauer er dine samlede chancer \u00e9n ud af 13.<\/p>\n<p>Endnu engang finder du EuroMillions-lotteriet, et af de mest sp\u00e6ndende at spille i hele verden. <span style=\"box-sizing: border-box; margin: 0px; padding: 0px;\">Tag dig tid til\u00a0<a href=\"https:\/\/gambling6.com\/go\/redfoxlotto-en\/\" target=\"_blank\" rel=\"noopener\">at bes\u00f8ge RedFoxLotto i dag ved at f\u00f8lge dette link<\/a>, \u00e5bne en konto og komme i gang med at spille dette gigantiske europ\u00e6iske lotteri.<\/span> Vi er sikre p\u00e5, at du vil blive glad for det. Det er nemt at f\u00e5 online lodsedler til EuroMillions og andre popul\u00e6re lotterier verden over.<\/p>\n<table style=\"width: 500px;\" border=\"1\" cellspacing=\"5\" cellpadding=\"5\" align=\"center\">\n<tbody>\n<tr>\n<td colspan=\"3\" align=\"center\">Top fem jackpots for 2013<\/td>\n<\/tr>\n<tr>\n<td>Tr\u00e6kning<\/td>\n<td align=\"center\">Dato<\/td>\n<td align=\"center\">Jackpot (USD)<\/td>\n<\/tr>\n<tr>\n<td>Euro Millions &#8211; Europa<\/td>\n<td align=\"center\">25-juni-13<\/td>\n<td align=\"right\">$260.129.094<\/td>\n<\/tr>\n<tr>\n<td>Euro Millions &#8211; Europa<\/td>\n<td align=\"center\">15-nov-13<\/td>\n<td align=\"right\">$137.000.000<\/td>\n<\/tr>\n<tr>\n<td>Euro Millions &#8211; Europa<\/td>\n<td align=\"center\">28. maj-13<\/td>\n<td align=\"right\">$132.676.542<\/td>\n<\/tr>\n<tr>\n<td>Euro Millions &#8211; Europa<\/td>\n<td align=\"center\">25. juni-13<\/td>\n<td align=\"right\">$131.636.203<\/td>\n<\/tr>\n<tr>\n<td>Euro Millions &#8211; Europa<\/td>\n<td align=\"center\">23. august-13<\/td>\n<td align=\"right\">$131.628.767<\/td>\n<\/tr>\n<\/tbody>\n<\/table>\n<p>&nbsp;<\/p>\n<table style=\"width: 500px;\" border=\"1\" cellspacing=\"5\" cellpadding=\"5\" align=\"center\">\n<tbody>\n<tr>\n<td colspan=\"3\" align=\"center\">Euro Millions pr\u00e6mieniveauer<\/td>\n<\/tr>\n<tr>\n<td>Pr\u00e6mie<\/td>\n<td align=\"center\">Kampe<\/td>\n<td align=\"center\">Odds<\/td>\n<\/tr>\n<tr>\n<td>1. (Jackpot)<\/td>\n<td align=\"center\">5 + 2<\/td>\n<td align=\"right\">116.531.800 : 1<\/td>\n<\/tr>\n<tr>\n<td>2.<\/td>\n<td align=\"center\">5 + 1<\/td>\n<td align=\"right\">6.473.989 : 1<\/td>\n<\/tr>\n<tr>\n<td>3.<\/td>\n<td align=\"center\">5<\/td>\n<td align=\"right\">3.236.994 : 1<\/td>\n<\/tr>\n<tr>\n<td>4.<\/td>\n<td align=\"center\">4 + 2<\/td>\n<td align=\"right\">517.919 : 1<\/td>\n<\/tr>\n<tr>\n<td>5.<\/td>\n<td align=\"center\">4 + 1<\/td>\n<td align=\"right\">28.773 : 1<\/td>\n<\/tr>\n<tr>\n<td>6.<\/td>\n<td align=\"center\">4<\/td>\n<td align=\"right\">14.387 : 1<\/td>\n<\/tr>\n<tr>\n<td>7.<\/td>\n<td align=\"center\">3 + 2<\/td>\n<td align=\"right\">11.771 : 1<\/td>\n<\/tr>\n<tr>\n<td>8.<\/td>\n<td align=\"center\">2 + 2<\/td>\n<td align=\"right\">821 : 1<\/td>\n<\/tr>\n<tr>\n<td>9.<\/td>\n<td align=\"center\">3 + 1<\/td>\n<td align=\"right\">654 : 1<\/td>\n<\/tr>\n<tr>\n<td>10.<\/td>\n<td align=\"center\">3<\/td>\n<td align=\"right\">327 : 1<\/td>\n<\/tr>\n<tr>\n<td>11.<\/td>\n<td align=\"center\">1 + 2<\/td>\n<td align=\"right\">156 : 1<\/td>\n<\/tr>\n<tr>\n<td>12.<\/td>\n<td align=\"center\">2 + 1<\/td>\n<td align=\"right\">46 : 1<\/td>\n<\/tr>\n<tr>\n<td>13.<\/td>\n<td align=\"center\">2<\/td>\n<td align=\"right\">23 : 1<\/td>\n<\/tr>\n<\/tbody>\n<\/table>\n","protected":false},"excerpt":{"rendered":"<p>Euro Millions Med 185 millioner euro p\u00e5 spil og den s\u00e6dvanlige chance for at vinde over 100 millioner euro, kabler folk hen til deres computere for at k\u00f8be online lodsedler til EuroMillionslotteriet. Euromillions spilles i 9 lande i hele Europa, og sidste \u00e5r udbetalte det over 2,5 milliarder dollars i pr\u00e6mier. Hvorfor skulle du ikke [&hellip;]<\/p>\n","protected":false},"author":1,"featured_media":0,"parent":9274,"menu_order":2,"comment_status":"closed","ping_status":"closed","template":"","meta":{"footnotes":""},"class_list":["post-9380","page","type-page","status-publish","hentry"],"yoast_head":"<!-- This site is optimized with the Yoast SEO plugin v27.3 - https:\/\/yoast.com\/product\/yoast-seo-wordpress\/ -->\n<title>K\u00f8b online lodsedler til Euromillions-lotteriet<\/title>\n<meta name=\"description\" content=\"S\u00f8rg for at f\u00e5 dine online lodsedler til Europas st\u00f8rste lotto, Euromillions og Euromillions UK, fra en betroet udbyder som RedFoxLotto.com.\" \/>\n<meta name=\"robots\" content=\"index, follow, max-snippet:-1, max-image-preview:large, max-video-preview:-1\" \/>\n<link rel=\"canonical\" href=\"https:\/\/gambling6.com\/da\/lotteri\/hvordan-kan-jeg-kobe-lodsedler-til-euromillions-lotteriet-online-uden-for-europa\/\" \/>\n<meta property=\"og:locale\" content=\"da_DK\" \/>\n<meta property=\"og:type\" content=\"article\" \/>\n<meta property=\"og:title\" content=\"K\u00f8b online lodsedler til Euromillions-lotteriet\" \/>\n<meta property=\"og:description\" content=\"S\u00f8rg for at f\u00e5 dine online lodsedler til Europas st\u00f8rste lotto, Euromillions og Euromillions UK, fra en betroet udbyder som RedFoxLotto.com.\" \/>\n<meta property=\"og:url\" content=\"https:\/\/gambling6.com\/da\/lotteri\/hvordan-kan-jeg-kobe-lodsedler-til-euromillions-lotteriet-online-uden-for-europa\/\" \/>\n<meta property=\"og:site_name\" content=\"Gambling6\" \/>\n<meta property=\"article:modified_time\" content=\"2025-11-12T18:42:50+00:00\" \/>\n<meta property=\"og:image\" content=\"https:\/\/gambling6.com\/wp-content\/uploads\/2022\/04\/2_ticket_euromillions.jpg\" \/>\n\t<meta property=\"og:image:width\" content=\"200\" \/>\n\t<meta property=\"og:image:height\" content=\"534\" \/>\n\t<meta property=\"og:image:type\" content=\"image\/jpeg\" \/>\n<meta name=\"twitter:card\" content=\"summary_large_image\" \/>\n<meta name=\"twitter:label1\" content=\"Estimeret l\u00e6setid\" \/>\n\t<meta name=\"twitter:data1\" content=\"2 minutter\" \/>\n<script type=\"application\/ld+json\" class=\"yoast-schema-graph\">{\"@context\":\"https:\\\/\\\/schema.org\",\"@graph\":[{\"@type\":\"WebPage\",\"@id\":\"https:\\\/\\\/gambling6.com\\\/da\\\/lotteri\\\/hvordan-kan-jeg-kobe-lodsedler-til-euromillions-lotteriet-online-uden-for-europa\\\/\",\"url\":\"https:\\\/\\\/gambling6.com\\\/da\\\/lotteri\\\/hvordan-kan-jeg-kobe-lodsedler-til-euromillions-lotteriet-online-uden-for-europa\\\/\",\"name\":\"K\u00f8b online lodsedler til Euromillions-lotteriet\",\"isPartOf\":{\"@id\":\"https:\\\/\\\/gambling6.com\\\/da\\\/#website\"},\"primaryImageOfPage\":{\"@id\":\"https:\\\/\\\/gambling6.com\\\/da\\\/lotteri\\\/hvordan-kan-jeg-kobe-lodsedler-til-euromillions-lotteriet-online-uden-for-europa\\\/#primaryimage\"},\"image\":{\"@id\":\"https:\\\/\\\/gambling6.com\\\/da\\\/lotteri\\\/hvordan-kan-jeg-kobe-lodsedler-til-euromillions-lotteriet-online-uden-for-europa\\\/#primaryimage\"},\"thumbnailUrl\":\"https:\\\/\\\/gambling6.com\\\/wp-content\\\/uploads\\\/2022\\\/04\\\/2_ticket_euromillions-112x300.jpg\",\"datePublished\":\"2025-11-10T21:22:54+00:00\",\"dateModified\":\"2025-11-12T18:42:50+00:00\",\"description\":\"S\u00f8rg for at f\u00e5 dine online lodsedler til Europas st\u00f8rste lotto, Euromillions og Euromillions UK, fra en betroet udbyder som RedFoxLotto.com.\",\"breadcrumb\":{\"@id\":\"https:\\\/\\\/gambling6.com\\\/da\\\/lotteri\\\/hvordan-kan-jeg-kobe-lodsedler-til-euromillions-lotteriet-online-uden-for-europa\\\/#breadcrumb\"},\"inLanguage\":\"da-DK\",\"potentialAction\":[{\"@type\":\"ReadAction\",\"target\":[\"https:\\\/\\\/gambling6.com\\\/da\\\/lotteri\\\/hvordan-kan-jeg-kobe-lodsedler-til-euromillions-lotteriet-online-uden-for-europa\\\/\"]}]},{\"@type\":\"ImageObject\",\"inLanguage\":\"da-DK\",\"@id\":\"https:\\\/\\\/gambling6.com\\\/da\\\/lotteri\\\/hvordan-kan-jeg-kobe-lodsedler-til-euromillions-lotteriet-online-uden-for-europa\\\/#primaryimage\",\"url\":\"https:\\\/\\\/gambling6.com\\\/wp-content\\\/uploads\\\/2022\\\/04\\\/2_ticket_euromillions-112x300.jpg\",\"contentUrl\":\"https:\\\/\\\/gambling6.com\\\/wp-content\\\/uploads\\\/2022\\\/04\\\/2_ticket_euromillions-112x300.jpg\"},{\"@type\":\"BreadcrumbList\",\"@id\":\"https:\\\/\\\/gambling6.com\\\/da\\\/lotteri\\\/hvordan-kan-jeg-kobe-lodsedler-til-euromillions-lotteriet-online-uden-for-europa\\\/#breadcrumb\",\"itemListElement\":[{\"@type\":\"ListItem\",\"position\":1,\"name\":\"Home\",\"item\":\"https:\\\/\\\/gambling6.com\\\/da\\\/home\\\/\"},{\"@type\":\"ListItem\",\"position\":2,\"name\":\"Lotteri\",\"item\":\"https:\\\/\\\/gambling6.com\\\/da\\\/lotteri\\\/\"},{\"@type\":\"ListItem\",\"position\":3,\"name\":\"Hvordan kan jeg k\u00f8be lodsedler til Euromillions-lotteriet online uden for Europa?\"}]},{\"@type\":\"WebSite\",\"@id\":\"https:\\\/\\\/gambling6.com\\\/da\\\/#website\",\"url\":\"https:\\\/\\\/gambling6.com\\\/da\\\/\",\"name\":\"Gambling6\",\"description\":\"\",\"potentialAction\":[{\"@type\":\"SearchAction\",\"target\":{\"@type\":\"EntryPoint\",\"urlTemplate\":\"https:\\\/\\\/gambling6.com\\\/da\\\/?s={search_term_string}\"},\"query-input\":{\"@type\":\"PropertyValueSpecification\",\"valueRequired\":true,\"valueName\":\"search_term_string\"}}],\"inLanguage\":\"da-DK\"}]}<\/script>\n<!-- \/ Yoast SEO plugin. -->","yoast_head_json":{"title":"K\u00f8b online lodsedler til Euromillions-lotteriet","description":"S\u00f8rg for at f\u00e5 dine online lodsedler til Europas st\u00f8rste lotto, Euromillions og Euromillions UK, fra en betroet udbyder som RedFoxLotto.com.","robots":{"index":"index","follow":"follow","max-snippet":"max-snippet:-1","max-image-preview":"max-image-preview:large","max-video-preview":"max-video-preview:-1"},"canonical":"https:\/\/gambling6.com\/da\/lotteri\/hvordan-kan-jeg-kobe-lodsedler-til-euromillions-lotteriet-online-uden-for-europa\/","og_locale":"da_DK","og_type":"article","og_title":"K\u00f8b online lodsedler til Euromillions-lotteriet","og_description":"S\u00f8rg for at f\u00e5 dine online lodsedler til Europas st\u00f8rste lotto, Euromillions og Euromillions UK, fra en betroet udbyder som RedFoxLotto.com.","og_url":"https:\/\/gambling6.com\/da\/lotteri\/hvordan-kan-jeg-kobe-lodsedler-til-euromillions-lotteriet-online-uden-for-europa\/","og_site_name":"Gambling6","article_modified_time":"2025-11-12T18:42:50+00:00","og_image":[{"width":200,"height":534,"url":"https:\/\/gambling6.com\/wp-content\/uploads\/2022\/04\/2_ticket_euromillions.jpg","type":"image\/jpeg"}],"twitter_card":"summary_large_image","twitter_misc":{"Estimeret l\u00e6setid":"2 minutter"},"schema":{"@context":"https:\/\/schema.org","@graph":[{"@type":"WebPage","@id":"https:\/\/gambling6.com\/da\/lotteri\/hvordan-kan-jeg-kobe-lodsedler-til-euromillions-lotteriet-online-uden-for-europa\/","url":"https:\/\/gambling6.com\/da\/lotteri\/hvordan-kan-jeg-kobe-lodsedler-til-euromillions-lotteriet-online-uden-for-europa\/","name":"K\u00f8b online lodsedler til Euromillions-lotteriet","isPartOf":{"@id":"https:\/\/gambling6.com\/da\/#website"},"primaryImageOfPage":{"@id":"https:\/\/gambling6.com\/da\/lotteri\/hvordan-kan-jeg-kobe-lodsedler-til-euromillions-lotteriet-online-uden-for-europa\/#primaryimage"},"image":{"@id":"https:\/\/gambling6.com\/da\/lotteri\/hvordan-kan-jeg-kobe-lodsedler-til-euromillions-lotteriet-online-uden-for-europa\/#primaryimage"},"thumbnailUrl":"https:\/\/gambling6.com\/wp-content\/uploads\/2022\/04\/2_ticket_euromillions-112x300.jpg","datePublished":"2025-11-10T21:22:54+00:00","dateModified":"2025-11-12T18:42:50+00:00","description":"S\u00f8rg for at f\u00e5 dine online lodsedler til Europas st\u00f8rste lotto, Euromillions og Euromillions UK, fra en betroet udbyder som RedFoxLotto.com.","breadcrumb":{"@id":"https:\/\/gambling6.com\/da\/lotteri\/hvordan-kan-jeg-kobe-lodsedler-til-euromillions-lotteriet-online-uden-for-europa\/#breadcrumb"},"inLanguage":"da-DK","potentialAction":[{"@type":"ReadAction","target":["https:\/\/gambling6.com\/da\/lotteri\/hvordan-kan-jeg-kobe-lodsedler-til-euromillions-lotteriet-online-uden-for-europa\/"]}]},{"@type":"ImageObject","inLanguage":"da-DK","@id":"https:\/\/gambling6.com\/da\/lotteri\/hvordan-kan-jeg-kobe-lodsedler-til-euromillions-lotteriet-online-uden-for-europa\/#primaryimage","url":"https:\/\/gambling6.com\/wp-content\/uploads\/2022\/04\/2_ticket_euromillions-112x300.jpg","contentUrl":"https:\/\/gambling6.com\/wp-content\/uploads\/2022\/04\/2_ticket_euromillions-112x300.jpg"},{"@type":"BreadcrumbList","@id":"https:\/\/gambling6.com\/da\/lotteri\/hvordan-kan-jeg-kobe-lodsedler-til-euromillions-lotteriet-online-uden-for-europa\/#breadcrumb","itemListElement":[{"@type":"ListItem","position":1,"name":"Home","item":"https:\/\/gambling6.com\/da\/home\/"},{"@type":"ListItem","position":2,"name":"Lotteri","item":"https:\/\/gambling6.com\/da\/lotteri\/"},{"@type":"ListItem","position":3,"name":"Hvordan kan jeg k\u00f8be lodsedler til Euromillions-lotteriet online uden for Europa?"}]},{"@type":"WebSite","@id":"https:\/\/gambling6.com\/da\/#website","url":"https:\/\/gambling6.com\/da\/","name":"Gambling6","description":"","potentialAction":[{"@type":"SearchAction","target":{"@type":"EntryPoint","urlTemplate":"https:\/\/gambling6.com\/da\/?s={search_term_string}"},"query-input":{"@type":"PropertyValueSpecification","valueRequired":true,"valueName":"search_term_string"}}],"inLanguage":"da-DK"}]}},"_links":{"self":[{"href":"https:\/\/gambling6.com\/da\/wp-json\/wp\/v2\/pages\/9380","targetHints":{"allow":["GET"]}}],"collection":[{"href":"https:\/\/gambling6.com\/da\/wp-json\/wp\/v2\/pages"}],"about":[{"href":"https:\/\/gambling6.com\/da\/wp-json\/wp\/v2\/types\/page"}],"author":[{"embeddable":true,"href":"https:\/\/gambling6.com\/da\/wp-json\/wp\/v2\/users\/1"}],"replies":[{"embeddable":true,"href":"https:\/\/gambling6.com\/da\/wp-json\/wp\/v2\/comments?post=9380"}],"version-history":[{"count":1,"href":"https:\/\/gambling6.com\/da\/wp-json\/wp\/v2\/pages\/9380\/revisions"}],"predecessor-version":[{"id":10758,"href":"https:\/\/gambling6.com\/da\/wp-json\/wp\/v2\/pages\/9380\/revisions\/10758"}],"up":[{"embeddable":true,"href":"https:\/\/gambling6.com\/da\/wp-json\/wp\/v2\/pages\/9274"}],"wp:attachment":[{"href":"https:\/\/gambling6.com\/da\/wp-json\/wp\/v2\/media?parent=9380"}],"curies":[{"name":"wp","href":"https:\/\/api.w.org\/{rel}","templated":true}]}}