{"id":9420,"date":"2025-11-11T02:22:20","date_gmt":"2025-11-11T02:22:20","guid":{"rendered":"https:\/\/gambling6.com\/lotteri\/kob-billetter-til-new-york-lotteriet-online\/"},"modified":"2025-11-11T02:22:20","modified_gmt":"2025-11-11T02:22:20","slug":"kob-billetter-til-new-york-lotteriet-online","status":"publish","type":"page","link":"https:\/\/gambling6.com\/da\/lotteri\/kob-billetter-til-new-york-lotteriet-online\/","title":{"rendered":"K\u00f8b billetter til New York-lotteriet online"},"content":{"rendered":"<h2>New York Lotteriet online<\/h2>\n<p>Med jackpots, der starter ved 3 millioner dollars, bliver New York Lotto lige s\u00e5 stort som selve byen, n\u00e5r det kommer til tr\u00e6kningsdagen. Til din information er minimumsjackpotten meget h\u00f8jere end de fleste, <strong>s\u00e5 n\u00e5r du tr\u00e6ffer en beslutning, b\u00f8r du overveje at k\u00f8be lodsedler til New York Lotteriet online<\/strong>.<\/p>\n<p>Hvis jackpotten ikke vindes, kan du forvente rollover-jackpots, som ofte eskaleres til 10 cifre. Faktisk er rekordjackpotten for New York Lotto 58 millioner dollars. <strong>Med muligheden for at f\u00e5 dine lodsedler online kan du deltage i den n\u00e6ste rekordjackpot.<\/strong><\/p>\n<h2>New York Lotto tr\u00e6kkes to gange om ugen.<\/h2>\n<p>Jackpotten er altid millioner af dollars i tr\u00e6kningen, der afholdes to gange om ugen i New York City. Det giver kun mening, at en af \u200b\u200bde st\u00f8rste byer i verden har et jackpotlotteri, der starter som et af de st\u00f8rste i verden. Hver uge st\u00e5r millioner af New York-indbyggere i k\u00f8 for at k\u00f8be lodsedler til dette livs\u00e6ndrende lotteri. <b>Du beh\u00f8ver ikke at st\u00e5 i k\u00f8, hvis du kan k\u00f8be lodsedler online.<\/b><\/p>\n<p>Som et af de \u00e6ldste lotterier i USA, grundlagt i 1967, har New York Lottery indsamlet t\u00e6t p\u00e5 40 milliarder dollars til velg\u00f8rende form\u00e5l p\u00e5 verdensplan. I 2004 vandt en enkelt lotteriindehaver hele 58 millioner dollars, hvilket p\u00e5 det tidspunkt var en af \u200b\u200bde st\u00f8rste lotterigevinster i amerikansk historie.<\/p>\n<p>New York Lottery er nemt at spille. Dette 6\/59-lignende lotto kr\u00e6ver, at du v\u00e6lger seks tal fra 1 til 59 sammen med bonustallet.<strong> For at vinde jackpotten skal du finde seks matchende prim\u00e6re tal, og dine odds er cirka 1 ud af 45 millioner.<\/strong> Ved at finde fem, fire eller tre tal kan du deltage i en af \u200b\u200bde fem sekund\u00e6re pr\u00e6mier, der er tilg\u00e6ngelige for hver tr\u00e6kning onsdag og l\u00f8rdag i hver uge.<\/p>\n<p>New York Lottery er et spil, som alle vil spille, og nu <span style=\"box-sizing: border-box; margin: 0px; padding: 0px;\">kan du <a href=\"https:\/\/gambling6.com\/go\/redfoxlotto-en\/\" target=\"_blank\" rel=\"noopener\">k\u00f8be dine lodsedler online via vores partner RedFoxLotto ved hj\u00e6lp af<\/a><\/span><a class=\"thirstylink\" title=\"RedFoxLotto en\" href=\"https:\/\/gambling6.com\/go\/redfoxlotto-en\/\" target=\"_blank\" rel=\"nofollow noopener\">dette link.<\/a> border=&#8221;1&#8243; cellspacing=&#8221;5&#8243; cellpadding=&#8221;5&#8243; align=&#8221;center&#8221;><\/p>\n<tbody>\n<tr>\n<td colspan=\"3\" align=\"center\">Top fem jackpots for 2013<\/td>\n<\/tr>\n<tr>\n<td>Tr\u00e6kning<\/td>\n<td align=\"center\">Dato<\/td>\n<td align=\"center\">Jackpot (USD)<\/td>\n<\/tr>\n<tr>\n<td>New York Lotto &#8211; USA<\/td>\n<td align=\"center\">10. april 2013<\/td>\n<td align=\"right\">$26.500.000<\/td>\n<\/tr>\n<tr>\n<td>New York Lotto &#8211; USA<\/td>\n<td align=\"center\">29. juni 2013<\/td>\n<td align=\"right\">$10.700.000<\/td>\n<\/tr>\n<tr>\n<td>New York Lotto &#8211; USA<\/td>\n<td align=\"center\">4. sep. 2013<\/td>\n<td align=\"right\">$7.100.000<\/td>\n<\/tr>\n<tr>\n<td>New York Lotto &#8211; USA<\/td>\n<td align=\"center\">6. nov. 2013<\/td>\n<td align=\"right\">$6.200.000<\/td>\n<\/tr>\n<tr>\n<td>New York Lotto &#8211; USA<\/td>\n<td align=\"center\">23. nov. 2013<\/td>\n<td align=\"right\">$3.200.000<\/td>\n<\/tr>\n<\/tbody>\n<\/table>\n<p>&nbsp;<\/p>\n<table style=\"width: 500px;\" border=\"1\" cellspacing=\"5\" cellpadding=\"5\" align=\"center\">\n<tbody>\n<tr>\n<td colspan=\"3\" align=\"center\">New York Lotto &#8211; USA pr\u00e6mieniveauer<\/td>\n<\/tr>\n<tr>\n<td>Pr\u00e6mie<\/td>\n<td align=\"center\">Kampe<\/td>\n<td align=\"center\">Odds<\/td>\n<\/tr>\n<tr>\n<td>1. (Jackpot)<\/td>\n<td align=\"center\">6<\/td>\n<td align=\"right\">45.057.474 : 1<\/td>\n<\/tr>\n<tr>\n<td>2.<\/td>\n<td align=\"center\">5 + 1<\/td>\n<td align=\"right\">7.509.579 : 1<\/td>\n<\/tr>\n<tr>\n<td>3.<\/td>\n<td align=\"center\">5<\/td>\n<td align=\"right\">141.690 : 1<\/td>\n<\/tr>\n<tr>\n<td>4.<\/td>\n<td align=\"center\">4<\/td>\n<td align=\"right\">2.180 : 1<\/td>\n<\/tr>\n<tr>\n<td>5.<\/td>\n<td align=\"center\">3<\/td>\n<td align=\"right\">96 : 1<\/td>\n<\/tr>\n<\/tbody>\n<\/table>\n","protected":false},"excerpt":{"rendered":"<p>New York Lotteriet online Med jackpots, der starter ved 3 millioner dollars, bliver New York Lotto lige s\u00e5 stort som selve byen, n\u00e5r det kommer til tr\u00e6kningsdagen. Til din information er minimumsjackpotten meget h\u00f8jere end de fleste, s\u00e5 n\u00e5r du tr\u00e6ffer en beslutning, b\u00f8r du overveje at k\u00f8be lodsedler til New York Lotteriet online. Hvis [&hellip;]<\/p>\n","protected":false},"author":1,"featured_media":0,"parent":9274,"menu_order":12,"comment_status":"closed","ping_status":"closed","template":"","meta":{"footnotes":""},"class_list":["post-9420","page","type-page","status-publish","hentry"],"yoast_head":"<!-- This site is optimized with the Yoast SEO plugin v27.5 - https:\/\/yoast.com\/product\/yoast-seo-wordpress\/ -->\n<title>K\u00f8b lodsedler til New York-lotteriet online<\/title>\n<meta name=\"description\" content=\"Bliv million\u00e6r med det samme ved at k\u00f8be dine lodsedler til New York Lotto online.\" \/>\n<meta name=\"robots\" content=\"index, follow, max-snippet:-1, max-image-preview:large, max-video-preview:-1\" \/>\n<link rel=\"canonical\" href=\"https:\/\/gambling6.com\/da\/lotteri\/kob-billetter-til-new-york-lotteriet-online\/\" \/>\n<meta property=\"og:locale\" content=\"da_DK\" \/>\n<meta property=\"og:type\" content=\"article\" \/>\n<meta property=\"og:title\" content=\"K\u00f8b lodsedler til New York-lotteriet online\" \/>\n<meta property=\"og:description\" content=\"Bliv million\u00e6r med det samme ved at k\u00f8be dine lodsedler til New York Lotto online.\" \/>\n<meta property=\"og:url\" content=\"https:\/\/gambling6.com\/da\/lotteri\/kob-billetter-til-new-york-lotteriet-online\/\" \/>\n<meta property=\"og:site_name\" content=\"Gambling6\" \/>\n<meta name=\"twitter:card\" content=\"summary_large_image\" \/>\n<meta name=\"twitter:label1\" content=\"Estimeret l\u00e6setid\" \/>\n\t<meta name=\"twitter:data1\" content=\"2 minutter\" \/>\n<script type=\"application\/ld+json\" class=\"yoast-schema-graph\">{\"@context\":\"https:\\\/\\\/schema.org\",\"@graph\":[{\"@type\":\"WebPage\",\"@id\":\"https:\\\/\\\/gambling6.com\\\/da\\\/lotteri\\\/kob-billetter-til-new-york-lotteriet-online\\\/\",\"url\":\"https:\\\/\\\/gambling6.com\\\/da\\\/lotteri\\\/kob-billetter-til-new-york-lotteriet-online\\\/\",\"name\":\"K\u00f8b lodsedler til New York-lotteriet online\",\"isPartOf\":{\"@id\":\"https:\\\/\\\/gambling6.com\\\/da\\\/#website\"},\"datePublished\":\"2025-11-11T02:22:20+00:00\",\"description\":\"Bliv million\u00e6r med det samme ved at k\u00f8be dine lodsedler til New York Lotto online.\",\"breadcrumb\":{\"@id\":\"https:\\\/\\\/gambling6.com\\\/da\\\/lotteri\\\/kob-billetter-til-new-york-lotteriet-online\\\/#breadcrumb\"},\"inLanguage\":\"da-DK\",\"potentialAction\":[{\"@type\":\"ReadAction\",\"target\":[\"https:\\\/\\\/gambling6.com\\\/da\\\/lotteri\\\/kob-billetter-til-new-york-lotteriet-online\\\/\"]}]},{\"@type\":\"BreadcrumbList\",\"@id\":\"https:\\\/\\\/gambling6.com\\\/da\\\/lotteri\\\/kob-billetter-til-new-york-lotteriet-online\\\/#breadcrumb\",\"itemListElement\":[{\"@type\":\"ListItem\",\"position\":1,\"name\":\"Home\",\"item\":\"https:\\\/\\\/gambling6.com\\\/da\\\/home\\\/\"},{\"@type\":\"ListItem\",\"position\":2,\"name\":\"Lotteri\",\"item\":\"https:\\\/\\\/gambling6.com\\\/da\\\/lotteri\\\/\"},{\"@type\":\"ListItem\",\"position\":3,\"name\":\"K\u00f8b billetter til New York-lotteriet online\"}]},{\"@type\":\"WebSite\",\"@id\":\"https:\\\/\\\/gambling6.com\\\/da\\\/#website\",\"url\":\"https:\\\/\\\/gambling6.com\\\/da\\\/\",\"name\":\"Gambling6\",\"description\":\"\",\"potentialAction\":[{\"@type\":\"SearchAction\",\"target\":{\"@type\":\"EntryPoint\",\"urlTemplate\":\"https:\\\/\\\/gambling6.com\\\/da\\\/?s={search_term_string}\"},\"query-input\":{\"@type\":\"PropertyValueSpecification\",\"valueRequired\":true,\"valueName\":\"search_term_string\"}}],\"inLanguage\":\"da-DK\"}]}<\/script>\n<!-- \/ Yoast SEO plugin. -->","yoast_head_json":{"title":"K\u00f8b lodsedler til New York-lotteriet online","description":"Bliv million\u00e6r med det samme ved at k\u00f8be dine lodsedler til New York Lotto online.","robots":{"index":"index","follow":"follow","max-snippet":"max-snippet:-1","max-image-preview":"max-image-preview:large","max-video-preview":"max-video-preview:-1"},"canonical":"https:\/\/gambling6.com\/da\/lotteri\/kob-billetter-til-new-york-lotteriet-online\/","og_locale":"da_DK","og_type":"article","og_title":"K\u00f8b lodsedler til New York-lotteriet online","og_description":"Bliv million\u00e6r med det samme ved at k\u00f8be dine lodsedler til New York Lotto online.","og_url":"https:\/\/gambling6.com\/da\/lotteri\/kob-billetter-til-new-york-lotteriet-online\/","og_site_name":"Gambling6","twitter_card":"summary_large_image","twitter_misc":{"Estimeret l\u00e6setid":"2 minutter"},"schema":{"@context":"https:\/\/schema.org","@graph":[{"@type":"WebPage","@id":"https:\/\/gambling6.com\/da\/lotteri\/kob-billetter-til-new-york-lotteriet-online\/","url":"https:\/\/gambling6.com\/da\/lotteri\/kob-billetter-til-new-york-lotteriet-online\/","name":"K\u00f8b lodsedler til New York-lotteriet online","isPartOf":{"@id":"https:\/\/gambling6.com\/da\/#website"},"datePublished":"2025-11-11T02:22:20+00:00","description":"Bliv million\u00e6r med det samme ved at k\u00f8be dine lodsedler til New York Lotto online.","breadcrumb":{"@id":"https:\/\/gambling6.com\/da\/lotteri\/kob-billetter-til-new-york-lotteriet-online\/#breadcrumb"},"inLanguage":"da-DK","potentialAction":[{"@type":"ReadAction","target":["https:\/\/gambling6.com\/da\/lotteri\/kob-billetter-til-new-york-lotteriet-online\/"]}]},{"@type":"BreadcrumbList","@id":"https:\/\/gambling6.com\/da\/lotteri\/kob-billetter-til-new-york-lotteriet-online\/#breadcrumb","itemListElement":[{"@type":"ListItem","position":1,"name":"Home","item":"https:\/\/gambling6.com\/da\/home\/"},{"@type":"ListItem","position":2,"name":"Lotteri","item":"https:\/\/gambling6.com\/da\/lotteri\/"},{"@type":"ListItem","position":3,"name":"K\u00f8b billetter til New York-lotteriet online"}]},{"@type":"WebSite","@id":"https:\/\/gambling6.com\/da\/#website","url":"https:\/\/gambling6.com\/da\/","name":"Gambling6","description":"","potentialAction":[{"@type":"SearchAction","target":{"@type":"EntryPoint","urlTemplate":"https:\/\/gambling6.com\/da\/?s={search_term_string}"},"query-input":{"@type":"PropertyValueSpecification","valueRequired":true,"valueName":"search_term_string"}}],"inLanguage":"da-DK"}]}},"_links":{"self":[{"href":"https:\/\/gambling6.com\/da\/wp-json\/wp\/v2\/pages\/9420","targetHints":{"allow":["GET"]}}],"collection":[{"href":"https:\/\/gambling6.com\/da\/wp-json\/wp\/v2\/pages"}],"about":[{"href":"https:\/\/gambling6.com\/da\/wp-json\/wp\/v2\/types\/page"}],"author":[{"embeddable":true,"href":"https:\/\/gambling6.com\/da\/wp-json\/wp\/v2\/users\/1"}],"replies":[{"embeddable":true,"href":"https:\/\/gambling6.com\/da\/wp-json\/wp\/v2\/comments?post=9420"}],"version-history":[{"count":0,"href":"https:\/\/gambling6.com\/da\/wp-json\/wp\/v2\/pages\/9420\/revisions"}],"up":[{"embeddable":true,"href":"https:\/\/gambling6.com\/da\/wp-json\/wp\/v2\/pages\/9274"}],"wp:attachment":[{"href":"https:\/\/gambling6.com\/da\/wp-json\/wp\/v2\/media?parent=9420"}],"curies":[{"name":"wp","href":"https:\/\/api.w.org\/{rel}","templated":true}]}}