{"id":9470,"date":"2025-11-11T03:19:14","date_gmt":"2025-11-11T03:19:14","guid":{"rendered":"https:\/\/gambling6.com\/lotteri\/deltag-i-canada-6-49-lotto\/"},"modified":"2025-11-11T03:19:14","modified_gmt":"2025-11-11T03:19:14","slug":"deltag-i-canada-6-49-lotto","status":"publish","type":"page","link":"https:\/\/gambling6.com\/da\/lotteri\/deltag-i-canada-6-49-lotto\/","title":{"rendered":"Deltag i Canada 6\/49 Lotto"},"content":{"rendered":"<h2>Canada Lotto 6\/49<\/h2>\n<p>Siden 1982 har to ting v\u00e6ret garanteret i Canada om vinteren. Det f\u00f8rste, du kunne regne med, var, at du kunne se Hockey Night in Canada p\u00e5 CBC. Det andet, du kunne forudsige, var, at nogen ville blive million\u00e6r ved at spille Lotto 6\/49. I dag kan du stadig regne med l\u00f8rdag aftens tr\u00e6kning. <strong>Den store forskel i dag er, at du kan k\u00f8be online lodsedler til Canadas Lotto 6\/49-tr\u00e6kning.<\/strong> Tag dig tid til at <a class=\"thirstylink\" title=\"Redfoxlotto\" href=\"https:\/\/gambling6.com\/go\/redfoxlotto\/\" target=\"_blank\" rel=\"nofollow noopener\">k\u00f8be dine lodsedler online i dag hos vores partner RedFoxLotto.com.<\/a><img loading=\"lazy\" decoding=\"async\" class=\"alignright size-full wp-image-562\" style=\"margin: 10px; border: 5px solid #ffffff; float: right;\" src=\"http:\/\/gambling6.com\/wp-content\/uploads\/2013\/12\/get-online-649-lotto-tickets.png\" alt=\"Lotto 6\/49 Canada\" width=\"300\" height=\"190\" \/><\/p>\n<p>Sandsynligheden for at sikre sig f\u00f8rstepr\u00e6mien i Canadas Lotto 6\/49 er 13.983.816:1. Den samlede chance for at vinde en bel\u00f8nning er omtrent \u00e9n ud af 32. For at f\u00e5 onlinekuponer skal du f\u00f8rst v\u00e6lge seks prim\u00e6re kugler fra 1 til 49. <strong>For at g\u00e5 af med en del af jackpotten skal du matche alle seks trukket tal<\/strong>. For at vinde andenpr\u00e6mien skal du v\u00e6lge fem prim\u00e6re tal plus bonustallet korrekt. Lodtr\u00e6kninger finder sted l\u00f8rdag og onsdag aften cirka kl. 19:10 EST i Canada. Der er seks pr\u00e6mieniveauer, og hvis ingen g\u00f8r krav p\u00e5 jackpotten, overf\u00f8res den til det n\u00e6ste spil, indtil nogen til sidst vinder.<\/p>\n<h2>Spil om store jackpots med online kuponer til Lotto 6\/49<\/h2>\n<table style=\"width: 500px;\" border=\"1\" cellspacing=\"5\" cellpadding=\"5\" align=\"center\">\n<tbody>\n<tr>\n<td colspan=\"3\" align=\"center\">Top fem jackpots for 2013<\/td>\n<\/tr>\n<tr>\n<td>Tr\u00e6kning<\/td>\n<td align=\"center\">Dato<\/td>\n<td align=\"center\">Jackpot (USD)<\/td>\n<\/tr>\n<tr>\n<td>Lotto 6\/49 &#8211; Canada<\/td>\n<td align=\"center\">13. april-13<\/td>\n<td align=\"right\">$58.974.913<\/td>\n<\/tr>\n<tr>\n<td>Lotto 6\/49 &#8211; Canada<\/td>\n<td align=\"center\">12. oktober-13<\/td>\n<td align=\"right\">$37.200.000<\/td>\n<\/tr>\n<tr>\n<td>Lotto 6\/49 &#8211; Canada<\/td>\n<td align=\"center\">30-okt-13<\/td>\n<td align=\"right\">$18.807.390<\/td>\n<\/tr>\n<tr>\n<td>Lotto 6\/49 &#8211; Canada<\/td>\n<td align=\"center\">6-jul-13<\/td>\n<td align=\"right\">$18.351.756<\/td>\n<\/tr>\n<tr>\n<td>Lotto 6\/49 &#8211; Canada<\/td>\n<td align=\"center\">4-dec-13<\/td>\n<td align=\"right\">$17.670.000<\/td>\n<\/tr>\n<\/tbody>\n<\/table>\n<h2>Mange pr\u00e6mieniveauer at v\u00e6lge imellem Vind med online lottokuponer<\/h2>\n<p>Muligheden for at vinde med syv forskellige pr\u00e6mieniveauer \u00e5bner op for en verden af \u200b\u200bmuligheder for at tjene penge, n\u00e5r du k\u00f8ber onlinekuponer til Lotto 6\/49. Mange glemmer faktisk alle de ekstra niveauer, hvor man kan vinde en pr\u00e6mie. Det er vigtigt, n\u00e5r du har k\u00f8bt kuponer, at tjekke dem for at se, om du har vundet noget.<\/p>\n<p>Det er en kendsgerning, at mange mennesker k\u00f8ber kuponer hver uge og undlader at tjekke, om de har vundet noget, efter at have h\u00f8rt, at en anden har k\u00f8bt en kupon et andet sted end deres og vundet jackpotten. <b>Lige s\u00e5 nemt som det er at k\u00f8be Lotto 6\/49-kuponer online, er det lige s\u00e5 nemt at tjekke dine kuponer online.<\/b> Der findes en masse v\u00e6rkt\u00f8jer, der kan hj\u00e6lpe dig med at s\u00f8ge gennem en r\u00e6kke databaser for de store lotterier verden over.<\/p>\n<table style=\"width: 500px;\" border=\"1\" cellspacing=\"5\" cellpadding=\"5\" align=\"center\">\n<tbody>\n<tr>\n<td colspan=\"3\" align=\"center\">Lotto 6\/49 &#8211; Canadas pr\u00e6mieniveauer<\/td>\n<\/tr>\n<tr>\n<td>Pr\u00e6mie<\/td>\n<td align=\"center\">Kampe<\/td>\n<td align=\"center\">Odds<\/td>\n<\/tr>\n<tr>\n<td>1. (Jackpot)<\/td>\n<td align=\"center\">6<\/td>\n<td align=\"right\">13.983.816 : 1<\/td>\n<\/tr>\n<tr>\n<td>2.<\/td>\n<td align=\"center\">5 + 1<\/td>\n<td align=\"right\">2.330.636 : 1<\/td>\n<\/tr>\n<tr>\n<td>3.<\/td>\n<td align=\"center\">5<\/td>\n<td align=\"right\">55.492 : 1<\/td>\n<\/tr>\n<tr>\n<td>4.<\/td>\n<td align=\"center\">4<\/td>\n<td align=\"right\">1.033 : 1<\/td>\n<\/tr>\n<tr>\n<td>5.<\/td>\n<td align=\"center\">3<\/td>\n<td align=\"right\">57 : 1<\/td>\n<\/tr>\n<tr>\n<td>6.<\/td>\n<td align=\"center\">2 + 1<\/td>\n<td align=\"right\">81 : 1<\/td>\n<\/tr>\n<tr>\n<td>7.<\/td>\n<td align=\"center\">2<\/td>\n<td align=\"right\">8 : 1<\/td>\n<\/tr>\n<\/tbody>\n<\/table>\n<p style=\"text-align: center;\"><strong>Spil Canadas lotto 6\/49 online og nyd den frihed, der f\u00f8lger med at blive million\u00e6r!<\/strong><\/p>\n","protected":false},"excerpt":{"rendered":"<p>Canada Lotto 6\/49 Siden 1982 har to ting v\u00e6ret garanteret i Canada om vinteren. Det f\u00f8rste, du kunne regne med, var, at du kunne se Hockey Night in Canada p\u00e5 CBC. Det andet, du kunne forudsige, var, at nogen ville blive million\u00e6r ved at spille Lotto 6\/49. I dag kan du stadig regne med l\u00f8rdag [&hellip;]<\/p>\n","protected":false},"author":1,"featured_media":9471,"parent":9274,"menu_order":5,"comment_status":"closed","ping_status":"closed","template":"","meta":{"footnotes":""},"class_list":["post-9470","page","type-page","status-publish","has-post-thumbnail","hentry"],"yoast_head":"<!-- This site is optimized with the Yoast SEO plugin v27.4 - https:\/\/yoast.com\/product\/yoast-seo-wordpress\/ -->\n<title>K\u00f8b lodsedler til Canada 6\/49-lotteriet online<\/title>\n<meta name=\"description\" content=\"Det er nu nemt at f\u00e5 lodsedler online til Lotto 6\/49 i Canada.\" \/>\n<meta name=\"robots\" content=\"index, follow, max-snippet:-1, max-image-preview:large, max-video-preview:-1\" \/>\n<link rel=\"canonical\" href=\"https:\/\/gambling6.com\/da\/lotteri\/deltag-i-canada-6-49-lotto\/\" \/>\n<meta property=\"og:locale\" content=\"da_DK\" \/>\n<meta property=\"og:type\" content=\"article\" \/>\n<meta property=\"og:title\" content=\"K\u00f8b lodsedler til Canada 6\/49-lotteriet online\" \/>\n<meta property=\"og:description\" content=\"Det er nu nemt at f\u00e5 lodsedler online til Lotto 6\/49 i Canada.\" \/>\n<meta property=\"og:url\" content=\"https:\/\/gambling6.com\/da\/lotteri\/deltag-i-canada-6-49-lotto\/\" \/>\n<meta property=\"og:site_name\" content=\"Gambling6\" \/>\n<meta property=\"og:image\" content=\"https:\/\/gambling6.com\/wp-content\/uploads\/2013\/12\/get-online-649-lotto-tickets.png\" \/>\n\t<meta property=\"og:image:width\" content=\"300\" \/>\n\t<meta property=\"og:image:height\" content=\"190\" \/>\n\t<meta property=\"og:image:type\" content=\"image\/png\" \/>\n<meta name=\"twitter:card\" content=\"summary_large_image\" \/>\n<meta name=\"twitter:label1\" content=\"Estimeret l\u00e6setid\" \/>\n\t<meta name=\"twitter:data1\" content=\"2 minutter\" \/>\n<script type=\"application\/ld+json\" class=\"yoast-schema-graph\">{\"@context\":\"https:\\\/\\\/schema.org\",\"@graph\":[{\"@type\":\"WebPage\",\"@id\":\"https:\\\/\\\/gambling6.com\\\/da\\\/lotteri\\\/deltag-i-canada-6-49-lotto\\\/\",\"url\":\"https:\\\/\\\/gambling6.com\\\/da\\\/lotteri\\\/deltag-i-canada-6-49-lotto\\\/\",\"name\":\"K\u00f8b lodsedler til Canada 6\\\/49-lotteriet online\",\"isPartOf\":{\"@id\":\"https:\\\/\\\/gambling6.com\\\/da\\\/#website\"},\"primaryImageOfPage\":{\"@id\":\"https:\\\/\\\/gambling6.com\\\/da\\\/lotteri\\\/deltag-i-canada-6-49-lotto\\\/#primaryimage\"},\"image\":{\"@id\":\"https:\\\/\\\/gambling6.com\\\/da\\\/lotteri\\\/deltag-i-canada-6-49-lotto\\\/#primaryimage\"},\"thumbnailUrl\":\"https:\\\/\\\/gambling6.com\\\/wp-content\\\/uploads\\\/2013\\\/12\\\/get-online-649-lotto-tickets.png\",\"datePublished\":\"2025-11-11T03:19:14+00:00\",\"description\":\"Det er nu nemt at f\u00e5 lodsedler online til Lotto 6\\\/49 i Canada.\",\"breadcrumb\":{\"@id\":\"https:\\\/\\\/gambling6.com\\\/da\\\/lotteri\\\/deltag-i-canada-6-49-lotto\\\/#breadcrumb\"},\"inLanguage\":\"da-DK\",\"potentialAction\":[{\"@type\":\"ReadAction\",\"target\":[\"https:\\\/\\\/gambling6.com\\\/da\\\/lotteri\\\/deltag-i-canada-6-49-lotto\\\/\"]}]},{\"@type\":\"ImageObject\",\"inLanguage\":\"da-DK\",\"@id\":\"https:\\\/\\\/gambling6.com\\\/da\\\/lotteri\\\/deltag-i-canada-6-49-lotto\\\/#primaryimage\",\"url\":\"https:\\\/\\\/gambling6.com\\\/wp-content\\\/uploads\\\/2013\\\/12\\\/get-online-649-lotto-tickets.png\",\"contentUrl\":\"https:\\\/\\\/gambling6.com\\\/wp-content\\\/uploads\\\/2013\\\/12\\\/get-online-649-lotto-tickets.png\",\"width\":300,\"height\":190,\"caption\":\"Lotto 6\\\/49 Canada\"},{\"@type\":\"BreadcrumbList\",\"@id\":\"https:\\\/\\\/gambling6.com\\\/da\\\/lotteri\\\/deltag-i-canada-6-49-lotto\\\/#breadcrumb\",\"itemListElement\":[{\"@type\":\"ListItem\",\"position\":1,\"name\":\"Home\",\"item\":\"https:\\\/\\\/gambling6.com\\\/da\\\/home\\\/\"},{\"@type\":\"ListItem\",\"position\":2,\"name\":\"Lotteri\",\"item\":\"https:\\\/\\\/gambling6.com\\\/da\\\/lotteri\\\/\"},{\"@type\":\"ListItem\",\"position\":3,\"name\":\"Deltag i Canada 6\\\/49 Lotto\"}]},{\"@type\":\"WebSite\",\"@id\":\"https:\\\/\\\/gambling6.com\\\/da\\\/#website\",\"url\":\"https:\\\/\\\/gambling6.com\\\/da\\\/\",\"name\":\"Gambling6\",\"description\":\"\",\"potentialAction\":[{\"@type\":\"SearchAction\",\"target\":{\"@type\":\"EntryPoint\",\"urlTemplate\":\"https:\\\/\\\/gambling6.com\\\/da\\\/?s={search_term_string}\"},\"query-input\":{\"@type\":\"PropertyValueSpecification\",\"valueRequired\":true,\"valueName\":\"search_term_string\"}}],\"inLanguage\":\"da-DK\"}]}<\/script>\n<!-- \/ Yoast SEO plugin. -->","yoast_head_json":{"title":"K\u00f8b lodsedler til Canada 6\/49-lotteriet online","description":"Det er nu nemt at f\u00e5 lodsedler online til Lotto 6\/49 i Canada.","robots":{"index":"index","follow":"follow","max-snippet":"max-snippet:-1","max-image-preview":"max-image-preview:large","max-video-preview":"max-video-preview:-1"},"canonical":"https:\/\/gambling6.com\/da\/lotteri\/deltag-i-canada-6-49-lotto\/","og_locale":"da_DK","og_type":"article","og_title":"K\u00f8b lodsedler til Canada 6\/49-lotteriet online","og_description":"Det er nu nemt at f\u00e5 lodsedler online til Lotto 6\/49 i Canada.","og_url":"https:\/\/gambling6.com\/da\/lotteri\/deltag-i-canada-6-49-lotto\/","og_site_name":"Gambling6","og_image":[{"width":300,"height":190,"url":"https:\/\/gambling6.com\/wp-content\/uploads\/2013\/12\/get-online-649-lotto-tickets.png","type":"image\/png"}],"twitter_card":"summary_large_image","twitter_misc":{"Estimeret l\u00e6setid":"2 minutter"},"schema":{"@context":"https:\/\/schema.org","@graph":[{"@type":"WebPage","@id":"https:\/\/gambling6.com\/da\/lotteri\/deltag-i-canada-6-49-lotto\/","url":"https:\/\/gambling6.com\/da\/lotteri\/deltag-i-canada-6-49-lotto\/","name":"K\u00f8b lodsedler til Canada 6\/49-lotteriet online","isPartOf":{"@id":"https:\/\/gambling6.com\/da\/#website"},"primaryImageOfPage":{"@id":"https:\/\/gambling6.com\/da\/lotteri\/deltag-i-canada-6-49-lotto\/#primaryimage"},"image":{"@id":"https:\/\/gambling6.com\/da\/lotteri\/deltag-i-canada-6-49-lotto\/#primaryimage"},"thumbnailUrl":"https:\/\/gambling6.com\/wp-content\/uploads\/2013\/12\/get-online-649-lotto-tickets.png","datePublished":"2025-11-11T03:19:14+00:00","description":"Det er nu nemt at f\u00e5 lodsedler online til Lotto 6\/49 i Canada.","breadcrumb":{"@id":"https:\/\/gambling6.com\/da\/lotteri\/deltag-i-canada-6-49-lotto\/#breadcrumb"},"inLanguage":"da-DK","potentialAction":[{"@type":"ReadAction","target":["https:\/\/gambling6.com\/da\/lotteri\/deltag-i-canada-6-49-lotto\/"]}]},{"@type":"ImageObject","inLanguage":"da-DK","@id":"https:\/\/gambling6.com\/da\/lotteri\/deltag-i-canada-6-49-lotto\/#primaryimage","url":"https:\/\/gambling6.com\/wp-content\/uploads\/2013\/12\/get-online-649-lotto-tickets.png","contentUrl":"https:\/\/gambling6.com\/wp-content\/uploads\/2013\/12\/get-online-649-lotto-tickets.png","width":300,"height":190,"caption":"Lotto 6\/49 Canada"},{"@type":"BreadcrumbList","@id":"https:\/\/gambling6.com\/da\/lotteri\/deltag-i-canada-6-49-lotto\/#breadcrumb","itemListElement":[{"@type":"ListItem","position":1,"name":"Home","item":"https:\/\/gambling6.com\/da\/home\/"},{"@type":"ListItem","position":2,"name":"Lotteri","item":"https:\/\/gambling6.com\/da\/lotteri\/"},{"@type":"ListItem","position":3,"name":"Deltag i Canada 6\/49 Lotto"}]},{"@type":"WebSite","@id":"https:\/\/gambling6.com\/da\/#website","url":"https:\/\/gambling6.com\/da\/","name":"Gambling6","description":"","potentialAction":[{"@type":"SearchAction","target":{"@type":"EntryPoint","urlTemplate":"https:\/\/gambling6.com\/da\/?s={search_term_string}"},"query-input":{"@type":"PropertyValueSpecification","valueRequired":true,"valueName":"search_term_string"}}],"inLanguage":"da-DK"}]}},"_links":{"self":[{"href":"https:\/\/gambling6.com\/da\/wp-json\/wp\/v2\/pages\/9470","targetHints":{"allow":["GET"]}}],"collection":[{"href":"https:\/\/gambling6.com\/da\/wp-json\/wp\/v2\/pages"}],"about":[{"href":"https:\/\/gambling6.com\/da\/wp-json\/wp\/v2\/types\/page"}],"author":[{"embeddable":true,"href":"https:\/\/gambling6.com\/da\/wp-json\/wp\/v2\/users\/1"}],"replies":[{"embeddable":true,"href":"https:\/\/gambling6.com\/da\/wp-json\/wp\/v2\/comments?post=9470"}],"version-history":[{"count":0,"href":"https:\/\/gambling6.com\/da\/wp-json\/wp\/v2\/pages\/9470\/revisions"}],"up":[{"embeddable":true,"href":"https:\/\/gambling6.com\/da\/wp-json\/wp\/v2\/pages\/9274"}],"wp:featuredmedia":[{"embeddable":true,"href":"https:\/\/gambling6.com\/da\/wp-json\/wp\/v2\/media\/9471"}],"wp:attachment":[{"href":"https:\/\/gambling6.com\/da\/wp-json\/wp\/v2\/media?parent=9470"}],"curies":[{"name":"wp","href":"https:\/\/api.w.org\/{rel}","templated":true}]}}