{"id":9609,"date":"2025-11-11T07:49:28","date_gmt":"2025-11-11T07:49:28","guid":{"rendered":"https:\/\/gambling6.com\/lotteri\/fa-el-gordo-lotterisedler-hvor-som-helst\/"},"modified":"2025-11-15T11:25:04","modified_gmt":"2025-11-15T11:25:04","slug":"fa-el-gordo-lotterisedler-hvor-som-helst","status":"publish","type":"page","link":"https:\/\/gambling6.com\/da\/lotteri\/fa-el-gordo-lotterisedler-hvor-som-helst\/","title":{"rendered":"F\u00e5 El Gordo-lotterisedler hvor som helst"},"content":{"rendered":"<h2>Nemt at k\u00f8be lodsedler online til El Gordo-lotteriet.<\/h2>\n<p><img loading=\"lazy\" decoding=\"async\" class=\" wp-image-1569 alignright\" src=\"https:\/\/gambling6.com\/wp-content\/uploads\/2022\/04\/2_ticket_spanish_lottery.jpg\" alt=\"den fede billet\" width=\"200\" height=\"274\" \/>I Europa er El Gordo-lotteriet enormt og spilles af folk b\u00e5de i Spanien og internationalt. Du kan forvente en minimumsjackpot p\u00e5 cirka 6,5 \u200b\u200bmillioner euro hver uge. Der er kun \u00e9n tr\u00e6kning om ugen p\u00e5 en s\u00f8ndag, og folk st\u00e5r i k\u00f8 for at spille hver uge. Jackpotten kan l\u00f8be op til 26 millioner euro. Men hvis der er hyppige prisoverf\u00f8rsler (ikke en jackpot), kan den nogle gange n\u00e5 op til 35 millioner euro, n\u00e5r du har overf\u00f8rslerne fra de foreg\u00e5ende uger med.<\/p>\n<h2>Europ\u00e6ere k\u00f8ber online lotteribilletter ugentligt.<\/h2>\n<p>Europa er forblevet en voksende kilde til lotteriindt\u00e6gter; Hver uge stiller millioner af spillere sig i k\u00f8 for at spille lotto p\u00e5 dette kontinent. For at f\u00e5 dine online lodsedler til El Gordo-lotteriet skal du bes\u00f8ge vores partner RedFoxLotto, logge ind p\u00e5 din konto og derefter beslutte, om du vil bruge hurtige valg eller v\u00e6lge dine egne tal. Hvis du v\u00e6lger dine egne tal, skal du v\u00e6lge fem prim\u00e6re tal og et bonustal.<\/p>\n<h2>Europ\u00e6ere k\u00f8ber lodsedler online til s\u00f8ndagens tr\u00e6kning.<\/h2>\n<p>El Gordo, kendt som det spanske 6\/49-lotteri, m\u00e5 ikke forveksles med El Gordo-julelotteriet. Dette popul\u00e6re ugentlige lotteri tr\u00e6kkes om s\u00f8ndagen. N\u00e5r du k\u00f8ber online lodsedler til El Gordo-lotteriet, skal du huske p\u00e5, at der er en 1 ud af 10 chance for at vinde en pr\u00e6mie. Dette skyldes, at der er syv forskellige pr\u00e6mieniveauer ud over at vinde jackpotten.<\/p>\n<h2>Millioner bruges m\u00e5nedligt p\u00e5 lodsedler.<\/h2>\n<p>Europ\u00e6ere er g\u00e5et amok over lotterilodsedler i de seneste par \u00e5r. Kun overg\u00e5et af Nordamerika bruger europ\u00e6ere hundredvis af millioner af dollars p\u00e5 lodsedler hvert \u00e5r. Nu hvor det er muligt at k\u00f8be lodder til verdensomsp\u00e6ndende lotterier online, er salget steget dramatisk. Hvis du gerne vil have dine lodder til det kommende El Gordo-lotteri, <a class=\"thirstylink\" title=\"Redfoxlotto\" href=\"https:\/\/gambling6.com\/go\/redfoxlotto\/\" target=\"_blank\" rel=\"nofollow noopener\">skal du blot bes\u00f8ge vores partner RedFoxLotto<\/a>, oprette en konto, og du kan v\u00e6re godt p\u00e5 vej til at blive multimillion\u00e6r natten over.<\/p>\n<table style=\"width: 500px;\" border=\"1\" cellspacing=\"5\" cellpadding=\"5\" align=\"center\">\n<tbody>\n<tr>\n<td colspan=\"3\" align=\"center\">Top Jackpots for 2013<\/td>\n<\/tr>\n<tr>\n<td>Tr\u00e6kning<\/td>\n<td align=\"center\">Dato<\/td>\n<td align=\"center\">Jackpot (USD)<\/td>\n<\/tr>\n<tr>\n<td>El Gordo &#8211; Spanien<\/td>\n<td align=\"center\">13-okt-13<\/td>\n<td align=\"right\">$13.327.360<\/td>\n<\/tr>\n<tr>\n<td>El Gordo &#8211; Spanien<\/td>\n<td align=\"center\">4-aug-13<\/td>\n<td align=\"right\">10.275.000 USD<\/td>\n<\/tr>\n<tr>\n<td>El Gordo &#8211; Spanien<\/td>\n<td align=\"center\">16. juni 2013<\/td>\n<td align=\"right\">9.590.000 USD<\/td>\n<\/tr>\n<tr>\n<td>El Gordo &#8211; Spanien<\/td>\n<td align=\"center\">23. juni 2013<\/td>\n<td align=\"right\">6.850.000 USD<\/td>\n<\/tr>\n<\/tbody>\n<\/table>\n<p>&nbsp;<\/p>\n<table style=\"width: 500px;\" border=\"1\" cellspacing=\"5\" cellpadding=\"5\" align=\"center\">\n<tbody>\n<tr>\n<td colspan=\"3\" align=\"center\">El Gordo Lotto &#8211; Spanske 6\/49 pr\u00e6mieniveauer<\/td>\n<\/tr>\n<tr>\n<td>Pr\u00e6mie<\/td>\n<td align=\"center\">Kampe<\/td>\n<td align=\"center\">Odds<\/td>\n<\/tr>\n<tr>\n<td>1. (Jackpot)<\/td>\n<td align=\"center\">5 + 1<\/td>\n<td align=\"right\">31.625.100 : 1<\/td>\n<\/tr>\n<tr>\n<td>2.<\/td>\n<td align=\"center\">5<\/td>\n<td align=\"right\">3.513.900 : 1<\/td>\n<\/tr>\n<tr>\n<td>3.<\/td>\n<td align=\"center\">4 + 1<\/td>\n<td align=\"right\">129.082 : 1<\/td>\n<\/tr>\n<tr>\n<td>4.<\/td>\n<td align=\"center\">4<\/td>\n<td align=\"right\">14.342 : 1<\/td>\n<\/tr>\n<tr>\n<td>5.<\/td>\n<td align=\"center\">3 + 1<\/td>\n<td align=\"right\">2.689 : 1<\/td>\n<\/tr>\n<tr>\n<td>6.<\/td>\n<td align=\"center\">3<\/td>\n<td align=\"right\">299 : 1<\/td>\n<\/tr>\n<tr>\n<td>7.<\/td>\n<td align=\"center\">2 + 1<\/td>\n<td align=\"right\">172 : 1<\/td>\n<\/tr>\n<tr>\n<td>8.<\/td>\n<td align=\"center\">2<\/td>\n<td align=\"right\">19 : 1<\/td>\n<\/tr>\n<tr>\n<td>9.<\/td>\n<td align=\"center\">0 + 1<\/td>\n<td align=\"right\">10 : 1<\/td>\n<\/tr>\n<\/tbody>\n<\/table>\n","protected":false},"excerpt":{"rendered":"<p>Nemt at k\u00f8be lodsedler online til El Gordo-lotteriet. I Europa er El Gordo-lotteriet enormt og spilles af folk b\u00e5de i Spanien og internationalt. Du kan forvente en minimumsjackpot p\u00e5 cirka 6,5 \u200b\u200bmillioner euro hver uge. Der er kun \u00e9n tr\u00e6kning om ugen p\u00e5 en s\u00f8ndag, og folk st\u00e5r i k\u00f8 for at spille hver uge. [&hellip;]<\/p>\n","protected":false},"author":1,"featured_media":0,"parent":9274,"menu_order":3,"comment_status":"closed","ping_status":"closed","template":"","meta":{"footnotes":""},"class_list":["post-9609","page","type-page","status-publish","hentry"],"yoast_head":"<!-- This site is optimized with the Yoast SEO plugin v27.3 - https:\/\/yoast.com\/product\/yoast-seo-wordpress\/ -->\n<title>K\u00f8b lodsedler til El Gordo-lotteriet online<\/title>\n<meta name=\"description\" content=\"Bliv million\u00e6r, n\u00e5r du k\u00f8ber dine online lodsedler til El Gordo-lotteriet.\" \/>\n<meta name=\"robots\" content=\"index, follow, max-snippet:-1, max-image-preview:large, max-video-preview:-1\" \/>\n<link rel=\"canonical\" href=\"https:\/\/gambling6.com\/da\/lotteri\/fa-el-gordo-lotterisedler-hvor-som-helst\/\" \/>\n<meta property=\"og:locale\" content=\"da_DK\" \/>\n<meta property=\"og:type\" content=\"article\" \/>\n<meta property=\"og:title\" content=\"K\u00f8b lodsedler til El Gordo-lotteriet online\" \/>\n<meta property=\"og:description\" content=\"Bliv million\u00e6r, n\u00e5r du k\u00f8ber dine online lodsedler til El Gordo-lotteriet.\" \/>\n<meta property=\"og:url\" content=\"https:\/\/gambling6.com\/da\/lotteri\/fa-el-gordo-lotterisedler-hvor-som-helst\/\" \/>\n<meta property=\"og:site_name\" content=\"Gambling6\" \/>\n<meta property=\"article:modified_time\" content=\"2025-11-15T11:25:04+00:00\" \/>\n<meta property=\"og:image\" content=\"https:\/\/gambling6.com\/wp-content\/uploads\/2022\/04\/2_ticket_spanish_lottery.jpg\" \/>\n\t<meta property=\"og:image:width\" content=\"219\" \/>\n\t<meta property=\"og:image:height\" content=\"300\" \/>\n\t<meta property=\"og:image:type\" content=\"image\/jpeg\" \/>\n<meta name=\"twitter:card\" content=\"summary_large_image\" \/>\n<meta name=\"twitter:label1\" content=\"Estimeret l\u00e6setid\" \/>\n\t<meta name=\"twitter:data1\" content=\"2 minutter\" \/>\n<script type=\"application\/ld+json\" class=\"yoast-schema-graph\">{\"@context\":\"https:\\\/\\\/schema.org\",\"@graph\":[{\"@type\":\"WebPage\",\"@id\":\"https:\\\/\\\/gambling6.com\\\/da\\\/lotteri\\\/fa-el-gordo-lotterisedler-hvor-som-helst\\\/\",\"url\":\"https:\\\/\\\/gambling6.com\\\/da\\\/lotteri\\\/fa-el-gordo-lotterisedler-hvor-som-helst\\\/\",\"name\":\"K\u00f8b lodsedler til El Gordo-lotteriet online\",\"isPartOf\":{\"@id\":\"https:\\\/\\\/gambling6.com\\\/da\\\/#website\"},\"primaryImageOfPage\":{\"@id\":\"https:\\\/\\\/gambling6.com\\\/da\\\/lotteri\\\/fa-el-gordo-lotterisedler-hvor-som-helst\\\/#primaryimage\"},\"image\":{\"@id\":\"https:\\\/\\\/gambling6.com\\\/da\\\/lotteri\\\/fa-el-gordo-lotterisedler-hvor-som-helst\\\/#primaryimage\"},\"thumbnailUrl\":\"https:\\\/\\\/gambling6.com\\\/wp-content\\\/uploads\\\/2022\\\/04\\\/2_ticket_spanish_lottery.jpg\",\"datePublished\":\"2025-11-11T07:49:28+00:00\",\"dateModified\":\"2025-11-15T11:25:04+00:00\",\"description\":\"Bliv million\u00e6r, n\u00e5r du k\u00f8ber dine online lodsedler til El Gordo-lotteriet.\",\"breadcrumb\":{\"@id\":\"https:\\\/\\\/gambling6.com\\\/da\\\/lotteri\\\/fa-el-gordo-lotterisedler-hvor-som-helst\\\/#breadcrumb\"},\"inLanguage\":\"da-DK\",\"potentialAction\":[{\"@type\":\"ReadAction\",\"target\":[\"https:\\\/\\\/gambling6.com\\\/da\\\/lotteri\\\/fa-el-gordo-lotterisedler-hvor-som-helst\\\/\"]}]},{\"@type\":\"ImageObject\",\"inLanguage\":\"da-DK\",\"@id\":\"https:\\\/\\\/gambling6.com\\\/da\\\/lotteri\\\/fa-el-gordo-lotterisedler-hvor-som-helst\\\/#primaryimage\",\"url\":\"https:\\\/\\\/gambling6.com\\\/wp-content\\\/uploads\\\/2022\\\/04\\\/2_ticket_spanish_lottery.jpg\",\"contentUrl\":\"https:\\\/\\\/gambling6.com\\\/wp-content\\\/uploads\\\/2022\\\/04\\\/2_ticket_spanish_lottery.jpg\"},{\"@type\":\"BreadcrumbList\",\"@id\":\"https:\\\/\\\/gambling6.com\\\/da\\\/lotteri\\\/fa-el-gordo-lotterisedler-hvor-som-helst\\\/#breadcrumb\",\"itemListElement\":[{\"@type\":\"ListItem\",\"position\":1,\"name\":\"Home\",\"item\":\"https:\\\/\\\/gambling6.com\\\/da\\\/home\\\/\"},{\"@type\":\"ListItem\",\"position\":2,\"name\":\"Lotteri\",\"item\":\"https:\\\/\\\/gambling6.com\\\/da\\\/lotteri\\\/\"},{\"@type\":\"ListItem\",\"position\":3,\"name\":\"F\u00e5 El Gordo-lotterisedler hvor som helst\"}]},{\"@type\":\"WebSite\",\"@id\":\"https:\\\/\\\/gambling6.com\\\/da\\\/#website\",\"url\":\"https:\\\/\\\/gambling6.com\\\/da\\\/\",\"name\":\"Gambling6\",\"description\":\"\",\"potentialAction\":[{\"@type\":\"SearchAction\",\"target\":{\"@type\":\"EntryPoint\",\"urlTemplate\":\"https:\\\/\\\/gambling6.com\\\/da\\\/?s={search_term_string}\"},\"query-input\":{\"@type\":\"PropertyValueSpecification\",\"valueRequired\":true,\"valueName\":\"search_term_string\"}}],\"inLanguage\":\"da-DK\"}]}<\/script>\n<!-- \/ Yoast SEO plugin. -->","yoast_head_json":{"title":"K\u00f8b lodsedler til El Gordo-lotteriet online","description":"Bliv million\u00e6r, n\u00e5r du k\u00f8ber dine online lodsedler til El Gordo-lotteriet.","robots":{"index":"index","follow":"follow","max-snippet":"max-snippet:-1","max-image-preview":"max-image-preview:large","max-video-preview":"max-video-preview:-1"},"canonical":"https:\/\/gambling6.com\/da\/lotteri\/fa-el-gordo-lotterisedler-hvor-som-helst\/","og_locale":"da_DK","og_type":"article","og_title":"K\u00f8b lodsedler til El Gordo-lotteriet online","og_description":"Bliv million\u00e6r, n\u00e5r du k\u00f8ber dine online lodsedler til El Gordo-lotteriet.","og_url":"https:\/\/gambling6.com\/da\/lotteri\/fa-el-gordo-lotterisedler-hvor-som-helst\/","og_site_name":"Gambling6","article_modified_time":"2025-11-15T11:25:04+00:00","og_image":[{"width":219,"height":300,"url":"https:\/\/gambling6.com\/wp-content\/uploads\/2022\/04\/2_ticket_spanish_lottery.jpg","type":"image\/jpeg"}],"twitter_card":"summary_large_image","twitter_misc":{"Estimeret l\u00e6setid":"2 minutter"},"schema":{"@context":"https:\/\/schema.org","@graph":[{"@type":"WebPage","@id":"https:\/\/gambling6.com\/da\/lotteri\/fa-el-gordo-lotterisedler-hvor-som-helst\/","url":"https:\/\/gambling6.com\/da\/lotteri\/fa-el-gordo-lotterisedler-hvor-som-helst\/","name":"K\u00f8b lodsedler til El Gordo-lotteriet online","isPartOf":{"@id":"https:\/\/gambling6.com\/da\/#website"},"primaryImageOfPage":{"@id":"https:\/\/gambling6.com\/da\/lotteri\/fa-el-gordo-lotterisedler-hvor-som-helst\/#primaryimage"},"image":{"@id":"https:\/\/gambling6.com\/da\/lotteri\/fa-el-gordo-lotterisedler-hvor-som-helst\/#primaryimage"},"thumbnailUrl":"https:\/\/gambling6.com\/wp-content\/uploads\/2022\/04\/2_ticket_spanish_lottery.jpg","datePublished":"2025-11-11T07:49:28+00:00","dateModified":"2025-11-15T11:25:04+00:00","description":"Bliv million\u00e6r, n\u00e5r du k\u00f8ber dine online lodsedler til El Gordo-lotteriet.","breadcrumb":{"@id":"https:\/\/gambling6.com\/da\/lotteri\/fa-el-gordo-lotterisedler-hvor-som-helst\/#breadcrumb"},"inLanguage":"da-DK","potentialAction":[{"@type":"ReadAction","target":["https:\/\/gambling6.com\/da\/lotteri\/fa-el-gordo-lotterisedler-hvor-som-helst\/"]}]},{"@type":"ImageObject","inLanguage":"da-DK","@id":"https:\/\/gambling6.com\/da\/lotteri\/fa-el-gordo-lotterisedler-hvor-som-helst\/#primaryimage","url":"https:\/\/gambling6.com\/wp-content\/uploads\/2022\/04\/2_ticket_spanish_lottery.jpg","contentUrl":"https:\/\/gambling6.com\/wp-content\/uploads\/2022\/04\/2_ticket_spanish_lottery.jpg"},{"@type":"BreadcrumbList","@id":"https:\/\/gambling6.com\/da\/lotteri\/fa-el-gordo-lotterisedler-hvor-som-helst\/#breadcrumb","itemListElement":[{"@type":"ListItem","position":1,"name":"Home","item":"https:\/\/gambling6.com\/da\/home\/"},{"@type":"ListItem","position":2,"name":"Lotteri","item":"https:\/\/gambling6.com\/da\/lotteri\/"},{"@type":"ListItem","position":3,"name":"F\u00e5 El Gordo-lotterisedler hvor som helst"}]},{"@type":"WebSite","@id":"https:\/\/gambling6.com\/da\/#website","url":"https:\/\/gambling6.com\/da\/","name":"Gambling6","description":"","potentialAction":[{"@type":"SearchAction","target":{"@type":"EntryPoint","urlTemplate":"https:\/\/gambling6.com\/da\/?s={search_term_string}"},"query-input":{"@type":"PropertyValueSpecification","valueRequired":true,"valueName":"search_term_string"}}],"inLanguage":"da-DK"}]}},"_links":{"self":[{"href":"https:\/\/gambling6.com\/da\/wp-json\/wp\/v2\/pages\/9609","targetHints":{"allow":["GET"]}}],"collection":[{"href":"https:\/\/gambling6.com\/da\/wp-json\/wp\/v2\/pages"}],"about":[{"href":"https:\/\/gambling6.com\/da\/wp-json\/wp\/v2\/types\/page"}],"author":[{"embeddable":true,"href":"https:\/\/gambling6.com\/da\/wp-json\/wp\/v2\/users\/1"}],"replies":[{"embeddable":true,"href":"https:\/\/gambling6.com\/da\/wp-json\/wp\/v2\/comments?post=9609"}],"version-history":[{"count":1,"href":"https:\/\/gambling6.com\/da\/wp-json\/wp\/v2\/pages\/9609\/revisions"}],"predecessor-version":[{"id":10943,"href":"https:\/\/gambling6.com\/da\/wp-json\/wp\/v2\/pages\/9609\/revisions\/10943"}],"up":[{"embeddable":true,"href":"https:\/\/gambling6.com\/da\/wp-json\/wp\/v2\/pages\/9274"}],"wp:attachment":[{"href":"https:\/\/gambling6.com\/da\/wp-json\/wp\/v2\/media?parent=9609"}],"curies":[{"name":"wp","href":"https:\/\/api.w.org\/{rel}","templated":true}]}}