{"id":9610,"date":"2025-11-11T07:51:27","date_gmt":"2025-11-11T07:51:27","guid":{"rendered":"https:\/\/gambling6.com\/lotteri\/kob-online-billetter-til-det-britiske-nationale-lotteri\/"},"modified":"2025-11-11T07:51:27","modified_gmt":"2025-11-11T07:51:27","slug":"kob-online-billetter-til-det-britiske-nationale-lotteri","status":"publish","type":"page","link":"https:\/\/gambling6.com\/da\/lotteri\/kob-online-billetter-til-det-britiske-nationale-lotteri\/","title":{"rendered":"K\u00f8b online billetter til det britiske nationale lotteri"},"content":{"rendered":"<h2>Lodser til det britiske nationale lotteri p\u00e5 nettet<\/h2>\n<p><strong style=\"background-color: initial;\">Hvis du har en onlinelodseddel til det britiske nationale lotteri, bliver du en del af Storbritanniens foretrukne lotto.<\/strong><span style=\"background-color: initial;\"> Lotsedler, b\u00e5de online og lokalt, bel\u00f8ber sig til cirka 50.000.000 pr. tr\u00e6kning. Med en lodseddel har du en 1 ud af 56 chance for at vinde \u00a325, startpr\u00e6mien i det britiske nationale lotteri.<\/span><\/p>\n<p>For at spille dette lotteri v\u00e6lger du seks prim\u00e6re tal mellem et og 49. For at indl\u00f8se jackpotten skal du blot finde seks matchende tal. <strong>Oddsene for at vinde det britiske nationale lotteri er cirka 1 ud af 14 millioner.<\/strong> Disse odds er meget bedre end at fors\u00f8ge at vinde Euromillions; Faktisk er der omkring 10 gange st\u00f8rre sandsynlighed for, at du vinder penge.<\/p>\n<p>Hver onsdag og l\u00f8rdag stiger billetsalget voldsomt, da lokale briter og internationale online lotterispillere k\u00f8ber lodsedler for at vinde jackpotten, som n\u00e6sten altid overstiger 5 millioner pund. Mens 45 % af billetsalget er garanteret til pr\u00e6miepuljen, er over 42 milliarder pund blevet givet til gode form\u00e5l i Storbritannien og i udlandet, siden dette lotteri blev introduceret i 1994.<\/p>\n<p><img loading=\"lazy\" decoding=\"async\" class=\"size-medium wp-image-1371 alignright\" src=\"https:\/\/gambling6.com\/wp-content\/uploads\/2022\/04\/2_ticket_uk_lottery-192x300.jpg\" alt=\"ticket uk lotteri\" width=\"192\" height=\"300\" srcset=\"https:\/\/gambling6.com\/wp-content\/uploads\/2022\/04\/2_ticket_uk_lottery-192x300.jpg 192w, https:\/\/gambling6.com\/wp-content\/uploads\/2022\/04\/2_ticket_uk_lottery.jpg 564w\" sizes=\"auto, (max-width: 192px) 100vw, 192px\" \/>N\u00e5r dette lotteri tr\u00e6kkes om l\u00f8rdagen og onsdagen i London, er publikummet, der holder lodsedler i h\u00e5ndfladerne, ret stort. Folk str\u00f8mmer til fjernsynet p\u00e5 de lokale pubber i h\u00e5b om at vinde de 5 millioner pund. Derudover, hvis jackpotten ikke vindes, overf\u00f8res den til den n\u00e6ste tr\u00e6kning. <a class=\"thirstylink\" title=\"RedFoxLotto da\" href=\"https:\/\/gambling6.com\/go\/redfoxlotto-da\/\" target=\"_blank\" rel=\"nofollow noopener\">F\u00e5 din onlinekupon og f\u00e5 chancen for at g\u00f8re krav p\u00e5 pr\u00e6mien til det britiske nationale lotteri ved at bes\u00f8ge vores partner RedFoxLotto.<\/a><\/p>\n<table style=\"width: 500px;\" border=\"1\" cellspacing=\"5\" cellpadding=\"5\" align=\"center\">\n<tbody>\n<tr>\n<td colspan=\"3\" align=\"center\">Top fem jackpots i 2013<\/td>\n<\/tr>\n<tr>\n<td>Tr\u00e6kning<\/td>\n<td align=\"center\">Dato<\/td>\n<td align=\"center\">Jackpot (USD)<\/td>\n<\/tr>\n<tr>\n<td>National Lottery &#8211; UK<\/td>\n<td align=\"center\">5-okt-13<\/td>\n<td style=\"text-align: center;\" align=\"right\">$16.500.000<\/td>\n<\/tr>\n<tr>\n<td>National Lottery &#8211; Storbritannien<\/td>\n<td align=\"center\">12-okt-13<\/td>\n<td align=\"right\">$16.500.000<\/td>\n<\/tr>\n<tr>\n<td>National Lottery &#8211; Storbritannien<\/td>\n<td align=\"center\">18-sep-13<\/td>\n<td align=\"right\">$14.025.000<\/td>\n<\/tr>\n<tr>\n<td>National Lottery &#8211; Storbritannien<\/td>\n<td align=\"center\">18-dec-13<\/td>\n<td align=\"right\">$13.173.600<\/td>\n<\/tr>\n<tr>\n<td>National Lottery &#8211; Storbritannien<\/td>\n<td align=\"center\">2-nov-13<\/td>\n<td align=\"right\">$13.134.000<\/td>\n<\/tr>\n<\/tbody>\n<\/table>\n<p>&nbsp;<\/p>\n<table style=\"width: 500px;\" border=\"1\" cellspacing=\"5\" cellpadding=\"5\" align=\"center\">\n<tbody>\n<tr>\n<td colspan=\"3\" align=\"center\">Storbritanniens nationale lotteripr\u00e6mieniveauer<\/td>\n<\/tr>\n<tr>\n<td>Pr\u00e6mie<\/td>\n<td align=\"center\">Kampe<\/td>\n<td align=\"center\">Odds<\/td>\n<\/tr>\n<tr>\n<td>1. (Jackpot)<\/td>\n<td style=\"text-align: center;\" align=\"center\">6<\/td>\n<td align=\"right\">13.983.816 : 1<\/td>\n<\/tr>\n<tr>\n<td>2.<\/td>\n<td align=\"center\">5 + 1<\/td>\n<td align=\"right\">2.330.636 : 1<\/td>\n<\/tr>\n<tr>\n<td>3.<\/td>\n<td align=\"center\">5<\/td>\n<td align=\"right\">55.492 : 1<\/td>\n<\/tr>\n<tr>\n<td>4.<\/td>\n<td align=\"center\">4<\/td>\n<td align=\"right\">1.033 : 1<\/td>\n<\/tr>\n<tr>\n<td>5.<\/td>\n<td align=\"center\">3<\/td>\n<td align=\"right\">57 : 1<\/td>\n<\/tr>\n<\/tbody>\n<\/table>\n","protected":false},"excerpt":{"rendered":"<p>Lodser til det britiske nationale lotteri p\u00e5 nettet Hvis du har en onlinelodseddel til det britiske nationale lotteri, bliver du en del af Storbritanniens foretrukne lotto. Lotsedler, b\u00e5de online og lokalt, bel\u00f8ber sig til cirka 50.000.000 pr. tr\u00e6kning. Med en lodseddel har du en 1 ud af 56 chance for at vinde \u00a325, startpr\u00e6mien i [&hellip;]<\/p>\n","protected":false},"author":1,"featured_media":0,"parent":9274,"menu_order":6,"comment_status":"closed","ping_status":"closed","template":"","meta":{"footnotes":""},"class_list":["post-9610","page","type-page","status-publish","hentry"],"yoast_head":"<!-- This site is optimized with the Yoast SEO plugin v27.4 - https:\/\/yoast.com\/product\/yoast-seo-wordpress\/ -->\n<title>K\u00f8b lodsedler til det britiske nationale lotteri online<\/title>\n<meta name=\"description\" content=\"Deltag i det britiske nationale lotteri ved at k\u00f8be dine lodsedler online.\" \/>\n<meta name=\"robots\" content=\"index, follow, max-snippet:-1, max-image-preview:large, max-video-preview:-1\" \/>\n<link rel=\"canonical\" href=\"https:\/\/gambling6.com\/da\/lotteri\/kob-online-billetter-til-det-britiske-nationale-lotteri\/\" \/>\n<meta property=\"og:locale\" content=\"da_DK\" \/>\n<meta property=\"og:type\" content=\"article\" \/>\n<meta property=\"og:title\" content=\"K\u00f8b lodsedler til det britiske nationale lotteri online\" \/>\n<meta property=\"og:description\" content=\"Deltag i det britiske nationale lotteri ved at k\u00f8be dine lodsedler online.\" \/>\n<meta property=\"og:url\" content=\"https:\/\/gambling6.com\/da\/lotteri\/kob-online-billetter-til-det-britiske-nationale-lotteri\/\" \/>\n<meta property=\"og:site_name\" content=\"Gambling6\" \/>\n<meta property=\"og:image\" content=\"https:\/\/gambling6.com\/wp-content\/uploads\/2022\/04\/2_ticket_uk_lottery.jpg\" \/>\n\t<meta property=\"og:image:width\" content=\"564\" \/>\n\t<meta property=\"og:image:height\" content=\"883\" \/>\n\t<meta property=\"og:image:type\" content=\"image\/jpeg\" \/>\n<meta name=\"twitter:card\" content=\"summary_large_image\" \/>\n<meta name=\"twitter:label1\" content=\"Estimeret l\u00e6setid\" \/>\n\t<meta name=\"twitter:data1\" content=\"2 minutter\" \/>\n<script type=\"application\/ld+json\" class=\"yoast-schema-graph\">{\"@context\":\"https:\\\/\\\/schema.org\",\"@graph\":[{\"@type\":\"WebPage\",\"@id\":\"https:\\\/\\\/gambling6.com\\\/da\\\/lotteri\\\/kob-online-billetter-til-det-britiske-nationale-lotteri\\\/\",\"url\":\"https:\\\/\\\/gambling6.com\\\/da\\\/lotteri\\\/kob-online-billetter-til-det-britiske-nationale-lotteri\\\/\",\"name\":\"K\u00f8b lodsedler til det britiske nationale lotteri online\",\"isPartOf\":{\"@id\":\"https:\\\/\\\/gambling6.com\\\/da\\\/#website\"},\"primaryImageOfPage\":{\"@id\":\"https:\\\/\\\/gambling6.com\\\/da\\\/lotteri\\\/kob-online-billetter-til-det-britiske-nationale-lotteri\\\/#primaryimage\"},\"image\":{\"@id\":\"https:\\\/\\\/gambling6.com\\\/da\\\/lotteri\\\/kob-online-billetter-til-det-britiske-nationale-lotteri\\\/#primaryimage\"},\"thumbnailUrl\":\"https:\\\/\\\/gambling6.com\\\/wp-content\\\/uploads\\\/2022\\\/04\\\/2_ticket_uk_lottery-192x300.jpg\",\"datePublished\":\"2025-11-11T07:51:27+00:00\",\"description\":\"Deltag i det britiske nationale lotteri ved at k\u00f8be dine lodsedler online.\",\"breadcrumb\":{\"@id\":\"https:\\\/\\\/gambling6.com\\\/da\\\/lotteri\\\/kob-online-billetter-til-det-britiske-nationale-lotteri\\\/#breadcrumb\"},\"inLanguage\":\"da-DK\",\"potentialAction\":[{\"@type\":\"ReadAction\",\"target\":[\"https:\\\/\\\/gambling6.com\\\/da\\\/lotteri\\\/kob-online-billetter-til-det-britiske-nationale-lotteri\\\/\"]}]},{\"@type\":\"ImageObject\",\"inLanguage\":\"da-DK\",\"@id\":\"https:\\\/\\\/gambling6.com\\\/da\\\/lotteri\\\/kob-online-billetter-til-det-britiske-nationale-lotteri\\\/#primaryimage\",\"url\":\"https:\\\/\\\/gambling6.com\\\/wp-content\\\/uploads\\\/2022\\\/04\\\/2_ticket_uk_lottery-192x300.jpg\",\"contentUrl\":\"https:\\\/\\\/gambling6.com\\\/wp-content\\\/uploads\\\/2022\\\/04\\\/2_ticket_uk_lottery-192x300.jpg\"},{\"@type\":\"BreadcrumbList\",\"@id\":\"https:\\\/\\\/gambling6.com\\\/da\\\/lotteri\\\/kob-online-billetter-til-det-britiske-nationale-lotteri\\\/#breadcrumb\",\"itemListElement\":[{\"@type\":\"ListItem\",\"position\":1,\"name\":\"Home\",\"item\":\"https:\\\/\\\/gambling6.com\\\/da\\\/home\\\/\"},{\"@type\":\"ListItem\",\"position\":2,\"name\":\"Lotteri\",\"item\":\"https:\\\/\\\/gambling6.com\\\/da\\\/lotteri\\\/\"},{\"@type\":\"ListItem\",\"position\":3,\"name\":\"K\u00f8b online billetter til det britiske nationale lotteri\"}]},{\"@type\":\"WebSite\",\"@id\":\"https:\\\/\\\/gambling6.com\\\/da\\\/#website\",\"url\":\"https:\\\/\\\/gambling6.com\\\/da\\\/\",\"name\":\"Gambling6\",\"description\":\"\",\"potentialAction\":[{\"@type\":\"SearchAction\",\"target\":{\"@type\":\"EntryPoint\",\"urlTemplate\":\"https:\\\/\\\/gambling6.com\\\/da\\\/?s={search_term_string}\"},\"query-input\":{\"@type\":\"PropertyValueSpecification\",\"valueRequired\":true,\"valueName\":\"search_term_string\"}}],\"inLanguage\":\"da-DK\"}]}<\/script>\n<!-- \/ Yoast SEO plugin. -->","yoast_head_json":{"title":"K\u00f8b lodsedler til det britiske nationale lotteri online","description":"Deltag i det britiske nationale lotteri ved at k\u00f8be dine lodsedler online.","robots":{"index":"index","follow":"follow","max-snippet":"max-snippet:-1","max-image-preview":"max-image-preview:large","max-video-preview":"max-video-preview:-1"},"canonical":"https:\/\/gambling6.com\/da\/lotteri\/kob-online-billetter-til-det-britiske-nationale-lotteri\/","og_locale":"da_DK","og_type":"article","og_title":"K\u00f8b lodsedler til det britiske nationale lotteri online","og_description":"Deltag i det britiske nationale lotteri ved at k\u00f8be dine lodsedler online.","og_url":"https:\/\/gambling6.com\/da\/lotteri\/kob-online-billetter-til-det-britiske-nationale-lotteri\/","og_site_name":"Gambling6","og_image":[{"width":564,"height":883,"url":"https:\/\/gambling6.com\/wp-content\/uploads\/2022\/04\/2_ticket_uk_lottery.jpg","type":"image\/jpeg"}],"twitter_card":"summary_large_image","twitter_misc":{"Estimeret l\u00e6setid":"2 minutter"},"schema":{"@context":"https:\/\/schema.org","@graph":[{"@type":"WebPage","@id":"https:\/\/gambling6.com\/da\/lotteri\/kob-online-billetter-til-det-britiske-nationale-lotteri\/","url":"https:\/\/gambling6.com\/da\/lotteri\/kob-online-billetter-til-det-britiske-nationale-lotteri\/","name":"K\u00f8b lodsedler til det britiske nationale lotteri online","isPartOf":{"@id":"https:\/\/gambling6.com\/da\/#website"},"primaryImageOfPage":{"@id":"https:\/\/gambling6.com\/da\/lotteri\/kob-online-billetter-til-det-britiske-nationale-lotteri\/#primaryimage"},"image":{"@id":"https:\/\/gambling6.com\/da\/lotteri\/kob-online-billetter-til-det-britiske-nationale-lotteri\/#primaryimage"},"thumbnailUrl":"https:\/\/gambling6.com\/wp-content\/uploads\/2022\/04\/2_ticket_uk_lottery-192x300.jpg","datePublished":"2025-11-11T07:51:27+00:00","description":"Deltag i det britiske nationale lotteri ved at k\u00f8be dine lodsedler online.","breadcrumb":{"@id":"https:\/\/gambling6.com\/da\/lotteri\/kob-online-billetter-til-det-britiske-nationale-lotteri\/#breadcrumb"},"inLanguage":"da-DK","potentialAction":[{"@type":"ReadAction","target":["https:\/\/gambling6.com\/da\/lotteri\/kob-online-billetter-til-det-britiske-nationale-lotteri\/"]}]},{"@type":"ImageObject","inLanguage":"da-DK","@id":"https:\/\/gambling6.com\/da\/lotteri\/kob-online-billetter-til-det-britiske-nationale-lotteri\/#primaryimage","url":"https:\/\/gambling6.com\/wp-content\/uploads\/2022\/04\/2_ticket_uk_lottery-192x300.jpg","contentUrl":"https:\/\/gambling6.com\/wp-content\/uploads\/2022\/04\/2_ticket_uk_lottery-192x300.jpg"},{"@type":"BreadcrumbList","@id":"https:\/\/gambling6.com\/da\/lotteri\/kob-online-billetter-til-det-britiske-nationale-lotteri\/#breadcrumb","itemListElement":[{"@type":"ListItem","position":1,"name":"Home","item":"https:\/\/gambling6.com\/da\/home\/"},{"@type":"ListItem","position":2,"name":"Lotteri","item":"https:\/\/gambling6.com\/da\/lotteri\/"},{"@type":"ListItem","position":3,"name":"K\u00f8b online billetter til det britiske nationale lotteri"}]},{"@type":"WebSite","@id":"https:\/\/gambling6.com\/da\/#website","url":"https:\/\/gambling6.com\/da\/","name":"Gambling6","description":"","potentialAction":[{"@type":"SearchAction","target":{"@type":"EntryPoint","urlTemplate":"https:\/\/gambling6.com\/da\/?s={search_term_string}"},"query-input":{"@type":"PropertyValueSpecification","valueRequired":true,"valueName":"search_term_string"}}],"inLanguage":"da-DK"}]}},"_links":{"self":[{"href":"https:\/\/gambling6.com\/da\/wp-json\/wp\/v2\/pages\/9610","targetHints":{"allow":["GET"]}}],"collection":[{"href":"https:\/\/gambling6.com\/da\/wp-json\/wp\/v2\/pages"}],"about":[{"href":"https:\/\/gambling6.com\/da\/wp-json\/wp\/v2\/types\/page"}],"author":[{"embeddable":true,"href":"https:\/\/gambling6.com\/da\/wp-json\/wp\/v2\/users\/1"}],"replies":[{"embeddable":true,"href":"https:\/\/gambling6.com\/da\/wp-json\/wp\/v2\/comments?post=9610"}],"version-history":[{"count":0,"href":"https:\/\/gambling6.com\/da\/wp-json\/wp\/v2\/pages\/9610\/revisions"}],"up":[{"embeddable":true,"href":"https:\/\/gambling6.com\/da\/wp-json\/wp\/v2\/pages\/9274"}],"wp:attachment":[{"href":"https:\/\/gambling6.com\/da\/wp-json\/wp\/v2\/media?parent=9610"}],"curies":[{"name":"wp","href":"https:\/\/api.w.org\/{rel}","templated":true}]}}