{"id":9612,"date":"2025-11-11T07:54:14","date_gmt":"2025-11-11T07:54:14","guid":{"rendered":"https:\/\/gambling6.com\/lotteri\/kob-billetter-til-mega-sena-lotteriet-online\/"},"modified":"2025-11-11T07:54:14","modified_gmt":"2025-11-11T07:54:14","slug":"kob-billetter-til-mega-sena-lotteriet-online","status":"publish","type":"page","link":"https:\/\/gambling6.com\/da\/lotteri\/kob-billetter-til-mega-sena-lotteriet-online\/","title":{"rendered":"K\u00f8b billetter til Mega Sena-lotteriet online"},"content":{"rendered":"<h2>Mega Sena Lotteri<\/h2>\n<p>Med en garanteret minimumsjackpot p\u00e5 1,1 millioner dollars tiltr\u00e6kker Mega Sena Lotteri i Brasilien en enorm f\u00f8lgerskare to gange om ugen. Med muligheden for at f\u00e5 lodsedler online til Mega Sena Lotteri, stiger jackpots ofte meget h\u00f8jere.<strong>I et land, der er kendt verden over for smukke kvinder p\u00e5 strandene og for at have det sjovt, bidrager Brasiliens nationale Mega-Sena Lotteri til sp\u00e6ndingen med jackpots, der kan n\u00e5 op p\u00e5 35 millioner dollars.<\/p>\n<p><strong>Som om 35 millioner dollars ikke er nok, finder der nyt\u00e5rsaften en s\u00e6rlig tr\u00e6kning sted med en garanteret jackpot p\u00e5 200 millioner dollars.<\/strong><\/p>\n<p>Mega-Sena Lotteri, der afholdes to gange om ugen i Brasilien, er det st\u00f8rste i Sydamerika og kan k\u00f8bes online. Indbyggere i Brasilien, sammen med mange online spillere, str\u00f8mmer til for at k\u00f8be lodsedler to gange om ugen til dette letspillede lotteri.<\/p>\n<h2>At spille Mega-Sena-lotteriet online.<\/h2>\n<p>For at deltage i dette lotteri skal du blot v\u00e6lge seks tal mellem 1 og 60 og vente p\u00e5, at tr\u00e6kningen finder sted. For at g\u00f8re krav p\u00e5 jackpotten skal du blot finde seks matchende tal. <strong>Som online spiller er n\u00e6ste skridt at flyve til Brasilien<\/strong>, g\u00f8re krav p\u00e5 din jackpot og sv\u00f8mme rundt p\u00e5 stranden med alle dine nye venner.<\/p>\n<p>Oddsene for at vinde Mega Sena med dine online lodsedler er cirka 50.000.000 til 1. Ved at k\u00f8be Mega Sena-lodsedler online kan du ogs\u00e5 vinde en af \u200b\u200bpr\u00e6mierne p\u00e5 anden eller tredje niveau, som ofte er betydelige. <a class=\"thirstylink\" title=\"Redfoxlotto\" href=\"https:\/\/gambling6.com\/go\/redfoxlotto\/\" target=\"_blank\" rel=\"nofollow noopener\">Klik her for at bes\u00f8ge vores partner RedFoxlotto og f\u00e5 dine lodsedler til Mega Sena-lotteriet online.<\/a><\/p>\n<table style=\"width: 500px;\" border=\"1\" cellspacing=\"5\" cellpadding=\"5\" align=\"center\">\n<tbody>\n<tr>\n<td colspan=\"3\" align=\"center\">Top fem jackpots for 2013<\/td>\n<\/tr>\n<tr>\n<td>Tr\u00e6kning<\/td>\n<td align=\"center\">Dato<\/td>\n<td align=\"center\">Jackpot (USD)<\/td>\n<\/tr>\n<tr>\n<td>Mega-Sena &#8211; Latinamerika<\/td>\n<td align=\"center\">6-nov-13<\/td>\n<td align=\"right\">$34.615.000<\/td>\n<\/tr>\n<tr>\n<td>Mega-Sena &#8211; Latinamerika<\/td>\n<td align=\"center\">1-jun-13<\/td>\n<td align=\"right\">18.505.745 USD<\/td>\n<\/tr>\n<tr>\n<td>Mega-Sena &#8211; Latinamerika<\/td>\n<td align=\"center\">3. juli 2013<\/td>\n<td align=\"right\">18.205.319 USD<\/td>\n<\/tr>\n<tr>\n<td>Mega-Sena &#8211; Latinamerika<\/td>\n<td align=\"center\">31. august 2013<\/td>\n<td align=\"right\">13.760.000 USD<\/td>\n<\/tr>\n<tr>\n<td>Mega-Sena &#8211; Latinamerika<\/td>\n<td align=\"center\">14. august 2013<\/td>\n<td align=\"right\">10.884.923 USD<\/td>\n<\/tr>\n<\/tbody>\n<\/table>\n<p>&nbsp;<\/p>\n<table style=\"width: 500px;\" border=\"1\" cellspacing=\"5\" cellpadding=\"5\" align=\"center\">\n<tbody>\n<tr>\n<td colspan=\"3\" align=\"center\">Mega-Sena Lotteri &#8211; Brasilien Pr\u00e6mieniveauer<\/td>\n<\/tr>\n<tr>\n<td>Pr\u00e6mie<\/td>\n<td align=\"center\">Kampe<\/td>\n<td align=\"center\">Odds<\/td>\n<\/tr>\n<tr>\n<td>1. (Jackpot)<\/td>\n<td align=\"center\">6<\/td>\n<td align=\"right\">50.063.856 : 1<\/td>\n<\/tr>\n<tr>\n<td>2.<\/td>\n<td align=\"center\">5<\/td>\n<td align=\"right\">154.518 : 1<\/td>\n<\/tr>\n<tr>\n<td>3.<\/td>\n<td align=\"center\">4<\/td>\n<td align=\"right\">2.332 : 1<\/td>\n<\/tr>\n<\/tbody>\n<\/table>\n","protected":false},"excerpt":{"rendered":"<p>Mega Sena Lotteri Med en garanteret minimumsjackpot p\u00e5 1,1 millioner dollars tiltr\u00e6kker Mega Sena Lotteri i Brasilien en enorm f\u00f8lgerskare to gange om ugen. Med muligheden for at f\u00e5 lodsedler online til Mega Sena Lotteri, stiger jackpots ofte meget h\u00f8jere.I et land, der er kendt verden over for smukke kvinder p\u00e5 strandene og for at [&hellip;]<\/p>\n","protected":false},"author":1,"featured_media":0,"parent":9274,"menu_order":8,"comment_status":"closed","ping_status":"closed","template":"","meta":{"footnotes":""},"class_list":["post-9612","page","type-page","status-publish","hentry"],"yoast_head":"<!-- This site is optimized with the Yoast SEO plugin v27.4 - https:\/\/yoast.com\/product\/yoast-seo-wordpress\/ -->\n<title>K\u00f8b online lodsedler til Mega Sena-lotteriet<\/title>\n<meta name=\"description\" content=\"L\u00e6r hvordan du kan f\u00e5 lodsedler til Brasiliens Mega-Sena-lotteri online.\" \/>\n<meta name=\"robots\" content=\"index, follow, max-snippet:-1, max-image-preview:large, max-video-preview:-1\" \/>\n<link rel=\"canonical\" href=\"https:\/\/gambling6.com\/da\/lotteri\/kob-billetter-til-mega-sena-lotteriet-online\/\" \/>\n<meta property=\"og:locale\" content=\"da_DK\" \/>\n<meta property=\"og:type\" content=\"article\" \/>\n<meta property=\"og:title\" content=\"K\u00f8b online lodsedler til Mega Sena-lotteriet\" \/>\n<meta property=\"og:description\" content=\"L\u00e6r hvordan du kan f\u00e5 lodsedler til Brasiliens Mega-Sena-lotteri online.\" \/>\n<meta property=\"og:url\" content=\"https:\/\/gambling6.com\/da\/lotteri\/kob-billetter-til-mega-sena-lotteriet-online\/\" \/>\n<meta property=\"og:site_name\" content=\"Gambling6\" \/>\n<meta name=\"twitter:card\" content=\"summary_large_image\" \/>\n<meta name=\"twitter:label1\" content=\"Estimeret l\u00e6setid\" \/>\n\t<meta name=\"twitter:data1\" content=\"2 minutter\" \/>\n<script type=\"application\/ld+json\" class=\"yoast-schema-graph\">{\"@context\":\"https:\\\/\\\/schema.org\",\"@graph\":[{\"@type\":\"WebPage\",\"@id\":\"https:\\\/\\\/gambling6.com\\\/da\\\/lotteri\\\/kob-billetter-til-mega-sena-lotteriet-online\\\/\",\"url\":\"https:\\\/\\\/gambling6.com\\\/da\\\/lotteri\\\/kob-billetter-til-mega-sena-lotteriet-online\\\/\",\"name\":\"K\u00f8b online lodsedler til Mega Sena-lotteriet\",\"isPartOf\":{\"@id\":\"https:\\\/\\\/gambling6.com\\\/da\\\/#website\"},\"datePublished\":\"2025-11-11T07:54:14+00:00\",\"description\":\"L\u00e6r hvordan du kan f\u00e5 lodsedler til Brasiliens Mega-Sena-lotteri online.\",\"breadcrumb\":{\"@id\":\"https:\\\/\\\/gambling6.com\\\/da\\\/lotteri\\\/kob-billetter-til-mega-sena-lotteriet-online\\\/#breadcrumb\"},\"inLanguage\":\"da-DK\",\"potentialAction\":[{\"@type\":\"ReadAction\",\"target\":[\"https:\\\/\\\/gambling6.com\\\/da\\\/lotteri\\\/kob-billetter-til-mega-sena-lotteriet-online\\\/\"]}]},{\"@type\":\"BreadcrumbList\",\"@id\":\"https:\\\/\\\/gambling6.com\\\/da\\\/lotteri\\\/kob-billetter-til-mega-sena-lotteriet-online\\\/#breadcrumb\",\"itemListElement\":[{\"@type\":\"ListItem\",\"position\":1,\"name\":\"Home\",\"item\":\"https:\\\/\\\/gambling6.com\\\/da\\\/home\\\/\"},{\"@type\":\"ListItem\",\"position\":2,\"name\":\"Lotteri\",\"item\":\"https:\\\/\\\/gambling6.com\\\/da\\\/lotteri\\\/\"},{\"@type\":\"ListItem\",\"position\":3,\"name\":\"K\u00f8b billetter til Mega Sena-lotteriet online\"}]},{\"@type\":\"WebSite\",\"@id\":\"https:\\\/\\\/gambling6.com\\\/da\\\/#website\",\"url\":\"https:\\\/\\\/gambling6.com\\\/da\\\/\",\"name\":\"Gambling6\",\"description\":\"\",\"potentialAction\":[{\"@type\":\"SearchAction\",\"target\":{\"@type\":\"EntryPoint\",\"urlTemplate\":\"https:\\\/\\\/gambling6.com\\\/da\\\/?s={search_term_string}\"},\"query-input\":{\"@type\":\"PropertyValueSpecification\",\"valueRequired\":true,\"valueName\":\"search_term_string\"}}],\"inLanguage\":\"da-DK\"}]}<\/script>\n<!-- \/ Yoast SEO plugin. -->","yoast_head_json":{"title":"K\u00f8b online lodsedler til Mega Sena-lotteriet","description":"L\u00e6r hvordan du kan f\u00e5 lodsedler til Brasiliens Mega-Sena-lotteri online.","robots":{"index":"index","follow":"follow","max-snippet":"max-snippet:-1","max-image-preview":"max-image-preview:large","max-video-preview":"max-video-preview:-1"},"canonical":"https:\/\/gambling6.com\/da\/lotteri\/kob-billetter-til-mega-sena-lotteriet-online\/","og_locale":"da_DK","og_type":"article","og_title":"K\u00f8b online lodsedler til Mega Sena-lotteriet","og_description":"L\u00e6r hvordan du kan f\u00e5 lodsedler til Brasiliens Mega-Sena-lotteri online.","og_url":"https:\/\/gambling6.com\/da\/lotteri\/kob-billetter-til-mega-sena-lotteriet-online\/","og_site_name":"Gambling6","twitter_card":"summary_large_image","twitter_misc":{"Estimeret l\u00e6setid":"2 minutter"},"schema":{"@context":"https:\/\/schema.org","@graph":[{"@type":"WebPage","@id":"https:\/\/gambling6.com\/da\/lotteri\/kob-billetter-til-mega-sena-lotteriet-online\/","url":"https:\/\/gambling6.com\/da\/lotteri\/kob-billetter-til-mega-sena-lotteriet-online\/","name":"K\u00f8b online lodsedler til Mega Sena-lotteriet","isPartOf":{"@id":"https:\/\/gambling6.com\/da\/#website"},"datePublished":"2025-11-11T07:54:14+00:00","description":"L\u00e6r hvordan du kan f\u00e5 lodsedler til Brasiliens Mega-Sena-lotteri online.","breadcrumb":{"@id":"https:\/\/gambling6.com\/da\/lotteri\/kob-billetter-til-mega-sena-lotteriet-online\/#breadcrumb"},"inLanguage":"da-DK","potentialAction":[{"@type":"ReadAction","target":["https:\/\/gambling6.com\/da\/lotteri\/kob-billetter-til-mega-sena-lotteriet-online\/"]}]},{"@type":"BreadcrumbList","@id":"https:\/\/gambling6.com\/da\/lotteri\/kob-billetter-til-mega-sena-lotteriet-online\/#breadcrumb","itemListElement":[{"@type":"ListItem","position":1,"name":"Home","item":"https:\/\/gambling6.com\/da\/home\/"},{"@type":"ListItem","position":2,"name":"Lotteri","item":"https:\/\/gambling6.com\/da\/lotteri\/"},{"@type":"ListItem","position":3,"name":"K\u00f8b billetter til Mega Sena-lotteriet online"}]},{"@type":"WebSite","@id":"https:\/\/gambling6.com\/da\/#website","url":"https:\/\/gambling6.com\/da\/","name":"Gambling6","description":"","potentialAction":[{"@type":"SearchAction","target":{"@type":"EntryPoint","urlTemplate":"https:\/\/gambling6.com\/da\/?s={search_term_string}"},"query-input":{"@type":"PropertyValueSpecification","valueRequired":true,"valueName":"search_term_string"}}],"inLanguage":"da-DK"}]}},"_links":{"self":[{"href":"https:\/\/gambling6.com\/da\/wp-json\/wp\/v2\/pages\/9612","targetHints":{"allow":["GET"]}}],"collection":[{"href":"https:\/\/gambling6.com\/da\/wp-json\/wp\/v2\/pages"}],"about":[{"href":"https:\/\/gambling6.com\/da\/wp-json\/wp\/v2\/types\/page"}],"author":[{"embeddable":true,"href":"https:\/\/gambling6.com\/da\/wp-json\/wp\/v2\/users\/1"}],"replies":[{"embeddable":true,"href":"https:\/\/gambling6.com\/da\/wp-json\/wp\/v2\/comments?post=9612"}],"version-history":[{"count":0,"href":"https:\/\/gambling6.com\/da\/wp-json\/wp\/v2\/pages\/9612\/revisions"}],"up":[{"embeddable":true,"href":"https:\/\/gambling6.com\/da\/wp-json\/wp\/v2\/pages\/9274"}],"wp:attachment":[{"href":"https:\/\/gambling6.com\/da\/wp-json\/wp\/v2\/media?parent=9612"}],"curies":[{"name":"wp","href":"https:\/\/api.w.org\/{rel}","templated":true}]}}