{"id":9613,"date":"2025-11-11T07:55:40","date_gmt":"2025-11-11T07:55:40","guid":{"rendered":"https:\/\/gambling6.com\/lotteri\/kob-billetter-til-det-australske-lotteri-online\/"},"modified":"2025-11-11T07:55:40","modified_gmt":"2025-11-11T07:55:40","slug":"kob-billetter-til-det-australske-lotteri-online","status":"publish","type":"page","link":"https:\/\/gambling6.com\/da\/lotteri\/kob-billetter-til-det-australske-lotteri-online\/","title":{"rendered":"K\u00f8b billetter til det australske lotteri online"},"content":{"rendered":"<h2>Det australske lotteri<\/h2>\n<p>Hver uge, tirsdag og torsdag, finder to meget sp\u00e6ndende lotterier sted i Australien. Powerball- og Oz Lotto-kuponer kan k\u00f8bes online. At k\u00f8be kuponer online til det australske lotto er lige s\u00e5 nemt som at &#8220;kaste endnu en reje p\u00e5 barbien&#8221;. Folk spiller i disse lotterier om de regelm\u00e6ssigt h\u00f8je jackpots p\u00e5 50 millioner dollars og mere.<\/p>\n<p>Oddsene for begge jackpots er ret gunstige i betragtning af deres st\u00f8rrelse, og med muligheden for at k\u00f8be kuponer online stiger de ret hurtigt. Globalt har disse jackpots vundet popularitet i l\u00f8bet af de seneste par \u00e5r. Du h\u00f8rer mere om disse tr\u00e6kninger i nyhederne hver dag.<\/p>\n<h2>Online Oz Lotto-kuponer er sikre og sikre.<\/h2>\n<p>Du kan trygt og sikkert v\u00e6lge dine 7 tal og vente p\u00e5 tr\u00e6kningen. Vores partner <a class=\"thirstylink\" title=\"Redfoxlotto\" href=\"https:\/\/gambling6.com\/go\/redfoxlotto\/\" target=\"_blank\" rel=\"nofollow noopener\">RedFoxLotto.com<\/a> fjerner al bekymringen ved at k\u00f8be lottokuponer online, s\u00e5 du bare skal l\u00e6ne dig tilbage og vente p\u00e5 at vinde.<\/p>\n<p>Amerikanske spillere <span style=\"box-sizing: border-box; margin: 0px; padding: 0px;\">der \u00f8nsker at deltage i og k\u00f8be en kupon online til Powerball eller et andet lotteri fra Australien, b\u00f8r v\u00e6lge vores anden anbefaling: <a href=\"https:\/\/gambling6.com\/go\/thelotter-en\/\" target=\"_blank\" rel=\"noopener\">TheLotter. Klik her for at bes\u00f8ge<\/a><\/span><a class=\"thirstylink\" title=\"TheLotter en\" href=\"https:\/\/gambling6.com\/go\/thelotter-en\/\" target=\"_blank\" rel=\"nofollow noopener\">\u00a0deres hjemmeside.<\/a><\/p>\n<h2>K\u00e6mpe jackpots med online lodsedler til Powerball Australia<\/h2>\n<table style=\"width: 500px;\" border=\"1\" cellspacing=\"5\" cellpadding=\"5\" align=\"center\">\n<tbody>\n<tr>\n<td colspan=\"3\" align=\"center\">Top fem jackpots for 2013<\/td>\n<\/tr>\n<tr>\n<td>Tr\u00e6kning<\/td>\n<td align=\"center\">Dato<\/td>\n<td align=\"center\">Jackpot (USD)<\/td>\n<\/tr>\n<tr>\n<td>Powerball &#8211; Australien<\/td>\n<td align=\"center\">2. maj-13<\/td>\n<td align=\"right\">$55.229.291<\/td>\n<\/tr>\n<tr>\n<td>Powerball &#8211; Australien<\/td>\n<td align=\"center\">18. juli-13<\/td>\n<td align=\"right\">$26.700.000<\/td>\n<\/tr>\n<tr>\n<td>Powerball &#8211; Australien<\/td>\n<td align=\"center\">19-Sep-13<\/td>\n<td align=\"right\">$26.700.000<\/td>\n<\/tr>\n<tr>\n<td>Powerball &#8211; Australien<\/td>\n<td align=\"center\">24-Okt-13<\/td>\n<td align=\"right\">$26.700.000<\/td>\n<\/tr>\n<tr>\n<td>Powerball &#8211; Australien<\/td>\n<td align=\"center\">3-Jan-13<\/td>\n<td align=\"right\">$22.250.000<\/td>\n<\/tr>\n<\/tbody>\n<\/table>\n<h2>\u00a0Otte pr\u00e6mieniveauer for den australske Powerball online-billet k\u00f8bere<\/h2>\n<table style=\"width: 500px;\" border=\"1\" cellspacing=\"5\" cellpadding=\"5\" align=\"center\">\n<tbody>\n<tr>\n<td colspan=\"3\" align=\"center\">Powerball Lotto &#8211; Australiens pr\u00e6mieniveauer<\/td>\n<\/tr>\n<tr>\n<td>Pr\u00e6mie<\/td>\n<td align=\"center\">Kampe<\/td>\n<td align=\"center\">Odds<\/td>\n<\/tr>\n<tr>\n<td>1. (Jackpot)<\/td>\n<td align=\"center\">6 + 1<\/td>\n<td align=\"right\">76.767.600 : 1<\/td>\n<\/tr>\n<tr>\n<td>2.<\/td>\n<td align=\"center\">6<\/td>\n<td align=\"right\">4.040.400 : 1<\/td>\n<\/tr>\n<tr>\n<td>3.<\/td>\n<td align=\"center\">5 + 1<\/td>\n<td align=\"right\">376.312 : 1<\/td>\n<\/tr>\n<tr>\n<td>4.<\/td>\n<td align=\"center\">5<\/td>\n<td align=\"right\">19.806 : 1<\/td>\n<\/tr>\n<tr>\n<td>5.<\/td>\n<td align=\"center\">4 + 1<\/td>\n<td align=\"right\">9.123 : 1<\/td>\n<\/tr>\n<tr>\n<td>6.<\/td>\n<td align=\"center\">3 + 1<\/td>\n<td align=\"right\">641 : 1<\/td>\n<\/tr>\n<tr>\n<td>7.<\/td>\n<td align=\"center\">4<\/td>\n<td align=\"right\">480 : 1<\/td>\n<\/tr>\n<tr>\n<td>8.<\/td>\n<td align=\"center\">2 + 1<\/td>\n<td align=\"right\">110 : 1<\/td>\n<\/tr>\n<\/tbody>\n<\/table>\n<h2>\u00a0Online Oz Lotto-kuponer kan indkassere stort<\/h2>\n<table style=\"width: 500px;\" border=\"1\" cellspacing=\"5\" cellpadding=\"5\" align=\"center\">\n<tbody>\n<tr>\n<td colspan=\"3\" align=\"center\">Top fem jackpots for 2013<\/td>\n<\/tr>\n<tr>\n<td>Tr\u00e6kning<\/td>\n<td align=\"center\">Dato<\/td>\n<td align=\"center\">Jackpot (USD)<\/td>\n<\/tr>\n<tr>\n<td>Oz Lotto &#8211; Australien<\/td>\n<td align=\"center\">17-dec-13<\/td>\n<td align=\"right\">$62.300.000<\/td>\n<\/tr>\n<tr>\n<td>Oz Lotto &#8211; Australien<\/td>\n<td align=\"center\">2-jul-13<\/td>\n<td align=\"right\">$44.500.000<\/td>\n<\/tr>\n<tr>\n<td>Oz Lotto &#8211; Australien<\/td>\n<td align=\"center\">30. april-13<\/td>\n<td align=\"right\">$26.700.000<\/td>\n<\/tr>\n<tr>\n<td>Oz Lotto &#8211; Australien<\/td>\n<td align=\"center\">29. januar-13<\/td>\n<td align=\"right\">$20.296.484<\/td>\n<\/tr>\n<tr>\n<td>Oz Lotto &#8211; Australien<\/td>\n<td align=\"center\">3. september-13<\/td>\n<td align=\"right\">$19.790.620<\/td>\n<\/tr>\n<\/tbody>\n<\/table>\n<h2>\u00a0Tjek lodsedler online for at se om der er nogen kampe betal<\/h2>\n<table style=\"width: 500px;\" border=\"1\" cellspacing=\"5\" cellpadding=\"5\" align=\"center\">\n<tbody>\n<tr>\n<td colspan=\"3\" align=\"center\">Oz Lotto &#8211; Australiens pr\u00e6mieniveauer<\/td>\n<\/tr>\n<tr>\n<td>Pr\u00e6mie<\/td>\n<td align=\"center\">Kampe<\/td>\n<td align=\"center\">Odds<\/td>\n<\/tr>\n<tr>\n<td>1. (Jackpot)<\/td>\n<td align=\"center\">7<\/td>\n<td align=\"right\">45.379.620 : 1<\/td>\n<\/tr>\n<tr>\n<td>2.<\/td>\n<td align=\"center\">6 + 1<\/td>\n<td align=\"right\">3.241.401 : 1.<\/td>\n<\/tr>\n<tr>\n<td>3.<\/td>\n<td align=\"center\">6<\/td>\n<td align=\"right\">180.078 : 1<\/td>\n<\/tr>\n<tr>\n<td>4.<\/td>\n<td align=\"center\">5 + 1<\/td>\n<td align=\"right\">29.602 : 1<\/td>\n<\/tr>\n<tr>\n<td>5.<\/td>\n<td align=\"center\">5<\/td>\n<td align=\"right\">3.430 : 1<\/td>\n<\/tr>\n<tr>\n<td>6.<\/td>\n<td align=\"center\">4<\/td>\n<td align=\"right\">154 : 1<\/td>\n<\/tr>\n<tr>\n<td>7.<\/td>\n<td align=\"center\">3 + 1<\/td>\n<td align=\"right\">55 : 1<\/td>\n<\/tr>\n<\/tbody>\n<\/table>\n","protected":false},"excerpt":{"rendered":"<p>Det australske lotteri Hver uge, tirsdag og torsdag, finder to meget sp\u00e6ndende lotterier sted i Australien. Powerball- og Oz Lotto-kuponer kan k\u00f8bes online. At k\u00f8be kuponer online til det australske lotto er lige s\u00e5 nemt som at &#8220;kaste endnu en reje p\u00e5 barbien&#8221;. Folk spiller i disse lotterier om de regelm\u00e6ssigt h\u00f8je jackpots p\u00e5 50 [&hellip;]<\/p>\n","protected":false},"author":1,"featured_media":0,"parent":9274,"menu_order":9,"comment_status":"closed","ping_status":"closed","template":"","meta":{"footnotes":""},"class_list":["post-9613","page","type-page","status-publish","hentry"],"yoast_head":"<!-- This site is optimized with the Yoast SEO plugin v27.5 - https:\/\/yoast.com\/product\/yoast-seo-wordpress\/ -->\n<title>K\u00f8b lodsedler til det australske lotteri online<\/title>\n<meta name=\"description\" content=\"At k\u00f8be lodder online til australske lotterier bringer sp\u00e6ndingen til nye h\u00f8jder.\" \/>\n<meta name=\"robots\" content=\"index, follow, max-snippet:-1, max-image-preview:large, max-video-preview:-1\" \/>\n<link rel=\"canonical\" href=\"https:\/\/gambling6.com\/da\/lotteri\/kob-billetter-til-det-australske-lotteri-online\/\" \/>\n<meta property=\"og:locale\" content=\"da_DK\" \/>\n<meta property=\"og:type\" content=\"article\" \/>\n<meta property=\"og:title\" content=\"K\u00f8b lodsedler til det australske lotteri online\" \/>\n<meta property=\"og:description\" content=\"At k\u00f8be lodder online til australske lotterier bringer sp\u00e6ndingen til nye h\u00f8jder.\" \/>\n<meta property=\"og:url\" content=\"https:\/\/gambling6.com\/da\/lotteri\/kob-billetter-til-det-australske-lotteri-online\/\" \/>\n<meta property=\"og:site_name\" content=\"Gambling6\" \/>\n<meta name=\"twitter:card\" content=\"summary_large_image\" \/>\n<meta name=\"twitter:label1\" content=\"Estimeret l\u00e6setid\" \/>\n\t<meta name=\"twitter:data1\" content=\"2 minutter\" \/>\n<script type=\"application\/ld+json\" class=\"yoast-schema-graph\">{\"@context\":\"https:\\\/\\\/schema.org\",\"@graph\":[{\"@type\":\"WebPage\",\"@id\":\"https:\\\/\\\/gambling6.com\\\/da\\\/lotteri\\\/kob-billetter-til-det-australske-lotteri-online\\\/\",\"url\":\"https:\\\/\\\/gambling6.com\\\/da\\\/lotteri\\\/kob-billetter-til-det-australske-lotteri-online\\\/\",\"name\":\"K\u00f8b lodsedler til det australske lotteri online\",\"isPartOf\":{\"@id\":\"https:\\\/\\\/gambling6.com\\\/da\\\/#website\"},\"datePublished\":\"2025-11-11T07:55:40+00:00\",\"description\":\"At k\u00f8be lodder online til australske lotterier bringer sp\u00e6ndingen til nye h\u00f8jder.\",\"breadcrumb\":{\"@id\":\"https:\\\/\\\/gambling6.com\\\/da\\\/lotteri\\\/kob-billetter-til-det-australske-lotteri-online\\\/#breadcrumb\"},\"inLanguage\":\"da-DK\",\"potentialAction\":[{\"@type\":\"ReadAction\",\"target\":[\"https:\\\/\\\/gambling6.com\\\/da\\\/lotteri\\\/kob-billetter-til-det-australske-lotteri-online\\\/\"]}]},{\"@type\":\"BreadcrumbList\",\"@id\":\"https:\\\/\\\/gambling6.com\\\/da\\\/lotteri\\\/kob-billetter-til-det-australske-lotteri-online\\\/#breadcrumb\",\"itemListElement\":[{\"@type\":\"ListItem\",\"position\":1,\"name\":\"Home\",\"item\":\"https:\\\/\\\/gambling6.com\\\/da\\\/home\\\/\"},{\"@type\":\"ListItem\",\"position\":2,\"name\":\"Lotteri\",\"item\":\"https:\\\/\\\/gambling6.com\\\/da\\\/lotteri\\\/\"},{\"@type\":\"ListItem\",\"position\":3,\"name\":\"K\u00f8b billetter til det australske lotteri online\"}]},{\"@type\":\"WebSite\",\"@id\":\"https:\\\/\\\/gambling6.com\\\/da\\\/#website\",\"url\":\"https:\\\/\\\/gambling6.com\\\/da\\\/\",\"name\":\"Gambling6\",\"description\":\"\",\"potentialAction\":[{\"@type\":\"SearchAction\",\"target\":{\"@type\":\"EntryPoint\",\"urlTemplate\":\"https:\\\/\\\/gambling6.com\\\/da\\\/?s={search_term_string}\"},\"query-input\":{\"@type\":\"PropertyValueSpecification\",\"valueRequired\":true,\"valueName\":\"search_term_string\"}}],\"inLanguage\":\"da-DK\"}]}<\/script>\n<!-- \/ Yoast SEO plugin. -->","yoast_head_json":{"title":"K\u00f8b lodsedler til det australske lotteri online","description":"At k\u00f8be lodder online til australske lotterier bringer sp\u00e6ndingen til nye h\u00f8jder.","robots":{"index":"index","follow":"follow","max-snippet":"max-snippet:-1","max-image-preview":"max-image-preview:large","max-video-preview":"max-video-preview:-1"},"canonical":"https:\/\/gambling6.com\/da\/lotteri\/kob-billetter-til-det-australske-lotteri-online\/","og_locale":"da_DK","og_type":"article","og_title":"K\u00f8b lodsedler til det australske lotteri online","og_description":"At k\u00f8be lodder online til australske lotterier bringer sp\u00e6ndingen til nye h\u00f8jder.","og_url":"https:\/\/gambling6.com\/da\/lotteri\/kob-billetter-til-det-australske-lotteri-online\/","og_site_name":"Gambling6","twitter_card":"summary_large_image","twitter_misc":{"Estimeret l\u00e6setid":"2 minutter"},"schema":{"@context":"https:\/\/schema.org","@graph":[{"@type":"WebPage","@id":"https:\/\/gambling6.com\/da\/lotteri\/kob-billetter-til-det-australske-lotteri-online\/","url":"https:\/\/gambling6.com\/da\/lotteri\/kob-billetter-til-det-australske-lotteri-online\/","name":"K\u00f8b lodsedler til det australske lotteri online","isPartOf":{"@id":"https:\/\/gambling6.com\/da\/#website"},"datePublished":"2025-11-11T07:55:40+00:00","description":"At k\u00f8be lodder online til australske lotterier bringer sp\u00e6ndingen til nye h\u00f8jder.","breadcrumb":{"@id":"https:\/\/gambling6.com\/da\/lotteri\/kob-billetter-til-det-australske-lotteri-online\/#breadcrumb"},"inLanguage":"da-DK","potentialAction":[{"@type":"ReadAction","target":["https:\/\/gambling6.com\/da\/lotteri\/kob-billetter-til-det-australske-lotteri-online\/"]}]},{"@type":"BreadcrumbList","@id":"https:\/\/gambling6.com\/da\/lotteri\/kob-billetter-til-det-australske-lotteri-online\/#breadcrumb","itemListElement":[{"@type":"ListItem","position":1,"name":"Home","item":"https:\/\/gambling6.com\/da\/home\/"},{"@type":"ListItem","position":2,"name":"Lotteri","item":"https:\/\/gambling6.com\/da\/lotteri\/"},{"@type":"ListItem","position":3,"name":"K\u00f8b billetter til det australske lotteri online"}]},{"@type":"WebSite","@id":"https:\/\/gambling6.com\/da\/#website","url":"https:\/\/gambling6.com\/da\/","name":"Gambling6","description":"","potentialAction":[{"@type":"SearchAction","target":{"@type":"EntryPoint","urlTemplate":"https:\/\/gambling6.com\/da\/?s={search_term_string}"},"query-input":{"@type":"PropertyValueSpecification","valueRequired":true,"valueName":"search_term_string"}}],"inLanguage":"da-DK"}]}},"_links":{"self":[{"href":"https:\/\/gambling6.com\/da\/wp-json\/wp\/v2\/pages\/9613","targetHints":{"allow":["GET"]}}],"collection":[{"href":"https:\/\/gambling6.com\/da\/wp-json\/wp\/v2\/pages"}],"about":[{"href":"https:\/\/gambling6.com\/da\/wp-json\/wp\/v2\/types\/page"}],"author":[{"embeddable":true,"href":"https:\/\/gambling6.com\/da\/wp-json\/wp\/v2\/users\/1"}],"replies":[{"embeddable":true,"href":"https:\/\/gambling6.com\/da\/wp-json\/wp\/v2\/comments?post=9613"}],"version-history":[{"count":0,"href":"https:\/\/gambling6.com\/da\/wp-json\/wp\/v2\/pages\/9613\/revisions"}],"up":[{"embeddable":true,"href":"https:\/\/gambling6.com\/da\/wp-json\/wp\/v2\/pages\/9274"}],"wp:attachment":[{"href":"https:\/\/gambling6.com\/da\/wp-json\/wp\/v2\/media?parent=9613"}],"curies":[{"name":"wp","href":"https:\/\/api.w.org\/{rel}","templated":true}]}}