{"id":9614,"date":"2025-11-11T07:57:33","date_gmt":"2025-11-11T07:57:33","guid":{"rendered":"https:\/\/gambling6.com\/lotteri\/kob-lodsedler-til-eurojackpot-lotteriet-online\/"},"modified":"2025-11-11T07:57:33","modified_gmt":"2025-11-11T07:57:33","slug":"kob-lodsedler-til-eurojackpot-lotteriet-online","status":"publish","type":"page","link":"https:\/\/gambling6.com\/da\/lotteri\/kob-lodsedler-til-eurojackpot-lotteriet-online\/","title":{"rendered":"K\u00f8b lodsedler til Eurojackpot-lotteriet online"},"content":{"rendered":"<h2>Eurojackpot Lotteri<\/h2>\n<p>Du kan k\u00f8be Eurojackpot-lodder online og blive million\u00e6r natten over. Internettet har nu gjort det muligt at spille Eurojackpot online sammen med mange andre europ\u00e6iske lotterier. Du kan g\u00f8re det ved at k\u00f8be lodser online fra den hyggelige l\u00e6nestol, du tilbringer tid i derhjemme. Ikke mere l\u00f8ben til hj\u00f8rnebutikken eller lotteri-kiosker, k\u00f8b dine Eurojackpot-lodder online.<img loading=\"lazy\" decoding=\"async\" class=\"alignright wp-image-552 \" style=\"margin: 10px; border: 5px solid #ffffff; float: right;\" src=\"https:\/\/gambling6.com\/wp-content\/uploads\/2013\/12\/play-euro-jackpot-online.jpg\" alt=\"k\u00f8b eurojackpot-lodder online\" width=\"240\" height=\"218\" \/><\/p>\n<p>Hvis du vil blive en af \u200b\u200bde millioner af mennesker, der \u00f8nsker at indkassere store jackpots, skal du blot v\u00e6lge dine syv tal online og udbetale dem ved hj\u00e6lp af en af \u200b\u200bde mange bekvemme betalingsmetoder. Det har aldrig v\u00e6ret nemmere at k\u00f8be lotteri-lodder online. I udkanten af \u200b\u200bEuropa kan du k\u00f8be lodder online til adskillige store jackpotlotterier.<\/p>\n<h2>K\u00f8b online lodder til Eurojackpot fra ethvert land<\/h2>\n<p>Der findes ikke gr\u00e6nser, n\u00e5r det kommer til at k\u00f8be lodder online. Uanset om du er i Cuba eller Kina, kan du bruge internettet til at k\u00f8be dine lodder i et hurtigt, venligt og sikkert milj\u00f8 ved hj\u00e6lp af vores partner RedFoxLotto. <a class=\"thirstylink\" title=\"RedFoxLotto en\" href=\"https:\/\/gambling6.com\/go\/redfoxlotto-en\/\" target=\"_blank\" rel=\"nofollow noopener\">Du tilmelder dig her, logger ind p\u00e5 din konto<\/a>, v\u00e6lger dine tal, betaler og venter p\u00e5 at sammenligne din lodder med lodtr\u00e6kningsresultaterne.<\/p>\n<p>RedFoxLotto kan ikke acceptere lottofans bosiddende i USA; i stedet b\u00f8r amerikanske spillere pr\u00f8ve TheLotter, en anden mulighed for internationale lotteribilletter.<br \/>\n<a href=\"https:\/\/smarturl.it\/theBig_Play?tl_affid=8190&amp;tl_bannerid=6cc3afab\" target=\"_self\" rel=\"noopener\"><img loading=\"lazy\" decoding=\"async\" class=\"aligncenter\" title=\"\" src=\"\/\/www.thelotter-affiliates.com\/accounts\/default1\/banners\/6cc3afab.gif\" alt=\"\" width=\"468\" height=\"60\" \/><\/a><\/p>\n<h2>Store pr\u00e6mier med dine Eurojackpot online lodsedler<\/h2>\n<table style=\"width: 500px;\" border=\"1\" cellspacing=\"5\" cellpadding=\"5\" align=\"center\">\n<tbody>\n<tr>\n<td colspan=\"3\" align=\"center\">Top fem jackpots for 2013<\/td>\n<\/tr>\n<tr>\n<td>Tr\u00e6kning<\/td>\n<td align=\"center\">Dato<\/td>\n<td align=\"center\">Jackpot (USD)<\/td>\n<\/tr>\n<tr>\n<td>Euro Jackpot &#8211; Europa<\/td>\n<td align=\"center\">12-apr-13<\/td>\n<td align=\"right\">$63.128.694<\/td>\n<\/tr>\n<tr>\n<td>Euro Jackpot &#8211; Europa<\/td>\n<td align=\"center\">19-jul-13<\/td>\n<td align=\"right\">$56.886.414<\/td>\n<\/tr>\n<tr>\n<td>Euro Jackpot &#8211; Europa<\/td>\n<td align=\"center\">25-jan-13<\/td>\n<td align=\"right\">$40.470.680<\/td>\n<\/tr>\n<tr>\n<td>Euro Jackpot &#8211; Europa<\/td>\n<td align=\"center\">27-sep-13<\/td>\n<td align=\"right\">$29.122.090<\/td>\n<\/tr>\n<tr>\n<td>Euro Jackpot &#8211; Europa<\/td>\n<td align=\"center\">7-dec-13<\/td>\n<td align=\"right\">$28.770.000<\/td>\n<\/tr>\n<\/tbody>\n<\/table>\n<h2>\u00a0Tolv chancer for at vinde med din online Eurojackpot billetter<\/h2>\n<table style=\"width: 500px;\" border=\"1\" cellspacing=\"5\" cellpadding=\"5\" align=\"center\">\n<tbody>\n<tr>\n<td colspan=\"3\" align=\"center\">Eurojackpot pr\u00e6mieniveauer<\/td>\n<\/tr>\n<tr>\n<td>Pr\u00e6mie<\/td>\n<td align=\"center\">Kampe<\/td>\n<td align=\"center\">Odds<\/td>\n<\/tr>\n<tr>\n<td>1. (Jackpot)<\/td>\n<td align=\"center\">5 + 2<\/td>\n<td align=\"right\">59.325.280 : 1<\/td>\n<\/tr>\n<tr>\n<td>2.<\/td>\n<td align=\"center\">5 + 1<\/td>\n<td align=\"right\">4.943.773 : 1<\/td>\n<\/tr>\n<tr>\n<td>3.<\/td>\n<td align=\"center\">5<\/td>\n<td align=\"right\">3.955.019 : 1<\/td>\n<\/tr>\n<tr>\n<td>4.<\/td>\n<td align=\"center\">4 + 2<\/td>\n<td align=\"right\">263.668 : 1<\/td>\n<\/tr>\n<tr>\n<td>5.<\/td>\n<td align=\"center\">4 + 1<\/td>\n<td align=\"right\">21.972 : 1<\/td>\n<\/tr>\n<tr>\n<td>6.<\/td>\n<td align=\"center\">4<\/td>\n<td align=\"right\">17.578 : 1<\/td>\n<\/tr>\n<tr>\n<td>7.<\/td>\n<td align=\"center\">3 + 2<\/td>\n<td align=\"right\">5.992 : 1<\/td>\n<\/tr>\n<tr>\n<td>8.<\/td>\n<td align=\"center\">3 + 1<\/td>\n<td align=\"right\">499 : 1<\/td>\n<\/tr>\n<tr>\n<td>9.<\/td>\n<td align=\"center\">2 + 2<\/td>\n<td align=\"right\">418 : 1<\/td>\n<\/tr>\n<tr>\n<td>10.<\/td>\n<td align=\"center\">3<\/td>\n<td align=\"right\">399 : 1<\/td>\n<\/tr>\n<tr>\n<td>11.<\/td>\n<td align=\"center\">1 + 2<\/td>\n<td align=\"right\">80 : 1<\/td>\n<\/tr>\n<tr>\n<td>12.<\/td>\n<td align=\"center\">2 + 1<\/td>\n<td align=\"right\">35 : 1<\/td>\n<\/tr>\n<\/tbody>\n<\/table>\n<p style=\"text-align: center;\"><strong>Uds\u00e6t ikke din chance for at blive million\u00e6r. Tilmeld dig for at k\u00f8be dine Eurojackpot-lodsedler online i dag.<\/strong><\/p>\n","protected":false},"excerpt":{"rendered":"<p>Eurojackpot Lotteri Du kan k\u00f8be Eurojackpot-lodder online og blive million\u00e6r natten over. Internettet har nu gjort det muligt at spille Eurojackpot online sammen med mange andre europ\u00e6iske lotterier. Du kan g\u00f8re det ved at k\u00f8be lodser online fra den hyggelige l\u00e6nestol, du tilbringer tid i derhjemme. Ikke mere l\u00f8ben til hj\u00f8rnebutikken eller lotteri-kiosker, k\u00f8b dine [&hellip;]<\/p>\n","protected":false},"author":1,"featured_media":9516,"parent":9274,"menu_order":10,"comment_status":"closed","ping_status":"closed","template":"","meta":{"footnotes":""},"class_list":["post-9614","page","type-page","status-publish","has-post-thumbnail","hentry"],"yoast_head":"<!-- This site is optimized with the Yoast SEO plugin v27.4 - https:\/\/yoast.com\/product\/yoast-seo-wordpress\/ -->\n<title>K\u00f8b lodsedler til Eurojackpot-lotteriet online<\/title>\n<meta name=\"description\" content=\"Masser af penge at vinde ved at spille Eurojackpot, n\u00e5r du k\u00f8ber dine lottokuponer online.\" \/>\n<meta name=\"robots\" content=\"index, follow, max-snippet:-1, max-image-preview:large, max-video-preview:-1\" \/>\n<link rel=\"canonical\" href=\"https:\/\/gambling6.com\/da\/lotteri\/kob-lodsedler-til-eurojackpot-lotteriet-online\/\" \/>\n<meta property=\"og:locale\" content=\"da_DK\" \/>\n<meta property=\"og:type\" content=\"article\" \/>\n<meta property=\"og:title\" content=\"K\u00f8b lodsedler til Eurojackpot-lotteriet online\" \/>\n<meta property=\"og:description\" content=\"Masser af penge at vinde ved at spille Eurojackpot, n\u00e5r du k\u00f8ber dine lottokuponer online.\" \/>\n<meta property=\"og:url\" content=\"https:\/\/gambling6.com\/da\/lotteri\/kob-lodsedler-til-eurojackpot-lotteriet-online\/\" \/>\n<meta property=\"og:site_name\" content=\"Gambling6\" \/>\n<meta property=\"og:image\" content=\"https:\/\/gambling6.com\/wp-content\/uploads\/2013\/12\/play-euro-jackpot-online.jpg\" \/>\n\t<meta property=\"og:image:width\" content=\"285\" \/>\n\t<meta property=\"og:image:height\" content=\"259\" \/>\n\t<meta property=\"og:image:type\" content=\"image\/jpeg\" \/>\n<meta name=\"twitter:card\" content=\"summary_large_image\" \/>\n<meta name=\"twitter:label1\" content=\"Estimeret l\u00e6setid\" \/>\n\t<meta name=\"twitter:data1\" content=\"2 minutter\" \/>\n<script type=\"application\/ld+json\" class=\"yoast-schema-graph\">{\"@context\":\"https:\\\/\\\/schema.org\",\"@graph\":[{\"@type\":\"WebPage\",\"@id\":\"https:\\\/\\\/gambling6.com\\\/da\\\/lotteri\\\/kob-lodsedler-til-eurojackpot-lotteriet-online\\\/\",\"url\":\"https:\\\/\\\/gambling6.com\\\/da\\\/lotteri\\\/kob-lodsedler-til-eurojackpot-lotteriet-online\\\/\",\"name\":\"K\u00f8b lodsedler til Eurojackpot-lotteriet online\",\"isPartOf\":{\"@id\":\"https:\\\/\\\/gambling6.com\\\/da\\\/#website\"},\"primaryImageOfPage\":{\"@id\":\"https:\\\/\\\/gambling6.com\\\/da\\\/lotteri\\\/kob-lodsedler-til-eurojackpot-lotteriet-online\\\/#primaryimage\"},\"image\":{\"@id\":\"https:\\\/\\\/gambling6.com\\\/da\\\/lotteri\\\/kob-lodsedler-til-eurojackpot-lotteriet-online\\\/#primaryimage\"},\"thumbnailUrl\":\"https:\\\/\\\/gambling6.com\\\/wp-content\\\/uploads\\\/2013\\\/12\\\/play-euro-jackpot-online.jpg\",\"datePublished\":\"2025-11-11T07:57:33+00:00\",\"description\":\"Masser af penge at vinde ved at spille Eurojackpot, n\u00e5r du k\u00f8ber dine lottokuponer online.\",\"breadcrumb\":{\"@id\":\"https:\\\/\\\/gambling6.com\\\/da\\\/lotteri\\\/kob-lodsedler-til-eurojackpot-lotteriet-online\\\/#breadcrumb\"},\"inLanguage\":\"da-DK\",\"potentialAction\":[{\"@type\":\"ReadAction\",\"target\":[\"https:\\\/\\\/gambling6.com\\\/da\\\/lotteri\\\/kob-lodsedler-til-eurojackpot-lotteriet-online\\\/\"]}]},{\"@type\":\"ImageObject\",\"inLanguage\":\"da-DK\",\"@id\":\"https:\\\/\\\/gambling6.com\\\/da\\\/lotteri\\\/kob-lodsedler-til-eurojackpot-lotteriet-online\\\/#primaryimage\",\"url\":\"https:\\\/\\\/gambling6.com\\\/wp-content\\\/uploads\\\/2013\\\/12\\\/play-euro-jackpot-online.jpg\",\"contentUrl\":\"https:\\\/\\\/gambling6.com\\\/wp-content\\\/uploads\\\/2013\\\/12\\\/play-euro-jackpot-online.jpg\",\"width\":285,\"height\":259},{\"@type\":\"BreadcrumbList\",\"@id\":\"https:\\\/\\\/gambling6.com\\\/da\\\/lotteri\\\/kob-lodsedler-til-eurojackpot-lotteriet-online\\\/#breadcrumb\",\"itemListElement\":[{\"@type\":\"ListItem\",\"position\":1,\"name\":\"Home\",\"item\":\"https:\\\/\\\/gambling6.com\\\/da\\\/home\\\/\"},{\"@type\":\"ListItem\",\"position\":2,\"name\":\"Lotteri\",\"item\":\"https:\\\/\\\/gambling6.com\\\/da\\\/lotteri\\\/\"},{\"@type\":\"ListItem\",\"position\":3,\"name\":\"K\u00f8b lodsedler til Eurojackpot-lotteriet online\"}]},{\"@type\":\"WebSite\",\"@id\":\"https:\\\/\\\/gambling6.com\\\/da\\\/#website\",\"url\":\"https:\\\/\\\/gambling6.com\\\/da\\\/\",\"name\":\"Gambling6\",\"description\":\"\",\"potentialAction\":[{\"@type\":\"SearchAction\",\"target\":{\"@type\":\"EntryPoint\",\"urlTemplate\":\"https:\\\/\\\/gambling6.com\\\/da\\\/?s={search_term_string}\"},\"query-input\":{\"@type\":\"PropertyValueSpecification\",\"valueRequired\":true,\"valueName\":\"search_term_string\"}}],\"inLanguage\":\"da-DK\"}]}<\/script>\n<!-- \/ Yoast SEO plugin. -->","yoast_head_json":{"title":"K\u00f8b lodsedler til Eurojackpot-lotteriet online","description":"Masser af penge at vinde ved at spille Eurojackpot, n\u00e5r du k\u00f8ber dine lottokuponer online.","robots":{"index":"index","follow":"follow","max-snippet":"max-snippet:-1","max-image-preview":"max-image-preview:large","max-video-preview":"max-video-preview:-1"},"canonical":"https:\/\/gambling6.com\/da\/lotteri\/kob-lodsedler-til-eurojackpot-lotteriet-online\/","og_locale":"da_DK","og_type":"article","og_title":"K\u00f8b lodsedler til Eurojackpot-lotteriet online","og_description":"Masser af penge at vinde ved at spille Eurojackpot, n\u00e5r du k\u00f8ber dine lottokuponer online.","og_url":"https:\/\/gambling6.com\/da\/lotteri\/kob-lodsedler-til-eurojackpot-lotteriet-online\/","og_site_name":"Gambling6","og_image":[{"width":285,"height":259,"url":"https:\/\/gambling6.com\/wp-content\/uploads\/2013\/12\/play-euro-jackpot-online.jpg","type":"image\/jpeg"}],"twitter_card":"summary_large_image","twitter_misc":{"Estimeret l\u00e6setid":"2 minutter"},"schema":{"@context":"https:\/\/schema.org","@graph":[{"@type":"WebPage","@id":"https:\/\/gambling6.com\/da\/lotteri\/kob-lodsedler-til-eurojackpot-lotteriet-online\/","url":"https:\/\/gambling6.com\/da\/lotteri\/kob-lodsedler-til-eurojackpot-lotteriet-online\/","name":"K\u00f8b lodsedler til Eurojackpot-lotteriet online","isPartOf":{"@id":"https:\/\/gambling6.com\/da\/#website"},"primaryImageOfPage":{"@id":"https:\/\/gambling6.com\/da\/lotteri\/kob-lodsedler-til-eurojackpot-lotteriet-online\/#primaryimage"},"image":{"@id":"https:\/\/gambling6.com\/da\/lotteri\/kob-lodsedler-til-eurojackpot-lotteriet-online\/#primaryimage"},"thumbnailUrl":"https:\/\/gambling6.com\/wp-content\/uploads\/2013\/12\/play-euro-jackpot-online.jpg","datePublished":"2025-11-11T07:57:33+00:00","description":"Masser af penge at vinde ved at spille Eurojackpot, n\u00e5r du k\u00f8ber dine lottokuponer online.","breadcrumb":{"@id":"https:\/\/gambling6.com\/da\/lotteri\/kob-lodsedler-til-eurojackpot-lotteriet-online\/#breadcrumb"},"inLanguage":"da-DK","potentialAction":[{"@type":"ReadAction","target":["https:\/\/gambling6.com\/da\/lotteri\/kob-lodsedler-til-eurojackpot-lotteriet-online\/"]}]},{"@type":"ImageObject","inLanguage":"da-DK","@id":"https:\/\/gambling6.com\/da\/lotteri\/kob-lodsedler-til-eurojackpot-lotteriet-online\/#primaryimage","url":"https:\/\/gambling6.com\/wp-content\/uploads\/2013\/12\/play-euro-jackpot-online.jpg","contentUrl":"https:\/\/gambling6.com\/wp-content\/uploads\/2013\/12\/play-euro-jackpot-online.jpg","width":285,"height":259},{"@type":"BreadcrumbList","@id":"https:\/\/gambling6.com\/da\/lotteri\/kob-lodsedler-til-eurojackpot-lotteriet-online\/#breadcrumb","itemListElement":[{"@type":"ListItem","position":1,"name":"Home","item":"https:\/\/gambling6.com\/da\/home\/"},{"@type":"ListItem","position":2,"name":"Lotteri","item":"https:\/\/gambling6.com\/da\/lotteri\/"},{"@type":"ListItem","position":3,"name":"K\u00f8b lodsedler til Eurojackpot-lotteriet online"}]},{"@type":"WebSite","@id":"https:\/\/gambling6.com\/da\/#website","url":"https:\/\/gambling6.com\/da\/","name":"Gambling6","description":"","potentialAction":[{"@type":"SearchAction","target":{"@type":"EntryPoint","urlTemplate":"https:\/\/gambling6.com\/da\/?s={search_term_string}"},"query-input":{"@type":"PropertyValueSpecification","valueRequired":true,"valueName":"search_term_string"}}],"inLanguage":"da-DK"}]}},"_links":{"self":[{"href":"https:\/\/gambling6.com\/da\/wp-json\/wp\/v2\/pages\/9614","targetHints":{"allow":["GET"]}}],"collection":[{"href":"https:\/\/gambling6.com\/da\/wp-json\/wp\/v2\/pages"}],"about":[{"href":"https:\/\/gambling6.com\/da\/wp-json\/wp\/v2\/types\/page"}],"author":[{"embeddable":true,"href":"https:\/\/gambling6.com\/da\/wp-json\/wp\/v2\/users\/1"}],"replies":[{"embeddable":true,"href":"https:\/\/gambling6.com\/da\/wp-json\/wp\/v2\/comments?post=9614"}],"version-history":[{"count":0,"href":"https:\/\/gambling6.com\/da\/wp-json\/wp\/v2\/pages\/9614\/revisions"}],"up":[{"embeddable":true,"href":"https:\/\/gambling6.com\/da\/wp-json\/wp\/v2\/pages\/9274"}],"wp:featuredmedia":[{"embeddable":true,"href":"https:\/\/gambling6.com\/da\/wp-json\/wp\/v2\/media\/9516"}],"wp:attachment":[{"href":"https:\/\/gambling6.com\/da\/wp-json\/wp\/v2\/media?parent=9614"}],"curies":[{"name":"wp","href":"https:\/\/api.w.org\/{rel}","templated":true}]}}