{"id":9615,"date":"2025-11-11T07:59:07","date_gmt":"2025-11-11T07:59:07","guid":{"rendered":"https:\/\/gambling6.com\/lotteri\/kob-lodsedler-til-florida-lottery-online\/"},"modified":"2025-11-11T07:59:07","modified_gmt":"2025-11-11T07:59:07","slug":"kob-lodsedler-til-florida-lottery-online","status":"publish","type":"page","link":"https:\/\/gambling6.com\/da\/lotteri\/kob-lodsedler-til-florida-lottery-online\/","title":{"rendered":"K\u00f8b lodsedler til Florida Lottery online"},"content":{"rendered":"<h2>Florida Lotto<\/h2>\n<p>Varm stat, varm lotteri! Folk i Florida vil helt sikkert v\u00e6re enige om, at deres lotteri er et must hver onsdag og l\u00f8rdag. Med jackpots, der starter p\u00e5 $2 millioner og ofte ruller over 10 millioner og mere, er Florida Lottery blevet utrolig popul\u00e6rt blandt snowbirds og online lotterifanatikere. <strong>Det er nemmere at f\u00e5 dine lodsedler online til Florida Lottery end at rejse til Florida for at k\u00f8be dem.<\/strong><\/p>\n<p>Selvom oddsene for at vinde jackpotten er \u00e9n ud af 22.957.480,<strong> har du en bedre end 1 ud af 67 chance for at vinde en af \u200b\u200bde pr\u00e6mier, der er tilg\u00e6ngelige i de fire niveauer<\/strong>. Fordi der kun er fire pr\u00e6mieniveauer, er kontantbel\u00f8bene h\u00f8jere end i de fleste andre lotterier. Alligevel er det ikke udelukket at vinde jackpotten. Rekordjackpotten var lige over $106 millioner; dette var en af \u200b\u200bde st\u00f8rste jackpots i amerikansk historie p\u00e5 det tidspunkt, den blev vundet. <\/p>\n<h2>Florida Lotto hj\u00e6lper uddannelse<\/h2>\n<p>I 1988 blev Florida Lotto oprettet for at hj\u00e6lpe med at finansiere uddannelse i staten Florida. Der er blevet indsamlet mange penge til form\u00e5let, og med tilf\u00f8jelsen af \u200b\u200bonlinesalg har Florida Lotto oplevet en hurtig v\u00e6kst i jackpots. Dette er tydeligt gennem rekordjackpotten p\u00e5 106 millioner dollars i 1990. <strong>Denne rekordjackpot blev vundet af seks forskellige vindere, der alle havde numrene p\u00e5 deres kupon.<\/strong><\/p>\n<p>For at spille dette lotteri skal du v\u00e6lge seks tal mellem et og 53. For at vinde jackpotten skal du blot finde alle seks tal. Hvis jackpotten ikke vindes, overf\u00f8res den til den n\u00e6ste tr\u00e6kning. Som online kuponindehaver har du chancen for at vinde p\u00e5 fire forskellige pr\u00e6mieniveauer, der ogs\u00e5 kan give dig store penge.<\/p>\n<p>M\u00e5ske kan du ikke klare det varme klima, Florida tilbyder. Du kan dog helt sikkert <a class=\"thirstylink\" title=\"TheLotter en\" href=\"https:\/\/gambling6.com\/go\/thelotter-en\/\" target=\"_blank\" rel=\"nofollow noopener\"><strong>drage fordel af at f\u00e5 dine online lodsedler til Florida Lotto ved at bes\u00f8ge vores partner, TheLotter<\/strong>.<\/a><\/p>\n<p>&nbsp;<\/p>\n<table style=\"width: 500px;\" border=\"1\" cellspacing=\"5\" cellpadding=\"5\" align=\"center\">\n<tbody>\n<tr>\n<td colspan=\"3\" align=\"center\">Top Jackpots for 2013<\/td>\n<\/tr>\n<tr>\n<td>Tr\u00e6kning<\/td>\n<td align=\"center\">Dato<\/td>\n<td align=\"center\">Jackpot (USD)<\/td>\n<\/tr>\n<tr>\n<td>Florida Lotto &#8211; USA<\/td>\n<td align=\"center\">24-aug-13<\/td>\n<td align=\"right\">$58.000.000<\/td>\n<\/tr>\n<tr>\n<td>Florida Lotto &#8211; USA<\/td>\n<td align=\"center\">18-dec-13<\/td>\n<td align=\"right\">46.000.000 kr.<\/td>\n<\/tr>\n<\/tbody>\n<\/table>\n<p>&nbsp;<\/p>\n<table style=\"width: 500px;\" border=\"1\" cellspacing=\"5\" cellpadding=\"5\" align=\"center\">\n<tbody>\n<tr>\n<td colspan=\"3\" align=\"center\">Florida Lotto &#8211; USA pr\u00e6mieniveauer<\/td>\n<\/tr>\n<tr>\n<td>Pr\u00e6mie<\/td>\n<td align=\"center\">Kampe<\/td>\n<td align=\"center\">Odds<\/td>\n<\/tr>\n<tr>\n<td>1. (Jackpot)<\/td>\n<td align=\"center\">6<\/td>\n<td align=\"right\">22.957.480 : 1<\/td>\n<\/tr>\n<tr>\n<td>2.<\/td>\n<td align=\"center\">5<\/td>\n<td align=\"right\">81.410 : 1<\/td>\n<\/tr>\n<tr>\n<td>3.<\/td>\n<td align=\"center\">4<\/td>\n<td align=\"right\">1.416 : 1<\/td>\n<\/tr>\n<tr>\n<td>4.<\/td>\n<td align=\"center\">3<\/td>\n<td align=\"right\">71 : 1<\/td>\n<\/tr>\n<\/tbody>\n<\/table>\n","protected":false},"excerpt":{"rendered":"<p>Florida Lotto Varm stat, varm lotteri! Folk i Florida vil helt sikkert v\u00e6re enige om, at deres lotteri er et must hver onsdag og l\u00f8rdag. Med jackpots, der starter p\u00e5 $2 millioner og ofte ruller over 10 millioner og mere, er Florida Lottery blevet utrolig popul\u00e6rt blandt snowbirds og online lotterifanatikere. Det er nemmere at [&hellip;]<\/p>\n","protected":false},"author":1,"featured_media":0,"parent":9274,"menu_order":11,"comment_status":"closed","ping_status":"closed","template":"","meta":{"footnotes":""},"class_list":["post-9615","page","type-page","status-publish","hentry"],"yoast_head":"<!-- This site is optimized with the Yoast SEO plugin v27.5 - https:\/\/yoast.com\/product\/yoast-seo-wordpress\/ -->\n<title>K\u00f8b billetter til Floridas lotteri online<\/title>\n<meta name=\"description\" content=\"Deltag i Florida Lotto og undg\u00e5 varmen ved at k\u00f8be dine lodsedler online.\" \/>\n<meta name=\"robots\" content=\"index, follow, max-snippet:-1, max-image-preview:large, max-video-preview:-1\" \/>\n<link rel=\"canonical\" href=\"https:\/\/gambling6.com\/da\/lotteri\/kob-lodsedler-til-florida-lottery-online\/\" \/>\n<meta property=\"og:locale\" content=\"da_DK\" \/>\n<meta property=\"og:type\" content=\"article\" \/>\n<meta property=\"og:title\" content=\"K\u00f8b billetter til Floridas lotteri online\" \/>\n<meta property=\"og:description\" content=\"Deltag i Florida Lotto og undg\u00e5 varmen ved at k\u00f8be dine lodsedler online.\" \/>\n<meta property=\"og:url\" content=\"https:\/\/gambling6.com\/da\/lotteri\/kob-lodsedler-til-florida-lottery-online\/\" \/>\n<meta property=\"og:site_name\" content=\"Gambling6\" \/>\n<meta name=\"twitter:card\" content=\"summary_large_image\" \/>\n<meta name=\"twitter:label1\" content=\"Estimeret l\u00e6setid\" \/>\n\t<meta name=\"twitter:data1\" content=\"2 minutter\" \/>\n<script type=\"application\/ld+json\" class=\"yoast-schema-graph\">{\"@context\":\"https:\\\/\\\/schema.org\",\"@graph\":[{\"@type\":\"WebPage\",\"@id\":\"https:\\\/\\\/gambling6.com\\\/da\\\/lotteri\\\/kob-lodsedler-til-florida-lottery-online\\\/\",\"url\":\"https:\\\/\\\/gambling6.com\\\/da\\\/lotteri\\\/kob-lodsedler-til-florida-lottery-online\\\/\",\"name\":\"K\u00f8b billetter til Floridas lotteri online\",\"isPartOf\":{\"@id\":\"https:\\\/\\\/gambling6.com\\\/da\\\/#website\"},\"datePublished\":\"2025-11-11T07:59:07+00:00\",\"description\":\"Deltag i Florida Lotto og undg\u00e5 varmen ved at k\u00f8be dine lodsedler online.\",\"breadcrumb\":{\"@id\":\"https:\\\/\\\/gambling6.com\\\/da\\\/lotteri\\\/kob-lodsedler-til-florida-lottery-online\\\/#breadcrumb\"},\"inLanguage\":\"da-DK\",\"potentialAction\":[{\"@type\":\"ReadAction\",\"target\":[\"https:\\\/\\\/gambling6.com\\\/da\\\/lotteri\\\/kob-lodsedler-til-florida-lottery-online\\\/\"]}]},{\"@type\":\"BreadcrumbList\",\"@id\":\"https:\\\/\\\/gambling6.com\\\/da\\\/lotteri\\\/kob-lodsedler-til-florida-lottery-online\\\/#breadcrumb\",\"itemListElement\":[{\"@type\":\"ListItem\",\"position\":1,\"name\":\"Home\",\"item\":\"https:\\\/\\\/gambling6.com\\\/da\\\/home\\\/\"},{\"@type\":\"ListItem\",\"position\":2,\"name\":\"Lotteri\",\"item\":\"https:\\\/\\\/gambling6.com\\\/da\\\/lotteri\\\/\"},{\"@type\":\"ListItem\",\"position\":3,\"name\":\"K\u00f8b lodsedler til Florida Lottery online\"}]},{\"@type\":\"WebSite\",\"@id\":\"https:\\\/\\\/gambling6.com\\\/da\\\/#website\",\"url\":\"https:\\\/\\\/gambling6.com\\\/da\\\/\",\"name\":\"Gambling6\",\"description\":\"\",\"potentialAction\":[{\"@type\":\"SearchAction\",\"target\":{\"@type\":\"EntryPoint\",\"urlTemplate\":\"https:\\\/\\\/gambling6.com\\\/da\\\/?s={search_term_string}\"},\"query-input\":{\"@type\":\"PropertyValueSpecification\",\"valueRequired\":true,\"valueName\":\"search_term_string\"}}],\"inLanguage\":\"da-DK\"}]}<\/script>\n<!-- \/ Yoast SEO plugin. -->","yoast_head_json":{"title":"K\u00f8b billetter til Floridas lotteri online","description":"Deltag i Florida Lotto og undg\u00e5 varmen ved at k\u00f8be dine lodsedler online.","robots":{"index":"index","follow":"follow","max-snippet":"max-snippet:-1","max-image-preview":"max-image-preview:large","max-video-preview":"max-video-preview:-1"},"canonical":"https:\/\/gambling6.com\/da\/lotteri\/kob-lodsedler-til-florida-lottery-online\/","og_locale":"da_DK","og_type":"article","og_title":"K\u00f8b billetter til Floridas lotteri online","og_description":"Deltag i Florida Lotto og undg\u00e5 varmen ved at k\u00f8be dine lodsedler online.","og_url":"https:\/\/gambling6.com\/da\/lotteri\/kob-lodsedler-til-florida-lottery-online\/","og_site_name":"Gambling6","twitter_card":"summary_large_image","twitter_misc":{"Estimeret l\u00e6setid":"2 minutter"},"schema":{"@context":"https:\/\/schema.org","@graph":[{"@type":"WebPage","@id":"https:\/\/gambling6.com\/da\/lotteri\/kob-lodsedler-til-florida-lottery-online\/","url":"https:\/\/gambling6.com\/da\/lotteri\/kob-lodsedler-til-florida-lottery-online\/","name":"K\u00f8b billetter til Floridas lotteri online","isPartOf":{"@id":"https:\/\/gambling6.com\/da\/#website"},"datePublished":"2025-11-11T07:59:07+00:00","description":"Deltag i Florida Lotto og undg\u00e5 varmen ved at k\u00f8be dine lodsedler online.","breadcrumb":{"@id":"https:\/\/gambling6.com\/da\/lotteri\/kob-lodsedler-til-florida-lottery-online\/#breadcrumb"},"inLanguage":"da-DK","potentialAction":[{"@type":"ReadAction","target":["https:\/\/gambling6.com\/da\/lotteri\/kob-lodsedler-til-florida-lottery-online\/"]}]},{"@type":"BreadcrumbList","@id":"https:\/\/gambling6.com\/da\/lotteri\/kob-lodsedler-til-florida-lottery-online\/#breadcrumb","itemListElement":[{"@type":"ListItem","position":1,"name":"Home","item":"https:\/\/gambling6.com\/da\/home\/"},{"@type":"ListItem","position":2,"name":"Lotteri","item":"https:\/\/gambling6.com\/da\/lotteri\/"},{"@type":"ListItem","position":3,"name":"K\u00f8b lodsedler til Florida Lottery online"}]},{"@type":"WebSite","@id":"https:\/\/gambling6.com\/da\/#website","url":"https:\/\/gambling6.com\/da\/","name":"Gambling6","description":"","potentialAction":[{"@type":"SearchAction","target":{"@type":"EntryPoint","urlTemplate":"https:\/\/gambling6.com\/da\/?s={search_term_string}"},"query-input":{"@type":"PropertyValueSpecification","valueRequired":true,"valueName":"search_term_string"}}],"inLanguage":"da-DK"}]}},"_links":{"self":[{"href":"https:\/\/gambling6.com\/da\/wp-json\/wp\/v2\/pages\/9615","targetHints":{"allow":["GET"]}}],"collection":[{"href":"https:\/\/gambling6.com\/da\/wp-json\/wp\/v2\/pages"}],"about":[{"href":"https:\/\/gambling6.com\/da\/wp-json\/wp\/v2\/types\/page"}],"author":[{"embeddable":true,"href":"https:\/\/gambling6.com\/da\/wp-json\/wp\/v2\/users\/1"}],"replies":[{"embeddable":true,"href":"https:\/\/gambling6.com\/da\/wp-json\/wp\/v2\/comments?post=9615"}],"version-history":[{"count":0,"href":"https:\/\/gambling6.com\/da\/wp-json\/wp\/v2\/pages\/9615\/revisions"}],"up":[{"embeddable":true,"href":"https:\/\/gambling6.com\/da\/wp-json\/wp\/v2\/pages\/9274"}],"wp:attachment":[{"href":"https:\/\/gambling6.com\/da\/wp-json\/wp\/v2\/media?parent=9615"}],"curies":[{"name":"wp","href":"https:\/\/api.w.org\/{rel}","templated":true}]}}