{"id":5549,"date":"2022-05-30T10:05:46","date_gmt":"2022-05-30T09:05:46","guid":{"rendered":"https:\/\/gambling6.com\/?p=5549"},"modified":"2025-11-17T11:02:59","modified_gmt":"2025-11-17T11:02:59","slug":"888-casino-bewertung","status":"publish","type":"page","link":"https:\/\/gambling6.com\/de\/888-casino-bewertung\/","title":{"rendered":"888 Casino Bewertung"},"content":{"rendered":"<h2>Nicht nur eine Roulette-Seite &#8211; 888 Casino<\/h2>\n<p>888 Online Kasino ist eine etablierte Marke in der Gl\u00fccksspielbranche. Dieses Online-Kasino bietet sowohl ein erstaunliches Flash-basiertes Casino, das schnell in Ihrem Browser geladen wird, als auch die Option einer Spielesoftware, die Sie herunterladen m\u00fcssen, um auf die Spiele zuzugreifen. Die Download-Version wird von den Spielern bevorzugt, da sie ein einheitliches Gef\u00fchl und Aussehen der Spiele bietet.<br \/>\n<a href=\"https:\/\/ic.aff-handler.com\/C\/45871?sr=1064399&amp;anid=\" rel=\"nofollow\"><img loading=\"lazy\" decoding=\"async\" class=\"alignnone\" src=\"https:\/\/ic.aff-handler.com\/I\/45871?sr=1064399&amp;anid=\" width=\"499\" height=\"64\" \/><\/a><br \/>\nVon europ\u00e4ischem Roulette bis hin zu 3D-Roulette k\u00f6nnen Sie in diesem Casino jede Art von Roulette genie\u00dfen, die Ihnen vorschwebt. Es gibt auch kostenlose Roulettespiele, bei denen Sie die Regeln der Spiele lernen k\u00f6nnen, falls Sie neu im Spiel sind. Die Hauptattraktion des Casinos ist das Live-Roulette. Sie haben die M\u00f6glichkeit, zwischen drei Ein-Null-Tischen zu w\u00e4hlen: Europ\u00e4isches, Franz\u00f6sisches und Venezia Roulette (italienischsprachiger H\u00e4ndler).<\/p>\n<p>Die Spanne der Eins\u00e4tze reicht von 1 bis zu einem Maximum von 200. Die akzeptierten W\u00e4hrungen sind USD, Euro und GBP. Das Spiel bietet den Spielern eine gro\u00dfartige \u00c4sthetik. Das Beste daran ist, dass die Spieler es \u00fcber den Browser spielen k\u00f6nnen und keine Software herunterladen m\u00fcssen. Es gibt zwei verschiedene Ansichten des Spiels: die klassische Ansicht und die 3D-Ansicht. Das Spiel hat alles, was ein Roulette-Fan sich w\u00fcnschen kann.<\/p>\n<p>Aber abgesehen von den Roulette-Spielen, finden Sie hier alle Arten von Online-Spielen um Geld. Poker, Sportwetten, Bingo, Rubbellose, Spielautomaten, Blackjack &#8211; was immer Sie wollen, sie haben es!<\/p>\n<p>Dieses Casino mit Hauptsitz in Gibraltar nimmt den Schutz der pers\u00f6nlichen Daten seiner Mitglieder sehr ernst. Sie folgen verschiedenen strengen Sicherheitsprotokollen, um die Daten und Informationen vor den Angriffen der Cyber-Diebe zu sch\u00fctzen. Das Casino ist stolz darauf, verschiedene Sicherheitszertifizierungen zu haben. Sie haben 20 verschiedene Einzahlungsmethoden, die die vertrauensw\u00fcrdigsten Namen in der Branche wie Visa und Neteller umfassen. Es ist wichtig, dass das Casino ein hohes Ma\u00df an Sicherheit aufrechterh\u00e4lt, da die Spieler Verifizierungsdokumente offenlegen m\u00fcssen, um Betrug zu verhindern, und die Informationen sind sensibler Natur. Mit solch gro\u00dfartigen Sicherheitsma\u00dfnahmen k\u00f6nnen die Spieler das Spiel ohne Sorgen genie\u00dfen.<\/p>\n<p>Abgesehen von den Spielen ist das n\u00e4chste, was jeden Casinospieler am meisten interessiert, die Boni und die Promotionen. 888 bietet in regelm\u00e4\u00dfigen Abst\u00e4nden gro\u00dfartige Werbeaktionen an. Sie bieten allen neuen Spielern einen gro\u00dfz\u00fcgigen Willkommensbonus. Es steht Ihnen frei, diesen in jedem Casino-Spielbereich zu nutzen. Wenn Sie zum ersten Mal Roulette spielen, werden Sie mit einem Einstiegsbonus von 1500 \u20ac begr\u00fc\u00dft. Das Casino hat auch eine Empfehlungsaktion, bei der Sie Boni erhalten k\u00f6nnen, wenn Sie Freunde einladen, Mitglied des Casinos zu werden. Insgesamt ist<a class=\"thirstylink\" title=\"888 casino de\" href=\"https:\/\/gambling6.com\/go\/888-casino-de\/\" target=\"_blank\" rel=\"nofollow noopener\"> 888 Casino<\/a> ein unterhaltsamer Ort f\u00fcr jeden Roulette-Enthusiasten. Jeder Gl\u00fccksspielfan kann sich in diesem Casino am\u00fcsieren und eine sch\u00f6ne Zeit haben!<\/p>\n","protected":false},"excerpt":{"rendered":"<p>Nicht nur eine Roulette-Seite &#8211; 888 Casino 888 Online Kasino ist eine etablierte Marke in der Gl\u00fccksspielbranche. Dieses Online-Kasino bietet sowohl ein erstaunliches Flash-basiertes Casino, das schnell in Ihrem Browser geladen wird, als auch die Option einer Spielesoftware, die Sie herunterladen m\u00fcssen, um auf die Spiele zuzugreifen. Die Download-Version wird von den Spielern bevorzugt, da [&hellip;]<\/p>\n","protected":false},"author":1,"featured_media":0,"parent":0,"menu_order":3,"comment_status":"closed","ping_status":"closed","template":"","meta":{"footnotes":""},"class_list":["post-5549","page","type-page","status-publish","hentry"],"yoast_head":"<!-- This site is optimized with the Yoast SEO plugin v27.4 - https:\/\/yoast.com\/product\/yoast-seo-wordpress\/ -->\n<title>Seiten\u00fcbersicht 888 Casino<\/title>\n<meta name=\"description\" content=\"888 Casinos - Ein \u00dcberblick \u00fcber die beliebteste Online-Rouletteseite\" \/>\n<meta name=\"robots\" content=\"index, follow, max-snippet:-1, max-image-preview:large, max-video-preview:-1\" \/>\n<link rel=\"canonical\" href=\"https:\/\/gambling6.com\/de\/888-casino-bewertung\/\" \/>\n<meta property=\"og:locale\" content=\"de_DE\" \/>\n<meta property=\"og:type\" content=\"article\" \/>\n<meta property=\"og:title\" content=\"Seiten\u00fcbersicht 888 Casino\" \/>\n<meta property=\"og:description\" content=\"888 Casinos - Ein \u00dcberblick \u00fcber die beliebteste Online-Rouletteseite\" \/>\n<meta property=\"og:url\" content=\"https:\/\/gambling6.com\/de\/888-casino-bewertung\/\" \/>\n<meta property=\"og:site_name\" content=\"Gambling6\" \/>\n<meta property=\"article:modified_time\" content=\"2025-11-17T11:02:59+00:00\" \/>\n<meta property=\"og:image\" content=\"https:\/\/ic.aff-handler.com\/I\/45871?sr=1064399&amp;anid=\" \/>\n<meta name=\"twitter:card\" content=\"summary_large_image\" \/>\n<meta name=\"twitter:label1\" content=\"Gesch\u00e4tzte Lesezeit\" \/>\n\t<meta name=\"twitter:data1\" content=\"3\u00a0Minuten\" \/>\n<script type=\"application\/ld+json\" class=\"yoast-schema-graph\">{\"@context\":\"https:\\\/\\\/schema.org\",\"@graph\":[{\"@type\":\"WebPage\",\"@id\":\"https:\\\/\\\/gambling6.com\\\/de\\\/888-casino-bewertung\\\/\",\"url\":\"https:\\\/\\\/gambling6.com\\\/de\\\/888-casino-bewertung\\\/\",\"name\":\"Seiten\u00fcbersicht 888 Casino\",\"isPartOf\":{\"@id\":\"https:\\\/\\\/gambling6.com\\\/de\\\/#website\"},\"primaryImageOfPage\":{\"@id\":\"https:\\\/\\\/gambling6.com\\\/de\\\/888-casino-bewertung\\\/#primaryimage\"},\"image\":{\"@id\":\"https:\\\/\\\/gambling6.com\\\/de\\\/888-casino-bewertung\\\/#primaryimage\"},\"thumbnailUrl\":\"https:\\\/\\\/ic.aff-handler.com\\\/I\\\/45871?sr=1064399&amp;anid=\",\"datePublished\":\"2022-05-30T09:05:46+00:00\",\"dateModified\":\"2025-11-17T11:02:59+00:00\",\"description\":\"888 Casinos - Ein \u00dcberblick \u00fcber die beliebteste Online-Rouletteseite\",\"breadcrumb\":{\"@id\":\"https:\\\/\\\/gambling6.com\\\/de\\\/888-casino-bewertung\\\/#breadcrumb\"},\"inLanguage\":\"de\",\"potentialAction\":[{\"@type\":\"ReadAction\",\"target\":[\"https:\\\/\\\/gambling6.com\\\/de\\\/888-casino-bewertung\\\/\"]}]},{\"@type\":\"ImageObject\",\"inLanguage\":\"de\",\"@id\":\"https:\\\/\\\/gambling6.com\\\/de\\\/888-casino-bewertung\\\/#primaryimage\",\"url\":\"https:\\\/\\\/ic.aff-handler.com\\\/I\\\/45871?sr=1064399&amp;anid=\",\"contentUrl\":\"https:\\\/\\\/ic.aff-handler.com\\\/I\\\/45871?sr=1064399&amp;anid=\"},{\"@type\":\"BreadcrumbList\",\"@id\":\"https:\\\/\\\/gambling6.com\\\/de\\\/888-casino-bewertung\\\/#breadcrumb\",\"itemListElement\":[{\"@type\":\"ListItem\",\"position\":1,\"name\":\"Home\",\"item\":\"https:\\\/\\\/gambling6.com\\\/de\\\/home\\\/\"},{\"@type\":\"ListItem\",\"position\":2,\"name\":\"888 Casino Bewertung\"}]},{\"@type\":\"WebSite\",\"@id\":\"https:\\\/\\\/gambling6.com\\\/de\\\/#website\",\"url\":\"https:\\\/\\\/gambling6.com\\\/de\\\/\",\"name\":\"Gambling6\",\"description\":\"\",\"potentialAction\":[{\"@type\":\"SearchAction\",\"target\":{\"@type\":\"EntryPoint\",\"urlTemplate\":\"https:\\\/\\\/gambling6.com\\\/de\\\/?s={search_term_string}\"},\"query-input\":{\"@type\":\"PropertyValueSpecification\",\"valueRequired\":true,\"valueName\":\"search_term_string\"}}],\"inLanguage\":\"de\"}]}<\/script>\n<!-- \/ Yoast SEO plugin. -->","yoast_head_json":{"title":"Seiten\u00fcbersicht 888 Casino","description":"888 Casinos - Ein \u00dcberblick \u00fcber die beliebteste Online-Rouletteseite","robots":{"index":"index","follow":"follow","max-snippet":"max-snippet:-1","max-image-preview":"max-image-preview:large","max-video-preview":"max-video-preview:-1"},"canonical":"https:\/\/gambling6.com\/de\/888-casino-bewertung\/","og_locale":"de_DE","og_type":"article","og_title":"Seiten\u00fcbersicht 888 Casino","og_description":"888 Casinos - Ein \u00dcberblick \u00fcber die beliebteste Online-Rouletteseite","og_url":"https:\/\/gambling6.com\/de\/888-casino-bewertung\/","og_site_name":"Gambling6","article_modified_time":"2025-11-17T11:02:59+00:00","og_image":[{"url":"https:\/\/ic.aff-handler.com\/I\/45871?sr=1064399&amp;anid=","type":"","width":"","height":""}],"twitter_card":"summary_large_image","twitter_misc":{"Gesch\u00e4tzte Lesezeit":"3\u00a0Minuten"},"schema":{"@context":"https:\/\/schema.org","@graph":[{"@type":"WebPage","@id":"https:\/\/gambling6.com\/de\/888-casino-bewertung\/","url":"https:\/\/gambling6.com\/de\/888-casino-bewertung\/","name":"Seiten\u00fcbersicht 888 Casino","isPartOf":{"@id":"https:\/\/gambling6.com\/de\/#website"},"primaryImageOfPage":{"@id":"https:\/\/gambling6.com\/de\/888-casino-bewertung\/#primaryimage"},"image":{"@id":"https:\/\/gambling6.com\/de\/888-casino-bewertung\/#primaryimage"},"thumbnailUrl":"https:\/\/ic.aff-handler.com\/I\/45871?sr=1064399&amp;anid=","datePublished":"2022-05-30T09:05:46+00:00","dateModified":"2025-11-17T11:02:59+00:00","description":"888 Casinos - Ein \u00dcberblick \u00fcber die beliebteste Online-Rouletteseite","breadcrumb":{"@id":"https:\/\/gambling6.com\/de\/888-casino-bewertung\/#breadcrumb"},"inLanguage":"de","potentialAction":[{"@type":"ReadAction","target":["https:\/\/gambling6.com\/de\/888-casino-bewertung\/"]}]},{"@type":"ImageObject","inLanguage":"de","@id":"https:\/\/gambling6.com\/de\/888-casino-bewertung\/#primaryimage","url":"https:\/\/ic.aff-handler.com\/I\/45871?sr=1064399&amp;anid=","contentUrl":"https:\/\/ic.aff-handler.com\/I\/45871?sr=1064399&amp;anid="},{"@type":"BreadcrumbList","@id":"https:\/\/gambling6.com\/de\/888-casino-bewertung\/#breadcrumb","itemListElement":[{"@type":"ListItem","position":1,"name":"Home","item":"https:\/\/gambling6.com\/de\/home\/"},{"@type":"ListItem","position":2,"name":"888 Casino Bewertung"}]},{"@type":"WebSite","@id":"https:\/\/gambling6.com\/de\/#website","url":"https:\/\/gambling6.com\/de\/","name":"Gambling6","description":"","potentialAction":[{"@type":"SearchAction","target":{"@type":"EntryPoint","urlTemplate":"https:\/\/gambling6.com\/de\/?s={search_term_string}"},"query-input":{"@type":"PropertyValueSpecification","valueRequired":true,"valueName":"search_term_string"}}],"inLanguage":"de"}]}},"_links":{"self":[{"href":"https:\/\/gambling6.com\/de\/wp-json\/wp\/v2\/pages\/5549","targetHints":{"allow":["GET"]}}],"collection":[{"href":"https:\/\/gambling6.com\/de\/wp-json\/wp\/v2\/pages"}],"about":[{"href":"https:\/\/gambling6.com\/de\/wp-json\/wp\/v2\/types\/page"}],"author":[{"embeddable":true,"href":"https:\/\/gambling6.com\/de\/wp-json\/wp\/v2\/users\/1"}],"replies":[{"embeddable":true,"href":"https:\/\/gambling6.com\/de\/wp-json\/wp\/v2\/comments?post=5549"}],"version-history":[{"count":2,"href":"https:\/\/gambling6.com\/de\/wp-json\/wp\/v2\/pages\/5549\/revisions"}],"predecessor-version":[{"id":5553,"href":"https:\/\/gambling6.com\/de\/wp-json\/wp\/v2\/pages\/5549\/revisions\/5553"}],"wp:attachment":[{"href":"https:\/\/gambling6.com\/de\/wp-json\/wp\/v2\/media?parent=5549"}],"curies":[{"name":"wp","href":"https:\/\/api.w.org\/{rel}","templated":true}]}}