{"id":5800,"date":"2022-06-02T15:00:24","date_gmt":"2022-06-02T14:00:24","guid":{"rendered":"https:\/\/gambling6.com\/?p=5800"},"modified":"2025-11-17T12:04:21","modified_gmt":"2025-11-17T12:04:21","slug":"bewertung-von-redfoxlotto","status":"publish","type":"page","link":"https:\/\/gambling6.com\/de\/bewertung-von-redfoxlotto\/","title":{"rendered":"Bewertung von RedFoxLotto"},"content":{"rendered":"<h2>Eine Bewertung von RedFoxLotto<\/h2>\n<p><strong>RedFoxLotto<\/strong> ist ein \u00e4u\u00dferst benutzerfreundlicher und sicherer Ort, um online Spielscheine f\u00fcr alle gro\u00dfen Lotterien der Welt zu kaufen. Auf der RedFoxLotto-Website haben Sie die M\u00f6glichkeit, an vielen Lotterien der Welt teilzunehmen, und Sie k\u00f6nnen 24 Stunden am Tag, sieben Tage die Woche Lottoscheine bestellen. Es ist einfach, ein Konto zu erstellen, Geld einzuzahlen und innerhalb weniger Minuten mit dem Spielen von internationalen Lotteriescheinen zu beginnen.<\/p>\n<h2>Sie behalten das ganze Geld, das Sie bei RedFoxLotto gewinnen<\/h2>\n<p>RedFoxLotto besch\u00e4ftigt Lotteriekuriere auf der ganzen Welt, die die Lottoscheine, die Sie spielen m\u00f6chten, in Ihrem Namen kaufen. Sobald die Scheine gekauft sind, wird Ihr Name auf die Scheine gedruckt, die gescannt und vor der Ziehung auf Ihr Konto hochgeladen werden. Diese Methode stellt sicher, dass Sie Ihre Scheine sehen und 100% Ihres Gewinns erhalten. RedFoxLotto nimmt keinen Prozentsatz Ihres Gewinns; alle Kosten sind im Kauf Ihrer Scheine enthalten. <strong>Ob Sie nun $10 oder $10 Millionen gewinnen, jeder Cent wird auf Ihr RedFoxLotto Online-Konto \u00fcberwiesen.<\/strong><\/p>\n<h2>Lose f\u00fcr alle gro\u00dfen Lotterien erh\u00e4ltlich<\/h2>\n<p><strong>Lose sind f\u00fcr alle gro\u00dfen Lotterien weltweit erh\u00e4ltlich, einschlie\u00dflich MEGA Millions, Powerball USA, Eurojackpot, Euro Millions und mehr.<\/strong> Unabh\u00e4ngig davon, in welchem Land Sie leben, k\u00f6nnen Sie am Kauf von Losen f\u00fcr alle gro\u00dfen Lotterien der Welt teilnehmen. Alles, was Sie tun m\u00fcssen, ist, sich in Ihr Konto einzuloggen, das RedFoxLotto auszuw\u00e4hlen, das Sie spielen m\u00f6chten, die Zahlen auszuw\u00e4hlen, die Sie spielen m\u00f6chten, und sich zur\u00fcckzulehnen und auf die Ziehung zu warten. RedFoxLotto schickt Ihnen Benachrichtigungen \u00fcber etwaige Gewinne.<br \/>\n<a href=\"https:\/\/redfoxlotto.com\/?ref=a8564250a2&amp;medium=G6\"><img loading=\"lazy\" decoding=\"async\" class=\"aligncenter\" src=\"https:\/\/redfoxlotto.com\/image\/?size=7&amp;lottery=powerball\" width=\"532\" height=\"68\" \/><\/a><\/p>\n<h2>Einfache Abholung Ihrer Gewinne bei RedFoxLotto<\/h2>\n<p>Bei jedem Gewinnschein werden Sie v<strong>on RedFoxLotto per E-Mail benachrichtigt oder bei gr\u00f6\u00dferen Gewinnen angerufen, um Sie \u00fcber den Gewinn zu informieren<\/strong>. Gewinne von bis zu 2.000 \u20ac werden automatisch auf Ihr Konto \u00fcberwiesen. Wenn Sie einen Preis von mehr als 2.000 Euro gewinnen, werden die Bearbeitungsexperten von RedFoxLotto Sie durch die notwendigen Schritte leiten, um Ihren Gewinn zu erhalten. Gewinner von Gro\u00dfgewinnen k\u00f6nnen w\u00e4hlen, ob sie RedFoxLotto mit der Abwicklung beauftragen oder ob sie ihren Gewinn pers\u00f6nlich abholen m\u00f6chten. Wir sind zuversichtlich, dass Sie, wenn Sie ein Multimillion\u00e4r werden, keine Probleme haben werden, alle notwendigen Schritte zu unternehmen, um Ihren Gewinn abzuholen.<\/p>\n<h2>Bezahlen Sie Ihre Lottoscheine online<\/h2>\n<p>RedFoxLotto bietet viele sichere Zahlungsm\u00f6glichkeiten, unabh\u00e4ngig davon, in welchem Land Sie leben. <strong>Es werden Visa, MasterCard, American Express, Moneybooker und eine Reihe anderer Net-Wallet-Produkte akzeptiert.<\/strong> Sie k\u00f6nnen w\u00e4hlen, ob Sie Ihre Gewinne mit einer dieser Methoden einzahlen oder das Geld direkt auf Ihr Bankkonto erhalten m\u00f6chten. RedFoxLotto arbeitet im Rahmen des britischen Bankensystems und wird von der Internationalen Lotterieorganisation streng reguliert.<\/p>\n<p>Jedes Jahr macht RedFoxLotto Millionen von Dollar an Gewinnern aus und hat eine 100%ige Auszahlungsgarantie. Sie werden feststellen, dass es einfach ist, bei Fragen den engagierten Kundendienst zu kontaktieren, der 24 Stunden am Tag unter win trillions erreichbar ist. Sie m\u00fcssen nicht mehr Ihre \u00f6rtlichen Lotterie-Kioske besuchen, um Spielscheine f\u00fcr alle gro\u00dfen internationalen Lotterien zu kaufen. Sie k\u00f6nnen Lose f\u00fcr alle Lotterien bequem von zu Hause oder vom B\u00fcro aus kaufen.<\/p>\n<p><strong>Beginnen Sie noch heute, internationale Lotterien online zu spielen, indem Sie unseren Partner RedFoxLotto besuchen und Ihr pers\u00f6nliches Konto er\u00f6ffnen<\/strong>. Sobald Sie Ihr Konto er\u00f6ffnet haben, finden Sie viele Bonusangebote und spezielle Programme f\u00fcr den Loskauf, die das Lottospielen einfach und profitabel machen.<\/p>\n<p><a class=\"thirstylink\" title=\"RedFoxLotto en\" href=\"https:\/\/gambling6.com\/go\/redfoxlotto-en\/\" target=\"_blank\" rel=\"nofollow noopener\">Klicken Sie jetzt hier, um Ihr pers\u00f6nliches Online-Konto bei RedFoxLotto<\/a> zu er\u00f6ffnen und Sie k\u00f6nnten \u00fcber Nacht zum Multimillion\u00e4r werden.<\/p>\n","protected":false},"excerpt":{"rendered":"<p>Eine Bewertung von RedFoxLotto RedFoxLotto ist ein \u00e4u\u00dferst benutzerfreundlicher und sicherer Ort, um online Spielscheine f\u00fcr alle gro\u00dfen Lotterien der Welt zu kaufen. Auf der RedFoxLotto-Website haben Sie die M\u00f6glichkeit, an vielen Lotterien der Welt teilzunehmen, und Sie k\u00f6nnen 24 Stunden am Tag, sieben Tage die Woche Lottoscheine bestellen. Es ist einfach, ein Konto zu [&hellip;]<\/p>\n","protected":false},"author":1,"featured_media":0,"parent":0,"menu_order":1,"comment_status":"closed","ping_status":"closed","template":"","meta":{"footnotes":""},"class_list":["post-5800","page","type-page","status-publish","hentry"],"yoast_head":"<!-- This site is optimized with the Yoast SEO plugin v27.3 - https:\/\/yoast.com\/product\/yoast-seo-wordpress\/ -->\n<title>RedFoxLotto R\u00fcckblick<\/title>\n<meta name=\"description\" content=\"Sie k\u00f6nnen Spielscheine f\u00fcr alle internationalen Lotterien online erwerben, einschlie\u00dflich Powerball und MEGA Millions.\" \/>\n<meta name=\"robots\" content=\"index, follow, max-snippet:-1, max-image-preview:large, max-video-preview:-1\" \/>\n<link rel=\"canonical\" href=\"https:\/\/gambling6.com\/de\/bewertung-von-redfoxlotto\/\" \/>\n<meta property=\"og:locale\" content=\"de_DE\" \/>\n<meta property=\"og:type\" content=\"article\" \/>\n<meta property=\"og:title\" content=\"RedFoxLotto R\u00fcckblick\" \/>\n<meta property=\"og:description\" content=\"Sie k\u00f6nnen Spielscheine f\u00fcr alle internationalen Lotterien online erwerben, einschlie\u00dflich Powerball und MEGA Millions.\" \/>\n<meta property=\"og:url\" content=\"https:\/\/gambling6.com\/de\/bewertung-von-redfoxlotto\/\" \/>\n<meta property=\"og:site_name\" content=\"Gambling6\" \/>\n<meta property=\"article:published_time\" content=\"2022-06-02T14:00:24+00:00\" \/>\n<meta property=\"article:modified_time\" content=\"2025-11-17T12:04:21+00:00\" \/>\n<meta property=\"og:image\" content=\"https:\/\/redfoxlotto.com\/image\/?size=7&amp;lottery=powerball\" \/>\n<meta name=\"author\" content=\"Catfish\" \/>\n<meta name=\"twitter:card\" content=\"summary_large_image\" \/>\n<meta name=\"twitter:label1\" content=\"Verfasst von\" \/>\n\t<meta name=\"twitter:data1\" content=\"Catfish\" \/>\n\t<meta name=\"twitter:label2\" content=\"Gesch\u00e4tzte Lesezeit\" \/>\n\t<meta name=\"twitter:data2\" content=\"3\u00a0Minuten\" \/>\n<script type=\"application\/ld+json\" class=\"yoast-schema-graph\">{\"@context\":\"https:\\\/\\\/schema.org\",\"@graph\":[{\"@type\":\"Article\",\"@id\":\"https:\\\/\\\/gambling6.com\\\/de\\\/bewertung-von-redfoxlotto\\\/#article\",\"isPartOf\":{\"@id\":\"https:\\\/\\\/gambling6.com\\\/de\\\/bewertung-von-redfoxlotto\\\/\"},\"author\":{\"name\":\"Catfish\",\"@id\":\"https:\\\/\\\/gambling6.com\\\/de\\\/#\\\/schema\\\/person\\\/d093de87a44a018ef67117d02d86ddaf\"},\"headline\":\"Bewertung von RedFoxLotto\",\"datePublished\":\"2022-06-02T14:00:24+00:00\",\"dateModified\":\"2025-11-17T12:04:21+00:00\",\"mainEntityOfPage\":{\"@id\":\"https:\\\/\\\/gambling6.com\\\/de\\\/bewertung-von-redfoxlotto\\\/\"},\"wordCount\":604,\"image\":{\"@id\":\"https:\\\/\\\/gambling6.com\\\/de\\\/bewertung-von-redfoxlotto\\\/#primaryimage\"},\"thumbnailUrl\":\"https:\\\/\\\/redfoxlotto.com\\\/image\\\/?size=7&amp;lottery=powerball\",\"articleSection\":[\"Lotto News\"],\"inLanguage\":\"de\"},{\"@type\":\"WebPage\",\"@id\":\"https:\\\/\\\/gambling6.com\\\/de\\\/bewertung-von-redfoxlotto\\\/\",\"url\":\"https:\\\/\\\/gambling6.com\\\/de\\\/bewertung-von-redfoxlotto\\\/\",\"name\":\"RedFoxLotto R\u00fcckblick\",\"isPartOf\":{\"@id\":\"https:\\\/\\\/gambling6.com\\\/de\\\/#website\"},\"primaryImageOfPage\":{\"@id\":\"https:\\\/\\\/gambling6.com\\\/de\\\/bewertung-von-redfoxlotto\\\/#primaryimage\"},\"image\":{\"@id\":\"https:\\\/\\\/gambling6.com\\\/de\\\/bewertung-von-redfoxlotto\\\/#primaryimage\"},\"thumbnailUrl\":\"https:\\\/\\\/redfoxlotto.com\\\/image\\\/?size=7&amp;lottery=powerball\",\"datePublished\":\"2022-06-02T14:00:24+00:00\",\"dateModified\":\"2025-11-17T12:04:21+00:00\",\"author\":{\"@id\":\"https:\\\/\\\/gambling6.com\\\/de\\\/#\\\/schema\\\/person\\\/d093de87a44a018ef67117d02d86ddaf\"},\"description\":\"Sie k\u00f6nnen Spielscheine f\u00fcr alle internationalen Lotterien online erwerben, einschlie\u00dflich Powerball und MEGA Millions.\",\"breadcrumb\":{\"@id\":\"https:\\\/\\\/gambling6.com\\\/de\\\/bewertung-von-redfoxlotto\\\/#breadcrumb\"},\"inLanguage\":\"de\",\"potentialAction\":[{\"@type\":\"ReadAction\",\"target\":[\"https:\\\/\\\/gambling6.com\\\/de\\\/bewertung-von-redfoxlotto\\\/\"]}]},{\"@type\":\"ImageObject\",\"inLanguage\":\"de\",\"@id\":\"https:\\\/\\\/gambling6.com\\\/de\\\/bewertung-von-redfoxlotto\\\/#primaryimage\",\"url\":\"https:\\\/\\\/redfoxlotto.com\\\/image\\\/?size=7&amp;lottery=powerball\",\"contentUrl\":\"https:\\\/\\\/redfoxlotto.com\\\/image\\\/?size=7&amp;lottery=powerball\"},{\"@type\":\"BreadcrumbList\",\"@id\":\"https:\\\/\\\/gambling6.com\\\/de\\\/bewertung-von-redfoxlotto\\\/#breadcrumb\",\"itemListElement\":[{\"@type\":\"ListItem\",\"position\":1,\"name\":\"Home\",\"item\":\"https:\\\/\\\/gambling6.com\\\/de\\\/home\\\/\"},{\"@type\":\"ListItem\",\"position\":2,\"name\":\"Bewertung von RedFoxLotto\"}]},{\"@type\":\"WebSite\",\"@id\":\"https:\\\/\\\/gambling6.com\\\/de\\\/#website\",\"url\":\"https:\\\/\\\/gambling6.com\\\/de\\\/\",\"name\":\"Gambling6\",\"description\":\"\",\"potentialAction\":[{\"@type\":\"SearchAction\",\"target\":{\"@type\":\"EntryPoint\",\"urlTemplate\":\"https:\\\/\\\/gambling6.com\\\/de\\\/?s={search_term_string}\"},\"query-input\":{\"@type\":\"PropertyValueSpecification\",\"valueRequired\":true,\"valueName\":\"search_term_string\"}}],\"inLanguage\":\"de\"},{\"@type\":\"Person\",\"@id\":\"https:\\\/\\\/gambling6.com\\\/de\\\/#\\\/schema\\\/person\\\/d093de87a44a018ef67117d02d86ddaf\",\"name\":\"Catfish\",\"image\":{\"@type\":\"ImageObject\",\"inLanguage\":\"de\",\"@id\":\"https:\\\/\\\/secure.gravatar.com\\\/avatar\\\/32edfa28ccbf005c231538b245a2670a36c7f33f2d3a9ab09e50843b363f2821?s=96&d=mm&r=g\",\"url\":\"https:\\\/\\\/secure.gravatar.com\\\/avatar\\\/32edfa28ccbf005c231538b245a2670a36c7f33f2d3a9ab09e50843b363f2821?s=96&d=mm&r=g\",\"contentUrl\":\"https:\\\/\\\/secure.gravatar.com\\\/avatar\\\/32edfa28ccbf005c231538b245a2670a36c7f33f2d3a9ab09e50843b363f2821?s=96&d=mm&r=g\",\"caption\":\"Catfish\"},\"sameAs\":[\"http:\\\/\\\/gambling6.com\"],\"url\":\"https:\\\/\\\/gambling6.com\\\/de\\\/author\\\/catfish\\\/\"}]}<\/script>\n<!-- \/ Yoast SEO plugin. -->","yoast_head_json":{"title":"RedFoxLotto R\u00fcckblick","description":"Sie k\u00f6nnen Spielscheine f\u00fcr alle internationalen Lotterien online erwerben, einschlie\u00dflich Powerball und MEGA Millions.","robots":{"index":"index","follow":"follow","max-snippet":"max-snippet:-1","max-image-preview":"max-image-preview:large","max-video-preview":"max-video-preview:-1"},"canonical":"https:\/\/gambling6.com\/de\/bewertung-von-redfoxlotto\/","og_locale":"de_DE","og_type":"article","og_title":"RedFoxLotto R\u00fcckblick","og_description":"Sie k\u00f6nnen Spielscheine f\u00fcr alle internationalen Lotterien online erwerben, einschlie\u00dflich Powerball und MEGA Millions.","og_url":"https:\/\/gambling6.com\/de\/bewertung-von-redfoxlotto\/","og_site_name":"Gambling6","article_published_time":"2022-06-02T14:00:24+00:00","article_modified_time":"2025-11-17T12:04:21+00:00","og_image":[{"url":"https:\/\/redfoxlotto.com\/image\/?size=7&amp;lottery=powerball","type":"","width":"","height":""}],"author":"Catfish","twitter_card":"summary_large_image","twitter_misc":{"Verfasst von":"Catfish","Gesch\u00e4tzte Lesezeit":"3\u00a0Minuten"},"schema":{"@context":"https:\/\/schema.org","@graph":[{"@type":"Article","@id":"https:\/\/gambling6.com\/de\/bewertung-von-redfoxlotto\/#article","isPartOf":{"@id":"https:\/\/gambling6.com\/de\/bewertung-von-redfoxlotto\/"},"author":{"name":"Catfish","@id":"https:\/\/gambling6.com\/de\/#\/schema\/person\/d093de87a44a018ef67117d02d86ddaf"},"headline":"Bewertung von RedFoxLotto","datePublished":"2022-06-02T14:00:24+00:00","dateModified":"2025-11-17T12:04:21+00:00","mainEntityOfPage":{"@id":"https:\/\/gambling6.com\/de\/bewertung-von-redfoxlotto\/"},"wordCount":604,"image":{"@id":"https:\/\/gambling6.com\/de\/bewertung-von-redfoxlotto\/#primaryimage"},"thumbnailUrl":"https:\/\/redfoxlotto.com\/image\/?size=7&amp;lottery=powerball","articleSection":["Lotto News"],"inLanguage":"de"},{"@type":"WebPage","@id":"https:\/\/gambling6.com\/de\/bewertung-von-redfoxlotto\/","url":"https:\/\/gambling6.com\/de\/bewertung-von-redfoxlotto\/","name":"RedFoxLotto R\u00fcckblick","isPartOf":{"@id":"https:\/\/gambling6.com\/de\/#website"},"primaryImageOfPage":{"@id":"https:\/\/gambling6.com\/de\/bewertung-von-redfoxlotto\/#primaryimage"},"image":{"@id":"https:\/\/gambling6.com\/de\/bewertung-von-redfoxlotto\/#primaryimage"},"thumbnailUrl":"https:\/\/redfoxlotto.com\/image\/?size=7&amp;lottery=powerball","datePublished":"2022-06-02T14:00:24+00:00","dateModified":"2025-11-17T12:04:21+00:00","author":{"@id":"https:\/\/gambling6.com\/de\/#\/schema\/person\/d093de87a44a018ef67117d02d86ddaf"},"description":"Sie k\u00f6nnen Spielscheine f\u00fcr alle internationalen Lotterien online erwerben, einschlie\u00dflich Powerball und MEGA Millions.","breadcrumb":{"@id":"https:\/\/gambling6.com\/de\/bewertung-von-redfoxlotto\/#breadcrumb"},"inLanguage":"de","potentialAction":[{"@type":"ReadAction","target":["https:\/\/gambling6.com\/de\/bewertung-von-redfoxlotto\/"]}]},{"@type":"ImageObject","inLanguage":"de","@id":"https:\/\/gambling6.com\/de\/bewertung-von-redfoxlotto\/#primaryimage","url":"https:\/\/redfoxlotto.com\/image\/?size=7&amp;lottery=powerball","contentUrl":"https:\/\/redfoxlotto.com\/image\/?size=7&amp;lottery=powerball"},{"@type":"BreadcrumbList","@id":"https:\/\/gambling6.com\/de\/bewertung-von-redfoxlotto\/#breadcrumb","itemListElement":[{"@type":"ListItem","position":1,"name":"Home","item":"https:\/\/gambling6.com\/de\/home\/"},{"@type":"ListItem","position":2,"name":"Bewertung von RedFoxLotto"}]},{"@type":"WebSite","@id":"https:\/\/gambling6.com\/de\/#website","url":"https:\/\/gambling6.com\/de\/","name":"Gambling6","description":"","potentialAction":[{"@type":"SearchAction","target":{"@type":"EntryPoint","urlTemplate":"https:\/\/gambling6.com\/de\/?s={search_term_string}"},"query-input":{"@type":"PropertyValueSpecification","valueRequired":true,"valueName":"search_term_string"}}],"inLanguage":"de"},{"@type":"Person","@id":"https:\/\/gambling6.com\/de\/#\/schema\/person\/d093de87a44a018ef67117d02d86ddaf","name":"Catfish","image":{"@type":"ImageObject","inLanguage":"de","@id":"https:\/\/secure.gravatar.com\/avatar\/32edfa28ccbf005c231538b245a2670a36c7f33f2d3a9ab09e50843b363f2821?s=96&d=mm&r=g","url":"https:\/\/secure.gravatar.com\/avatar\/32edfa28ccbf005c231538b245a2670a36c7f33f2d3a9ab09e50843b363f2821?s=96&d=mm&r=g","contentUrl":"https:\/\/secure.gravatar.com\/avatar\/32edfa28ccbf005c231538b245a2670a36c7f33f2d3a9ab09e50843b363f2821?s=96&d=mm&r=g","caption":"Catfish"},"sameAs":["http:\/\/gambling6.com"],"url":"https:\/\/gambling6.com\/de\/author\/catfish\/"}]}},"_links":{"self":[{"href":"https:\/\/gambling6.com\/de\/wp-json\/wp\/v2\/pages\/5800","targetHints":{"allow":["GET"]}}],"collection":[{"href":"https:\/\/gambling6.com\/de\/wp-json\/wp\/v2\/pages"}],"about":[{"href":"https:\/\/gambling6.com\/de\/wp-json\/wp\/v2\/types\/page"}],"author":[{"embeddable":true,"href":"https:\/\/gambling6.com\/de\/wp-json\/wp\/v2\/users\/1"}],"replies":[{"embeddable":true,"href":"https:\/\/gambling6.com\/de\/wp-json\/wp\/v2\/comments?post=5800"}],"version-history":[{"count":1,"href":"https:\/\/gambling6.com\/de\/wp-json\/wp\/v2\/pages\/5800\/revisions"}],"predecessor-version":[{"id":5801,"href":"https:\/\/gambling6.com\/de\/wp-json\/wp\/v2\/pages\/5800\/revisions\/5801"}],"wp:attachment":[{"href":"https:\/\/gambling6.com\/de\/wp-json\/wp\/v2\/media?parent=5800"}],"curies":[{"name":"wp","href":"https:\/\/api.w.org\/{rel}","templated":true}]}}