{"id":6056,"date":"2022-06-07T09:01:45","date_gmt":"2022-06-07T08:01:45","guid":{"rendered":"https:\/\/gambling6.com\/?p=6056"},"modified":"2025-11-17T16:14:42","modified_gmt":"2025-11-17T16:14:42","slug":"spiel-strategie-fuer-online-bingo","status":"publish","type":"page","link":"https:\/\/gambling6.com\/de\/bingo\/spiel-strategie-fuer-online-bingo\/","title":{"rendered":"Spielstrategie f\u00fcr Online Bingo"},"content":{"rendered":"<h2>Online Bingo spielen mit der richtigen Strategie<\/h2>\n<p>Dank der Entwicklung des Internets k\u00f6nnen Sie jetzt bequem von zu Hause aus ein unterhaltsames Bingospiel genie\u00dfen. Das Beste daran ist, dass Sie das Spiel spielen k\u00f6nnen, wann immer Sie wollen. Das ist der Grund, warum Online-Bingo bei den Menschen, insbesondere bei den Frauen, so beliebt geworden ist. Wenn Sie ein Neuling sind, machen Sie sich keine Sorgen, Sie k\u00f6nnen das Spiel lernen, indem Sie es zun\u00e4chst auf einer kostenlosen Bingoseite ausprobieren. Eine gute Anlaufstelle ist Bingo Billy &#8211; <a class=\"thirstylink\" title=\"Bingo Billy en\" href=\"https:\/\/gambling6.com\/go\/downtownbingo-en\/\" target=\"_blank\" rel=\"nofollow noopener\">klicken Sie hier, um die Seite zu besuchen.<\/a><\/p>\n<p>Wenn Sie das Spiel jedoch online spielen, finden Sie hier einige Tipps, mit denen Sie Ihre Gewinnchancen erh\u00f6hen k\u00f6nnen. Lesen Sie weiter und erfahren Sie mehr. Recherchieren Sie schnell und finden Sie heraus, welche Bingoseiten die besten Einzahlungsboni anbieten. Viele Seiten bieten auch lukrative Anmeldeboni an. Es ist immer ratsam, Bingo auf vertrauensw\u00fcrdigen Casinoseiten zu spielen. Lesen Sie unbedingt die Bewertungen von Benutzern dieser Casinoseiten, bevor Sie sich registrieren oder anmelden.<br \/>\n<a href=\"https:\/\/record.revenueplanet.com\/_BoBybWC_aAPUOsjNOfgKefwM06wa-Rwt\/1\/\" target=\"_new\" rel=\"noopener\"><img loading=\"lazy\" decoding=\"async\" class=\"aligncenter\" style=\"border: none;\" src=\"https:\/\/media.revenueplanet.com\/uploads\/nbb-468x60-nov-generic.gif\" alt=\"BingoBilly Gratis-Bingo\" width=\"468\" height=\"60\" \/><\/a><br \/>\nNur seri\u00f6se und vertrauensw\u00fcrdige Casinos zahlen den vollen Betrag aus, den Sie in einem Spiel gewonnen haben. Das Internet ist \u00fcberschwemmt mit Bingoseiten, und leider gibt es viele betr\u00fcgerische Seiten, die Ihr Geld stehlen und Sie nicht auszahlen, wenn Sie ein Spiel gewonnen haben. Aus diesem Grund sollten Sie bei der Auswahl eines Online-Casinos besonders vorsichtig sein. Bingo-Spiele werden nur zum Spa\u00df gespielt.<\/p>\n<p>Die Regeln und Vorschriften des Spiels sind sehr einfach zu befolgen. Das Bingospiel ist v\u00f6llig vom Gl\u00fcck abh\u00e4ngig. Es gibt kein Element, das das Ergebnis vorhersagen oder das Spiel beeinflussen kann. Sie k\u00f6nnen sich entspannen und das Spiel in aller Ruhe spielen, da keine Entscheidung getroffen werden muss. Online-Bingo hat das Spiel zug\u00e4nglicher gemacht, da Sie es zu Ihrer eigenen Zeit und von jedem Ort aus spielen k\u00f6nnen, der \u00fcber einen Internetanschluss und einen Computer verf\u00fcgt.<\/p>\n<p>Versuchen Sie immer, auf einer Seite zu spielen, die weniger \u00fcberf\u00fcllt ist. Dadurch erh\u00f6hen sich Ihre Gewinnchancen, da Sie gegen eine geringere Anzahl von Spielern antreten m\u00fcssen. Auf einer Website mit einer ausgewogenen Anzahl von Spielern haben Sie bessere Chancen, das Spiel zu gewinnen. Entscheiden Sie sich f\u00fcr Websites, die Chatr\u00e4ume f\u00fcr eine einfache Kommunikation zwischen den Spielern anbieten. Sie k\u00f6nnen sich auch mit anderen Spielern \u00fcber die Karten unterhalten, die sie spielen. Sie k\u00f6nnen auch die Anzahl der Karten erh\u00f6hen, um den Sieg auf Ihre Seite zu bringen.<\/p>\n<p>Vieles h\u00e4ngt auch von der Zeit ab, die Sie zum Spielen w\u00e4hlen. Es hat sich gezeigt, dass Sie zu ungeraden Stunden eine Chance haben zu gewinnen, da zu dieser Zeit nicht viele Spieler online sind. Vermeiden Sie bei Bingospielen mit gro\u00dfen Jackpots immer zu viele Karten. W\u00e4hlen Sie immer die Casinoseiten, die einen hundertprozentigen Einzahlungsbonus anbieten. Heutzutage k\u00f6nnen Sie auch auf Empfehlungsprogramme der Casinoseiten sto\u00dfen. Im Rahmen dieses Programms erhalten Sie kostenloses Bargeld, wenn sich Ihre Empfehlung im Casino anmeldet. Dar\u00fcber hinaus gibt es auch viele Werbeboni, die das Online-Casino von Zeit zu Zeit anbietet.<\/p>\n","protected":false},"excerpt":{"rendered":"<p>Online Bingo spielen mit der richtigen Strategie Dank der Entwicklung des Internets k\u00f6nnen Sie jetzt bequem von zu Hause aus ein unterhaltsames Bingospiel genie\u00dfen. Das Beste daran ist, dass Sie das Spiel spielen k\u00f6nnen, wann immer Sie wollen. Das ist der Grund, warum Online-Bingo bei den Menschen, insbesondere bei den Frauen, so beliebt geworden ist. [&hellip;]<\/p>\n","protected":false},"author":1,"featured_media":0,"parent":8501,"menu_order":3,"comment_status":"closed","ping_status":"closed","template":"","meta":{"footnotes":""},"class_list":["post-6056","page","type-page","status-publish","hentry"],"yoast_head":"<!-- This site is optimized with the Yoast SEO plugin v27.4 - https:\/\/yoast.com\/product\/yoast-seo-wordpress\/ -->\n<title>Spielstrategie f\u00fcr Online Bingo<\/title>\n<meta name=\"description\" content=\"Erh\u00f6hen Sie Ihre Chancen, beim Online-Bingo zu gewinnen, indem Sie die richtige Spielstrategie anwenden.\" \/>\n<meta name=\"robots\" content=\"index, follow, max-snippet:-1, max-image-preview:large, max-video-preview:-1\" \/>\n<link rel=\"canonical\" href=\"https:\/\/gambling6.com\/de\/bingo\/spiel-strategie-fuer-online-bingo\/\" \/>\n<meta property=\"og:locale\" content=\"de_DE\" \/>\n<meta property=\"og:type\" content=\"article\" \/>\n<meta property=\"og:title\" content=\"Spielstrategie f\u00fcr Online Bingo\" \/>\n<meta property=\"og:description\" content=\"Erh\u00f6hen Sie Ihre Chancen, beim Online-Bingo zu gewinnen, indem Sie die richtige Spielstrategie anwenden.\" \/>\n<meta property=\"og:url\" content=\"https:\/\/gambling6.com\/de\/bingo\/spiel-strategie-fuer-online-bingo\/\" \/>\n<meta property=\"og:site_name\" content=\"Gambling6\" \/>\n<meta property=\"article:published_time\" content=\"2022-06-07T08:01:45+00:00\" \/>\n<meta property=\"article:modified_time\" content=\"2025-11-17T16:14:42+00:00\" \/>\n<meta property=\"og:image\" content=\"https:\/\/media.revenueplanet.com\/uploads\/nbb-468x60-nov-generic.gif\" \/>\n<meta name=\"author\" content=\"Catfish\" \/>\n<meta name=\"twitter:card\" content=\"summary_large_image\" \/>\n<meta name=\"twitter:label1\" content=\"Verfasst von\" \/>\n\t<meta name=\"twitter:data1\" content=\"Catfish\" \/>\n\t<meta name=\"twitter:label2\" content=\"Gesch\u00e4tzte Lesezeit\" \/>\n\t<meta name=\"twitter:data2\" content=\"3\u00a0Minuten\" \/>\n<script type=\"application\/ld+json\" class=\"yoast-schema-graph\">{\"@context\":\"https:\\\/\\\/schema.org\",\"@graph\":[{\"@type\":\"Article\",\"@id\":\"https:\\\/\\\/gambling6.com\\\/de\\\/bingo\\\/spiel-strategie-fuer-online-bingo\\\/#article\",\"isPartOf\":{\"@id\":\"https:\\\/\\\/gambling6.com\\\/de\\\/bingo\\\/spiel-strategie-fuer-online-bingo\\\/\"},\"author\":{\"name\":\"Catfish\",\"@id\":\"https:\\\/\\\/gambling6.com\\\/de\\\/#\\\/schema\\\/person\\\/d093de87a44a018ef67117d02d86ddaf\"},\"headline\":\"Spielstrategie f\u00fcr Online Bingo\",\"datePublished\":\"2022-06-07T08:01:45+00:00\",\"dateModified\":\"2025-11-17T16:14:42+00:00\",\"mainEntityOfPage\":{\"@id\":\"https:\\\/\\\/gambling6.com\\\/de\\\/bingo\\\/spiel-strategie-fuer-online-bingo\\\/\"},\"wordCount\":527,\"image\":{\"@id\":\"https:\\\/\\\/gambling6.com\\\/de\\\/bingo\\\/spiel-strategie-fuer-online-bingo\\\/#primaryimage\"},\"thumbnailUrl\":\"https:\\\/\\\/media.revenueplanet.com\\\/uploads\\\/nbb-468x60-nov-generic.gif\",\"articleSection\":[\"Bingo News\"],\"inLanguage\":\"de\"},{\"@type\":\"WebPage\",\"@id\":\"https:\\\/\\\/gambling6.com\\\/de\\\/bingo\\\/spiel-strategie-fuer-online-bingo\\\/\",\"url\":\"https:\\\/\\\/gambling6.com\\\/de\\\/bingo\\\/spiel-strategie-fuer-online-bingo\\\/\",\"name\":\"Spielstrategie f\u00fcr Online Bingo\",\"isPartOf\":{\"@id\":\"https:\\\/\\\/gambling6.com\\\/de\\\/#website\"},\"primaryImageOfPage\":{\"@id\":\"https:\\\/\\\/gambling6.com\\\/de\\\/bingo\\\/spiel-strategie-fuer-online-bingo\\\/#primaryimage\"},\"image\":{\"@id\":\"https:\\\/\\\/gambling6.com\\\/de\\\/bingo\\\/spiel-strategie-fuer-online-bingo\\\/#primaryimage\"},\"thumbnailUrl\":\"https:\\\/\\\/media.revenueplanet.com\\\/uploads\\\/nbb-468x60-nov-generic.gif\",\"datePublished\":\"2022-06-07T08:01:45+00:00\",\"dateModified\":\"2025-11-17T16:14:42+00:00\",\"author\":{\"@id\":\"https:\\\/\\\/gambling6.com\\\/de\\\/#\\\/schema\\\/person\\\/d093de87a44a018ef67117d02d86ddaf\"},\"description\":\"Erh\u00f6hen Sie Ihre Chancen, beim Online-Bingo zu gewinnen, indem Sie die richtige Spielstrategie anwenden.\",\"breadcrumb\":{\"@id\":\"https:\\\/\\\/gambling6.com\\\/de\\\/bingo\\\/spiel-strategie-fuer-online-bingo\\\/#breadcrumb\"},\"inLanguage\":\"de\",\"potentialAction\":[{\"@type\":\"ReadAction\",\"target\":[\"https:\\\/\\\/gambling6.com\\\/de\\\/bingo\\\/spiel-strategie-fuer-online-bingo\\\/\"]}]},{\"@type\":\"ImageObject\",\"inLanguage\":\"de\",\"@id\":\"https:\\\/\\\/gambling6.com\\\/de\\\/bingo\\\/spiel-strategie-fuer-online-bingo\\\/#primaryimage\",\"url\":\"https:\\\/\\\/media.revenueplanet.com\\\/uploads\\\/nbb-468x60-nov-generic.gif\",\"contentUrl\":\"https:\\\/\\\/media.revenueplanet.com\\\/uploads\\\/nbb-468x60-nov-generic.gif\"},{\"@type\":\"BreadcrumbList\",\"@id\":\"https:\\\/\\\/gambling6.com\\\/de\\\/bingo\\\/spiel-strategie-fuer-online-bingo\\\/#breadcrumb\",\"itemListElement\":[{\"@type\":\"ListItem\",\"position\":1,\"name\":\"Home\",\"item\":\"https:\\\/\\\/gambling6.com\\\/de\\\/home\\\/\"},{\"@type\":\"ListItem\",\"position\":2,\"name\":\"Spielstrategie f\u00fcr Online Bingo\"}]},{\"@type\":\"WebSite\",\"@id\":\"https:\\\/\\\/gambling6.com\\\/de\\\/#website\",\"url\":\"https:\\\/\\\/gambling6.com\\\/de\\\/\",\"name\":\"Gambling6\",\"description\":\"\",\"potentialAction\":[{\"@type\":\"SearchAction\",\"target\":{\"@type\":\"EntryPoint\",\"urlTemplate\":\"https:\\\/\\\/gambling6.com\\\/de\\\/?s={search_term_string}\"},\"query-input\":{\"@type\":\"PropertyValueSpecification\",\"valueRequired\":true,\"valueName\":\"search_term_string\"}}],\"inLanguage\":\"de\"},{\"@type\":\"Person\",\"@id\":\"https:\\\/\\\/gambling6.com\\\/de\\\/#\\\/schema\\\/person\\\/d093de87a44a018ef67117d02d86ddaf\",\"name\":\"Catfish\",\"image\":{\"@type\":\"ImageObject\",\"inLanguage\":\"de\",\"@id\":\"https:\\\/\\\/secure.gravatar.com\\\/avatar\\\/32edfa28ccbf005c231538b245a2670a36c7f33f2d3a9ab09e50843b363f2821?s=96&d=mm&r=g\",\"url\":\"https:\\\/\\\/secure.gravatar.com\\\/avatar\\\/32edfa28ccbf005c231538b245a2670a36c7f33f2d3a9ab09e50843b363f2821?s=96&d=mm&r=g\",\"contentUrl\":\"https:\\\/\\\/secure.gravatar.com\\\/avatar\\\/32edfa28ccbf005c231538b245a2670a36c7f33f2d3a9ab09e50843b363f2821?s=96&d=mm&r=g\",\"caption\":\"Catfish\"},\"sameAs\":[\"http:\\\/\\\/gambling6.com\"],\"url\":\"https:\\\/\\\/gambling6.com\\\/de\\\/author\\\/catfish\\\/\"}]}<\/script>\n<!-- \/ Yoast SEO plugin. -->","yoast_head_json":{"title":"Spielstrategie f\u00fcr Online Bingo","description":"Erh\u00f6hen Sie Ihre Chancen, beim Online-Bingo zu gewinnen, indem Sie die richtige Spielstrategie anwenden.","robots":{"index":"index","follow":"follow","max-snippet":"max-snippet:-1","max-image-preview":"max-image-preview:large","max-video-preview":"max-video-preview:-1"},"canonical":"https:\/\/gambling6.com\/de\/bingo\/spiel-strategie-fuer-online-bingo\/","og_locale":"de_DE","og_type":"article","og_title":"Spielstrategie f\u00fcr Online Bingo","og_description":"Erh\u00f6hen Sie Ihre Chancen, beim Online-Bingo zu gewinnen, indem Sie die richtige Spielstrategie anwenden.","og_url":"https:\/\/gambling6.com\/de\/bingo\/spiel-strategie-fuer-online-bingo\/","og_site_name":"Gambling6","article_published_time":"2022-06-07T08:01:45+00:00","article_modified_time":"2025-11-17T16:14:42+00:00","og_image":[{"url":"https:\/\/media.revenueplanet.com\/uploads\/nbb-468x60-nov-generic.gif","type":"","width":"","height":""}],"author":"Catfish","twitter_card":"summary_large_image","twitter_misc":{"Verfasst von":"Catfish","Gesch\u00e4tzte Lesezeit":"3\u00a0Minuten"},"schema":{"@context":"https:\/\/schema.org","@graph":[{"@type":"Article","@id":"https:\/\/gambling6.com\/de\/bingo\/spiel-strategie-fuer-online-bingo\/#article","isPartOf":{"@id":"https:\/\/gambling6.com\/de\/bingo\/spiel-strategie-fuer-online-bingo\/"},"author":{"name":"Catfish","@id":"https:\/\/gambling6.com\/de\/#\/schema\/person\/d093de87a44a018ef67117d02d86ddaf"},"headline":"Spielstrategie f\u00fcr Online Bingo","datePublished":"2022-06-07T08:01:45+00:00","dateModified":"2025-11-17T16:14:42+00:00","mainEntityOfPage":{"@id":"https:\/\/gambling6.com\/de\/bingo\/spiel-strategie-fuer-online-bingo\/"},"wordCount":527,"image":{"@id":"https:\/\/gambling6.com\/de\/bingo\/spiel-strategie-fuer-online-bingo\/#primaryimage"},"thumbnailUrl":"https:\/\/media.revenueplanet.com\/uploads\/nbb-468x60-nov-generic.gif","articleSection":["Bingo News"],"inLanguage":"de"},{"@type":"WebPage","@id":"https:\/\/gambling6.com\/de\/bingo\/spiel-strategie-fuer-online-bingo\/","url":"https:\/\/gambling6.com\/de\/bingo\/spiel-strategie-fuer-online-bingo\/","name":"Spielstrategie f\u00fcr Online Bingo","isPartOf":{"@id":"https:\/\/gambling6.com\/de\/#website"},"primaryImageOfPage":{"@id":"https:\/\/gambling6.com\/de\/bingo\/spiel-strategie-fuer-online-bingo\/#primaryimage"},"image":{"@id":"https:\/\/gambling6.com\/de\/bingo\/spiel-strategie-fuer-online-bingo\/#primaryimage"},"thumbnailUrl":"https:\/\/media.revenueplanet.com\/uploads\/nbb-468x60-nov-generic.gif","datePublished":"2022-06-07T08:01:45+00:00","dateModified":"2025-11-17T16:14:42+00:00","author":{"@id":"https:\/\/gambling6.com\/de\/#\/schema\/person\/d093de87a44a018ef67117d02d86ddaf"},"description":"Erh\u00f6hen Sie Ihre Chancen, beim Online-Bingo zu gewinnen, indem Sie die richtige Spielstrategie anwenden.","breadcrumb":{"@id":"https:\/\/gambling6.com\/de\/bingo\/spiel-strategie-fuer-online-bingo\/#breadcrumb"},"inLanguage":"de","potentialAction":[{"@type":"ReadAction","target":["https:\/\/gambling6.com\/de\/bingo\/spiel-strategie-fuer-online-bingo\/"]}]},{"@type":"ImageObject","inLanguage":"de","@id":"https:\/\/gambling6.com\/de\/bingo\/spiel-strategie-fuer-online-bingo\/#primaryimage","url":"https:\/\/media.revenueplanet.com\/uploads\/nbb-468x60-nov-generic.gif","contentUrl":"https:\/\/media.revenueplanet.com\/uploads\/nbb-468x60-nov-generic.gif"},{"@type":"BreadcrumbList","@id":"https:\/\/gambling6.com\/de\/bingo\/spiel-strategie-fuer-online-bingo\/#breadcrumb","itemListElement":[{"@type":"ListItem","position":1,"name":"Home","item":"https:\/\/gambling6.com\/de\/home\/"},{"@type":"ListItem","position":2,"name":"Spielstrategie f\u00fcr Online Bingo"}]},{"@type":"WebSite","@id":"https:\/\/gambling6.com\/de\/#website","url":"https:\/\/gambling6.com\/de\/","name":"Gambling6","description":"","potentialAction":[{"@type":"SearchAction","target":{"@type":"EntryPoint","urlTemplate":"https:\/\/gambling6.com\/de\/?s={search_term_string}"},"query-input":{"@type":"PropertyValueSpecification","valueRequired":true,"valueName":"search_term_string"}}],"inLanguage":"de"},{"@type":"Person","@id":"https:\/\/gambling6.com\/de\/#\/schema\/person\/d093de87a44a018ef67117d02d86ddaf","name":"Catfish","image":{"@type":"ImageObject","inLanguage":"de","@id":"https:\/\/secure.gravatar.com\/avatar\/32edfa28ccbf005c231538b245a2670a36c7f33f2d3a9ab09e50843b363f2821?s=96&d=mm&r=g","url":"https:\/\/secure.gravatar.com\/avatar\/32edfa28ccbf005c231538b245a2670a36c7f33f2d3a9ab09e50843b363f2821?s=96&d=mm&r=g","contentUrl":"https:\/\/secure.gravatar.com\/avatar\/32edfa28ccbf005c231538b245a2670a36c7f33f2d3a9ab09e50843b363f2821?s=96&d=mm&r=g","caption":"Catfish"},"sameAs":["http:\/\/gambling6.com"],"url":"https:\/\/gambling6.com\/de\/author\/catfish\/"}]}},"_links":{"self":[{"href":"https:\/\/gambling6.com\/de\/wp-json\/wp\/v2\/pages\/6056","targetHints":{"allow":["GET"]}}],"collection":[{"href":"https:\/\/gambling6.com\/de\/wp-json\/wp\/v2\/pages"}],"about":[{"href":"https:\/\/gambling6.com\/de\/wp-json\/wp\/v2\/types\/page"}],"author":[{"embeddable":true,"href":"https:\/\/gambling6.com\/de\/wp-json\/wp\/v2\/users\/1"}],"replies":[{"embeddable":true,"href":"https:\/\/gambling6.com\/de\/wp-json\/wp\/v2\/comments?post=6056"}],"version-history":[{"count":2,"href":"https:\/\/gambling6.com\/de\/wp-json\/wp\/v2\/pages\/6056\/revisions"}],"predecessor-version":[{"id":6058,"href":"https:\/\/gambling6.com\/de\/wp-json\/wp\/v2\/pages\/6056\/revisions\/6058"}],"up":[{"embeddable":true,"href":"https:\/\/gambling6.com\/de\/wp-json\/wp\/v2\/pages\/8501"}],"wp:attachment":[{"href":"https:\/\/gambling6.com\/de\/wp-json\/wp\/v2\/media?parent=6056"}],"curies":[{"name":"wp","href":"https:\/\/api.w.org\/{rel}","templated":true}]}}