{"id":8097,"date":"2025-10-29T09:40:40","date_gmt":"2025-10-29T09:40:40","guid":{"rendered":"https:\/\/gambling6.com\/?page_id=8097"},"modified":"2025-10-29T11:17:07","modified_gmt":"2025-10-29T11:17:07","slug":"home","status":"publish","type":"page","link":"https:\/\/gambling6.com\/de\/","title":{"rendered":"Home"},"content":{"rendered":"<h1>Willkommen bei Gambling6 \u2013 Informationen rund um das Gl\u00fccksspiel um Geld<\/h1>\n<p><img loading=\"lazy\" decoding=\"async\" class=\" wp-image-2679 alignright\" src=\"https:\/\/gambling6.com\/wp-content\/uploads\/2022\/04\/1_win_lottery_online1.jpg\" alt=\"online um Geld spielen\" width=\"253\" height=\"168\" \/><br \/>\nF\u00fcr viele Menschen mag die Welt des Online-Gl\u00fccksspiels mit echtem Geld be\u00e4ngstigend erscheinen und etwas sein, das sie nur ungern ausprobieren m\u00f6chten. Sie m\u00f6gen Gl\u00fccksspiele im Allgemeinen, fragen sich jedoch, ob Online-Gl\u00fccksspielseiten vertrauensw\u00fcrdig sind. Heute ist es jedoch eine der einfachsten M\u00f6glichkeiten, all Ihre Lieblings-Casinospiele zu genie\u00dfen, auch wenn Sie nicht in der N\u00e4he eines Casinos wohnen.<\/p>\n<p>Online-Gl\u00fccksspiel-Websites haben eine M\u00f6glichkeit geschaffen, Poker, Blackjack, Roulette, Videopoker, Spielautomaten, Bingo, Rubbellose und Sportwetten zu spielen, und jetzt k\u00f6nnen Sie sogar online an den gro\u00dfen Lotto-Jackpots der Welt teilnehmen \u2013 ohne jemals den Komfort Ihres eigenen Zuhauses verlassen zu m\u00fcssen.<\/p>\n<p>Jeder liebt Casino-Websites mit schneller Auszahlung, und wenn Sie gerne spielen, sollten Sie sich informieren, worum es dabei geht, und herausfinden, wie Sie mit den vielen Online-Gl\u00fccksspiel-Websites beginnen k\u00f6nnen, die es gibt. Wenn Sie den Ratschl\u00e4gen einer Online-Gl\u00fccksspiel-Informationsseite wie unserer folgen, k\u00f6nnen Sie einen guten Anbieter ausw\u00e4hlen und sicherstellen, dass Sie eine gro\u00dfartige Erfahrung machen. Falls Sie sofort loslegen m\u00f6chten, sind dies meine pers\u00f6nlichen Empfehlungen:<\/p>\n<h2>Beste Allround-Gl\u00fccksspielseite<\/h2>\n<p>Ich pers\u00f6nlich mag es, alle meine Online-Gl\u00fccksspiele unter einem Dach zu machen, ohne auf verschiedenen Seiten Einzahlungen machen zu m\u00fcssen. Deshalb ist meine Lieblings-Allround-Seite 888 \u2013 ein tolles Online-Casino mit den coolsten Spielautomaten, die ich je gesehen habe, und einem super Online-Pokerraum.<\/p>\n<p>Die Auswahl an Casinospielen, darunter Blackjack, Roulette und mehr, l\u00e4sst keine W\u00fcnsche offen. Wenn Sie auf der Suche nach einem realistischen Bingo- oder Rubbellos-Erlebnis sind, gibt es nichts Besseres als 888.<\/p>\n<p>Und dann gibt es noch den Bereich f\u00fcr Sportwetten, der eine gro\u00dfe Auswahl an Veranstaltungen zum Wetten und die besten Quoten bietet, die Sie im Internet finden k\u00f6nnen. Sie k\u00f6nnen sogar auf Finanzdaten wie wichtige Aktienindizes und Wechselkurse wetten! <a class=\"thirstylink\" title=\"888 casino en\" href=\"https:\/\/gambling6.com\/go\/888-casino-en\/\" target=\"_blank\" rel=\"nofollow noopener\">Nutzen Sie diesen Link, um noch heute zu 888 zu gelangen<\/a>, und Sie erhalten einen Bonus von bis zu 1500 \u20ac auf Ihre erste Einzahlung.<\/p>\n<h2>Beste Allround-Gl\u00fccksspielseite f\u00fcr US-B\u00fcrger<\/h2>\n<p>Wenn Sie in den USA leben, sind Ihre M\u00f6glichkeiten begrenzt, und einige der Anbieter, die US-Kunden akzeptieren, sind etwas zwielichtig, sodass Sie bei der Auswahl vorsichtig sein m\u00fcssen.<\/p>\n<p>Eine Website sticht jedoch aus der Masse hervor, und zwar <a class=\"thirstylink\" title=\"Betonline casino en\" href=\"https:\/\/gambling6.com\/go\/betonline-casino-en\/\" target=\"_blank\" rel=\"nofollow noopener\">Betonline \u2013 hier k\u00f6nnen Sie Online-Poker, Casinospiele, Slots, Roulette und Blackjack spielen<\/a> sowie Sportwetten abschlie\u00dfen. Sie akzeptieren Spieler aus den USA, und es gibt mehrere M\u00f6glichkeiten, Geld auf Ihr Konto einzuzahlen und Ihre Gewinne auszuzahlen.<\/p>\n<h2>Gambling6 \u2013 die sechs beliebtesten Formen des Online-Gl\u00fccksspiels<\/h2>\n<p>Auf Gambling6.com finden Sie Informationen zu folgenden Themen:<\/p>\n<ul>\n<li>Casinospiele, darunter Blackjack, Roulette, Craps, Videopoker, Spielautomaten usw.<\/li>\n<li>Poker in allen Varianten<\/li>\n<li>Online-Bingo<\/li>\n<li>Online-Rubbellose<\/li>\n<li>Sportwetten und Wetten auf andere Ereignisse<\/li>\n<li>Wie Sie online ein Los f\u00fcr eine Lotterie au\u00dferhalb Ihres Wohnsitzlandes erwerben k\u00f6nnen<\/li>\n<\/ul>\n<h2>Wie w\u00e4re es mit Lotteriespa\u00df und Jackpots von Weltklasse, zum Teil in H\u00f6he von Milliarden?<\/h2>\n<p>Angenommen, Sie sind ein Lottofan und m\u00f6chten sich nicht auf Ihr lokales Lotto beschr\u00e4nken. Dann haben wir gute Nachrichten f\u00fcr Sie: Jetzt k\u00f6nnen Sie Ihr Gl\u00fcck bei jedem Lotto-Jackpot weltweit versuchen \u2013 mit RedFoxLotto k\u00f6nnen Sie online Lottolose f\u00fcr die gr\u00f6\u00dften Lotto-Jackpots der Welt kaufen, wie Mega Millions, Powerball, El Gordo, EuroMillions und vieles mehr. <a href=\"https:\/\/redfoxlotto.com\/de\">Klicken Sie hier, um zu sehen, welches Lotto den gr\u00f6\u00dften Jackpot zu bieten hat, und sichern Sie sich innerhalb von Sekunden ein Los!<\/a><\/p>\n<h2>H\u00e4ufig gestellte Fragen zu Online-Casinos<\/h2>\n<p>Wenn Sie neu in der Welt der Online-Casinos sind, haben Sie wahrscheinlich Fragen zum Online-Spielen und dazu, wie alles funktioniert. Einige Ihrer Fragen sind dieselben, die auch viele andere neue Online-Casino-Spieler haben. Diese Fragen wurden in diesem FAQ-Bereich beantwortet und helfen Ihnen beim Einstieg.<\/p>\n<p><strong>Muss ich ein bestimmtes Alter haben, um in einem Online-Casino spielen zu d\u00fcrfen?<\/strong><\/p>\n<p>Jedes Online-Casino legt seine eigenen Regeln und Richtlinien fest. Die meisten verlangen jedoch, dass Spieler mindestens 18 oder 21 Jahre alt sind, um an Echtgeld-Casinospielen teilnehmen zu k\u00f6nnen.<\/p>\n<p><strong>Muss ich etwas auf meinen Computer herunterladen, um Online-Casinospiele zu spielen?<\/strong><\/p>\n<p>Bei vielen Online-Casinos k\u00f6nnen Sie im Sofortspielmodus spielen. Wenn Sie sich f\u00fcr den Sofortspielmodus entscheiden, m\u00fcssen Sie keine Software auf Ihren Computer herunterladen.<\/p>\n<p><strong>Wie schwierig ist es, sich bei einem Online-Casino zu registrieren?<\/strong><\/p>\n<p>Der Vorgang ist eigentlich sehr einfach. Sie m\u00fcssen einige grundlegende Informationen \u00fcber sich selbst eingeben und die Software herunterladen und installieren, wenn Sie Spiele spielen m\u00f6chten, f\u00fcr die ein Download erforderlich ist. Der gesamte Vorgang dauert nur wenige Minuten.<\/p>\n<p><strong>Muss ich sofort Geld einzahlen?<\/strong><\/p>\n<p>Bei den meisten Casinos k\u00f6nnen Sie die Spiele ohne Einzahlung ausprobieren. Einige bieten Ihnen Freispiele an oder lassen Sie f\u00fcr einen bestimmten Zeitraum kostenlos spielen. Oft k\u00f6nnen Sie Ihre Gewinne aus dieser Zeit sogar behalten, wenn Sie sp\u00e4ter eine Einzahlung mit echtem Geld t\u00e4tigen!<\/p>\n<p><strong>Was hat es mit den Boni auf sich?<\/strong><\/p>\n<p>Die meisten Online-Casinos nutzen Boni, um Spieler zum Spielen und zur R\u00fcckkehr zu animieren. Einige der Boni sind Hunderte oder sogar Tausende von Dollar wert. In den meisten F\u00e4llen m\u00fcssen Sie die Boni freispielen, bevor Sie darauf zugreifen k\u00f6nnen. Anweisungen zum Freispielen des Bonus finden Sie im Online-Casino, das den Bonus anbietet.<\/p>\n<p><strong>Welche Spiele kann ich in einem Online-Casino spielen?<\/strong><\/p>\n<p>Jedes Online-Casino bietet seine eigene Auswahl an Spielen an. Zu den g\u00e4ngigsten Spielen geh\u00f6ren jedoch Video-Slots, Spielautomaten, Roulette, Craps, Blackjack, Poker und sogar Lotterien aus aller Welt.<\/p>\n<p><strong>Wie viel Geld kann ich wirklich gewinnen, wenn ich in einem Online-Casino spiele?<\/strong><\/p>\n<p>Zun\u00e4chst einmal ist es nicht garantiert, dass Sie \u00fcberhaupt etwas gewinnen. Es gibt jedoch viel Geld zu gewinnen. Sie finden Millionen-Dollar-Jackpots an Spielautomaten, Pokerturniere mit einem garantierten Preisgeld von 1 Million Dollar oder mehr usw. Tats\u00e4chlich haben die meisten Online-Casinos bessere Auszahlungsquoten als landbasierte Casinos. Das liegt daran, dass sie geringere Betriebskosten haben und es sich leisten k\u00f6nnen, einen h\u00f6heren Anteil der Eins\u00e4tze auszuzahlen.<\/p>\n","protected":false},"excerpt":{"rendered":"<p>Willkommen bei Gambling6 \u2013 Informationen rund um das Gl\u00fccksspiel um Geld F\u00fcr viele Menschen mag die Welt des Online-Gl\u00fccksspiels mit echtem Geld be\u00e4ngstigend erscheinen und etwas sein, das sie nur ungern ausprobieren m\u00f6chten. Sie m\u00f6gen Gl\u00fccksspiele im Allgemeinen, fragen sich jedoch, ob Online-Gl\u00fccksspielseiten vertrauensw\u00fcrdig sind. Heute ist es jedoch eine der einfachsten M\u00f6glichkeiten, all Ihre [&hellip;]<\/p>\n","protected":false},"author":1,"featured_media":0,"parent":0,"menu_order":1,"comment_status":"closed","ping_status":"closed","template":"","meta":{"footnotes":""},"class_list":["post-8097","page","type-page","status-publish","hentry"],"yoast_head":"<!-- This site is optimized with the Yoast SEO plugin v27.4 - https:\/\/yoast.com\/product\/yoast-seo-wordpress\/ -->\n<title>Das beste Online-Gl\u00fccksspiel um Geld | Willkommen bei Gambling6<\/title>\n<meta name=\"description\" content=\"Wenn Sie gerne um Geld spielen, finden Sie auf unserer Gl\u00fccksspiel-Informationsseite alle Informationen, die Sie zu den 6 beliebtesten Online-Spielen ben\u00f6tigen.\" \/>\n<meta name=\"robots\" content=\"index, follow, max-snippet:-1, max-image-preview:large, max-video-preview:-1\" \/>\n<link rel=\"canonical\" href=\"https:\/\/gambling6.com\/de\/\" \/>\n<meta property=\"og:locale\" content=\"de_DE\" \/>\n<meta property=\"og:type\" content=\"article\" \/>\n<meta property=\"og:title\" content=\"Das beste Online-Gl\u00fccksspiel um Geld | Willkommen bei Gambling6\" \/>\n<meta property=\"og:description\" content=\"Wenn Sie gerne um Geld spielen, finden Sie auf unserer Gl\u00fccksspiel-Informationsseite alle Informationen, die Sie zu den 6 beliebtesten Online-Spielen ben\u00f6tigen.\" \/>\n<meta property=\"og:url\" content=\"https:\/\/gambling6.com\/de\/\" \/>\n<meta property=\"og:site_name\" content=\"Gambling6\" \/>\n<meta property=\"article:modified_time\" content=\"2025-10-29T11:17:07+00:00\" \/>\n<meta property=\"og:image\" content=\"https:\/\/gambling6.com\/wp-content\/uploads\/2022\/04\/1_win_lottery_online1.jpg\" \/>\n\t<meta property=\"og:image:width\" content=\"300\" \/>\n\t<meta property=\"og:image:height\" content=\"199\" \/>\n\t<meta property=\"og:image:type\" content=\"image\/jpeg\" \/>\n<meta name=\"twitter:card\" content=\"summary_large_image\" \/>\n<meta name=\"twitter:label1\" content=\"Gesch\u00e4tzte Lesezeit\" \/>\n\t<meta name=\"twitter:data1\" content=\"5\u00a0Minuten\" \/>\n<script type=\"application\/ld+json\" class=\"yoast-schema-graph\">{\"@context\":\"https:\\\/\\\/schema.org\",\"@graph\":[{\"@type\":\"WebPage\",\"@id\":\"https:\\\/\\\/gambling6.com\\\/de\\\/\",\"url\":\"https:\\\/\\\/gambling6.com\\\/de\\\/\",\"name\":\"Das beste Online-Gl\u00fccksspiel um Geld | Willkommen bei Gambling6\",\"isPartOf\":{\"@id\":\"https:\\\/\\\/gambling6.com\\\/de\\\/#website\"},\"primaryImageOfPage\":{\"@id\":\"https:\\\/\\\/gambling6.com\\\/de\\\/#primaryimage\"},\"image\":{\"@id\":\"https:\\\/\\\/gambling6.com\\\/de\\\/#primaryimage\"},\"thumbnailUrl\":\"https:\\\/\\\/gambling6.com\\\/wp-content\\\/uploads\\\/2022\\\/04\\\/1_win_lottery_online1.jpg\",\"datePublished\":\"2025-10-29T09:40:40+00:00\",\"dateModified\":\"2025-10-29T11:17:07+00:00\",\"description\":\"Wenn Sie gerne um Geld spielen, finden Sie auf unserer Gl\u00fccksspiel-Informationsseite alle Informationen, die Sie zu den 6 beliebtesten Online-Spielen ben\u00f6tigen.\",\"breadcrumb\":{\"@id\":\"https:\\\/\\\/gambling6.com\\\/de\\\/#breadcrumb\"},\"inLanguage\":\"de\",\"potentialAction\":[{\"@type\":\"ReadAction\",\"target\":[\"https:\\\/\\\/gambling6.com\\\/de\\\/\"]}]},{\"@type\":\"ImageObject\",\"inLanguage\":\"de\",\"@id\":\"https:\\\/\\\/gambling6.com\\\/de\\\/#primaryimage\",\"url\":\"https:\\\/\\\/gambling6.com\\\/wp-content\\\/uploads\\\/2022\\\/04\\\/1_win_lottery_online1.jpg\",\"contentUrl\":\"https:\\\/\\\/gambling6.com\\\/wp-content\\\/uploads\\\/2022\\\/04\\\/1_win_lottery_online1.jpg\"},{\"@type\":\"BreadcrumbList\",\"@id\":\"https:\\\/\\\/gambling6.com\\\/de\\\/#breadcrumb\",\"itemListElement\":[{\"@type\":\"ListItem\",\"position\":1,\"name\":\"Home\",\"item\":\"https:\\\/\\\/gambling6.com\\\/de\\\/home\\\/\"},{\"@type\":\"ListItem\",\"position\":2,\"name\":\"Home\"}]},{\"@type\":\"WebSite\",\"@id\":\"https:\\\/\\\/gambling6.com\\\/de\\\/#website\",\"url\":\"https:\\\/\\\/gambling6.com\\\/de\\\/\",\"name\":\"Gambling6\",\"description\":\"\",\"potentialAction\":[{\"@type\":\"SearchAction\",\"target\":{\"@type\":\"EntryPoint\",\"urlTemplate\":\"https:\\\/\\\/gambling6.com\\\/de\\\/?s={search_term_string}\"},\"query-input\":{\"@type\":\"PropertyValueSpecification\",\"valueRequired\":true,\"valueName\":\"search_term_string\"}}],\"inLanguage\":\"de\"}]}<\/script>\n<!-- \/ Yoast SEO plugin. -->","yoast_head_json":{"title":"Das beste Online-Gl\u00fccksspiel um Geld | Willkommen bei Gambling6","description":"Wenn Sie gerne um Geld spielen, finden Sie auf unserer Gl\u00fccksspiel-Informationsseite alle Informationen, die Sie zu den 6 beliebtesten Online-Spielen ben\u00f6tigen.","robots":{"index":"index","follow":"follow","max-snippet":"max-snippet:-1","max-image-preview":"max-image-preview:large","max-video-preview":"max-video-preview:-1"},"canonical":"https:\/\/gambling6.com\/de\/","og_locale":"de_DE","og_type":"article","og_title":"Das beste Online-Gl\u00fccksspiel um Geld | Willkommen bei Gambling6","og_description":"Wenn Sie gerne um Geld spielen, finden Sie auf unserer Gl\u00fccksspiel-Informationsseite alle Informationen, die Sie zu den 6 beliebtesten Online-Spielen ben\u00f6tigen.","og_url":"https:\/\/gambling6.com\/de\/","og_site_name":"Gambling6","article_modified_time":"2025-10-29T11:17:07+00:00","og_image":[{"width":300,"height":199,"url":"https:\/\/gambling6.com\/wp-content\/uploads\/2022\/04\/1_win_lottery_online1.jpg","type":"image\/jpeg"}],"twitter_card":"summary_large_image","twitter_misc":{"Gesch\u00e4tzte Lesezeit":"5\u00a0Minuten"},"schema":{"@context":"https:\/\/schema.org","@graph":[{"@type":"WebPage","@id":"https:\/\/gambling6.com\/de\/","url":"https:\/\/gambling6.com\/de\/","name":"Das beste Online-Gl\u00fccksspiel um Geld | Willkommen bei Gambling6","isPartOf":{"@id":"https:\/\/gambling6.com\/de\/#website"},"primaryImageOfPage":{"@id":"https:\/\/gambling6.com\/de\/#primaryimage"},"image":{"@id":"https:\/\/gambling6.com\/de\/#primaryimage"},"thumbnailUrl":"https:\/\/gambling6.com\/wp-content\/uploads\/2022\/04\/1_win_lottery_online1.jpg","datePublished":"2025-10-29T09:40:40+00:00","dateModified":"2025-10-29T11:17:07+00:00","description":"Wenn Sie gerne um Geld spielen, finden Sie auf unserer Gl\u00fccksspiel-Informationsseite alle Informationen, die Sie zu den 6 beliebtesten Online-Spielen ben\u00f6tigen.","breadcrumb":{"@id":"https:\/\/gambling6.com\/de\/#breadcrumb"},"inLanguage":"de","potentialAction":[{"@type":"ReadAction","target":["https:\/\/gambling6.com\/de\/"]}]},{"@type":"ImageObject","inLanguage":"de","@id":"https:\/\/gambling6.com\/de\/#primaryimage","url":"https:\/\/gambling6.com\/wp-content\/uploads\/2022\/04\/1_win_lottery_online1.jpg","contentUrl":"https:\/\/gambling6.com\/wp-content\/uploads\/2022\/04\/1_win_lottery_online1.jpg"},{"@type":"BreadcrumbList","@id":"https:\/\/gambling6.com\/de\/#breadcrumb","itemListElement":[{"@type":"ListItem","position":1,"name":"Home","item":"https:\/\/gambling6.com\/de\/home\/"},{"@type":"ListItem","position":2,"name":"Home"}]},{"@type":"WebSite","@id":"https:\/\/gambling6.com\/de\/#website","url":"https:\/\/gambling6.com\/de\/","name":"Gambling6","description":"","potentialAction":[{"@type":"SearchAction","target":{"@type":"EntryPoint","urlTemplate":"https:\/\/gambling6.com\/de\/?s={search_term_string}"},"query-input":{"@type":"PropertyValueSpecification","valueRequired":true,"valueName":"search_term_string"}}],"inLanguage":"de"}]}},"_links":{"self":[{"href":"https:\/\/gambling6.com\/de\/wp-json\/wp\/v2\/pages\/8097","targetHints":{"allow":["GET"]}}],"collection":[{"href":"https:\/\/gambling6.com\/de\/wp-json\/wp\/v2\/pages"}],"about":[{"href":"https:\/\/gambling6.com\/de\/wp-json\/wp\/v2\/types\/page"}],"author":[{"embeddable":true,"href":"https:\/\/gambling6.com\/de\/wp-json\/wp\/v2\/users\/1"}],"replies":[{"embeddable":true,"href":"https:\/\/gambling6.com\/de\/wp-json\/wp\/v2\/comments?post=8097"}],"version-history":[{"count":4,"href":"https:\/\/gambling6.com\/de\/wp-json\/wp\/v2\/pages\/8097\/revisions"}],"predecessor-version":[{"id":8122,"href":"https:\/\/gambling6.com\/de\/wp-json\/wp\/v2\/pages\/8097\/revisions\/8122"}],"wp:attachment":[{"href":"https:\/\/gambling6.com\/de\/wp-json\/wp\/v2\/media?parent=8097"}],"curies":[{"name":"wp","href":"https:\/\/api.w.org\/{rel}","templated":true}]}}