{"id":8306,"date":"2025-11-07T09:22:06","date_gmt":"2025-11-07T09:22:06","guid":{"rendered":"https:\/\/gambling6.com\/kasino\/"},"modified":"2025-11-12T15:37:08","modified_gmt":"2025-11-12T15:37:08","slug":"kasino","status":"publish","type":"page","link":"https:\/\/gambling6.com\/de\/kasino\/","title":{"rendered":"Kasino"},"content":{"rendered":"<h2>Online-Casino-Einf\u00fchrungsleitfaden<\/h2>\n<p>Seien wir ehrlich \u2013 Online-Casinos sind gekommen, um zu bleiben. Angesichts ihrer steigenden Beliebtheit ist klar: Spieler lieben sie. Online-Gl\u00fccksspiel mit Echtgeld macht allen Spa\u00df, sobald sie angefangen haben, und sie wollen mehr. Fast t\u00e4glich wechseln in diesen Echtgeld-Casinos gro\u00dfe Summen den Besitzer. Ob Ein- oder Auszahlungen, alles l\u00e4uft blitzschnell \u00fcber das Internet ab.<\/p>\n<p>Doch genau hier werden viele Spieler etwas nerv\u00f6s. Weniger die Karten- oder Spielautomatenkombinationen selbst, sondern vielmehr die Zahlungsmethoden und deren Sicherheit bereiten ihnen Sorgen. Und das ist verst\u00e4ndlich. Internettransaktionen k\u00f6nnen viel \u00c4rger verursachen, wenn man nicht vorsichtig genug ist.<\/p>\n<p>Deshalb bem\u00fchen sich viele Online-Casinos sehr darum, ihre Kunden davon zu \u00fcberzeugen, dass die <strong>auf ihren Seiten angebotenen Zahlungsmethoden sicher sind.<\/strong> Es ist in der Tat ratsam, bei Online-Transaktionen wachsam zu sein. Schlie\u00dflich m\u00f6chte niemand, dass seine Kreditkartendaten in die falschen H\u00e4nde geraten. Das Internet ist leider voller Hacker und Betr\u00fcger, und Sie m\u00f6chten sicher nicht deren n\u00e4chstes Opfer werden. Am besten informieren Sie sich \u00fcber die verschiedenen Online-Zahlungsmethoden.<\/p>\n<p>Online-Casinos bieten zahlreiche sichere Zahlungswege f\u00fcr Ihr Spiel an. Zahlungen mit Kredit- oder Debitkarten sind in Online-Casinos weit verbreitet. Fast alle Casinos akzeptieren Visa, Mastercard und American Express. Sie k\u00f6nnen jede dieser Karten f\u00fcr Transaktionen verwenden.<\/p>\n<h2>Online-Casinos f\u00fcr US-Kunden<\/h2>\n<p><img loading=\"lazy\" decoding=\"async\" class=\" wp-image-2901 alignright\" src=\"https:\/\/gambling6.com\/wp-content\/uploads\/2022\/04\/download-image2-300x190.jpg\" alt=\"Online-Casino herunterladen\n\" width=\"249\" height=\"158\" srcset=\"https:\/\/gambling6.com\/wp-content\/uploads\/2022\/04\/download-image2-300x190.jpg 300w, https:\/\/gambling6.com\/wp-content\/uploads\/2022\/04\/download-image2.jpg 435w\" sizes=\"auto, (max-width: 249px) 100vw, 249px\" \/>Wenn Sie in den USA wohnen, sind Ihre M\u00f6glichkeiten bei Online-Casinos aufgrund der US-Gesetzgebung etwas eingeschr\u00e4nkt. Das Gleiche gilt f\u00fcr die verf\u00fcgbaren Zahlungsmethoden. Daher sollten Sie als US-B\u00fcrger ein Casino mit bequemen Ein- und Auszahlungsmethoden w\u00e4hlen, um mit dem Online-Gl\u00fccksspiel zu beginnen.<\/p>\n<p>Besonders in puncto einfacher Zahlungsabwicklung sticht das BetOnline Casino hervor, weshalb wir es Besuchern aus den USA w\u00e4rmstens empfehlen. <a class=\"thirstylink\" title=\"Betonline casino en\" href=\"https:\/\/gambling6.com\/go\/betonline-casino-en\/\" target=\"_blank\" rel=\"nofollow noopener\"><strong>Klicken Sie <\/strong><strong>hier, um das Casino jetzt zu besuchen.<\/strong><\/a><\/p>\n<p>Auch wenn es selbstverst\u00e4ndlich erscheint: Bevor Sie Ihre Kreditkartendaten eingeben, vergewissern Sie sich, dass Sie den Zweck der Transaktion kennen und der Website vertrauen. Alternativ k\u00f6nnen Sie auch andere Online-Zahlungsmethoden nutzen. Zahlreiche Online-Portale bieten diese M\u00f6glichkeit an. Es stimmt, dass Casinos ihre bevorzugten Online-Zahlungsmethoden haben, aber einige sind beliebter als andere.<\/p>\n<p>Zu diesen Online-Zahlungsmethoden geh\u00f6ren Neteller, Money Transfer, eWalletXpress, PayPal, Instadebit und Moneybookers. Moneybookers ist in europ\u00e4ischen L\u00e4ndern, einschlie\u00dflich Gro\u00dfbritannien, sehr beliebt. Diese M\u00f6glichkeit hat viele Europ\u00e4er zu begeisterten Online-Casino-Nutzern gemacht.<\/p>\n<h2>Casinos, die Zahlungen via PayPal akzeptieren<\/h2>\n<p>Wenn Sie mit PayPal vertraut sind, k\u00f6nnen Sie es problemlos f\u00fcr Ihre Online-Spiele nutzen. Sie m\u00fcssen lediglich Ihren Namen registrieren und Ihre Kreditkarte mit Ihrem Konto verkn\u00fcpfen. Diese Zahlungsmethode wird von den meisten Casinos und Online-Gl\u00fccksspielseiten akzeptiert. Wenn Sie beim Online-Gl\u00fccksspiel anonym bleiben m\u00f6chten, ist eWalletXpress die beste Wahl. Neben Sicherheit und Datenschutz erm\u00f6glicht diese Seite den Einzahlern, anonym zu bleiben. Es handelt sich um eine schnelle Transaktionsmethode, die von den meisten Online-Casinos akzeptiert wird.<\/p>\n<p>Dank der Beliebtheit von Online-Transaktionen, einschlie\u00dflich Online-Gl\u00fccksspiel, hat PayPal viel Aufmerksamkeit erregt. Es scheint, dass nur wenige Casinos dieser Seite aufgrund ihrer sicheren Zahlungsmethoden vertrauen.<\/p>\n<p>888 Casino bietet allen Spielern mit Wohnsitz in Gro\u00dfbritannien und Irland die M\u00f6glichkeit, mit PayPal zu bezahlen. Sollten Sie in Australien wohnen und auf dieser Seite spielen wollen, k\u00f6nnen Sie Ihre Transaktionen mit Mastercard durchf\u00fchren. Neben den beiden genannten L\u00e4ndern werden auch Spieler aus Spanien, Portugal, Italien, \u00d6sterreich, Finnland, Schweden und D\u00e4nemark \u00fcber dieses Online-Zahlungssystem bedient.<\/p>\n<p>Aktuell bietet 888 Casino ein tolles Angebot f\u00fcr Neukunden: <strong>100 % Bonus bis zu 1.500 \u20ac auf Ihre erste Einzahlung!<\/strong> Dieses Angebot gilt nur f\u00fcr Einwohner bestimmter L\u00e4nder. <a class=\"thirstylink\" title=\"888 casino en\" href=\"https:\/\/gambling6.com\/go\/888-casino-en\/\" target=\"_blank\" rel=\"nofollow noopener\">Weitere Informationen finden Sie auf der 888-Website.<\/a><\/p>\n<p>Kurz gesagt: Die meisten Anbieter bieten Zahlungsm\u00f6glichkeiten f\u00fcr alle Spieler, unabh\u00e4ngig von ihrem Wohnort.Amerikanische und australische Staatsb\u00fcrger k\u00f6nnen Visa, Mastercard, Neteller und Moneybookers nutzen, w\u00e4hrend Spieler aus Europa PayPal verwenden k\u00f6nnen.<\/p>\n<p>888 Casino bietet eine Vielzahl von Spielen, darunter auch 3D-Spiele. Sie k\u00f6nnen Ihre Eins\u00e4tze mit PayPal, Mastercard oder anderen akzeptierten Zahlungsmethoden platzieren. Alle diese Zahlungsarten sind sicher. Wie viele andere Online-Casinos hat auch 888casinos.com einen Mindesteinzahlungsbetrag. Dieser ist abh\u00e4ngig von der gew\u00e4hlten Zahlungsmethode. Bei Mastercard oder Visa betr\u00e4gt der Mindesteinzahlungsbetrag je nach Region 20 $, 20 \u20ac oder 20 \u00a3. Spieler mit Maestro-Debitkarten m\u00fcssen mindestens 10 $ oder 10 \u20ac einzahlen. Bei Zahlungen \u00fcber PayPal, Moneybookers oder Neteller betr\u00e4gt der Mindestbetrag ebenfalls 20 $.<\/p>\n<p>Meistens kann der Betrag je nach W\u00e4hrung, Wechselkurs und anfallenden Geb\u00fchren variieren. Deshalb zahlt ein Spieler, der beispielsweise 10 \u00a3 \u00fcber Neteller einzahlt, unter Umst\u00e4nden 20 $, also das Doppelte. Informieren Sie sich daher vor Transaktionen \u00fcber die W\u00e4hrung, die im jeweiligen Casino verwendet wird.<\/p>\n<p>Kurz gesagt: Wenn Sie in einem Online-Casino mit Ihrem eigenen Geld spielen, nutzen Sie am besten eine vertrauensw\u00fcrdige Zahlungsmethode. So vermeiden Sie sp\u00e4tere Probleme. Schlie\u00dflich wollen Sie Spa\u00df haben und nicht Opfer von Betrug werden. Spielen Sie also verantwortungsbewusst und viel Gl\u00fcck!<\/p>\n","protected":false},"excerpt":{"rendered":"<p>Online-Casino-Einf\u00fchrungsleitfaden Seien wir ehrlich \u2013 Online-Casinos sind gekommen, um zu bleiben. Angesichts ihrer steigenden Beliebtheit ist klar: Spieler lieben sie. Online-Gl\u00fccksspiel mit Echtgeld macht allen Spa\u00df, sobald sie angefangen haben, und sie wollen mehr. Fast t\u00e4glich wechseln in diesen Echtgeld-Casinos gro\u00dfe Summen den Besitzer. Ob Ein- oder Auszahlungen, alles l\u00e4uft blitzschnell \u00fcber das Internet ab. [&hellip;]<\/p>\n","protected":false},"author":1,"featured_media":0,"parent":0,"menu_order":2,"comment_status":"closed","ping_status":"closed","template":"","meta":{"footnotes":""},"class_list":["post-8306","page","type-page","status-publish","hentry"],"yoast_head":"<!-- This site is optimized with the Yoast SEO plugin v27.4 - https:\/\/yoast.com\/product\/yoast-seo-wordpress\/ -->\n<title>Einstieg ins Online-Gl\u00fccksspiel | Online-Casino-Leitfaden<\/title>\n<meta name=\"description\" content=\"Seien wir ehrlich \u2013 Online-Casinos sind gekommen, um zu bleiben. Legen Sie jetzt los \u2013 unser Online-Casino-Leitfaden hilft Ihnen, die besten Seiten f\u00fcr Sie auszuw\u00e4hlen.\" \/>\n<meta name=\"robots\" content=\"index, follow, max-snippet:-1, max-image-preview:large, max-video-preview:-1\" \/>\n<link rel=\"canonical\" href=\"https:\/\/gambling6.com\/de\/kasino\/\" \/>\n<meta property=\"og:locale\" content=\"de_DE\" \/>\n<meta property=\"og:type\" content=\"article\" \/>\n<meta property=\"og:title\" content=\"Einstieg ins Online-Gl\u00fccksspiel | Online-Casino-Leitfaden\" \/>\n<meta property=\"og:description\" content=\"Seien wir ehrlich \u2013 Online-Casinos sind gekommen, um zu bleiben. Legen Sie jetzt los \u2013 unser Online-Casino-Leitfaden hilft Ihnen, die besten Seiten f\u00fcr Sie auszuw\u00e4hlen.\" \/>\n<meta property=\"og:url\" content=\"https:\/\/gambling6.com\/de\/kasino\/\" \/>\n<meta property=\"og:site_name\" content=\"Gambling6\" \/>\n<meta property=\"article:modified_time\" content=\"2025-11-12T15:37:08+00:00\" \/>\n<meta property=\"og:image\" content=\"https:\/\/gambling6.com\/wp-content\/uploads\/2022\/04\/download-image2.jpg\" \/>\n\t<meta property=\"og:image:width\" content=\"435\" \/>\n\t<meta property=\"og:image:height\" content=\"276\" \/>\n\t<meta property=\"og:image:type\" content=\"image\/jpeg\" \/>\n<meta name=\"twitter:card\" content=\"summary_large_image\" \/>\n<meta name=\"twitter:label1\" content=\"Gesch\u00e4tzte Lesezeit\" \/>\n\t<meta name=\"twitter:data1\" content=\"4\u00a0Minuten\" \/>\n<script type=\"application\/ld+json\" class=\"yoast-schema-graph\">{\"@context\":\"https:\\\/\\\/schema.org\",\"@graph\":[{\"@type\":\"WebPage\",\"@id\":\"https:\\\/\\\/gambling6.com\\\/de\\\/kasino\\\/\",\"url\":\"https:\\\/\\\/gambling6.com\\\/de\\\/kasino\\\/\",\"name\":\"Einstieg ins Online-Gl\u00fccksspiel | Online-Casino-Leitfaden\",\"isPartOf\":{\"@id\":\"https:\\\/\\\/gambling6.com\\\/de\\\/#website\"},\"primaryImageOfPage\":{\"@id\":\"https:\\\/\\\/gambling6.com\\\/de\\\/kasino\\\/#primaryimage\"},\"image\":{\"@id\":\"https:\\\/\\\/gambling6.com\\\/de\\\/kasino\\\/#primaryimage\"},\"thumbnailUrl\":\"https:\\\/\\\/gambling6.com\\\/wp-content\\\/uploads\\\/2022\\\/04\\\/download-image2-300x190.jpg\",\"datePublished\":\"2025-11-07T09:22:06+00:00\",\"dateModified\":\"2025-11-12T15:37:08+00:00\",\"description\":\"Seien wir ehrlich \u2013 Online-Casinos sind gekommen, um zu bleiben. Legen Sie jetzt los \u2013 unser Online-Casino-Leitfaden hilft Ihnen, die besten Seiten f\u00fcr Sie auszuw\u00e4hlen.\",\"breadcrumb\":{\"@id\":\"https:\\\/\\\/gambling6.com\\\/de\\\/kasino\\\/#breadcrumb\"},\"inLanguage\":\"de\",\"potentialAction\":[{\"@type\":\"ReadAction\",\"target\":[\"https:\\\/\\\/gambling6.com\\\/de\\\/kasino\\\/\"]}]},{\"@type\":\"ImageObject\",\"inLanguage\":\"de\",\"@id\":\"https:\\\/\\\/gambling6.com\\\/de\\\/kasino\\\/#primaryimage\",\"url\":\"https:\\\/\\\/gambling6.com\\\/wp-content\\\/uploads\\\/2022\\\/04\\\/download-image2-300x190.jpg\",\"contentUrl\":\"https:\\\/\\\/gambling6.com\\\/wp-content\\\/uploads\\\/2022\\\/04\\\/download-image2-300x190.jpg\"},{\"@type\":\"BreadcrumbList\",\"@id\":\"https:\\\/\\\/gambling6.com\\\/de\\\/kasino\\\/#breadcrumb\",\"itemListElement\":[{\"@type\":\"ListItem\",\"position\":1,\"name\":\"Home\",\"item\":\"https:\\\/\\\/gambling6.com\\\/de\\\/home\\\/\"},{\"@type\":\"ListItem\",\"position\":2,\"name\":\"Kasino\"}]},{\"@type\":\"WebSite\",\"@id\":\"https:\\\/\\\/gambling6.com\\\/de\\\/#website\",\"url\":\"https:\\\/\\\/gambling6.com\\\/de\\\/\",\"name\":\"Gambling6\",\"description\":\"\",\"potentialAction\":[{\"@type\":\"SearchAction\",\"target\":{\"@type\":\"EntryPoint\",\"urlTemplate\":\"https:\\\/\\\/gambling6.com\\\/de\\\/?s={search_term_string}\"},\"query-input\":{\"@type\":\"PropertyValueSpecification\",\"valueRequired\":true,\"valueName\":\"search_term_string\"}}],\"inLanguage\":\"de\"}]}<\/script>\n<!-- \/ Yoast SEO plugin. -->","yoast_head_json":{"title":"Einstieg ins Online-Gl\u00fccksspiel | Online-Casino-Leitfaden","description":"Seien wir ehrlich \u2013 Online-Casinos sind gekommen, um zu bleiben. Legen Sie jetzt los \u2013 unser Online-Casino-Leitfaden hilft Ihnen, die besten Seiten f\u00fcr Sie auszuw\u00e4hlen.","robots":{"index":"index","follow":"follow","max-snippet":"max-snippet:-1","max-image-preview":"max-image-preview:large","max-video-preview":"max-video-preview:-1"},"canonical":"https:\/\/gambling6.com\/de\/kasino\/","og_locale":"de_DE","og_type":"article","og_title":"Einstieg ins Online-Gl\u00fccksspiel | Online-Casino-Leitfaden","og_description":"Seien wir ehrlich \u2013 Online-Casinos sind gekommen, um zu bleiben. Legen Sie jetzt los \u2013 unser Online-Casino-Leitfaden hilft Ihnen, die besten Seiten f\u00fcr Sie auszuw\u00e4hlen.","og_url":"https:\/\/gambling6.com\/de\/kasino\/","og_site_name":"Gambling6","article_modified_time":"2025-11-12T15:37:08+00:00","og_image":[{"width":435,"height":276,"url":"https:\/\/gambling6.com\/wp-content\/uploads\/2022\/04\/download-image2.jpg","type":"image\/jpeg"}],"twitter_card":"summary_large_image","twitter_misc":{"Gesch\u00e4tzte Lesezeit":"4\u00a0Minuten"},"schema":{"@context":"https:\/\/schema.org","@graph":[{"@type":"WebPage","@id":"https:\/\/gambling6.com\/de\/kasino\/","url":"https:\/\/gambling6.com\/de\/kasino\/","name":"Einstieg ins Online-Gl\u00fccksspiel | Online-Casino-Leitfaden","isPartOf":{"@id":"https:\/\/gambling6.com\/de\/#website"},"primaryImageOfPage":{"@id":"https:\/\/gambling6.com\/de\/kasino\/#primaryimage"},"image":{"@id":"https:\/\/gambling6.com\/de\/kasino\/#primaryimage"},"thumbnailUrl":"https:\/\/gambling6.com\/wp-content\/uploads\/2022\/04\/download-image2-300x190.jpg","datePublished":"2025-11-07T09:22:06+00:00","dateModified":"2025-11-12T15:37:08+00:00","description":"Seien wir ehrlich \u2013 Online-Casinos sind gekommen, um zu bleiben. Legen Sie jetzt los \u2013 unser Online-Casino-Leitfaden hilft Ihnen, die besten Seiten f\u00fcr Sie auszuw\u00e4hlen.","breadcrumb":{"@id":"https:\/\/gambling6.com\/de\/kasino\/#breadcrumb"},"inLanguage":"de","potentialAction":[{"@type":"ReadAction","target":["https:\/\/gambling6.com\/de\/kasino\/"]}]},{"@type":"ImageObject","inLanguage":"de","@id":"https:\/\/gambling6.com\/de\/kasino\/#primaryimage","url":"https:\/\/gambling6.com\/wp-content\/uploads\/2022\/04\/download-image2-300x190.jpg","contentUrl":"https:\/\/gambling6.com\/wp-content\/uploads\/2022\/04\/download-image2-300x190.jpg"},{"@type":"BreadcrumbList","@id":"https:\/\/gambling6.com\/de\/kasino\/#breadcrumb","itemListElement":[{"@type":"ListItem","position":1,"name":"Home","item":"https:\/\/gambling6.com\/de\/home\/"},{"@type":"ListItem","position":2,"name":"Kasino"}]},{"@type":"WebSite","@id":"https:\/\/gambling6.com\/de\/#website","url":"https:\/\/gambling6.com\/de\/","name":"Gambling6","description":"","potentialAction":[{"@type":"SearchAction","target":{"@type":"EntryPoint","urlTemplate":"https:\/\/gambling6.com\/de\/?s={search_term_string}"},"query-input":{"@type":"PropertyValueSpecification","valueRequired":true,"valueName":"search_term_string"}}],"inLanguage":"de"}]}},"_links":{"self":[{"href":"https:\/\/gambling6.com\/de\/wp-json\/wp\/v2\/pages\/8306","targetHints":{"allow":["GET"]}}],"collection":[{"href":"https:\/\/gambling6.com\/de\/wp-json\/wp\/v2\/pages"}],"about":[{"href":"https:\/\/gambling6.com\/de\/wp-json\/wp\/v2\/types\/page"}],"author":[{"embeddable":true,"href":"https:\/\/gambling6.com\/de\/wp-json\/wp\/v2\/users\/1"}],"replies":[{"embeddable":true,"href":"https:\/\/gambling6.com\/de\/wp-json\/wp\/v2\/comments?post=8306"}],"version-history":[{"count":3,"href":"https:\/\/gambling6.com\/de\/wp-json\/wp\/v2\/pages\/8306\/revisions"}],"predecessor-version":[{"id":10660,"href":"https:\/\/gambling6.com\/de\/wp-json\/wp\/v2\/pages\/8306\/revisions\/10660"}],"wp:attachment":[{"href":"https:\/\/gambling6.com\/de\/wp-json\/wp\/v2\/media?parent=8306"}],"curies":[{"name":"wp","href":"https:\/\/api.w.org\/{rel}","templated":true}]}}