{"id":8349,"date":"2025-11-07T11:52:17","date_gmt":"2025-11-07T11:52:17","guid":{"rendered":"https:\/\/gambling6.com\/kasino\/casino-bewertungen\/"},"modified":"2025-11-12T06:41:50","modified_gmt":"2025-11-12T06:41:50","slug":"casino-bewertungen","status":"publish","type":"page","link":"https:\/\/gambling6.com\/de\/kasino\/casino-bewertungen\/","title":{"rendered":"Casino-Bewertungen"},"content":{"rendered":"<h2>Wir helfen Ihnen mit unseren Bewertungen, die beste Gl\u00fccksspielseite zu finden<\/h2>\n<p>Casino-Websites bieten Ihnen die M\u00f6glichkeit, Wetten auf Casinospiele oder Sportereignisse abzuschlie\u00dfen oder in Online-Pokerr\u00e4umen zu spielen. Online-Gl\u00fccksspiel bietet Ihnen den Komfort, von zu Hause aus zu spielen. Sie k\u00f6nnen den Nervenkitzel von Wetten auf Ihre Lieblingssportarten genie\u00dfen, ohne Ihr Zuhause verlassen zu m\u00fcssen. Die Popularit\u00e4t von Online-Gl\u00fccksspiel hat zu einer Vielzahl von Online-Wettseiten und Casinos gef\u00fchrt. Wie in jeder anderen Branche gibt es auch im Online-Gl\u00fccksspiel unseri\u00f6se Anbieter. Daher ist die Auswahl der besten Casino-Website entscheidend. <strong>Unsere Casino-Webseiten-Bewertungen helfen Ihnen dabei, die Seriosit\u00e4t einer Webseite einzusch\u00e4tzen.<\/strong><\/p>\n<p><a href=\"https:\/\/ic.aff-handler.com\/C\/47965?sr=1064399&amp;anid=\" rel=\"nofollow\"><img loading=\"lazy\" decoding=\"async\" class=\"alignright\" src=\"https:\/\/ic.aff-handler.com\/I\/47965?sr=1064399&amp;anid=\" width=\"420\" height=\"84\" \/><\/a><\/p>\n<ul>\n<li><strong>Reputation<\/strong><\/li>\n<\/ul>\n<p>Die Reputation einer Casino-Webseite ist das wichtigste Kriterium bei der Auswahl eines Casinos. Da Sie das Casino nicht pers\u00f6nlich besuchen k\u00f6nnen, m\u00fcssen Sie sich auf dessen Ruf verlassen, um zu entscheiden, ob Sie dort spielen m\u00f6chten oder nicht. Die besten Casino-Webseiten zeichnen sich durch jahrelange Erfahrung in der Branche und einen guten Ruf f\u00fcr exzellenten Kundenservice aus.<\/p>\n<ul>\n<li><strong>Lizenz<\/strong><\/li>\n<\/ul>\n<p>Seri\u00f6se Casino-Websites verf\u00fcgen \u00fcber die erforderlichen Lizenzen f\u00fcr ihren Betrieb. Anerkannte Gl\u00fccksspielkommissionen oder registrierte Gl\u00fccksspielbeh\u00f6rden in den jeweiligen Jurisdiktionen erteilen Lizenzen an Gl\u00fccksspielseiten, nachdem sie sichergestellt haben, dass die Casino-Website bestimmte Standards in Bezug auf Sicherheit, faires Spiel, Auszahlungen und Kundenservice erf\u00fcllt. Vertrauensw\u00fcrdige Gl\u00fccksspielseiten zeigen diese Lizenz gut sichtbar an, aber eine <strong>gute Casino-Bewertung<\/strong> sollte Ihnen auch Auskunft dar\u00fcber geben, wo das Casino lizenziert ist. Die Systeme und Prozesse werden zudem von den zust\u00e4ndigen Stellen gepr\u00fcft und zertifiziert. Diese Zertifizierungen k\u00f6nnen Sie auf den Websites einsehen. Die Wahl einer lizenzierten Gl\u00fccksspielseite tr\u00e4gt zu einem sicheren Spielerlebnis bei.<\/p>\n<ul>\n<li><strong>Spielauswahl<\/strong><\/li>\n<\/ul>\n<p>Die Casino-Website Ihrer Wahl sollte eine breite Auswahl an Spielen bieten, darunter Craps, Roulette, Blackjack, Spielautomaten, Video-Poker und Tischspiele. Die von der Casino-Website verwendete Gl\u00fccksspielsoftware hilft Ihnen, die Qualit\u00e4t des Spielerlebnisses zu beurteilen. Wenn Sie sich f\u00fcr eine Casino-Website mit einer gro\u00dfen Spielauswahl entscheiden, wird Ihr Online-Gl\u00fccksspielerlebnis noch angenehmer.<\/p>\n<ul>\n<li style=\"list-style-type: none;\">\n<ul>\n<li><strong>Gl\u00fccksspielsoftware<\/strong><\/li>\n<\/ul>\n<\/li>\n<\/ul>\n<p>Die besten Online-Gl\u00fccksspielseiten nutzen leistungsstarke Spielesoftware, die Ihnen ein authentisches Casino-Erlebnis bietet. Sie \u00fcberzeugt mit erstklassiger Grafik und exzellentem Sound. Die Software ist benutzerfreundlich und l\u00e4sst sich einfach herunterladen, installieren und nutzen.<\/p>\n<ul>\n<li style=\"list-style-type: none;\">\n<ul>\n<li style=\"list-style-type: none;\">\n<ul>\n<li><strong>Ein- und Auszahlungsmethoden<\/strong><\/li>\n<\/ul>\n<\/li>\n<\/ul>\n<\/li>\n<\/ul>\n<p>Es ist wichtig, die Bewertungen der Ein- und Auszahlungsmethoden des Online-Casinos zu lesen. Die angebotenen Optionen sollten Ihren Bed\u00fcrfnissen entsprechen. Viele Spieler legen heutzutage Wert auf mehr Sicherheit beim Spielen in Online-Casinos und w\u00fcnschen sich daher mehrere Einzahlungsm\u00f6glichkeiten. Die besten Gl\u00fccksspielseiten bieten verschiedene Optionen an, darunter Kreditkarten, Bank\u00fcberweisungen, E-Wallets wie Neteller und PayPal, Karten wie Ukash und Paysafecard sowie Kryptow\u00e4hrungszahlungen. Unsere Casino-Bewertungsseiten informieren Sie dar\u00fcber, ob Sie schnelle und problemlose Ein- und Auszahlungen erwarten k\u00f6nnen. Das Casino sollte Ihre Finanz- und pers\u00f6nlichen Daten sch\u00fctzen, indem es Transaktionen \u00fcber sichere Server abwickelt.<\/p>\n<ul>\n<li style=\"list-style-type: none;\">\n<ul>\n<li style=\"list-style-type: none;\">\n<ul>\n<li style=\"list-style-type: none;\">\n<ul>\n<li><strong>Kundenservice<\/strong><\/li>\n<\/ul>\n<\/li>\n<\/ul>\n<\/li>\n<\/ul>\n<\/li>\n<\/ul>\n<p><span style=\"background-color: transparent;\">Der Kundenservice ist einer der wichtigsten Faktoren bei der Wahl einer Casino-Website.<\/span><strong style=\"background-color: transparent;\">Die besten Anbieter bieten freundlichen Kundenservice rund um die Uhr per Telefon, E-Mail und Live-Chat.<\/strong><\/p>\n<p>Im Zweifelsfall entscheiden Sie sich einfach f\u00fcr ein marktf\u00fchrendes Casino wie 888 Casino \u2013 dort ist alles f\u00fcr Ihr Spielvergn\u00fcgen abgedeckt. <a class=\"thirstylink\" title=\"888 casino en\" href=\"https:\/\/gambling6.com\/go\/888-casino-en\/\" target=\"_blank\" rel=\"nofollow noopener\">Klicken Sie hier, um 888 noch heute zu besuchen.<\/a><\/p>\n","protected":false},"excerpt":{"rendered":"<p>Wir helfen Ihnen mit unseren Bewertungen, die beste Gl\u00fccksspielseite zu finden Casino-Websites bieten Ihnen die M\u00f6glichkeit, Wetten auf Casinospiele oder Sportereignisse abzuschlie\u00dfen oder in Online-Pokerr\u00e4umen zu spielen. Online-Gl\u00fccksspiel bietet Ihnen den Komfort, von zu Hause aus zu spielen. Sie k\u00f6nnen den Nervenkitzel von Wetten auf Ihre Lieblingssportarten genie\u00dfen, ohne Ihr Zuhause verlassen zu m\u00fcssen. Die [&hellip;]<\/p>\n","protected":false},"author":1,"featured_media":0,"parent":8306,"menu_order":0,"comment_status":"closed","ping_status":"closed","template":"","meta":{"footnotes":""},"class_list":["post-8349","page","type-page","status-publish","hentry"],"yoast_head":"<!-- This site is optimized with the Yoast SEO plugin v27.4 - https:\/\/yoast.com\/product\/yoast-seo-wordpress\/ -->\n<title>Bewertungen und Tests empfohlener Online-Casino-Websites<\/title>\n<meta name=\"description\" content=\"Unsere Casino-Webseiten-Bewertungen geben Ihnen eine Vorstellung davon, worauf Sie bei der Suche nach den besten Online-Casino-Webseiten achten sollten.\" \/>\n<meta name=\"robots\" content=\"index, follow, max-snippet:-1, max-image-preview:large, max-video-preview:-1\" \/>\n<link rel=\"canonical\" href=\"https:\/\/gambling6.com\/de\/kasino\/casino-bewertungen\/\" \/>\n<meta property=\"og:locale\" content=\"de_DE\" \/>\n<meta property=\"og:type\" content=\"article\" \/>\n<meta property=\"og:title\" content=\"Bewertungen und Tests empfohlener Online-Casino-Websites\" \/>\n<meta property=\"og:description\" content=\"Unsere Casino-Webseiten-Bewertungen geben Ihnen eine Vorstellung davon, worauf Sie bei der Suche nach den besten Online-Casino-Webseiten achten sollten.\" \/>\n<meta property=\"og:url\" content=\"https:\/\/gambling6.com\/de\/kasino\/casino-bewertungen\/\" \/>\n<meta property=\"og:site_name\" content=\"Gambling6\" \/>\n<meta property=\"article:modified_time\" content=\"2025-11-12T06:41:50+00:00\" \/>\n<meta property=\"og:image\" content=\"https:\/\/ic.aff-handler.com\/I\/47965?sr=1064399&amp;anid=\" \/>\n<meta name=\"twitter:card\" content=\"summary_large_image\" \/>\n<meta name=\"twitter:label1\" content=\"Gesch\u00e4tzte Lesezeit\" \/>\n\t<meta name=\"twitter:data1\" content=\"3\u00a0Minuten\" \/>\n<script type=\"application\/ld+json\" class=\"yoast-schema-graph\">{\"@context\":\"https:\\\/\\\/schema.org\",\"@graph\":[{\"@type\":\"WebPage\",\"@id\":\"https:\\\/\\\/gambling6.com\\\/de\\\/kasino\\\/casino-bewertungen\\\/\",\"url\":\"https:\\\/\\\/gambling6.com\\\/de\\\/kasino\\\/casino-bewertungen\\\/\",\"name\":\"Bewertungen und Tests empfohlener Online-Casino-Websites\",\"isPartOf\":{\"@id\":\"https:\\\/\\\/gambling6.com\\\/de\\\/#website\"},\"primaryImageOfPage\":{\"@id\":\"https:\\\/\\\/gambling6.com\\\/de\\\/kasino\\\/casino-bewertungen\\\/#primaryimage\"},\"image\":{\"@id\":\"https:\\\/\\\/gambling6.com\\\/de\\\/kasino\\\/casino-bewertungen\\\/#primaryimage\"},\"thumbnailUrl\":\"https:\\\/\\\/ic.aff-handler.com\\\/I\\\/47965?sr=1064399&amp;anid=\",\"datePublished\":\"2025-11-07T11:52:17+00:00\",\"dateModified\":\"2025-11-12T06:41:50+00:00\",\"description\":\"Unsere Casino-Webseiten-Bewertungen geben Ihnen eine Vorstellung davon, worauf Sie bei der Suche nach den besten Online-Casino-Webseiten achten sollten.\",\"breadcrumb\":{\"@id\":\"https:\\\/\\\/gambling6.com\\\/de\\\/kasino\\\/casino-bewertungen\\\/#breadcrumb\"},\"inLanguage\":\"de\",\"potentialAction\":[{\"@type\":\"ReadAction\",\"target\":[\"https:\\\/\\\/gambling6.com\\\/de\\\/kasino\\\/casino-bewertungen\\\/\"]}]},{\"@type\":\"ImageObject\",\"inLanguage\":\"de\",\"@id\":\"https:\\\/\\\/gambling6.com\\\/de\\\/kasino\\\/casino-bewertungen\\\/#primaryimage\",\"url\":\"https:\\\/\\\/ic.aff-handler.com\\\/I\\\/47965?sr=1064399&amp;anid=\",\"contentUrl\":\"https:\\\/\\\/ic.aff-handler.com\\\/I\\\/47965?sr=1064399&amp;anid=\"},{\"@type\":\"BreadcrumbList\",\"@id\":\"https:\\\/\\\/gambling6.com\\\/de\\\/kasino\\\/casino-bewertungen\\\/#breadcrumb\",\"itemListElement\":[{\"@type\":\"ListItem\",\"position\":1,\"name\":\"Home\",\"item\":\"https:\\\/\\\/gambling6.com\\\/de\\\/home\\\/\"},{\"@type\":\"ListItem\",\"position\":2,\"name\":\"Kasino\",\"item\":\"https:\\\/\\\/gambling6.com\\\/de\\\/get-started-with-online-gambling\\\/\"},{\"@type\":\"ListItem\",\"position\":3,\"name\":\"Casino-Bewertungen\"}]},{\"@type\":\"WebSite\",\"@id\":\"https:\\\/\\\/gambling6.com\\\/de\\\/#website\",\"url\":\"https:\\\/\\\/gambling6.com\\\/de\\\/\",\"name\":\"Gambling6\",\"description\":\"\",\"potentialAction\":[{\"@type\":\"SearchAction\",\"target\":{\"@type\":\"EntryPoint\",\"urlTemplate\":\"https:\\\/\\\/gambling6.com\\\/de\\\/?s={search_term_string}\"},\"query-input\":{\"@type\":\"PropertyValueSpecification\",\"valueRequired\":true,\"valueName\":\"search_term_string\"}}],\"inLanguage\":\"de\"}]}<\/script>\n<!-- \/ Yoast SEO plugin. -->","yoast_head_json":{"title":"Bewertungen und Tests empfohlener Online-Casino-Websites","description":"Unsere Casino-Webseiten-Bewertungen geben Ihnen eine Vorstellung davon, worauf Sie bei der Suche nach den besten Online-Casino-Webseiten achten sollten.","robots":{"index":"index","follow":"follow","max-snippet":"max-snippet:-1","max-image-preview":"max-image-preview:large","max-video-preview":"max-video-preview:-1"},"canonical":"https:\/\/gambling6.com\/de\/kasino\/casino-bewertungen\/","og_locale":"de_DE","og_type":"article","og_title":"Bewertungen und Tests empfohlener Online-Casino-Websites","og_description":"Unsere Casino-Webseiten-Bewertungen geben Ihnen eine Vorstellung davon, worauf Sie bei der Suche nach den besten Online-Casino-Webseiten achten sollten.","og_url":"https:\/\/gambling6.com\/de\/kasino\/casino-bewertungen\/","og_site_name":"Gambling6","article_modified_time":"2025-11-12T06:41:50+00:00","og_image":[{"url":"https:\/\/ic.aff-handler.com\/I\/47965?sr=1064399&amp;anid=","type":"","width":"","height":""}],"twitter_card":"summary_large_image","twitter_misc":{"Gesch\u00e4tzte Lesezeit":"3\u00a0Minuten"},"schema":{"@context":"https:\/\/schema.org","@graph":[{"@type":"WebPage","@id":"https:\/\/gambling6.com\/de\/kasino\/casino-bewertungen\/","url":"https:\/\/gambling6.com\/de\/kasino\/casino-bewertungen\/","name":"Bewertungen und Tests empfohlener Online-Casino-Websites","isPartOf":{"@id":"https:\/\/gambling6.com\/de\/#website"},"primaryImageOfPage":{"@id":"https:\/\/gambling6.com\/de\/kasino\/casino-bewertungen\/#primaryimage"},"image":{"@id":"https:\/\/gambling6.com\/de\/kasino\/casino-bewertungen\/#primaryimage"},"thumbnailUrl":"https:\/\/ic.aff-handler.com\/I\/47965?sr=1064399&amp;anid=","datePublished":"2025-11-07T11:52:17+00:00","dateModified":"2025-11-12T06:41:50+00:00","description":"Unsere Casino-Webseiten-Bewertungen geben Ihnen eine Vorstellung davon, worauf Sie bei der Suche nach den besten Online-Casino-Webseiten achten sollten.","breadcrumb":{"@id":"https:\/\/gambling6.com\/de\/kasino\/casino-bewertungen\/#breadcrumb"},"inLanguage":"de","potentialAction":[{"@type":"ReadAction","target":["https:\/\/gambling6.com\/de\/kasino\/casino-bewertungen\/"]}]},{"@type":"ImageObject","inLanguage":"de","@id":"https:\/\/gambling6.com\/de\/kasino\/casino-bewertungen\/#primaryimage","url":"https:\/\/ic.aff-handler.com\/I\/47965?sr=1064399&amp;anid=","contentUrl":"https:\/\/ic.aff-handler.com\/I\/47965?sr=1064399&amp;anid="},{"@type":"BreadcrumbList","@id":"https:\/\/gambling6.com\/de\/kasino\/casino-bewertungen\/#breadcrumb","itemListElement":[{"@type":"ListItem","position":1,"name":"Home","item":"https:\/\/gambling6.com\/de\/home\/"},{"@type":"ListItem","position":2,"name":"Kasino","item":"https:\/\/gambling6.com\/de\/get-started-with-online-gambling\/"},{"@type":"ListItem","position":3,"name":"Casino-Bewertungen"}]},{"@type":"WebSite","@id":"https:\/\/gambling6.com\/de\/#website","url":"https:\/\/gambling6.com\/de\/","name":"Gambling6","description":"","potentialAction":[{"@type":"SearchAction","target":{"@type":"EntryPoint","urlTemplate":"https:\/\/gambling6.com\/de\/?s={search_term_string}"},"query-input":{"@type":"PropertyValueSpecification","valueRequired":true,"valueName":"search_term_string"}}],"inLanguage":"de"}]}},"_links":{"self":[{"href":"https:\/\/gambling6.com\/de\/wp-json\/wp\/v2\/pages\/8349","targetHints":{"allow":["GET"]}}],"collection":[{"href":"https:\/\/gambling6.com\/de\/wp-json\/wp\/v2\/pages"}],"about":[{"href":"https:\/\/gambling6.com\/de\/wp-json\/wp\/v2\/types\/page"}],"author":[{"embeddable":true,"href":"https:\/\/gambling6.com\/de\/wp-json\/wp\/v2\/users\/1"}],"replies":[{"embeddable":true,"href":"https:\/\/gambling6.com\/de\/wp-json\/wp\/v2\/comments?post=8349"}],"version-history":[{"count":1,"href":"https:\/\/gambling6.com\/de\/wp-json\/wp\/v2\/pages\/8349\/revisions"}],"predecessor-version":[{"id":10370,"href":"https:\/\/gambling6.com\/de\/wp-json\/wp\/v2\/pages\/8349\/revisions\/10370"}],"up":[{"embeddable":true,"href":"https:\/\/gambling6.com\/de\/wp-json\/wp\/v2\/pages\/8306"}],"wp:attachment":[{"href":"https:\/\/gambling6.com\/de\/wp-json\/wp\/v2\/media?parent=8349"}],"curies":[{"name":"wp","href":"https:\/\/api.w.org\/{rel}","templated":true}]}}