{"id":8397,"date":"2025-11-07T16:04:17","date_gmt":"2025-11-07T16:04:17","guid":{"rendered":"https:\/\/gambling6.com\/kasino\/funf-gute-grunde-fur-die-anmeldung-in-einem-online-casino\/"},"modified":"2025-11-12T08:37:20","modified_gmt":"2025-11-12T08:37:20","slug":"funf-gute-grunde-fur-die-anmeldung-in-einem-online-casino","status":"publish","type":"page","link":"https:\/\/gambling6.com\/de\/kasino\/funf-gute-grunde-fur-die-anmeldung-in-einem-online-casino\/","title":{"rendered":"F\u00fcnf gute Gr\u00fcnde f\u00fcr die Anmeldung in einem Online-Casino"},"content":{"rendered":"<h2>Warum Sie einem Online-Casino beitreten sollten<\/h2>\n<h2>Viele Dinge machen Online-Casinos so gro\u00dfartig<\/h2>\n<p><img loading=\"lazy\" decoding=\"async\" class=\"size-medium wp-image-318 alignright\" src=\"https:\/\/gambling6.com\/wp-content\/uploads\/2013\/12\/classic-casino-games-300x179.jpg\" alt=\"Online-Casino\" width=\"300\" height=\"179\" srcset=\"https:\/\/gambling6.com\/wp-content\/uploads\/2013\/12\/classic-casino-games-300x179.jpg 300w, https:\/\/gambling6.com\/wp-content\/uploads\/2013\/12\/classic-casino-games.jpg 612w\" sizes=\"auto, (max-width: 300px) 100vw, 300px\" \/>Jeder Online-Casino-Spieler hat seine eigenen Gr\u00fcnde, Casinospiele im Internet zu spielen. Einige Gr\u00fcnde sind jedoch besonders verbreitet. Wenn Spieler sich entscheiden, online zu spielen, er\u00f6ffnet sich ihnen eine v\u00f6llig neue Welt. Online-Casinos gibt es in vielen verschiedenen Ausf\u00fchrungen, sodass Spieler so lange suchen k\u00f6nnen, bis sie das passende Casino f\u00fcr sich finden.<\/p>\n<p>Mit unserem Lieblings-Online-Casino 888 k\u00f6nnen Sie nichts falsch machen. <a class=\"thirstylink\" title=\"888 casino en\" href=\"https:\/\/gambling6.com\/go\/888-casino-en\/\" target=\"_blank\" rel=\"nofollow noopener\">Dieser Link f\u00fchrt Sie zur Webseite und garantiert Ihnen einen attraktiven Bonus von bis zu 1500 \u20ac.<\/a><\/p>\n<h2>Hier sind f\u00fcnf der wichtigsten Gr\u00fcnde, warum sich die meisten Spieler f\u00fcr ein Online-Casino entscheiden:<\/h2>\n<ol>\n<li>Einer der Hauptgr\u00fcnde f\u00fcr die Anmeldung in einem Online-Casino sind die Boni. Es gibt viele verschiedene Arten von Online-Casino-Boni, und jedes Casino bietet seinen Spielern die Boni an, die es f\u00fcr angemessen h\u00e4lt. Einige Boni k\u00f6nnen jedoch sehr wertvoll sein und Spielern sogar die Chance bieten, Hunderte oder Tausende von Euro kostenlos zu erhalten. Zu den h\u00e4ufigsten Boni in Online-Casinos geh\u00f6ren Willkommensboni, Reload-Boni, Spielboni und Empfehlungsboni. Spieler m\u00f6chten die Bonusbedingungen lesen, um zu wissen, wie sie die Voraussetzungen erf\u00fcllen und was sie genau tun m\u00fcssen, um den Bonus zu erhalten.Ein weiterer wichtiger Grund f\u00fcr viele Spieler, sich f\u00fcr Online-Casinos zu entscheiden, ist die gro\u00dfe Auswahl an Spielen, die sie an einem Ort spielen k\u00f6nnen. In beliebten Online-Casinos k\u00f6nnen Spieler nahtlos zwischen verschiedenen Spielen wechseln, ohne ihren Platz verlassen zu m\u00fcssen. Sie m\u00fcssen weder auf einen freien Platz warten noch sich mit anderen Unannehmlichkeiten herumschlagen, die beim Spielen in landbasierten Casinos auftreten. Die Spiele sind jederzeit verf\u00fcgbar und laufen st\u00e4ndig, solange der Spieler eines der beliebteren Casinos gew\u00e4hlt hat.Ein weiterer Grund f\u00fcr viele Spieler, sich f\u00fcr Online-Casinos zu entscheiden, sind finanzielle Aspekte. Spieler, die Zeit in Online-Casinos verbringen, sparen sich Ausgaben f\u00fcr Benzin, Tickets, Hotel\u00fcbernachtungen, Restaurantbesuche und andere Kosten, die bei einem Besuch in einem landbasierten Casino anfallen. Dadurch bleibt ihnen mehr Geld f\u00fcr die Spiele \u00fcbrig, was immer von Vorteil ist.\n<p>Manche Spieler f\u00fchren ein hektisches und stressiges Leben. Das bedeutet, dass es f\u00fcr sie unter Umst\u00e4nden sehr schwierig sein kann, \u00fcberhaupt in ein landbasiertes Casino zu gelangen. Online-Casinos hingegen stehen ihnen jederzeit zur Verf\u00fcgung. Selbst wenn sie sich nur wenige Minuten am Tag einloggen k\u00f6nnen, k\u00f6nnen sie zumindest ein wenig spielen, indem sie einem Online-Casino beitreten.<\/p>\n<p>Ein weiterer klarer Vorteil von Online-Casinos ist, dass die Spieler die volle Kontrolle \u00fcber ihr Spielerlebnis haben. Sie w\u00e4hlen das Casino, Boni, Aktionen und Spiele und k\u00f6nnen viele Aspekte der verschiedenen Online-Casino-Spiele individuell anpassen.<\/p>\n<p>Wer ein gutes Online-Casino sucht, das Sicherheit und Benutzerfreundlichkeit bietet, sollte Bewertungen lesen und ein Casino finden, das mit zuverl\u00e4ssiger Software arbeitet, exzellenten Support bietet und eine gro\u00dfe Spielauswahl hat.<\/li>\n<\/ol>\n","protected":false},"excerpt":{"rendered":"<p>Warum Sie einem Online-Casino beitreten sollten Viele Dinge machen Online-Casinos so gro\u00dfartig Jeder Online-Casino-Spieler hat seine eigenen Gr\u00fcnde, Casinospiele im Internet zu spielen. Einige Gr\u00fcnde sind jedoch besonders verbreitet. Wenn Spieler sich entscheiden, online zu spielen, er\u00f6ffnet sich ihnen eine v\u00f6llig neue Welt. Online-Casinos gibt es in vielen verschiedenen Ausf\u00fchrungen, sodass Spieler so lange suchen [&hellip;]<\/p>\n","protected":false},"author":1,"featured_media":0,"parent":8306,"menu_order":30,"comment_status":"closed","ping_status":"closed","template":"","meta":{"footnotes":""},"class_list":["post-8397","page","type-page","status-publish","hentry"],"yoast_head":"<!-- This site is optimized with the Yoast SEO plugin v27.4 - https:\/\/yoast.com\/product\/yoast-seo-wordpress\/ -->\n<title>Gr\u00fcnde f\u00fcr die Anmeldung in einem Online-Casino<\/title>\n<meta name=\"description\" content=\"Online-Casinos haben Spielern, die sich eine tolle Zeit w\u00fcnschen und viele Chancen auf einen Gewinn haben, so viel zu bieten.\" \/>\n<meta name=\"robots\" content=\"index, follow, max-snippet:-1, max-image-preview:large, max-video-preview:-1\" \/>\n<link rel=\"canonical\" href=\"https:\/\/gambling6.com\/de\/kasino\/funf-gute-grunde-fur-die-anmeldung-in-einem-online-casino\/\" \/>\n<meta property=\"og:locale\" content=\"de_DE\" \/>\n<meta property=\"og:type\" content=\"article\" \/>\n<meta property=\"og:title\" content=\"Gr\u00fcnde f\u00fcr die Anmeldung in einem Online-Casino\" \/>\n<meta property=\"og:description\" content=\"Online-Casinos haben Spielern, die sich eine tolle Zeit w\u00fcnschen und viele Chancen auf einen Gewinn haben, so viel zu bieten.\" \/>\n<meta property=\"og:url\" content=\"https:\/\/gambling6.com\/de\/kasino\/funf-gute-grunde-fur-die-anmeldung-in-einem-online-casino\/\" \/>\n<meta property=\"og:site_name\" content=\"Gambling6\" \/>\n<meta property=\"article:modified_time\" content=\"2025-11-12T08:37:20+00:00\" \/>\n<meta property=\"og:image\" content=\"https:\/\/gambling6.com\/wp-content\/uploads\/2013\/12\/classic-casino-games.jpg\" \/>\n\t<meta property=\"og:image:width\" content=\"612\" \/>\n\t<meta property=\"og:image:height\" content=\"366\" \/>\n\t<meta property=\"og:image:type\" content=\"image\/jpeg\" \/>\n<meta name=\"twitter:card\" content=\"summary_large_image\" \/>\n<meta name=\"twitter:label1\" content=\"Gesch\u00e4tzte Lesezeit\" \/>\n\t<meta name=\"twitter:data1\" content=\"2\u00a0Minuten\" \/>\n<script type=\"application\/ld+json\" class=\"yoast-schema-graph\">{\"@context\":\"https:\\\/\\\/schema.org\",\"@graph\":[{\"@type\":\"WebPage\",\"@id\":\"https:\\\/\\\/gambling6.com\\\/de\\\/kasino\\\/funf-gute-grunde-fur-die-anmeldung-in-einem-online-casino\\\/\",\"url\":\"https:\\\/\\\/gambling6.com\\\/de\\\/kasino\\\/funf-gute-grunde-fur-die-anmeldung-in-einem-online-casino\\\/\",\"name\":\"Gr\u00fcnde f\u00fcr die Anmeldung in einem Online-Casino\",\"isPartOf\":{\"@id\":\"https:\\\/\\\/gambling6.com\\\/de\\\/#website\"},\"primaryImageOfPage\":{\"@id\":\"https:\\\/\\\/gambling6.com\\\/de\\\/kasino\\\/funf-gute-grunde-fur-die-anmeldung-in-einem-online-casino\\\/#primaryimage\"},\"image\":{\"@id\":\"https:\\\/\\\/gambling6.com\\\/de\\\/kasino\\\/funf-gute-grunde-fur-die-anmeldung-in-einem-online-casino\\\/#primaryimage\"},\"thumbnailUrl\":\"https:\\\/\\\/gambling6.com\\\/wp-content\\\/uploads\\\/2013\\\/12\\\/classic-casino-games-300x179.jpg\",\"datePublished\":\"2025-11-07T16:04:17+00:00\",\"dateModified\":\"2025-11-12T08:37:20+00:00\",\"description\":\"Online-Casinos haben Spielern, die sich eine tolle Zeit w\u00fcnschen und viele Chancen auf einen Gewinn haben, so viel zu bieten.\",\"breadcrumb\":{\"@id\":\"https:\\\/\\\/gambling6.com\\\/de\\\/kasino\\\/funf-gute-grunde-fur-die-anmeldung-in-einem-online-casino\\\/#breadcrumb\"},\"inLanguage\":\"de\",\"potentialAction\":[{\"@type\":\"ReadAction\",\"target\":[\"https:\\\/\\\/gambling6.com\\\/de\\\/kasino\\\/funf-gute-grunde-fur-die-anmeldung-in-einem-online-casino\\\/\"]}]},{\"@type\":\"ImageObject\",\"inLanguage\":\"de\",\"@id\":\"https:\\\/\\\/gambling6.com\\\/de\\\/kasino\\\/funf-gute-grunde-fur-die-anmeldung-in-einem-online-casino\\\/#primaryimage\",\"url\":\"https:\\\/\\\/gambling6.com\\\/wp-content\\\/uploads\\\/2013\\\/12\\\/classic-casino-games-300x179.jpg\",\"contentUrl\":\"https:\\\/\\\/gambling6.com\\\/wp-content\\\/uploads\\\/2013\\\/12\\\/classic-casino-games-300x179.jpg\"},{\"@type\":\"BreadcrumbList\",\"@id\":\"https:\\\/\\\/gambling6.com\\\/de\\\/kasino\\\/funf-gute-grunde-fur-die-anmeldung-in-einem-online-casino\\\/#breadcrumb\",\"itemListElement\":[{\"@type\":\"ListItem\",\"position\":1,\"name\":\"Home\",\"item\":\"https:\\\/\\\/gambling6.com\\\/de\\\/home\\\/\"},{\"@type\":\"ListItem\",\"position\":2,\"name\":\"Kasino\",\"item\":\"https:\\\/\\\/gambling6.com\\\/de\\\/get-started-with-online-gambling\\\/\"},{\"@type\":\"ListItem\",\"position\":3,\"name\":\"F\u00fcnf gute Gr\u00fcnde f\u00fcr die Anmeldung in einem Online-Casino\"}]},{\"@type\":\"WebSite\",\"@id\":\"https:\\\/\\\/gambling6.com\\\/de\\\/#website\",\"url\":\"https:\\\/\\\/gambling6.com\\\/de\\\/\",\"name\":\"Gambling6\",\"description\":\"\",\"potentialAction\":[{\"@type\":\"SearchAction\",\"target\":{\"@type\":\"EntryPoint\",\"urlTemplate\":\"https:\\\/\\\/gambling6.com\\\/de\\\/?s={search_term_string}\"},\"query-input\":{\"@type\":\"PropertyValueSpecification\",\"valueRequired\":true,\"valueName\":\"search_term_string\"}}],\"inLanguage\":\"de\"}]}<\/script>\n<!-- \/ Yoast SEO plugin. -->","yoast_head_json":{"title":"Gr\u00fcnde f\u00fcr die Anmeldung in einem Online-Casino","description":"Online-Casinos haben Spielern, die sich eine tolle Zeit w\u00fcnschen und viele Chancen auf einen Gewinn haben, so viel zu bieten.","robots":{"index":"index","follow":"follow","max-snippet":"max-snippet:-1","max-image-preview":"max-image-preview:large","max-video-preview":"max-video-preview:-1"},"canonical":"https:\/\/gambling6.com\/de\/kasino\/funf-gute-grunde-fur-die-anmeldung-in-einem-online-casino\/","og_locale":"de_DE","og_type":"article","og_title":"Gr\u00fcnde f\u00fcr die Anmeldung in einem Online-Casino","og_description":"Online-Casinos haben Spielern, die sich eine tolle Zeit w\u00fcnschen und viele Chancen auf einen Gewinn haben, so viel zu bieten.","og_url":"https:\/\/gambling6.com\/de\/kasino\/funf-gute-grunde-fur-die-anmeldung-in-einem-online-casino\/","og_site_name":"Gambling6","article_modified_time":"2025-11-12T08:37:20+00:00","og_image":[{"width":612,"height":366,"url":"https:\/\/gambling6.com\/wp-content\/uploads\/2013\/12\/classic-casino-games.jpg","type":"image\/jpeg"}],"twitter_card":"summary_large_image","twitter_misc":{"Gesch\u00e4tzte Lesezeit":"2\u00a0Minuten"},"schema":{"@context":"https:\/\/schema.org","@graph":[{"@type":"WebPage","@id":"https:\/\/gambling6.com\/de\/kasino\/funf-gute-grunde-fur-die-anmeldung-in-einem-online-casino\/","url":"https:\/\/gambling6.com\/de\/kasino\/funf-gute-grunde-fur-die-anmeldung-in-einem-online-casino\/","name":"Gr\u00fcnde f\u00fcr die Anmeldung in einem Online-Casino","isPartOf":{"@id":"https:\/\/gambling6.com\/de\/#website"},"primaryImageOfPage":{"@id":"https:\/\/gambling6.com\/de\/kasino\/funf-gute-grunde-fur-die-anmeldung-in-einem-online-casino\/#primaryimage"},"image":{"@id":"https:\/\/gambling6.com\/de\/kasino\/funf-gute-grunde-fur-die-anmeldung-in-einem-online-casino\/#primaryimage"},"thumbnailUrl":"https:\/\/gambling6.com\/wp-content\/uploads\/2013\/12\/classic-casino-games-300x179.jpg","datePublished":"2025-11-07T16:04:17+00:00","dateModified":"2025-11-12T08:37:20+00:00","description":"Online-Casinos haben Spielern, die sich eine tolle Zeit w\u00fcnschen und viele Chancen auf einen Gewinn haben, so viel zu bieten.","breadcrumb":{"@id":"https:\/\/gambling6.com\/de\/kasino\/funf-gute-grunde-fur-die-anmeldung-in-einem-online-casino\/#breadcrumb"},"inLanguage":"de","potentialAction":[{"@type":"ReadAction","target":["https:\/\/gambling6.com\/de\/kasino\/funf-gute-grunde-fur-die-anmeldung-in-einem-online-casino\/"]}]},{"@type":"ImageObject","inLanguage":"de","@id":"https:\/\/gambling6.com\/de\/kasino\/funf-gute-grunde-fur-die-anmeldung-in-einem-online-casino\/#primaryimage","url":"https:\/\/gambling6.com\/wp-content\/uploads\/2013\/12\/classic-casino-games-300x179.jpg","contentUrl":"https:\/\/gambling6.com\/wp-content\/uploads\/2013\/12\/classic-casino-games-300x179.jpg"},{"@type":"BreadcrumbList","@id":"https:\/\/gambling6.com\/de\/kasino\/funf-gute-grunde-fur-die-anmeldung-in-einem-online-casino\/#breadcrumb","itemListElement":[{"@type":"ListItem","position":1,"name":"Home","item":"https:\/\/gambling6.com\/de\/home\/"},{"@type":"ListItem","position":2,"name":"Kasino","item":"https:\/\/gambling6.com\/de\/get-started-with-online-gambling\/"},{"@type":"ListItem","position":3,"name":"F\u00fcnf gute Gr\u00fcnde f\u00fcr die Anmeldung in einem Online-Casino"}]},{"@type":"WebSite","@id":"https:\/\/gambling6.com\/de\/#website","url":"https:\/\/gambling6.com\/de\/","name":"Gambling6","description":"","potentialAction":[{"@type":"SearchAction","target":{"@type":"EntryPoint","urlTemplate":"https:\/\/gambling6.com\/de\/?s={search_term_string}"},"query-input":{"@type":"PropertyValueSpecification","valueRequired":true,"valueName":"search_term_string"}}],"inLanguage":"de"}]}},"_links":{"self":[{"href":"https:\/\/gambling6.com\/de\/wp-json\/wp\/v2\/pages\/8397","targetHints":{"allow":["GET"]}}],"collection":[{"href":"https:\/\/gambling6.com\/de\/wp-json\/wp\/v2\/pages"}],"about":[{"href":"https:\/\/gambling6.com\/de\/wp-json\/wp\/v2\/types\/page"}],"author":[{"embeddable":true,"href":"https:\/\/gambling6.com\/de\/wp-json\/wp\/v2\/users\/1"}],"replies":[{"embeddable":true,"href":"https:\/\/gambling6.com\/de\/wp-json\/wp\/v2\/comments?post=8397"}],"version-history":[{"count":1,"href":"https:\/\/gambling6.com\/de\/wp-json\/wp\/v2\/pages\/8397\/revisions"}],"predecessor-version":[{"id":10412,"href":"https:\/\/gambling6.com\/de\/wp-json\/wp\/v2\/pages\/8397\/revisions\/10412"}],"up":[{"embeddable":true,"href":"https:\/\/gambling6.com\/de\/wp-json\/wp\/v2\/pages\/8306"}],"wp:attachment":[{"href":"https:\/\/gambling6.com\/de\/wp-json\/wp\/v2\/media?parent=8397"}],"curies":[{"name":"wp","href":"https:\/\/api.w.org\/{rel}","templated":true}]}}