{"id":8447,"date":"2025-11-07T17:39:26","date_gmt":"2025-11-07T17:39:26","guid":{"rendered":"https:\/\/gambling6.com\/tipps-zu-den-besten-bingo-websites\/"},"modified":"2025-11-12T12:05:12","modified_gmt":"2025-11-12T12:05:12","slug":"tipps-zu-den-besten-bingo-websites","status":"publish","type":"page","link":"https:\/\/gambling6.com\/de\/bingo\/tipps-zu-den-besten-bingo-websites\/","title":{"rendered":"Tipps zu den besten Bingo-Websites"},"content":{"rendered":"<h2>Die richtige Bingo-Website ausw\u00e4hlen<\/h2>\n<p>Bingo ist ein spannendes Spiel, das deutlich weniger Geschick erfordert als Spiele wie Blackjack oder Poker. Seine Einfachheit macht es so beliebt. Man muss keine komplizierten Regeln oder Strategien lernen. Au\u00dferdem ist Bingospielen g\u00fcnstiger. Viele Websites bieten dieses Spiel online an. Sie k\u00f6nnen sich bei einer anmelden und schon mit einem kleinen Einsatz spielen.<img loading=\"lazy\" decoding=\"async\" class=\" alignright size-full wp-image-213\" style=\"margin: 5px; float: right;\" src=\"http:\/\/gambling6.com\/wp-content\/uploads\/2013\/12\/img_110.png\" alt=\"Die beste Bingo-Website ausw\u00e4hlen\" width=\"288\" height=\"175\" \/><\/p>\n<p>Bei der Vielzahl an Bingo-Websites kann es eine Herausforderung sein, die beste Online-Bingo-Website zu finden. Daher ist es ratsam, wichtige Faktoren zu ber\u00fccksichtigen und zu entscheiden, ob eine Website f\u00fcr Sie geeignet ist.<\/p>\n<ul>\n<li><strong>Reputation und Erfahrung<\/strong><\/li>\n<\/ul>\n<p>W\u00e4hlen Sie eine Bingo-Website, die bereits lange in der Branche t\u00e4tig ist und einen guten Ruf f\u00fcr ein positives Spielerlebnis genie\u00dft. Dies k\u00f6nnen Sie anhand von Bewertungen von Profis und echten Spielern \u00fcberpr\u00fcfen. Eine Bingo-Website mit vielen Spielern ist in der Regel zuverl\u00e4ssig, da Spieler nicht auf einer Seite bleiben m\u00f6chten, die kein unterhaltsames Spielerlebnis bietet.<\/p>\n<p><a href=\"https:\/\/record.revenueplanet.com\/_BoBybWC_aAPUOsjNOfgKefwM06wa-Rwt\/1\/\" target=\"_new\"><img loading=\"lazy\" decoding=\"async\" class=\"aligncenter\" style=\"border: none;\" src=\"https:\/\/media.revenueplanet.com\/uploads\/nbb-468x60-nov-generic.gif\" alt=\"BingoBilly Gratis-Bingo\" width=\"686\" height=\"88\" \/><\/a><\/p>\n<ul>\n<li style=\"list-style-type: none;\">\n<ul>\n<li><strong>Angebotene Spiele<\/strong><\/li>\n<\/ul>\n<\/li>\n<\/ul>\n<p>Die richtige Website sollte eine gro\u00dfe Auswahl an Spielen bieten. Bingo gibt es in verschiedenen Varianten. 90-Ball, 80-Ball, 75-Ball, Mini, Quickie, Coverall, Bonanza und Pattern sind einige der beliebtesten. Wenn Sie eine Website w\u00e4hlen, die all diese Varianten anbietet, k\u00f6nnen Sie die Spiele genie\u00dfen, ohne sich zu langweilen.<\/p>\n<ul>\n<li style=\"list-style-type: none;\">\n<ul>\n<li style=\"list-style-type: none;\">\n<ul>\n<li><strong>Bonus<\/strong><\/li>\n<\/ul>\n<\/li>\n<\/ul>\n<\/li>\n<\/ul>\n<p>Obwohl es nicht ratsam ist, die Wahl einer Spielewebsite allein vom Bonusangebot abh\u00e4ngig zu machen, ist die Website mit dem h\u00f6chsten Bonus nicht unbedingt die beste Bingo-Website f\u00fcr Sie. N\u00fctzliche Funktionen und eine gro\u00dfe Spielauswahl sind definitiv wichtigere Aspekte. Die meisten Bingo-Seiten bieten einen Willkommensbonus. Nach Ihrer ersten Einzahlung wird der Bonusbetrag automatisch Ihrem Konto gutgeschrieben. Sie k\u00f6nnen diesen Bonus f\u00fcr mehr Spielspa\u00df nutzen. Lesen Sie sich unbedingt die Bonusbedingungen durch. In der Regel muss der Bonus innerhalb eines Monats genutzt werden.<\/p>\n<ul>\n<li style=\"list-style-type: none;\">\n<ul>\n<li style=\"list-style-type: none;\">\n<ul>\n<li style=\"list-style-type: none;\">\n<ul>\n<li><strong>Ein- und Auszahlungsmethoden<\/strong><\/li>\n<\/ul>\n<\/li>\n<\/ul>\n<\/li>\n<\/ul>\n<\/li>\n<\/ul>\n<p>Die beste Bingo-Seite bietet verschiedene Einzahlungsmethoden, sodass Sie die f\u00fcr Sie bequemste ausw\u00e4hlen k\u00f6nnen. Auch f\u00fcr die Auszahlung Ihrer Gewinne stehen Ihnen verschiedene Optionen zur Verf\u00fcgung. Die Kontoer\u00f6ffnung ist unkompliziert. Sie k\u00f6nnen die Online-Registrierung und die Angabe Ihrer Bankdaten problemlos abschlie\u00dfen.<\/p>\n<ul>\n<li style=\"list-style-type: none;\">\n<ul>\n<li style=\"list-style-type: none;\">\n<ul>\n<li style=\"list-style-type: none;\">\n<ul>\n<li style=\"list-style-type: none;\">\n<ul>\n<li><strong>Kundenservice<\/strong><\/li>\n<\/ul>\n<\/li>\n<\/ul>\n<\/li>\n<\/ul>\n<\/li>\n<\/ul>\n<\/li>\n<\/ul>\n<p>Pr\u00fcfen Sie, ob die Spieleseite einen guten Kundenservice bietet. Die beste Seite verf\u00fcgt \u00fcber ein gut geschultes Kundenteam, das Ihre Fragen beantwortet und Ihre Probleme schnell l\u00f6st. Egal, ob Sie bei der Kontoer\u00f6ffnung Schwierigkeiten haben oder Probleme mit der Auszahlung Ihrer Gewinne auftreten, Sie erhalten jederzeit Hilfe. Es werden Live-Chat, Telefon- und E-Mail-Support angeboten, um Ihre Anliegen professionell zu bearbeiten.<\/p>\n<p>All diese Punkte k\u00f6nnen Ihnen bei der Auswahl einer fantastischen Online-Bingo-Seite helfen. Wir pers\u00f6nlich m\u00f6gen Bingo Billy. Auch wenn Sie in den USA wohnen, k\u00f6nnen Sie <a class=\"thirstylink\" title=\"Bingo Billy en\" href=\"https:\/\/gambling6.com\/go\/bingobilly-en\/\" target=\"_blank\" rel=\"nofollow noopener\">Bingo Billy spielen \u2013folgen Sie diesem Link zur Website.<\/a><\/p>\n","protected":false},"excerpt":{"rendered":"<p>Die richtige Bingo-Website ausw\u00e4hlen Bingo ist ein spannendes Spiel, das deutlich weniger Geschick erfordert als Spiele wie Blackjack oder Poker. Seine Einfachheit macht es so beliebt. Man muss keine komplizierten Regeln oder Strategien lernen. Au\u00dferdem ist Bingospielen g\u00fcnstiger. Viele Websites bieten dieses Spiel online an. Sie k\u00f6nnen sich bei einer anmelden und schon mit einem [&hellip;]<\/p>\n","protected":false},"author":1,"featured_media":215,"parent":8501,"menu_order":5,"comment_status":"closed","ping_status":"closed","template":"","meta":{"footnotes":""},"class_list":["post-8447","page","type-page","status-publish","has-post-thumbnail","hentry"],"yoast_head":"<!-- This site is optimized with the Yoast SEO plugin v27.6 - https:\/\/yoast.com\/product\/yoast-seo-wordpress\/ -->\n<title>Bingo-Tipps \u2013 Welches sind die besten Bingo-Websites?<\/title>\n<meta name=\"description\" content=\"Die Wahl der besten Bingo-Website ist wichtig \u2013 aber welche Website sollten Sie w\u00e4hlen? Hier finden Sie die Antworten.\" \/>\n<meta name=\"robots\" content=\"index, follow, max-snippet:-1, max-image-preview:large, max-video-preview:-1\" \/>\n<link rel=\"canonical\" href=\"https:\/\/gambling6.com\/de\/bingo\/tipps-zu-den-besten-bingo-websites\/\" \/>\n<meta property=\"og:locale\" content=\"de_DE\" \/>\n<meta property=\"og:type\" content=\"article\" \/>\n<meta property=\"og:title\" content=\"Bingo-Tipps \u2013 Welches sind die besten Bingo-Websites?\" \/>\n<meta property=\"og:description\" content=\"Die Wahl der besten Bingo-Website ist wichtig \u2013 aber welche Website sollten Sie w\u00e4hlen? Hier finden Sie die Antworten.\" \/>\n<meta property=\"og:url\" content=\"https:\/\/gambling6.com\/de\/bingo\/tipps-zu-den-besten-bingo-websites\/\" \/>\n<meta property=\"og:site_name\" content=\"Gambling6\" \/>\n<meta property=\"article:modified_time\" content=\"2025-11-12T12:05:12+00:00\" \/>\n<meta property=\"og:image\" content=\"https:\/\/gambling6.com\/wp-content\/uploads\/2013\/12\/img_110.png\" \/>\n\t<meta property=\"og:image:width\" content=\"288\" \/>\n\t<meta property=\"og:image:height\" content=\"175\" \/>\n\t<meta property=\"og:image:type\" content=\"image\/png\" \/>\n<meta name=\"twitter:card\" content=\"summary_large_image\" \/>\n<meta name=\"twitter:label1\" content=\"Gesch\u00e4tzte Lesezeit\" \/>\n\t<meta name=\"twitter:data1\" content=\"2\u00a0Minuten\" \/>\n<script type=\"application\/ld+json\" class=\"yoast-schema-graph\">{\"@context\":\"https:\\\/\\\/schema.org\",\"@graph\":[{\"@type\":\"WebPage\",\"@id\":\"https:\\\/\\\/gambling6.com\\\/de\\\/bingo\\\/tipps-zu-den-besten-bingo-websites\\\/\",\"url\":\"https:\\\/\\\/gambling6.com\\\/de\\\/bingo\\\/tipps-zu-den-besten-bingo-websites\\\/\",\"name\":\"Bingo-Tipps \u2013 Welches sind die besten Bingo-Websites?\",\"isPartOf\":{\"@id\":\"https:\\\/\\\/gambling6.com\\\/de\\\/#website\"},\"primaryImageOfPage\":{\"@id\":\"https:\\\/\\\/gambling6.com\\\/de\\\/bingo\\\/tipps-zu-den-besten-bingo-websites\\\/#primaryimage\"},\"image\":{\"@id\":\"https:\\\/\\\/gambling6.com\\\/de\\\/bingo\\\/tipps-zu-den-besten-bingo-websites\\\/#primaryimage\"},\"thumbnailUrl\":\"https:\\\/\\\/gambling6.com\\\/wp-content\\\/uploads\\\/2013\\\/12\\\/img_110.png\",\"datePublished\":\"2025-11-07T17:39:26+00:00\",\"dateModified\":\"2025-11-12T12:05:12+00:00\",\"description\":\"Die Wahl der besten Bingo-Website ist wichtig \u2013 aber welche Website sollten Sie w\u00e4hlen? Hier finden Sie die Antworten.\",\"breadcrumb\":{\"@id\":\"https:\\\/\\\/gambling6.com\\\/de\\\/bingo\\\/tipps-zu-den-besten-bingo-websites\\\/#breadcrumb\"},\"inLanguage\":\"de\",\"potentialAction\":[{\"@type\":\"ReadAction\",\"target\":[\"https:\\\/\\\/gambling6.com\\\/de\\\/bingo\\\/tipps-zu-den-besten-bingo-websites\\\/\"]}]},{\"@type\":\"ImageObject\",\"inLanguage\":\"de\",\"@id\":\"https:\\\/\\\/gambling6.com\\\/de\\\/bingo\\\/tipps-zu-den-besten-bingo-websites\\\/#primaryimage\",\"url\":\"https:\\\/\\\/gambling6.com\\\/wp-content\\\/uploads\\\/2013\\\/12\\\/img_110.png\",\"contentUrl\":\"https:\\\/\\\/gambling6.com\\\/wp-content\\\/uploads\\\/2013\\\/12\\\/img_110.png\",\"width\":288,\"height\":175},{\"@type\":\"BreadcrumbList\",\"@id\":\"https:\\\/\\\/gambling6.com\\\/de\\\/bingo\\\/tipps-zu-den-besten-bingo-websites\\\/#breadcrumb\",\"itemListElement\":[{\"@type\":\"ListItem\",\"position\":1,\"name\":\"Home\",\"item\":\"https:\\\/\\\/gambling6.com\\\/de\\\/home\\\/\"},{\"@type\":\"ListItem\",\"position\":2,\"name\":\"Bingo\",\"item\":\"https:\\\/\\\/gambling6.com\\\/de\\\/bingo\\\/\"},{\"@type\":\"ListItem\",\"position\":3,\"name\":\"Tipps zu den besten Bingo-Websites\"}]},{\"@type\":\"WebSite\",\"@id\":\"https:\\\/\\\/gambling6.com\\\/de\\\/#website\",\"url\":\"https:\\\/\\\/gambling6.com\\\/de\\\/\",\"name\":\"Gambling6\",\"description\":\"\",\"potentialAction\":[{\"@type\":\"SearchAction\",\"target\":{\"@type\":\"EntryPoint\",\"urlTemplate\":\"https:\\\/\\\/gambling6.com\\\/de\\\/?s={search_term_string}\"},\"query-input\":{\"@type\":\"PropertyValueSpecification\",\"valueRequired\":true,\"valueName\":\"search_term_string\"}}],\"inLanguage\":\"de\"}]}<\/script>\n<!-- \/ Yoast SEO plugin. -->","yoast_head_json":{"title":"Bingo-Tipps \u2013 Welches sind die besten Bingo-Websites?","description":"Die Wahl der besten Bingo-Website ist wichtig \u2013 aber welche Website sollten Sie w\u00e4hlen? Hier finden Sie die Antworten.","robots":{"index":"index","follow":"follow","max-snippet":"max-snippet:-1","max-image-preview":"max-image-preview:large","max-video-preview":"max-video-preview:-1"},"canonical":"https:\/\/gambling6.com\/de\/bingo\/tipps-zu-den-besten-bingo-websites\/","og_locale":"de_DE","og_type":"article","og_title":"Bingo-Tipps \u2013 Welches sind die besten Bingo-Websites?","og_description":"Die Wahl der besten Bingo-Website ist wichtig \u2013 aber welche Website sollten Sie w\u00e4hlen? Hier finden Sie die Antworten.","og_url":"https:\/\/gambling6.com\/de\/bingo\/tipps-zu-den-besten-bingo-websites\/","og_site_name":"Gambling6","article_modified_time":"2025-11-12T12:05:12+00:00","og_image":[{"width":288,"height":175,"url":"https:\/\/gambling6.com\/wp-content\/uploads\/2013\/12\/img_110.png","type":"image\/png"}],"twitter_card":"summary_large_image","twitter_misc":{"Gesch\u00e4tzte Lesezeit":"2\u00a0Minuten"},"schema":{"@context":"https:\/\/schema.org","@graph":[{"@type":"WebPage","@id":"https:\/\/gambling6.com\/de\/bingo\/tipps-zu-den-besten-bingo-websites\/","url":"https:\/\/gambling6.com\/de\/bingo\/tipps-zu-den-besten-bingo-websites\/","name":"Bingo-Tipps \u2013 Welches sind die besten Bingo-Websites?","isPartOf":{"@id":"https:\/\/gambling6.com\/de\/#website"},"primaryImageOfPage":{"@id":"https:\/\/gambling6.com\/de\/bingo\/tipps-zu-den-besten-bingo-websites\/#primaryimage"},"image":{"@id":"https:\/\/gambling6.com\/de\/bingo\/tipps-zu-den-besten-bingo-websites\/#primaryimage"},"thumbnailUrl":"https:\/\/gambling6.com\/wp-content\/uploads\/2013\/12\/img_110.png","datePublished":"2025-11-07T17:39:26+00:00","dateModified":"2025-11-12T12:05:12+00:00","description":"Die Wahl der besten Bingo-Website ist wichtig \u2013 aber welche Website sollten Sie w\u00e4hlen? Hier finden Sie die Antworten.","breadcrumb":{"@id":"https:\/\/gambling6.com\/de\/bingo\/tipps-zu-den-besten-bingo-websites\/#breadcrumb"},"inLanguage":"de","potentialAction":[{"@type":"ReadAction","target":["https:\/\/gambling6.com\/de\/bingo\/tipps-zu-den-besten-bingo-websites\/"]}]},{"@type":"ImageObject","inLanguage":"de","@id":"https:\/\/gambling6.com\/de\/bingo\/tipps-zu-den-besten-bingo-websites\/#primaryimage","url":"https:\/\/gambling6.com\/wp-content\/uploads\/2013\/12\/img_110.png","contentUrl":"https:\/\/gambling6.com\/wp-content\/uploads\/2013\/12\/img_110.png","width":288,"height":175},{"@type":"BreadcrumbList","@id":"https:\/\/gambling6.com\/de\/bingo\/tipps-zu-den-besten-bingo-websites\/#breadcrumb","itemListElement":[{"@type":"ListItem","position":1,"name":"Home","item":"https:\/\/gambling6.com\/de\/home\/"},{"@type":"ListItem","position":2,"name":"Bingo","item":"https:\/\/gambling6.com\/de\/bingo\/"},{"@type":"ListItem","position":3,"name":"Tipps zu den besten Bingo-Websites"}]},{"@type":"WebSite","@id":"https:\/\/gambling6.com\/de\/#website","url":"https:\/\/gambling6.com\/de\/","name":"Gambling6","description":"","potentialAction":[{"@type":"SearchAction","target":{"@type":"EntryPoint","urlTemplate":"https:\/\/gambling6.com\/de\/?s={search_term_string}"},"query-input":{"@type":"PropertyValueSpecification","valueRequired":true,"valueName":"search_term_string"}}],"inLanguage":"de"}]}},"_links":{"self":[{"href":"https:\/\/gambling6.com\/de\/wp-json\/wp\/v2\/pages\/8447","targetHints":{"allow":["GET"]}}],"collection":[{"href":"https:\/\/gambling6.com\/de\/wp-json\/wp\/v2\/pages"}],"about":[{"href":"https:\/\/gambling6.com\/de\/wp-json\/wp\/v2\/types\/page"}],"author":[{"embeddable":true,"href":"https:\/\/gambling6.com\/de\/wp-json\/wp\/v2\/users\/1"}],"replies":[{"embeddable":true,"href":"https:\/\/gambling6.com\/de\/wp-json\/wp\/v2\/comments?post=8447"}],"version-history":[{"count":2,"href":"https:\/\/gambling6.com\/de\/wp-json\/wp\/v2\/pages\/8447\/revisions"}],"predecessor-version":[{"id":10618,"href":"https:\/\/gambling6.com\/de\/wp-json\/wp\/v2\/pages\/8447\/revisions\/10618"}],"up":[{"embeddable":true,"href":"https:\/\/gambling6.com\/de\/wp-json\/wp\/v2\/pages\/8501"}],"wp:featuredmedia":[{"embeddable":true,"href":"https:\/\/gambling6.com\/de\/wp-json\/wp\/v2\/media\/215"}],"wp:attachment":[{"href":"https:\/\/gambling6.com\/de\/wp-json\/wp\/v2\/media?parent=8447"}],"curies":[{"name":"wp","href":"https:\/\/api.w.org\/{rel}","templated":true}]}}