{"id":8501,"date":"2025-11-07T19:07:20","date_gmt":"2025-11-07T19:07:20","guid":{"rendered":"https:\/\/gambling6.com\/bingo\/"},"modified":"2025-11-12T18:01:18","modified_gmt":"2025-11-12T18:01:18","slug":"bingo","status":"publish","type":"page","link":"https:\/\/gambling6.com\/de\/bingo\/","title":{"rendered":"Bingo"},"content":{"rendered":"<h2>Informations de base sur le Bingo<\/h2>\n<p><a href=\"https:\/\/record.revenueplanet.com\/_BoBybWC_aAMWqcfzuvZcQMni_MQzyHn0\/1\/\" target=\"_new\"><img loading=\"lazy\" decoding=\"async\" class=\"alignright\" style=\"border: none;\" src=\"https:\/\/media.revenueplanet.com\/uploads\/nbb-120x600-oct-free.gif\" alt=\"BingoBilly kostenloses Bingo\" width=\"120\" height=\"600\" \/><\/a>Le Bingo est un jeu qui s&#8217;adresse aux jeunes comme aux moins jeunes. Originaire d&#8217;Italie au XVIe si\u00e8cle, il y \u00e9tait pratiqu\u00e9 sous le nom d&#8217;\u00ab Il Giuoco del Lotto d&#8217;Italia \u00bb avant de se r\u00e9pandre dans toute l&#8217;Europe. Le Bingo est un jeu social o\u00f9 le timing, les r\u00e9flexes, la compr\u00e9hension du jeu et, bien s\u00fbr, la chance jouent un r\u00f4le important.<\/p>\n<p>Au fil du temps, de nombreuses strat\u00e9gies ont \u00e9t\u00e9 \u00e9labor\u00e9es pour affiner les calculs et augmenter les chances de gagner. Certaines ont \u00e9chou\u00e9, d&#8217;autres ont fonctionn\u00e9. Le bingo en ligne est apparu au milieu des ann\u00e9es 1990 et n&#8217;a cess\u00e9 de se d\u00e9velopper depuis. Ses avantages, par rapport au bingo traditionnel, sont les suivants\u00a0:<\/p>\n<ul>\n<li>Vous pouvez jouer directement depuis chez vous<\/li>\n<li>Tout est simple<\/li>\n<li>Des bonus et des r\u00e9compenses sont offerts<\/li>\n<li>Vous pouvez jouer gratuitement<\/li>\n<li>Vous pouvez jouer \u00e0 toute heure du jour ou de la nuit<\/li>\n<li>Vous b\u00e9n\u00e9ficiez d&#8217;une assistance en ligne en temps r\u00e9el<\/li>\n<\/ul>\n<p>Pour les d\u00e9butants, il est conseill\u00e9 de jouer en mode d\u00e9mo afin de se familiariser avec les r\u00e8gles et le rythme du jeu. Les strat\u00e9gies ne garantissent pas les gains, mais augmentent les chances de gagner. Il est \u00e9galement recommand\u00e9 de jouer dans une salle avec un nombre r\u00e9duit de joueurs. Pour les joueurs plus exp\u00e9riment\u00e9s, il est conseill\u00e9 de jouer avec le plus de cartes possible\u00a0; cela augmente leurs chances de gagner. Le bingo se joue avec 30, 75, 80 et 90 boules.<\/p>\n<p>Le meilleur choix serait Bingo <a class=\"thirstylink\" title=\"Bingo Billy en\" href=\"https:\/\/gambling6.com\/go\/bingobilly-en\/\" target=\"_blank\" rel=\"nofollow noopener\">Billy &#8211; cliquez ici pour jouer<\/a>, et vous recevrez 30\u00a0$ de tickets de bingo gratuits pour commencer\u00a0! Bingo Billy accepte les joueurs du monde entier, y compris des \u00c9tats-Unis.<\/p>\n<h2>Le bingo \u00e0 30 boules<\/h2>\n<p>Le joueur choisit 30 boules et utilise une \u00e9chelle de 1 \u00e0 75. Les zones de bingo sont compos\u00e9es de cinq cases de cinq. Apr\u00e8s l&#8217;achat de sa carte, le joueur doit choisir 30 num\u00e9ros. Les num\u00e9ros sont tir\u00e9s et automatiquement marqu\u00e9s sur la carte. Le bingo est gagn\u00e9 lorsque le joueur obtient cinq ou six num\u00e9ros lui permettant de former une ligne verticale, horizontale ou diagonale. La partie se termine lorsque les 30 boules ont \u00e9t\u00e9 tir\u00e9es. Le joueur qui obtient le plus de lignes de bingo est d\u00e9clar\u00e9 gagnant.<\/p>\n<h2>Le bingo \u00e0 90 boules<\/h2>\n<p>La carte est compos\u00e9e de groupes de 9 \u00e0 3, contenant un total de 27 cases. Chaque rang\u00e9e comporte 5 num\u00e9ros et 4 cases vides. Le nombre total de num\u00e9ros sur la carte est de 15.<\/p>\n<h2>Le jeu de bingo \u00e0 80 boules<\/h2>\n<p>Chaque carte comporte 16 num\u00e9ros, 4 lignes et 4 colonnes.<\/p>\n<h2>Strat\u00e9gies de bingo en ligne<\/h2>\n<p>Joseph E. Granville affirmait pouvoir \u00ab\u00a0augmenter les chances de gagner jusqu&#8217;\u00e0 50\u00a0%\u00a0\u00bb. Il expliquait \u00e9galement que les num\u00e9ros tir\u00e9s de mani\u00e8re v\u00e9ritablement al\u00e9atoire suivent le sch\u00e9ma suivant\u00a0: un nombre \u00e9gal de num\u00e9ros se terminant par 1, 2, 3, 4, 5, 6, 7, 8 et 9\u00a0; les grands et les petits num\u00e9ros sont \u00e9quilibr\u00e9s\u00a0; lors du renouvellement de la grille, les num\u00e9ros tir\u00e9s se rapprochent du num\u00e9ro 38, et la moyenne est plus pr\u00e9cise.<\/p>\n<p><strong>Voici un exemple de grille al\u00e9atoire suivant le sch\u00e9ma de Joseph E. Granville\u00a0:<\/strong> 6, 11, 24, 32, 43, 57, 38, 69. Le statisticien britannique L.C.H. Tippet a \u00e9mis l&#8217;hypoth\u00e8se que les num\u00e9ros tir\u00e9s ont une probabilit\u00e9 proche de 38. Ceci \u00e9tant dit, vous disposez d&#8217;un large choix de sites et d&#8217;une br\u00e8ve introduction au monde du bingo. Selon vos pr\u00e9f\u00e9rences, vous pouvez choisir la version qui vous convient le mieux. Bonne chance\u00a0!<\/p>\n","protected":false},"excerpt":{"rendered":"<p>Informations de base sur le Bingo Le Bingo est un jeu qui s&#8217;adresse aux jeunes comme aux moins jeunes. Originaire d&#8217;Italie au XVIe si\u00e8cle, il y \u00e9tait pratiqu\u00e9 sous le nom d&#8217;\u00ab Il Giuoco del Lotto d&#8217;Italia \u00bb avant de se r\u00e9pandre dans toute l&#8217;Europe. Le Bingo est un jeu social o\u00f9 le timing, les [&hellip;]<\/p>\n","protected":false},"author":1,"featured_media":0,"parent":0,"menu_order":6,"comment_status":"closed","ping_status":"closed","template":"","meta":{"footnotes":""},"class_list":["post-8501","page","type-page","status-publish","hentry"],"yoast_head":"<!-- This site is optimized with the Yoast SEO plugin v27.3 - https:\/\/yoast.com\/product\/yoast-seo-wordpress\/ -->\n<title>Informations de base sur le bingo<\/title>\n<meta name=\"description\" content=\"Tout savoir sur le bingo en ligne et les meilleurs sites pour jouer au bingo en ligne\" \/>\n<meta name=\"robots\" content=\"index, follow, max-snippet:-1, max-image-preview:large, max-video-preview:-1\" \/>\n<link rel=\"canonical\" href=\"https:\/\/gambling6.com\/de\/bingo\/\" \/>\n<meta property=\"og:locale\" content=\"de_DE\" \/>\n<meta property=\"og:type\" content=\"article\" \/>\n<meta property=\"og:title\" content=\"Informations de base sur le bingo\" \/>\n<meta property=\"og:description\" content=\"Tout savoir sur le bingo en ligne et les meilleurs sites pour jouer au bingo en ligne\" \/>\n<meta property=\"og:url\" content=\"https:\/\/gambling6.com\/de\/bingo\/\" \/>\n<meta property=\"og:site_name\" content=\"Gambling6\" \/>\n<meta property=\"article:modified_time\" content=\"2025-11-12T18:01:18+00:00\" \/>\n<meta property=\"og:image\" content=\"https:\/\/media.revenueplanet.com\/uploads\/nbb-120x600-oct-free.gif\" \/>\n<meta name=\"twitter:card\" content=\"summary_large_image\" \/>\n<meta name=\"twitter:label1\" content=\"Gesch\u00e4tzte Lesezeit\" \/>\n\t<meta name=\"twitter:data1\" content=\"3\u00a0Minuten\" \/>\n<script type=\"application\/ld+json\" class=\"yoast-schema-graph\">{\"@context\":\"https:\\\/\\\/schema.org\",\"@graph\":[{\"@type\":\"WebPage\",\"@id\":\"https:\\\/\\\/gambling6.com\\\/de\\\/bingo\\\/\",\"url\":\"https:\\\/\\\/gambling6.com\\\/de\\\/bingo\\\/\",\"name\":\"Informations de base sur le bingo\",\"isPartOf\":{\"@id\":\"https:\\\/\\\/gambling6.com\\\/de\\\/#website\"},\"primaryImageOfPage\":{\"@id\":\"https:\\\/\\\/gambling6.com\\\/de\\\/bingo\\\/#primaryimage\"},\"image\":{\"@id\":\"https:\\\/\\\/gambling6.com\\\/de\\\/bingo\\\/#primaryimage\"},\"thumbnailUrl\":\"https:\\\/\\\/media.revenueplanet.com\\\/uploads\\\/nbb-120x600-oct-free.gif\",\"datePublished\":\"2025-11-07T19:07:20+00:00\",\"dateModified\":\"2025-11-12T18:01:18+00:00\",\"description\":\"Tout savoir sur le bingo en ligne et les meilleurs sites pour jouer au bingo en ligne\",\"breadcrumb\":{\"@id\":\"https:\\\/\\\/gambling6.com\\\/de\\\/bingo\\\/#breadcrumb\"},\"inLanguage\":\"de\",\"potentialAction\":[{\"@type\":\"ReadAction\",\"target\":[\"https:\\\/\\\/gambling6.com\\\/de\\\/bingo\\\/\"]}]},{\"@type\":\"ImageObject\",\"inLanguage\":\"de\",\"@id\":\"https:\\\/\\\/gambling6.com\\\/de\\\/bingo\\\/#primaryimage\",\"url\":\"https:\\\/\\\/media.revenueplanet.com\\\/uploads\\\/nbb-120x600-oct-free.gif\",\"contentUrl\":\"https:\\\/\\\/media.revenueplanet.com\\\/uploads\\\/nbb-120x600-oct-free.gif\"},{\"@type\":\"BreadcrumbList\",\"@id\":\"https:\\\/\\\/gambling6.com\\\/de\\\/bingo\\\/#breadcrumb\",\"itemListElement\":[{\"@type\":\"ListItem\",\"position\":1,\"name\":\"Home\",\"item\":\"https:\\\/\\\/gambling6.com\\\/de\\\/home\\\/\"},{\"@type\":\"ListItem\",\"position\":2,\"name\":\"Bingo\"}]},{\"@type\":\"WebSite\",\"@id\":\"https:\\\/\\\/gambling6.com\\\/de\\\/#website\",\"url\":\"https:\\\/\\\/gambling6.com\\\/de\\\/\",\"name\":\"Gambling6\",\"description\":\"\",\"potentialAction\":[{\"@type\":\"SearchAction\",\"target\":{\"@type\":\"EntryPoint\",\"urlTemplate\":\"https:\\\/\\\/gambling6.com\\\/de\\\/?s={search_term_string}\"},\"query-input\":{\"@type\":\"PropertyValueSpecification\",\"valueRequired\":true,\"valueName\":\"search_term_string\"}}],\"inLanguage\":\"de\"}]}<\/script>\n<!-- \/ Yoast SEO plugin. -->","yoast_head_json":{"title":"Informations de base sur le bingo","description":"Tout savoir sur le bingo en ligne et les meilleurs sites pour jouer au bingo en ligne","robots":{"index":"index","follow":"follow","max-snippet":"max-snippet:-1","max-image-preview":"max-image-preview:large","max-video-preview":"max-video-preview:-1"},"canonical":"https:\/\/gambling6.com\/de\/bingo\/","og_locale":"de_DE","og_type":"article","og_title":"Informations de base sur le bingo","og_description":"Tout savoir sur le bingo en ligne et les meilleurs sites pour jouer au bingo en ligne","og_url":"https:\/\/gambling6.com\/de\/bingo\/","og_site_name":"Gambling6","article_modified_time":"2025-11-12T18:01:18+00:00","og_image":[{"url":"https:\/\/media.revenueplanet.com\/uploads\/nbb-120x600-oct-free.gif","type":"","width":"","height":""}],"twitter_card":"summary_large_image","twitter_misc":{"Gesch\u00e4tzte Lesezeit":"3\u00a0Minuten"},"schema":{"@context":"https:\/\/schema.org","@graph":[{"@type":"WebPage","@id":"https:\/\/gambling6.com\/de\/bingo\/","url":"https:\/\/gambling6.com\/de\/bingo\/","name":"Informations de base sur le bingo","isPartOf":{"@id":"https:\/\/gambling6.com\/de\/#website"},"primaryImageOfPage":{"@id":"https:\/\/gambling6.com\/de\/bingo\/#primaryimage"},"image":{"@id":"https:\/\/gambling6.com\/de\/bingo\/#primaryimage"},"thumbnailUrl":"https:\/\/media.revenueplanet.com\/uploads\/nbb-120x600-oct-free.gif","datePublished":"2025-11-07T19:07:20+00:00","dateModified":"2025-11-12T18:01:18+00:00","description":"Tout savoir sur le bingo en ligne et les meilleurs sites pour jouer au bingo en ligne","breadcrumb":{"@id":"https:\/\/gambling6.com\/de\/bingo\/#breadcrumb"},"inLanguage":"de","potentialAction":[{"@type":"ReadAction","target":["https:\/\/gambling6.com\/de\/bingo\/"]}]},{"@type":"ImageObject","inLanguage":"de","@id":"https:\/\/gambling6.com\/de\/bingo\/#primaryimage","url":"https:\/\/media.revenueplanet.com\/uploads\/nbb-120x600-oct-free.gif","contentUrl":"https:\/\/media.revenueplanet.com\/uploads\/nbb-120x600-oct-free.gif"},{"@type":"BreadcrumbList","@id":"https:\/\/gambling6.com\/de\/bingo\/#breadcrumb","itemListElement":[{"@type":"ListItem","position":1,"name":"Home","item":"https:\/\/gambling6.com\/de\/home\/"},{"@type":"ListItem","position":2,"name":"Bingo"}]},{"@type":"WebSite","@id":"https:\/\/gambling6.com\/de\/#website","url":"https:\/\/gambling6.com\/de\/","name":"Gambling6","description":"","potentialAction":[{"@type":"SearchAction","target":{"@type":"EntryPoint","urlTemplate":"https:\/\/gambling6.com\/de\/?s={search_term_string}"},"query-input":{"@type":"PropertyValueSpecification","valueRequired":true,"valueName":"search_term_string"}}],"inLanguage":"de"}]}},"_links":{"self":[{"href":"https:\/\/gambling6.com\/de\/wp-json\/wp\/v2\/pages\/8501","targetHints":{"allow":["GET"]}}],"collection":[{"href":"https:\/\/gambling6.com\/de\/wp-json\/wp\/v2\/pages"}],"about":[{"href":"https:\/\/gambling6.com\/de\/wp-json\/wp\/v2\/types\/page"}],"author":[{"embeddable":true,"href":"https:\/\/gambling6.com\/de\/wp-json\/wp\/v2\/users\/1"}],"replies":[{"embeddable":true,"href":"https:\/\/gambling6.com\/de\/wp-json\/wp\/v2\/comments?post=8501"}],"version-history":[{"count":3,"href":"https:\/\/gambling6.com\/de\/wp-json\/wp\/v2\/pages\/8501\/revisions"}],"predecessor-version":[{"id":10730,"href":"https:\/\/gambling6.com\/de\/wp-json\/wp\/v2\/pages\/8501\/revisions\/10730"}],"wp:attachment":[{"href":"https:\/\/gambling6.com\/de\/wp-json\/wp\/v2\/media?parent=8501"}],"curies":[{"name":"wp","href":"https:\/\/api.w.org\/{rel}","templated":true}]}}