{"id":8577,"date":"2025-11-07T20:27:31","date_gmt":"2025-11-07T20:27:31","guid":{"rendered":"https:\/\/gambling6.com\/kasino\/mobiles-spielen-glucksspiel-unterwegs\/"},"modified":"2025-11-12T16:53:01","modified_gmt":"2025-11-12T16:53:01","slug":"mobiles-spielen-glucksspiel-unterwegs","status":"publish","type":"page","link":"https:\/\/gambling6.com\/de\/kasino\/mobiles-spielen-glucksspiel-unterwegs\/","title":{"rendered":"Mobiles Spielen \u2013 Gl\u00fccksspiel unterwegs"},"content":{"rendered":"<h2>Online-Gl\u00fccksspiel auf Mobilger\u00e4ten<\/h2>\n<h3>HTML5 vs. native Apps \u2013 Sie haben die Wahl!<\/h3>\n<p>Ein Blick in ein gutes Gl\u00fccksspielverzeichnis zeigt schnell, dass es viele gro\u00dfartige Optionen f\u00fcr Spieler gibt, die ihre Lieblingsspiele online genie\u00dfen m\u00f6chten. Verschiedene Seiten bieten sicheres Online-Gl\u00fccksspiel in nahezu jeder Kategorie an, wobei Poker, Casino und Sportwetten in der Regel ganz oben auf der Liste stehen. Wichtig zu wissen ist, dass es trotz der Regulierungen in den USA auch Optionen f\u00fcr Spieler aus den USA gibt. Amerikaner sollten daher problemlos \u00fcber ein iGambling-Portal eine zuverl\u00e4ssige Seite finden.<\/p>\n<p><img loading=\"lazy\" decoding=\"async\" class=\" alignright size-full wp-image-400\" style=\"margin: 5px; float: right;\" src=\"http:\/\/gambling6.com\/wp-content\/uploads\/2013\/12\/mobile-gambling-150x150.jpg\" alt=\"mobile Gl\u00fccksspiel-Apps\" width=\"150\" height=\"150\" \/>W\u00e4hrend das Online-Gl\u00fccksspielangebot weiter w\u00e4chst, geht der Trend eindeutig in Richtung Mobile Gaming. Nahezu alle f\u00fchrenden Anbieter der Branche haben bereits eine mobile App im Angebot oder arbeiten daran, mit der ihre Nutzer \u00fcber ihr Smartphone auf dieselben Dienste zugreifen k\u00f6nnen wie zu Hause. In einem k\u00fcrzlich gef\u00fchrten Interview erkl\u00e4rte Dr. Christos Dimitriadis, Informationschef von Intralot, dass mobiles Gl\u00fccksspiel in allen EU-L\u00e4ndern legalisiert werden wird.<\/p>\n<p>Obwohl er keinen konkreten Zeitpunkt nannte, ist die Legalisierung und sorgf\u00e4ltige Regulierung von mobilem Gl\u00fccksspiel aufgrund der staatlichen Kontrolle unerl\u00e4sslich. Da immer mehr Spieler mobil spielen, m\u00fcssen Anbieter und Regulierungsbeh\u00f6rden in den einzelnen M\u00e4rkten zusammenarbeiten, um eine optimale L\u00f6sung zu finden.<\/p>\n<h2>HTML5<\/h2>\n<p>Einige der gr\u00f6\u00dften Anbieter im Online-Gl\u00fccksspielmarkt haben bereits bedeutende Schritte unternommen, um ihr mobiles Angebot zu verbessern. 888 ist weltweit bekannt, vor allem f\u00fcr seine Online-Sportwetten, die nahezu den gesamten Globus abdecken und Wetten auf alle wichtigen Sportarten und verschiedene Ligen anbieten. Die Seite bietet au\u00dferdem Casinospiele, Poker, Bingo und weitere Online-Spielekategorien und z\u00e4hlt damit zu den Branchenf\u00fchrern.<\/p>\n<p><a class=\"thirstylink\" title=\"888 casino en\" href=\"https:\/\/gambling6.com\/go\/888-casino-en\/\" target=\"_blank\" rel=\"nofollow noopener\"><strong>Klicken Sie hier, um 888 Casino zu besuchen<\/strong><\/a> \u2013 Erstellen Sie kostenlos ein Spielerkonto und laden Sie anschlie\u00dfend die mobile App herunter.<\/p>\n<p>K\u00fcrzlich hat 888 seine mobile Plattform auf eine HTML5-Version umgestellt, um die Nutzung f\u00fcr die Spieler deutlich zu vereinfachen. Grunds\u00e4tzlich basiert das Audio- und Videostreaming des Anbieters nun auf HTML5, sodass Nutzer das Geschehen auf ihrem bevorzugten Ger\u00e4t verfolgen k\u00f6nnen, ohne ein Flash-Plugin zu ben\u00f6tigen. Dies er\u00f6ffnet neue M\u00f6glichkeiten, da Nutzer nun Wetten platzieren und gleichzeitig Echtzeitdaten erhalten k\u00f6nnen. Die HTML5-Version bietet zudem ein besseres Nutzererlebnis. Sie erkennt die Bildschirmgr\u00f6\u00dfe, die Systemleistung und die verf\u00fcgbaren Verbindungen des Ger\u00e4ts.<\/p>\n<p>Daher sind die notwendigen Vorkehrungen zu treffen, um einen reibungslosen Ablauf zu gew\u00e4hrleisten, beispielsweise die Qualit\u00e4t zu reduzieren oder vor dem Start eines Videos zu warten, um Bandbreite zu sparen. Bewertungsportale f\u00fcr Gl\u00fccksspiele erleichtern die Suche nach einem zuverl\u00e4ssigen Online-Casino erheblich, indem sie die Seiten anhand ihrer St\u00e4rken in verschiedene Kategorien einteilen. Einige Seiten konzentrieren sich auf ihre mobilen Angebote, und US-amerikanische Online-Casinos sind immer ein interessantes Thema.<\/p>\n<h2>Native Apps<\/h2>\n<p>Native Apps m\u00fcssen heruntergeladen und installiert werden, was bedeutet, dass verschiedene Versionen ben\u00f6tigt werden, um die unterschiedlichen verf\u00fcgbaren mobilen Betriebssysteme zu unterst\u00fctzen. Obwohl diese bei Online-Casinos weit verbreitet sind, verlieren sie gegen\u00fcber HTML5 zunehmend an Bedeutung. Daf\u00fcr gibt es viele Gr\u00fcnde, der wichtigste ist jedoch, dass eine einzige HTML5-Version auf allen Mobilger\u00e4ten funktioniert und die notwendigen Anpassungen selbstst\u00e4ndig vornimmt. Wie bereits erw\u00e4hnt, wird 888 seine nativen Apps nicht aufgeben und auch weiterhin auf HTML4 setzen.<\/p>\n<p>Dies ist ein hervorragendes Beispiel f\u00fcr andere Anbieter, da ein abrupter Wechsel zu HTML5 und die damit einhergehende Aufgabe der bisherigen Optionen bedeuten w\u00fcrde, dass einige Nutzer keinen Zugriff mehr auf die Angebote h\u00e4tten. Nicht alle Spieler verf\u00fcgen \u00fcber die notwendige Technologie, um die neue Softwaregeneration einwandfrei auszuf\u00fchren. Daher ist dies zwar ein guter Schritt hin zu einem besseren mobilen Gl\u00fccksspiel, sollte sich aber nicht negativ auf bestehende Kunden auswirken. Native Apps bleiben eine hervorragende M\u00f6glichkeit, Online-Casino-Spiele auf verschiedenen Mobilger\u00e4ten zu genie\u00dfen. Der gesamte Einrichtungsprozess ist in der Regel schnell erledigt. HTML5 ist zwar der n\u00e4chste gro\u00dfe Schritt f\u00fcr alle Anbieter, aber die aktuell verf\u00fcgbaren Angebote sind ebenfalls sehr attraktiv.<\/p>\n","protected":false},"excerpt":{"rendered":"<p>Online-Gl\u00fccksspiel auf Mobilger\u00e4ten HTML5 vs. native Apps \u2013 Sie haben die Wahl! Ein Blick in ein gutes Gl\u00fccksspielverzeichnis zeigt schnell, dass es viele gro\u00dfartige Optionen f\u00fcr Spieler gibt, die ihre Lieblingsspiele online genie\u00dfen m\u00f6chten. Verschiedene Seiten bieten sicheres Online-Gl\u00fccksspiel in nahezu jeder Kategorie an, wobei Poker, Casino und Sportwetten in der Regel ganz oben auf [&hellip;]<\/p>\n","protected":false},"author":1,"featured_media":402,"parent":8306,"menu_order":40,"comment_status":"closed","ping_status":"closed","template":"","meta":{"footnotes":""},"class_list":["post-8577","page","type-page","status-publish","has-post-thumbnail","hentry"],"yoast_head":"<!-- This site is optimized with the Yoast SEO plugin v27.3 - https:\/\/yoast.com\/product\/yoast-seo-wordpress\/ -->\n<title>Online-Gl\u00fccksspiel auf Mobilger\u00e4ten<\/title>\n<meta name=\"description\" content=\"Mobile Gl\u00fccksspiele erfreuen sich immer gr\u00f6\u00dferer Beliebtheit und die Anwendungen bieten immer bessere Grafiken und mehr Funktionen.\" \/>\n<meta name=\"robots\" content=\"index, follow, max-snippet:-1, max-image-preview:large, max-video-preview:-1\" \/>\n<link rel=\"canonical\" href=\"https:\/\/gambling6.com\/de\/kasino\/mobiles-spielen-glucksspiel-unterwegs\/\" \/>\n<meta property=\"og:locale\" content=\"de_DE\" \/>\n<meta property=\"og:type\" content=\"article\" \/>\n<meta property=\"og:title\" content=\"Online-Gl\u00fccksspiel auf Mobilger\u00e4ten\" \/>\n<meta property=\"og:description\" content=\"Mobile Gl\u00fccksspiele erfreuen sich immer gr\u00f6\u00dferer Beliebtheit und die Anwendungen bieten immer bessere Grafiken und mehr Funktionen.\" \/>\n<meta property=\"og:url\" content=\"https:\/\/gambling6.com\/de\/kasino\/mobiles-spielen-glucksspiel-unterwegs\/\" \/>\n<meta property=\"og:site_name\" content=\"Gambling6\" \/>\n<meta property=\"article:modified_time\" content=\"2025-11-12T16:53:01+00:00\" \/>\n<meta property=\"og:image\" content=\"https:\/\/gambling6.com\/wp-content\/uploads\/2013\/12\/mobile-gambling-150x150.jpg\" \/>\n\t<meta property=\"og:image:width\" content=\"150\" \/>\n\t<meta property=\"og:image:height\" content=\"150\" \/>\n\t<meta property=\"og:image:type\" content=\"image\/jpeg\" \/>\n<meta name=\"twitter:card\" content=\"summary_large_image\" \/>\n<meta name=\"twitter:label1\" content=\"Gesch\u00e4tzte Lesezeit\" \/>\n\t<meta name=\"twitter:data1\" content=\"3\u00a0Minuten\" \/>\n<script type=\"application\/ld+json\" class=\"yoast-schema-graph\">{\"@context\":\"https:\\\/\\\/schema.org\",\"@graph\":[{\"@type\":\"WebPage\",\"@id\":\"https:\\\/\\\/gambling6.com\\\/de\\\/kasino\\\/mobiles-spielen-glucksspiel-unterwegs\\\/\",\"url\":\"https:\\\/\\\/gambling6.com\\\/de\\\/kasino\\\/mobiles-spielen-glucksspiel-unterwegs\\\/\",\"name\":\"Online-Gl\u00fccksspiel auf Mobilger\u00e4ten\",\"isPartOf\":{\"@id\":\"https:\\\/\\\/gambling6.com\\\/de\\\/#website\"},\"primaryImageOfPage\":{\"@id\":\"https:\\\/\\\/gambling6.com\\\/de\\\/kasino\\\/mobiles-spielen-glucksspiel-unterwegs\\\/#primaryimage\"},\"image\":{\"@id\":\"https:\\\/\\\/gambling6.com\\\/de\\\/kasino\\\/mobiles-spielen-glucksspiel-unterwegs\\\/#primaryimage\"},\"thumbnailUrl\":\"https:\\\/\\\/gambling6.com\\\/wp-content\\\/uploads\\\/2013\\\/12\\\/mobile-gambling-150x150.jpg\",\"datePublished\":\"2025-11-07T20:27:31+00:00\",\"dateModified\":\"2025-11-12T16:53:01+00:00\",\"description\":\"Mobile Gl\u00fccksspiele erfreuen sich immer gr\u00f6\u00dferer Beliebtheit und die Anwendungen bieten immer bessere Grafiken und mehr Funktionen.\",\"breadcrumb\":{\"@id\":\"https:\\\/\\\/gambling6.com\\\/de\\\/kasino\\\/mobiles-spielen-glucksspiel-unterwegs\\\/#breadcrumb\"},\"inLanguage\":\"de\",\"potentialAction\":[{\"@type\":\"ReadAction\",\"target\":[\"https:\\\/\\\/gambling6.com\\\/de\\\/kasino\\\/mobiles-spielen-glucksspiel-unterwegs\\\/\"]}]},{\"@type\":\"ImageObject\",\"inLanguage\":\"de\",\"@id\":\"https:\\\/\\\/gambling6.com\\\/de\\\/kasino\\\/mobiles-spielen-glucksspiel-unterwegs\\\/#primaryimage\",\"url\":\"https:\\\/\\\/gambling6.com\\\/wp-content\\\/uploads\\\/2013\\\/12\\\/mobile-gambling-150x150.jpg\",\"contentUrl\":\"https:\\\/\\\/gambling6.com\\\/wp-content\\\/uploads\\\/2013\\\/12\\\/mobile-gambling-150x150.jpg\",\"width\":150,\"height\":150,\"caption\":\"online slotmachine\"},{\"@type\":\"BreadcrumbList\",\"@id\":\"https:\\\/\\\/gambling6.com\\\/de\\\/kasino\\\/mobiles-spielen-glucksspiel-unterwegs\\\/#breadcrumb\",\"itemListElement\":[{\"@type\":\"ListItem\",\"position\":1,\"name\":\"Home\",\"item\":\"https:\\\/\\\/gambling6.com\\\/de\\\/home\\\/\"},{\"@type\":\"ListItem\",\"position\":2,\"name\":\"Kasino\",\"item\":\"https:\\\/\\\/gambling6.com\\\/de\\\/get-started-with-online-gambling\\\/\"},{\"@type\":\"ListItem\",\"position\":3,\"name\":\"Mobiles Spielen \u2013 Gl\u00fccksspiel unterwegs\"}]},{\"@type\":\"WebSite\",\"@id\":\"https:\\\/\\\/gambling6.com\\\/de\\\/#website\",\"url\":\"https:\\\/\\\/gambling6.com\\\/de\\\/\",\"name\":\"Gambling6\",\"description\":\"\",\"potentialAction\":[{\"@type\":\"SearchAction\",\"target\":{\"@type\":\"EntryPoint\",\"urlTemplate\":\"https:\\\/\\\/gambling6.com\\\/de\\\/?s={search_term_string}\"},\"query-input\":{\"@type\":\"PropertyValueSpecification\",\"valueRequired\":true,\"valueName\":\"search_term_string\"}}],\"inLanguage\":\"de\"}]}<\/script>\n<!-- \/ Yoast SEO plugin. -->","yoast_head_json":{"title":"Online-Gl\u00fccksspiel auf Mobilger\u00e4ten","description":"Mobile Gl\u00fccksspiele erfreuen sich immer gr\u00f6\u00dferer Beliebtheit und die Anwendungen bieten immer bessere Grafiken und mehr Funktionen.","robots":{"index":"index","follow":"follow","max-snippet":"max-snippet:-1","max-image-preview":"max-image-preview:large","max-video-preview":"max-video-preview:-1"},"canonical":"https:\/\/gambling6.com\/de\/kasino\/mobiles-spielen-glucksspiel-unterwegs\/","og_locale":"de_DE","og_type":"article","og_title":"Online-Gl\u00fccksspiel auf Mobilger\u00e4ten","og_description":"Mobile Gl\u00fccksspiele erfreuen sich immer gr\u00f6\u00dferer Beliebtheit und die Anwendungen bieten immer bessere Grafiken und mehr Funktionen.","og_url":"https:\/\/gambling6.com\/de\/kasino\/mobiles-spielen-glucksspiel-unterwegs\/","og_site_name":"Gambling6","article_modified_time":"2025-11-12T16:53:01+00:00","og_image":[{"width":150,"height":150,"url":"https:\/\/gambling6.com\/wp-content\/uploads\/2013\/12\/mobile-gambling-150x150.jpg","type":"image\/jpeg"}],"twitter_card":"summary_large_image","twitter_misc":{"Gesch\u00e4tzte Lesezeit":"3\u00a0Minuten"},"schema":{"@context":"https:\/\/schema.org","@graph":[{"@type":"WebPage","@id":"https:\/\/gambling6.com\/de\/kasino\/mobiles-spielen-glucksspiel-unterwegs\/","url":"https:\/\/gambling6.com\/de\/kasino\/mobiles-spielen-glucksspiel-unterwegs\/","name":"Online-Gl\u00fccksspiel auf Mobilger\u00e4ten","isPartOf":{"@id":"https:\/\/gambling6.com\/de\/#website"},"primaryImageOfPage":{"@id":"https:\/\/gambling6.com\/de\/kasino\/mobiles-spielen-glucksspiel-unterwegs\/#primaryimage"},"image":{"@id":"https:\/\/gambling6.com\/de\/kasino\/mobiles-spielen-glucksspiel-unterwegs\/#primaryimage"},"thumbnailUrl":"https:\/\/gambling6.com\/wp-content\/uploads\/2013\/12\/mobile-gambling-150x150.jpg","datePublished":"2025-11-07T20:27:31+00:00","dateModified":"2025-11-12T16:53:01+00:00","description":"Mobile Gl\u00fccksspiele erfreuen sich immer gr\u00f6\u00dferer Beliebtheit und die Anwendungen bieten immer bessere Grafiken und mehr Funktionen.","breadcrumb":{"@id":"https:\/\/gambling6.com\/de\/kasino\/mobiles-spielen-glucksspiel-unterwegs\/#breadcrumb"},"inLanguage":"de","potentialAction":[{"@type":"ReadAction","target":["https:\/\/gambling6.com\/de\/kasino\/mobiles-spielen-glucksspiel-unterwegs\/"]}]},{"@type":"ImageObject","inLanguage":"de","@id":"https:\/\/gambling6.com\/de\/kasino\/mobiles-spielen-glucksspiel-unterwegs\/#primaryimage","url":"https:\/\/gambling6.com\/wp-content\/uploads\/2013\/12\/mobile-gambling-150x150.jpg","contentUrl":"https:\/\/gambling6.com\/wp-content\/uploads\/2013\/12\/mobile-gambling-150x150.jpg","width":150,"height":150,"caption":"online slotmachine"},{"@type":"BreadcrumbList","@id":"https:\/\/gambling6.com\/de\/kasino\/mobiles-spielen-glucksspiel-unterwegs\/#breadcrumb","itemListElement":[{"@type":"ListItem","position":1,"name":"Home","item":"https:\/\/gambling6.com\/de\/home\/"},{"@type":"ListItem","position":2,"name":"Kasino","item":"https:\/\/gambling6.com\/de\/get-started-with-online-gambling\/"},{"@type":"ListItem","position":3,"name":"Mobiles Spielen \u2013 Gl\u00fccksspiel unterwegs"}]},{"@type":"WebSite","@id":"https:\/\/gambling6.com\/de\/#website","url":"https:\/\/gambling6.com\/de\/","name":"Gambling6","description":"","potentialAction":[{"@type":"SearchAction","target":{"@type":"EntryPoint","urlTemplate":"https:\/\/gambling6.com\/de\/?s={search_term_string}"},"query-input":{"@type":"PropertyValueSpecification","valueRequired":true,"valueName":"search_term_string"}}],"inLanguage":"de"}]}},"_links":{"self":[{"href":"https:\/\/gambling6.com\/de\/wp-json\/wp\/v2\/pages\/8577","targetHints":{"allow":["GET"]}}],"collection":[{"href":"https:\/\/gambling6.com\/de\/wp-json\/wp\/v2\/pages"}],"about":[{"href":"https:\/\/gambling6.com\/de\/wp-json\/wp\/v2\/types\/page"}],"author":[{"embeddable":true,"href":"https:\/\/gambling6.com\/de\/wp-json\/wp\/v2\/users\/1"}],"replies":[{"embeddable":true,"href":"https:\/\/gambling6.com\/de\/wp-json\/wp\/v2\/comments?post=8577"}],"version-history":[{"count":2,"href":"https:\/\/gambling6.com\/de\/wp-json\/wp\/v2\/pages\/8577\/revisions"}],"predecessor-version":[{"id":10687,"href":"https:\/\/gambling6.com\/de\/wp-json\/wp\/v2\/pages\/8577\/revisions\/10687"}],"up":[{"embeddable":true,"href":"https:\/\/gambling6.com\/de\/wp-json\/wp\/v2\/pages\/8306"}],"wp:featuredmedia":[{"embeddable":true,"href":"https:\/\/gambling6.com\/de\/wp-json\/wp\/v2\/media\/402"}],"wp:attachment":[{"href":"https:\/\/gambling6.com\/de\/wp-json\/wp\/v2\/media?parent=8577"}],"curies":[{"name":"wp","href":"https:\/\/api.w.org\/{rel}","templated":true}]}}