{"id":8628,"date":"2025-11-07T21:37:27","date_gmt":"2025-11-07T21:37:27","guid":{"rendered":"https:\/\/gambling6.com\/spielen-auf-europaischen-pokerseiten\/"},"modified":"2025-11-12T17:57:46","modified_gmt":"2025-11-12T17:57:46","slug":"spielen-auf-europaischen-pokerseiten","status":"publish","type":"page","link":"https:\/\/gambling6.com\/de\/poker\/spielen-auf-europaischen-pokerseiten\/","title":{"rendered":"Spielen auf europ\u00e4ischen Pokerseiten"},"content":{"rendered":"<h2>Auch europ\u00e4ische Seiten bieten Poker an.<\/h2>\n<p>In den letzten Jahren hat die Popularit\u00e4t von Poker neue H\u00f6hen erreicht. Die europ\u00e4ischen L\u00e4nder sind ein bedeutender Markt f\u00fcr Online-Pokerseiten, und das harte Vorgehen der US-Regierung gegen Online-Gl\u00fccksspiel hat die Betreiber gezwungen, sich verst\u00e4rkt auf den europ\u00e4ischen Markt zu konzentrieren. Obwohl Live-Poker bei Europ\u00e4ern sehr beliebt ist, holt Online-Poker bei internetaffinen Spielern schnell auf. L\u00e4nder wie Gro\u00dfbritannien, \u00d6sterreich und Deutschland veranstalten sogar internationale Pokerturniere.<\/p>\n<p><img loading=\"lazy\" decoding=\"async\" class=\"size-full wp-image-3075 alignright\" src=\"https:\/\/gambling6.com\/wp-content\/uploads\/2022\/04\/poker_bonusode_test_bericht.png\" alt=\"europ\u00e4ische Pokerseiten\" width=\"246\" height=\"200\" \/>Der Kontinent Europa umfasst mehrere L\u00e4nder, die Mitglieder der Europ\u00e4ischen Union (EU) sind. Online-Poker wird in der gesamten Europ\u00e4ischen Union positiv gesehen \u2013 tats\u00e4chlich ist der Betrieb von Online-Pokerseiten auf europ\u00e4ischen M\u00e4rkten nicht verboten. Allerdings hat jedes Mitgliedsland seine eigenen Gesetze zum Online-Gl\u00fccksspiel. Daher ist die rechtliche Lage von Online-Poker in Europa recht komplex. Alle EU-Mitgliedstaaten m\u00fcssen zwar die Dienste anderer Mitgliedstaaten akzeptieren, aber jedes Land hat die Freiheit, \u00fcber die Legalit\u00e4t von Online-Gl\u00fccksspiel selbst zu entscheiden.<\/p>\n<p>Folglich haben einige EU-Mitgliedstaaten Online-Gl\u00fccksspiel verboten, einige haben es legalisiert, w\u00e4hrend andere einen uneindeutigen Ansatz verfolgen. Obwohl Online-Gl\u00fccksspiel grunds\u00e4tzlich erlaubt ist, sollten europ\u00e4ische Online-Pokerspieler vorsichtig sein \u2013 es wird empfohlen, sich vor Spielbeginn \u00fcber die jeweiligen nationalen Bestimmungen zu informieren. Obwohl Online-Pokerseiten von der Europ\u00e4ischen Union besteuert und reguliert werden, gibt es Unterschiede in den Gesetzen der einzelnen Mitgliedstaaten bez\u00fcglich Online-Gl\u00fccksspiel.<\/p>\n<h2>Beste Online-Pokerseite f\u00fcr europ\u00e4ische Spieler<\/h2>\n<p>Europ\u00e4ische Online-Pokerspieler haben eine deutlich gr\u00f6\u00dfere Auswahl an Pokerseiten als US-Spieler. Besonders hervorzuheben ist 888 Poker.<\/p>\n<p><span style=\"background-color: transparent;\"><strong>888 Poker<\/strong> ist ein bekannter Name unter europ\u00e4ischen Pokerseiten. Und sie schenken neuen Spielern sogar ein <span style=\"font-size: medium;\"><strong>kostenloses Startkapital von 20 \u20ac \u2013 einen v\u00f6llig risikofreien Einstieg ins Echtgeld-Poker<\/strong><\/span>! Au\u00dferdem erhalten Sie bei einer sp\u00e4teren Einzahlung einen weiteren Bonus von 300 \u20ac. <\/span><a class=\"thirstylink\" title=\"888 poker en\" href=\"https:\/\/gambling6.com\/go\/888-poker-en\/\" target=\"_blank\" rel=\"nofollow noopener\"><strong>Klicken Sie hier, um sich bei 888 anzumelden und mit 20 \u20ac Echtgeld gratis zu spielen.<\/strong><\/a><\/p>\n<p><a href=\"https:\/\/ic.aff-handler.com\/C\/46138?sr=1073333&amp;anid=\" rel=\"nofollow\"><img loading=\"lazy\" decoding=\"async\" class=\"aligncenter\" src=\"https:\/\/ic.aff-handler.com\/I\/46138?sr=1073333&amp;anid=\" width=\"530\" height=\"68\" \/><\/a><\/p>\n<p>Beispielsweise erlaubt das Vereinigte K\u00f6nigreich seinen B\u00fcrgern das Online-Gl\u00fccksspiel und gestattet auch ausl\u00e4ndischen Gl\u00fccksspielanbietern den Betrieb im Land. In den Niederlanden d\u00fcrfen Einwohner nur auf Online-Pokerseiten spielen, die \u00fcber eine niederl\u00e4ndische Lizenz verf\u00fcgen. Osteurop\u00e4ische L\u00e4nder hingegen waren lange Zeit nicht am Online-Gl\u00fccksspiel beteiligt, haben sich aber in letzter Zeit mit dem einfachen Internetzugang ebenfalls angeschlossen. K\u00fcrzlich wurde der EU ein Vorschlag f\u00fcr ein einheitliches Regulierungssystem f\u00fcr Online-Gl\u00fccksspiel in allen Mitgliedstaaten unterbreitet. Dies w\u00fcrde dazu beitragen, das Lizenzierungsverfahren in ganz Europa zu standardisieren und zu vereinfachen.<\/p>\n<p>F\u00fcr Spieler auf europ\u00e4ischen Pokerseiten gelten ausschlie\u00dflich die jeweiligen Steuergesetze. Sie werden von ihren Heimatl\u00e4ndern und der EU besteuert, wenn sie auf einer ausl\u00e4ndischen Online-Pokerseite einzahlen. In Europa werden verschiedene Sprachen gesprochen. Europ\u00e4ische Pokerseiten bedienen ihre Kunden in der Regel in der jeweiligen Landessprache. Einige der gro\u00dfen Pokerseiten bieten ihre Webseiten jedoch mittlerweile in mehreren Sprachen an, da ihre Pokersoftware mehrere Sprachen unterst\u00fctzt.<\/p>\n<p>Auch der Kundensupport wird in verschiedenen Sprachen angeboten. Neben Englisch bieten Pokerseiten beispielsweise Franz\u00f6sisch, Spanisch, Deutsch, Niederl\u00e4ndisch, D\u00e4nisch, Italienisch, Norwegisch und Portugiesisch an. Ebenso wie bei den Sprachen akzeptieren europ\u00e4ische Pokerseiten unterschiedliche W\u00e4hrungen. Obwohl US-Dollar und britische Pfund die g\u00e4ngigsten W\u00e4hrungen sind, ist der Euro die gemeinsame W\u00e4hrung in der EU. Pokerspieler aus Europa bevorzugen es, bei Einzahlungen auf Online-Pokerseiten mit Euro oder britischen Pfund zu bezahlen.<\/p>\n<p>Europ\u00e4ische Pokerseiten bieten in der Regel verschiedene Ein- und Auszahlungsm\u00f6glichkeiten f\u00fcr Kunden aus unterschiedlichen EU-L\u00e4ndern an. Zu den Standardzahlungsmethoden geh\u00f6ren Debitkarten, Kreditkarten, E-Wallets, \u00dcberweisungen und elektronische Schecks. Die einfachste und beliebteste Methode, ein Online-Pokerkonto aufzuladen, ist die Kreditkarte. Allerdings genehmigen manche Kreditkartenanbieter keine Transaktionen f\u00fcr Online-Gl\u00fccksspiele. Daher ist es ratsam, dies vorab zu pr\u00fcfen.<\/p>\n<p>Viele Pokerspieler finden es praktisch, ihre Online-Pokerkonten mit E-Wallets aufzuladen. Spieler k\u00f6nnen ein Konto bei einem beliebigen E-Wallet-Anbieter er\u00f6ffnen und es \u00fcber ihr Bankkonto aufladen.Das E-Wallet-Konto kann wiederum f\u00fcr Einzahlungen auf das Pokerkonto verwendet werden. Beliebte E-Wallets europ\u00e4ischer Anbieter sind unter anderem Neteller, Moneybookers und e-WalletXpress. Der Spieler kann je nach Eignung aus vielen weiteren E-Wallets w\u00e4hlen.<\/p>\n","protected":false},"excerpt":{"rendered":"<p>Auch europ\u00e4ische Seiten bieten Poker an. In den letzten Jahren hat die Popularit\u00e4t von Poker neue H\u00f6hen erreicht. Die europ\u00e4ischen L\u00e4nder sind ein bedeutender Markt f\u00fcr Online-Pokerseiten, und das harte Vorgehen der US-Regierung gegen Online-Gl\u00fccksspiel hat die Betreiber gezwungen, sich verst\u00e4rkt auf den europ\u00e4ischen Markt zu konzentrieren. Obwohl Live-Poker bei Europ\u00e4ern sehr beliebt ist, holt [&hellip;]<\/p>\n","protected":false},"author":1,"featured_media":0,"parent":8775,"menu_order":22,"comment_status":"closed","ping_status":"closed","template":"","meta":{"footnotes":""},"class_list":["post-8628","page","type-page","status-publish","hentry"],"yoast_head":"<!-- This site is optimized with the Yoast SEO plugin v27.4 - https:\/\/yoast.com\/product\/yoast-seo-wordpress\/ -->\n<title>Die besten europ\u00e4ischen Pokerseiten<\/title>\n<meta name=\"description\" content=\"Europ\u00e4ische Pokerspieler haben eine gro\u00dfe Auswahl an Seiten \u2013 hier sind unsere Lieblings-Pokerr\u00e4ume in der EU.\" \/>\n<meta name=\"robots\" content=\"index, follow, max-snippet:-1, max-image-preview:large, max-video-preview:-1\" \/>\n<link rel=\"canonical\" href=\"https:\/\/gambling6.com\/de\/poker\/spielen-auf-europaischen-pokerseiten\/\" \/>\n<meta property=\"og:locale\" content=\"de_DE\" \/>\n<meta property=\"og:type\" content=\"article\" \/>\n<meta property=\"og:title\" content=\"Die besten europ\u00e4ischen Pokerseiten\" \/>\n<meta property=\"og:description\" content=\"Europ\u00e4ische Pokerspieler haben eine gro\u00dfe Auswahl an Seiten \u2013 hier sind unsere Lieblings-Pokerr\u00e4ume in der EU.\" \/>\n<meta property=\"og:url\" content=\"https:\/\/gambling6.com\/de\/poker\/spielen-auf-europaischen-pokerseiten\/\" \/>\n<meta property=\"og:site_name\" content=\"Gambling6\" \/>\n<meta property=\"article:modified_time\" content=\"2025-11-12T17:57:46+00:00\" \/>\n<meta property=\"og:image\" content=\"https:\/\/gambling6.com\/wp-content\/uploads\/2022\/04\/poker_bonusode_test_bericht.png\" \/>\n\t<meta property=\"og:image:width\" content=\"246\" \/>\n\t<meta property=\"og:image:height\" content=\"200\" \/>\n\t<meta property=\"og:image:type\" content=\"image\/png\" \/>\n<meta name=\"twitter:card\" content=\"summary_large_image\" \/>\n<meta name=\"twitter:label1\" content=\"Gesch\u00e4tzte Lesezeit\" \/>\n\t<meta name=\"twitter:data1\" content=\"3\u00a0Minuten\" \/>\n<script type=\"application\/ld+json\" class=\"yoast-schema-graph\">{\"@context\":\"https:\\\/\\\/schema.org\",\"@graph\":[{\"@type\":\"WebPage\",\"@id\":\"https:\\\/\\\/gambling6.com\\\/de\\\/poker\\\/spielen-auf-europaischen-pokerseiten\\\/\",\"url\":\"https:\\\/\\\/gambling6.com\\\/de\\\/poker\\\/spielen-auf-europaischen-pokerseiten\\\/\",\"name\":\"Die besten europ\u00e4ischen Pokerseiten\",\"isPartOf\":{\"@id\":\"https:\\\/\\\/gambling6.com\\\/de\\\/#website\"},\"primaryImageOfPage\":{\"@id\":\"https:\\\/\\\/gambling6.com\\\/de\\\/poker\\\/spielen-auf-europaischen-pokerseiten\\\/#primaryimage\"},\"image\":{\"@id\":\"https:\\\/\\\/gambling6.com\\\/de\\\/poker\\\/spielen-auf-europaischen-pokerseiten\\\/#primaryimage\"},\"thumbnailUrl\":\"https:\\\/\\\/gambling6.com\\\/wp-content\\\/uploads\\\/2022\\\/04\\\/poker_bonusode_test_bericht.png\",\"datePublished\":\"2025-11-07T21:37:27+00:00\",\"dateModified\":\"2025-11-12T17:57:46+00:00\",\"description\":\"Europ\u00e4ische Pokerspieler haben eine gro\u00dfe Auswahl an Seiten \u2013 hier sind unsere Lieblings-Pokerr\u00e4ume in der EU.\",\"breadcrumb\":{\"@id\":\"https:\\\/\\\/gambling6.com\\\/de\\\/poker\\\/spielen-auf-europaischen-pokerseiten\\\/#breadcrumb\"},\"inLanguage\":\"de\",\"potentialAction\":[{\"@type\":\"ReadAction\",\"target\":[\"https:\\\/\\\/gambling6.com\\\/de\\\/poker\\\/spielen-auf-europaischen-pokerseiten\\\/\"]}]},{\"@type\":\"ImageObject\",\"inLanguage\":\"de\",\"@id\":\"https:\\\/\\\/gambling6.com\\\/de\\\/poker\\\/spielen-auf-europaischen-pokerseiten\\\/#primaryimage\",\"url\":\"https:\\\/\\\/gambling6.com\\\/wp-content\\\/uploads\\\/2022\\\/04\\\/poker_bonusode_test_bericht.png\",\"contentUrl\":\"https:\\\/\\\/gambling6.com\\\/wp-content\\\/uploads\\\/2022\\\/04\\\/poker_bonusode_test_bericht.png\"},{\"@type\":\"BreadcrumbList\",\"@id\":\"https:\\\/\\\/gambling6.com\\\/de\\\/poker\\\/spielen-auf-europaischen-pokerseiten\\\/#breadcrumb\",\"itemListElement\":[{\"@type\":\"ListItem\",\"position\":1,\"name\":\"Home\",\"item\":\"https:\\\/\\\/gambling6.com\\\/de\\\/home\\\/\"},{\"@type\":\"ListItem\",\"position\":2,\"name\":\"Poker\",\"item\":\"https:\\\/\\\/gambling6.com\\\/de\\\/poker\\\/\"},{\"@type\":\"ListItem\",\"position\":3,\"name\":\"Spielen auf europ\u00e4ischen Pokerseiten\"}]},{\"@type\":\"WebSite\",\"@id\":\"https:\\\/\\\/gambling6.com\\\/de\\\/#website\",\"url\":\"https:\\\/\\\/gambling6.com\\\/de\\\/\",\"name\":\"Gambling6\",\"description\":\"\",\"potentialAction\":[{\"@type\":\"SearchAction\",\"target\":{\"@type\":\"EntryPoint\",\"urlTemplate\":\"https:\\\/\\\/gambling6.com\\\/de\\\/?s={search_term_string}\"},\"query-input\":{\"@type\":\"PropertyValueSpecification\",\"valueRequired\":true,\"valueName\":\"search_term_string\"}}],\"inLanguage\":\"de\"}]}<\/script>\n<!-- \/ Yoast SEO plugin. -->","yoast_head_json":{"title":"Die besten europ\u00e4ischen Pokerseiten","description":"Europ\u00e4ische Pokerspieler haben eine gro\u00dfe Auswahl an Seiten \u2013 hier sind unsere Lieblings-Pokerr\u00e4ume in der EU.","robots":{"index":"index","follow":"follow","max-snippet":"max-snippet:-1","max-image-preview":"max-image-preview:large","max-video-preview":"max-video-preview:-1"},"canonical":"https:\/\/gambling6.com\/de\/poker\/spielen-auf-europaischen-pokerseiten\/","og_locale":"de_DE","og_type":"article","og_title":"Die besten europ\u00e4ischen Pokerseiten","og_description":"Europ\u00e4ische Pokerspieler haben eine gro\u00dfe Auswahl an Seiten \u2013 hier sind unsere Lieblings-Pokerr\u00e4ume in der EU.","og_url":"https:\/\/gambling6.com\/de\/poker\/spielen-auf-europaischen-pokerseiten\/","og_site_name":"Gambling6","article_modified_time":"2025-11-12T17:57:46+00:00","og_image":[{"width":246,"height":200,"url":"https:\/\/gambling6.com\/wp-content\/uploads\/2022\/04\/poker_bonusode_test_bericht.png","type":"image\/png"}],"twitter_card":"summary_large_image","twitter_misc":{"Gesch\u00e4tzte Lesezeit":"3\u00a0Minuten"},"schema":{"@context":"https:\/\/schema.org","@graph":[{"@type":"WebPage","@id":"https:\/\/gambling6.com\/de\/poker\/spielen-auf-europaischen-pokerseiten\/","url":"https:\/\/gambling6.com\/de\/poker\/spielen-auf-europaischen-pokerseiten\/","name":"Die besten europ\u00e4ischen Pokerseiten","isPartOf":{"@id":"https:\/\/gambling6.com\/de\/#website"},"primaryImageOfPage":{"@id":"https:\/\/gambling6.com\/de\/poker\/spielen-auf-europaischen-pokerseiten\/#primaryimage"},"image":{"@id":"https:\/\/gambling6.com\/de\/poker\/spielen-auf-europaischen-pokerseiten\/#primaryimage"},"thumbnailUrl":"https:\/\/gambling6.com\/wp-content\/uploads\/2022\/04\/poker_bonusode_test_bericht.png","datePublished":"2025-11-07T21:37:27+00:00","dateModified":"2025-11-12T17:57:46+00:00","description":"Europ\u00e4ische Pokerspieler haben eine gro\u00dfe Auswahl an Seiten \u2013 hier sind unsere Lieblings-Pokerr\u00e4ume in der EU.","breadcrumb":{"@id":"https:\/\/gambling6.com\/de\/poker\/spielen-auf-europaischen-pokerseiten\/#breadcrumb"},"inLanguage":"de","potentialAction":[{"@type":"ReadAction","target":["https:\/\/gambling6.com\/de\/poker\/spielen-auf-europaischen-pokerseiten\/"]}]},{"@type":"ImageObject","inLanguage":"de","@id":"https:\/\/gambling6.com\/de\/poker\/spielen-auf-europaischen-pokerseiten\/#primaryimage","url":"https:\/\/gambling6.com\/wp-content\/uploads\/2022\/04\/poker_bonusode_test_bericht.png","contentUrl":"https:\/\/gambling6.com\/wp-content\/uploads\/2022\/04\/poker_bonusode_test_bericht.png"},{"@type":"BreadcrumbList","@id":"https:\/\/gambling6.com\/de\/poker\/spielen-auf-europaischen-pokerseiten\/#breadcrumb","itemListElement":[{"@type":"ListItem","position":1,"name":"Home","item":"https:\/\/gambling6.com\/de\/home\/"},{"@type":"ListItem","position":2,"name":"Poker","item":"https:\/\/gambling6.com\/de\/poker\/"},{"@type":"ListItem","position":3,"name":"Spielen auf europ\u00e4ischen Pokerseiten"}]},{"@type":"WebSite","@id":"https:\/\/gambling6.com\/de\/#website","url":"https:\/\/gambling6.com\/de\/","name":"Gambling6","description":"","potentialAction":[{"@type":"SearchAction","target":{"@type":"EntryPoint","urlTemplate":"https:\/\/gambling6.com\/de\/?s={search_term_string}"},"query-input":{"@type":"PropertyValueSpecification","valueRequired":true,"valueName":"search_term_string"}}],"inLanguage":"de"}]}},"_links":{"self":[{"href":"https:\/\/gambling6.com\/de\/wp-json\/wp\/v2\/pages\/8628","targetHints":{"allow":["GET"]}}],"collection":[{"href":"https:\/\/gambling6.com\/de\/wp-json\/wp\/v2\/pages"}],"about":[{"href":"https:\/\/gambling6.com\/de\/wp-json\/wp\/v2\/types\/page"}],"author":[{"embeddable":true,"href":"https:\/\/gambling6.com\/de\/wp-json\/wp\/v2\/users\/1"}],"replies":[{"embeddable":true,"href":"https:\/\/gambling6.com\/de\/wp-json\/wp\/v2\/comments?post=8628"}],"version-history":[{"count":2,"href":"https:\/\/gambling6.com\/de\/wp-json\/wp\/v2\/pages\/8628\/revisions"}],"predecessor-version":[{"id":10727,"href":"https:\/\/gambling6.com\/de\/wp-json\/wp\/v2\/pages\/8628\/revisions\/10727"}],"up":[{"embeddable":true,"href":"https:\/\/gambling6.com\/de\/wp-json\/wp\/v2\/pages\/8775"}],"wp:attachment":[{"href":"https:\/\/gambling6.com\/de\/wp-json\/wp\/v2\/media?parent=8628"}],"curies":[{"name":"wp","href":"https:\/\/api.w.org\/{rel}","templated":true}]}}