{"id":8698,"date":"2025-11-07T22:50:55","date_gmt":"2025-11-07T22:50:55","guid":{"rendered":"https:\/\/gambling6.com\/rubbelkarten\/"},"modified":"2025-11-12T18:16:13","modified_gmt":"2025-11-12T18:16:13","slug":"rubbelkarten","status":"publish","type":"page","link":"https:\/\/gambling6.com\/de\/rubbelkarten\/","title":{"rendered":"Rubbelkarten"},"content":{"rendered":"<p>Wenn Sie den Nervenkitzel von Rubbellosen oder anderen Sofortgewinnspielen lieben, <strong>wird Ihnen unsere Website-Empfehlung f\u00fcr Online-Rubbellose gefallen.<\/strong> Es gibt viele M\u00f6glichkeiten, online Rubbellose zu spielen. Alle diese Seiten bieten Anmeldeboni und eine gute Auswahl an Produkten. Sie k\u00f6nnen sich anmelden, eine Zahlungsmethode ausw\u00e4hlen, Ihr Konto aufladen und innerhalb weniger Minuten loslegen.<img loading=\"lazy\" decoding=\"async\" class=\" alignright wp-image-511\" style=\"margin: 10px; border: 5px solid #ffffff; float: right;\" src=\"http:\/\/gambling6.com\/wp-content\/uploads\/2013\/12\/best_online_scratchcards.jpg\" alt=\"beste Online-Rubbellose\" width=\"299\" height=\"163\" srcset=\"https:\/\/gambling6.com\/wp-content\/uploads\/2013\/12\/best_online_scratchcards.jpg 446w, https:\/\/gambling6.com\/wp-content\/uploads\/2013\/12\/best_online_scratchcards-300x163.jpg 300w\" sizes=\"auto, (max-width: 299px) 100vw, 299px\" \/><\/p>\n<h2>Online-Rubbellos-Seiten bieten tolle Animationen<\/h2>\n<p>Im Gegensatz zu den Spielen, die Sie auf den Karten Ihres bevorzugten Lottoanbieters spielen, bieten die Online-Versionen von Rubbellosen aufregende Animationen f\u00fcr ein unterhaltsames Spielerlebnis. Der Nervenkitzel des Gewinns und der Adrenalinrausch, wenn die Gewinnsymbole auf dem Bildschirm erscheinen, sind es, die Spieler immer wieder zu Online-Rubbelkarten-Websites zur\u00fcckkehren lassen. Diese Seiten haben visuelle Hilfsmittel hinzugef\u00fcgt, um die Spannung und den Nervenkitzel zu steigern.<\/p>\n<p>888 Casino Instant Win Rubbelkarten sind f\u00fcr Spieler aus Europa und Gro\u00dfbritannien konzipiert.<br \/>\n888 Casino ist international als Weltklasse-Casino bekannt und auch im Bereich der Online-Rubbelkarten eine feste Gr\u00f6\u00dfe.<br \/>\nHier klicken, <a class=\"thirstylink\" title=\"888 poker en\" href=\"https:\/\/gambling6.com\/go\/888-poker-en\/\" target=\"_blank\" rel=\"nofollow noopener\">um zum Rubbelkartenbereich zu gelangen.<\/a><\/p>\n<p>Was genau erwartet Sie bei den Online-Rubbelkartenspielen von 888 Casino? Vor allem die gro\u00dfe Auswahl an Karten wird die Spieler begeistern. Sie k\u00f6nnen \u00fcber 40 verschiedene Spiele spielen. Und wenn Sie genug von Rubbellosen haben, wechseln Sie einfach zu Hunderten von Online-Spielautomaten mit progressiven Jackpots und einem Spielangebot f\u00fcr jeden Spielertyp. Viele dieser Automaten starten als Penny-Slots mit fantastischen Auszahlungen.<\/p>\n<p>Diese Seite bietet neben einer gro\u00dfen Auswahl an Casinospielen auch Poker und Sportwetten.<\/p>\n<p>Die Begeisterung im 888 Casino wird vom Support-Team getragen, das daf\u00fcr sorgt, dass Sie immer wieder gerne zur\u00fcckkommen. St\u00e4ndig werden neue Spiele und Gewinnm\u00f6glichkeiten entwickelt, und Sie werden stets auf dem Laufenden gehalten.<\/p>\n<p>Riesige Jackpots, eine gro\u00dfe Spielauswahl und ein Weltklasse-Team, das rund um die Uhr an neuen Unterhaltungsprogrammen arbeitet, ergeben zusammen ein wahres Rubbellos-Vergn\u00fcgen. Erleben Sie die Rubbellos-Action im 888 Casino!<\/p>\n","protected":false},"excerpt":{"rendered":"<p>Wenn Sie den Nervenkitzel von Rubbellosen oder anderen Sofortgewinnspielen lieben, wird Ihnen unsere Website-Empfehlung f\u00fcr Online-Rubbellose gefallen. Es gibt viele M\u00f6glichkeiten, online Rubbellose zu spielen. Alle diese Seiten bieten Anmeldeboni und eine gute Auswahl an Produkten. Sie k\u00f6nnen sich anmelden, eine Zahlungsmethode ausw\u00e4hlen, Ihr Konto aufladen und innerhalb weniger Minuten loslegen. Online-Rubbellos-Seiten bieten tolle Animationen [&hellip;]<\/p>\n","protected":false},"author":1,"featured_media":513,"parent":0,"menu_order":7,"comment_status":"closed","ping_status":"closed","template":"","meta":{"footnotes":""},"class_list":["post-8698","page","type-page","status-publish","has-post-thumbnail","hentry"],"yoast_head":"<!-- This site is optimized with the Yoast SEO plugin v27.4 - https:\/\/yoast.com\/product\/yoast-seo-wordpress\/ -->\n<title>Welche sind die besten Online-Rubbelkarten-Websites?<\/title>\n<meta name=\"description\" content=\"Spielen Sie jetzt auf der besten Website f\u00fcr Online-Rubbellose. Dutzende Rubbellose mit einer gro\u00dfen Auswahl an Preisen warten auf Sie.\" \/>\n<meta name=\"robots\" content=\"index, follow, max-snippet:-1, max-image-preview:large, max-video-preview:-1\" \/>\n<link rel=\"canonical\" href=\"https:\/\/gambling6.com\/de\/rubbelkarten\/\" \/>\n<meta property=\"og:locale\" content=\"de_DE\" \/>\n<meta property=\"og:type\" content=\"article\" \/>\n<meta property=\"og:title\" content=\"Welche sind die besten Online-Rubbelkarten-Websites?\" \/>\n<meta property=\"og:description\" content=\"Spielen Sie jetzt auf der besten Website f\u00fcr Online-Rubbellose. Dutzende Rubbellose mit einer gro\u00dfen Auswahl an Preisen warten auf Sie.\" \/>\n<meta property=\"og:url\" content=\"https:\/\/gambling6.com\/de\/rubbelkarten\/\" \/>\n<meta property=\"og:site_name\" content=\"Gambling6\" \/>\n<meta property=\"article:modified_time\" content=\"2025-11-12T18:16:13+00:00\" \/>\n<meta property=\"og:image\" content=\"https:\/\/gambling6.com\/wp-content\/uploads\/2013\/12\/best_online_scratchcards.jpg\" \/>\n\t<meta property=\"og:image:width\" content=\"446\" \/>\n\t<meta property=\"og:image:height\" content=\"243\" \/>\n\t<meta property=\"og:image:type\" content=\"image\/jpeg\" \/>\n<meta name=\"twitter:card\" content=\"summary_large_image\" \/>\n<meta name=\"twitter:label1\" content=\"Gesch\u00e4tzte Lesezeit\" \/>\n\t<meta name=\"twitter:data1\" content=\"2\u00a0Minuten\" \/>\n<script type=\"application\/ld+json\" class=\"yoast-schema-graph\">{\"@context\":\"https:\\\/\\\/schema.org\",\"@graph\":[{\"@type\":\"WebPage\",\"@id\":\"https:\\\/\\\/gambling6.com\\\/de\\\/rubbelkarten\\\/\",\"url\":\"https:\\\/\\\/gambling6.com\\\/de\\\/rubbelkarten\\\/\",\"name\":\"Welche sind die besten Online-Rubbelkarten-Websites?\",\"isPartOf\":{\"@id\":\"https:\\\/\\\/gambling6.com\\\/de\\\/#website\"},\"primaryImageOfPage\":{\"@id\":\"https:\\\/\\\/gambling6.com\\\/de\\\/rubbelkarten\\\/#primaryimage\"},\"image\":{\"@id\":\"https:\\\/\\\/gambling6.com\\\/de\\\/rubbelkarten\\\/#primaryimage\"},\"thumbnailUrl\":\"https:\\\/\\\/gambling6.com\\\/wp-content\\\/uploads\\\/2013\\\/12\\\/best_online_scratchcards.jpg\",\"datePublished\":\"2025-11-07T22:50:55+00:00\",\"dateModified\":\"2025-11-12T18:16:13+00:00\",\"description\":\"Spielen Sie jetzt auf der besten Website f\u00fcr Online-Rubbellose. Dutzende Rubbellose mit einer gro\u00dfen Auswahl an Preisen warten auf Sie.\",\"breadcrumb\":{\"@id\":\"https:\\\/\\\/gambling6.com\\\/de\\\/rubbelkarten\\\/#breadcrumb\"},\"inLanguage\":\"de\",\"potentialAction\":[{\"@type\":\"ReadAction\",\"target\":[\"https:\\\/\\\/gambling6.com\\\/de\\\/rubbelkarten\\\/\"]}]},{\"@type\":\"ImageObject\",\"inLanguage\":\"de\",\"@id\":\"https:\\\/\\\/gambling6.com\\\/de\\\/rubbelkarten\\\/#primaryimage\",\"url\":\"https:\\\/\\\/gambling6.com\\\/wp-content\\\/uploads\\\/2013\\\/12\\\/best_online_scratchcards.jpg\",\"contentUrl\":\"https:\\\/\\\/gambling6.com\\\/wp-content\\\/uploads\\\/2013\\\/12\\\/best_online_scratchcards.jpg\",\"width\":446,\"height\":243},{\"@type\":\"BreadcrumbList\",\"@id\":\"https:\\\/\\\/gambling6.com\\\/de\\\/rubbelkarten\\\/#breadcrumb\",\"itemListElement\":[{\"@type\":\"ListItem\",\"position\":1,\"name\":\"Home\",\"item\":\"https:\\\/\\\/gambling6.com\\\/de\\\/home\\\/\"},{\"@type\":\"ListItem\",\"position\":2,\"name\":\"Rubbelkarten\"}]},{\"@type\":\"WebSite\",\"@id\":\"https:\\\/\\\/gambling6.com\\\/de\\\/#website\",\"url\":\"https:\\\/\\\/gambling6.com\\\/de\\\/\",\"name\":\"Gambling6\",\"description\":\"\",\"potentialAction\":[{\"@type\":\"SearchAction\",\"target\":{\"@type\":\"EntryPoint\",\"urlTemplate\":\"https:\\\/\\\/gambling6.com\\\/de\\\/?s={search_term_string}\"},\"query-input\":{\"@type\":\"PropertyValueSpecification\",\"valueRequired\":true,\"valueName\":\"search_term_string\"}}],\"inLanguage\":\"de\"}]}<\/script>\n<!-- \/ Yoast SEO plugin. -->","yoast_head_json":{"title":"Welche sind die besten Online-Rubbelkarten-Websites?","description":"Spielen Sie jetzt auf der besten Website f\u00fcr Online-Rubbellose. Dutzende Rubbellose mit einer gro\u00dfen Auswahl an Preisen warten auf Sie.","robots":{"index":"index","follow":"follow","max-snippet":"max-snippet:-1","max-image-preview":"max-image-preview:large","max-video-preview":"max-video-preview:-1"},"canonical":"https:\/\/gambling6.com\/de\/rubbelkarten\/","og_locale":"de_DE","og_type":"article","og_title":"Welche sind die besten Online-Rubbelkarten-Websites?","og_description":"Spielen Sie jetzt auf der besten Website f\u00fcr Online-Rubbellose. Dutzende Rubbellose mit einer gro\u00dfen Auswahl an Preisen warten auf Sie.","og_url":"https:\/\/gambling6.com\/de\/rubbelkarten\/","og_site_name":"Gambling6","article_modified_time":"2025-11-12T18:16:13+00:00","og_image":[{"width":446,"height":243,"url":"https:\/\/gambling6.com\/wp-content\/uploads\/2013\/12\/best_online_scratchcards.jpg","type":"image\/jpeg"}],"twitter_card":"summary_large_image","twitter_misc":{"Gesch\u00e4tzte Lesezeit":"2\u00a0Minuten"},"schema":{"@context":"https:\/\/schema.org","@graph":[{"@type":"WebPage","@id":"https:\/\/gambling6.com\/de\/rubbelkarten\/","url":"https:\/\/gambling6.com\/de\/rubbelkarten\/","name":"Welche sind die besten Online-Rubbelkarten-Websites?","isPartOf":{"@id":"https:\/\/gambling6.com\/de\/#website"},"primaryImageOfPage":{"@id":"https:\/\/gambling6.com\/de\/rubbelkarten\/#primaryimage"},"image":{"@id":"https:\/\/gambling6.com\/de\/rubbelkarten\/#primaryimage"},"thumbnailUrl":"https:\/\/gambling6.com\/wp-content\/uploads\/2013\/12\/best_online_scratchcards.jpg","datePublished":"2025-11-07T22:50:55+00:00","dateModified":"2025-11-12T18:16:13+00:00","description":"Spielen Sie jetzt auf der besten Website f\u00fcr Online-Rubbellose. Dutzende Rubbellose mit einer gro\u00dfen Auswahl an Preisen warten auf Sie.","breadcrumb":{"@id":"https:\/\/gambling6.com\/de\/rubbelkarten\/#breadcrumb"},"inLanguage":"de","potentialAction":[{"@type":"ReadAction","target":["https:\/\/gambling6.com\/de\/rubbelkarten\/"]}]},{"@type":"ImageObject","inLanguage":"de","@id":"https:\/\/gambling6.com\/de\/rubbelkarten\/#primaryimage","url":"https:\/\/gambling6.com\/wp-content\/uploads\/2013\/12\/best_online_scratchcards.jpg","contentUrl":"https:\/\/gambling6.com\/wp-content\/uploads\/2013\/12\/best_online_scratchcards.jpg","width":446,"height":243},{"@type":"BreadcrumbList","@id":"https:\/\/gambling6.com\/de\/rubbelkarten\/#breadcrumb","itemListElement":[{"@type":"ListItem","position":1,"name":"Home","item":"https:\/\/gambling6.com\/de\/home\/"},{"@type":"ListItem","position":2,"name":"Rubbelkarten"}]},{"@type":"WebSite","@id":"https:\/\/gambling6.com\/de\/#website","url":"https:\/\/gambling6.com\/de\/","name":"Gambling6","description":"","potentialAction":[{"@type":"SearchAction","target":{"@type":"EntryPoint","urlTemplate":"https:\/\/gambling6.com\/de\/?s={search_term_string}"},"query-input":{"@type":"PropertyValueSpecification","valueRequired":true,"valueName":"search_term_string"}}],"inLanguage":"de"}]}},"_links":{"self":[{"href":"https:\/\/gambling6.com\/de\/wp-json\/wp\/v2\/pages\/8698","targetHints":{"allow":["GET"]}}],"collection":[{"href":"https:\/\/gambling6.com\/de\/wp-json\/wp\/v2\/pages"}],"about":[{"href":"https:\/\/gambling6.com\/de\/wp-json\/wp\/v2\/types\/page"}],"author":[{"embeddable":true,"href":"https:\/\/gambling6.com\/de\/wp-json\/wp\/v2\/users\/1"}],"replies":[{"embeddable":true,"href":"https:\/\/gambling6.com\/de\/wp-json\/wp\/v2\/comments?post=8698"}],"version-history":[{"count":2,"href":"https:\/\/gambling6.com\/de\/wp-json\/wp\/v2\/pages\/8698\/revisions"}],"predecessor-version":[{"id":10734,"href":"https:\/\/gambling6.com\/de\/wp-json\/wp\/v2\/pages\/8698\/revisions\/10734"}],"wp:featuredmedia":[{"embeddable":true,"href":"https:\/\/gambling6.com\/de\/wp-json\/wp\/v2\/media\/513"}],"wp:attachment":[{"href":"https:\/\/gambling6.com\/de\/wp-json\/wp\/v2\/media?parent=8698"}],"curies":[{"name":"wp","href":"https:\/\/api.w.org\/{rel}","templated":true}]}}