{"id":8775,"date":"2025-11-08T00:00:08","date_gmt":"2025-11-08T00:00:08","guid":{"rendered":"https:\/\/gambling6.com\/poker\/"},"modified":"2025-11-15T08:09:41","modified_gmt":"2025-11-15T08:09:41","slug":"poker","status":"publish","type":"page","link":"https:\/\/gambling6.com\/de\/poker\/","title":{"rendered":"Poker"},"content":{"rendered":"<h2 style=\"text-align: left;\"><img loading=\"lazy\" decoding=\"async\" class=\" wp-image-3009 alignright\" src=\"https:\/\/gambling6.com\/wp-content\/uploads\/2022\/04\/pokertournament-300x209.jpg\" alt=\"Poker starten\" width=\"266\" height=\"185\" srcset=\"https:\/\/gambling6.com\/wp-content\/uploads\/2022\/04\/pokertournament-300x209.jpg 300w, https:\/\/gambling6.com\/wp-content\/uploads\/2022\/04\/pokertournament.jpg 415w\" sizes=\"auto, (max-width: 266px) 100vw, 266px\" \/>So starten Sie mit Online-Poker<\/h2>\n<p>Wenn Sie mit Online-Poker beginnen m\u00f6chten, gibt es ein paar Dinge, die Sie wissen sollten. Poker ist ein Geschicklichkeitsspiel. Wir wollen damit nicht sagen, dass kein Gl\u00fcck im Spiel ist \u2013 im Gegenteil \u2013, aber Tatsache ist: Wenn Sie Geld verdienen m\u00f6chten, m\u00fcssen Sie definitiv lernen.<\/p>\n<h2>5 Goldene Regeln f\u00fcr den Einstieg ins Online-Poker<\/h2>\n<ol>\n<li>W\u00e4hle deinen Pokerraum mit Bedacht \u2013 lies unsere Bewertungen, bevor du dich f\u00fcr eine Seite entscheidest.<\/li>\n<li>Beginne mit Spielgeld, um dich mit den Regeln und dem Spiel vertraut zu machen. Starte dann mit dem niedrigsten Echtgeld-Level.<\/li>\n<li>Informiere dich ausf\u00fchrlich \u00fcber Pokerstrategien. Finde heraus, welche Starth\u00e4nde in welcher Situation gut sind und wie du sie in welcher Position am Tisch spielst. \u201eTight is right\u201c ist der beste Tipp f\u00fcr Anf\u00e4nger, und deine Position am Tisch ist entscheidend f\u00fcr deine Entscheidungen.<\/li>\n<li>Nutze einen guten Bonus f\u00fcr deine erste Einzahlung oder ein kostenloses Startguthaben, wie zum Beispiel von 888 Poker. Dort erh\u00e4ltst du 20,00 \u20ac (oder GBP, je nach deinem Wohnort) gratis f\u00fcr deine Anmeldung! Und Sie erhalten weiterhin einen Einzahlungsbonus von 100 % und bis zu 300,00 \u20ac oder GBP, wenn Sie Geld einzahlen.<a class=\"thirstylink\" title=\"888 poker en\" href=\"https:\/\/gambling6.com\/go\/888-poker-en\/\" target=\"_blank\" rel=\"nofollow noopener\"> <span style=\"text-decoration: underline;\"><strong>Klicken Sie hier, um<\/strong><\/span><span style=\"text-decoration: underline;\"><strong>o<\/strong><\/span><span style=\"text-decoration: underline;\"><strong>gehen<\/strong><\/span><span style=\"text-decoration: underline;\"><strong>zu<\/strong><\/span><span style=\"text-decoration: underline;\"><strong>8<\/strong><\/span><span style=\"text-decoration: underline;\"><strong>88 Poker jetzt.<\/strong><\/span><\/a><\/li>\n<li>Verwalten Sie Ihre Bankroll sorgf\u00e4ltig. Halten Sie mindestens das 100-fache, besser das 200-fache des Mindesteinsatzes f\u00fcr Ihr Spielniveau bereit.<\/li>\n<\/ol>\n<p><a href=\"https:\/\/ic.aff-handler.com\/C\/46138?sr=1073333&amp;anid=\" rel=\"nofollow\"><img loading=\"lazy\" decoding=\"async\" class=\"aligncenter\" src=\"https:\/\/ic.aff-handler.com\/I\/46138?sr=1073333&amp;anid=\" width=\"563\" height=\"72\" \/><\/a><\/p>\n<h2>Die besten Webseiten f\u00fcr Online-Poker-Anf\u00e4nger<\/h2>\n<p>Nun, eine Webseite haben wir bereits erw\u00e4hnt. Das ist 888 Poker, wo Sie mit der 20\u20ac Gratis-Spielguthaben-Aktion sofort mit Echtgeld spielen k\u00f6nnen, ohne einzahlen zu m\u00fcssen. Sp\u00e4ter erhalten Sie einen weiteren Bonus, wenn Sie eigenes Geld einzahlen, wodurch sich Ihr Guthaben verdoppelt. Dieser Anbieter akzeptiert jedoch keine Spieler aus den USA.<\/p>\n<h2>Beste Webseiten f\u00fcr US-Pokerspieler<\/h2>\n<p>Aufgrund der rechtlichen Bestimmungen in den USA haben Sie nicht so viele M\u00f6glichkeiten. Die meisten Anbieter haben sich vom US-Markt zur\u00fcckgezogen, und ein regulierter Online-Gl\u00fccksspielmarkt in den USA ist \u2013 zumindest in den meisten Bundesstaaten \u2013 noch Zukunftsmusik.<\/p>\n<p>Dennoch ist BetOnline Poker derzeit Ihre beste Option. <a class=\"thirstylink\" title=\"Betonline poker en\" href=\"https:\/\/gambling6.com\/go\/betonline-poker-en\/\" target=\"_blank\" rel=\"nofollow noopener\">Klicken Sie auf diesen Link, um die Webseite zu besuchen<\/a> Dort k\u00f6nnen Sie neben Poker auch alle Arten von Casinospielen spielen.<\/p>\n","protected":false},"excerpt":{"rendered":"<p>So starten Sie mit Online-Poker Wenn Sie mit Online-Poker beginnen m\u00f6chten, gibt es ein paar Dinge, die Sie wissen sollten. Poker ist ein Geschicklichkeitsspiel. Wir wollen damit nicht sagen, dass kein Gl\u00fcck im Spiel ist \u2013 im Gegenteil \u2013, aber Tatsache ist: Wenn Sie Geld verdienen m\u00f6chten, m\u00fcssen Sie definitiv lernen. 5 Goldene Regeln f\u00fcr [&hellip;]<\/p>\n","protected":false},"author":1,"featured_media":0,"parent":0,"menu_order":5,"comment_status":"closed","ping_status":"closed","template":"","meta":{"footnotes":""},"class_list":["post-8775","page","type-page","status-publish","hentry"],"yoast_head":"<!-- This site is optimized with the Yoast SEO plugin v27.3 - https:\/\/yoast.com\/product\/yoast-seo-wordpress\/ -->\n<title>Die besten Orte, um mit Online-Poker anzufangen?<\/title>\n<meta name=\"description\" content=\"Die besten Orte f\u00fcr Online-Poker, 5 goldene Regeln f\u00fcr den Einstieg\" \/>\n<meta name=\"robots\" content=\"index, follow, max-snippet:-1, max-image-preview:large, max-video-preview:-1\" \/>\n<link rel=\"canonical\" href=\"https:\/\/gambling6.com\/de\/poker\/\" \/>\n<meta property=\"og:locale\" content=\"de_DE\" \/>\n<meta property=\"og:type\" content=\"article\" \/>\n<meta property=\"og:title\" content=\"Die besten Orte, um mit Online-Poker anzufangen?\" \/>\n<meta property=\"og:description\" content=\"Die besten Orte f\u00fcr Online-Poker, 5 goldene Regeln f\u00fcr den Einstieg\" \/>\n<meta property=\"og:url\" content=\"https:\/\/gambling6.com\/de\/poker\/\" \/>\n<meta property=\"og:site_name\" content=\"Gambling6\" \/>\n<meta property=\"article:modified_time\" content=\"2025-11-15T08:09:41+00:00\" \/>\n<meta property=\"og:image\" content=\"https:\/\/gambling6.com\/wp-content\/uploads\/2022\/04\/pokertournament.jpg\" \/>\n\t<meta property=\"og:image:width\" content=\"415\" \/>\n\t<meta property=\"og:image:height\" content=\"289\" \/>\n\t<meta property=\"og:image:type\" content=\"image\/jpeg\" \/>\n<meta name=\"twitter:card\" content=\"summary_large_image\" \/>\n<meta name=\"twitter:label1\" content=\"Gesch\u00e4tzte Lesezeit\" \/>\n\t<meta name=\"twitter:data1\" content=\"2\u00a0Minuten\" \/>\n<script type=\"application\/ld+json\" class=\"yoast-schema-graph\">{\"@context\":\"https:\\\/\\\/schema.org\",\"@graph\":[{\"@type\":\"WebPage\",\"@id\":\"https:\\\/\\\/gambling6.com\\\/de\\\/poker\\\/\",\"url\":\"https:\\\/\\\/gambling6.com\\\/de\\\/poker\\\/\",\"name\":\"Die besten Orte, um mit Online-Poker anzufangen?\",\"isPartOf\":{\"@id\":\"https:\\\/\\\/gambling6.com\\\/de\\\/#website\"},\"primaryImageOfPage\":{\"@id\":\"https:\\\/\\\/gambling6.com\\\/de\\\/poker\\\/#primaryimage\"},\"image\":{\"@id\":\"https:\\\/\\\/gambling6.com\\\/de\\\/poker\\\/#primaryimage\"},\"thumbnailUrl\":\"https:\\\/\\\/gambling6.com\\\/wp-content\\\/uploads\\\/2022\\\/04\\\/pokertournament-300x209.jpg\",\"datePublished\":\"2025-11-08T00:00:08+00:00\",\"dateModified\":\"2025-11-15T08:09:41+00:00\",\"description\":\"Die besten Orte f\u00fcr Online-Poker, 5 goldene Regeln f\u00fcr den Einstieg\",\"breadcrumb\":{\"@id\":\"https:\\\/\\\/gambling6.com\\\/de\\\/poker\\\/#breadcrumb\"},\"inLanguage\":\"de\",\"potentialAction\":[{\"@type\":\"ReadAction\",\"target\":[\"https:\\\/\\\/gambling6.com\\\/de\\\/poker\\\/\"]}]},{\"@type\":\"ImageObject\",\"inLanguage\":\"de\",\"@id\":\"https:\\\/\\\/gambling6.com\\\/de\\\/poker\\\/#primaryimage\",\"url\":\"https:\\\/\\\/gambling6.com\\\/wp-content\\\/uploads\\\/2022\\\/04\\\/pokertournament-300x209.jpg\",\"contentUrl\":\"https:\\\/\\\/gambling6.com\\\/wp-content\\\/uploads\\\/2022\\\/04\\\/pokertournament-300x209.jpg\"},{\"@type\":\"BreadcrumbList\",\"@id\":\"https:\\\/\\\/gambling6.com\\\/de\\\/poker\\\/#breadcrumb\",\"itemListElement\":[{\"@type\":\"ListItem\",\"position\":1,\"name\":\"Home\",\"item\":\"https:\\\/\\\/gambling6.com\\\/de\\\/home\\\/\"},{\"@type\":\"ListItem\",\"position\":2,\"name\":\"Poker\"}]},{\"@type\":\"WebSite\",\"@id\":\"https:\\\/\\\/gambling6.com\\\/de\\\/#website\",\"url\":\"https:\\\/\\\/gambling6.com\\\/de\\\/\",\"name\":\"Gambling6\",\"description\":\"\",\"potentialAction\":[{\"@type\":\"SearchAction\",\"target\":{\"@type\":\"EntryPoint\",\"urlTemplate\":\"https:\\\/\\\/gambling6.com\\\/de\\\/?s={search_term_string}\"},\"query-input\":{\"@type\":\"PropertyValueSpecification\",\"valueRequired\":true,\"valueName\":\"search_term_string\"}}],\"inLanguage\":\"de\"}]}<\/script>\n<!-- \/ Yoast SEO plugin. -->","yoast_head_json":{"title":"Die besten Orte, um mit Online-Poker anzufangen?","description":"Die besten Orte f\u00fcr Online-Poker, 5 goldene Regeln f\u00fcr den Einstieg","robots":{"index":"index","follow":"follow","max-snippet":"max-snippet:-1","max-image-preview":"max-image-preview:large","max-video-preview":"max-video-preview:-1"},"canonical":"https:\/\/gambling6.com\/de\/poker\/","og_locale":"de_DE","og_type":"article","og_title":"Die besten Orte, um mit Online-Poker anzufangen?","og_description":"Die besten Orte f\u00fcr Online-Poker, 5 goldene Regeln f\u00fcr den Einstieg","og_url":"https:\/\/gambling6.com\/de\/poker\/","og_site_name":"Gambling6","article_modified_time":"2025-11-15T08:09:41+00:00","og_image":[{"width":415,"height":289,"url":"https:\/\/gambling6.com\/wp-content\/uploads\/2022\/04\/pokertournament.jpg","type":"image\/jpeg"}],"twitter_card":"summary_large_image","twitter_misc":{"Gesch\u00e4tzte Lesezeit":"2\u00a0Minuten"},"schema":{"@context":"https:\/\/schema.org","@graph":[{"@type":"WebPage","@id":"https:\/\/gambling6.com\/de\/poker\/","url":"https:\/\/gambling6.com\/de\/poker\/","name":"Die besten Orte, um mit Online-Poker anzufangen?","isPartOf":{"@id":"https:\/\/gambling6.com\/de\/#website"},"primaryImageOfPage":{"@id":"https:\/\/gambling6.com\/de\/poker\/#primaryimage"},"image":{"@id":"https:\/\/gambling6.com\/de\/poker\/#primaryimage"},"thumbnailUrl":"https:\/\/gambling6.com\/wp-content\/uploads\/2022\/04\/pokertournament-300x209.jpg","datePublished":"2025-11-08T00:00:08+00:00","dateModified":"2025-11-15T08:09:41+00:00","description":"Die besten Orte f\u00fcr Online-Poker, 5 goldene Regeln f\u00fcr den Einstieg","breadcrumb":{"@id":"https:\/\/gambling6.com\/de\/poker\/#breadcrumb"},"inLanguage":"de","potentialAction":[{"@type":"ReadAction","target":["https:\/\/gambling6.com\/de\/poker\/"]}]},{"@type":"ImageObject","inLanguage":"de","@id":"https:\/\/gambling6.com\/de\/poker\/#primaryimage","url":"https:\/\/gambling6.com\/wp-content\/uploads\/2022\/04\/pokertournament-300x209.jpg","contentUrl":"https:\/\/gambling6.com\/wp-content\/uploads\/2022\/04\/pokertournament-300x209.jpg"},{"@type":"BreadcrumbList","@id":"https:\/\/gambling6.com\/de\/poker\/#breadcrumb","itemListElement":[{"@type":"ListItem","position":1,"name":"Home","item":"https:\/\/gambling6.com\/de\/home\/"},{"@type":"ListItem","position":2,"name":"Poker"}]},{"@type":"WebSite","@id":"https:\/\/gambling6.com\/de\/#website","url":"https:\/\/gambling6.com\/de\/","name":"Gambling6","description":"","potentialAction":[{"@type":"SearchAction","target":{"@type":"EntryPoint","urlTemplate":"https:\/\/gambling6.com\/de\/?s={search_term_string}"},"query-input":{"@type":"PropertyValueSpecification","valueRequired":true,"valueName":"search_term_string"}}],"inLanguage":"de"}]}},"_links":{"self":[{"href":"https:\/\/gambling6.com\/de\/wp-json\/wp\/v2\/pages\/8775","targetHints":{"allow":["GET"]}}],"collection":[{"href":"https:\/\/gambling6.com\/de\/wp-json\/wp\/v2\/pages"}],"about":[{"href":"https:\/\/gambling6.com\/de\/wp-json\/wp\/v2\/types\/page"}],"author":[{"embeddable":true,"href":"https:\/\/gambling6.com\/de\/wp-json\/wp\/v2\/users\/1"}],"replies":[{"embeddable":true,"href":"https:\/\/gambling6.com\/de\/wp-json\/wp\/v2\/comments?post=8775"}],"version-history":[{"count":3,"href":"https:\/\/gambling6.com\/de\/wp-json\/wp\/v2\/pages\/8775\/revisions"}],"predecessor-version":[{"id":10837,"href":"https:\/\/gambling6.com\/de\/wp-json\/wp\/v2\/pages\/8775\/revisions\/10837"}],"wp:attachment":[{"href":"https:\/\/gambling6.com\/de\/wp-json\/wp\/v2\/media?parent=8775"}],"curies":[{"name":"wp","href":"https:\/\/api.w.org\/{rel}","templated":true}]}}