{"id":8846,"date":"2025-11-08T08:31:11","date_gmt":"2025-11-08T08:31:11","guid":{"rendered":"https:\/\/gambling6.com\/kasino\/so-schutzen-sie-ihr-online-glucksspielkonto\/"},"modified":"2025-11-12T09:04:06","modified_gmt":"2025-11-12T09:04:06","slug":"so-schutzen-sie-ihr-online-glucksspielkonto","status":"publish","type":"page","link":"https:\/\/gambling6.com\/de\/kasino\/so-schutzen-sie-ihr-online-glucksspielkonto\/","title":{"rendered":"So sch\u00fctzen Sie Ihr Online-Gl\u00fccksspielkonto"},"content":{"rendered":"<h2>Vermeiden Sie unseri\u00f6se Seiten und treffen Sie Sicherheitsvorkehrungen.<\/h2>\n<p>Die Welt des Online-Gamings ist rasant gewachsen, und obwohl dies im Allgemeinen positiv f\u00fcr Spieler ist, birgt es auch einige Risiken. Die Online-Sicherheit von Casinos ist wohl der wichtigste Faktor beim Spielen um Echtgeld, und Nutzern m\u00fcssen einwandfreie Finanztransaktionen garantiert werden.<\/p>\n<p>Leider sind Betrug und Online-Abzocke in unserer heutigen, technologisch fortgeschrittenen Welt viel zu verbreitet, als dass man annehmen sollte, davon verschont zu bleiben und daher keine Vorsichtsma\u00dfnahmen treffen sollte. Neue Online-Casinos schie\u00dfen fast \u00fcber Nacht wie Pilze aus dem Boden und versprechen riesige Boni, um Kunden anzulocken und den Markt zu erobern.<\/p>\n<p>Es ist sehr wichtig zu wissen, ob diese Seiten vertrauensw\u00fcrdig sind, und es wird dringend empfohlen, sich zun\u00e4chst auf anderen Seiten zu informieren. Bewertungen von Nutzern oder erfahrenen Spielern erfreuen sich im Internet immer gr\u00f6\u00dferer Beliebtheit, da immer mehr Spieler das Risiko erkennen, un\u00fcberlegt zu handeln, und sich zun\u00e4chst absichern m\u00f6chten.<\/p>\n<p>Online-Gl\u00fccksspiel in den USA<\/p>\n<p>Die USA bieten einen attraktiven Markt f\u00fcr Online-Gl\u00fccksspiel. Obwohl Online-Casinos in allen Bundesstaaten au\u00dfer zwei verboten sind, ist die Grauzone der Online-Gl\u00fccksspielbranche enorm, vor allem weil amerikanische Spieler gerne Casinospiele online spielen. Die gro\u00dfe Anzahl potenzieller Kunden bedeutet auch, dass es mehr als nur eine Handvoll US-amerikanischer Online-Casinos gibt, was den Einstieg f\u00fcr amerikanische Spieler sehr einfach macht.<\/p>\n<p>Die f\u00fchrenden Anbieter akzeptieren sogar amerikanische Kreditkarten als Zahlungsmethode, und alles ist so gestaltet, dass es f\u00fcr Spieler so bequem wie m\u00f6glich ist. Obwohl diese Online-Casinos nicht von den USA reguliert werden, verf\u00fcgen sie \u00fcber Lizenzen von ausl\u00e4ndischen Jurisdiktionen, die ein sicheres Spielumfeld gew\u00e4hrleisten. Das Problem ist, dass es neben den gro\u00dfartigen Casinos, die sich an den US-Markt richten, auch viele unseri\u00f6se Seiten gibt, die Probleme mit Auszahlungen haben oder einfach keine faire Auszahlungsquote bieten.<\/p>\n<p>Deshalb ist es unerl\u00e4sslich, vorab einige Bewertungen der Seite zu lesen, der Sie beitreten m\u00f6chten, und zu pr\u00fcfen, ob sie wirklich so gut ist, wie sie scheint. Das dauert nur wenige Minuten und sorgt f\u00fcr ein optimales Online-Spielerlebnis. Was faires Spielen angeht, verwenden vertrauensw\u00fcrdige Online-Casinos Zufallszahlengeneratoren, um sicherzustellen, dass jedes Spiel rein auf Zufall basiert. Ein Online-Casino kann traditionelle Casinotische mit den Vorteilen des Online-Spiels durch einen Live-Videostream eines Dealers kombinieren.<\/p>\n<p>Als Spieler aus den USA k\u00f6nnen Sie nichts falsch machen, wenn Sie sich an den Marktf\u00fchrer f\u00fcr Online-Casino-Spiele halten: BetOnline. <a class=\"thirstylink\" title=\"Betonline casino en\" href=\"https:\/\/gambling6.com\/go\/betonline-casino-en\/\" target=\"_blank\" rel=\"nofollow noopener\">Klicken Sie hier, um die Website zu besuchen.<\/a> Ihre Sicherheit ist dort in guten H\u00e4nden, anders als bei den meisten anderen Offshore-Casino-Betreibern, die US-B\u00fcrger akzeptieren.<\/p>\n<h2>Sicherheitsma\u00dfnahmen<\/h2>\n<p>Wir m\u00f6chten au\u00dferdem darauf hinweisen, dass ein Gro\u00dfteil der Verantwortung beim Spieler liegt und dass es bestimmte Ma\u00dfnahmen gibt, die er ergreifen kann, um Betrug zu verhindern und sein Guthaben zu sch\u00fctzen.<\/p>\n<p><strong>1. Verwenden Sie ein sicheres Passwort<\/strong><\/p>\n<p>Immer mehr Websites empfehlen ihren Nutzern, sichere, schwer zu erratende Passw\u00f6rter zu verwenden. Die Verwendung von Zahlen und Buchstaben in Gro\u00df- und Kleinbuchstaben erh\u00f6ht die Sicherheit eines Passworts erheblich. Es wird au\u00dferdem empfohlen, nicht dasselbe Passwort f\u00fcr mehrere Konten zu verwenden.<\/p>\n<p><strong>2. Stellen Sie sicher, dass Sie ein gutes Antivirenprogramm verwenden.<\/strong><\/p>\n<p>Viele Spieler untersch\u00e4tzen die Bedeutung eines guten Antivirenprogramms. Dieses erkennt sofort Probleme beim Surfen im Internet oder beim Herunterladen von Dateien, beispielsweise der App eines neuen Online-Casinos.<\/p>\n<p>3. Achten Sie stets auf die Sicherheit der Webseite.<\/p>\n<p>Wenn Sie pers\u00f6nliche Daten wie Kontoinformationen eingeben, vergewissern Sie sich, dass die Webseite sicher ist. \u00dcberpr\u00fcfen Sie dazu die Adressleiste Ihres Browsers auf HTTPS und das geschlossene Schloss-Symbol.<\/p>\n","protected":false},"excerpt":{"rendered":"<p>Vermeiden Sie unseri\u00f6se Seiten und treffen Sie Sicherheitsvorkehrungen. Die Welt des Online-Gamings ist rasant gewachsen, und obwohl dies im Allgemeinen positiv f\u00fcr Spieler ist, birgt es auch einige Risiken. Die Online-Sicherheit von Casinos ist wohl der wichtigste Faktor beim Spielen um Echtgeld, und Nutzern m\u00fcssen einwandfreie Finanztransaktionen garantiert werden. Leider sind Betrug und Online-Abzocke in [&hellip;]<\/p>\n","protected":false},"author":1,"featured_media":0,"parent":8306,"menu_order":36,"comment_status":"closed","ping_status":"closed","template":"","meta":{"footnotes":""},"class_list":["post-8846","page","type-page","status-publish","hentry"],"yoast_head":"<!-- This site is optimized with the Yoast SEO plugin v27.4 - https:\/\/yoast.com\/product\/yoast-seo-wordpress\/ -->\n<title>Wie kann ich mein Online-Casino-Konto sch\u00fctzen?<\/title>\n<meta name=\"description\" content=\"N\u00fctzliche Tipps f\u00fcr mehr Sicherheit beim Online-Gl\u00fccksspiel: So stellen Sie sicher, dass Ihr Casino-Konto sicher ist\" \/>\n<meta name=\"robots\" content=\"index, follow, max-snippet:-1, max-image-preview:large, max-video-preview:-1\" \/>\n<link rel=\"canonical\" href=\"https:\/\/gambling6.com\/de\/kasino\/so-schutzen-sie-ihr-online-glucksspielkonto\/\" \/>\n<meta property=\"og:locale\" content=\"de_DE\" \/>\n<meta property=\"og:type\" content=\"article\" \/>\n<meta property=\"og:title\" content=\"Wie kann ich mein Online-Casino-Konto sch\u00fctzen?\" \/>\n<meta property=\"og:description\" content=\"N\u00fctzliche Tipps f\u00fcr mehr Sicherheit beim Online-Gl\u00fccksspiel: So stellen Sie sicher, dass Ihr Casino-Konto sicher ist\" \/>\n<meta property=\"og:url\" content=\"https:\/\/gambling6.com\/de\/kasino\/so-schutzen-sie-ihr-online-glucksspielkonto\/\" \/>\n<meta property=\"og:site_name\" content=\"Gambling6\" \/>\n<meta property=\"article:modified_time\" content=\"2025-11-12T09:04:06+00:00\" \/>\n<meta name=\"twitter:card\" content=\"summary_large_image\" \/>\n<meta name=\"twitter:label1\" content=\"Gesch\u00e4tzte Lesezeit\" \/>\n\t<meta name=\"twitter:data1\" content=\"3\u00a0Minuten\" \/>\n<script type=\"application\/ld+json\" class=\"yoast-schema-graph\">{\"@context\":\"https:\\\/\\\/schema.org\",\"@graph\":[{\"@type\":\"WebPage\",\"@id\":\"https:\\\/\\\/gambling6.com\\\/de\\\/kasino\\\/so-schutzen-sie-ihr-online-glucksspielkonto\\\/\",\"url\":\"https:\\\/\\\/gambling6.com\\\/de\\\/kasino\\\/so-schutzen-sie-ihr-online-glucksspielkonto\\\/\",\"name\":\"Wie kann ich mein Online-Casino-Konto sch\u00fctzen?\",\"isPartOf\":{\"@id\":\"https:\\\/\\\/gambling6.com\\\/de\\\/#website\"},\"datePublished\":\"2025-11-08T08:31:11+00:00\",\"dateModified\":\"2025-11-12T09:04:06+00:00\",\"description\":\"N\u00fctzliche Tipps f\u00fcr mehr Sicherheit beim Online-Gl\u00fccksspiel: So stellen Sie sicher, dass Ihr Casino-Konto sicher ist\",\"breadcrumb\":{\"@id\":\"https:\\\/\\\/gambling6.com\\\/de\\\/kasino\\\/so-schutzen-sie-ihr-online-glucksspielkonto\\\/#breadcrumb\"},\"inLanguage\":\"de\",\"potentialAction\":[{\"@type\":\"ReadAction\",\"target\":[\"https:\\\/\\\/gambling6.com\\\/de\\\/kasino\\\/so-schutzen-sie-ihr-online-glucksspielkonto\\\/\"]}]},{\"@type\":\"BreadcrumbList\",\"@id\":\"https:\\\/\\\/gambling6.com\\\/de\\\/kasino\\\/so-schutzen-sie-ihr-online-glucksspielkonto\\\/#breadcrumb\",\"itemListElement\":[{\"@type\":\"ListItem\",\"position\":1,\"name\":\"Home\",\"item\":\"https:\\\/\\\/gambling6.com\\\/de\\\/home\\\/\"},{\"@type\":\"ListItem\",\"position\":2,\"name\":\"Kasino\",\"item\":\"https:\\\/\\\/gambling6.com\\\/de\\\/get-started-with-online-gambling\\\/\"},{\"@type\":\"ListItem\",\"position\":3,\"name\":\"So sch\u00fctzen Sie Ihr Online-Gl\u00fccksspielkonto\"}]},{\"@type\":\"WebSite\",\"@id\":\"https:\\\/\\\/gambling6.com\\\/de\\\/#website\",\"url\":\"https:\\\/\\\/gambling6.com\\\/de\\\/\",\"name\":\"Gambling6\",\"description\":\"\",\"potentialAction\":[{\"@type\":\"SearchAction\",\"target\":{\"@type\":\"EntryPoint\",\"urlTemplate\":\"https:\\\/\\\/gambling6.com\\\/de\\\/?s={search_term_string}\"},\"query-input\":{\"@type\":\"PropertyValueSpecification\",\"valueRequired\":true,\"valueName\":\"search_term_string\"}}],\"inLanguage\":\"de\"}]}<\/script>\n<!-- \/ Yoast SEO plugin. -->","yoast_head_json":{"title":"Wie kann ich mein Online-Casino-Konto sch\u00fctzen?","description":"N\u00fctzliche Tipps f\u00fcr mehr Sicherheit beim Online-Gl\u00fccksspiel: So stellen Sie sicher, dass Ihr Casino-Konto sicher ist","robots":{"index":"index","follow":"follow","max-snippet":"max-snippet:-1","max-image-preview":"max-image-preview:large","max-video-preview":"max-video-preview:-1"},"canonical":"https:\/\/gambling6.com\/de\/kasino\/so-schutzen-sie-ihr-online-glucksspielkonto\/","og_locale":"de_DE","og_type":"article","og_title":"Wie kann ich mein Online-Casino-Konto sch\u00fctzen?","og_description":"N\u00fctzliche Tipps f\u00fcr mehr Sicherheit beim Online-Gl\u00fccksspiel: So stellen Sie sicher, dass Ihr Casino-Konto sicher ist","og_url":"https:\/\/gambling6.com\/de\/kasino\/so-schutzen-sie-ihr-online-glucksspielkonto\/","og_site_name":"Gambling6","article_modified_time":"2025-11-12T09:04:06+00:00","twitter_card":"summary_large_image","twitter_misc":{"Gesch\u00e4tzte Lesezeit":"3\u00a0Minuten"},"schema":{"@context":"https:\/\/schema.org","@graph":[{"@type":"WebPage","@id":"https:\/\/gambling6.com\/de\/kasino\/so-schutzen-sie-ihr-online-glucksspielkonto\/","url":"https:\/\/gambling6.com\/de\/kasino\/so-schutzen-sie-ihr-online-glucksspielkonto\/","name":"Wie kann ich mein Online-Casino-Konto sch\u00fctzen?","isPartOf":{"@id":"https:\/\/gambling6.com\/de\/#website"},"datePublished":"2025-11-08T08:31:11+00:00","dateModified":"2025-11-12T09:04:06+00:00","description":"N\u00fctzliche Tipps f\u00fcr mehr Sicherheit beim Online-Gl\u00fccksspiel: So stellen Sie sicher, dass Ihr Casino-Konto sicher ist","breadcrumb":{"@id":"https:\/\/gambling6.com\/de\/kasino\/so-schutzen-sie-ihr-online-glucksspielkonto\/#breadcrumb"},"inLanguage":"de","potentialAction":[{"@type":"ReadAction","target":["https:\/\/gambling6.com\/de\/kasino\/so-schutzen-sie-ihr-online-glucksspielkonto\/"]}]},{"@type":"BreadcrumbList","@id":"https:\/\/gambling6.com\/de\/kasino\/so-schutzen-sie-ihr-online-glucksspielkonto\/#breadcrumb","itemListElement":[{"@type":"ListItem","position":1,"name":"Home","item":"https:\/\/gambling6.com\/de\/home\/"},{"@type":"ListItem","position":2,"name":"Kasino","item":"https:\/\/gambling6.com\/de\/get-started-with-online-gambling\/"},{"@type":"ListItem","position":3,"name":"So sch\u00fctzen Sie Ihr Online-Gl\u00fccksspielkonto"}]},{"@type":"WebSite","@id":"https:\/\/gambling6.com\/de\/#website","url":"https:\/\/gambling6.com\/de\/","name":"Gambling6","description":"","potentialAction":[{"@type":"SearchAction","target":{"@type":"EntryPoint","urlTemplate":"https:\/\/gambling6.com\/de\/?s={search_term_string}"},"query-input":{"@type":"PropertyValueSpecification","valueRequired":true,"valueName":"search_term_string"}}],"inLanguage":"de"}]}},"_links":{"self":[{"href":"https:\/\/gambling6.com\/de\/wp-json\/wp\/v2\/pages\/8846","targetHints":{"allow":["GET"]}}],"collection":[{"href":"https:\/\/gambling6.com\/de\/wp-json\/wp\/v2\/pages"}],"about":[{"href":"https:\/\/gambling6.com\/de\/wp-json\/wp\/v2\/types\/page"}],"author":[{"embeddable":true,"href":"https:\/\/gambling6.com\/de\/wp-json\/wp\/v2\/users\/1"}],"replies":[{"embeddable":true,"href":"https:\/\/gambling6.com\/de\/wp-json\/wp\/v2\/comments?post=8846"}],"version-history":[{"count":1,"href":"https:\/\/gambling6.com\/de\/wp-json\/wp\/v2\/pages\/8846\/revisions"}],"predecessor-version":[{"id":10439,"href":"https:\/\/gambling6.com\/de\/wp-json\/wp\/v2\/pages\/8846\/revisions\/10439"}],"up":[{"embeddable":true,"href":"https:\/\/gambling6.com\/de\/wp-json\/wp\/v2\/pages\/8306"}],"wp:attachment":[{"href":"https:\/\/gambling6.com\/de\/wp-json\/wp\/v2\/media?parent=8846"}],"curies":[{"name":"wp","href":"https:\/\/api.w.org\/{rel}","templated":true}]}}