{"id":8877,"date":"2025-11-08T09:18:23","date_gmt":"2025-11-08T09:18:23","guid":{"rendered":"https:\/\/gambling6.com\/kasino\/der-ursprung-von-blackjack\/"},"modified":"2025-11-08T09:18:23","modified_gmt":"2025-11-08T09:18:23","slug":"der-ursprung-von-blackjack","status":"publish","type":"page","link":"https:\/\/gambling6.com\/de\/kasino\/der-ursprung-von-blackjack\/","title":{"rendered":"Der Ursprung von Blackjack"},"content":{"rendered":"<h2>Wann Blackjack zum ersten Mal gespielt wurde<\/h2>\n<p><a href=\"http:\/\/gambling6.com\/wp-content\/uploads\/2013\/12\/history-of-balck-jack.jpg\"><img loading=\"lazy\" decoding=\"async\" class=\"aligncenter size-full wp-image-547 alignright size-full wp-image-183\" style=\"margin: 5px; float: right;\" src=\"http:\/\/gambling6.com\/wp-content\/uploads\/2013\/12\/history-of-balck-jack.jpg\" alt=\"Blackjack-Geschichte\" width=\"243\" height=\"207\" \/><\/a>Gl\u00fccksspielhistoriker sind sich \u00fcber die Geschichte und den Ursprung des Spiels, das wir heute als Blackjack kennen, uneins. Auch heute noch ist seine Geschichte ein hei\u00df diskutiertes Thema unter vielen Forschern. Aus der Geschichte der Kartenspiele l\u00e4sst sich ableiten, dass Spielkarten bereits um 900 n. Chr. in China, Indien und \u00c4gypten verwendet wurden. Die ersten Kartenspiele sollen in China entstanden sein.<\/p>\n<p>Es hei\u00dft jedoch immer noch, die Franzosen h\u00e4tten Blackjack erfunden. In Frankreich gab es Kartenspiele namens \u201eChemin de Fer\u201c und \u201eFranz\u00f6sische Ferme\u201c. Man nimmt an, dass Blackjack ein Ableger dieser beiden franz\u00f6sischen Spiele ist.<\/p>\n<p>Um das Jahr 1700 n. Chr. wurde in den franz\u00f6sischen Casinos ein Spiel namens \u201eVingt-et-un\u201c (Einundzwanzig) eingef\u00fchrt. Im 19. Jahrhundert gelangte dieses Spiel in die Vereinigten Staaten.<\/p>\n<p>Obwohl \u201eVingt-et-un\u201c Blackjack sehr \u00e4hnlich sieht, gibt es doch einige Unterschiede. Ziel des Spiels ist es, mit den Karten einen \u201eNatural\u201c (21) zu erreichen. Die Karten werden in Runden ausgeteilt, und f\u00fcr jede Runde werden Eins\u00e4tze platziert. Nur der Dealer darf verdoppeln; wenn er einen Natural erreicht, m\u00fcssen alle anderen Spieler ihm den dreifachen Einsatz zahlen.<\/p>\n<p>Ein weiteres Argument der Forscher besagt, dass das italienische Spiel \u201eSeven and a Half\u201c ebenfalls zur Entwicklung des heutigen Blackjack beigetragen haben k\u00f6nnte. Gespielt wurde mit Karten der Werte 8, 9 und 10 sowie Bildkarten, wobei die Bildkarten als \u201ehalb\u201c z\u00e4hlten. Der Karo-K\u00f6nig diente als Joker. Man nimmt an, dass dies das erste Spiel war, in dem das Konzept des \u201e\u00dcberkaufens\u201c eingef\u00fchrt wurde. Das bedeutete, dass ein Spieler ausschied, wenn die Summe seiner Karten \u00fcber 7,5 lag.<\/p>\n<p>Auch das bekannte spanische Spiel \u201eOne and Thirty\u201c \u00e4hnelte Blackjack. Allerdings betrug die Summe hier 31 statt 21, und es wurde mit drei statt zwei Karten gespielt.<\/p>\n<p>Als Blackjack um 1910 in amerikanischen Casinos eingef\u00fchrt wurde, war es zun\u00e4chst nicht sehr beliebt. Die Spielbanken lockten mit verschiedenen Anreizen und Boni. Die anf\u00e4ngliche Bonusauszahlung des Casinos betrug 10:1. Einige Casinos erh\u00f6hten den Anreiz des neuen Spiels, indem sie sowohl den Kreuz-Buben als auch den Pik-Buben f\u00fcr eine Auszahlung von 10:1 anerkannten.<\/p>\n<p>Eine weitere Besonderheit ist die Verwendung des Namens \u201eBlackjack\u201c in diesem Spiel. Es hei\u00dft, das Spiel sei Blackjack genannt worden, weil der Spieler f\u00fcr die Bonusauszahlung entweder den Pik-Buben oder das Pik-Ass als erste beiden Karten haben musste.<\/p>\n<p>Obwohl heute kein Bube mehr f\u00fcr eine Gewinnkombination erforderlich ist und jede Zehnerkarte mit einem Ass als Gewinnkombination z\u00e4hlt, ist der Name Blackjack weiterhin mit einem solchen verbunden.<\/p>\n","protected":false},"excerpt":{"rendered":"<p>Wann Blackjack zum ersten Mal gespielt wurde Gl\u00fccksspielhistoriker sind sich \u00fcber die Geschichte und den Ursprung des Spiels, das wir heute als Blackjack kennen, uneins. Auch heute noch ist seine Geschichte ein hei\u00df diskutiertes Thema unter vielen Forschern. Aus der Geschichte der Kartenspiele l\u00e4sst sich ableiten, dass Spielkarten bereits um 900 n. Chr. in China, [&hellip;]<\/p>\n","protected":false},"author":1,"featured_media":185,"parent":8306,"menu_order":56,"comment_status":"closed","ping_status":"closed","template":"","meta":{"footnotes":""},"class_list":["post-8877","page","type-page","status-publish","has-post-thumbnail","hentry"],"yoast_head":"<!-- This site is optimized with the Yoast SEO plugin v27.3 - https:\/\/yoast.com\/product\/yoast-seo-wordpress\/ -->\n<title>Der Ursprung des Blackjack-Kartenspiels<\/title>\n<meta name=\"description\" content=\"Lesen Sie mehr \u00fcber die Geschichte von Blackjack, vom beliebten Stra\u00dfenspiel \u00fcber den Casino-Zeitvertreib bis hin zu Online-Casinos.\" \/>\n<meta name=\"robots\" content=\"index, follow, max-snippet:-1, max-image-preview:large, max-video-preview:-1\" \/>\n<link rel=\"canonical\" href=\"https:\/\/gambling6.com\/de\/kasino\/der-ursprung-von-blackjack\/\" \/>\n<meta property=\"og:locale\" content=\"de_DE\" \/>\n<meta property=\"og:type\" content=\"article\" \/>\n<meta property=\"og:title\" content=\"Der Ursprung des Blackjack-Kartenspiels\" \/>\n<meta property=\"og:description\" content=\"Lesen Sie mehr \u00fcber die Geschichte von Blackjack, vom beliebten Stra\u00dfenspiel \u00fcber den Casino-Zeitvertreib bis hin zu Online-Casinos.\" \/>\n<meta property=\"og:url\" content=\"https:\/\/gambling6.com\/de\/kasino\/der-ursprung-von-blackjack\/\" \/>\n<meta property=\"og:site_name\" content=\"Gambling6\" \/>\n<meta property=\"og:image\" content=\"https:\/\/gambling6.com\/wp-content\/uploads\/2013\/12\/history-of-balck-jack.jpg\" \/>\n\t<meta property=\"og:image:width\" content=\"243\" \/>\n\t<meta property=\"og:image:height\" content=\"207\" \/>\n\t<meta property=\"og:image:type\" content=\"image\/jpeg\" \/>\n<meta name=\"twitter:card\" content=\"summary_large_image\" \/>\n<meta name=\"twitter:label1\" content=\"Gesch\u00e4tzte Lesezeit\" \/>\n\t<meta name=\"twitter:data1\" content=\"2\u00a0Minuten\" \/>\n<script type=\"application\/ld+json\" class=\"yoast-schema-graph\">{\"@context\":\"https:\\\/\\\/schema.org\",\"@graph\":[{\"@type\":\"WebPage\",\"@id\":\"https:\\\/\\\/gambling6.com\\\/de\\\/kasino\\\/der-ursprung-von-blackjack\\\/\",\"url\":\"https:\\\/\\\/gambling6.com\\\/de\\\/kasino\\\/der-ursprung-von-blackjack\\\/\",\"name\":\"Der Ursprung des Blackjack-Kartenspiels\",\"isPartOf\":{\"@id\":\"https:\\\/\\\/gambling6.com\\\/de\\\/#website\"},\"primaryImageOfPage\":{\"@id\":\"https:\\\/\\\/gambling6.com\\\/de\\\/kasino\\\/der-ursprung-von-blackjack\\\/#primaryimage\"},\"image\":{\"@id\":\"https:\\\/\\\/gambling6.com\\\/de\\\/kasino\\\/der-ursprung-von-blackjack\\\/#primaryimage\"},\"thumbnailUrl\":\"https:\\\/\\\/gambling6.com\\\/wp-content\\\/uploads\\\/2013\\\/12\\\/history-of-balck-jack.jpg\",\"datePublished\":\"2025-11-08T09:18:23+00:00\",\"description\":\"Lesen Sie mehr \u00fcber die Geschichte von Blackjack, vom beliebten Stra\u00dfenspiel \u00fcber den Casino-Zeitvertreib bis hin zu Online-Casinos.\",\"breadcrumb\":{\"@id\":\"https:\\\/\\\/gambling6.com\\\/de\\\/kasino\\\/der-ursprung-von-blackjack\\\/#breadcrumb\"},\"inLanguage\":\"de\",\"potentialAction\":[{\"@type\":\"ReadAction\",\"target\":[\"https:\\\/\\\/gambling6.com\\\/de\\\/kasino\\\/der-ursprung-von-blackjack\\\/\"]}]},{\"@type\":\"ImageObject\",\"inLanguage\":\"de\",\"@id\":\"https:\\\/\\\/gambling6.com\\\/de\\\/kasino\\\/der-ursprung-von-blackjack\\\/#primaryimage\",\"url\":\"https:\\\/\\\/gambling6.com\\\/wp-content\\\/uploads\\\/2013\\\/12\\\/history-of-balck-jack.jpg\",\"contentUrl\":\"https:\\\/\\\/gambling6.com\\\/wp-content\\\/uploads\\\/2013\\\/12\\\/history-of-balck-jack.jpg\",\"width\":243,\"height\":207,\"caption\":\"blackjack\"},{\"@type\":\"BreadcrumbList\",\"@id\":\"https:\\\/\\\/gambling6.com\\\/de\\\/kasino\\\/der-ursprung-von-blackjack\\\/#breadcrumb\",\"itemListElement\":[{\"@type\":\"ListItem\",\"position\":1,\"name\":\"Home\",\"item\":\"https:\\\/\\\/gambling6.com\\\/de\\\/home\\\/\"},{\"@type\":\"ListItem\",\"position\":2,\"name\":\"Kasino\",\"item\":\"https:\\\/\\\/gambling6.com\\\/de\\\/get-started-with-online-gambling\\\/\"},{\"@type\":\"ListItem\",\"position\":3,\"name\":\"Der Ursprung von Blackjack\"}]},{\"@type\":\"WebSite\",\"@id\":\"https:\\\/\\\/gambling6.com\\\/de\\\/#website\",\"url\":\"https:\\\/\\\/gambling6.com\\\/de\\\/\",\"name\":\"Gambling6\",\"description\":\"\",\"potentialAction\":[{\"@type\":\"SearchAction\",\"target\":{\"@type\":\"EntryPoint\",\"urlTemplate\":\"https:\\\/\\\/gambling6.com\\\/de\\\/?s={search_term_string}\"},\"query-input\":{\"@type\":\"PropertyValueSpecification\",\"valueRequired\":true,\"valueName\":\"search_term_string\"}}],\"inLanguage\":\"de\"}]}<\/script>\n<!-- \/ Yoast SEO plugin. -->","yoast_head_json":{"title":"Der Ursprung des Blackjack-Kartenspiels","description":"Lesen Sie mehr \u00fcber die Geschichte von Blackjack, vom beliebten Stra\u00dfenspiel \u00fcber den Casino-Zeitvertreib bis hin zu Online-Casinos.","robots":{"index":"index","follow":"follow","max-snippet":"max-snippet:-1","max-image-preview":"max-image-preview:large","max-video-preview":"max-video-preview:-1"},"canonical":"https:\/\/gambling6.com\/de\/kasino\/der-ursprung-von-blackjack\/","og_locale":"de_DE","og_type":"article","og_title":"Der Ursprung des Blackjack-Kartenspiels","og_description":"Lesen Sie mehr \u00fcber die Geschichte von Blackjack, vom beliebten Stra\u00dfenspiel \u00fcber den Casino-Zeitvertreib bis hin zu Online-Casinos.","og_url":"https:\/\/gambling6.com\/de\/kasino\/der-ursprung-von-blackjack\/","og_site_name":"Gambling6","og_image":[{"width":243,"height":207,"url":"https:\/\/gambling6.com\/wp-content\/uploads\/2013\/12\/history-of-balck-jack.jpg","type":"image\/jpeg"}],"twitter_card":"summary_large_image","twitter_misc":{"Gesch\u00e4tzte Lesezeit":"2\u00a0Minuten"},"schema":{"@context":"https:\/\/schema.org","@graph":[{"@type":"WebPage","@id":"https:\/\/gambling6.com\/de\/kasino\/der-ursprung-von-blackjack\/","url":"https:\/\/gambling6.com\/de\/kasino\/der-ursprung-von-blackjack\/","name":"Der Ursprung des Blackjack-Kartenspiels","isPartOf":{"@id":"https:\/\/gambling6.com\/de\/#website"},"primaryImageOfPage":{"@id":"https:\/\/gambling6.com\/de\/kasino\/der-ursprung-von-blackjack\/#primaryimage"},"image":{"@id":"https:\/\/gambling6.com\/de\/kasino\/der-ursprung-von-blackjack\/#primaryimage"},"thumbnailUrl":"https:\/\/gambling6.com\/wp-content\/uploads\/2013\/12\/history-of-balck-jack.jpg","datePublished":"2025-11-08T09:18:23+00:00","description":"Lesen Sie mehr \u00fcber die Geschichte von Blackjack, vom beliebten Stra\u00dfenspiel \u00fcber den Casino-Zeitvertreib bis hin zu Online-Casinos.","breadcrumb":{"@id":"https:\/\/gambling6.com\/de\/kasino\/der-ursprung-von-blackjack\/#breadcrumb"},"inLanguage":"de","potentialAction":[{"@type":"ReadAction","target":["https:\/\/gambling6.com\/de\/kasino\/der-ursprung-von-blackjack\/"]}]},{"@type":"ImageObject","inLanguage":"de","@id":"https:\/\/gambling6.com\/de\/kasino\/der-ursprung-von-blackjack\/#primaryimage","url":"https:\/\/gambling6.com\/wp-content\/uploads\/2013\/12\/history-of-balck-jack.jpg","contentUrl":"https:\/\/gambling6.com\/wp-content\/uploads\/2013\/12\/history-of-balck-jack.jpg","width":243,"height":207,"caption":"blackjack"},{"@type":"BreadcrumbList","@id":"https:\/\/gambling6.com\/de\/kasino\/der-ursprung-von-blackjack\/#breadcrumb","itemListElement":[{"@type":"ListItem","position":1,"name":"Home","item":"https:\/\/gambling6.com\/de\/home\/"},{"@type":"ListItem","position":2,"name":"Kasino","item":"https:\/\/gambling6.com\/de\/get-started-with-online-gambling\/"},{"@type":"ListItem","position":3,"name":"Der Ursprung von Blackjack"}]},{"@type":"WebSite","@id":"https:\/\/gambling6.com\/de\/#website","url":"https:\/\/gambling6.com\/de\/","name":"Gambling6","description":"","potentialAction":[{"@type":"SearchAction","target":{"@type":"EntryPoint","urlTemplate":"https:\/\/gambling6.com\/de\/?s={search_term_string}"},"query-input":{"@type":"PropertyValueSpecification","valueRequired":true,"valueName":"search_term_string"}}],"inLanguage":"de"}]}},"_links":{"self":[{"href":"https:\/\/gambling6.com\/de\/wp-json\/wp\/v2\/pages\/8877","targetHints":{"allow":["GET"]}}],"collection":[{"href":"https:\/\/gambling6.com\/de\/wp-json\/wp\/v2\/pages"}],"about":[{"href":"https:\/\/gambling6.com\/de\/wp-json\/wp\/v2\/types\/page"}],"author":[{"embeddable":true,"href":"https:\/\/gambling6.com\/de\/wp-json\/wp\/v2\/users\/1"}],"replies":[{"embeddable":true,"href":"https:\/\/gambling6.com\/de\/wp-json\/wp\/v2\/comments?post=8877"}],"version-history":[{"count":0,"href":"https:\/\/gambling6.com\/de\/wp-json\/wp\/v2\/pages\/8877\/revisions"}],"up":[{"embeddable":true,"href":"https:\/\/gambling6.com\/de\/wp-json\/wp\/v2\/pages\/8306"}],"wp:featuredmedia":[{"embeddable":true,"href":"https:\/\/gambling6.com\/de\/wp-json\/wp\/v2\/media\/185"}],"wp:attachment":[{"href":"https:\/\/gambling6.com\/de\/wp-json\/wp\/v2\/media?parent=8877"}],"curies":[{"name":"wp","href":"https:\/\/api.w.org\/{rel}","templated":true}]}}