{"id":8935,"date":"2025-11-08T10:08:55","date_gmt":"2025-11-08T10:08:55","guid":{"rendered":"https:\/\/gambling6.com\/kasino\/alles-was-sie-uber-online-spielautomaten-wissen-mussen\/"},"modified":"2025-11-12T09:38:35","modified_gmt":"2025-11-12T09:38:35","slug":"alles-was-sie-uber-online-spielautomaten-wissen-mussen","status":"publish","type":"page","link":"https:\/\/gambling6.com\/de\/kasino\/alles-was-sie-uber-online-spielautomaten-wissen-mussen\/","title":{"rendered":"Alles, was Sie \u00fcber Online-Spielautomaten wissen m\u00fcssen"},"content":{"rendered":"<h2>Spielautomaten spielen \u2013 das beliebteste Online-Casino-Spiel<\/h2>\n<p>Online-Spielautomaten sind die beliebteste Wahl unter Casinospielern, und das aus gutem Grund. Auch wenn die Spiele auf den ersten Blick einfach wirken, gibt es einiges, was Sie dar\u00fcber wissen sollten. Dies kann Ihre Ergebnisse verbessern und f\u00fcr ein besseres Online-Spielerlebnis sorgen. Informationen zu verschiedenen Aspekten von Echtgeld-Spielautomaten finden Sie auf unserer Website. Dort erkl\u00e4ren wir Spielern die Funktionsweise des Spiels und zeigen ihnen, welche Strategien sie anwenden k\u00f6nnen.<\/p>\n<h2>Einf\u00fchrung in Online-Spielautomaten<\/h2>\n<p><img class=\" alignright size-full wp-image-370\" style=\"margin: 5px; float: right;\" \/><\/p>\n<p>Anschlie\u00dfend dreht er die Walzen. Erscheinen die Symbole in einer bestimmten Kombination auf jeder ausgew\u00e4hlten Linie, erh\u00e4lt der Spieler einen Gewinn, der von den Gewinnchancen und der H\u00f6he des Einsatzes abh\u00e4ngt. Diese Einfachheit des Spiels, kombiniert mit der M\u00f6glichkeit, hohe Gewinne zu erzielen, hat es von Anfang an so beliebt gemacht. Da Online-Casinos in den letzten Jahren immer beliebter geworden sind, haben Spielautomaten ihre Popularit\u00e4t beibehalten, da Spieler f\u00fcr einen einfacheren Zugriff auf ihre Lieblingsspiele ins Internet gewechselt sind.<\/p>\n<p>Es gelten dieselben Regeln, aber Online-Spielautomaten verwenden jetzt Zufallszahlengeneratoren, um zu bestimmen, welche Symbole nach dem Stillstand der Walzen angezeigt werden. Die Gewinnchancen bleiben theoretisch gleich, aber die meisten Spieler behaupten, dass Online-Spielautomaten viel profitabler sind, da sie nicht in irgendeiner Weise abh\u00e4ngig von ihrem Standort im Casino manipuliert werden.<\/p>\n<h2>Neue M\u00f6glichkeiten online<\/h2>\n<p>Online-Spielautomaten haben in den letzten Jahren einen regelrechten Boom erlebt, und das Internet hat Softwareentwicklern die M\u00f6glichkeit gegeben, das Spiel auf ein neues Niveau zu heben. Spieler k\u00f6nnen jetzt aus einer Vielzahl von Gewinnlinien w\u00e4hlen. Jede zus\u00e4tzliche Linie bietet die gleichen Chancen auf eine Gewinnkombination, sodass der Spieler die M\u00f6glichkeit hat, mehr zu bezahlen und mehr Linien in einem Dreh zu spielen. Das Internet hat auch die beste M\u00f6glichkeit geboten, Online-Spielautomaten basierend auf ihrem Thema und Stil zu erweitern. Neue Titel werden regelm\u00e4\u00dfig ver\u00f6ffentlicht und k\u00f6nnen verschiedene Themen abdecken, wobei die M\u00f6glichkeiten nur durch die Fantasie begrenzt sind. Beliebte Filme wie \u201eThe Dark Knight\u201c und \u201eGladiator\u201c inspirieren Online-Slots.<\/p>\n<p>Zu den besten Casinos f\u00fcr Casinospiele mit attraktiven Themen und ansprechendem Design z\u00e4hlt zweifellos das 888 Casino. <a class=\"thirstylink\" title=\"888 casino en\" href=\"https:\/\/gambling6.com\/go\/888-casino-en\/\" target=\"_blank\" rel=\"nofollow noopener\">Wenn Sie sie ausprobieren m\u00f6chten, folgen Sie diesem Link \u2013 Sie werden nicht entt\u00e4uscht sein.<\/a><\/p>\n<h2>Progressive Slots<\/h2>\n<p>Progressive Slots gibt es zwar auch in traditionellen Casinos, aber sie sind online besonders beliebt. Die Idee ist, dass das Casino mehrere Spielautomaten miteinander verbindet, sodass jeder Einsatz zu einem gemeinsamen Jackpot beitr\u00e4gt, der jederzeit geknackt werden kann. Bei Online-Casinos ist die Verkn\u00fcpfung dieser Spiele deutlich einfacher, wodurch mehr Nutzer dasselbe Spiel spielen k\u00f6nnen. Das Ergebnis sind einige sehr beliebte progressive Slots, die alle paar Monate Millionen von Dollar aussch\u00fctten k\u00f6nnen.<\/p>\n<p>Der Jackpot w\u00e4chst mit jedem weiteren Einsatz, bis jemand die Gewinnkombination erzielt und den gesamten Betrag einstreicht. Beispielsweise gewinnt man bei einem Online-Slot mit Poker-Thema den Jackpot mit einem Royal Flush. Nat\u00fcrlich gibt es auch kleinere Gewinne f\u00fcr andere, h\u00e4ufiger vorkommende Kombinationen, sodass Spieler nicht nur auf den Jackpot setzen. Beliebte progressive Slots sind in mehreren Online-Casinos gleichzeitig verf\u00fcgbar, sofern diese denselben Softwareanbieter nutzen.<\/p>\n<h2>Strategien f\u00fcr Online-Slots<\/h2>\n<p>Slots sind zwar reine Gl\u00fccksspiele, aber einige n\u00fctzliche Tipps k\u00f6nnen Ihre Gewinne steigern. Am wichtigsten ist, dass ein Spin unabh\u00e4ngig vom vorherigen ist; jeder Spin hat die gleichen Gewinnchancen. Viele Spieler glauben, dass sie irgendwann den Hauptgewinn abr\u00e4umen, wenn sie nur lange genug spielen. Der beste Weg, bei Online-Slots zu gewinnen, ist ein vern\u00fcnftiges Bankroll-Management und das Vermeiden unn\u00f6tiger Risiken zu Beginn. Das bedeutet, dass Sie mit weniger Linien spielen und Spiele mit \u201eAlles oder nichts\u201c-Funktionen meiden sollten. Um die Spielmechanik besser zu verstehen, k\u00f6nnen Sie zun\u00e4chst mit virtuellem Geld spielen.<\/p>\n","protected":false},"excerpt":{"rendered":"<p>Spielautomaten spielen \u2013 das beliebteste Online-Casino-Spiel Online-Spielautomaten sind die beliebteste Wahl unter Casinospielern, und das aus gutem Grund. Auch wenn die Spiele auf den ersten Blick einfach wirken, gibt es einiges, was Sie dar\u00fcber wissen sollten. Dies kann Ihre Ergebnisse verbessern und f\u00fcr ein besseres Online-Spielerlebnis sorgen. Informationen zu verschiedenen Aspekten von Echtgeld-Spielautomaten finden Sie [&hellip;]<\/p>\n","protected":false},"author":1,"featured_media":372,"parent":8306,"menu_order":42,"comment_status":"closed","ping_status":"closed","template":"","meta":{"footnotes":""},"class_list":["post-8935","page","type-page","status-publish","has-post-thumbnail","hentry"],"yoast_head":"<!-- This site is optimized with the Yoast SEO plugin v27.4 - https:\/\/yoast.com\/product\/yoast-seo-wordpress\/ -->\n<title>Informationen zu Online-Spielautomaten<\/title>\n<meta name=\"description\" content=\"Lerne, wie du Online-Slots spielst und mit nur einem Mausklick progressive Jackpots in Millionenh\u00f6he gewinnen kannst.\" \/>\n<meta name=\"robots\" content=\"index, follow, max-snippet:-1, max-image-preview:large, max-video-preview:-1\" \/>\n<link rel=\"canonical\" href=\"https:\/\/gambling6.com\/de\/kasino\/alles-was-sie-uber-online-spielautomaten-wissen-mussen\/\" \/>\n<meta property=\"og:locale\" content=\"de_DE\" \/>\n<meta property=\"og:type\" content=\"article\" \/>\n<meta property=\"og:title\" content=\"Informationen zu Online-Spielautomaten\" \/>\n<meta property=\"og:description\" content=\"Lerne, wie du Online-Slots spielst und mit nur einem Mausklick progressive Jackpots in Millionenh\u00f6he gewinnen kannst.\" \/>\n<meta property=\"og:url\" content=\"https:\/\/gambling6.com\/de\/kasino\/alles-was-sie-uber-online-spielautomaten-wissen-mussen\/\" \/>\n<meta property=\"og:site_name\" content=\"Gambling6\" \/>\n<meta property=\"article:modified_time\" content=\"2025-11-12T09:38:35+00:00\" \/>\n<meta property=\"og:image\" content=\"https:\/\/gambling6.com\/wp-content\/uploads\/2013\/12\/Slots-150x150.jpg\" \/>\n\t<meta property=\"og:image:width\" content=\"150\" \/>\n\t<meta property=\"og:image:height\" content=\"150\" \/>\n\t<meta property=\"og:image:type\" content=\"image\/jpeg\" \/>\n<meta name=\"twitter:card\" content=\"summary_large_image\" \/>\n<meta name=\"twitter:label1\" content=\"Gesch\u00e4tzte Lesezeit\" \/>\n\t<meta name=\"twitter:data1\" content=\"3\u00a0Minuten\" \/>\n<script type=\"application\/ld+json\" class=\"yoast-schema-graph\">{\"@context\":\"https:\\\/\\\/schema.org\",\"@graph\":[{\"@type\":\"WebPage\",\"@id\":\"https:\\\/\\\/gambling6.com\\\/de\\\/kasino\\\/alles-was-sie-uber-online-spielautomaten-wissen-mussen\\\/\",\"url\":\"https:\\\/\\\/gambling6.com\\\/de\\\/kasino\\\/alles-was-sie-uber-online-spielautomaten-wissen-mussen\\\/\",\"name\":\"Informationen zu Online-Spielautomaten\",\"isPartOf\":{\"@id\":\"https:\\\/\\\/gambling6.com\\\/de\\\/#website\"},\"primaryImageOfPage\":{\"@id\":\"https:\\\/\\\/gambling6.com\\\/de\\\/kasino\\\/alles-was-sie-uber-online-spielautomaten-wissen-mussen\\\/#primaryimage\"},\"image\":{\"@id\":\"https:\\\/\\\/gambling6.com\\\/de\\\/kasino\\\/alles-was-sie-uber-online-spielautomaten-wissen-mussen\\\/#primaryimage\"},\"thumbnailUrl\":\"https:\\\/\\\/gambling6.com\\\/wp-content\\\/uploads\\\/2013\\\/12\\\/Slots-150x150.jpg\",\"datePublished\":\"2025-11-08T10:08:55+00:00\",\"dateModified\":\"2025-11-12T09:38:35+00:00\",\"description\":\"Lerne, wie du Online-Slots spielst und mit nur einem Mausklick progressive Jackpots in Millionenh\u00f6he gewinnen kannst.\",\"breadcrumb\":{\"@id\":\"https:\\\/\\\/gambling6.com\\\/de\\\/kasino\\\/alles-was-sie-uber-online-spielautomaten-wissen-mussen\\\/#breadcrumb\"},\"inLanguage\":\"de\",\"potentialAction\":[{\"@type\":\"ReadAction\",\"target\":[\"https:\\\/\\\/gambling6.com\\\/de\\\/kasino\\\/alles-was-sie-uber-online-spielautomaten-wissen-mussen\\\/\"]}]},{\"@type\":\"ImageObject\",\"inLanguage\":\"de\",\"@id\":\"https:\\\/\\\/gambling6.com\\\/de\\\/kasino\\\/alles-was-sie-uber-online-spielautomaten-wissen-mussen\\\/#primaryimage\",\"url\":\"https:\\\/\\\/gambling6.com\\\/wp-content\\\/uploads\\\/2013\\\/12\\\/Slots-150x150.jpg\",\"contentUrl\":\"https:\\\/\\\/gambling6.com\\\/wp-content\\\/uploads\\\/2013\\\/12\\\/Slots-150x150.jpg\",\"width\":150,\"height\":150},{\"@type\":\"BreadcrumbList\",\"@id\":\"https:\\\/\\\/gambling6.com\\\/de\\\/kasino\\\/alles-was-sie-uber-online-spielautomaten-wissen-mussen\\\/#breadcrumb\",\"itemListElement\":[{\"@type\":\"ListItem\",\"position\":1,\"name\":\"Home\",\"item\":\"https:\\\/\\\/gambling6.com\\\/de\\\/home\\\/\"},{\"@type\":\"ListItem\",\"position\":2,\"name\":\"Kasino\",\"item\":\"https:\\\/\\\/gambling6.com\\\/de\\\/get-started-with-online-gambling\\\/\"},{\"@type\":\"ListItem\",\"position\":3,\"name\":\"Alles, was Sie \u00fcber Online-Spielautomaten wissen m\u00fcssen\"}]},{\"@type\":\"WebSite\",\"@id\":\"https:\\\/\\\/gambling6.com\\\/de\\\/#website\",\"url\":\"https:\\\/\\\/gambling6.com\\\/de\\\/\",\"name\":\"Gambling6\",\"description\":\"\",\"potentialAction\":[{\"@type\":\"SearchAction\",\"target\":{\"@type\":\"EntryPoint\",\"urlTemplate\":\"https:\\\/\\\/gambling6.com\\\/de\\\/?s={search_term_string}\"},\"query-input\":{\"@type\":\"PropertyValueSpecification\",\"valueRequired\":true,\"valueName\":\"search_term_string\"}}],\"inLanguage\":\"de\"}]}<\/script>\n<!-- \/ Yoast SEO plugin. -->","yoast_head_json":{"title":"Informationen zu Online-Spielautomaten","description":"Lerne, wie du Online-Slots spielst und mit nur einem Mausklick progressive Jackpots in Millionenh\u00f6he gewinnen kannst.","robots":{"index":"index","follow":"follow","max-snippet":"max-snippet:-1","max-image-preview":"max-image-preview:large","max-video-preview":"max-video-preview:-1"},"canonical":"https:\/\/gambling6.com\/de\/kasino\/alles-was-sie-uber-online-spielautomaten-wissen-mussen\/","og_locale":"de_DE","og_type":"article","og_title":"Informationen zu Online-Spielautomaten","og_description":"Lerne, wie du Online-Slots spielst und mit nur einem Mausklick progressive Jackpots in Millionenh\u00f6he gewinnen kannst.","og_url":"https:\/\/gambling6.com\/de\/kasino\/alles-was-sie-uber-online-spielautomaten-wissen-mussen\/","og_site_name":"Gambling6","article_modified_time":"2025-11-12T09:38:35+00:00","og_image":[{"width":150,"height":150,"url":"https:\/\/gambling6.com\/wp-content\/uploads\/2013\/12\/Slots-150x150.jpg","type":"image\/jpeg"}],"twitter_card":"summary_large_image","twitter_misc":{"Gesch\u00e4tzte Lesezeit":"3\u00a0Minuten"},"schema":{"@context":"https:\/\/schema.org","@graph":[{"@type":"WebPage","@id":"https:\/\/gambling6.com\/de\/kasino\/alles-was-sie-uber-online-spielautomaten-wissen-mussen\/","url":"https:\/\/gambling6.com\/de\/kasino\/alles-was-sie-uber-online-spielautomaten-wissen-mussen\/","name":"Informationen zu Online-Spielautomaten","isPartOf":{"@id":"https:\/\/gambling6.com\/de\/#website"},"primaryImageOfPage":{"@id":"https:\/\/gambling6.com\/de\/kasino\/alles-was-sie-uber-online-spielautomaten-wissen-mussen\/#primaryimage"},"image":{"@id":"https:\/\/gambling6.com\/de\/kasino\/alles-was-sie-uber-online-spielautomaten-wissen-mussen\/#primaryimage"},"thumbnailUrl":"https:\/\/gambling6.com\/wp-content\/uploads\/2013\/12\/Slots-150x150.jpg","datePublished":"2025-11-08T10:08:55+00:00","dateModified":"2025-11-12T09:38:35+00:00","description":"Lerne, wie du Online-Slots spielst und mit nur einem Mausklick progressive Jackpots in Millionenh\u00f6he gewinnen kannst.","breadcrumb":{"@id":"https:\/\/gambling6.com\/de\/kasino\/alles-was-sie-uber-online-spielautomaten-wissen-mussen\/#breadcrumb"},"inLanguage":"de","potentialAction":[{"@type":"ReadAction","target":["https:\/\/gambling6.com\/de\/kasino\/alles-was-sie-uber-online-spielautomaten-wissen-mussen\/"]}]},{"@type":"ImageObject","inLanguage":"de","@id":"https:\/\/gambling6.com\/de\/kasino\/alles-was-sie-uber-online-spielautomaten-wissen-mussen\/#primaryimage","url":"https:\/\/gambling6.com\/wp-content\/uploads\/2013\/12\/Slots-150x150.jpg","contentUrl":"https:\/\/gambling6.com\/wp-content\/uploads\/2013\/12\/Slots-150x150.jpg","width":150,"height":150},{"@type":"BreadcrumbList","@id":"https:\/\/gambling6.com\/de\/kasino\/alles-was-sie-uber-online-spielautomaten-wissen-mussen\/#breadcrumb","itemListElement":[{"@type":"ListItem","position":1,"name":"Home","item":"https:\/\/gambling6.com\/de\/home\/"},{"@type":"ListItem","position":2,"name":"Kasino","item":"https:\/\/gambling6.com\/de\/get-started-with-online-gambling\/"},{"@type":"ListItem","position":3,"name":"Alles, was Sie \u00fcber Online-Spielautomaten wissen m\u00fcssen"}]},{"@type":"WebSite","@id":"https:\/\/gambling6.com\/de\/#website","url":"https:\/\/gambling6.com\/de\/","name":"Gambling6","description":"","potentialAction":[{"@type":"SearchAction","target":{"@type":"EntryPoint","urlTemplate":"https:\/\/gambling6.com\/de\/?s={search_term_string}"},"query-input":{"@type":"PropertyValueSpecification","valueRequired":true,"valueName":"search_term_string"}}],"inLanguage":"de"}]}},"_links":{"self":[{"href":"https:\/\/gambling6.com\/de\/wp-json\/wp\/v2\/pages\/8935","targetHints":{"allow":["GET"]}}],"collection":[{"href":"https:\/\/gambling6.com\/de\/wp-json\/wp\/v2\/pages"}],"about":[{"href":"https:\/\/gambling6.com\/de\/wp-json\/wp\/v2\/types\/page"}],"author":[{"embeddable":true,"href":"https:\/\/gambling6.com\/de\/wp-json\/wp\/v2\/users\/1"}],"replies":[{"embeddable":true,"href":"https:\/\/gambling6.com\/de\/wp-json\/wp\/v2\/comments?post=8935"}],"version-history":[{"count":1,"href":"https:\/\/gambling6.com\/de\/wp-json\/wp\/v2\/pages\/8935\/revisions"}],"predecessor-version":[{"id":10483,"href":"https:\/\/gambling6.com\/de\/wp-json\/wp\/v2\/pages\/8935\/revisions\/10483"}],"up":[{"embeddable":true,"href":"https:\/\/gambling6.com\/de\/wp-json\/wp\/v2\/pages\/8306"}],"wp:featuredmedia":[{"embeddable":true,"href":"https:\/\/gambling6.com\/de\/wp-json\/wp\/v2\/media\/372"}],"wp:attachment":[{"href":"https:\/\/gambling6.com\/de\/wp-json\/wp\/v2\/media?parent=8935"}],"curies":[{"name":"wp","href":"https:\/\/api.w.org\/{rel}","templated":true}]}}