{"id":8960,"date":"2025-11-08T11:59:17","date_gmt":"2025-11-08T11:59:17","guid":{"rendered":"https:\/\/gambling6.com\/kasino\/wo-findet-man-erstklassige-online-spielautomaten\/"},"modified":"2025-11-08T11:59:17","modified_gmt":"2025-11-08T11:59:17","slug":"wo-findet-man-erstklassige-online-spielautomaten","status":"publish","type":"page","link":"https:\/\/gambling6.com\/de\/kasino\/wo-findet-man-erstklassige-online-spielautomaten\/","title":{"rendered":"Wo findet man erstklassige Online-Spielautomaten?"},"content":{"rendered":"<h2>Hochwertige Online-Casinos mit Spielautomaten<\/h2>\n<p>Wenn es um Online-Casinos geht, stehen Spielautomaten in puncto Vielfalt, Spielerzahlen und Jackpots meist an erster Stelle. Es ist leicht nachzuvollziehen, warum Online-Spielautomaten so beliebt sind: Mit nur einem Dreh der Symbole hat jeder Spieler die Chance auf hohe Gewinne, sogar Millionen von Dollar. Tats\u00e4chlich sind Spielautomaten online so beliebt, dass einige Online-Casinos spezielle Boni nur f\u00fcr diese Spiele anbieten, da sich Spieler ausschlie\u00dflich f\u00fcr Spielautomaten anmelden und an nichts anderem interessiert sind. Da die beste Strategie bei Online-Spielautomaten darin besteht, viel zu spielen, sind diese Boni schnell sehr n\u00fctzlich.<\/p>\n<p>Wenn es um Online-Casinos geht, ist es wichtig, m\u00f6glichst viel zu spielen. <\/p>\n<h2>Softwareanbieter f\u00fcr Casinospiele<\/h2>\n<p><img loading=\"lazy\" decoding=\"async\" class=\"size-full wp-image-400 alignright\" src=\"https:\/\/gambling6.com\/wp-content\/uploads\/2013\/12\/mobile-gambling-150x150.jpg\" alt=\"Online-Spielautomat\" width=\"150\" height=\"150\" \/>Jedes Online-Casino wird von einem Softwareentwickler betrieben, und einige Unternehmen haben sich einen Namen gemacht, indem sie einige der optisch ansprechendsten Casinospiele im Internet anbieten. Folgen Sie dem Link, wenn Sie nicht wissen, welche Slot-Software Sie w\u00e4hlen sollten. Er f\u00fchrt Sie zu den beiden bekanntesten Anbietern der Branche.<\/p>\n<h2>Die besten Slot-Spiele im Internet spielen<\/h2>\n<p>Grafik und Funktionen k\u00f6nnen je nach Software stark variieren. Daher ist es immer ratsam, verschiedene Optionen zu vergleichen und diejenige auszuw\u00e4hlen, die Ihnen am besten gef\u00e4llt. Wenn Sie wissen, wie einige Spiele eines bestimmten Softwareentwicklers aussehen, f\u00e4llt Ihnen die Suche nach einem neuen Online-Casino deutlich leichter. Obwohl einige Seiten ein paar einzigartige, speziell f\u00fcr das jeweilige Online-Casino entwickelte Spiele anbieten, haben alle Seiten desselben Softwareanbieters fast die gleichen Spiele. Um ihre Kunden zufrieden zu stellen, bieten manche Online-Casinos Spiele verschiedener Softwareanbieter an \u2013 ein erfreulicher Umstand.<\/p>\n<h3>Online-Spielautomaten<\/h3>\n<p> Bei der Vielzahl an Online-Casinos mit Spielautomaten verschiedener Anbieter kann es schwierig sein, die besten zu finden. Ein erstklassiges Spielerlebnis ist garantiert. Schauen Sie sich diese Option an, die aktuell als das Casino mit den besten Spielautomaten im Internet gilt, da sie so gut wie alles bietet. Die hier aufgef\u00fchrte Seite kann sich \u00e4ndern, falls eine bessere Alternative erscheint, aber im Moment ist 888 Casino die beste Seite f\u00fcr Spielautomaten. 888 geh\u00f6rt mit einem gro\u00dfen Sportwettenangebot, einem realistischen Pokerraum und einem erstklassigen Casino zu den Marktf\u00fchrern im Online-Gl\u00fccksspiel.<\/p>\n<p>Was 888 Casino zu einem so gro\u00dfartigen Ort f\u00fcr Spielautomaten macht, ist die gro\u00dfe Auswahl an Spielen mit Titeln von Playtech, IGT, Microgaming und Eigenentwicklungen. Ein neuer Spieler ben\u00f6tigt mehrere Tage, um alle verf\u00fcgbaren Spiele auszuprobieren, und die verschiedenen Spielstile garantieren, dass keine Langeweile aufkommt.<\/p>\n<p>Nat\u00fcrlich zeichnet sich ein gutes Online-Casino nicht nur durch sein Spielangebot aus; verschiedene Faktoren m\u00fcssen \u00fcberzeugen, damit die gesamte Seite als empfehlenswert gilt. Am wichtigsten ist dabei die Sicherheit, da Finanztransaktionen ein wesentlicher Bestandteil des Online-Gl\u00fccksspiels sind und das Online-Casino jederzeit absolute Sicherheit gew\u00e4hrleisten sollte.<\/p>\n<p>Wenn Sie in den USA wohnen, ist Ihnen die Teilnahme am 888 Casino aufgrund US-amerikanischer Gesetze nicht m\u00f6glich. Gute Alternativen f\u00fcr US-Spieler sind rar, aber wir k\u00f6nnen BetOnline Casino f\u00fcr all Ihre Online-Gl\u00fccksspiele empfehlen. Klicken Sie auf das Banner unten, um BetOnlineCasino zu besuchen \u2013 Sie werden nicht entt\u00e4uscht sein!<\/p>\n<p><a class=\"thirstylink\" title=\"Betonline casino en\" href=\"https:\/\/gambling6.com\/go\/betonline-casino-en\/\" target=\"_blank\" rel=\"nofollow noopener\"><img loading=\"lazy\" decoding=\"async\" class=\" wp-image-7875 aligncenter\" src=\"https:\/\/gambling6.com\/wp-content\/uploads\/2025\/10\/BOL_AQC_banner_468x60_FS1_casino-300x38.gif\" alt=\"BetOnline casino\" width=\"553\" height=\"70\" \/><\/a><\/p>\n<p>Deshalb ist es immer ratsam, Bewertungen zu lesen und herauszufinden, welche Online-Casinos vertrauensw\u00fcrdig sind und welche f\u00fcr Auszahlungsprobleme bekannt sind. Da es um Geld geht, haben Boni und Aktionen in den letzten Jahren stark an Bedeutung gewonnen und sind meist das Erste, worauf neue Spieler achten. Top-Online-Casinos bieten h\u00e4ufig Willkommensboni an, die sich nach der H\u00f6he der Einzahlung richten, wobei Boni f\u00fcr Spielautomaten aufgrund deren Beliebtheit besonders verbreitet sind.<\/p>\n","protected":false},"excerpt":{"rendered":"<p>Hochwertige Online-Casinos mit Spielautomaten Wenn es um Online-Casinos geht, stehen Spielautomaten in puncto Vielfalt, Spielerzahlen und Jackpots meist an erster Stelle. Es ist leicht nachzuvollziehen, warum Online-Spielautomaten so beliebt sind: Mit nur einem Dreh der Symbole hat jeder Spieler die Chance auf hohe Gewinne, sogar Millionen von Dollar. Tats\u00e4chlich sind Spielautomaten online so beliebt, dass [&hellip;]<\/p>\n","protected":false},"author":1,"featured_media":0,"parent":8306,"menu_order":47,"comment_status":"closed","ping_status":"closed","template":"","meta":{"footnotes":""},"class_list":["post-8960","page","type-page","status-publish","hentry"],"yoast_head":"<!-- This site is optimized with the Yoast SEO plugin v27.4 - https:\/\/yoast.com\/product\/yoast-seo-wordpress\/ -->\n<title>Hochwertige Online-Spielautomaten<\/title>\n<meta name=\"description\" content=\"Spiele die besten Spielautomaten und Slot-Spiele im Internet. Finde hier erstklassige Online-Spielautomaten!\" \/>\n<meta name=\"robots\" content=\"index, follow, max-snippet:-1, max-image-preview:large, max-video-preview:-1\" \/>\n<link rel=\"canonical\" href=\"https:\/\/gambling6.com\/de\/kasino\/wo-findet-man-erstklassige-online-spielautomaten\/\" \/>\n<meta property=\"og:locale\" content=\"de_DE\" \/>\n<meta property=\"og:type\" content=\"article\" \/>\n<meta property=\"og:title\" content=\"Hochwertige Online-Spielautomaten\" \/>\n<meta property=\"og:description\" content=\"Spiele die besten Spielautomaten und Slot-Spiele im Internet. Finde hier erstklassige Online-Spielautomaten!\" \/>\n<meta property=\"og:url\" content=\"https:\/\/gambling6.com\/de\/kasino\/wo-findet-man-erstklassige-online-spielautomaten\/\" \/>\n<meta property=\"og:site_name\" content=\"Gambling6\" \/>\n<meta property=\"og:image\" content=\"https:\/\/gambling6.com\/wp-content\/uploads\/2013\/12\/mobile-gambling-150x150.jpg\" \/>\n\t<meta property=\"og:image:width\" content=\"150\" \/>\n\t<meta property=\"og:image:height\" content=\"150\" \/>\n\t<meta property=\"og:image:type\" content=\"image\/jpeg\" \/>\n<meta name=\"twitter:card\" content=\"summary_large_image\" \/>\n<meta name=\"twitter:label1\" content=\"Gesch\u00e4tzte Lesezeit\" \/>\n\t<meta name=\"twitter:data1\" content=\"3\u00a0Minuten\" \/>\n<script type=\"application\/ld+json\" class=\"yoast-schema-graph\">{\"@context\":\"https:\\\/\\\/schema.org\",\"@graph\":[{\"@type\":\"WebPage\",\"@id\":\"https:\\\/\\\/gambling6.com\\\/de\\\/kasino\\\/wo-findet-man-erstklassige-online-spielautomaten\\\/\",\"url\":\"https:\\\/\\\/gambling6.com\\\/de\\\/kasino\\\/wo-findet-man-erstklassige-online-spielautomaten\\\/\",\"name\":\"Hochwertige Online-Spielautomaten\",\"isPartOf\":{\"@id\":\"https:\\\/\\\/gambling6.com\\\/de\\\/#website\"},\"primaryImageOfPage\":{\"@id\":\"https:\\\/\\\/gambling6.com\\\/de\\\/kasino\\\/wo-findet-man-erstklassige-online-spielautomaten\\\/#primaryimage\"},\"image\":{\"@id\":\"https:\\\/\\\/gambling6.com\\\/de\\\/kasino\\\/wo-findet-man-erstklassige-online-spielautomaten\\\/#primaryimage\"},\"thumbnailUrl\":\"https:\\\/\\\/gambling6.com\\\/wp-content\\\/uploads\\\/2013\\\/12\\\/mobile-gambling-150x150.jpg\",\"datePublished\":\"2025-11-08T11:59:17+00:00\",\"description\":\"Spiele die besten Spielautomaten und Slot-Spiele im Internet. Finde hier erstklassige Online-Spielautomaten!\",\"breadcrumb\":{\"@id\":\"https:\\\/\\\/gambling6.com\\\/de\\\/kasino\\\/wo-findet-man-erstklassige-online-spielautomaten\\\/#breadcrumb\"},\"inLanguage\":\"de\",\"potentialAction\":[{\"@type\":\"ReadAction\",\"target\":[\"https:\\\/\\\/gambling6.com\\\/de\\\/kasino\\\/wo-findet-man-erstklassige-online-spielautomaten\\\/\"]}]},{\"@type\":\"ImageObject\",\"inLanguage\":\"de\",\"@id\":\"https:\\\/\\\/gambling6.com\\\/de\\\/kasino\\\/wo-findet-man-erstklassige-online-spielautomaten\\\/#primaryimage\",\"url\":\"https:\\\/\\\/gambling6.com\\\/wp-content\\\/uploads\\\/2013\\\/12\\\/mobile-gambling-150x150.jpg\",\"contentUrl\":\"https:\\\/\\\/gambling6.com\\\/wp-content\\\/uploads\\\/2013\\\/12\\\/mobile-gambling-150x150.jpg\"},{\"@type\":\"BreadcrumbList\",\"@id\":\"https:\\\/\\\/gambling6.com\\\/de\\\/kasino\\\/wo-findet-man-erstklassige-online-spielautomaten\\\/#breadcrumb\",\"itemListElement\":[{\"@type\":\"ListItem\",\"position\":1,\"name\":\"Home\",\"item\":\"https:\\\/\\\/gambling6.com\\\/de\\\/home\\\/\"},{\"@type\":\"ListItem\",\"position\":2,\"name\":\"Kasino\",\"item\":\"https:\\\/\\\/gambling6.com\\\/de\\\/get-started-with-online-gambling\\\/\"},{\"@type\":\"ListItem\",\"position\":3,\"name\":\"Wo findet man erstklassige Online-Spielautomaten?\"}]},{\"@type\":\"WebSite\",\"@id\":\"https:\\\/\\\/gambling6.com\\\/de\\\/#website\",\"url\":\"https:\\\/\\\/gambling6.com\\\/de\\\/\",\"name\":\"Gambling6\",\"description\":\"\",\"potentialAction\":[{\"@type\":\"SearchAction\",\"target\":{\"@type\":\"EntryPoint\",\"urlTemplate\":\"https:\\\/\\\/gambling6.com\\\/de\\\/?s={search_term_string}\"},\"query-input\":{\"@type\":\"PropertyValueSpecification\",\"valueRequired\":true,\"valueName\":\"search_term_string\"}}],\"inLanguage\":\"de\"}]}<\/script>\n<!-- \/ Yoast SEO plugin. -->","yoast_head_json":{"title":"Hochwertige Online-Spielautomaten","description":"Spiele die besten Spielautomaten und Slot-Spiele im Internet. Finde hier erstklassige Online-Spielautomaten!","robots":{"index":"index","follow":"follow","max-snippet":"max-snippet:-1","max-image-preview":"max-image-preview:large","max-video-preview":"max-video-preview:-1"},"canonical":"https:\/\/gambling6.com\/de\/kasino\/wo-findet-man-erstklassige-online-spielautomaten\/","og_locale":"de_DE","og_type":"article","og_title":"Hochwertige Online-Spielautomaten","og_description":"Spiele die besten Spielautomaten und Slot-Spiele im Internet. Finde hier erstklassige Online-Spielautomaten!","og_url":"https:\/\/gambling6.com\/de\/kasino\/wo-findet-man-erstklassige-online-spielautomaten\/","og_site_name":"Gambling6","og_image":[{"width":150,"height":150,"url":"https:\/\/gambling6.com\/wp-content\/uploads\/2013\/12\/mobile-gambling-150x150.jpg","type":"image\/jpeg"}],"twitter_card":"summary_large_image","twitter_misc":{"Gesch\u00e4tzte Lesezeit":"3\u00a0Minuten"},"schema":{"@context":"https:\/\/schema.org","@graph":[{"@type":"WebPage","@id":"https:\/\/gambling6.com\/de\/kasino\/wo-findet-man-erstklassige-online-spielautomaten\/","url":"https:\/\/gambling6.com\/de\/kasino\/wo-findet-man-erstklassige-online-spielautomaten\/","name":"Hochwertige Online-Spielautomaten","isPartOf":{"@id":"https:\/\/gambling6.com\/de\/#website"},"primaryImageOfPage":{"@id":"https:\/\/gambling6.com\/de\/kasino\/wo-findet-man-erstklassige-online-spielautomaten\/#primaryimage"},"image":{"@id":"https:\/\/gambling6.com\/de\/kasino\/wo-findet-man-erstklassige-online-spielautomaten\/#primaryimage"},"thumbnailUrl":"https:\/\/gambling6.com\/wp-content\/uploads\/2013\/12\/mobile-gambling-150x150.jpg","datePublished":"2025-11-08T11:59:17+00:00","description":"Spiele die besten Spielautomaten und Slot-Spiele im Internet. Finde hier erstklassige Online-Spielautomaten!","breadcrumb":{"@id":"https:\/\/gambling6.com\/de\/kasino\/wo-findet-man-erstklassige-online-spielautomaten\/#breadcrumb"},"inLanguage":"de","potentialAction":[{"@type":"ReadAction","target":["https:\/\/gambling6.com\/de\/kasino\/wo-findet-man-erstklassige-online-spielautomaten\/"]}]},{"@type":"ImageObject","inLanguage":"de","@id":"https:\/\/gambling6.com\/de\/kasino\/wo-findet-man-erstklassige-online-spielautomaten\/#primaryimage","url":"https:\/\/gambling6.com\/wp-content\/uploads\/2013\/12\/mobile-gambling-150x150.jpg","contentUrl":"https:\/\/gambling6.com\/wp-content\/uploads\/2013\/12\/mobile-gambling-150x150.jpg"},{"@type":"BreadcrumbList","@id":"https:\/\/gambling6.com\/de\/kasino\/wo-findet-man-erstklassige-online-spielautomaten\/#breadcrumb","itemListElement":[{"@type":"ListItem","position":1,"name":"Home","item":"https:\/\/gambling6.com\/de\/home\/"},{"@type":"ListItem","position":2,"name":"Kasino","item":"https:\/\/gambling6.com\/de\/get-started-with-online-gambling\/"},{"@type":"ListItem","position":3,"name":"Wo findet man erstklassige Online-Spielautomaten?"}]},{"@type":"WebSite","@id":"https:\/\/gambling6.com\/de\/#website","url":"https:\/\/gambling6.com\/de\/","name":"Gambling6","description":"","potentialAction":[{"@type":"SearchAction","target":{"@type":"EntryPoint","urlTemplate":"https:\/\/gambling6.com\/de\/?s={search_term_string}"},"query-input":{"@type":"PropertyValueSpecification","valueRequired":true,"valueName":"search_term_string"}}],"inLanguage":"de"}]}},"_links":{"self":[{"href":"https:\/\/gambling6.com\/de\/wp-json\/wp\/v2\/pages\/8960","targetHints":{"allow":["GET"]}}],"collection":[{"href":"https:\/\/gambling6.com\/de\/wp-json\/wp\/v2\/pages"}],"about":[{"href":"https:\/\/gambling6.com\/de\/wp-json\/wp\/v2\/types\/page"}],"author":[{"embeddable":true,"href":"https:\/\/gambling6.com\/de\/wp-json\/wp\/v2\/users\/1"}],"replies":[{"embeddable":true,"href":"https:\/\/gambling6.com\/de\/wp-json\/wp\/v2\/comments?post=8960"}],"version-history":[{"count":0,"href":"https:\/\/gambling6.com\/de\/wp-json\/wp\/v2\/pages\/8960\/revisions"}],"up":[{"embeddable":true,"href":"https:\/\/gambling6.com\/de\/wp-json\/wp\/v2\/pages\/8306"}],"wp:attachment":[{"href":"https:\/\/gambling6.com\/de\/wp-json\/wp\/v2\/media?parent=8960"}],"curies":[{"name":"wp","href":"https:\/\/api.w.org\/{rel}","templated":true}]}}