{"id":9003,"date":"2025-11-08T12:45:57","date_gmt":"2025-11-08T12:45:57","guid":{"rendered":"https:\/\/gambling6.com\/kasino\/manche-casinospiele-sind-tatsachlich-kostenlos\/"},"modified":"2025-11-08T12:45:57","modified_gmt":"2025-11-08T12:45:57","slug":"manche-casinospiele-sind-tatsachlich-kostenlos","status":"publish","type":"page","link":"https:\/\/gambling6.com\/de\/kasino\/manche-casinospiele-sind-tatsachlich-kostenlos\/","title":{"rendered":"Manche Casinospiele sind tats\u00e4chlich kostenlos!"},"content":{"rendered":"<p>Warum Casinos kostenlose Spiele anbieten<br \/>\nMit dem Aufkommen des Internets spielen die meisten Casino-Fans Casinospiele bequem von zu Hause aus. Online-Casinos bieten mehr Vorteile als landbasierte Casinos. Online-Spiele sind nicht nur bequem, sondern erm\u00f6glichen es Ihnen auch, Ihre Lieblingsspiele zu spielen, ohne Ihr eigenes Geld zu riskieren. Da Online-Casinos einem starken Wettbewerb ausgesetzt sind, bieten sie kostenlose Spiele an, um neue Spieler f\u00fcr sich zu gewinnen. Sie k\u00f6nnen diese kostenlosen Spiele so lange spielen, bis Sie Ihre F\u00e4higkeiten verbessert haben und ein Experte geworden sind.<\/p>\n<h2>Was Sie bei der Auswahl von Casinos mit kostenlosen Spielen erwarten k\u00f6nnen<\/h2>\n<p>Das Wichtigste, um <strong>Casino<\/strong>spiele kostenlos zu spielen, ist die Suche nach einer guten Webseite mit einer gro\u00dfen Auswahl an Gratisspielen. Achten Sie darauf, dass die Webseite zuverl\u00e4ssig und seri\u00f6s ist. Ihr Online-Spielabenteuer beginnt mit der Kontoer\u00f6ffnung. Online-Casinos ben\u00f6tigen pers\u00f6nliche Daten wie Name, Alter, Adresse und E-Mail-Adresse. Die besten Casinos bem\u00fchen sich, eine sichere und angenehme Umgebung zu bieten, in der Sie stundenlang Ihre Lieblingsspiele genie\u00dfen k\u00f6nnen. Nach der Registrierung k\u00f6nnen Sie zwischen dem Spielgeldmodus und dem Echtgeldmodus w\u00e4hlen. Im Spielgeldmodus k\u00f6nnen Sie verschiedene Spiele ausprobieren, ohne eigenes Geld auszugeben.<\/p>\n<h2>Gibt es ein Risiko beim Spielen kostenloser Spiele?<\/h2>\n<p> Das Spielen kostenloser <strong>Casino<\/strong>spiele ist risikofrei, solange Sie eine vertrauensw\u00fcrdige Webseite ausw\u00e4hlen. Die Casinos unternehmen alles, um Ihnen ein erstklassiges Spielerlebnis zu bieten und Sie zu einem echten Spieler zu machen.<\/p>\n<p>Wenn Sie Casinospiele kostenlos ausprobieren und gleichzeitig mit Echtgeld spielen m\u00f6chten, haben wir einen hervorragenden Tipp f\u00fcr Sie. 888 Casino schenkt Ihnen 20 \u20ac zum Spielen \u2013 ganz ohne eigene Einzahlung. Und wenn Sie sp\u00e4ter weitere Einzahlungen t\u00e4tigen, erhalten Sie einen zus\u00e4tzlichen Bonus von bis zu 1500 \u20ac auf Ihre erste Einzahlung.<\/p>\n<p><a href=\"https:\/\/ic.aff-handler.com\/C\/45871?sr=1064399&amp;anid=\" rel=\"nofollow\"><img loading=\"lazy\" decoding=\"async\" class=\"aligncenter\" src=\"https:\/\/ic.aff-handler.com\/I\/45871?sr=1064399&amp;anid=\" width=\"594\" height=\"77\" \/><\/a><br \/>\n<strong>Gibt es Einschr\u00e4nkungen?<\/strong><\/p>\n<p>Online-Casinos erlauben in der Regel, Spiele nur eine bestimmte Anzahl von Malen und f\u00fcr einen bestimmten Zeitraum zu spielen. Es kann Einschr\u00e4nkungen beim Spielen kostenloser Spiele geben. Die Casinos erlauben m\u00f6glicherweise nicht, alle Spiele auf ihrer Website kostenlos zu spielen. Die meisten Casinos verlangen, dass Sie Ihren Einsatz eine bestimmte Anzahl von Malen platzieren, bevor Sie Ihre Gewinne auszahlen lassen k\u00f6nnen.<\/p>\n<h2>Wo finde ich kostenlose Casinospiele?<\/h2>\n<p>Viele Websites bieten kostenlose <strong>Casino<\/strong>-Spiele an. Die beste Seite f\u00fcr kostenlose Spiele ist eine, auf der Sie keine Software herunterladen m\u00fcssen. Sie k\u00f6nnen sofort loslegen, indem Sie Ihr Lieblingsspiel anklicken. Pr\u00fcfen Sie, ob die Seite eine gro\u00dfe Auswahl an kostenlosen Spielen bietet, wie z. B. Tischspiele, Spielautomaten, Bingo, Video-Poker und andere Spiele, damit keine Langeweile aufkommt.<\/p>\n<p>Kostenlose Casinospiele bieten Ihnen die M\u00f6glichkeit, neue Programme, Techniken oder Strategien zu testen und zu \u00fcberpr\u00fcfen, ob sie in einer echten Online-Spielumgebung funktionieren. Da Sie kein Geld verlieren, k\u00f6nnen Sie ganz entspannt spielen.<\/p>\n","protected":false},"excerpt":{"rendered":"<p>Warum Casinos kostenlose Spiele anbieten Mit dem Aufkommen des Internets spielen die meisten Casino-Fans Casinospiele bequem von zu Hause aus. Online-Casinos bieten mehr Vorteile als landbasierte Casinos. Online-Spiele sind nicht nur bequem, sondern erm\u00f6glichen es Ihnen auch, Ihre Lieblingsspiele zu spielen, ohne Ihr eigenes Geld zu riskieren. Da Online-Casinos einem starken Wettbewerb ausgesetzt sind, bieten [&hellip;]<\/p>\n","protected":false},"author":1,"featured_media":240,"parent":8306,"menu_order":53,"comment_status":"closed","ping_status":"closed","template":"","meta":{"footnotes":""},"class_list":["post-9003","page","type-page","status-publish","has-post-thumbnail","hentry"],"yoast_head":"<!-- This site is optimized with the Yoast SEO plugin v27.4 - https:\/\/yoast.com\/product\/yoast-seo-wordpress\/ -->\n<title>Spiele kostenlos Online-Casinospiele<\/title>\n<meta name=\"description\" content=\"Kostenlose Casinospiele zu spielen macht viel Spa\u00df. Wenn Sie einige wichtige Dinge \u00fcber kostenlose Casinospiele wissen, k\u00f6nnen Sie davon profitieren.\" \/>\n<meta name=\"robots\" content=\"index, follow, max-snippet:-1, max-image-preview:large, max-video-preview:-1\" \/>\n<link rel=\"canonical\" href=\"https:\/\/gambling6.com\/de\/kasino\/manche-casinospiele-sind-tatsachlich-kostenlos\/\" \/>\n<meta property=\"og:locale\" content=\"de_DE\" \/>\n<meta property=\"og:type\" content=\"article\" \/>\n<meta property=\"og:title\" content=\"Spiele kostenlos Online-Casinospiele\" \/>\n<meta property=\"og:description\" content=\"Kostenlose Casinospiele zu spielen macht viel Spa\u00df. Wenn Sie einige wichtige Dinge \u00fcber kostenlose Casinospiele wissen, k\u00f6nnen Sie davon profitieren.\" \/>\n<meta property=\"og:url\" content=\"https:\/\/gambling6.com\/de\/kasino\/manche-casinospiele-sind-tatsachlich-kostenlos\/\" \/>\n<meta property=\"og:site_name\" content=\"Gambling6\" \/>\n<meta property=\"og:image\" content=\"https:\/\/gambling6.com\/wp-content\/uploads\/2013\/12\/img_116.png\" \/>\n\t<meta property=\"og:image:width\" content=\"270\" \/>\n\t<meta property=\"og:image:height\" content=\"186\" \/>\n\t<meta property=\"og:image:type\" content=\"image\/png\" \/>\n<meta name=\"twitter:card\" content=\"summary_large_image\" \/>\n<meta name=\"twitter:label1\" content=\"Gesch\u00e4tzte Lesezeit\" \/>\n\t<meta name=\"twitter:data1\" content=\"2\u00a0Minuten\" \/>\n<script type=\"application\/ld+json\" class=\"yoast-schema-graph\">{\"@context\":\"https:\\\/\\\/schema.org\",\"@graph\":[{\"@type\":\"WebPage\",\"@id\":\"https:\\\/\\\/gambling6.com\\\/de\\\/kasino\\\/manche-casinospiele-sind-tatsachlich-kostenlos\\\/\",\"url\":\"https:\\\/\\\/gambling6.com\\\/de\\\/kasino\\\/manche-casinospiele-sind-tatsachlich-kostenlos\\\/\",\"name\":\"Spiele kostenlos Online-Casinospiele\",\"isPartOf\":{\"@id\":\"https:\\\/\\\/gambling6.com\\\/de\\\/#website\"},\"primaryImageOfPage\":{\"@id\":\"https:\\\/\\\/gambling6.com\\\/de\\\/kasino\\\/manche-casinospiele-sind-tatsachlich-kostenlos\\\/#primaryimage\"},\"image\":{\"@id\":\"https:\\\/\\\/gambling6.com\\\/de\\\/kasino\\\/manche-casinospiele-sind-tatsachlich-kostenlos\\\/#primaryimage\"},\"thumbnailUrl\":\"https:\\\/\\\/gambling6.com\\\/wp-content\\\/uploads\\\/2013\\\/12\\\/img_116.png\",\"datePublished\":\"2025-11-08T12:45:57+00:00\",\"description\":\"Kostenlose Casinospiele zu spielen macht viel Spa\u00df. Wenn Sie einige wichtige Dinge \u00fcber kostenlose Casinospiele wissen, k\u00f6nnen Sie davon profitieren.\",\"breadcrumb\":{\"@id\":\"https:\\\/\\\/gambling6.com\\\/de\\\/kasino\\\/manche-casinospiele-sind-tatsachlich-kostenlos\\\/#breadcrumb\"},\"inLanguage\":\"de\",\"potentialAction\":[{\"@type\":\"ReadAction\",\"target\":[\"https:\\\/\\\/gambling6.com\\\/de\\\/kasino\\\/manche-casinospiele-sind-tatsachlich-kostenlos\\\/\"]}]},{\"@type\":\"ImageObject\",\"inLanguage\":\"de\",\"@id\":\"https:\\\/\\\/gambling6.com\\\/de\\\/kasino\\\/manche-casinospiele-sind-tatsachlich-kostenlos\\\/#primaryimage\",\"url\":\"https:\\\/\\\/gambling6.com\\\/wp-content\\\/uploads\\\/2013\\\/12\\\/img_116.png\",\"contentUrl\":\"https:\\\/\\\/gambling6.com\\\/wp-content\\\/uploads\\\/2013\\\/12\\\/img_116.png\",\"width\":270,\"height\":186},{\"@type\":\"BreadcrumbList\",\"@id\":\"https:\\\/\\\/gambling6.com\\\/de\\\/kasino\\\/manche-casinospiele-sind-tatsachlich-kostenlos\\\/#breadcrumb\",\"itemListElement\":[{\"@type\":\"ListItem\",\"position\":1,\"name\":\"Home\",\"item\":\"https:\\\/\\\/gambling6.com\\\/de\\\/home\\\/\"},{\"@type\":\"ListItem\",\"position\":2,\"name\":\"Kasino\",\"item\":\"https:\\\/\\\/gambling6.com\\\/de\\\/get-started-with-online-gambling\\\/\"},{\"@type\":\"ListItem\",\"position\":3,\"name\":\"Manche Casinospiele sind tats\u00e4chlich kostenlos!\"}]},{\"@type\":\"WebSite\",\"@id\":\"https:\\\/\\\/gambling6.com\\\/de\\\/#website\",\"url\":\"https:\\\/\\\/gambling6.com\\\/de\\\/\",\"name\":\"Gambling6\",\"description\":\"\",\"potentialAction\":[{\"@type\":\"SearchAction\",\"target\":{\"@type\":\"EntryPoint\",\"urlTemplate\":\"https:\\\/\\\/gambling6.com\\\/de\\\/?s={search_term_string}\"},\"query-input\":{\"@type\":\"PropertyValueSpecification\",\"valueRequired\":true,\"valueName\":\"search_term_string\"}}],\"inLanguage\":\"de\"}]}<\/script>\n<!-- \/ Yoast SEO plugin. -->","yoast_head_json":{"title":"Spiele kostenlos Online-Casinospiele","description":"Kostenlose Casinospiele zu spielen macht viel Spa\u00df. Wenn Sie einige wichtige Dinge \u00fcber kostenlose Casinospiele wissen, k\u00f6nnen Sie davon profitieren.","robots":{"index":"index","follow":"follow","max-snippet":"max-snippet:-1","max-image-preview":"max-image-preview:large","max-video-preview":"max-video-preview:-1"},"canonical":"https:\/\/gambling6.com\/de\/kasino\/manche-casinospiele-sind-tatsachlich-kostenlos\/","og_locale":"de_DE","og_type":"article","og_title":"Spiele kostenlos Online-Casinospiele","og_description":"Kostenlose Casinospiele zu spielen macht viel Spa\u00df. Wenn Sie einige wichtige Dinge \u00fcber kostenlose Casinospiele wissen, k\u00f6nnen Sie davon profitieren.","og_url":"https:\/\/gambling6.com\/de\/kasino\/manche-casinospiele-sind-tatsachlich-kostenlos\/","og_site_name":"Gambling6","og_image":[{"width":270,"height":186,"url":"https:\/\/gambling6.com\/wp-content\/uploads\/2013\/12\/img_116.png","type":"image\/png"}],"twitter_card":"summary_large_image","twitter_misc":{"Gesch\u00e4tzte Lesezeit":"2\u00a0Minuten"},"schema":{"@context":"https:\/\/schema.org","@graph":[{"@type":"WebPage","@id":"https:\/\/gambling6.com\/de\/kasino\/manche-casinospiele-sind-tatsachlich-kostenlos\/","url":"https:\/\/gambling6.com\/de\/kasino\/manche-casinospiele-sind-tatsachlich-kostenlos\/","name":"Spiele kostenlos Online-Casinospiele","isPartOf":{"@id":"https:\/\/gambling6.com\/de\/#website"},"primaryImageOfPage":{"@id":"https:\/\/gambling6.com\/de\/kasino\/manche-casinospiele-sind-tatsachlich-kostenlos\/#primaryimage"},"image":{"@id":"https:\/\/gambling6.com\/de\/kasino\/manche-casinospiele-sind-tatsachlich-kostenlos\/#primaryimage"},"thumbnailUrl":"https:\/\/gambling6.com\/wp-content\/uploads\/2013\/12\/img_116.png","datePublished":"2025-11-08T12:45:57+00:00","description":"Kostenlose Casinospiele zu spielen macht viel Spa\u00df. Wenn Sie einige wichtige Dinge \u00fcber kostenlose Casinospiele wissen, k\u00f6nnen Sie davon profitieren.","breadcrumb":{"@id":"https:\/\/gambling6.com\/de\/kasino\/manche-casinospiele-sind-tatsachlich-kostenlos\/#breadcrumb"},"inLanguage":"de","potentialAction":[{"@type":"ReadAction","target":["https:\/\/gambling6.com\/de\/kasino\/manche-casinospiele-sind-tatsachlich-kostenlos\/"]}]},{"@type":"ImageObject","inLanguage":"de","@id":"https:\/\/gambling6.com\/de\/kasino\/manche-casinospiele-sind-tatsachlich-kostenlos\/#primaryimage","url":"https:\/\/gambling6.com\/wp-content\/uploads\/2013\/12\/img_116.png","contentUrl":"https:\/\/gambling6.com\/wp-content\/uploads\/2013\/12\/img_116.png","width":270,"height":186},{"@type":"BreadcrumbList","@id":"https:\/\/gambling6.com\/de\/kasino\/manche-casinospiele-sind-tatsachlich-kostenlos\/#breadcrumb","itemListElement":[{"@type":"ListItem","position":1,"name":"Home","item":"https:\/\/gambling6.com\/de\/home\/"},{"@type":"ListItem","position":2,"name":"Kasino","item":"https:\/\/gambling6.com\/de\/get-started-with-online-gambling\/"},{"@type":"ListItem","position":3,"name":"Manche Casinospiele sind tats\u00e4chlich kostenlos!"}]},{"@type":"WebSite","@id":"https:\/\/gambling6.com\/de\/#website","url":"https:\/\/gambling6.com\/de\/","name":"Gambling6","description":"","potentialAction":[{"@type":"SearchAction","target":{"@type":"EntryPoint","urlTemplate":"https:\/\/gambling6.com\/de\/?s={search_term_string}"},"query-input":{"@type":"PropertyValueSpecification","valueRequired":true,"valueName":"search_term_string"}}],"inLanguage":"de"}]}},"_links":{"self":[{"href":"https:\/\/gambling6.com\/de\/wp-json\/wp\/v2\/pages\/9003","targetHints":{"allow":["GET"]}}],"collection":[{"href":"https:\/\/gambling6.com\/de\/wp-json\/wp\/v2\/pages"}],"about":[{"href":"https:\/\/gambling6.com\/de\/wp-json\/wp\/v2\/types\/page"}],"author":[{"embeddable":true,"href":"https:\/\/gambling6.com\/de\/wp-json\/wp\/v2\/users\/1"}],"replies":[{"embeddable":true,"href":"https:\/\/gambling6.com\/de\/wp-json\/wp\/v2\/comments?post=9003"}],"version-history":[{"count":0,"href":"https:\/\/gambling6.com\/de\/wp-json\/wp\/v2\/pages\/9003\/revisions"}],"up":[{"embeddable":true,"href":"https:\/\/gambling6.com\/de\/wp-json\/wp\/v2\/pages\/8306"}],"wp:featuredmedia":[{"embeddable":true,"href":"https:\/\/gambling6.com\/de\/wp-json\/wp\/v2\/media\/240"}],"wp:attachment":[{"href":"https:\/\/gambling6.com\/de\/wp-json\/wp\/v2\/media?parent=9003"}],"curies":[{"name":"wp","href":"https:\/\/api.w.org\/{rel}","templated":true}]}}