{"id":9162,"date":"2025-11-10T10:29:45","date_gmt":"2025-11-10T10:29:45","guid":{"rendered":"https:\/\/gambling6.com\/sichern-sie-sich-online-ihre-powerball-lotterietickets\/"},"modified":"2025-11-12T17:39:22","modified_gmt":"2025-11-12T17:39:22","slug":"sichern-sie-sich-online-ihre-powerball-lotterietickets","status":"publish","type":"page","link":"https:\/\/gambling6.com\/de\/sichern-sie-sich-online-ihre-powerball-lotterietickets\/","title":{"rendered":"Sichern Sie sich online Ihre Powerball-Lotterietickets!"},"content":{"rendered":"<p>Spielen Sie Powerball online!<br \/>\nDie Powerball-Lotterie ist weltweit f\u00fcr ihre unglaublichen Jackpots bekannt. Jackpots von \u00fcber 100 Millionen Dollar sind keine Seltenheit. Der Jackpot steigt exponentiell, da Sie Powerball-Tickets online kaufen k\u00f6nnen. Powerball online zu spielen ist ganz einfach und bequem von zu Hause aus m\u00f6glich \u2013 Sie ben\u00f6tigen lediglich einen Computer und eine Internetverbindung.<\/p>\n<p>Powerball-Tickets online, kinderleicht! Um Powerball online zu spielen, besuchen Sie einfach unseren Partner <a class=\"thirstylink\" title=\"Redfoxlotto\" href=\"https:\/\/gambling6.com\/go\/redfoxlotto\/\" target=\"_blank\" rel=\"nofollow noopener\">RedFoxLotto (hier klicken) <\/a>und erstellen Sie ein Konto. Die Kontoer\u00f6ffnung ist unkompliziert, und schon nach wenigen Minuten k\u00f6nnen Sie mit dem Spielen beginnen. Im n\u00e4chsten Schritt gehen Sie zum Ticketbereich und w\u00e4hlen dort mithilfe des Formulars f\u00fcnf Hauptzahlen aus.<\/p>\n<p>Anschlie\u00dfend w\u00e4hlen Sie eine Powerball-Bonuszahl. <strong>Um den Jackpot zu gewinnen, m\u00fcssen Ihre f\u00fcnf Hauptzahlen plus die Powerball-Zahl mit den gezogenen Zahlen \u00fcbereinstimmen.<\/strong> Keine Sorge, falls Sie nicht richtig tippen, k\u00f6nnen Sie an den sieben anderen Gewinnklassen teilnehmen.<\/p>\n<h2>Powerball-Online-Ticketverk\u00e4ufe steigen rasant<\/h2>\n<p><img loading=\"lazy\" decoding=\"async\" class=\"size-medium wp-image-1533 alignright\" src=\"https:\/\/gambling6.com\/wp-content\/uploads\/2022\/04\/2_ticket_powerball_au2-1-163x300.jpg\" alt=\"Powerball-Los\" width=\"163\" height=\"300\" srcset=\"https:\/\/gambling6.com\/wp-content\/uploads\/2022\/04\/2_ticket_powerball_au2-1-163x300.jpg 163w, https:\/\/gambling6.com\/wp-content\/uploads\/2022\/04\/2_ticket_powerball_au2-1.jpg 250w\" sizes=\"auto, (max-width: 163px) 100vw, 163px\" \/>In den letzten zwei Jahren sind die Ticketverk\u00e4ufe f\u00fcr Powerball USA rasant gestiegen und haben sich in diesem Zeitraum j\u00e4hrlich verdoppelt. Die H\u00f6he der Jackpots und die einfache M\u00f6glichkeit, Tickets online zu kaufen, waren die Hauptgr\u00fcnde f\u00fcr das enorme Wachstum. Wenn die Vergangenheit ein Indikator f\u00fcr zuk\u00fcnftige Verk\u00e4ufe ist, k\u00f6nnen wir in den kommenden Jahren mit weiter steigenden Jackpots rechnen.<\/p>\n<p>Weltweit nimmt das Lottospielen zu.<br \/>\nMit Ausnahme von Mega Millions, das den Rekord f\u00fcr die h\u00f6chsten Lotto-Jackpots h\u00e4lt, gab es im letzten Jahr bei den meisten Online-Lotterien Rekordjackpots. Es gibt keine Anzeichen daf\u00fcr, dass diese Rekordjackpots in absehbarer Zeit zur\u00fcckgehen werden. Im Gegenteil, wir k\u00f6nnen davon ausgehen, dass die Rekorde immer wieder gebrochen werden, da die Menschen bei hohen Jackpot-Gewinnen ihre Computer st\u00fcrmen.<\/p>\n<p>\u00dcberpr\u00fcfen Sie die Powerball-Gewinnzahlen online.<\/p>\n<p>Wenn Sie Tickets kaufen, nehmen Sie sich unbedingt die Zeit, die Ergebnisse mit einem Online-Datenbanktool zu \u00fcberpr\u00fcfen. Viele Gewinne bleiben jedes Jahr unbeansprucht, weil die Leute, wenn sie von Jackpot-Gewinnen in ihrer Heimatregion oder in einer anderen Verkaufsstelle erfahren, ihren Schein wegwerfen und nicht weiter nachfragen, ob sie in anderen Gewinnklassen gewonnen haben.<\/p>\n<p>Bitte werfen Sie Ihr Geld nicht einfach weg oder lassen Sie es unbemerkt in Ihrem Portemonnaie liegen. Sie haben Ihren Gewinn verdient. Spielen Sie noch heute online Powerball und werden Sie vielleicht der n\u00e4chste Multimillion\u00e4r!<\/p>\n<table style=\"width: 500px;\" border=\"1\" cellspacing=\"5\" cellpadding=\"5\" align=\"center\">\n<tbody>\n<tr>\n<td colspan=\"3\" align=\"center\">Die zehn h\u00f6chsten Jackpots 2013<\/td>\n<\/tr>\n<tr>\n<td>Ziehung<\/td>\n<td align=\"center\">Datum<\/td>\n<td align=\"center\">Jackpot (USD)<\/td>\n<\/tr>\n<tr>\n<td>Powerball \u2013 USA<\/td>\n<td align=\"center\">18. Mai 2013<\/td>\n<td align=\"right\">590.500.000 USD<\/td>\n<\/tr>\n<tr>\n<td>Powerball \u2013 USA<\/td>\n<td align=\"center\">7. August 2013<\/td>\n<td align=\"right\">$448.400.000<\/td>\n<\/tr>\n<tr>\n<td>Powerball &#8211; USA<\/td>\n<td align=\"center\">18.09.2013<\/td>\n<td align=\"right\">$399.400.000<\/td>\n<\/tr>\n<tr>\n<td>Powerball &#8211; USA<\/td>\n<td align=\"center\">23.03.2013<\/td>\n<td align=\"right\">$338.300.000<\/td>\n<\/tr>\n<tr>\n<td>Powerball &#8211; USA<\/td>\n<td align=\"center\">6.02.2013<\/td>\n<td align=\"right\">$217.000.000<\/td>\n<\/tr>\n<tr>\n<td>Powerball &#8211; USA<\/td>\n<td align=\"center\">23. Okt. 2013<\/td>\n<td align=\"right\">213.400.000 $<\/td>\n<\/tr>\n<tr>\n<td>Powerball \u2013 USA<\/td>\n<td align=\"center\">22. Juni 2013<\/td>\n<td align=\"right\">131.500.000 $<\/td>\n<\/tr>\n<tr>\n<td>Powerball \u2013 USA<\/td>\n<td align=\"center\">16. Nov. 2013<\/td>\n<td align=\"right\">130.300.000 $<\/td>\n<\/tr>\n<tr>\n<td>Powerball \u2013 USA<\/td>\n<td align=\"center\">11. Dez. 2013<\/td>\n<td align=\"right\">$122.900.000<\/td>\n<\/tr>\n<tr>\n<td>Powerball &#8211; USA<\/td>\n<td align=\"center\">25. Dez. 2013<\/td>\n<td align=\"right\">$74.000.000<\/td>\n<\/tr>\n<\/tbody>\n<\/table>\n<p>&nbsp;<\/p>\n<p>r&#8220;&gt;3 + 112.245 : 1<\/p>\n<table style=\"width: 500px;\" border=\"1\" cellspacing=\"5\" cellpadding=\"5\" align=\"center\">\n<tbody>\n<tr>\n<td colspan=\"3\" align=\"center\">Powerball Lotto \u2013 Gewinnklassen in den USA<\/td>\n<\/tr>\n<tr>\n<td>Gewinn<\/td>\n<td align=\"center\">\u00dcbereinstimmungen<\/td>\n<td align=\"center\">Quoten<\/td>\n<\/tr>\n<tr>\n<td>1. Gewinn (Jackpot)<\/td>\n<td align=\"center\">5 + 1<\/td>\n<td align=\"right\">175.223.510 : 1<\/td>\n<\/tr>\n<tr>\n<td>2. Gewinn<\/td>\n<td align=\"center\">5<\/td>\n<td align=\"right\">5.153.633 : 1<\/td>\n<\/tr>\n<tr>\n<td>3.<\/td>\n<td align=\"center\">4 + 1<\/td>\n<td align=\"right\">648.976 : 1<\/td>\n<\/tr>\n<tr>\n<td>4.<\/td>\n<td align=\"center\">4<\/td>\n<td align=\"right\">19.087 : 1<\/td>\n<\/tr>\n<tr>\n<td>5.<\/td>\n<td align=\"center\">4<\/td>\n<\/tr>\n<tr>\n<td>6.<\/td>\n<td align=\"center\">3<\/td>\n<td align=\"right\">360 : 1<\/td>\n<\/tr>\n<tr>\n<td>7.<\/td>\n<td align=\"center\">2 + 1<\/td>\n<td align=\"right\">706 : 1<\/td>\n<\/tr>\n<tr>\n<td>8.<\/td>\n<td align=\"center\">1 + 1<\/td>\n<td align=\"right\">111 : 1<\/td>\n<\/tr>\n<tr>\n<td>9.<\/td>\n<td align=\"center\">0 + 1<\/td>\n<td align=\"right\">55 : 1<\/td>\n<\/tr>\n<\/tbody>\n<\/table>\n","protected":false},"excerpt":{"rendered":"<p>Spielen Sie Powerball online! Die Powerball-Lotterie ist weltweit f\u00fcr ihre unglaublichen Jackpots bekannt. Jackpots von \u00fcber 100 Millionen Dollar sind keine Seltenheit. Der Jackpot steigt exponentiell, da Sie Powerball-Tickets online kaufen k\u00f6nnen. Powerball online zu spielen ist ganz einfach und bequem von zu Hause aus m\u00f6glich \u2013 Sie ben\u00f6tigen lediglich einen Computer und eine Internetverbindung. [&hellip;]<\/p>\n","protected":false},"author":1,"featured_media":0,"parent":0,"menu_order":4,"comment_status":"closed","ping_status":"closed","template":"","meta":{"footnotes":""},"class_list":["post-9162","page","type-page","status-publish","hentry"],"yoast_head":"<!-- This site is optimized with the Yoast SEO plugin v27.4 - https:\/\/yoast.com\/product\/yoast-seo-wordpress\/ -->\n<title>Powerball-Lotterietickets online kaufen<\/title>\n<meta name=\"description\" content=\"Sichern Sie sich noch heute online Ihre Tickets f\u00fcr die Powerball-Lotterie in den USA.\" \/>\n<meta name=\"robots\" content=\"index, follow, max-snippet:-1, max-image-preview:large, max-video-preview:-1\" \/>\n<link rel=\"canonical\" href=\"https:\/\/gambling6.com\/de\/sichern-sie-sich-online-ihre-powerball-lotterietickets\/\" \/>\n<meta property=\"og:locale\" content=\"de_DE\" \/>\n<meta property=\"og:type\" content=\"article\" \/>\n<meta property=\"og:title\" content=\"Powerball-Lotterietickets online kaufen\" \/>\n<meta property=\"og:description\" content=\"Sichern Sie sich noch heute online Ihre Tickets f\u00fcr die Powerball-Lotterie in den USA.\" \/>\n<meta property=\"og:url\" content=\"https:\/\/gambling6.com\/de\/sichern-sie-sich-online-ihre-powerball-lotterietickets\/\" \/>\n<meta property=\"og:site_name\" content=\"Gambling6\" \/>\n<meta property=\"article:modified_time\" content=\"2025-11-12T17:39:22+00:00\" \/>\n<meta property=\"og:image\" content=\"https:\/\/gambling6.com\/wp-content\/uploads\/2022\/04\/2_ticket_powerball_au2-1.jpg\" \/>\n\t<meta property=\"og:image:width\" content=\"250\" \/>\n\t<meta property=\"og:image:height\" content=\"460\" \/>\n\t<meta property=\"og:image:type\" content=\"image\/jpeg\" \/>\n<meta name=\"twitter:card\" content=\"summary_large_image\" \/>\n<meta name=\"twitter:label1\" content=\"Gesch\u00e4tzte Lesezeit\" \/>\n\t<meta name=\"twitter:data1\" content=\"2\u00a0Minuten\" \/>\n<script type=\"application\/ld+json\" class=\"yoast-schema-graph\">{\"@context\":\"https:\\\/\\\/schema.org\",\"@graph\":[{\"@type\":\"WebPage\",\"@id\":\"https:\\\/\\\/gambling6.com\\\/de\\\/sichern-sie-sich-online-ihre-powerball-lotterietickets\\\/\",\"url\":\"https:\\\/\\\/gambling6.com\\\/de\\\/sichern-sie-sich-online-ihre-powerball-lotterietickets\\\/\",\"name\":\"Powerball-Lotterietickets online kaufen\",\"isPartOf\":{\"@id\":\"https:\\\/\\\/gambling6.com\\\/de\\\/#website\"},\"primaryImageOfPage\":{\"@id\":\"https:\\\/\\\/gambling6.com\\\/de\\\/sichern-sie-sich-online-ihre-powerball-lotterietickets\\\/#primaryimage\"},\"image\":{\"@id\":\"https:\\\/\\\/gambling6.com\\\/de\\\/sichern-sie-sich-online-ihre-powerball-lotterietickets\\\/#primaryimage\"},\"thumbnailUrl\":\"https:\\\/\\\/gambling6.com\\\/wp-content\\\/uploads\\\/2022\\\/04\\\/2_ticket_powerball_au2-1-163x300.jpg\",\"datePublished\":\"2025-11-10T10:29:45+00:00\",\"dateModified\":\"2025-11-12T17:39:22+00:00\",\"description\":\"Sichern Sie sich noch heute online Ihre Tickets f\u00fcr die Powerball-Lotterie in den USA.\",\"breadcrumb\":{\"@id\":\"https:\\\/\\\/gambling6.com\\\/de\\\/sichern-sie-sich-online-ihre-powerball-lotterietickets\\\/#breadcrumb\"},\"inLanguage\":\"de\",\"potentialAction\":[{\"@type\":\"ReadAction\",\"target\":[\"https:\\\/\\\/gambling6.com\\\/de\\\/sichern-sie-sich-online-ihre-powerball-lotterietickets\\\/\"]}]},{\"@type\":\"ImageObject\",\"inLanguage\":\"de\",\"@id\":\"https:\\\/\\\/gambling6.com\\\/de\\\/sichern-sie-sich-online-ihre-powerball-lotterietickets\\\/#primaryimage\",\"url\":\"https:\\\/\\\/gambling6.com\\\/wp-content\\\/uploads\\\/2022\\\/04\\\/2_ticket_powerball_au2-1-163x300.jpg\",\"contentUrl\":\"https:\\\/\\\/gambling6.com\\\/wp-content\\\/uploads\\\/2022\\\/04\\\/2_ticket_powerball_au2-1-163x300.jpg\"},{\"@type\":\"BreadcrumbList\",\"@id\":\"https:\\\/\\\/gambling6.com\\\/de\\\/sichern-sie-sich-online-ihre-powerball-lotterietickets\\\/#breadcrumb\",\"itemListElement\":[{\"@type\":\"ListItem\",\"position\":1,\"name\":\"Home\",\"item\":\"https:\\\/\\\/gambling6.com\\\/de\\\/home\\\/\"},{\"@type\":\"ListItem\",\"position\":2,\"name\":\"Sichern Sie sich online Ihre Powerball-Lotterietickets!\"}]},{\"@type\":\"WebSite\",\"@id\":\"https:\\\/\\\/gambling6.com\\\/de\\\/#website\",\"url\":\"https:\\\/\\\/gambling6.com\\\/de\\\/\",\"name\":\"Gambling6\",\"description\":\"\",\"potentialAction\":[{\"@type\":\"SearchAction\",\"target\":{\"@type\":\"EntryPoint\",\"urlTemplate\":\"https:\\\/\\\/gambling6.com\\\/de\\\/?s={search_term_string}\"},\"query-input\":{\"@type\":\"PropertyValueSpecification\",\"valueRequired\":true,\"valueName\":\"search_term_string\"}}],\"inLanguage\":\"de\"}]}<\/script>\n<!-- \/ Yoast SEO plugin. -->","yoast_head_json":{"title":"Powerball-Lotterietickets online kaufen","description":"Sichern Sie sich noch heute online Ihre Tickets f\u00fcr die Powerball-Lotterie in den USA.","robots":{"index":"index","follow":"follow","max-snippet":"max-snippet:-1","max-image-preview":"max-image-preview:large","max-video-preview":"max-video-preview:-1"},"canonical":"https:\/\/gambling6.com\/de\/sichern-sie-sich-online-ihre-powerball-lotterietickets\/","og_locale":"de_DE","og_type":"article","og_title":"Powerball-Lotterietickets online kaufen","og_description":"Sichern Sie sich noch heute online Ihre Tickets f\u00fcr die Powerball-Lotterie in den USA.","og_url":"https:\/\/gambling6.com\/de\/sichern-sie-sich-online-ihre-powerball-lotterietickets\/","og_site_name":"Gambling6","article_modified_time":"2025-11-12T17:39:22+00:00","og_image":[{"width":250,"height":460,"url":"https:\/\/gambling6.com\/wp-content\/uploads\/2022\/04\/2_ticket_powerball_au2-1.jpg","type":"image\/jpeg"}],"twitter_card":"summary_large_image","twitter_misc":{"Gesch\u00e4tzte Lesezeit":"2\u00a0Minuten"},"schema":{"@context":"https:\/\/schema.org","@graph":[{"@type":"WebPage","@id":"https:\/\/gambling6.com\/de\/sichern-sie-sich-online-ihre-powerball-lotterietickets\/","url":"https:\/\/gambling6.com\/de\/sichern-sie-sich-online-ihre-powerball-lotterietickets\/","name":"Powerball-Lotterietickets online kaufen","isPartOf":{"@id":"https:\/\/gambling6.com\/de\/#website"},"primaryImageOfPage":{"@id":"https:\/\/gambling6.com\/de\/sichern-sie-sich-online-ihre-powerball-lotterietickets\/#primaryimage"},"image":{"@id":"https:\/\/gambling6.com\/de\/sichern-sie-sich-online-ihre-powerball-lotterietickets\/#primaryimage"},"thumbnailUrl":"https:\/\/gambling6.com\/wp-content\/uploads\/2022\/04\/2_ticket_powerball_au2-1-163x300.jpg","datePublished":"2025-11-10T10:29:45+00:00","dateModified":"2025-11-12T17:39:22+00:00","description":"Sichern Sie sich noch heute online Ihre Tickets f\u00fcr die Powerball-Lotterie in den USA.","breadcrumb":{"@id":"https:\/\/gambling6.com\/de\/sichern-sie-sich-online-ihre-powerball-lotterietickets\/#breadcrumb"},"inLanguage":"de","potentialAction":[{"@type":"ReadAction","target":["https:\/\/gambling6.com\/de\/sichern-sie-sich-online-ihre-powerball-lotterietickets\/"]}]},{"@type":"ImageObject","inLanguage":"de","@id":"https:\/\/gambling6.com\/de\/sichern-sie-sich-online-ihre-powerball-lotterietickets\/#primaryimage","url":"https:\/\/gambling6.com\/wp-content\/uploads\/2022\/04\/2_ticket_powerball_au2-1-163x300.jpg","contentUrl":"https:\/\/gambling6.com\/wp-content\/uploads\/2022\/04\/2_ticket_powerball_au2-1-163x300.jpg"},{"@type":"BreadcrumbList","@id":"https:\/\/gambling6.com\/de\/sichern-sie-sich-online-ihre-powerball-lotterietickets\/#breadcrumb","itemListElement":[{"@type":"ListItem","position":1,"name":"Home","item":"https:\/\/gambling6.com\/de\/home\/"},{"@type":"ListItem","position":2,"name":"Sichern Sie sich online Ihre Powerball-Lotterietickets!"}]},{"@type":"WebSite","@id":"https:\/\/gambling6.com\/de\/#website","url":"https:\/\/gambling6.com\/de\/","name":"Gambling6","description":"","potentialAction":[{"@type":"SearchAction","target":{"@type":"EntryPoint","urlTemplate":"https:\/\/gambling6.com\/de\/?s={search_term_string}"},"query-input":{"@type":"PropertyValueSpecification","valueRequired":true,"valueName":"search_term_string"}}],"inLanguage":"de"}]}},"_links":{"self":[{"href":"https:\/\/gambling6.com\/de\/wp-json\/wp\/v2\/pages\/9162","targetHints":{"allow":["GET"]}}],"collection":[{"href":"https:\/\/gambling6.com\/de\/wp-json\/wp\/v2\/pages"}],"about":[{"href":"https:\/\/gambling6.com\/de\/wp-json\/wp\/v2\/types\/page"}],"author":[{"embeddable":true,"href":"https:\/\/gambling6.com\/de\/wp-json\/wp\/v2\/users\/1"}],"replies":[{"embeddable":true,"href":"https:\/\/gambling6.com\/de\/wp-json\/wp\/v2\/comments?post=9162"}],"version-history":[{"count":2,"href":"https:\/\/gambling6.com\/de\/wp-json\/wp\/v2\/pages\/9162\/revisions"}],"predecessor-version":[{"id":10712,"href":"https:\/\/gambling6.com\/de\/wp-json\/wp\/v2\/pages\/9162\/revisions\/10712"}],"wp:attachment":[{"href":"https:\/\/gambling6.com\/de\/wp-json\/wp\/v2\/media?parent=9162"}],"curies":[{"name":"wp","href":"https:\/\/api.w.org\/{rel}","templated":true}]}}