{"id":9215,"date":"2025-11-10T11:42:43","date_gmt":"2025-11-10T11:42:43","guid":{"rendered":"https:\/\/gambling6.com\/sportwetten\/"},"modified":"2025-11-12T10:18:53","modified_gmt":"2025-11-12T10:18:53","slug":"sportwetten","status":"publish","type":"page","link":"https:\/\/gambling6.com\/de\/sportwetten\/","title":{"rendered":"Sportwetten"},"content":{"rendered":"<h2>Die Grundlagen des Sportwettens<\/h2>\n<p>Sportwetten \u2013 ein Begriff, der sich einfach aus den beschreibenden Worten selbst ergibt \u2013 sind die Praxis, Ergebnisse von professionellen und Amateur-Sportereignissen vorherzusagen und gleichzeitig eine Wette auf das Ergebnis zu platzieren. <strong>\u201eSportsbet\u201c ist der Begriff, der verwendet wird, um einen Ort zu beschreiben, an dem man an Sportwetten teilnimmt.<\/strong> Im Allgemeinen sind Sportwetten in den USA nicht legal. Tats\u00e4chlich gibt es nur vier der f\u00fcnfzig US-Bundesstaaten, in denen Sportwetten vollst\u00e4ndig legal anerkannt sind. Dann kam das Internet.<\/p>\n<h2>Millionen beteiligen sich t\u00e4glich an Sportwetten<\/h2>\n<p>T\u00e4glich str\u00f6men Millionen von Menschen auf Tausende von Websites, um Wetten auf jede erdenkliche Sportart zu platzieren. <strong>Diese Einf\u00fchrung in Online-Sportwetten zeigt jedoch, dass es dabei um mehr geht, als nur den Punktestand zu kennen und eine Wette auf das Team zu setzen,<\/strong> das man gewinnen sehen m\u00f6chte. Eine Wette auf ein Spiel kann es nicht nur spannender machen, zuzusehen \u2013 die Kunst des Sportwettens kann Ihnen, wenn sie richtig ausge\u00fcbt wird, auch eine Menge Geld einbringen. Wenn Sie neu im Bereich der Sportwetten sind, m\u00fcssen Sie die Grundlagen und Prinzipien des Sportwettens verstehen, um nicht den \u00dcberblick zu verlieren, sobald die Action beginnt.<\/p>\n<h2>Begriffe des Online-Sportwettens<\/h2>\n<p>Zun\u00e4chst <strong>sollten Sie sich mit einigen der Fachbegriffe vertraut machen, die im Sportwettenbereich verwendet werden.<\/strong> \u201e<a href=\"http:\/\/de.wikipedia.org\/wiki\/Handicap\" target=\"_blank\" rel=\"noopener\">Handicap<\/a>\u201c ist der erste Begriff, den ich einf\u00fchre; er bedeutet, einem Team oder einer Person einen Vorteil gegen\u00fcber einem anderen zu geben, indem man beispielsweise dessen Schl\u00e4ge, Tore, Touchdowns oder einfach Punkte erweitert, um dem Gegner eine bessere Chance zu geben, auf demselben Spielniveau zu bleiben. Wenn ich zum Beispiel ein Eins-gegen-Eins-Basketballspiel gegen Michael Jordan spielen w\u00fcrde, und derjenige, der zuerst 21 Punkte erreicht, gewinnt, k\u00f6nnte ich einen Vorsprung von 18 Punkten erhalten \u2013 das w\u00e4re sein 18-Punkte-Handicap. Er m\u00fcsste 21 Punkte erzielen, bevor ich 3 Punkte erreiche, um zu gewinnen. Es gibt viele Beispiele f\u00fcr Handicaps oder sogenannte \u201ePoint Spreads\u201c. Dieses Prinzip zu verstehen ist einer der Schl\u00fcssel zum Verst\u00e4ndnis guter Wetten im Online-Sportwettenbereich.<\/p>\n<h2>Kennen Sie Ihr Online-Sportwettenb\u00fcro<\/h2>\n<p><strong>Sportwetten, egal ob online oder live, werden normalerweise in einem sogenannten \u201eSportsbook\u201c abgeschlossen.<\/strong> Ein \u201eBook\u201c ist eine Einrichtung, die Wetten entgegennimmt, und der Buchmacher ist die Person, die in der Regel die Quoten (\u201eSpread\u201c) f\u00fcr diese Einrichtung festlegt. Der Prozess der Festlegung der \u201eSpreads\u201c im Gegensatz zu \u201eEven Money\u201c-Wetten (1:1-Quoten) kann sehr komplex sein und von einem Wettanbieter zum anderen variieren.<\/p>\n<h2>Betonline Sportsbook \u2013 akzeptiert US-Sportfans<\/h2>\n<p>Wenn Sie bereit sind, Sportwetten zu platzieren, m\u00fcssen Sie ein seri\u00f6ses Online-Casino oder Sportwettenb\u00fcro finden, bei dem Sie Ihre Wetten abgeben k\u00f6nnen.<a class=\"thirstylink\" title=\"Betonline casino en\" href=\"https:\/\/gambling6.com\/go\/betonline-casino-en\/\" target=\"_blank\" rel=\"nofollow noopener\"> Sie k\u00f6nnen das Betonline Sportsbook ausprobieren<\/a> \u2013 ein bekanntes Online-Casino mit einem hervorragenden Ruf f\u00fcr Sicherheit. Sie bieten viele verschiedene Einzahlungs- und Auszahlungsmethoden an, sodass Sie sicher eine Option finden, die zu Ihren pers\u00f6nlichen Bed\u00fcrfnissen passt.<\/p>\n<p>Eine weitere gro\u00dfartige Alternative ist 888 Casino \u2013 der Sportwettenbereich dort geh\u00f6rt zu den besten \u00fcberhaupt. Dar\u00fcber hinaus bieten sie auch einen hervorragenden Pokerraum, erstklassige Casinospiele und sogar Bingo sowie Rubbellose an.<\/p>\n<p>Der einzige Nachteil von 888 ist, dass sie keine Kunden aus den Vereinigten Staaten akzeptieren. Wenn Sie jedoch in einem anderen Land leben, sollten Sie unbedingt <a class=\"thirstylink\" title=\"888 casino en\" href=\"https:\/\/gambling6.com\/go\/888-casino-en\/\" target=\"_blank\" rel=\"nofollow noopener\">die Website von 888 Casino besuchen \u2013 folgen Sie einfach diesem Link.<\/a><\/p>\n<p>Probieren Sie sich aus, aber Sie haben noch viel \u00fcber Online-Sportwetten zu lernen. Wir werden diese Seite regelm\u00e4\u00dfig aktualisieren, damit Sie mehr \u00fcber Quoten und die Faktoren erfahren, die die Ergebnisse bestimmter Ereignisse beeinflussen. <strong>Wenn Sie ein Experte auf dem Gebiet der Sportwetten werden m\u00f6chten,<\/strong> sind Sie hier genau richtig. Lehnen Sie sich zur\u00fcck, machen Sie es sich bequem und freuen Sie sich auf spannende Unterhaltung mit Online-Sportwetten.<\/p>\n","protected":false},"excerpt":{"rendered":"<p>Die Grundlagen des Sportwettens Sportwetten \u2013 ein Begriff, der sich einfach aus den beschreibenden Worten selbst ergibt \u2013 sind die Praxis, Ergebnisse von professionellen und Amateur-Sportereignissen vorherzusagen und gleichzeitig eine Wette auf das Ergebnis zu platzieren. \u201eSportsbet\u201c ist der Begriff, der verwendet wird, um einen Ort zu beschreiben, an dem man an Sportwetten teilnimmt. Im [&hellip;]<\/p>\n","protected":false},"author":1,"featured_media":0,"parent":0,"menu_order":4,"comment_status":"closed","ping_status":"closed","template":"","meta":{"footnotes":""},"class_list":["post-9215","page","type-page","status-publish","hentry"],"yoast_head":"<!-- This site is optimized with the Yoast SEO plugin v27.3 - https:\/\/yoast.com\/product\/yoast-seo-wordpress\/ -->\n<title>Einf\u00fchrung, Terminologie, Online-Sportwetten<\/title>\n<meta name=\"description\" content=\"Lernen Sie einige Begriffe kennen, die im Bereich Online-Sportwetten verwendet werden.\" \/>\n<meta name=\"robots\" content=\"index, follow, max-snippet:-1, max-image-preview:large, max-video-preview:-1\" \/>\n<link rel=\"canonical\" href=\"https:\/\/gambling6.com\/de\/sportwetten\/\" \/>\n<meta property=\"og:locale\" content=\"de_DE\" \/>\n<meta property=\"og:type\" content=\"article\" \/>\n<meta property=\"og:title\" content=\"Einf\u00fchrung, Terminologie, Online-Sportwetten\" \/>\n<meta property=\"og:description\" content=\"Lernen Sie einige Begriffe kennen, die im Bereich Online-Sportwetten verwendet werden.\" \/>\n<meta property=\"og:url\" content=\"https:\/\/gambling6.com\/de\/sportwetten\/\" \/>\n<meta property=\"og:site_name\" content=\"Gambling6\" \/>\n<meta property=\"article:modified_time\" content=\"2025-11-12T10:18:53+00:00\" \/>\n<meta name=\"twitter:card\" content=\"summary_large_image\" \/>\n<meta name=\"twitter:label1\" content=\"Gesch\u00e4tzte Lesezeit\" \/>\n\t<meta name=\"twitter:data1\" content=\"3\u00a0Minuten\" \/>\n<script type=\"application\/ld+json\" class=\"yoast-schema-graph\">{\"@context\":\"https:\\\/\\\/schema.org\",\"@graph\":[{\"@type\":\"WebPage\",\"@id\":\"https:\\\/\\\/gambling6.com\\\/de\\\/sportwetten\\\/\",\"url\":\"https:\\\/\\\/gambling6.com\\\/de\\\/sportwetten\\\/\",\"name\":\"Einf\u00fchrung, Terminologie, Online-Sportwetten\",\"isPartOf\":{\"@id\":\"https:\\\/\\\/gambling6.com\\\/de\\\/#website\"},\"datePublished\":\"2025-11-10T11:42:43+00:00\",\"dateModified\":\"2025-11-12T10:18:53+00:00\",\"description\":\"Lernen Sie einige Begriffe kennen, die im Bereich Online-Sportwetten verwendet werden.\",\"breadcrumb\":{\"@id\":\"https:\\\/\\\/gambling6.com\\\/de\\\/sportwetten\\\/#breadcrumb\"},\"inLanguage\":\"de\",\"potentialAction\":[{\"@type\":\"ReadAction\",\"target\":[\"https:\\\/\\\/gambling6.com\\\/de\\\/sportwetten\\\/\"]}]},{\"@type\":\"BreadcrumbList\",\"@id\":\"https:\\\/\\\/gambling6.com\\\/de\\\/sportwetten\\\/#breadcrumb\",\"itemListElement\":[{\"@type\":\"ListItem\",\"position\":1,\"name\":\"Home\",\"item\":\"https:\\\/\\\/gambling6.com\\\/de\\\/home\\\/\"},{\"@type\":\"ListItem\",\"position\":2,\"name\":\"Sportwetten\"}]},{\"@type\":\"WebSite\",\"@id\":\"https:\\\/\\\/gambling6.com\\\/de\\\/#website\",\"url\":\"https:\\\/\\\/gambling6.com\\\/de\\\/\",\"name\":\"Gambling6\",\"description\":\"\",\"potentialAction\":[{\"@type\":\"SearchAction\",\"target\":{\"@type\":\"EntryPoint\",\"urlTemplate\":\"https:\\\/\\\/gambling6.com\\\/de\\\/?s={search_term_string}\"},\"query-input\":{\"@type\":\"PropertyValueSpecification\",\"valueRequired\":true,\"valueName\":\"search_term_string\"}}],\"inLanguage\":\"de\"}]}<\/script>\n<!-- \/ Yoast SEO plugin. -->","yoast_head_json":{"title":"Einf\u00fchrung, Terminologie, Online-Sportwetten","description":"Lernen Sie einige Begriffe kennen, die im Bereich Online-Sportwetten verwendet werden.","robots":{"index":"index","follow":"follow","max-snippet":"max-snippet:-1","max-image-preview":"max-image-preview:large","max-video-preview":"max-video-preview:-1"},"canonical":"https:\/\/gambling6.com\/de\/sportwetten\/","og_locale":"de_DE","og_type":"article","og_title":"Einf\u00fchrung, Terminologie, Online-Sportwetten","og_description":"Lernen Sie einige Begriffe kennen, die im Bereich Online-Sportwetten verwendet werden.","og_url":"https:\/\/gambling6.com\/de\/sportwetten\/","og_site_name":"Gambling6","article_modified_time":"2025-11-12T10:18:53+00:00","twitter_card":"summary_large_image","twitter_misc":{"Gesch\u00e4tzte Lesezeit":"3\u00a0Minuten"},"schema":{"@context":"https:\/\/schema.org","@graph":[{"@type":"WebPage","@id":"https:\/\/gambling6.com\/de\/sportwetten\/","url":"https:\/\/gambling6.com\/de\/sportwetten\/","name":"Einf\u00fchrung, Terminologie, Online-Sportwetten","isPartOf":{"@id":"https:\/\/gambling6.com\/de\/#website"},"datePublished":"2025-11-10T11:42:43+00:00","dateModified":"2025-11-12T10:18:53+00:00","description":"Lernen Sie einige Begriffe kennen, die im Bereich Online-Sportwetten verwendet werden.","breadcrumb":{"@id":"https:\/\/gambling6.com\/de\/sportwetten\/#breadcrumb"},"inLanguage":"de","potentialAction":[{"@type":"ReadAction","target":["https:\/\/gambling6.com\/de\/sportwetten\/"]}]},{"@type":"BreadcrumbList","@id":"https:\/\/gambling6.com\/de\/sportwetten\/#breadcrumb","itemListElement":[{"@type":"ListItem","position":1,"name":"Home","item":"https:\/\/gambling6.com\/de\/home\/"},{"@type":"ListItem","position":2,"name":"Sportwetten"}]},{"@type":"WebSite","@id":"https:\/\/gambling6.com\/de\/#website","url":"https:\/\/gambling6.com\/de\/","name":"Gambling6","description":"","potentialAction":[{"@type":"SearchAction","target":{"@type":"EntryPoint","urlTemplate":"https:\/\/gambling6.com\/de\/?s={search_term_string}"},"query-input":{"@type":"PropertyValueSpecification","valueRequired":true,"valueName":"search_term_string"}}],"inLanguage":"de"}]}},"_links":{"self":[{"href":"https:\/\/gambling6.com\/de\/wp-json\/wp\/v2\/pages\/9215","targetHints":{"allow":["GET"]}}],"collection":[{"href":"https:\/\/gambling6.com\/de\/wp-json\/wp\/v2\/pages"}],"about":[{"href":"https:\/\/gambling6.com\/de\/wp-json\/wp\/v2\/types\/page"}],"author":[{"embeddable":true,"href":"https:\/\/gambling6.com\/de\/wp-json\/wp\/v2\/users\/1"}],"replies":[{"embeddable":true,"href":"https:\/\/gambling6.com\/de\/wp-json\/wp\/v2\/comments?post=9215"}],"version-history":[{"count":1,"href":"https:\/\/gambling6.com\/de\/wp-json\/wp\/v2\/pages\/9215\/revisions"}],"predecessor-version":[{"id":10527,"href":"https:\/\/gambling6.com\/de\/wp-json\/wp\/v2\/pages\/9215\/revisions\/10527"}],"wp:attachment":[{"href":"https:\/\/gambling6.com\/de\/wp-json\/wp\/v2\/media?parent=9215"}],"curies":[{"name":"wp","href":"https:\/\/api.w.org\/{rel}","templated":true}]}}