{"id":9298,"date":"2025-11-10T13:17:54","date_gmt":"2025-11-10T13:17:54","guid":{"rendered":"https:\/\/gambling6.com\/lotterie\/"},"modified":"2025-11-12T18:28:11","modified_gmt":"2025-11-12T18:28:11","slug":"lotterie","status":"publish","type":"page","link":"https:\/\/gambling6.com\/de\/lotterie\/","title":{"rendered":"Lotterie"},"content":{"rendered":"<h2>Lotto wird international und online<\/h2>\n<p>Auch wenn es als gro\u00dfartige Form der Unterhaltung gilt, ist der Kauf von internationalen Lotterielosen inzwischen zu einem gro\u00dfen Gesch\u00e4ft geworden. Gl\u00fccksspiel im Allgemeinen hat enorm an Popularit\u00e4t gewonnen \u2013 teilweise durch die hervorragende Medienpr\u00e4senz von Poker \u2013 und zus\u00e4tzlich durch den Erfolg des Internets. <strong>Das Spielen internationaler Lotterien und der Online-Kauf von Losen hat das Wachstum der Jackpots beschleunigt,<\/strong> und viele Menschen machen RedFoxLotto inzwischen zu einem festen Bestandteil ihrer Einkommensplanung.<\/p>\n<h2>Das Internet erleichtert den Kauf von Lotterielosen<\/h2>\n<p>Das Internet hat unser Leben in vielerlei Hinsicht ver\u00e4ndert; es hat die Welt definitiv zu einem kleineren Ort gemacht. Es gibt Hunderte von Lotterien, die t\u00e4glich in vielen L\u00e4ndern weltweit gespielt werden. Die meisten nationalen Ziehungen, einschlie\u00dflich derer mit gr\u00f6\u00dferen Jackpots, sind nun auch f\u00fcr Personen verf\u00fcgbar, die international Lotto spielen m\u00f6chten. <strong>Gro\u00dfe internationale Lotterien wie Mega Millions in den USA und Powerball aus den USA und Australien erm\u00f6glichen den Online-Kauf von Losen \u00fcber unseren Partner RedFoxLotto.<\/strong><img loading=\"lazy\" decoding=\"async\" class=\"alignright size-full wp-image-437\" style=\"margin: 10px; border: 5px none #ffffff; float: right;\" src=\"http:\/\/gambling6.com\/wp-content\/uploads\/2013\/12\/International-Community-150x150.jpg\" alt=\"Internationale Lotterien online\" width=\"150\" height=\"150\" \/><\/p>\n<h2>Lottoscheine rund um die Uhr kaufen<\/h2>\n<p>In der heutigen technologischen Welt k\u00f6nnen wir Lose f\u00fcr viele internationale Lotterien 24 Stunden am Tag, 365 Tage im Jahr kaufen. Dank des Internets k\u00f6nnen wir diese Lose erwerben, ohne zum Lottoh\u00e4ndler zu laufen oder in einer Schlange zu stehen. Wir k\u00f6nnen uns Zeit nehmen, unsere Zahlen auszuw\u00e4hlen und dabei die verschiedenen verf\u00fcgbaren Tools nutzen. Die einfache Teilnahme an internationalen Lotterien hat Jackpots und mehrstufige Gewinne auf Rekordh\u00f6hen steigen lassen. Diese hohen Gewinnsummen haben viele dazu veranlasst, mit RedFoxLotto online ein eigenes Gesch\u00e4ft aufzubauen.<\/p>\n<h2>Der Online-Kauf von Lotterielosen ist sicher<\/h2>\n<p>Mit unserem Partner RedFoxLotto ist der Kauf von Losen f\u00fcr internationale Lotterien sicher und unkompliziert. Zun\u00e4chst m\u00fcssen Sie ein Konto er\u00f6ffnen. Beim Einrichten Ihres Kontos werden Sie gebeten, pers\u00f6nliche Informationen anzugeben. Achten Sie darauf, aktuelle und korrekte Daten einzugeben, damit Ihre Identit\u00e4t \u00fcberpr\u00fcft werden kann, wenn Sie den gro\u00dfen Jackpot gewinnen. Die von Ihnen eingegebenen und \u00fcbermittelten Daten sind durch 256-Bit-Verschl\u00fcsselung gesch\u00fctzt, und das sichere Hosting sorgt daf\u00fcr, dass Ihre Daten vertraulich bleiben und nur f\u00fcr die auf der Website angegebenen Zwecke verwendet werden.<\/p>\n<h2>Online-Banking-Methoden f\u00fcr Ihre RedFoxLotto-Gewinne<\/h2>\n<p>Sie k\u00f6nnen Karten wie Visa, MasterCard und Visa Debit verwenden, um Ihre Lose zu kaufen. Dar\u00fcber hinaus stehen mehrere andere Zahlungsmethoden zur Verf\u00fcgung, darunter Bank\u00fcberweisungen und Zahlungen mit Kryptow\u00e4hrungen. Wenn Sie jedoch einen gr\u00f6\u00dferen Gewinn erzielen, m\u00fcssen Sie ein Bankkonto angeben, damit Ihre Gewinne \u00fcberwiesen werden k\u00f6nnen. Die sichere Umgebung macht RedFoxLotto zur idealen Wahl, um an internationalen Lotterien teilzunehmen und Ihre Gewinne zu erhalten.<\/p>\n<h2>Der Online-Kauf von Lotterielosen bietet viele Vorteile<\/h2>\n<p>Ein weiterer Vorteil des Online-Kaufs von Lotterielosen ist, dass viele Tools verf\u00fcgbar sind, die Ihnen helfen, die Zahlen der gr\u00f6\u00dften internationalen Ziehungen zu analysieren. Diese Online-Tools erm\u00f6glichen es Ihnen, die h\u00e4ufigsten und seltensten Zahlen sowie die Ziehungshistorie von Lotterien weltweit einzusehen. Diese Informationen verschaffen Ihnen einen Vorteil beim Kauf Ihrer Lose und k\u00f6nnen Ihr Bankkonto durch mehrstufige Gewinne erheblich aufbessern.<\/p>\n<p>Das Spielen bei RedFoxLotto kann sowohl Spa\u00df machen als auch profitabel sein. Beginnen Sie noch heute mit dem Spielen internationaler Lotterien. <a class=\"thirstylink\" title=\"Redfoxlotto\" href=\"https:\/\/gambling6.com\/go\/redfoxlotto\/\" target=\"_blank\" rel=\"nofollow noopener\">Um Ihre internationalen Lotterielose online zu kaufen, besuchen Sie unseren Partner RedFoxLotto.<\/a><\/p>\n<h2>Muss man Einwohner eines Landes sein, um an einer internationalen Lotterie teilzunehmen?<\/h2>\n<p>Die einfache Antwort lautet: Nein, das muss man nicht! Wenn Sie im Internet oder in der Zeitung Artikel \u00fcber Menschen gelesen haben, die Multimillionen-Jackpots gewonnen haben, haben Sie sich vielleicht gefragt: \u201eWarum kann ich nicht auch an einer dieser Lotterien teilnehmen?\u201c Nun, es ist kein Problem mehr, wenn Sie kein Einwohner des Landes sind, in dem die Jackpot-Lotterie gezogen wird.<\/p>\n<p>Sie k\u00f6nnen ein Los f\u00fcr jeden beliebigen Lotto-Jackpot erwerben, den Sie gewinnen m\u00f6chten, denn sie sind online f\u00fcr alle weltweit verf\u00fcgbar. Diese Website hilft Ihnen, ein Online-Los f\u00fcr die gr\u00f6\u00dften internationalen Jackpots zu kaufen. Und der Ablauf k\u00f6nnte nicht einfacher sein. Klicken Sie einfach auf den obigen Link und w\u00e4hlen Sie eine Lotterie. Sie werden zu einer Seite weitergeleitet, auf der Sie Ihre Lieblingszahlen selbst ausw\u00e4hlen oder den Computer zuf\u00e4llig f\u00fcr Sie w\u00e4hlen lassen k\u00f6nnen.<\/p>\n<p>Anschlie\u00dfend bezahlen Sie online \u00fcber die f\u00fcr Sie bequemste Zahlungsmethode. Zu den verf\u00fcgbaren Zahlungsmethoden geh\u00f6ren beliebte und sichere E-Wallet-L\u00f6sungen wie Skrill sowie Kryptow\u00e4hrungen. Nat\u00fcrlich k\u00f6nnen Sie auch die g\u00e4ngigste Option w\u00e4hlen: die Zahlung per Kreditkarte.<\/p>\n<p><strong>Was passiert als N\u00e4chstes \u2013 wie erhalte ich mein Online-Los?<\/strong> Das funktioniert wie ein Kurierdienst \u2013 Ihr Online-Los wird in Ihrem Namen gekauft, dann eingescannt und in Ihr Konto hochgeladen.<\/p>\n<p>Alles, was Sie tun m\u00fcssen, ist, sich zur\u00fcckzulehnen und auf die Ziehung zu warten, Ihre Zahlen zu \u00fcberpr\u00fcfen und zu sehen, wie viel Sie gewonnen haben. Wenn Sie einen Betrag unter 2000 \u20ac gewinnen, wird das Geld Ihrem Kundenkonto gutgeschrieben. F\u00fcr h\u00f6here Betr\u00e4ge verlangt das Regelwerk von RedFoxLotto, dass Sie ein Antragsformular ausf\u00fcllen, das auf der Website bereitgestellt wird. Dieses wird in Ihrem Namen an die zust\u00e4ndige Lotteriekommission weitergeleitet \u2013 und ehe Sie sich versehen, ist der Scheck auf dem Weg zu Ihnen! <a class=\"thirstylink\" title=\"Redfoxlotto\" href=\"https:\/\/gambling6.com\/go\/redfoxlotto\/\" target=\"_blank\" rel=\"nofollow noopener\">Kaufen Sie noch heute Ihre Lotterielose bei RedFoxLotto!<\/a><\/p>\n<p>&nbsp;<\/p>\n","protected":false},"excerpt":{"rendered":"<p>Lotto wird international und online Auch wenn es als gro\u00dfartige Form der Unterhaltung gilt, ist der Kauf von internationalen Lotterielosen inzwischen zu einem gro\u00dfen Gesch\u00e4ft geworden. Gl\u00fccksspiel im Allgemeinen hat enorm an Popularit\u00e4t gewonnen \u2013 teilweise durch die hervorragende Medienpr\u00e4senz von Poker \u2013 und zus\u00e4tzlich durch den Erfolg des Internets. Das Spielen internationaler Lotterien und [&hellip;]<\/p>\n","protected":false},"author":1,"featured_media":439,"parent":0,"menu_order":8,"comment_status":"closed","ping_status":"closed","template":"","meta":{"footnotes":""},"class_list":["post-9298","page","type-page","status-publish","has-post-thumbnail","hentry"],"yoast_head":"<!-- This site is optimized with the Yoast SEO plugin v27.3 - https:\/\/yoast.com\/product\/yoast-seo-wordpress\/ -->\n<title>Internationale Lottoscheine online kaufen<\/title>\n<meta name=\"description\" content=\"Der Online-Kauf von Tickets f\u00fcr internationale Lotterien ist ganz einfach. Egal wo Sie wohnen, nehmen Sie an den besten Lotterien weltweit teil.\" \/>\n<meta name=\"robots\" content=\"index, follow, max-snippet:-1, max-image-preview:large, max-video-preview:-1\" \/>\n<link rel=\"canonical\" href=\"https:\/\/gambling6.com\/de\/lotterie\/\" \/>\n<meta property=\"og:locale\" content=\"de_DE\" \/>\n<meta property=\"og:type\" content=\"article\" \/>\n<meta property=\"og:title\" content=\"Internationale Lottoscheine online kaufen\" \/>\n<meta property=\"og:description\" content=\"Der Online-Kauf von Tickets f\u00fcr internationale Lotterien ist ganz einfach. Egal wo Sie wohnen, nehmen Sie an den besten Lotterien weltweit teil.\" \/>\n<meta property=\"og:url\" content=\"https:\/\/gambling6.com\/de\/lotterie\/\" \/>\n<meta property=\"og:site_name\" content=\"Gambling6\" \/>\n<meta property=\"article:modified_time\" content=\"2025-11-12T18:28:11+00:00\" \/>\n<meta property=\"og:image\" content=\"https:\/\/gambling6.com\/wp-content\/uploads\/2013\/12\/International-Community-150x150.jpg\" \/>\n\t<meta property=\"og:image:width\" content=\"150\" \/>\n\t<meta property=\"og:image:height\" content=\"150\" \/>\n\t<meta property=\"og:image:type\" content=\"image\/jpeg\" \/>\n<meta name=\"twitter:card\" content=\"summary_large_image\" \/>\n<meta name=\"twitter:label1\" content=\"Gesch\u00e4tzte Lesezeit\" \/>\n\t<meta name=\"twitter:data1\" content=\"4\u00a0Minuten\" \/>\n<script type=\"application\/ld+json\" class=\"yoast-schema-graph\">{\"@context\":\"https:\\\/\\\/schema.org\",\"@graph\":[{\"@type\":\"WebPage\",\"@id\":\"https:\\\/\\\/gambling6.com\\\/de\\\/lotterie\\\/\",\"url\":\"https:\\\/\\\/gambling6.com\\\/de\\\/lotterie\\\/\",\"name\":\"Internationale Lottoscheine online kaufen\",\"isPartOf\":{\"@id\":\"https:\\\/\\\/gambling6.com\\\/de\\\/#website\"},\"primaryImageOfPage\":{\"@id\":\"https:\\\/\\\/gambling6.com\\\/de\\\/lotterie\\\/#primaryimage\"},\"image\":{\"@id\":\"https:\\\/\\\/gambling6.com\\\/de\\\/lotterie\\\/#primaryimage\"},\"thumbnailUrl\":\"https:\\\/\\\/gambling6.com\\\/wp-content\\\/uploads\\\/2013\\\/12\\\/International-Community-150x150.jpg\",\"datePublished\":\"2025-11-10T13:17:54+00:00\",\"dateModified\":\"2025-11-12T18:28:11+00:00\",\"description\":\"Der Online-Kauf von Tickets f\u00fcr internationale Lotterien ist ganz einfach. Egal wo Sie wohnen, nehmen Sie an den besten Lotterien weltweit teil.\",\"breadcrumb\":{\"@id\":\"https:\\\/\\\/gambling6.com\\\/de\\\/lotterie\\\/#breadcrumb\"},\"inLanguage\":\"de\",\"potentialAction\":[{\"@type\":\"ReadAction\",\"target\":[\"https:\\\/\\\/gambling6.com\\\/de\\\/lotterie\\\/\"]}]},{\"@type\":\"ImageObject\",\"inLanguage\":\"de\",\"@id\":\"https:\\\/\\\/gambling6.com\\\/de\\\/lotterie\\\/#primaryimage\",\"url\":\"https:\\\/\\\/gambling6.com\\\/wp-content\\\/uploads\\\/2013\\\/12\\\/International-Community-150x150.jpg\",\"contentUrl\":\"https:\\\/\\\/gambling6.com\\\/wp-content\\\/uploads\\\/2013\\\/12\\\/International-Community-150x150.jpg\",\"width\":150,\"height\":150},{\"@type\":\"BreadcrumbList\",\"@id\":\"https:\\\/\\\/gambling6.com\\\/de\\\/lotterie\\\/#breadcrumb\",\"itemListElement\":[{\"@type\":\"ListItem\",\"position\":1,\"name\":\"Home\",\"item\":\"https:\\\/\\\/gambling6.com\\\/de\\\/home\\\/\"},{\"@type\":\"ListItem\",\"position\":2,\"name\":\"Lotterie\"}]},{\"@type\":\"WebSite\",\"@id\":\"https:\\\/\\\/gambling6.com\\\/de\\\/#website\",\"url\":\"https:\\\/\\\/gambling6.com\\\/de\\\/\",\"name\":\"Gambling6\",\"description\":\"\",\"potentialAction\":[{\"@type\":\"SearchAction\",\"target\":{\"@type\":\"EntryPoint\",\"urlTemplate\":\"https:\\\/\\\/gambling6.com\\\/de\\\/?s={search_term_string}\"},\"query-input\":{\"@type\":\"PropertyValueSpecification\",\"valueRequired\":true,\"valueName\":\"search_term_string\"}}],\"inLanguage\":\"de\"}]}<\/script>\n<!-- \/ Yoast SEO plugin. -->","yoast_head_json":{"title":"Internationale Lottoscheine online kaufen","description":"Der Online-Kauf von Tickets f\u00fcr internationale Lotterien ist ganz einfach. Egal wo Sie wohnen, nehmen Sie an den besten Lotterien weltweit teil.","robots":{"index":"index","follow":"follow","max-snippet":"max-snippet:-1","max-image-preview":"max-image-preview:large","max-video-preview":"max-video-preview:-1"},"canonical":"https:\/\/gambling6.com\/de\/lotterie\/","og_locale":"de_DE","og_type":"article","og_title":"Internationale Lottoscheine online kaufen","og_description":"Der Online-Kauf von Tickets f\u00fcr internationale Lotterien ist ganz einfach. Egal wo Sie wohnen, nehmen Sie an den besten Lotterien weltweit teil.","og_url":"https:\/\/gambling6.com\/de\/lotterie\/","og_site_name":"Gambling6","article_modified_time":"2025-11-12T18:28:11+00:00","og_image":[{"width":150,"height":150,"url":"https:\/\/gambling6.com\/wp-content\/uploads\/2013\/12\/International-Community-150x150.jpg","type":"image\/jpeg"}],"twitter_card":"summary_large_image","twitter_misc":{"Gesch\u00e4tzte Lesezeit":"4\u00a0Minuten"},"schema":{"@context":"https:\/\/schema.org","@graph":[{"@type":"WebPage","@id":"https:\/\/gambling6.com\/de\/lotterie\/","url":"https:\/\/gambling6.com\/de\/lotterie\/","name":"Internationale Lottoscheine online kaufen","isPartOf":{"@id":"https:\/\/gambling6.com\/de\/#website"},"primaryImageOfPage":{"@id":"https:\/\/gambling6.com\/de\/lotterie\/#primaryimage"},"image":{"@id":"https:\/\/gambling6.com\/de\/lotterie\/#primaryimage"},"thumbnailUrl":"https:\/\/gambling6.com\/wp-content\/uploads\/2013\/12\/International-Community-150x150.jpg","datePublished":"2025-11-10T13:17:54+00:00","dateModified":"2025-11-12T18:28:11+00:00","description":"Der Online-Kauf von Tickets f\u00fcr internationale Lotterien ist ganz einfach. Egal wo Sie wohnen, nehmen Sie an den besten Lotterien weltweit teil.","breadcrumb":{"@id":"https:\/\/gambling6.com\/de\/lotterie\/#breadcrumb"},"inLanguage":"de","potentialAction":[{"@type":"ReadAction","target":["https:\/\/gambling6.com\/de\/lotterie\/"]}]},{"@type":"ImageObject","inLanguage":"de","@id":"https:\/\/gambling6.com\/de\/lotterie\/#primaryimage","url":"https:\/\/gambling6.com\/wp-content\/uploads\/2013\/12\/International-Community-150x150.jpg","contentUrl":"https:\/\/gambling6.com\/wp-content\/uploads\/2013\/12\/International-Community-150x150.jpg","width":150,"height":150},{"@type":"BreadcrumbList","@id":"https:\/\/gambling6.com\/de\/lotterie\/#breadcrumb","itemListElement":[{"@type":"ListItem","position":1,"name":"Home","item":"https:\/\/gambling6.com\/de\/home\/"},{"@type":"ListItem","position":2,"name":"Lotterie"}]},{"@type":"WebSite","@id":"https:\/\/gambling6.com\/de\/#website","url":"https:\/\/gambling6.com\/de\/","name":"Gambling6","description":"","potentialAction":[{"@type":"SearchAction","target":{"@type":"EntryPoint","urlTemplate":"https:\/\/gambling6.com\/de\/?s={search_term_string}"},"query-input":{"@type":"PropertyValueSpecification","valueRequired":true,"valueName":"search_term_string"}}],"inLanguage":"de"}]}},"_links":{"self":[{"href":"https:\/\/gambling6.com\/de\/wp-json\/wp\/v2\/pages\/9298","targetHints":{"allow":["GET"]}}],"collection":[{"href":"https:\/\/gambling6.com\/de\/wp-json\/wp\/v2\/pages"}],"about":[{"href":"https:\/\/gambling6.com\/de\/wp-json\/wp\/v2\/types\/page"}],"author":[{"embeddable":true,"href":"https:\/\/gambling6.com\/de\/wp-json\/wp\/v2\/users\/1"}],"replies":[{"embeddable":true,"href":"https:\/\/gambling6.com\/de\/wp-json\/wp\/v2\/comments?post=9298"}],"version-history":[{"count":1,"href":"https:\/\/gambling6.com\/de\/wp-json\/wp\/v2\/pages\/9298\/revisions"}],"predecessor-version":[{"id":10652,"href":"https:\/\/gambling6.com\/de\/wp-json\/wp\/v2\/pages\/9298\/revisions\/10652"}],"wp:featuredmedia":[{"embeddable":true,"href":"https:\/\/gambling6.com\/de\/wp-json\/wp\/v2\/media\/439"}],"wp:attachment":[{"href":"https:\/\/gambling6.com\/de\/wp-json\/wp\/v2\/media?parent=9298"}],"curies":[{"name":"wp","href":"https:\/\/api.w.org\/{rel}","templated":true}]}}