{"id":9357,"date":"2025-11-10T20:37:28","date_gmt":"2025-11-10T20:37:28","guid":{"rendered":"https:\/\/gambling6.com\/lotterie\/sichern-sie-sich-online-tickets-fur-die-mega-millions-lotterie\/"},"modified":"2025-11-12T12:28:52","modified_gmt":"2025-11-12T12:28:52","slug":"sichern-sie-sich-online-tickets-fur-die-mega-millions-lotterie","status":"publish","type":"page","link":"https:\/\/gambling6.com\/de\/lotterie\/sichern-sie-sich-online-tickets-fur-die-mega-millions-lotterie\/","title":{"rendered":"Sichern Sie sich online Tickets f\u00fcr die Mega Millions-Lotterie"},"content":{"rendered":"<h2>Mega Millions-Lotterielose weltweit erh\u00e4ltlich<\/h2>\n<p>T\u00e4glich kaufen unz\u00e4hlige Menschen Lottoscheine, sowohl in Nordamerika als auch weltweit. Die meisten Lottospieler wissen, dass ihre Chancen auf den Jackpot sehr gering sind. <strong>Doch dank der M\u00f6glichkeit, <\/strong><span style=\"box-sizing: border-box; margin: 0px; padding: 0px;\"><strong>online Lose f\u00fcr die Mega Millions-Lotterie zu kaufen, str\u00f6men die Menschen t\u00e4glich an ihre Computer,<\/strong> loggen sich bei unserem Partner RedFoxLotto.com ein und kaufen Lose <\/span> f\u00fcr die gigantische US-amerikanische Mega Millions-Lotterie.<img loading=\"lazy\" decoding=\"async\" class=\" alignright wp-image-544\" style=\"margin: 10px; border: 5px solid #ffffff; float: right;\" src=\"http:\/\/gambling6.com\/wp-content\/uploads\/2013\/12\/get-mega-millions-tickets-online.png\" alt=\"Ihre MegaMillions-Tickets online\" width=\"297\" height=\"163\" srcset=\"https:\/\/gambling6.com\/wp-content\/uploads\/2013\/12\/get-mega-millions-tickets-online.png 388w, https:\/\/gambling6.com\/wp-content\/uploads\/2013\/12\/get-mega-millions-tickets-online-300x165.png 300w\" sizes=\"auto, (max-width: 297px) 100vw, 297px\" \/><\/p>\n<h2>Um zu gewinnen, ben\u00f6tigen Sie Ihre Online-Tickets.<\/h2>\n<p>Viele Menschen bevorzugen eine kleine Gewinnchance gegen\u00fcber gar keiner. Wie hei\u00dft es so sch\u00f6n: \u201eOhne Ticket kann man nicht gewinnen.\u201c Dieser Satz ist vielen im Ged\u00e4chtnis geblieben, und da sie t\u00e4glich mit Lotto-Bildern \u00fcberschwemmt werden, ist die Wahrscheinlichkeit gro\u00df, dass sie ihre Tickets online kaufen. Das Internet erm\u00f6glicht es Menschen weltweit, Tickets f\u00fcr jede Lotterieziehung zu erwerben. Da Mega Millions eine der gr\u00f6\u00dften Lotterien weltweit ist, ist es nur logisch, dass viele Menschen Tickets online kaufen.<\/p>\n<p>Um Ihr Los zu erhalten, klicken Sie <a class=\"thirstylink\" title=\"Redfoxlotto\" href=\"https:\/\/gambling6.com\/go\/redfoxlotto\/\" target=\"_blank\" rel=\"nofollow noopener\">hier klicken, um RedFoxLotto.com zu besuchen<\/a>, einen hervorragenden Lottoschein-Service, bei dem Sie Lose f\u00fcr die gr\u00f6\u00dften Jackpots weltweit kaufen k\u00f6nnen.<\/p>\n<h2>Online-K\u00e4ufer k\u00f6nnen ihr Leben ver\u00e4ndern.<\/h2>\n<p>Viele Menschen kaufen online Lose f\u00fcr die Mega Millions-Lotterie, um ihr Leben zu ver\u00e4ndern. Wenn sie erfahren, dass ein Paar in Tunkhannock, Pennsylvania, den Hauptgewinn gewonnen hat, sind sie entt\u00e4uscht und \u00fcberpr\u00fcfen ihre Lose gar nicht erst.<\/p>\n<h2>Online-Lose f\u00fcr Mega Millions und Powerball sind am beliebtesten.<\/h2>\n<p>Die beiden US-amerikanischen Lotterien Mega Millions und Powerball sind die Lotterien mit den h\u00f6chsten Jackpots weltweit. Es ist daher nicht verwunderlich, dass die Online-Ticketverk\u00e4ufe f\u00fcr diese beiden Lotto-Giganten jede Woche neue H\u00f6chstst\u00e4nde erreichen. Der Online-Kauf von Mega-Millions-Tickets hat regelm\u00e4\u00dfig zu au\u00dfergew\u00f6hnlich hohen Jackpots gef\u00fchrt.<\/p>\n<h2>Die Mega-Millions-Jackpots 2013 erreichten fast Rekordh\u00f6hen<\/h2>\n<table style=\"width: 500px;\" border=\"1\" cellspacing=\"5\" cellpadding=\"5\" align=\"center\">\n<tbody>\n<tr>\n<td colspan=\"3\" align=\"center\">Die f\u00fcnf h\u00f6chsten Jackpots 2013<\/td>\n<\/tr>\n<tr>\n<td>Ziehung<\/td>\n<td align=\"center\">Datum<\/td>\n<td align=\"center\">Jackpot (USD)<\/td>\n<\/tr>\n<tr>\n<td>Mega Millions \u2013 USA<\/td>\n<td align=\"center\">17. Dez. 2013<\/td>\n<td align=\"right\">636.000.000 USD<\/td>\n<\/tr>\n<tr>\n<td>Mega Millions \u2013 USA<\/td>\n<td align=\"center\">17. Mai 2013<\/td>\n<td align=\"right\">190.000.000 $<\/td>\n<\/tr>\n<tr>\n<td>Mega Millions \u2013 USA<\/td>\n<td align=\"center\">1. Okt. 2013<\/td>\n<td align=\"right\">189.000.000 $<\/td>\n<\/tr>\n<tr>\n<td>Mega Millions \u2013 USA<\/td>\n<td align=\"center\">25. Jan. 2013<\/td>\n<td align=\"right\">89.000.000 $<\/td>\n<\/tr>\n<tr>\n<td>Mega Millions \u2013 USA<\/td>\n<td align=\"center\">5. Juli 2013<\/td>\n<td align=\"right\">79.000.000 $<\/td>\n<\/tr>\n<\/tbody>\n<\/table>\n<h2>Viele Preise bei Mega Millions online Ticketinhaber<\/h2>\n<table style=\"width: 500px;\" border=\"1\" cellspacing=\"5\" cellpadding=\"5\" align=\"center\">\n<tbody>\n<tr>\n<td colspan=\"3\" align=\"center\">Gewinnstufen der Mega Millions Lotterie<\/td>\n<\/tr>\n<tr>\n<td>Gewinn<\/td>\n<td align=\"center\">\u00dcbereinstimmungen<\/td>\n<td align=\"center\">Quoten<\/td>\n<\/tr>\n<tr>\n<td>1. Gewinn (Jackpot)<\/td>\n<td align=\"center\">5 + 1<\/td>\n<td align=\"right\">175.711.538 : 1<\/td>\n<\/tr>\n<tr>\n<td>2. Gewinn<\/td>\n<td align=\"center\">5<\/td>\n<td align=\"right\">3.904.701 : 1<\/td>\n<\/tr>\n<tr>\n<td>3.<\/td>\n<td align=\"center\">4 + 1<\/td>\n<td align=\"right\">689.065 : 1<\/td>\n<\/tr>\n<tr>\n<td>4.<\/td>\n<td align=\"center\">4<\/td>\n<td align=\"right\">15.313 : 1<\/td>\n<\/tr>\n<tr>\n<td>5.<\/td>\n<td align=\"center\">3 + 1<\/td>\n<td align=\"right\">13.781 : 1<\/td>\n<\/tr>\n<tr>\n<td>6.<\/td>\n<td align=\"center\">2 + 1<\/td>\n<td align=\"right\">844 : 1<\/td>\n<\/tr>\n<tr>\n<td>7.<\/td>\n<td align=\"center\">3<\/td>\n<td align=\"right\">360 : 1<\/td>\n<\/tr>\n<tr>\n<td>8.<\/td>\n<td align=\"center\">1 + 1<\/td>\n<td align=\"right\">141 : 1<\/td>\n<\/tr>\n<tr>\n<td>9.<\/td>\n<td align=\"center\">0 + 1<\/td>\n<td align=\"right\">75 : 1<\/td>\n<\/tr>\n<\/tbody>\n<\/table>\n<p style=\"text-align: center;\"><strong>Spielen Sie noch heute Mega Millions mit Ihren Online-Tickets und vielleicht werden Ihre Tr\u00e4ume wahr!<\/strong><\/p>\n","protected":false},"excerpt":{"rendered":"<p>Mega Millions-Lotterielose weltweit erh\u00e4ltlich T\u00e4glich kaufen unz\u00e4hlige Menschen Lottoscheine, sowohl in Nordamerika als auch weltweit. Die meisten Lottospieler wissen, dass ihre Chancen auf den Jackpot sehr gering sind. Doch dank der M\u00f6glichkeit, online Lose f\u00fcr die Mega Millions-Lotterie zu kaufen, str\u00f6men die Menschen t\u00e4glich an ihre Computer, loggen sich bei unserem Partner RedFoxLotto.com ein und [&hellip;]<\/p>\n","protected":false},"author":1,"featured_media":546,"parent":9298,"menu_order":13,"comment_status":"closed","ping_status":"closed","template":"","meta":{"footnotes":""},"class_list":["post-9357","page","type-page","status-publish","has-post-thumbnail","hentry"],"yoast_head":"<!-- This site is optimized with the Yoast SEO plugin v27.4 - https:\/\/yoast.com\/product\/yoast-seo-wordpress\/ -->\n<title>Kaufen Sie Mega Millions-Lottoscheine online<\/title>\n<meta name=\"description\" content=\"Sichern Sie sich die gro\u00dfen Gewinne mit Ihren Online-Tickets f\u00fcr die Mega Millions Lotterie.\" \/>\n<meta name=\"robots\" content=\"index, follow, max-snippet:-1, max-image-preview:large, max-video-preview:-1\" \/>\n<link rel=\"canonical\" href=\"https:\/\/gambling6.com\/de\/lotterie\/sichern-sie-sich-online-tickets-fur-die-mega-millions-lotterie\/\" \/>\n<meta property=\"og:locale\" content=\"de_DE\" \/>\n<meta property=\"og:type\" content=\"article\" \/>\n<meta property=\"og:title\" content=\"Kaufen Sie Mega Millions-Lottoscheine online\" \/>\n<meta property=\"og:description\" content=\"Sichern Sie sich die gro\u00dfen Gewinne mit Ihren Online-Tickets f\u00fcr die Mega Millions Lotterie.\" \/>\n<meta property=\"og:url\" content=\"https:\/\/gambling6.com\/de\/lotterie\/sichern-sie-sich-online-tickets-fur-die-mega-millions-lotterie\/\" \/>\n<meta property=\"og:site_name\" content=\"Gambling6\" \/>\n<meta property=\"article:modified_time\" content=\"2025-11-12T12:28:52+00:00\" \/>\n<meta property=\"og:image\" content=\"https:\/\/gambling6.com\/wp-content\/uploads\/2013\/12\/get-mega-millions-tickets-online.png\" \/>\n\t<meta property=\"og:image:width\" content=\"388\" \/>\n\t<meta property=\"og:image:height\" content=\"213\" \/>\n\t<meta property=\"og:image:type\" content=\"image\/png\" \/>\n<meta name=\"twitter:card\" content=\"summary_large_image\" \/>\n<meta name=\"twitter:label1\" content=\"Gesch\u00e4tzte Lesezeit\" \/>\n\t<meta name=\"twitter:data1\" content=\"2\u00a0Minuten\" \/>\n<script type=\"application\/ld+json\" class=\"yoast-schema-graph\">{\"@context\":\"https:\\\/\\\/schema.org\",\"@graph\":[{\"@type\":\"WebPage\",\"@id\":\"https:\\\/\\\/gambling6.com\\\/de\\\/lotterie\\\/sichern-sie-sich-online-tickets-fur-die-mega-millions-lotterie\\\/\",\"url\":\"https:\\\/\\\/gambling6.com\\\/de\\\/lotterie\\\/sichern-sie-sich-online-tickets-fur-die-mega-millions-lotterie\\\/\",\"name\":\"Kaufen Sie Mega Millions-Lottoscheine online\",\"isPartOf\":{\"@id\":\"https:\\\/\\\/gambling6.com\\\/de\\\/#website\"},\"primaryImageOfPage\":{\"@id\":\"https:\\\/\\\/gambling6.com\\\/de\\\/lotterie\\\/sichern-sie-sich-online-tickets-fur-die-mega-millions-lotterie\\\/#primaryimage\"},\"image\":{\"@id\":\"https:\\\/\\\/gambling6.com\\\/de\\\/lotterie\\\/sichern-sie-sich-online-tickets-fur-die-mega-millions-lotterie\\\/#primaryimage\"},\"thumbnailUrl\":\"https:\\\/\\\/gambling6.com\\\/wp-content\\\/uploads\\\/2013\\\/12\\\/get-mega-millions-tickets-online.png\",\"datePublished\":\"2025-11-10T20:37:28+00:00\",\"dateModified\":\"2025-11-12T12:28:52+00:00\",\"description\":\"Sichern Sie sich die gro\u00dfen Gewinne mit Ihren Online-Tickets f\u00fcr die Mega Millions Lotterie.\",\"breadcrumb\":{\"@id\":\"https:\\\/\\\/gambling6.com\\\/de\\\/lotterie\\\/sichern-sie-sich-online-tickets-fur-die-mega-millions-lotterie\\\/#breadcrumb\"},\"inLanguage\":\"de\",\"potentialAction\":[{\"@type\":\"ReadAction\",\"target\":[\"https:\\\/\\\/gambling6.com\\\/de\\\/lotterie\\\/sichern-sie-sich-online-tickets-fur-die-mega-millions-lotterie\\\/\"]}]},{\"@type\":\"ImageObject\",\"inLanguage\":\"de\",\"@id\":\"https:\\\/\\\/gambling6.com\\\/de\\\/lotterie\\\/sichern-sie-sich-online-tickets-fur-die-mega-millions-lotterie\\\/#primaryimage\",\"url\":\"https:\\\/\\\/gambling6.com\\\/wp-content\\\/uploads\\\/2013\\\/12\\\/get-mega-millions-tickets-online.png\",\"contentUrl\":\"https:\\\/\\\/gambling6.com\\\/wp-content\\\/uploads\\\/2013\\\/12\\\/get-mega-millions-tickets-online.png\",\"width\":388,\"height\":213},{\"@type\":\"BreadcrumbList\",\"@id\":\"https:\\\/\\\/gambling6.com\\\/de\\\/lotterie\\\/sichern-sie-sich-online-tickets-fur-die-mega-millions-lotterie\\\/#breadcrumb\",\"itemListElement\":[{\"@type\":\"ListItem\",\"position\":1,\"name\":\"Home\",\"item\":\"https:\\\/\\\/gambling6.com\\\/de\\\/home\\\/\"},{\"@type\":\"ListItem\",\"position\":2,\"name\":\"Lotterie\",\"item\":\"https:\\\/\\\/gambling6.com\\\/de\\\/lotterie\\\/\"},{\"@type\":\"ListItem\",\"position\":3,\"name\":\"Sichern Sie sich online Tickets f\u00fcr die Mega Millions-Lotterie\"}]},{\"@type\":\"WebSite\",\"@id\":\"https:\\\/\\\/gambling6.com\\\/de\\\/#website\",\"url\":\"https:\\\/\\\/gambling6.com\\\/de\\\/\",\"name\":\"Gambling6\",\"description\":\"\",\"potentialAction\":[{\"@type\":\"SearchAction\",\"target\":{\"@type\":\"EntryPoint\",\"urlTemplate\":\"https:\\\/\\\/gambling6.com\\\/de\\\/?s={search_term_string}\"},\"query-input\":{\"@type\":\"PropertyValueSpecification\",\"valueRequired\":true,\"valueName\":\"search_term_string\"}}],\"inLanguage\":\"de\"}]}<\/script>\n<!-- \/ Yoast SEO plugin. -->","yoast_head_json":{"title":"Kaufen Sie Mega Millions-Lottoscheine online","description":"Sichern Sie sich die gro\u00dfen Gewinne mit Ihren Online-Tickets f\u00fcr die Mega Millions Lotterie.","robots":{"index":"index","follow":"follow","max-snippet":"max-snippet:-1","max-image-preview":"max-image-preview:large","max-video-preview":"max-video-preview:-1"},"canonical":"https:\/\/gambling6.com\/de\/lotterie\/sichern-sie-sich-online-tickets-fur-die-mega-millions-lotterie\/","og_locale":"de_DE","og_type":"article","og_title":"Kaufen Sie Mega Millions-Lottoscheine online","og_description":"Sichern Sie sich die gro\u00dfen Gewinne mit Ihren Online-Tickets f\u00fcr die Mega Millions Lotterie.","og_url":"https:\/\/gambling6.com\/de\/lotterie\/sichern-sie-sich-online-tickets-fur-die-mega-millions-lotterie\/","og_site_name":"Gambling6","article_modified_time":"2025-11-12T12:28:52+00:00","og_image":[{"width":388,"height":213,"url":"https:\/\/gambling6.com\/wp-content\/uploads\/2013\/12\/get-mega-millions-tickets-online.png","type":"image\/png"}],"twitter_card":"summary_large_image","twitter_misc":{"Gesch\u00e4tzte Lesezeit":"2\u00a0Minuten"},"schema":{"@context":"https:\/\/schema.org","@graph":[{"@type":"WebPage","@id":"https:\/\/gambling6.com\/de\/lotterie\/sichern-sie-sich-online-tickets-fur-die-mega-millions-lotterie\/","url":"https:\/\/gambling6.com\/de\/lotterie\/sichern-sie-sich-online-tickets-fur-die-mega-millions-lotterie\/","name":"Kaufen Sie Mega Millions-Lottoscheine online","isPartOf":{"@id":"https:\/\/gambling6.com\/de\/#website"},"primaryImageOfPage":{"@id":"https:\/\/gambling6.com\/de\/lotterie\/sichern-sie-sich-online-tickets-fur-die-mega-millions-lotterie\/#primaryimage"},"image":{"@id":"https:\/\/gambling6.com\/de\/lotterie\/sichern-sie-sich-online-tickets-fur-die-mega-millions-lotterie\/#primaryimage"},"thumbnailUrl":"https:\/\/gambling6.com\/wp-content\/uploads\/2013\/12\/get-mega-millions-tickets-online.png","datePublished":"2025-11-10T20:37:28+00:00","dateModified":"2025-11-12T12:28:52+00:00","description":"Sichern Sie sich die gro\u00dfen Gewinne mit Ihren Online-Tickets f\u00fcr die Mega Millions Lotterie.","breadcrumb":{"@id":"https:\/\/gambling6.com\/de\/lotterie\/sichern-sie-sich-online-tickets-fur-die-mega-millions-lotterie\/#breadcrumb"},"inLanguage":"de","potentialAction":[{"@type":"ReadAction","target":["https:\/\/gambling6.com\/de\/lotterie\/sichern-sie-sich-online-tickets-fur-die-mega-millions-lotterie\/"]}]},{"@type":"ImageObject","inLanguage":"de","@id":"https:\/\/gambling6.com\/de\/lotterie\/sichern-sie-sich-online-tickets-fur-die-mega-millions-lotterie\/#primaryimage","url":"https:\/\/gambling6.com\/wp-content\/uploads\/2013\/12\/get-mega-millions-tickets-online.png","contentUrl":"https:\/\/gambling6.com\/wp-content\/uploads\/2013\/12\/get-mega-millions-tickets-online.png","width":388,"height":213},{"@type":"BreadcrumbList","@id":"https:\/\/gambling6.com\/de\/lotterie\/sichern-sie-sich-online-tickets-fur-die-mega-millions-lotterie\/#breadcrumb","itemListElement":[{"@type":"ListItem","position":1,"name":"Home","item":"https:\/\/gambling6.com\/de\/home\/"},{"@type":"ListItem","position":2,"name":"Lotterie","item":"https:\/\/gambling6.com\/de\/lotterie\/"},{"@type":"ListItem","position":3,"name":"Sichern Sie sich online Tickets f\u00fcr die Mega Millions-Lotterie"}]},{"@type":"WebSite","@id":"https:\/\/gambling6.com\/de\/#website","url":"https:\/\/gambling6.com\/de\/","name":"Gambling6","description":"","potentialAction":[{"@type":"SearchAction","target":{"@type":"EntryPoint","urlTemplate":"https:\/\/gambling6.com\/de\/?s={search_term_string}"},"query-input":{"@type":"PropertyValueSpecification","valueRequired":true,"valueName":"search_term_string"}}],"inLanguage":"de"}]}},"_links":{"self":[{"href":"https:\/\/gambling6.com\/de\/wp-json\/wp\/v2\/pages\/9357","targetHints":{"allow":["GET"]}}],"collection":[{"href":"https:\/\/gambling6.com\/de\/wp-json\/wp\/v2\/pages"}],"about":[{"href":"https:\/\/gambling6.com\/de\/wp-json\/wp\/v2\/types\/page"}],"author":[{"embeddable":true,"href":"https:\/\/gambling6.com\/de\/wp-json\/wp\/v2\/users\/1"}],"replies":[{"embeddable":true,"href":"https:\/\/gambling6.com\/de\/wp-json\/wp\/v2\/comments?post=9357"}],"version-history":[{"count":1,"href":"https:\/\/gambling6.com\/de\/wp-json\/wp\/v2\/pages\/9357\/revisions"}],"predecessor-version":[{"id":10645,"href":"https:\/\/gambling6.com\/de\/wp-json\/wp\/v2\/pages\/9357\/revisions\/10645"}],"up":[{"embeddable":true,"href":"https:\/\/gambling6.com\/de\/wp-json\/wp\/v2\/pages\/9298"}],"wp:featuredmedia":[{"embeddable":true,"href":"https:\/\/gambling6.com\/de\/wp-json\/wp\/v2\/media\/546"}],"wp:attachment":[{"href":"https:\/\/gambling6.com\/de\/wp-json\/wp\/v2\/media?parent=9357"}],"curies":[{"name":"wp","href":"https:\/\/api.w.org\/{rel}","templated":true}]}}