{"id":9400,"date":"2025-11-10T21:34:15","date_gmt":"2025-11-10T21:34:15","guid":{"rendered":"https:\/\/gambling6.com\/lotterie\/wie-kann-ich-von-auserhalb-europas-online-tickets-fur-die-euromillions-lotterie-kaufen\/"},"modified":"2025-11-12T18:44:49","modified_gmt":"2025-11-12T18:44:49","slug":"wie-kann-ich-von-auserhalb-europas-online-tickets-fur-die-euromillions-lotterie-kaufen","status":"publish","type":"page","link":"https:\/\/gambling6.com\/de\/lotterie\/wie-kann-ich-von-auserhalb-europas-online-tickets-fur-die-euromillions-lotterie-kaufen\/","title":{"rendered":"Wie kann ich von au\u00dferhalb Europas Online-Tickets f\u00fcr die Euromillions-Lotterie kaufen?"},"content":{"rendered":"<h2>EuroMillions<\/h2>\n<p>Mit \u20ac185 Millionen im Jackpot und der regelm\u00e4\u00dfigen <span style=\"box-sizing: border-box; margin: 0px; padding: 0px;\">Chance, \u00fcber \u20ac100 Millionen zu gewinnen, <strong>st\u00fcrzen sich die Menschen an ihre Computer, um Online-Tickets f\u00fcr die EuroMillions<\/strong><\/span><strong>-Lotterie zu kaufen.<\/strong> EuroMillions wird in 9 L\u00e4ndern Europas gespielt, und im letzten Jahr wurden \u00fcber 2,5 Milliarden US-Dollar an Preisen ausgesch\u00fcttet. Warum solltest du dir nicht die Chance sichern, diesen Jackpot zu gewinnen? Alles, was du tun musst, ist unseren Partner RedFoxLotto zu besuchen und deine Online-Tickets zu holen. Bei RedFoxLotto zu spielen war noch nie so einfach.<\/p>\n<p><strong>Du kannst Online-Tickets f\u00fcr die EuroMillions-Lotterie zweimal pro Woche kaufen<\/strong> und hast dabei die Chance, bis zu 13 verschiedene Gewinnstufen zu erreichen. Um Tickets online zu kaufen, w\u00e4hle 5 Hauptzahlen von 1 bis 50. Au\u00dferdem gibt es zwei \u201eLucky Star\u201c-Zahlen, beide zwischen 1 und 11, die aus einer separaten Maschine gezogen werden. Um den Hauptgewinn zu erzielen, musst du alle sieben Zahlen richtig tippen.<\/p>\n<h2>Warum die EuroMillions-Lotterie online spielen?<\/h2>\n<p><img loading=\"lazy\" decoding=\"async\" class=\" wp-image-1437 alignright\" src=\"https:\/\/gambling6.com\/wp-content\/uploads\/2022\/04\/2_ticket_euromillions-112x300.jpg\" alt=\"EuroMillions-Los\" width=\"99\" height=\"265\" srcset=\"https:\/\/gambling6.com\/wp-content\/uploads\/2022\/04\/2_ticket_euromillions-112x300.jpg 112w, https:\/\/gambling6.com\/wp-content\/uploads\/2022\/04\/2_ticket_euromillions.jpg 200w\" sizes=\"auto, (max-width: 99px) 100vw, 99px\" \/>Das Lotteriefieber in Europa kann \u2013 und hat \u2013 epidemische Ausma\u00dfe erreicht. Woche f\u00fcr Woche stehen Menschen Schlange, um an der gr\u00f6\u00dften Lotterie Europas teilzunehmen, die zu den drei gr\u00f6\u00dften Jackpots der Welt geh\u00f6rt. Die EuroMillions-Lotterie wurde 2004 ins Leben gerufen und wird in Belgien, Frankreich, Irland, \u00d6sterreich, Luxemburg, Spanien, Portugal, der Schweiz und dem Vereinigten K\u00f6nigreich gespielt. Ein schottisches Paar gewann im Juli 2011 den bisher gr\u00f6\u00dften Jackpot in H\u00f6he von 185 Millionen Euro.<\/p>\n<p>Zus\u00e4tzlich zu allen europ\u00e4ischen Spielern in den oben genannten L\u00e4ndern kaufen Millionen von Menschen jede Woche ihre Tickets online. Deine Online-Tickets f\u00fcr die EuroMillions-Lotterie zu bekommen, ist ganz einfach: Besuche unseren Partner RedFoxLotto. Die Gewinnchancen f\u00fcr den Hauptpreis bei EuroMillions liegen bei 1 zu 116.531.800. Wenn du jedoch an einer der anderen 13 Gewinnstufen teilnimmst, betragen deine Gesamtchancen 1 zu 13.<\/p>\n<p>Ein weiteres Mal zeigt sich, dass die EuroMillions-Lotterie eine der spannendsten Lotterien weltweit ist. <span style=\"box-sizing: border-box; margin: 0px; padding: 0px;\">Nimm dir die Zeit, <a href=\"https:\/\/gambling6.com\/go\/redfoxlotto-en\/\" target=\"_blank\" rel=\"noopener\">noch heute RedFoxLotto \u00fcber diesen Link zu besuchen<\/a>, ein Konto zu er\u00f6ffnen und mit dem Spielen dieser riesigen europ\u00e4ischen Lotterie zu beginnen.<\/span> Wir sind sicher, dass du es nicht bereuen wirst. Es ist ganz einfach, Online-Tickets f\u00fcr EuroMillions und andere beliebte Lotterien weltweit zu bekommen.<\/p>\n<table style=\"width: 500px;\" border=\"1\" cellspacing=\"5\" cellpadding=\"5\" align=\"center\">\n<tbody>\n<tr>\n<td colspan=\"3\" align=\"center\">Top f\u00fcnf Jackpots im Jahr 2013<\/td>\n<\/tr>\n<tr>\n<td>Ziehung<\/td>\n<td align=\"center\">Datum<\/td>\n<td align=\"center\">Jackpot (USD)<\/td>\n<\/tr>\n<tr>\n<td>EuroMillions &#8211; Europa<\/td>\n<td align=\"center\">25-Jun-13<\/td>\n<td align=\"right\">$260,129,094<\/td>\n<\/tr>\n<tr>\n<td>EuroMillions &#8211; Europa<\/td>\n<td align=\"center\">15-Nov-13<\/td>\n<td align=\"right\">$137,000,000<\/td>\n<\/tr>\n<tr>\n<td>EuroMillions &#8211; Europa<\/td>\n<td align=\"center\">28-Mai-13<\/td>\n<td align=\"right\">$132,676,542<\/td>\n<\/tr>\n<tr>\n<td>EuroMillions &#8211; Europa<\/td>\n<td align=\"center\">25-Jun-13<\/td>\n<td align=\"right\">$131,636,203<\/td>\n<\/tr>\n<tr>\n<td>EuroMillions &#8211; Europa<\/td>\n<td align=\"center\">23-Aug-13<\/td>\n<td align=\"right\">$131,628,767<\/td>\n<\/tr>\n<\/tbody>\n<\/table>\n<p>&nbsp;<\/p>\n<table style=\"width: 500px;\" border=\"1\" cellspacing=\"5\" cellpadding=\"5\" align=\"center\">\n<tbody>\n<tr>\n<td colspan=\"3\" align=\"center\">EuroMillions-Gewinnstufen<\/td>\n<\/tr>\n<tr>\n<td>Preis<\/td>\n<td align=\"center\">Treffer<\/td>\n<td align=\"center\">Chancen<\/td>\n<\/tr>\n<tr>\n<td>1. (Jackpot)<\/td>\n<td align=\"center\">5 + 2<\/td>\n<td align=\"right\">116,531,800 : 1<\/td>\n<\/tr>\n<tr>\n<td>2.<\/td>\n<td align=\"center\">5 + 1<\/td>\n<td align=\"right\">6,473,989 : 1<\/td>\n<\/tr>\n<tr>\n<td>3.<\/td>\n<td align=\"center\">5<\/td>\n<td align=\"right\">3,236,994 : 1<\/td>\n<\/tr>\n<tr>\n<td>4.<\/td>\n<td align=\"center\">4 + 2<\/td>\n<td align=\"right\">517,919 : 1<\/td>\n<\/tr>\n<tr>\n<td>5.<\/td>\n<td align=\"center\">4 + 1<\/td>\n<td align=\"right\">28,773 : 1<\/td>\n<\/tr>\n<tr>\n<td>6.<\/td>\n<td align=\"center\">4<\/td>\n<td align=\"right\">14,387 : 1<\/td>\n<\/tr>\n<tr>\n<td>7.<\/td>\n<td align=\"center\">3 + 2<\/td>\n<td align=\"right\">11,771 : 1<\/td>\n<\/tr>\n<tr>\n<td>8.<\/td>\n<td align=\"center\">2 + 2<\/td>\n<td align=\"right\">821 : 1<\/td>\n<\/tr>\n<tr>\n<td>9.<\/td>\n<td align=\"center\">3 + 1<\/td>\n<td align=\"right\">654 : 1<\/td>\n<\/tr>\n<tr>\n<td>10.<\/td>\n<td align=\"center\">3<\/td>\n<td align=\"right\">327 : 1<\/td>\n<\/tr>\n<tr>\n<td>11.<\/td>\n<td align=\"center\">1 + 2<\/td>\n<td align=\"right\">156 : 1<\/td>\n<\/tr>\n<tr>\n<td>12.<\/td>\n<td align=\"center\">2 + 1<\/td>\n<td align=\"right\">46 : 1<\/td>\n<\/tr>\n<tr>\n<td>13.<\/td>\n<td align=\"center\">2<\/td>\n<td align=\"right\">23 : 1<\/td>\n<\/tr>\n<\/tbody>\n<\/table>\n","protected":false},"excerpt":{"rendered":"<p>EuroMillions Mit \u20ac185 Millionen im Jackpot und der regelm\u00e4\u00dfigen Chance, \u00fcber \u20ac100 Millionen zu gewinnen, st\u00fcrzen sich die Menschen an ihre Computer, um Online-Tickets f\u00fcr die EuroMillions-Lotterie zu kaufen. EuroMillions wird in 9 L\u00e4ndern Europas gespielt, und im letzten Jahr wurden \u00fcber 2,5 Milliarden US-Dollar an Preisen ausgesch\u00fcttet. Warum solltest du dir nicht die Chance [&hellip;]<\/p>\n","protected":false},"author":1,"featured_media":0,"parent":9298,"menu_order":2,"comment_status":"closed","ping_status":"closed","template":"","meta":{"footnotes":""},"class_list":["post-9400","page","type-page","status-publish","hentry"],"yoast_head":"<!-- This site is optimized with the Yoast SEO plugin v27.4 - https:\/\/yoast.com\/product\/yoast-seo-wordpress\/ -->\n<title>Online-Tickets f\u00fcr die Euromillions-Lotterie kaufen<\/title>\n<meta name=\"description\" content=\"Sichern Sie sich Ihre Online-Tickets f\u00fcr die gr\u00f6\u00dfte Lotterie Europas, Euromillions und Euromillions UK, bei einem vertrauensw\u00fcrdigen Anbieter wie RedFoxLotto.com.\" \/>\n<meta name=\"robots\" content=\"index, follow, max-snippet:-1, max-image-preview:large, max-video-preview:-1\" \/>\n<link rel=\"canonical\" href=\"https:\/\/gambling6.com\/de\/lotterie\/wie-kann-ich-von-auserhalb-europas-online-tickets-fur-die-euromillions-lotterie-kaufen\/\" \/>\n<meta property=\"og:locale\" content=\"de_DE\" \/>\n<meta property=\"og:type\" content=\"article\" \/>\n<meta property=\"og:title\" content=\"Online-Tickets f\u00fcr die Euromillions-Lotterie kaufen\" \/>\n<meta property=\"og:description\" content=\"Sichern Sie sich Ihre Online-Tickets f\u00fcr die gr\u00f6\u00dfte Lotterie Europas, Euromillions und Euromillions UK, bei einem vertrauensw\u00fcrdigen Anbieter wie RedFoxLotto.com.\" \/>\n<meta property=\"og:url\" content=\"https:\/\/gambling6.com\/de\/lotterie\/wie-kann-ich-von-auserhalb-europas-online-tickets-fur-die-euromillions-lotterie-kaufen\/\" \/>\n<meta property=\"og:site_name\" content=\"Gambling6\" \/>\n<meta property=\"article:modified_time\" content=\"2025-11-12T18:44:49+00:00\" \/>\n<meta property=\"og:image\" content=\"https:\/\/gambling6.com\/wp-content\/uploads\/2022\/04\/2_ticket_euromillions.jpg\" \/>\n\t<meta property=\"og:image:width\" content=\"200\" \/>\n\t<meta property=\"og:image:height\" content=\"534\" \/>\n\t<meta property=\"og:image:type\" content=\"image\/jpeg\" \/>\n<meta name=\"twitter:card\" content=\"summary_large_image\" \/>\n<meta name=\"twitter:label1\" content=\"Gesch\u00e4tzte Lesezeit\" \/>\n\t<meta name=\"twitter:data1\" content=\"2\u00a0Minuten\" \/>\n<script type=\"application\/ld+json\" class=\"yoast-schema-graph\">{\"@context\":\"https:\\\/\\\/schema.org\",\"@graph\":[{\"@type\":\"WebPage\",\"@id\":\"https:\\\/\\\/gambling6.com\\\/de\\\/lotterie\\\/wie-kann-ich-von-auserhalb-europas-online-tickets-fur-die-euromillions-lotterie-kaufen\\\/\",\"url\":\"https:\\\/\\\/gambling6.com\\\/de\\\/lotterie\\\/wie-kann-ich-von-auserhalb-europas-online-tickets-fur-die-euromillions-lotterie-kaufen\\\/\",\"name\":\"Online-Tickets f\u00fcr die Euromillions-Lotterie kaufen\",\"isPartOf\":{\"@id\":\"https:\\\/\\\/gambling6.com\\\/de\\\/#website\"},\"primaryImageOfPage\":{\"@id\":\"https:\\\/\\\/gambling6.com\\\/de\\\/lotterie\\\/wie-kann-ich-von-auserhalb-europas-online-tickets-fur-die-euromillions-lotterie-kaufen\\\/#primaryimage\"},\"image\":{\"@id\":\"https:\\\/\\\/gambling6.com\\\/de\\\/lotterie\\\/wie-kann-ich-von-auserhalb-europas-online-tickets-fur-die-euromillions-lotterie-kaufen\\\/#primaryimage\"},\"thumbnailUrl\":\"https:\\\/\\\/gambling6.com\\\/wp-content\\\/uploads\\\/2022\\\/04\\\/2_ticket_euromillions-112x300.jpg\",\"datePublished\":\"2025-11-10T21:34:15+00:00\",\"dateModified\":\"2025-11-12T18:44:49+00:00\",\"description\":\"Sichern Sie sich Ihre Online-Tickets f\u00fcr die gr\u00f6\u00dfte Lotterie Europas, Euromillions und Euromillions UK, bei einem vertrauensw\u00fcrdigen Anbieter wie RedFoxLotto.com.\",\"breadcrumb\":{\"@id\":\"https:\\\/\\\/gambling6.com\\\/de\\\/lotterie\\\/wie-kann-ich-von-auserhalb-europas-online-tickets-fur-die-euromillions-lotterie-kaufen\\\/#breadcrumb\"},\"inLanguage\":\"de\",\"potentialAction\":[{\"@type\":\"ReadAction\",\"target\":[\"https:\\\/\\\/gambling6.com\\\/de\\\/lotterie\\\/wie-kann-ich-von-auserhalb-europas-online-tickets-fur-die-euromillions-lotterie-kaufen\\\/\"]}]},{\"@type\":\"ImageObject\",\"inLanguage\":\"de\",\"@id\":\"https:\\\/\\\/gambling6.com\\\/de\\\/lotterie\\\/wie-kann-ich-von-auserhalb-europas-online-tickets-fur-die-euromillions-lotterie-kaufen\\\/#primaryimage\",\"url\":\"https:\\\/\\\/gambling6.com\\\/wp-content\\\/uploads\\\/2022\\\/04\\\/2_ticket_euromillions-112x300.jpg\",\"contentUrl\":\"https:\\\/\\\/gambling6.com\\\/wp-content\\\/uploads\\\/2022\\\/04\\\/2_ticket_euromillions-112x300.jpg\"},{\"@type\":\"BreadcrumbList\",\"@id\":\"https:\\\/\\\/gambling6.com\\\/de\\\/lotterie\\\/wie-kann-ich-von-auserhalb-europas-online-tickets-fur-die-euromillions-lotterie-kaufen\\\/#breadcrumb\",\"itemListElement\":[{\"@type\":\"ListItem\",\"position\":1,\"name\":\"Home\",\"item\":\"https:\\\/\\\/gambling6.com\\\/de\\\/home\\\/\"},{\"@type\":\"ListItem\",\"position\":2,\"name\":\"Lotterie\",\"item\":\"https:\\\/\\\/gambling6.com\\\/de\\\/lotterie\\\/\"},{\"@type\":\"ListItem\",\"position\":3,\"name\":\"Wie kann ich von au\u00dferhalb Europas Online-Tickets f\u00fcr die Euromillions-Lotterie kaufen?\"}]},{\"@type\":\"WebSite\",\"@id\":\"https:\\\/\\\/gambling6.com\\\/de\\\/#website\",\"url\":\"https:\\\/\\\/gambling6.com\\\/de\\\/\",\"name\":\"Gambling6\",\"description\":\"\",\"potentialAction\":[{\"@type\":\"SearchAction\",\"target\":{\"@type\":\"EntryPoint\",\"urlTemplate\":\"https:\\\/\\\/gambling6.com\\\/de\\\/?s={search_term_string}\"},\"query-input\":{\"@type\":\"PropertyValueSpecification\",\"valueRequired\":true,\"valueName\":\"search_term_string\"}}],\"inLanguage\":\"de\"}]}<\/script>\n<!-- \/ Yoast SEO plugin. -->","yoast_head_json":{"title":"Online-Tickets f\u00fcr die Euromillions-Lotterie kaufen","description":"Sichern Sie sich Ihre Online-Tickets f\u00fcr die gr\u00f6\u00dfte Lotterie Europas, Euromillions und Euromillions UK, bei einem vertrauensw\u00fcrdigen Anbieter wie RedFoxLotto.com.","robots":{"index":"index","follow":"follow","max-snippet":"max-snippet:-1","max-image-preview":"max-image-preview:large","max-video-preview":"max-video-preview:-1"},"canonical":"https:\/\/gambling6.com\/de\/lotterie\/wie-kann-ich-von-auserhalb-europas-online-tickets-fur-die-euromillions-lotterie-kaufen\/","og_locale":"de_DE","og_type":"article","og_title":"Online-Tickets f\u00fcr die Euromillions-Lotterie kaufen","og_description":"Sichern Sie sich Ihre Online-Tickets f\u00fcr die gr\u00f6\u00dfte Lotterie Europas, Euromillions und Euromillions UK, bei einem vertrauensw\u00fcrdigen Anbieter wie RedFoxLotto.com.","og_url":"https:\/\/gambling6.com\/de\/lotterie\/wie-kann-ich-von-auserhalb-europas-online-tickets-fur-die-euromillions-lotterie-kaufen\/","og_site_name":"Gambling6","article_modified_time":"2025-11-12T18:44:49+00:00","og_image":[{"width":200,"height":534,"url":"https:\/\/gambling6.com\/wp-content\/uploads\/2022\/04\/2_ticket_euromillions.jpg","type":"image\/jpeg"}],"twitter_card":"summary_large_image","twitter_misc":{"Gesch\u00e4tzte Lesezeit":"2\u00a0Minuten"},"schema":{"@context":"https:\/\/schema.org","@graph":[{"@type":"WebPage","@id":"https:\/\/gambling6.com\/de\/lotterie\/wie-kann-ich-von-auserhalb-europas-online-tickets-fur-die-euromillions-lotterie-kaufen\/","url":"https:\/\/gambling6.com\/de\/lotterie\/wie-kann-ich-von-auserhalb-europas-online-tickets-fur-die-euromillions-lotterie-kaufen\/","name":"Online-Tickets f\u00fcr die Euromillions-Lotterie kaufen","isPartOf":{"@id":"https:\/\/gambling6.com\/de\/#website"},"primaryImageOfPage":{"@id":"https:\/\/gambling6.com\/de\/lotterie\/wie-kann-ich-von-auserhalb-europas-online-tickets-fur-die-euromillions-lotterie-kaufen\/#primaryimage"},"image":{"@id":"https:\/\/gambling6.com\/de\/lotterie\/wie-kann-ich-von-auserhalb-europas-online-tickets-fur-die-euromillions-lotterie-kaufen\/#primaryimage"},"thumbnailUrl":"https:\/\/gambling6.com\/wp-content\/uploads\/2022\/04\/2_ticket_euromillions-112x300.jpg","datePublished":"2025-11-10T21:34:15+00:00","dateModified":"2025-11-12T18:44:49+00:00","description":"Sichern Sie sich Ihre Online-Tickets f\u00fcr die gr\u00f6\u00dfte Lotterie Europas, Euromillions und Euromillions UK, bei einem vertrauensw\u00fcrdigen Anbieter wie RedFoxLotto.com.","breadcrumb":{"@id":"https:\/\/gambling6.com\/de\/lotterie\/wie-kann-ich-von-auserhalb-europas-online-tickets-fur-die-euromillions-lotterie-kaufen\/#breadcrumb"},"inLanguage":"de","potentialAction":[{"@type":"ReadAction","target":["https:\/\/gambling6.com\/de\/lotterie\/wie-kann-ich-von-auserhalb-europas-online-tickets-fur-die-euromillions-lotterie-kaufen\/"]}]},{"@type":"ImageObject","inLanguage":"de","@id":"https:\/\/gambling6.com\/de\/lotterie\/wie-kann-ich-von-auserhalb-europas-online-tickets-fur-die-euromillions-lotterie-kaufen\/#primaryimage","url":"https:\/\/gambling6.com\/wp-content\/uploads\/2022\/04\/2_ticket_euromillions-112x300.jpg","contentUrl":"https:\/\/gambling6.com\/wp-content\/uploads\/2022\/04\/2_ticket_euromillions-112x300.jpg"},{"@type":"BreadcrumbList","@id":"https:\/\/gambling6.com\/de\/lotterie\/wie-kann-ich-von-auserhalb-europas-online-tickets-fur-die-euromillions-lotterie-kaufen\/#breadcrumb","itemListElement":[{"@type":"ListItem","position":1,"name":"Home","item":"https:\/\/gambling6.com\/de\/home\/"},{"@type":"ListItem","position":2,"name":"Lotterie","item":"https:\/\/gambling6.com\/de\/lotterie\/"},{"@type":"ListItem","position":3,"name":"Wie kann ich von au\u00dferhalb Europas Online-Tickets f\u00fcr die Euromillions-Lotterie kaufen?"}]},{"@type":"WebSite","@id":"https:\/\/gambling6.com\/de\/#website","url":"https:\/\/gambling6.com\/de\/","name":"Gambling6","description":"","potentialAction":[{"@type":"SearchAction","target":{"@type":"EntryPoint","urlTemplate":"https:\/\/gambling6.com\/de\/?s={search_term_string}"},"query-input":{"@type":"PropertyValueSpecification","valueRequired":true,"valueName":"search_term_string"}}],"inLanguage":"de"}]}},"_links":{"self":[{"href":"https:\/\/gambling6.com\/de\/wp-json\/wp\/v2\/pages\/9400","targetHints":{"allow":["GET"]}}],"collection":[{"href":"https:\/\/gambling6.com\/de\/wp-json\/wp\/v2\/pages"}],"about":[{"href":"https:\/\/gambling6.com\/de\/wp-json\/wp\/v2\/types\/page"}],"author":[{"embeddable":true,"href":"https:\/\/gambling6.com\/de\/wp-json\/wp\/v2\/users\/1"}],"replies":[{"embeddable":true,"href":"https:\/\/gambling6.com\/de\/wp-json\/wp\/v2\/comments?post=9400"}],"version-history":[{"count":1,"href":"https:\/\/gambling6.com\/de\/wp-json\/wp\/v2\/pages\/9400\/revisions"}],"predecessor-version":[{"id":10762,"href":"https:\/\/gambling6.com\/de\/wp-json\/wp\/v2\/pages\/9400\/revisions\/10762"}],"up":[{"embeddable":true,"href":"https:\/\/gambling6.com\/de\/wp-json\/wp\/v2\/pages\/9298"}],"wp:attachment":[{"href":"https:\/\/gambling6.com\/de\/wp-json\/wp\/v2\/media?parent=9400"}],"curies":[{"name":"wp","href":"https:\/\/api.w.org\/{rel}","templated":true}]}}