{"id":9424,"date":"2025-11-11T02:28:32","date_gmt":"2025-11-11T02:28:32","guid":{"rendered":"https:\/\/gambling6.com\/lotterie\/sichern-sie-sich-online-tickets-fur-die-new-yorker-lotterie\/"},"modified":"2025-11-11T02:28:32","modified_gmt":"2025-11-11T02:28:32","slug":"sichern-sie-sich-online-tickets-fur-die-new-yorker-lotterie","status":"publish","type":"page","link":"https:\/\/gambling6.com\/de\/lotterie\/sichern-sie-sich-online-tickets-fur-die-new-yorker-lotterie\/","title":{"rendered":"Sichern Sie sich online Tickets f\u00fcr die New Yorker Lotterie"},"content":{"rendered":"<h2>Die New York Lotterie online<\/h2>\n<p>Mit Jackpots, die bei 3 Millionen Dollar beginnen, wird die New York Lotto so gro\u00df wie die Stadt selbst, wenn der Ziehungstag kommt. Zur Information: Der Mindestjackpot ist deutlich h\u00f6her als bei den meisten anderen Lotterien, <strong>daher sollten Sie beim Entscheiden in Betracht ziehen, Online-Tickets f\u00fcr die New York Lotterie zu kaufen.<\/strong><\/p>\n<p>Wenn der Jackpot nicht gewonnen wird, k\u00f6nnen Sie mit \u00dcbertr\u00e4gen rechnen, die oft zehnstellige Betr\u00e4ge erreichen. Tats\u00e4chlich liegt der Rekordjackpot der New York Lotto bei 58 Millionen Dollar. <strong>Dank der M\u00f6glichkeit, Ihre Tickets online zu erwerben, k\u00f6nnten Sie an der n\u00e4chsten Rekordziehung teilnehmen.<\/strong><\/p>\n<h2>Die New York Lotto wird zweimal pro Woche gezogen.<\/h2>\n<p>Der Jackpot betr\u00e4gt immer Millionen von Dollar bei den zweimal w\u00f6chentlich in New York City stattfindenden Ziehungen. Es ist nur logisch, dass eine der gr\u00f6\u00dften St\u00e4dte der Welt eine Jackpot-Lotterie hat, die zu den gr\u00f6\u00dften weltweit geh\u00f6rt. Jede Woche stehen Millionen von New Yorkern Schlange, um Tickets f\u00fcr diese lebensver\u00e4ndernde Lotterie zu kaufen. <b>Sie m\u00fcssen jedoch nicht in der Schlange stehen, wenn Sie Ihre Tickets online kaufen k\u00f6nnen.<\/b><\/p>\n<p>Als eine der \u00e4ltesten Lotterien der USA, gegr\u00fcndet im Jahr 1967, hat die New York Lotterie fast 40 Milliarden Dollar f\u00fcr wohlt\u00e4tige Zwecke weltweit gesammelt. Im Jahr 2004 gewann ein einzelner Ticketinhaber 58 Millionen Dollar \u2013 damals einer der gr\u00f6\u00dften Lottogewinne in der Geschichte der USA.<\/p>\n<p>Die New York Lotterie ist einfach zu spielen. Dieses 6\/59-Lotto erfordert, dass Sie sechs Zahlen zwischen 1 und 59 sowie eine Bonuszahl ausw\u00e4hlen. <strong>Um den Jackpot zu gewinnen, m\u00fcssen Sie alle sechs Hauptzahlen treffen \u2013 die Gewinnchancen liegen bei etwa 1 zu 45 Millionen.<\/strong> Wenn Sie f\u00fcnf, vier oder drei Zahlen richtig tippen, k\u00f6nnen Sie an einer der f\u00fcnf Sekund\u00e4rpreise teilnehmen, die bei jeder Ziehung am Mittwoch und Samstag vergeben werden.<\/p>\n<p>Die New York Lotterie ist ein Spiel, das jeder spielen m\u00f6chte, und jetzt <span style=\"box-sizing: border-box; margin: 0px; padding: 0px;\">k\u00f6nnen Sie <a href=\"https:\/\/gambling6.com\/go\/redfoxlotto-en\/\" target=\"_blank\" rel=\"noopener\">Ihre Tickets online \u00fcber unseren Partner RedFoxLotto erwerben, indem Sie<\/a><\/span><a class=\"thirstylink\" title=\"RedFoxLotto en\" href=\"https:\/\/gambling6.com\/go\/redfoxlotto-en\/\" target=\"_blank\" rel=\"nofollow noopener\"> diesen Link verwenden.<\/a><\/p>\n<table style=\"width: 500px;\" border=\"1\" cellspacing=\"5\" cellpadding=\"5\" align=\"center\">\n<tbody>\n<tr>\n<td colspan=\"3\" align=\"center\">Top F\u00fcnf Jackpots im Jahr 2013<\/td>\n<\/tr>\n<tr>\n<td>Ziehung<\/td>\n<td align=\"center\">Datum<\/td>\n<td align=\"center\">Jackpot (USD)<\/td>\n<\/tr>\n<tr>\n<td>New York Lotto &#8211; USA<\/td>\n<td align=\"center\">10-Apr-13<\/td>\n<td align=\"right\">$26,500,000<\/td>\n<\/tr>\n<tr>\n<td>New York Lotto &#8211; USA<\/td>\n<td align=\"center\">29-Jun-13<\/td>\n<td align=\"right\">$10,700,000<\/td>\n<\/tr>\n<tr>\n<td>New York Lotto &#8211; USA<\/td>\n<td align=\"center\">4-Sep-13<\/td>\n<td align=\"right\">$7,100,000<\/td>\n<\/tr>\n<tr>\n<td>New York Lotto &#8211; USA<\/td>\n<td align=\"center\">6-Nov-13<\/td>\n<td align=\"right\">$6,200,000<\/td>\n<\/tr>\n<tr>\n<td>New York Lotto &#8211; USA<\/td>\n<td align=\"center\">23-Nov-13<\/td>\n<td align=\"right\">$3,200,000<\/td>\n<\/tr>\n<\/tbody>\n<\/table>\n<table style=\"width: 500px;\" border=\"1\" cellspacing=\"5\" cellpadding=\"5\" align=\"center\">\n<tbody>\n<tr>\n<td colspan=\"3\" align=\"center\">New York Lotto &#8211; USA Gewinnklassen<\/td>\n<\/tr>\n<tr>\n<td>Preis<\/td>\n<td align=\"center\">Treffer<\/td>\n<td align=\"center\">Gewinnchancen<\/td>\n<\/tr>\n<tr>\n<td>1. (Jackpot)<\/td>\n<td align=\"center\">6<\/td>\n<td align=\"right\">45,057,474 : 1<\/td>\n<\/tr>\n<tr>\n<td>2.<\/td>\n<td align=\"center\">5 + 1<\/td>\n<td align=\"right\">7,509,579 : 1<\/td>\n<\/tr>\n<tr>\n<td>3.<\/td>\n<td align=\"center\">5<\/td>\n<td align=\"right\">141,690 : 1<\/td>\n<\/tr>\n<tr>\n<td>4.<\/td>\n<td align=\"center\">4<\/td>\n<td align=\"right\">2,180 : 1<\/td>\n<\/tr>\n<tr>\n<td>5.<\/td>\n<td align=\"center\">3<\/td>\n<td align=\"right\">96 : 1<\/td>\n<\/tr>\n<\/tbody>\n<\/table>\n","protected":false},"excerpt":{"rendered":"<p>Die New York Lotterie online Mit Jackpots, die bei 3 Millionen Dollar beginnen, wird die New York Lotto so gro\u00df wie die Stadt selbst, wenn der Ziehungstag kommt. Zur Information: Der Mindestjackpot ist deutlich h\u00f6her als bei den meisten anderen Lotterien, daher sollten Sie beim Entscheiden in Betracht ziehen, Online-Tickets f\u00fcr die New York Lotterie [&hellip;]<\/p>\n","protected":false},"author":1,"featured_media":0,"parent":9298,"menu_order":12,"comment_status":"closed","ping_status":"closed","template":"","meta":{"footnotes":""},"class_list":["post-9424","page","type-page","status-publish","hentry"],"yoast_head":"<!-- This site is optimized with the Yoast SEO plugin v27.4 - https:\/\/yoast.com\/product\/yoast-seo-wordpress\/ -->\n<title>Kaufen Sie online Tickets f\u00fcr die New Yorker Lotterie.<\/title>\n<meta name=\"description\" content=\"Werden Sie im Handumdrehen Million\u00e4r, indem Sie Ihre Lottoscheine f\u00fcr New York online kaufen.\" \/>\n<meta name=\"robots\" content=\"index, follow, max-snippet:-1, max-image-preview:large, max-video-preview:-1\" \/>\n<link rel=\"canonical\" href=\"https:\/\/gambling6.com\/de\/lotterie\/sichern-sie-sich-online-tickets-fur-die-new-yorker-lotterie\/\" \/>\n<meta property=\"og:locale\" content=\"de_DE\" \/>\n<meta property=\"og:type\" content=\"article\" \/>\n<meta property=\"og:title\" content=\"Kaufen Sie online Tickets f\u00fcr die New Yorker Lotterie.\" \/>\n<meta property=\"og:description\" content=\"Werden Sie im Handumdrehen Million\u00e4r, indem Sie Ihre Lottoscheine f\u00fcr New York online kaufen.\" \/>\n<meta property=\"og:url\" content=\"https:\/\/gambling6.com\/de\/lotterie\/sichern-sie-sich-online-tickets-fur-die-new-yorker-lotterie\/\" \/>\n<meta property=\"og:site_name\" content=\"Gambling6\" \/>\n<meta name=\"twitter:card\" content=\"summary_large_image\" \/>\n<meta name=\"twitter:label1\" content=\"Gesch\u00e4tzte Lesezeit\" \/>\n\t<meta name=\"twitter:data1\" content=\"2\u00a0Minuten\" \/>\n<script type=\"application\/ld+json\" class=\"yoast-schema-graph\">{\"@context\":\"https:\\\/\\\/schema.org\",\"@graph\":[{\"@type\":\"WebPage\",\"@id\":\"https:\\\/\\\/gambling6.com\\\/de\\\/lotterie\\\/sichern-sie-sich-online-tickets-fur-die-new-yorker-lotterie\\\/\",\"url\":\"https:\\\/\\\/gambling6.com\\\/de\\\/lotterie\\\/sichern-sie-sich-online-tickets-fur-die-new-yorker-lotterie\\\/\",\"name\":\"Kaufen Sie online Tickets f\u00fcr die New Yorker Lotterie.\",\"isPartOf\":{\"@id\":\"https:\\\/\\\/gambling6.com\\\/de\\\/#website\"},\"datePublished\":\"2025-11-11T02:28:32+00:00\",\"description\":\"Werden Sie im Handumdrehen Million\u00e4r, indem Sie Ihre Lottoscheine f\u00fcr New York online kaufen.\",\"breadcrumb\":{\"@id\":\"https:\\\/\\\/gambling6.com\\\/de\\\/lotterie\\\/sichern-sie-sich-online-tickets-fur-die-new-yorker-lotterie\\\/#breadcrumb\"},\"inLanguage\":\"de\",\"potentialAction\":[{\"@type\":\"ReadAction\",\"target\":[\"https:\\\/\\\/gambling6.com\\\/de\\\/lotterie\\\/sichern-sie-sich-online-tickets-fur-die-new-yorker-lotterie\\\/\"]}]},{\"@type\":\"BreadcrumbList\",\"@id\":\"https:\\\/\\\/gambling6.com\\\/de\\\/lotterie\\\/sichern-sie-sich-online-tickets-fur-die-new-yorker-lotterie\\\/#breadcrumb\",\"itemListElement\":[{\"@type\":\"ListItem\",\"position\":1,\"name\":\"Home\",\"item\":\"https:\\\/\\\/gambling6.com\\\/de\\\/home\\\/\"},{\"@type\":\"ListItem\",\"position\":2,\"name\":\"Lotterie\",\"item\":\"https:\\\/\\\/gambling6.com\\\/de\\\/lotterie\\\/\"},{\"@type\":\"ListItem\",\"position\":3,\"name\":\"Sichern Sie sich online Tickets f\u00fcr die New Yorker Lotterie\"}]},{\"@type\":\"WebSite\",\"@id\":\"https:\\\/\\\/gambling6.com\\\/de\\\/#website\",\"url\":\"https:\\\/\\\/gambling6.com\\\/de\\\/\",\"name\":\"Gambling6\",\"description\":\"\",\"potentialAction\":[{\"@type\":\"SearchAction\",\"target\":{\"@type\":\"EntryPoint\",\"urlTemplate\":\"https:\\\/\\\/gambling6.com\\\/de\\\/?s={search_term_string}\"},\"query-input\":{\"@type\":\"PropertyValueSpecification\",\"valueRequired\":true,\"valueName\":\"search_term_string\"}}],\"inLanguage\":\"de\"}]}<\/script>\n<!-- \/ Yoast SEO plugin. -->","yoast_head_json":{"title":"Kaufen Sie online Tickets f\u00fcr die New Yorker Lotterie.","description":"Werden Sie im Handumdrehen Million\u00e4r, indem Sie Ihre Lottoscheine f\u00fcr New York online kaufen.","robots":{"index":"index","follow":"follow","max-snippet":"max-snippet:-1","max-image-preview":"max-image-preview:large","max-video-preview":"max-video-preview:-1"},"canonical":"https:\/\/gambling6.com\/de\/lotterie\/sichern-sie-sich-online-tickets-fur-die-new-yorker-lotterie\/","og_locale":"de_DE","og_type":"article","og_title":"Kaufen Sie online Tickets f\u00fcr die New Yorker Lotterie.","og_description":"Werden Sie im Handumdrehen Million\u00e4r, indem Sie Ihre Lottoscheine f\u00fcr New York online kaufen.","og_url":"https:\/\/gambling6.com\/de\/lotterie\/sichern-sie-sich-online-tickets-fur-die-new-yorker-lotterie\/","og_site_name":"Gambling6","twitter_card":"summary_large_image","twitter_misc":{"Gesch\u00e4tzte Lesezeit":"2\u00a0Minuten"},"schema":{"@context":"https:\/\/schema.org","@graph":[{"@type":"WebPage","@id":"https:\/\/gambling6.com\/de\/lotterie\/sichern-sie-sich-online-tickets-fur-die-new-yorker-lotterie\/","url":"https:\/\/gambling6.com\/de\/lotterie\/sichern-sie-sich-online-tickets-fur-die-new-yorker-lotterie\/","name":"Kaufen Sie online Tickets f\u00fcr die New Yorker Lotterie.","isPartOf":{"@id":"https:\/\/gambling6.com\/de\/#website"},"datePublished":"2025-11-11T02:28:32+00:00","description":"Werden Sie im Handumdrehen Million\u00e4r, indem Sie Ihre Lottoscheine f\u00fcr New York online kaufen.","breadcrumb":{"@id":"https:\/\/gambling6.com\/de\/lotterie\/sichern-sie-sich-online-tickets-fur-die-new-yorker-lotterie\/#breadcrumb"},"inLanguage":"de","potentialAction":[{"@type":"ReadAction","target":["https:\/\/gambling6.com\/de\/lotterie\/sichern-sie-sich-online-tickets-fur-die-new-yorker-lotterie\/"]}]},{"@type":"BreadcrumbList","@id":"https:\/\/gambling6.com\/de\/lotterie\/sichern-sie-sich-online-tickets-fur-die-new-yorker-lotterie\/#breadcrumb","itemListElement":[{"@type":"ListItem","position":1,"name":"Home","item":"https:\/\/gambling6.com\/de\/home\/"},{"@type":"ListItem","position":2,"name":"Lotterie","item":"https:\/\/gambling6.com\/de\/lotterie\/"},{"@type":"ListItem","position":3,"name":"Sichern Sie sich online Tickets f\u00fcr die New Yorker Lotterie"}]},{"@type":"WebSite","@id":"https:\/\/gambling6.com\/de\/#website","url":"https:\/\/gambling6.com\/de\/","name":"Gambling6","description":"","potentialAction":[{"@type":"SearchAction","target":{"@type":"EntryPoint","urlTemplate":"https:\/\/gambling6.com\/de\/?s={search_term_string}"},"query-input":{"@type":"PropertyValueSpecification","valueRequired":true,"valueName":"search_term_string"}}],"inLanguage":"de"}]}},"_links":{"self":[{"href":"https:\/\/gambling6.com\/de\/wp-json\/wp\/v2\/pages\/9424","targetHints":{"allow":["GET"]}}],"collection":[{"href":"https:\/\/gambling6.com\/de\/wp-json\/wp\/v2\/pages"}],"about":[{"href":"https:\/\/gambling6.com\/de\/wp-json\/wp\/v2\/types\/page"}],"author":[{"embeddable":true,"href":"https:\/\/gambling6.com\/de\/wp-json\/wp\/v2\/users\/1"}],"replies":[{"embeddable":true,"href":"https:\/\/gambling6.com\/de\/wp-json\/wp\/v2\/comments?post=9424"}],"version-history":[{"count":0,"href":"https:\/\/gambling6.com\/de\/wp-json\/wp\/v2\/pages\/9424\/revisions"}],"up":[{"embeddable":true,"href":"https:\/\/gambling6.com\/de\/wp-json\/wp\/v2\/pages\/9298"}],"wp:attachment":[{"href":"https:\/\/gambling6.com\/de\/wp-json\/wp\/v2\/media?parent=9424"}],"curies":[{"name":"wp","href":"https:\/\/api.w.org\/{rel}","templated":true}]}}