{"id":9447,"date":"2025-11-11T03:11:42","date_gmt":"2025-11-11T03:11:42","guid":{"rendered":"https:\/\/gambling6.com\/lotterie\/sichern-sie-sich-ihre-el-gordo-lotterielose-von-uberall-aus\/"},"modified":"2025-11-12T18:55:48","modified_gmt":"2025-11-12T18:55:48","slug":"sichern-sie-sich-ihre-el-gordo-lotterielose-von-uberall-aus","status":"publish","type":"page","link":"https:\/\/gambling6.com\/de\/lotterie\/sichern-sie-sich-ihre-el-gordo-lotterielose-von-uberall-aus\/","title":{"rendered":"Sichern Sie sich Ihre El Gordo Lotterielose von \u00fcberall aus"},"content":{"rendered":"<h2>Einfach online Tickets f\u00fcr die El Gordo-Lotterie kaufen.<\/h2>\n<p><img loading=\"lazy\" decoding=\"async\" class=\" wp-image-1569 alignright\" src=\"https:\/\/gambling6.com\/wp-content\/uploads\/2022\/04\/2_ticket_spanish_lottery.jpg\" alt=\"El Gordo-Los\" width=\"200\" height=\"274\" \/>In Europa ist die El Gordo-Lotterie riesig und wird von Menschen in Spanien und weltweit gespielt. Sie k\u00f6nnen mit einem Mindestjackpot von ca. 6,5 Millionen Euro pro Woche rechnen. Die Ziehung findet nur einmal w\u00f6chentlich, sonntags, statt, und die Spieler stehen jede Woche Schlange. Der Jackpot kann bis zu 26 Millionen Euro erreichen. Bei h\u00e4ufigen Preis\u00fcbertr\u00e4gen (kein Jackpot) kann er jedoch, wenn die \u00dcbertr\u00e4ge der Vorwochen ber\u00fccksichtigt werden, manchmal sogar bis zu 35 Millionen Euro betragen.<\/p>\n<h2>Europ\u00e4er kaufen w\u00f6chentlich online Lottoscheine.<\/h2>\n<p>Europa ist weiterhin eine wachsende Quelle f\u00fcr Lotterieeinnahmen; Jede Woche stehen Millionen von Spielern auf diesem Kontinent Schlange, um Lotto zu spielen. Um Ihre Online-Tickets f\u00fcr die El Gordo-Lotterie zu erhalten, besuchen Sie unseren Partner RedFoxLotto, loggen Sie sich in Ihr Konto ein und entscheiden Sie dann, ob Sie die Zufallszahlen (Quick Picks) nutzen oder Ihre eigenen Zahlen ausw\u00e4hlen m\u00f6chten. Wenn Sie Ihre eigenen Zahlen ausw\u00e4hlen, m\u00fcssen Sie f\u00fcnf Hauptzahlen und eine Bonuszahl w\u00e4hlen.<\/p>\n<p>Europ\u00e4er kaufen online Tickets f\u00fcr die Sonntagsziehung.<br \/>\nEl Gordo, auch bekannt als die spanische 6\/49-Lotterie, ist nicht mit der El Gordo Weihnachtslotterie zu verwechseln. Diese beliebte w\u00f6chentliche Lotterie wird sonntags gezogen. Beim Kauf von Online-Tickets f\u00fcr die El Gordo-Lotterie sollten Sie bedenken, dass die Gewinnchance bei 1 zu 10 liegt. Dies liegt daran, dass es neben dem Jackpot sieben verschiedene Gewinnklassen gibt.<\/p>\n<p>Monatlich werden Millionen f\u00fcr Lottoscheine ausgegeben.<br \/>\nDie Europ\u00e4er sind in den letzten Jahren regelrecht verr\u00fcckt nach Lottoscheinen geworden. Nach Nordamerika geben Europ\u00e4er j\u00e4hrlich Hunderte Millionen Dollar f\u00fcr Lottoscheine aus. Seitdem man Lottoscheine f\u00fcr Lotterien weltweit online kaufen kann, sind die Verkaufszahlen sprunghaft angestiegen. Wenn Sie Ihre Lose f\u00fcr die kommende El-Gordo-Lotterie erwerben m\u00f6chten, besuchen Sie einfach unseren Partner <a href=\"http:\/\/redfoxlotto.com\">RedFoxLotto<\/a>, registrieren Sie sich und vielleicht werden Sie \u00fcber Nacht zum Multimillion\u00e4r.<\/p>\n<table style=\"width: 500px;\" border=\"1\" cellspacing=\"5\" cellpadding=\"5\" align=\"center\">\n<tbody>\n<tr>\n<td colspan=\"3\" align=\"center\">Top-Jackpots 2013<\/td>\n<\/tr>\n<tr>\n<td>Ziehung<\/td>\n<td align=\"center\">Datum<\/td>\n<td align=\"center\">Jackpot (USD)<\/td>\n<\/tr>\n<tr>\n<td>El Gordo \u2013 Spanien<\/td>\n<td align=\"center\">13. Oktober 2013<\/td>\n<td align=\"right\">13.327.360 $<\/td>\n<\/tr>\n<tr>\n<td>El Gordo \u2013 Spanien<\/td>\n<td align=\"center\">4. August 2013<\/td>\n<td align=\"right\">10.275.000 $<\/td>\n<\/tr>\n<tr>\n<td>El Gordo &#8211; Spanien<\/td>\n<td align=\"center\">16. Juni 2013<\/td>\n<td align=\"right\">9.590.000 $<\/td>\n<\/tr>\n<tr>\n<td>El Gordo &#8211; Spanien<\/td>\n<td align=\"center\">23. Juni 2013<\/td>\n<td align=\"right\">6.850.000 $<\/td>\n<\/tr>\n<\/tbody>\n<\/table>\n<p>&nbsp;<\/p>\n<table style=\"width: 500px;\" border=\"1\" cellspacing=\"5\" cellpadding=\"5\" align=\"center\">\n<tbody>\n<tr>\n<td colspan=\"3\" align=\"center\">El Gordo Lotto &#8211; Spanische 6\/49 Gewinnklassen<\/td>\n<\/tr>\n<tr>\n<td>Gewinn<\/td>\n<td align=\"center\">Treffer<\/td>\n<td align=\"center\">Quote<\/td>\n<\/tr>\n<tr>\n<td>1. Gewinn (Jackpot)<\/td>\n<td align=\"center\">5 + 1<\/td>\n<td align=\"right\">31.625.100 : 1<\/td>\n<\/tr>\n<tr>\n<td>2. Gewinn<\/td>\n<td align=\"center\">5<\/td>\n<td align=\"right\">3.513.900 : 1<\/td>\n<\/tr>\n<tr>\n<td>3.<\/td>\n<td align=\"center\">4 + 1<\/td>\n<td align=\"right\">129.082 : 1<\/td>\n<\/tr>\n<tr>\n<td>4.<\/td>\n<td align=\"center\">4<\/td>\n<td align=\"right\">14.342 : 1<\/td>\n<\/tr>\n<tr>\n<td>5.<\/td>\n<td align=\"center\">3 + 1<\/td>\n<td align=\"right\">2.689 : 1<\/td>\n<\/tr>\n<tr>\n<td>6.<\/td>\n<td align=\"center\">3<\/td>\n<td align=\"right\">299 : 1<\/td>\n<\/tr>\n<tr>\n<td>7.<\/td>\n<td align=\"center\">2 + 1<\/td>\n<td align=\"right\">172 : 1<\/td>\n<\/tr>\n<tr>\n<td>8.<\/td>\n<td align=\"center\">2<\/td>\n<td align=\"right\">19 : 1<\/td>\n<\/tr>\n<tr>\n<td>9.<\/td>\n<td align=\"center\">0 + 1<\/td>\n<td align=\"right\">10 : 1<\/td>\n<\/tr>\n<\/tbody>\n<\/table>\n","protected":false},"excerpt":{"rendered":"<p>Einfach online Tickets f\u00fcr die El Gordo-Lotterie kaufen. In Europa ist die El Gordo-Lotterie riesig und wird von Menschen in Spanien und weltweit gespielt. Sie k\u00f6nnen mit einem Mindestjackpot von ca. 6,5 Millionen Euro pro Woche rechnen. Die Ziehung findet nur einmal w\u00f6chentlich, sonntags, statt, und die Spieler stehen jede Woche Schlange. Der Jackpot kann [&hellip;]<\/p>\n","protected":false},"author":1,"featured_media":0,"parent":9298,"menu_order":3,"comment_status":"closed","ping_status":"closed","template":"","meta":{"footnotes":""},"class_list":["post-9447","page","type-page","status-publish","hentry"],"yoast_head":"<!-- This site is optimized with the Yoast SEO plugin v27.4 - https:\/\/yoast.com\/product\/yoast-seo-wordpress\/ -->\n<title>Kaufen Sie online Tickets f\u00fcr die El Gordo Lotterie.<\/title>\n<meta name=\"description\" content=\"Werden Sie Million\u00e4r, indem Sie sich Ihre Online-Tickets f\u00fcr die El Gordo-Lotterie sichern.\" \/>\n<meta name=\"robots\" content=\"index, follow, max-snippet:-1, max-image-preview:large, max-video-preview:-1\" \/>\n<link rel=\"canonical\" href=\"https:\/\/gambling6.com\/de\/lotterie\/sichern-sie-sich-ihre-el-gordo-lotterielose-von-uberall-aus\/\" \/>\n<meta property=\"og:locale\" content=\"de_DE\" \/>\n<meta property=\"og:type\" content=\"article\" \/>\n<meta property=\"og:title\" content=\"Kaufen Sie online Tickets f\u00fcr die El Gordo Lotterie.\" \/>\n<meta property=\"og:description\" content=\"Werden Sie Million\u00e4r, indem Sie sich Ihre Online-Tickets f\u00fcr die El Gordo-Lotterie sichern.\" \/>\n<meta property=\"og:url\" content=\"https:\/\/gambling6.com\/de\/lotterie\/sichern-sie-sich-ihre-el-gordo-lotterielose-von-uberall-aus\/\" \/>\n<meta property=\"og:site_name\" content=\"Gambling6\" \/>\n<meta property=\"article:modified_time\" content=\"2025-11-12T18:55:48+00:00\" \/>\n<meta property=\"og:image\" content=\"https:\/\/gambling6.com\/wp-content\/uploads\/2022\/04\/2_ticket_spanish_lottery.jpg\" \/>\n\t<meta property=\"og:image:width\" content=\"219\" \/>\n\t<meta property=\"og:image:height\" content=\"300\" \/>\n\t<meta property=\"og:image:type\" content=\"image\/jpeg\" \/>\n<meta name=\"twitter:card\" content=\"summary_large_image\" \/>\n<meta name=\"twitter:label1\" content=\"Gesch\u00e4tzte Lesezeit\" \/>\n\t<meta name=\"twitter:data1\" content=\"2\u00a0Minuten\" \/>\n<script type=\"application\/ld+json\" class=\"yoast-schema-graph\">{\"@context\":\"https:\\\/\\\/schema.org\",\"@graph\":[{\"@type\":\"WebPage\",\"@id\":\"https:\\\/\\\/gambling6.com\\\/de\\\/lotterie\\\/sichern-sie-sich-ihre-el-gordo-lotterielose-von-uberall-aus\\\/\",\"url\":\"https:\\\/\\\/gambling6.com\\\/de\\\/lotterie\\\/sichern-sie-sich-ihre-el-gordo-lotterielose-von-uberall-aus\\\/\",\"name\":\"Kaufen Sie online Tickets f\u00fcr die El Gordo Lotterie.\",\"isPartOf\":{\"@id\":\"https:\\\/\\\/gambling6.com\\\/de\\\/#website\"},\"primaryImageOfPage\":{\"@id\":\"https:\\\/\\\/gambling6.com\\\/de\\\/lotterie\\\/sichern-sie-sich-ihre-el-gordo-lotterielose-von-uberall-aus\\\/#primaryimage\"},\"image\":{\"@id\":\"https:\\\/\\\/gambling6.com\\\/de\\\/lotterie\\\/sichern-sie-sich-ihre-el-gordo-lotterielose-von-uberall-aus\\\/#primaryimage\"},\"thumbnailUrl\":\"https:\\\/\\\/gambling6.com\\\/wp-content\\\/uploads\\\/2022\\\/04\\\/2_ticket_spanish_lottery.jpg\",\"datePublished\":\"2025-11-11T03:11:42+00:00\",\"dateModified\":\"2025-11-12T18:55:48+00:00\",\"description\":\"Werden Sie Million\u00e4r, indem Sie sich Ihre Online-Tickets f\u00fcr die El Gordo-Lotterie sichern.\",\"breadcrumb\":{\"@id\":\"https:\\\/\\\/gambling6.com\\\/de\\\/lotterie\\\/sichern-sie-sich-ihre-el-gordo-lotterielose-von-uberall-aus\\\/#breadcrumb\"},\"inLanguage\":\"de\",\"potentialAction\":[{\"@type\":\"ReadAction\",\"target\":[\"https:\\\/\\\/gambling6.com\\\/de\\\/lotterie\\\/sichern-sie-sich-ihre-el-gordo-lotterielose-von-uberall-aus\\\/\"]}]},{\"@type\":\"ImageObject\",\"inLanguage\":\"de\",\"@id\":\"https:\\\/\\\/gambling6.com\\\/de\\\/lotterie\\\/sichern-sie-sich-ihre-el-gordo-lotterielose-von-uberall-aus\\\/#primaryimage\",\"url\":\"https:\\\/\\\/gambling6.com\\\/wp-content\\\/uploads\\\/2022\\\/04\\\/2_ticket_spanish_lottery.jpg\",\"contentUrl\":\"https:\\\/\\\/gambling6.com\\\/wp-content\\\/uploads\\\/2022\\\/04\\\/2_ticket_spanish_lottery.jpg\"},{\"@type\":\"BreadcrumbList\",\"@id\":\"https:\\\/\\\/gambling6.com\\\/de\\\/lotterie\\\/sichern-sie-sich-ihre-el-gordo-lotterielose-von-uberall-aus\\\/#breadcrumb\",\"itemListElement\":[{\"@type\":\"ListItem\",\"position\":1,\"name\":\"Home\",\"item\":\"https:\\\/\\\/gambling6.com\\\/de\\\/home\\\/\"},{\"@type\":\"ListItem\",\"position\":2,\"name\":\"Lotterie\",\"item\":\"https:\\\/\\\/gambling6.com\\\/de\\\/lotterie\\\/\"},{\"@type\":\"ListItem\",\"position\":3,\"name\":\"Sichern Sie sich Ihre El Gordo Lotterielose von \u00fcberall aus\"}]},{\"@type\":\"WebSite\",\"@id\":\"https:\\\/\\\/gambling6.com\\\/de\\\/#website\",\"url\":\"https:\\\/\\\/gambling6.com\\\/de\\\/\",\"name\":\"Gambling6\",\"description\":\"\",\"potentialAction\":[{\"@type\":\"SearchAction\",\"target\":{\"@type\":\"EntryPoint\",\"urlTemplate\":\"https:\\\/\\\/gambling6.com\\\/de\\\/?s={search_term_string}\"},\"query-input\":{\"@type\":\"PropertyValueSpecification\",\"valueRequired\":true,\"valueName\":\"search_term_string\"}}],\"inLanguage\":\"de\"}]}<\/script>\n<!-- \/ Yoast SEO plugin. -->","yoast_head_json":{"title":"Kaufen Sie online Tickets f\u00fcr die El Gordo Lotterie.","description":"Werden Sie Million\u00e4r, indem Sie sich Ihre Online-Tickets f\u00fcr die El Gordo-Lotterie sichern.","robots":{"index":"index","follow":"follow","max-snippet":"max-snippet:-1","max-image-preview":"max-image-preview:large","max-video-preview":"max-video-preview:-1"},"canonical":"https:\/\/gambling6.com\/de\/lotterie\/sichern-sie-sich-ihre-el-gordo-lotterielose-von-uberall-aus\/","og_locale":"de_DE","og_type":"article","og_title":"Kaufen Sie online Tickets f\u00fcr die El Gordo Lotterie.","og_description":"Werden Sie Million\u00e4r, indem Sie sich Ihre Online-Tickets f\u00fcr die El Gordo-Lotterie sichern.","og_url":"https:\/\/gambling6.com\/de\/lotterie\/sichern-sie-sich-ihre-el-gordo-lotterielose-von-uberall-aus\/","og_site_name":"Gambling6","article_modified_time":"2025-11-12T18:55:48+00:00","og_image":[{"width":219,"height":300,"url":"https:\/\/gambling6.com\/wp-content\/uploads\/2022\/04\/2_ticket_spanish_lottery.jpg","type":"image\/jpeg"}],"twitter_card":"summary_large_image","twitter_misc":{"Gesch\u00e4tzte Lesezeit":"2\u00a0Minuten"},"schema":{"@context":"https:\/\/schema.org","@graph":[{"@type":"WebPage","@id":"https:\/\/gambling6.com\/de\/lotterie\/sichern-sie-sich-ihre-el-gordo-lotterielose-von-uberall-aus\/","url":"https:\/\/gambling6.com\/de\/lotterie\/sichern-sie-sich-ihre-el-gordo-lotterielose-von-uberall-aus\/","name":"Kaufen Sie online Tickets f\u00fcr die El Gordo Lotterie.","isPartOf":{"@id":"https:\/\/gambling6.com\/de\/#website"},"primaryImageOfPage":{"@id":"https:\/\/gambling6.com\/de\/lotterie\/sichern-sie-sich-ihre-el-gordo-lotterielose-von-uberall-aus\/#primaryimage"},"image":{"@id":"https:\/\/gambling6.com\/de\/lotterie\/sichern-sie-sich-ihre-el-gordo-lotterielose-von-uberall-aus\/#primaryimage"},"thumbnailUrl":"https:\/\/gambling6.com\/wp-content\/uploads\/2022\/04\/2_ticket_spanish_lottery.jpg","datePublished":"2025-11-11T03:11:42+00:00","dateModified":"2025-11-12T18:55:48+00:00","description":"Werden Sie Million\u00e4r, indem Sie sich Ihre Online-Tickets f\u00fcr die El Gordo-Lotterie sichern.","breadcrumb":{"@id":"https:\/\/gambling6.com\/de\/lotterie\/sichern-sie-sich-ihre-el-gordo-lotterielose-von-uberall-aus\/#breadcrumb"},"inLanguage":"de","potentialAction":[{"@type":"ReadAction","target":["https:\/\/gambling6.com\/de\/lotterie\/sichern-sie-sich-ihre-el-gordo-lotterielose-von-uberall-aus\/"]}]},{"@type":"ImageObject","inLanguage":"de","@id":"https:\/\/gambling6.com\/de\/lotterie\/sichern-sie-sich-ihre-el-gordo-lotterielose-von-uberall-aus\/#primaryimage","url":"https:\/\/gambling6.com\/wp-content\/uploads\/2022\/04\/2_ticket_spanish_lottery.jpg","contentUrl":"https:\/\/gambling6.com\/wp-content\/uploads\/2022\/04\/2_ticket_spanish_lottery.jpg"},{"@type":"BreadcrumbList","@id":"https:\/\/gambling6.com\/de\/lotterie\/sichern-sie-sich-ihre-el-gordo-lotterielose-von-uberall-aus\/#breadcrumb","itemListElement":[{"@type":"ListItem","position":1,"name":"Home","item":"https:\/\/gambling6.com\/de\/home\/"},{"@type":"ListItem","position":2,"name":"Lotterie","item":"https:\/\/gambling6.com\/de\/lotterie\/"},{"@type":"ListItem","position":3,"name":"Sichern Sie sich Ihre El Gordo Lotterielose von \u00fcberall aus"}]},{"@type":"WebSite","@id":"https:\/\/gambling6.com\/de\/#website","url":"https:\/\/gambling6.com\/de\/","name":"Gambling6","description":"","potentialAction":[{"@type":"SearchAction","target":{"@type":"EntryPoint","urlTemplate":"https:\/\/gambling6.com\/de\/?s={search_term_string}"},"query-input":{"@type":"PropertyValueSpecification","valueRequired":true,"valueName":"search_term_string"}}],"inLanguage":"de"}]}},"_links":{"self":[{"href":"https:\/\/gambling6.com\/de\/wp-json\/wp\/v2\/pages\/9447","targetHints":{"allow":["GET"]}}],"collection":[{"href":"https:\/\/gambling6.com\/de\/wp-json\/wp\/v2\/pages"}],"about":[{"href":"https:\/\/gambling6.com\/de\/wp-json\/wp\/v2\/types\/page"}],"author":[{"embeddable":true,"href":"https:\/\/gambling6.com\/de\/wp-json\/wp\/v2\/users\/1"}],"replies":[{"embeddable":true,"href":"https:\/\/gambling6.com\/de\/wp-json\/wp\/v2\/comments?post=9447"}],"version-history":[{"count":1,"href":"https:\/\/gambling6.com\/de\/wp-json\/wp\/v2\/pages\/9447\/revisions"}],"predecessor-version":[{"id":10784,"href":"https:\/\/gambling6.com\/de\/wp-json\/wp\/v2\/pages\/9447\/revisions\/10784"}],"up":[{"embeddable":true,"href":"https:\/\/gambling6.com\/de\/wp-json\/wp\/v2\/pages\/9298"}],"wp:attachment":[{"href":"https:\/\/gambling6.com\/de\/wp-json\/wp\/v2\/media?parent=9447"}],"curies":[{"name":"wp","href":"https:\/\/api.w.org\/{rel}","templated":true}]}}