{"id":9490,"date":"2025-11-11T03:25:17","date_gmt":"2025-11-11T03:25:17","guid":{"rendered":"https:\/\/gambling6.com\/lotterie\/nehmen-sie-an-der-kanadischen-6-49-lotterie-teil\/"},"modified":"2025-11-11T03:25:17","modified_gmt":"2025-11-11T03:25:17","slug":"nehmen-sie-an-der-kanadischen-6-49-lotterie-teil","status":"publish","type":"page","link":"https:\/\/gambling6.com\/de\/lotterie\/nehmen-sie-an-der-kanadischen-6-49-lotterie-teil\/","title":{"rendered":"Nehmen Sie an der kanadischen 6\/49-Lotterie teil"},"content":{"rendered":"<h2>Canada Lotto 6\/49<\/h2>\n<p>Seit 1982 gab es in Kanada im Winter zwei Dinge, die garantiert waren: Erstens, dass man die Hockey Night in Canada auf CBC sehen konnte. Zweitens, dass jemand beim Lotto 6\/49 zum Million\u00e4r werden w\u00fcrde. Auch heute noch ist die Ziehung am Samstagabend verl\u00e4sslich. Der gro\u00dfe Unterschied heute ist, dass Sie online Tickets f\u00fcr die kanadische Lotto 6\/49-Ziehung kaufen k\u00f6nnen. Nehmen Sie sich die Zeit, <a class=\"thirstylink\" title=\"Redfoxlotto\" href=\"https:\/\/gambling6.com\/go\/redfoxlotto\/\" target=\"_blank\" rel=\"nofollow noopener\">Ihre Tickets noch heute online bei unserem Partner RedFoxLotto.com zu kaufen.<\/a><img loading=\"lazy\" decoding=\"async\" class=\" alignright size-full wp-image-562\" style=\"margin: 10px; border: 5px solid #ffffff; float: right;\" src=\"http:\/\/gambling6.com\/wp-content\/uploads\/2013\/12\/get-online-649-lotto-tickets.png\" alt=\"Lotto 6\/49 Kanada\" width=\"300\" height=\"190\" \/><\/p>\n<p>Die Wahrscheinlichkeit, den Hauptgewinn im kanadischen Lotto 6\/49 zu gewinnen, liegt bei 1 zu 13.983.816. Die allgemeinen Gewinnchancen betragen etwa 1 zu 32. Um Online-Tickets zu erhalten, w\u00e4hlen Sie zun\u00e4chst sechs Hauptzahlen zwischen 1 und 49. <strong>Um einen Anteil am Jackpot zu gewinnen, m\u00fcssen alle sechs gezogenen Zahlen \u00fcbereinstimmen.<\/strong> F\u00fcr den zweiten Gewinn tippen Sie f\u00fcnf Hauptzahlen plus die Bonuszahl richtig. Die Ziehungen finden samstags und mittwochs abends gegen 19:10 Uhr EST (kanadische Ostk\u00fcstenzeit) statt. Es gibt sechs Gewinnklassen. Wird der Jackpot nicht geknackt, wird er in die n\u00e4chste Ziehung \u00fcbertragen, bis ein Gewinner feststeht.<\/p>\n<h2>Spielen Sie mit Online-Tickets f\u00fcr Lotto 6\/49 um riesige Jackpots<\/h2>\n<table style=\"width: 500px;\" border=\"1\" cellspacing=\"5\" cellpadding=\"5\" align=\"center\">\n<tbody>\n<tr>\n<td colspan=\"3\" align=\"center\">Die f\u00fcnf h\u00f6chsten Jackpots 2013<\/td>\n<\/tr>\n<tr>\n<td>Ziehung<\/td>\n<td align=\"center\">Datum<\/td>\n<td align=\"center\">Jackpot (USD)<\/td>\n<\/tr>\n<tr>\n<td>Lotto 6\/49 \u2013 Kanada<\/td>\n<td align=\"center\">13. April 2013<\/td>\n<td align=\"right\">58.974.913 $<\/td>\n<\/tr>\n<tr>\n<td>Lotto 6\/49 \u2013 Kanada<\/td>\n<td align=\"center\">12. Oktober 2013<\/td>\n<td align=\"right\">$37.200.000<\/td>\n<\/tr>\n<tr>\n<td>Lotto 6\/49 &#8211; Kanada<\/td>\n<td align=\"center\">30. Okt. 2013<\/td>\n<td align=\"right\">$18.807.390<\/td>\n<\/tr>\n<tr>\n<td>Lotto 6\/49 &#8211; Kanada<\/td>\n<td align=\"center\">6. Juli 2013<\/td>\n<td align=\"right\">$18.351.756<\/td>\n<\/tr>\n<tr>\n<td>Lotto 6\/49 &#8211; Kanada<\/td>\n<td align=\"center\">4. Dez. 2013<\/td>\n<td align=\"right\">$17.670.000<\/td>\n<\/tr>\n<\/tbody>\n<\/table>\n<h2>Viele Gewinnstufen Mit Online-Lottoscheinen gewinnen<\/h2>\n<p>Die M\u00f6glichkeit, in sieben verschiedenen Gewinnklassen zu gewinnen, er\u00f6ffnet Ihnen unz\u00e4hlige Gewinnchancen beim Online-Kauf von Lotto 6\/49-Scheinen. Viele vergessen tats\u00e4chlich die zus\u00e4tzlichen Gewinnstufen. \u00dcberpr\u00fcfen Sie Ihre Scheine daher unbedingt nach dem Kauf, um festzustellen, ob Sie gewonnen haben.<\/p>\n<p>Es kommt h\u00e4ufig vor, dass Menschen w\u00f6chentlich Scheine kaufen und dann nicht mehr nachsehen, ob sie gewonnen haben, nachdem sie erfahren haben, dass jemand anderes an einem anderen Ort den Jackpot geknackt hat. <b>So einfach wie der Kauf von Lotto 6\/49-Scheinen online ist, so einfach ist auch die Online-\u00dcberpr\u00fcfung Ihrer Scheine.<\/b> Es gibt zahlreiche Tools, mit denen Sie in verschiedenen Datenbanken der gro\u00dfen Lotterien weltweit suchen k\u00f6nnen.<\/p>\n<table style=\"width: 500px;\" border=\"1\" cellspacing=\"5\" cellpadding=\"5\" align=\"center\">\n<tbody>\n<tr>\n<td colspan=\"3\" align=\"center\">Lotto 6\/49 &#8211; Kanada Gewinnklassen<\/td>\n<\/tr>\n<tr>\n<td>Gewinn<\/td>\n<td align=\"center\">\u00dcbereinstimmungen<\/td>\n<td align=\"center\">Quoten<\/td>\n<\/tr>\n<tr>\n<td>1. Gewinn (Jackpot)<\/td>\n<td align=\"center\">6<\/td>\n<td align=\"right\">13.983.816 : 1<\/td>\n<\/tr>\n<tr>\n<td>2. Gewinn<\/td>\n<td align=\"center\">5 + 1<\/td>\n<td align=\"right\">2.330.636 : 1<\/td>\n<\/tr>\n<tr>\n<td>3.<\/td>\n<td align=\"center\">5<\/td>\n<td align=\"right\">55.492 : 1<\/td>\n<\/tr>\n<tr>\n<td>4.<\/td>\n<td align=\"center\">4<\/td>\n<td align=\"right\">1.033 : 1<\/td>\n<\/tr>\n<tr>\n<td>5.<\/td>\n<td align=\"center\">3<\/td>\n<td align=\"right\">57 : 1<\/td>\n<\/tr>\n<tr>\n<td>6.<\/td>\n<td align=\"center\">2 + 1<\/td>\n<td align=\"right\">81 : 1<\/td>\n<\/tr>\n<tr>\n<td>7.<\/td>\n<td align=\"center\">2<\/td>\n<td align=\"right\">8 : 1<\/td>\n<\/tr>\n<\/tbody>\n<\/table>\n<p style=\"text-align: center;\"><strong>Spielen Sie Kanadas Lotto 6\/49 online und genie\u00dfen Sie die Freiheit, die Ihnen ein Million\u00e4r bietet!<\/strong><\/p>\n","protected":false},"excerpt":{"rendered":"<p>Canada Lotto 6\/49 Seit 1982 gab es in Kanada im Winter zwei Dinge, die garantiert waren: Erstens, dass man die Hockey Night in Canada auf CBC sehen konnte. Zweitens, dass jemand beim Lotto 6\/49 zum Million\u00e4r werden w\u00fcrde. Auch heute noch ist die Ziehung am Samstagabend verl\u00e4sslich. Der gro\u00dfe Unterschied heute ist, dass Sie online [&hellip;]<\/p>\n","protected":false},"author":1,"featured_media":564,"parent":9298,"menu_order":5,"comment_status":"closed","ping_status":"closed","template":"","meta":{"footnotes":""},"class_list":["post-9490","page","type-page","status-publish","has-post-thumbnail","hentry"],"yoast_head":"<!-- This site is optimized with the Yoast SEO plugin v27.4 - https:\/\/yoast.com\/product\/yoast-seo-wordpress\/ -->\n<title>Sichern Sie sich online Tickets f\u00fcr die kanadische 6\/49-Lotterie.<\/title>\n<meta name=\"description\" content=\"In Kanada ist es jetzt ganz einfach, online Tickets f\u00fcr Lotto 6\/49 zu kaufen.\" \/>\n<meta name=\"robots\" content=\"index, follow, max-snippet:-1, max-image-preview:large, max-video-preview:-1\" \/>\n<link rel=\"canonical\" href=\"https:\/\/gambling6.com\/de\/lotterie\/nehmen-sie-an-der-kanadischen-6-49-lotterie-teil\/\" \/>\n<meta property=\"og:locale\" content=\"de_DE\" \/>\n<meta property=\"og:type\" content=\"article\" \/>\n<meta property=\"og:title\" content=\"Sichern Sie sich online Tickets f\u00fcr die kanadische 6\/49-Lotterie.\" \/>\n<meta property=\"og:description\" content=\"In Kanada ist es jetzt ganz einfach, online Tickets f\u00fcr Lotto 6\/49 zu kaufen.\" \/>\n<meta property=\"og:url\" content=\"https:\/\/gambling6.com\/de\/lotterie\/nehmen-sie-an-der-kanadischen-6-49-lotterie-teil\/\" \/>\n<meta property=\"og:site_name\" content=\"Gambling6\" \/>\n<meta property=\"og:image\" content=\"https:\/\/gambling6.com\/wp-content\/uploads\/2013\/12\/get-online-649-lotto-tickets.png\" \/>\n\t<meta property=\"og:image:width\" content=\"300\" \/>\n\t<meta property=\"og:image:height\" content=\"190\" \/>\n\t<meta property=\"og:image:type\" content=\"image\/png\" \/>\n<meta name=\"twitter:card\" content=\"summary_large_image\" \/>\n<meta name=\"twitter:label1\" content=\"Gesch\u00e4tzte Lesezeit\" \/>\n\t<meta name=\"twitter:data1\" content=\"2\u00a0Minuten\" \/>\n<script type=\"application\/ld+json\" class=\"yoast-schema-graph\">{\"@context\":\"https:\\\/\\\/schema.org\",\"@graph\":[{\"@type\":\"WebPage\",\"@id\":\"https:\\\/\\\/gambling6.com\\\/de\\\/lotterie\\\/nehmen-sie-an-der-kanadischen-6-49-lotterie-teil\\\/\",\"url\":\"https:\\\/\\\/gambling6.com\\\/de\\\/lotterie\\\/nehmen-sie-an-der-kanadischen-6-49-lotterie-teil\\\/\",\"name\":\"Sichern Sie sich online Tickets f\u00fcr die kanadische 6\\\/49-Lotterie.\",\"isPartOf\":{\"@id\":\"https:\\\/\\\/gambling6.com\\\/de\\\/#website\"},\"primaryImageOfPage\":{\"@id\":\"https:\\\/\\\/gambling6.com\\\/de\\\/lotterie\\\/nehmen-sie-an-der-kanadischen-6-49-lotterie-teil\\\/#primaryimage\"},\"image\":{\"@id\":\"https:\\\/\\\/gambling6.com\\\/de\\\/lotterie\\\/nehmen-sie-an-der-kanadischen-6-49-lotterie-teil\\\/#primaryimage\"},\"thumbnailUrl\":\"https:\\\/\\\/gambling6.com\\\/wp-content\\\/uploads\\\/2013\\\/12\\\/get-online-649-lotto-tickets.png\",\"datePublished\":\"2025-11-11T03:25:17+00:00\",\"description\":\"In Kanada ist es jetzt ganz einfach, online Tickets f\u00fcr Lotto 6\\\/49 zu kaufen.\",\"breadcrumb\":{\"@id\":\"https:\\\/\\\/gambling6.com\\\/de\\\/lotterie\\\/nehmen-sie-an-der-kanadischen-6-49-lotterie-teil\\\/#breadcrumb\"},\"inLanguage\":\"de\",\"potentialAction\":[{\"@type\":\"ReadAction\",\"target\":[\"https:\\\/\\\/gambling6.com\\\/de\\\/lotterie\\\/nehmen-sie-an-der-kanadischen-6-49-lotterie-teil\\\/\"]}]},{\"@type\":\"ImageObject\",\"inLanguage\":\"de\",\"@id\":\"https:\\\/\\\/gambling6.com\\\/de\\\/lotterie\\\/nehmen-sie-an-der-kanadischen-6-49-lotterie-teil\\\/#primaryimage\",\"url\":\"https:\\\/\\\/gambling6.com\\\/wp-content\\\/uploads\\\/2013\\\/12\\\/get-online-649-lotto-tickets.png\",\"contentUrl\":\"https:\\\/\\\/gambling6.com\\\/wp-content\\\/uploads\\\/2013\\\/12\\\/get-online-649-lotto-tickets.png\",\"width\":300,\"height\":190},{\"@type\":\"BreadcrumbList\",\"@id\":\"https:\\\/\\\/gambling6.com\\\/de\\\/lotterie\\\/nehmen-sie-an-der-kanadischen-6-49-lotterie-teil\\\/#breadcrumb\",\"itemListElement\":[{\"@type\":\"ListItem\",\"position\":1,\"name\":\"Home\",\"item\":\"https:\\\/\\\/gambling6.com\\\/de\\\/home\\\/\"},{\"@type\":\"ListItem\",\"position\":2,\"name\":\"Lotterie\",\"item\":\"https:\\\/\\\/gambling6.com\\\/de\\\/lotterie\\\/\"},{\"@type\":\"ListItem\",\"position\":3,\"name\":\"Nehmen Sie an der kanadischen 6\\\/49-Lotterie teil\"}]},{\"@type\":\"WebSite\",\"@id\":\"https:\\\/\\\/gambling6.com\\\/de\\\/#website\",\"url\":\"https:\\\/\\\/gambling6.com\\\/de\\\/\",\"name\":\"Gambling6\",\"description\":\"\",\"potentialAction\":[{\"@type\":\"SearchAction\",\"target\":{\"@type\":\"EntryPoint\",\"urlTemplate\":\"https:\\\/\\\/gambling6.com\\\/de\\\/?s={search_term_string}\"},\"query-input\":{\"@type\":\"PropertyValueSpecification\",\"valueRequired\":true,\"valueName\":\"search_term_string\"}}],\"inLanguage\":\"de\"}]}<\/script>\n<!-- \/ Yoast SEO plugin. -->","yoast_head_json":{"title":"Sichern Sie sich online Tickets f\u00fcr die kanadische 6\/49-Lotterie.","description":"In Kanada ist es jetzt ganz einfach, online Tickets f\u00fcr Lotto 6\/49 zu kaufen.","robots":{"index":"index","follow":"follow","max-snippet":"max-snippet:-1","max-image-preview":"max-image-preview:large","max-video-preview":"max-video-preview:-1"},"canonical":"https:\/\/gambling6.com\/de\/lotterie\/nehmen-sie-an-der-kanadischen-6-49-lotterie-teil\/","og_locale":"de_DE","og_type":"article","og_title":"Sichern Sie sich online Tickets f\u00fcr die kanadische 6\/49-Lotterie.","og_description":"In Kanada ist es jetzt ganz einfach, online Tickets f\u00fcr Lotto 6\/49 zu kaufen.","og_url":"https:\/\/gambling6.com\/de\/lotterie\/nehmen-sie-an-der-kanadischen-6-49-lotterie-teil\/","og_site_name":"Gambling6","og_image":[{"width":300,"height":190,"url":"https:\/\/gambling6.com\/wp-content\/uploads\/2013\/12\/get-online-649-lotto-tickets.png","type":"image\/png"}],"twitter_card":"summary_large_image","twitter_misc":{"Gesch\u00e4tzte Lesezeit":"2\u00a0Minuten"},"schema":{"@context":"https:\/\/schema.org","@graph":[{"@type":"WebPage","@id":"https:\/\/gambling6.com\/de\/lotterie\/nehmen-sie-an-der-kanadischen-6-49-lotterie-teil\/","url":"https:\/\/gambling6.com\/de\/lotterie\/nehmen-sie-an-der-kanadischen-6-49-lotterie-teil\/","name":"Sichern Sie sich online Tickets f\u00fcr die kanadische 6\/49-Lotterie.","isPartOf":{"@id":"https:\/\/gambling6.com\/de\/#website"},"primaryImageOfPage":{"@id":"https:\/\/gambling6.com\/de\/lotterie\/nehmen-sie-an-der-kanadischen-6-49-lotterie-teil\/#primaryimage"},"image":{"@id":"https:\/\/gambling6.com\/de\/lotterie\/nehmen-sie-an-der-kanadischen-6-49-lotterie-teil\/#primaryimage"},"thumbnailUrl":"https:\/\/gambling6.com\/wp-content\/uploads\/2013\/12\/get-online-649-lotto-tickets.png","datePublished":"2025-11-11T03:25:17+00:00","description":"In Kanada ist es jetzt ganz einfach, online Tickets f\u00fcr Lotto 6\/49 zu kaufen.","breadcrumb":{"@id":"https:\/\/gambling6.com\/de\/lotterie\/nehmen-sie-an-der-kanadischen-6-49-lotterie-teil\/#breadcrumb"},"inLanguage":"de","potentialAction":[{"@type":"ReadAction","target":["https:\/\/gambling6.com\/de\/lotterie\/nehmen-sie-an-der-kanadischen-6-49-lotterie-teil\/"]}]},{"@type":"ImageObject","inLanguage":"de","@id":"https:\/\/gambling6.com\/de\/lotterie\/nehmen-sie-an-der-kanadischen-6-49-lotterie-teil\/#primaryimage","url":"https:\/\/gambling6.com\/wp-content\/uploads\/2013\/12\/get-online-649-lotto-tickets.png","contentUrl":"https:\/\/gambling6.com\/wp-content\/uploads\/2013\/12\/get-online-649-lotto-tickets.png","width":300,"height":190},{"@type":"BreadcrumbList","@id":"https:\/\/gambling6.com\/de\/lotterie\/nehmen-sie-an-der-kanadischen-6-49-lotterie-teil\/#breadcrumb","itemListElement":[{"@type":"ListItem","position":1,"name":"Home","item":"https:\/\/gambling6.com\/de\/home\/"},{"@type":"ListItem","position":2,"name":"Lotterie","item":"https:\/\/gambling6.com\/de\/lotterie\/"},{"@type":"ListItem","position":3,"name":"Nehmen Sie an der kanadischen 6\/49-Lotterie teil"}]},{"@type":"WebSite","@id":"https:\/\/gambling6.com\/de\/#website","url":"https:\/\/gambling6.com\/de\/","name":"Gambling6","description":"","potentialAction":[{"@type":"SearchAction","target":{"@type":"EntryPoint","urlTemplate":"https:\/\/gambling6.com\/de\/?s={search_term_string}"},"query-input":{"@type":"PropertyValueSpecification","valueRequired":true,"valueName":"search_term_string"}}],"inLanguage":"de"}]}},"_links":{"self":[{"href":"https:\/\/gambling6.com\/de\/wp-json\/wp\/v2\/pages\/9490","targetHints":{"allow":["GET"]}}],"collection":[{"href":"https:\/\/gambling6.com\/de\/wp-json\/wp\/v2\/pages"}],"about":[{"href":"https:\/\/gambling6.com\/de\/wp-json\/wp\/v2\/types\/page"}],"author":[{"embeddable":true,"href":"https:\/\/gambling6.com\/de\/wp-json\/wp\/v2\/users\/1"}],"replies":[{"embeddable":true,"href":"https:\/\/gambling6.com\/de\/wp-json\/wp\/v2\/comments?post=9490"}],"version-history":[{"count":0,"href":"https:\/\/gambling6.com\/de\/wp-json\/wp\/v2\/pages\/9490\/revisions"}],"up":[{"embeddable":true,"href":"https:\/\/gambling6.com\/de\/wp-json\/wp\/v2\/pages\/9298"}],"wp:featuredmedia":[{"embeddable":true,"href":"https:\/\/gambling6.com\/de\/wp-json\/wp\/v2\/media\/564"}],"wp:attachment":[{"href":"https:\/\/gambling6.com\/de\/wp-json\/wp\/v2\/media?parent=9490"}],"curies":[{"name":"wp","href":"https:\/\/api.w.org\/{rel}","templated":true}]}}