{"id":9508,"date":"2025-11-11T04:07:04","date_gmt":"2025-11-11T04:07:04","guid":{"rendered":"https:\/\/gambling6.com\/lotterie\/kaufen-sie-online-tickets-fur-die-florida-lotterie\/"},"modified":"2025-11-11T04:07:04","modified_gmt":"2025-11-11T04:07:04","slug":"kaufen-sie-online-tickets-fur-die-florida-lotterie","status":"publish","type":"page","link":"https:\/\/gambling6.com\/de\/lotterie\/kaufen-sie-online-tickets-fur-die-florida-lotterie\/","title":{"rendered":"Kaufen Sie online Tickets f\u00fcr die Florida-Lotterie."},"content":{"rendered":"<h2>Florida Lotto<\/h2>\n<p>Der hei\u00dfe Staat, die hei\u00dfe Lotterie! Die Einwohner Floridas sind sich einig: Ihre Lotterie ist jeden Mittwoch und Samstag ein absolutes Muss. Mit Jackpots ab 2 Millionen Dollar, die oft 10 Millionen und mehr \u00fcbersteigen, ist die Florida Lotto bei Rentnern, die den Winter in Florida verbringen, und Online-Lotto-Fans unglaublich beliebt. <strong>Online-Tickets f\u00fcr die Florida Lotto zu kaufen ist einfacher, als extra nach Florida zu reisen.<\/strong><\/p>\n<p>Die Gewinnchance auf den Jackpot liegt zwar bei 1 zu 22.957.480, aber <strong>Sie haben eine Chance von mehr als 1 zu 67, einen der Preise in den vier Gewinnklassen zu gewinnen.<\/strong> Da es nur vier Gewinnklassen gibt, sind die Geldbetr\u00e4ge h\u00f6her als bei den meisten anderen Lotterien. Dennoch ist ein Jackpot-Gewinn nicht ausgeschlossen. Der Rekordjackpot lag bei \u00fcber 106 Millionen Dollar; zum Zeitpunkt seines Gewinns war dies einer der gr\u00f6\u00dften Jackpots in der amerikanischen Geschichte.<\/p>\n<h2>Florida Lotto f\u00f6rdert Bildung<\/h2>\n<p>1988 wurde die Florida Lotto gegr\u00fcndet, um die Bildung im US-Bundesstaat Florida zu unterst\u00fctzen. Seitdem wurden betr\u00e4chtliche Summen f\u00fcr diesen Zweck gesammelt, und dank des Online-Verkaufs sind die Jackpots der Florida Lotto rasant gestiegen. Dies beweist der Rekordjackpot von 106 Millionen US-Dollar im Jahr 1990. <strong>Dieser Rekordjackpot wurde von sechs verschiedenen Gewinnern abger\u00e4umt, die alle die richtigen Zahlen auf ihrem Lottoschein hatten.<\/strong><\/p>\n<p>Um an dieser Lotterie teilzunehmen, w\u00e4hlen Sie sechs Zahlen zwischen 1 und 53. Um den Jackpot zu gewinnen, m\u00fcssen Sie lediglich alle sechs Zahlen richtig tippen. Wird der Jackpot nicht abgeholt, wird er in die n\u00e4chste Ziehung \u00fcbertragen. Als Online-Spieler haben Sie die Chance, in vier verschiedenen Gewinnklassen hohe Summen zu gewinnen.<\/p>\n<p>Vielleicht vertragen Sie das hei\u00dfe Klima Floridas nicht. Dennoch k\u00f6nnen Sie nat\u00fcrlich <a class=\"thirstylink\" title=\"TheLotter en\" href=\"https:\/\/gambling6.com\/go\/thelotter-en\/\" target=\"_blank\" rel=\"nofollow noopener\"><strong>die M\u00f6glichkeit nutzen, Ihre Online-Tickets f\u00fcr die Florida Lotto bei unserem Partner TheLotter zu erwerben<\/strong>.<\/a><\/p>\n<p>&nbsp;<\/p>\n<table style=\"width: 500px;\" border=\"1\" cellspacing=\"5\" cellpadding=\"5\" align=\"center\">\n<tbody>\n<tr>\n<td colspan=\"3\" align=\"center\">Top-Jackpots 2013<\/td>\n<\/tr>\n<tr>\n<td>Ziehung<\/td>\n<td align=\"center\">Datum<\/td>\n<td align=\"center\">Jackpot (USD)<\/td>\n<\/tr>\n<tr>\n<td>Florida Lotto &#8211; USA<\/td>\n<td align=\"center\">24.08.2013<\/td>\n<td align=\"right\">58.000.000 $<\/td>\n<\/tr>\n<tr>\n<td>Florida Lotto &#8211; USA<\/td>\n<td align=\"center\">18.12.2013<\/td>\n<td align=\"right\">$46.000.000<\/td>\n<\/tr>\n<\/tbody>\n<\/table>\n<p>&nbsp;<\/p>\n<table style=\"width: 500px;\" border=\"1\" cellspacing=\"5\" cellpadding=\"5\" align=\"center\">\n<tbody>\n<tr>\n<td colspan=\"3\" align=\"center\">Florida Lotto \u2013 USA Gewinnklassen<\/td>\n<\/tr>\n<tr>\n<td>Gewinn<\/td>\n<td align=\"center\">\u00dcbereinstimmungen<\/td>\n<td align=\"center\">Quoten<\/td>\n<\/tr>\n<tr>\n<td>1. Gewinn (Jackpot)<\/td>\n<td align=\"center\">6<\/td>\n<td align=\"right\">22.957.480 : 1<\/td>\n<\/tr>\n<tr>\n<td>2. Gewinn<\/td>\n<td align=\"center\">5<\/td>\n<td align=\"right\">81.410 : 1<\/td>\n<\/tr>\n<tr>\n<td>3. Gewinn<\/td>\n<td align=\"center\">4<\/td>\n<td align=\"right\">1.416 : 1<\/td>\n<\/tr>\n<tr>\n<td>4.<\/td>\n<td align=\"center\">3<\/td>\n<td align=\"right\">71 : 1<\/td>\n<\/tr>\n<\/tbody>\n<\/table>\n","protected":false},"excerpt":{"rendered":"<p>Florida Lotto Der hei\u00dfe Staat, die hei\u00dfe Lotterie! Die Einwohner Floridas sind sich einig: Ihre Lotterie ist jeden Mittwoch und Samstag ein absolutes Muss. Mit Jackpots ab 2 Millionen Dollar, die oft 10 Millionen und mehr \u00fcbersteigen, ist die Florida Lotto bei Rentnern, die den Winter in Florida verbringen, und Online-Lotto-Fans unglaublich beliebt. Online-Tickets f\u00fcr [&hellip;]<\/p>\n","protected":false},"author":1,"featured_media":0,"parent":9298,"menu_order":11,"comment_status":"closed","ping_status":"closed","template":"","meta":{"footnotes":""},"class_list":["post-9508","page","type-page","status-publish","hentry"],"yoast_head":"<!-- This site is optimized with the Yoast SEO plugin v27.3 - https:\/\/yoast.com\/product\/yoast-seo-wordpress\/ -->\n<title>Online-Tickets f\u00fcr die Florida-Lotterie kaufen<\/title>\n<meta name=\"description\" content=\"Nehmen Sie an der Florida Lotto teil und trotzen Sie der Hitze, indem Sie Ihre Tickets online kaufen.\" \/>\n<meta name=\"robots\" content=\"index, follow, max-snippet:-1, max-image-preview:large, max-video-preview:-1\" \/>\n<link rel=\"canonical\" href=\"https:\/\/gambling6.com\/de\/lotterie\/kaufen-sie-online-tickets-fur-die-florida-lotterie\/\" \/>\n<meta property=\"og:locale\" content=\"de_DE\" \/>\n<meta property=\"og:type\" content=\"article\" \/>\n<meta property=\"og:title\" content=\"Online-Tickets f\u00fcr die Florida-Lotterie kaufen\" \/>\n<meta property=\"og:description\" content=\"Nehmen Sie an der Florida Lotto teil und trotzen Sie der Hitze, indem Sie Ihre Tickets online kaufen.\" \/>\n<meta property=\"og:url\" content=\"https:\/\/gambling6.com\/de\/lotterie\/kaufen-sie-online-tickets-fur-die-florida-lotterie\/\" \/>\n<meta property=\"og:site_name\" content=\"Gambling6\" \/>\n<meta name=\"twitter:card\" content=\"summary_large_image\" \/>\n<meta name=\"twitter:label1\" content=\"Gesch\u00e4tzte Lesezeit\" \/>\n\t<meta name=\"twitter:data1\" content=\"2\u00a0Minuten\" \/>\n<script type=\"application\/ld+json\" class=\"yoast-schema-graph\">{\"@context\":\"https:\\\/\\\/schema.org\",\"@graph\":[{\"@type\":\"WebPage\",\"@id\":\"https:\\\/\\\/gambling6.com\\\/de\\\/lotterie\\\/kaufen-sie-online-tickets-fur-die-florida-lotterie\\\/\",\"url\":\"https:\\\/\\\/gambling6.com\\\/de\\\/lotterie\\\/kaufen-sie-online-tickets-fur-die-florida-lotterie\\\/\",\"name\":\"Online-Tickets f\u00fcr die Florida-Lotterie kaufen\",\"isPartOf\":{\"@id\":\"https:\\\/\\\/gambling6.com\\\/de\\\/#website\"},\"datePublished\":\"2025-11-11T04:07:04+00:00\",\"description\":\"Nehmen Sie an der Florida Lotto teil und trotzen Sie der Hitze, indem Sie Ihre Tickets online kaufen.\",\"breadcrumb\":{\"@id\":\"https:\\\/\\\/gambling6.com\\\/de\\\/lotterie\\\/kaufen-sie-online-tickets-fur-die-florida-lotterie\\\/#breadcrumb\"},\"inLanguage\":\"de\",\"potentialAction\":[{\"@type\":\"ReadAction\",\"target\":[\"https:\\\/\\\/gambling6.com\\\/de\\\/lotterie\\\/kaufen-sie-online-tickets-fur-die-florida-lotterie\\\/\"]}]},{\"@type\":\"BreadcrumbList\",\"@id\":\"https:\\\/\\\/gambling6.com\\\/de\\\/lotterie\\\/kaufen-sie-online-tickets-fur-die-florida-lotterie\\\/#breadcrumb\",\"itemListElement\":[{\"@type\":\"ListItem\",\"position\":1,\"name\":\"Home\",\"item\":\"https:\\\/\\\/gambling6.com\\\/de\\\/home\\\/\"},{\"@type\":\"ListItem\",\"position\":2,\"name\":\"Lotterie\",\"item\":\"https:\\\/\\\/gambling6.com\\\/de\\\/lotterie\\\/\"},{\"@type\":\"ListItem\",\"position\":3,\"name\":\"Kaufen Sie online Tickets f\u00fcr die Florida-Lotterie.\"}]},{\"@type\":\"WebSite\",\"@id\":\"https:\\\/\\\/gambling6.com\\\/de\\\/#website\",\"url\":\"https:\\\/\\\/gambling6.com\\\/de\\\/\",\"name\":\"Gambling6\",\"description\":\"\",\"potentialAction\":[{\"@type\":\"SearchAction\",\"target\":{\"@type\":\"EntryPoint\",\"urlTemplate\":\"https:\\\/\\\/gambling6.com\\\/de\\\/?s={search_term_string}\"},\"query-input\":{\"@type\":\"PropertyValueSpecification\",\"valueRequired\":true,\"valueName\":\"search_term_string\"}}],\"inLanguage\":\"de\"}]}<\/script>\n<!-- \/ Yoast SEO plugin. -->","yoast_head_json":{"title":"Online-Tickets f\u00fcr die Florida-Lotterie kaufen","description":"Nehmen Sie an der Florida Lotto teil und trotzen Sie der Hitze, indem Sie Ihre Tickets online kaufen.","robots":{"index":"index","follow":"follow","max-snippet":"max-snippet:-1","max-image-preview":"max-image-preview:large","max-video-preview":"max-video-preview:-1"},"canonical":"https:\/\/gambling6.com\/de\/lotterie\/kaufen-sie-online-tickets-fur-die-florida-lotterie\/","og_locale":"de_DE","og_type":"article","og_title":"Online-Tickets f\u00fcr die Florida-Lotterie kaufen","og_description":"Nehmen Sie an der Florida Lotto teil und trotzen Sie der Hitze, indem Sie Ihre Tickets online kaufen.","og_url":"https:\/\/gambling6.com\/de\/lotterie\/kaufen-sie-online-tickets-fur-die-florida-lotterie\/","og_site_name":"Gambling6","twitter_card":"summary_large_image","twitter_misc":{"Gesch\u00e4tzte Lesezeit":"2\u00a0Minuten"},"schema":{"@context":"https:\/\/schema.org","@graph":[{"@type":"WebPage","@id":"https:\/\/gambling6.com\/de\/lotterie\/kaufen-sie-online-tickets-fur-die-florida-lotterie\/","url":"https:\/\/gambling6.com\/de\/lotterie\/kaufen-sie-online-tickets-fur-die-florida-lotterie\/","name":"Online-Tickets f\u00fcr die Florida-Lotterie kaufen","isPartOf":{"@id":"https:\/\/gambling6.com\/de\/#website"},"datePublished":"2025-11-11T04:07:04+00:00","description":"Nehmen Sie an der Florida Lotto teil und trotzen Sie der Hitze, indem Sie Ihre Tickets online kaufen.","breadcrumb":{"@id":"https:\/\/gambling6.com\/de\/lotterie\/kaufen-sie-online-tickets-fur-die-florida-lotterie\/#breadcrumb"},"inLanguage":"de","potentialAction":[{"@type":"ReadAction","target":["https:\/\/gambling6.com\/de\/lotterie\/kaufen-sie-online-tickets-fur-die-florida-lotterie\/"]}]},{"@type":"BreadcrumbList","@id":"https:\/\/gambling6.com\/de\/lotterie\/kaufen-sie-online-tickets-fur-die-florida-lotterie\/#breadcrumb","itemListElement":[{"@type":"ListItem","position":1,"name":"Home","item":"https:\/\/gambling6.com\/de\/home\/"},{"@type":"ListItem","position":2,"name":"Lotterie","item":"https:\/\/gambling6.com\/de\/lotterie\/"},{"@type":"ListItem","position":3,"name":"Kaufen Sie online Tickets f\u00fcr die Florida-Lotterie."}]},{"@type":"WebSite","@id":"https:\/\/gambling6.com\/de\/#website","url":"https:\/\/gambling6.com\/de\/","name":"Gambling6","description":"","potentialAction":[{"@type":"SearchAction","target":{"@type":"EntryPoint","urlTemplate":"https:\/\/gambling6.com\/de\/?s={search_term_string}"},"query-input":{"@type":"PropertyValueSpecification","valueRequired":true,"valueName":"search_term_string"}}],"inLanguage":"de"}]}},"_links":{"self":[{"href":"https:\/\/gambling6.com\/de\/wp-json\/wp\/v2\/pages\/9508","targetHints":{"allow":["GET"]}}],"collection":[{"href":"https:\/\/gambling6.com\/de\/wp-json\/wp\/v2\/pages"}],"about":[{"href":"https:\/\/gambling6.com\/de\/wp-json\/wp\/v2\/types\/page"}],"author":[{"embeddable":true,"href":"https:\/\/gambling6.com\/de\/wp-json\/wp\/v2\/users\/1"}],"replies":[{"embeddable":true,"href":"https:\/\/gambling6.com\/de\/wp-json\/wp\/v2\/comments?post=9508"}],"version-history":[{"count":0,"href":"https:\/\/gambling6.com\/de\/wp-json\/wp\/v2\/pages\/9508\/revisions"}],"up":[{"embeddable":true,"href":"https:\/\/gambling6.com\/de\/wp-json\/wp\/v2\/pages\/9298"}],"wp:attachment":[{"href":"https:\/\/gambling6.com\/de\/wp-json\/wp\/v2\/media?parent=9508"}],"curies":[{"name":"wp","href":"https:\/\/api.w.org\/{rel}","templated":true}]}}