{"id":9532,"date":"2025-11-11T04:15:07","date_gmt":"2025-11-11T04:15:07","guid":{"rendered":"https:\/\/gambling6.com\/lotterie\/sichern-sie-sich-online-tickets-fur-die-eurojackpot-lotterie\/"},"modified":"2025-11-11T04:15:07","modified_gmt":"2025-11-11T04:15:07","slug":"sichern-sie-sich-online-tickets-fur-die-eurojackpot-lotterie","status":"publish","type":"page","link":"https:\/\/gambling6.com\/de\/lotterie\/sichern-sie-sich-online-tickets-fur-die-eurojackpot-lotterie\/","title":{"rendered":"Sichern Sie sich online Tickets f\u00fcr die Eurojackpot-Lotterie"},"content":{"rendered":"<h2>Eurojackpot-Lotterie<\/h2>\n<p>Kaufen Sie Ihre Eurojackpot-Tickets online und werden Sie \u00fcber Nacht Million\u00e4r! Dank des Internets k\u00f6nnen Sie jetzt neben vielen anderen europ\u00e4ischen Lotterien auch Eurojackpot online spielen. Kaufen Sie Ihre Tickets bequem von zu Hause aus. Kein Gang mehr zum Kiosk oder Lottoannahmestelle \u2013 sichern Sie sich Ihre Eurojackpot-Tickets online! src=&#8220;https:\/\/gambling6.com\/wp-content\/uploads\/2013\/12\/play-euro-jackpot-online.jpg&#8220; alt=&#8220;Eurojackpot-Tickets online kaufen&#8220; width=&#8220;240&#8243; height=&#8220;218&#8243; \/&gt;<\/p>\n<p>Wenn auch Sie zu den Millionen Menschen geh\u00f6ren m\u00f6chten, die auf einen riesigen Jackpot hoffen, w\u00e4hlen Sie einfach online Ihre sieben Zahlen aus und lassen Sie sich Ihren Gewinn mit einer der vielen bequemen Zahlungsmethoden auszahlen. Lottoscheine online zu kaufen war noch nie so einfach. In ganz Europa k\u00f6nnen Sie online Tickets f\u00fcr zahlreiche gro\u00dfe Jackpot-Lotterien erwerben.<\/p>\n<h2>Eurojackpot-Tickets online kaufen \u2013 egal aus welchem \u200b\u200bLand<\/h2>\n<p>Beim Online-Ticketkauf gibt es keine Grenzen. Ob in Kuba oder China \u2013 mit unserem Partner RedFoxLotto k\u00f6nnen Sie Ihre Tickets schnell, sicher und unkompliziert \u00fcber das Internet kaufen. <a class=\"thirstylink\" title=\"RedFoxLotto en\" href=\"https:\/\/gambling6.com\/go\/redfoxlotto-en\/\" target=\"_blank\" rel=\"nofollow noopener\">Hier anmelden, in Ihr Konto einloggen<\/a>, Ihre Zahlen ausw\u00e4hlen, bezahlen und warten, bis Ihr Spielschein mit den Ziehungsergebnissen verglichen wird.<\/p>\n<p>RedFoxLotto akzeptiert keine Lotto-Spieler mit Wohnsitz in den USA. US-Spieler sollten stattdessen TheLotter ausprobieren, eine weitere Option f\u00fcr internationale Lottoscheine.<\/p>\n<p><a href=\"https:\/\/smarturl.it\/theBig_Play?tl_affid=8190&amp;tl_bannerid=6cc3afab\" target=\"_self\" rel=\"noopener\"><img loading=\"lazy\" decoding=\"async\" class=\"aligncenter\" title=\"\" src=\"\/\/www.thelotter-affiliates.com\/accounts\/default1\/banners\/6cc3afab.gif\" alt=\"\" width=\"468\" height=\"60\" \/><\/a><\/p>\n<h2>Riesige Gewinne mit Ihren Eurojackpot-Online-Tickets<\/h2>\n<table style=\"width: 500px;\" border=\"1\" cellspacing=\"5\" cellpadding=\"5\" align=\"center\">\n<tbody>\n<tr>\n<td colspan=\"3\" align=\"center\">Die f\u00fcnf h\u00f6chsten Jackpots 2013<\/td>\n<\/tr>\n<tr>\n<td>Ziehung<\/td>\n<td align=\"center\">Datum<\/td>\n<td align=\"center\">Jackpot (USD)<\/td>\n<\/tr>\n<tr>\n<td>Euro-Jackpot \u2013 Europa<\/td>\n<td align=\"center\">12. April 2013<\/td>\n<td align=\"right\">63.128.694 $<\/td>\n<\/tr>\n<tr>\n<td>Euro-Jackpot \u2013 Europa<\/td>\n<td align=\"center\">19. Juli 2013<\/td>\n<td align=\"right\">56.886.414 $<\/td>\n<\/tr>\n<tr>\n<td>Euro-Jackpot \u2013 Europa<\/td>\n<td align=\"center\">25. Januar 2013<\/td>\n<td align=\"right\">40.470.680 $<\/td>\n<\/tr>\n<tr>\n<td>Euro-Jackpot \u2013 Europa<\/td>\n<td align=\"center\">27. September 2013<\/td>\n<td align=\"right\">29.122.090 $<\/td>\n<\/tr>\n<tr>\n<td>Euro-Jackpot \u2013 Europa<\/td>\n<td align=\"center\">7. Dezember 2013<\/td>\n<td align=\"right\">28.770.000 $<\/td>\n<\/tr>\n<\/tbody>\n<\/table>\n<h2>Zw\u00f6lf Gewinnchancen mit Ihrem Online-Eurojackpot Tickets<\/h2>\n<table style=\"width: 500px;\" border=\"1\" cellspacing=\"5\" cellpadding=\"5\" align=\"center\">\n<tbody>\n<tr>\n<td colspan=\"3\" align=\"center\">Eurojackpot Gewinnstufen<\/td>\n<\/tr>\n<tr>\n<td>Gewinn<\/td>\n<td align=\"center\">\u00dcbereinstimmungen<\/td>\n<td align=\"center\">Quoten<\/td>\n<\/tr>\n<tr>\n<td>1. Platz (Jackpot)<\/td>\n<td align=\"center\">5 + 2<\/td>\n<td align=\"right\">59.325.280 : 1<\/td>\n<\/tr>\n<tr>\n<td>2. Platz<\/td>\n<td align=\"center\">5 + 1<\/td>\n<td align=\"right\">4.943.773 : 1<\/td>\n<\/tr>\n<tr>\n<td>3.<\/td>\n<td align=\"center\">5<\/td>\n<td align=\"right\">3.955.019 : 1<\/td>\n<\/tr>\n<tr>\n<td>4.<\/td>\n<td align=\"center\">4 + 2<\/td>\n<td align=\"right\">263.668 : 1<\/td>\n<\/tr>\n<tr>\n<td>5.<\/td>\n<td align=\"center\">4 + 1<\/td>\n<td align=\"right\">21.972 : 1<\/td>\n<\/tr>\n<tr>\n<td>6.<\/td>\n<td align=\"center\">4<\/td>\n<td align=\"right\">17.578 : 1<\/td>\n<\/tr>\n<tr>\n<td>7.<\/td>\n<td align=\"center\">3 + 2<\/td>\n<td align=\"right\">5.992 : 1<\/td>\n<\/tr>\n<tr>\n<td>8.<\/td>\n<td align=\"center\">3 + 1<\/td>\n<td align=\"right\">499 : 1<\/td>\n<\/tr>\n<tr>\n<td>9.<\/td>\n<td align=\"center\">2 + 2<\/td>\n<td align=\"right\">418 : 1<\/td>\n<\/tr>\n<tr>\n<td>10.<\/td>\n<td align=\"center\">3<\/td>\n<td align=\"right\">399 : 1<\/td>\n<\/tr>\n<tr>\n<td>11.<\/td>\n<td align=\"center\">1 + 2<\/td>\n<td align=\"right\">80 : 1<\/td>\n<\/tr>\n<tr>\n<td>12.<\/td>\n<td align=\"center\">2 + 1<\/td>\n<td align=\"right\">35 : 1<\/td>\n<\/tr>\n<\/tbody>\n<\/table>\n<p style=\"text-align: center;\"><strong>Verpassen Sie nicht Ihre Chance, Million\u00e4r zu werden. Melden Sie sich noch heute an und kaufen Sie Ihre Eurojackpot-Tickets online.<\/strong><\/p>\n","protected":false},"excerpt":{"rendered":"<p>Eurojackpot-Lotterie Kaufen Sie Ihre Eurojackpot-Tickets online und werden Sie \u00fcber Nacht Million\u00e4r! Dank des Internets k\u00f6nnen Sie jetzt neben vielen anderen europ\u00e4ischen Lotterien auch Eurojackpot online spielen. Kaufen Sie Ihre Tickets bequem von zu Hause aus. Kein Gang mehr zum Kiosk oder Lottoannahmestelle \u2013 sichern Sie sich Ihre Eurojackpot-Tickets online! src=&#8220;https:\/\/gambling6.com\/wp-content\/uploads\/2013\/12\/play-euro-jackpot-online.jpg&#8220; alt=&#8220;Eurojackpot-Tickets online kaufen&#8220; width=&#8220;240&#8243; [&hellip;]<\/p>\n","protected":false},"author":1,"featured_media":554,"parent":9298,"menu_order":10,"comment_status":"closed","ping_status":"closed","template":"","meta":{"footnotes":""},"class_list":["post-9532","page","type-page","status-publish","has-post-thumbnail","hentry"],"yoast_head":"<!-- This site is optimized with the Yoast SEO plugin v27.4 - https:\/\/yoast.com\/product\/yoast-seo-wordpress\/ -->\n<title>Kaufen Sie online Tickets f\u00fcr die Eurojackpot-Lotterie.<\/title>\n<meta name=\"description\" content=\"Beim Online-Kauf von Lottoscheinen kann man mit Eurojackpot jede Menge Geld gewinnen.\" \/>\n<meta name=\"robots\" content=\"index, follow, max-snippet:-1, max-image-preview:large, max-video-preview:-1\" \/>\n<link rel=\"canonical\" href=\"https:\/\/gambling6.com\/de\/lotterie\/sichern-sie-sich-online-tickets-fur-die-eurojackpot-lotterie\/\" \/>\n<meta property=\"og:locale\" content=\"de_DE\" \/>\n<meta property=\"og:type\" content=\"article\" \/>\n<meta property=\"og:title\" content=\"Kaufen Sie online Tickets f\u00fcr die Eurojackpot-Lotterie.\" \/>\n<meta property=\"og:description\" content=\"Beim Online-Kauf von Lottoscheinen kann man mit Eurojackpot jede Menge Geld gewinnen.\" \/>\n<meta property=\"og:url\" content=\"https:\/\/gambling6.com\/de\/lotterie\/sichern-sie-sich-online-tickets-fur-die-eurojackpot-lotterie\/\" \/>\n<meta property=\"og:site_name\" content=\"Gambling6\" \/>\n<meta property=\"og:image\" content=\"https:\/\/gambling6.com\/wp-content\/uploads\/2013\/12\/play-euro-jackpot-online.jpg\" \/>\n\t<meta property=\"og:image:width\" content=\"285\" \/>\n\t<meta property=\"og:image:height\" content=\"259\" \/>\n\t<meta property=\"og:image:type\" content=\"image\/jpeg\" \/>\n<meta name=\"twitter:card\" content=\"summary_large_image\" \/>\n<meta name=\"twitter:label1\" content=\"Gesch\u00e4tzte Lesezeit\" \/>\n\t<meta name=\"twitter:data1\" content=\"1\u00a0Minute\" \/>\n<script type=\"application\/ld+json\" class=\"yoast-schema-graph\">{\"@context\":\"https:\\\/\\\/schema.org\",\"@graph\":[{\"@type\":\"WebPage\",\"@id\":\"https:\\\/\\\/gambling6.com\\\/de\\\/lotterie\\\/sichern-sie-sich-online-tickets-fur-die-eurojackpot-lotterie\\\/\",\"url\":\"https:\\\/\\\/gambling6.com\\\/de\\\/lotterie\\\/sichern-sie-sich-online-tickets-fur-die-eurojackpot-lotterie\\\/\",\"name\":\"Kaufen Sie online Tickets f\u00fcr die Eurojackpot-Lotterie.\",\"isPartOf\":{\"@id\":\"https:\\\/\\\/gambling6.com\\\/de\\\/#website\"},\"primaryImageOfPage\":{\"@id\":\"https:\\\/\\\/gambling6.com\\\/de\\\/lotterie\\\/sichern-sie-sich-online-tickets-fur-die-eurojackpot-lotterie\\\/#primaryimage\"},\"image\":{\"@id\":\"https:\\\/\\\/gambling6.com\\\/de\\\/lotterie\\\/sichern-sie-sich-online-tickets-fur-die-eurojackpot-lotterie\\\/#primaryimage\"},\"thumbnailUrl\":\"https:\\\/\\\/gambling6.com\\\/wp-content\\\/uploads\\\/2013\\\/12\\\/play-euro-jackpot-online.jpg\",\"datePublished\":\"2025-11-11T04:15:07+00:00\",\"description\":\"Beim Online-Kauf von Lottoscheinen kann man mit Eurojackpot jede Menge Geld gewinnen.\",\"breadcrumb\":{\"@id\":\"https:\\\/\\\/gambling6.com\\\/de\\\/lotterie\\\/sichern-sie-sich-online-tickets-fur-die-eurojackpot-lotterie\\\/#breadcrumb\"},\"inLanguage\":\"de\",\"potentialAction\":[{\"@type\":\"ReadAction\",\"target\":[\"https:\\\/\\\/gambling6.com\\\/de\\\/lotterie\\\/sichern-sie-sich-online-tickets-fur-die-eurojackpot-lotterie\\\/\"]}]},{\"@type\":\"ImageObject\",\"inLanguage\":\"de\",\"@id\":\"https:\\\/\\\/gambling6.com\\\/de\\\/lotterie\\\/sichern-sie-sich-online-tickets-fur-die-eurojackpot-lotterie\\\/#primaryimage\",\"url\":\"https:\\\/\\\/gambling6.com\\\/wp-content\\\/uploads\\\/2013\\\/12\\\/play-euro-jackpot-online.jpg\",\"contentUrl\":\"https:\\\/\\\/gambling6.com\\\/wp-content\\\/uploads\\\/2013\\\/12\\\/play-euro-jackpot-online.jpg\",\"width\":285,\"height\":259},{\"@type\":\"BreadcrumbList\",\"@id\":\"https:\\\/\\\/gambling6.com\\\/de\\\/lotterie\\\/sichern-sie-sich-online-tickets-fur-die-eurojackpot-lotterie\\\/#breadcrumb\",\"itemListElement\":[{\"@type\":\"ListItem\",\"position\":1,\"name\":\"Home\",\"item\":\"https:\\\/\\\/gambling6.com\\\/de\\\/home\\\/\"},{\"@type\":\"ListItem\",\"position\":2,\"name\":\"Lotterie\",\"item\":\"https:\\\/\\\/gambling6.com\\\/de\\\/lotterie\\\/\"},{\"@type\":\"ListItem\",\"position\":3,\"name\":\"Sichern Sie sich online Tickets f\u00fcr die Eurojackpot-Lotterie\"}]},{\"@type\":\"WebSite\",\"@id\":\"https:\\\/\\\/gambling6.com\\\/de\\\/#website\",\"url\":\"https:\\\/\\\/gambling6.com\\\/de\\\/\",\"name\":\"Gambling6\",\"description\":\"\",\"potentialAction\":[{\"@type\":\"SearchAction\",\"target\":{\"@type\":\"EntryPoint\",\"urlTemplate\":\"https:\\\/\\\/gambling6.com\\\/de\\\/?s={search_term_string}\"},\"query-input\":{\"@type\":\"PropertyValueSpecification\",\"valueRequired\":true,\"valueName\":\"search_term_string\"}}],\"inLanguage\":\"de\"}]}<\/script>\n<!-- \/ Yoast SEO plugin. -->","yoast_head_json":{"title":"Kaufen Sie online Tickets f\u00fcr die Eurojackpot-Lotterie.","description":"Beim Online-Kauf von Lottoscheinen kann man mit Eurojackpot jede Menge Geld gewinnen.","robots":{"index":"index","follow":"follow","max-snippet":"max-snippet:-1","max-image-preview":"max-image-preview:large","max-video-preview":"max-video-preview:-1"},"canonical":"https:\/\/gambling6.com\/de\/lotterie\/sichern-sie-sich-online-tickets-fur-die-eurojackpot-lotterie\/","og_locale":"de_DE","og_type":"article","og_title":"Kaufen Sie online Tickets f\u00fcr die Eurojackpot-Lotterie.","og_description":"Beim Online-Kauf von Lottoscheinen kann man mit Eurojackpot jede Menge Geld gewinnen.","og_url":"https:\/\/gambling6.com\/de\/lotterie\/sichern-sie-sich-online-tickets-fur-die-eurojackpot-lotterie\/","og_site_name":"Gambling6","og_image":[{"width":285,"height":259,"url":"https:\/\/gambling6.com\/wp-content\/uploads\/2013\/12\/play-euro-jackpot-online.jpg","type":"image\/jpeg"}],"twitter_card":"summary_large_image","twitter_misc":{"Gesch\u00e4tzte Lesezeit":"1\u00a0Minute"},"schema":{"@context":"https:\/\/schema.org","@graph":[{"@type":"WebPage","@id":"https:\/\/gambling6.com\/de\/lotterie\/sichern-sie-sich-online-tickets-fur-die-eurojackpot-lotterie\/","url":"https:\/\/gambling6.com\/de\/lotterie\/sichern-sie-sich-online-tickets-fur-die-eurojackpot-lotterie\/","name":"Kaufen Sie online Tickets f\u00fcr die Eurojackpot-Lotterie.","isPartOf":{"@id":"https:\/\/gambling6.com\/de\/#website"},"primaryImageOfPage":{"@id":"https:\/\/gambling6.com\/de\/lotterie\/sichern-sie-sich-online-tickets-fur-die-eurojackpot-lotterie\/#primaryimage"},"image":{"@id":"https:\/\/gambling6.com\/de\/lotterie\/sichern-sie-sich-online-tickets-fur-die-eurojackpot-lotterie\/#primaryimage"},"thumbnailUrl":"https:\/\/gambling6.com\/wp-content\/uploads\/2013\/12\/play-euro-jackpot-online.jpg","datePublished":"2025-11-11T04:15:07+00:00","description":"Beim Online-Kauf von Lottoscheinen kann man mit Eurojackpot jede Menge Geld gewinnen.","breadcrumb":{"@id":"https:\/\/gambling6.com\/de\/lotterie\/sichern-sie-sich-online-tickets-fur-die-eurojackpot-lotterie\/#breadcrumb"},"inLanguage":"de","potentialAction":[{"@type":"ReadAction","target":["https:\/\/gambling6.com\/de\/lotterie\/sichern-sie-sich-online-tickets-fur-die-eurojackpot-lotterie\/"]}]},{"@type":"ImageObject","inLanguage":"de","@id":"https:\/\/gambling6.com\/de\/lotterie\/sichern-sie-sich-online-tickets-fur-die-eurojackpot-lotterie\/#primaryimage","url":"https:\/\/gambling6.com\/wp-content\/uploads\/2013\/12\/play-euro-jackpot-online.jpg","contentUrl":"https:\/\/gambling6.com\/wp-content\/uploads\/2013\/12\/play-euro-jackpot-online.jpg","width":285,"height":259},{"@type":"BreadcrumbList","@id":"https:\/\/gambling6.com\/de\/lotterie\/sichern-sie-sich-online-tickets-fur-die-eurojackpot-lotterie\/#breadcrumb","itemListElement":[{"@type":"ListItem","position":1,"name":"Home","item":"https:\/\/gambling6.com\/de\/home\/"},{"@type":"ListItem","position":2,"name":"Lotterie","item":"https:\/\/gambling6.com\/de\/lotterie\/"},{"@type":"ListItem","position":3,"name":"Sichern Sie sich online Tickets f\u00fcr die Eurojackpot-Lotterie"}]},{"@type":"WebSite","@id":"https:\/\/gambling6.com\/de\/#website","url":"https:\/\/gambling6.com\/de\/","name":"Gambling6","description":"","potentialAction":[{"@type":"SearchAction","target":{"@type":"EntryPoint","urlTemplate":"https:\/\/gambling6.com\/de\/?s={search_term_string}"},"query-input":{"@type":"PropertyValueSpecification","valueRequired":true,"valueName":"search_term_string"}}],"inLanguage":"de"}]}},"_links":{"self":[{"href":"https:\/\/gambling6.com\/de\/wp-json\/wp\/v2\/pages\/9532","targetHints":{"allow":["GET"]}}],"collection":[{"href":"https:\/\/gambling6.com\/de\/wp-json\/wp\/v2\/pages"}],"about":[{"href":"https:\/\/gambling6.com\/de\/wp-json\/wp\/v2\/types\/page"}],"author":[{"embeddable":true,"href":"https:\/\/gambling6.com\/de\/wp-json\/wp\/v2\/users\/1"}],"replies":[{"embeddable":true,"href":"https:\/\/gambling6.com\/de\/wp-json\/wp\/v2\/comments?post=9532"}],"version-history":[{"count":0,"href":"https:\/\/gambling6.com\/de\/wp-json\/wp\/v2\/pages\/9532\/revisions"}],"up":[{"embeddable":true,"href":"https:\/\/gambling6.com\/de\/wp-json\/wp\/v2\/pages\/9298"}],"wp:featuredmedia":[{"embeddable":true,"href":"https:\/\/gambling6.com\/de\/wp-json\/wp\/v2\/media\/554"}],"wp:attachment":[{"href":"https:\/\/gambling6.com\/de\/wp-json\/wp\/v2\/media?parent=9532"}],"curies":[{"name":"wp","href":"https:\/\/api.w.org\/{rel}","templated":true}]}}