{"id":9536,"date":"2025-11-11T04:24:01","date_gmt":"2025-11-11T04:24:01","guid":{"rendered":"https:\/\/gambling6.com\/lotterie\/online-tickets-fur-die-australische-lotterie-kaufen\/"},"modified":"2025-11-11T04:24:01","modified_gmt":"2025-11-11T04:24:01","slug":"online-tickets-fur-die-australische-lotterie-kaufen","status":"publish","type":"page","link":"https:\/\/gambling6.com\/de\/lotterie\/online-tickets-fur-die-australische-lotterie-kaufen\/","title":{"rendered":"Online-Tickets f\u00fcr die australische Lotterie kaufen"},"content":{"rendered":"<h2>Die australische Lotterie<\/h2>\n<p>Jede Woche finden dienstags und donnerstags zwei sehr spannende Lotterien in Australien statt. Powerball- und Oz-Lotto-Tickets k\u00f6nnen online gekauft werden. Online-Tickets f\u00fcr die australische Lotterie zu kaufen, ist so einfach wie \u201enoch eine Garnele auf den Grill zu werfen\u201c. Menschen spielen diese Lotterien wegen der regelm\u00e4\u00dfig hohen Jackpots von 50 Millionen Dollar und mehr.<\/p>\n<p>Die Gewinnchancen f\u00fcr beide Jackpots sind angesichts ihrer H\u00f6he ziemlich g\u00fcnstig, und mit der M\u00f6glichkeit, Tickets online zu kaufen, steigen sie schnell an. Weltweit haben diese Jackpots in den letzten Jahren stark an Beliebtheit gewonnen. Man h\u00f6rt jeden Tag mehr \u00fcber diese Ziehungen in den Nachrichten.<\/p>\n<h2>Online-Tickets f\u00fcr Oz Lotto sind sicher und gesch\u00fctzt.<\/h2>\n<p>Sie k\u00f6nnen sicher und gesch\u00fctzt Ihre 7 Zahlen ausw\u00e4hlen und auf die Ziehung warten. Unser Partner <a class=\"thirstylink\" title=\"Redfoxlotto\" href=\"https:\/\/gambling6.com\/go\/redfoxlotto\/\" target=\"_blank\" rel=\"nofollow noopener\">RedFoxLotto.com<\/a> nimmt Ihnen alle Sorgen beim Online-Kauf von Lottoscheinen ab \u2013 Sie m\u00fcssen sich nur zur\u00fccklehnen und auf Ihren Gewinn warten.<\/p>\n<p>US-Spieler <span style=\"box-sizing: border-box; margin: 0px; padding: 0px;\">, die an Powerball oder einer anderen Lotterie aus Australien teilnehmen und online ein Ticket kaufen m\u00f6chten, sollten unsere zweite Empfehlung w\u00e4hlen: <a href=\"https:\/\/gambling6.com\/go\/thelotter-en\/\" target=\"_blank\" rel=\"noopener\">TheLotter. Hier klicken, um die Website zu besuchen<\/a><\/span><a class=\"thirstylink\" title=\"TheLotter en\" href=\"https:\/\/gambling6.com\/go\/thelotter-en\/\" target=\"_blank\" rel=\"nofollow noopener\">.<\/a><\/p>\n<h2>Riesige Jackpots mit Online-Tickets f\u00fcr Powerball Australia<\/h2>\n<table style=\"width: 500px;\" border=\"1\" cellspacing=\"5\" cellpadding=\"5\" align=\"center\">\n<tbody>\n<tr>\n<td colspan=\"3\" align=\"center\">Top F\u00fcnf Jackpots im Jahr 2013<\/td>\n<\/tr>\n<tr>\n<td>Ziehung<\/td>\n<td align=\"center\">Datum<\/td>\n<td align=\"center\">Jackpot (USD)<\/td>\n<\/tr>\n<tr>\n<td>Powerball &#8211; Australien<\/td>\n<td align=\"center\">2. Mai 2013<\/td>\n<td align=\"right\">$55.229.291<\/td>\n<\/tr>\n<tr>\n<td>Powerball &#8211; Australien<\/td>\n<td align=\"center\">18. Juli 2013<\/td>\n<td align=\"right\">$26.700.000<\/td>\n<\/tr>\n<tr>\n<td>Powerball &#8211; Australien<\/td>\n<td align=\"center\">19. September 2013<\/td>\n<td align=\"right\">$26.700.000<\/td>\n<\/tr>\n<tr>\n<td>Powerball &#8211; Australien<\/td>\n<td align=\"center\">24. Oktober 2013<\/td>\n<td align=\"right\">$26.700.000<\/td>\n<\/tr>\n<tr>\n<td>Powerball &#8211; Australien<\/td>\n<td align=\"center\">3. Januar 2013<\/td>\n<td align=\"right\">$22.250.000<\/td>\n<\/tr>\n<\/tbody>\n<\/table>\n<h2>Acht Gewinnstufen f\u00fcr Online-K\u00e4ufer von Australian Powerball-Tickets<\/h2>\n<table style=\"width: 500px;\" border=\"1\" cellspacing=\"5\" cellpadding=\"5\" align=\"center\">\n<tbody>\n<tr>\n<td colspan=\"3\" align=\"center\">Powerball Lotto &#8211; Australien Gewinnstufen<\/td>\n<\/tr>\n<tr>\n<td>Preis<\/td>\n<td align=\"center\">\u00dcbereinstimmungen<\/td>\n<td align=\"center\">Chancen<\/td>\n<\/tr>\n<tr>\n<td>1. (Jackpot)<\/td>\n<td align=\"center\">6 + 1<\/td>\n<td align=\"right\">76.767.600 : 1<\/td>\n<\/tr>\n<tr>\n<td>2.<\/td>\n<td align=\"center\">6<\/td>\n<td align=\"right\">4.040.400 : 1<\/td>\n<\/tr>\n<tr>\n<td>3.<\/td>\n<td align=\"center\">5 + 1<\/td>\n<td align=\"right\">376.312 : 1<\/td>\n<\/tr>\n<tr>\n<td>4.<\/td>\n<td align=\"center\">5<\/td>\n<td align=\"right\">19.806 : 1<\/td>\n<\/tr>\n<tr>\n<td>5.<\/td>\n<td align=\"center\">4 + 1<\/td>\n<td align=\"right\">9.123 : 1<\/td>\n<\/tr>\n<tr>\n<td>6.<\/td>\n<td align=\"center\">3 + 1<\/td>\n<td align=\"right\">641 : 1<\/td>\n<\/tr>\n<tr>\n<td>7.<\/td>\n<td align=\"center\">4<\/td>\n<td align=\"right\">480 : 1<\/td>\n<\/tr>\n<tr>\n<td>8.<\/td>\n<td align=\"center\">2 + 1<\/td>\n<td align=\"right\">110 : 1<\/td>\n<\/tr>\n<\/tbody>\n<\/table>\n<h2>Online-Oz-Lotto-Spieler k\u00f6nnen gro\u00df abr\u00e4umen<\/h2>\n<table style=\"width: 500px;\" border=\"1\" cellspacing=\"5\" cellpadding=\"5\" align=\"center\">\n<tbody>\n<tr>\n<td colspan=\"3\" align=\"center\">Top F\u00fcnf Jackpots im Jahr 2013<\/td>\n<\/tr>\n<tr>\n<td>Ziehung<\/td>\n<td align=\"center\">Datum<\/td>\n<td align=\"center\">Jackpot (USD)<\/td>\n<\/tr>\n<tr>\n<td>Oz Lotto &#8211; Australien<\/td>\n<td align=\"center\">17. Dezember 2013<\/td>\n<td align=\"right\">$62.300.000<\/td>\n<\/tr>\n<tr>\n<td>Oz Lotto &#8211; Australien<\/td>\n<td align=\"center\">2. Juli 2013<\/td>\n<td align=\"right\">$44.500.000<\/td>\n<\/tr>\n<tr>\n<td>Oz Lotto &#8211; Australien<\/td>\n<td align=\"center\">30. April 2013<\/td>\n<td align=\"right\">$26.700.000<\/td>\n<\/tr>\n<tr>\n<td>Oz Lotto &#8211; Australien<\/td>\n<td align=\"center\">29. Januar 2013<\/td>\n<td align=\"right\">$20.296.484<\/td>\n<\/tr>\n<tr>\n<td>Oz Lotto &#8211; Australien<\/td>\n<td align=\"center\">3. September 2013<\/td>\n<td align=\"right\">$19.790.620<\/td>\n<\/tr>\n<\/tbody>\n<\/table>\n<h2>\u00dcberpr\u00fcfen Sie Ihre Tickets online, um zu sehen, ob Sie gewonnen haben<\/h2>\n<table style=\"width: 500px;\" border=\"1\" cellspacing=\"5\" cellpadding=\"5\" align=\"center\">\n<tbody>\n<tr>\n<td colspan=\"3\" align=\"center\">Oz Lotto &#8211; Australien Gewinnstufen<\/td>\n<\/tr>\n<tr>\n<td>Preis<\/td>\n<td align=\"center\">\u00dcbereinstimmungen<\/td>\n<td align=\"center\">Chancen<\/td>\n<\/tr>\n<tr>\n<td>1. (Jackpot)<\/td>\n<td align=\"center\">7<\/td>\n<td align=\"right\">45.379.620 : 1<\/td>\n<\/tr>\n<tr>\n<td>2.<\/td>\n<td align=\"center\">6 + 1<\/td>\n<td align=\"right\">3.241.401 : 1<\/td>\n<\/tr>\n<tr>\n<td>3.<\/td>\n<td align=\"center\">6<\/td>\n<td align=\"right\">180.078 : 1<\/td>\n<\/tr>\n<tr>\n<td>4.<\/td>\n<td align=\"center\">5 + 1<\/td>\n<td align=\"right\">29.602 : 1<\/td>\n<\/tr>\n<tr>\n<td>5.<\/td>\n<td align=\"center\">5<\/td>\n<td align=\"right\">3.430 : 1<\/td>\n<\/tr>\n<tr>\n<td>6.<\/td>\n<td align=\"center\">4<\/td>\n<td align=\"right\">154 : 1<\/td>\n<\/tr>\n<tr>\n<td>7.<\/td>\n<td align=\"center\">3 + 1<\/td>\n<td align=\"right\">55 : 1<\/td>\n<\/tr>\n<\/tbody>\n<\/table>\n","protected":false},"excerpt":{"rendered":"<p>Die australische Lotterie Jede Woche finden dienstags und donnerstags zwei sehr spannende Lotterien in Australien statt. Powerball- und Oz-Lotto-Tickets k\u00f6nnen online gekauft werden. Online-Tickets f\u00fcr die australische Lotterie zu kaufen, ist so einfach wie \u201enoch eine Garnele auf den Grill zu werfen\u201c. Menschen spielen diese Lotterien wegen der regelm\u00e4\u00dfig hohen Jackpots von 50 Millionen Dollar [&hellip;]<\/p>\n","protected":false},"author":1,"featured_media":0,"parent":9298,"menu_order":9,"comment_status":"closed","ping_status":"closed","template":"","meta":{"footnotes":""},"class_list":["post-9536","page","type-page","status-publish","hentry"],"yoast_head":"<!-- This site is optimized with the Yoast SEO plugin v27.4 - https:\/\/yoast.com\/product\/yoast-seo-wordpress\/ -->\n<title>Kaufen Sie online Tickets f\u00fcr die australische Lotterie.<\/title>\n<meta name=\"description\" content=\"Der Online-Kauf von Lottoscheinen f\u00fcr australische Lotterien sorgt f\u00fcr noch mehr Spannung.\" \/>\n<meta name=\"robots\" content=\"index, follow, max-snippet:-1, max-image-preview:large, max-video-preview:-1\" \/>\n<link rel=\"canonical\" href=\"https:\/\/gambling6.com\/de\/lotterie\/online-tickets-fur-die-australische-lotterie-kaufen\/\" \/>\n<meta property=\"og:locale\" content=\"de_DE\" \/>\n<meta property=\"og:type\" content=\"article\" \/>\n<meta property=\"og:title\" content=\"Kaufen Sie online Tickets f\u00fcr die australische Lotterie.\" \/>\n<meta property=\"og:description\" content=\"Der Online-Kauf von Lottoscheinen f\u00fcr australische Lotterien sorgt f\u00fcr noch mehr Spannung.\" \/>\n<meta property=\"og:url\" content=\"https:\/\/gambling6.com\/de\/lotterie\/online-tickets-fur-die-australische-lotterie-kaufen\/\" \/>\n<meta property=\"og:site_name\" content=\"Gambling6\" \/>\n<meta name=\"twitter:card\" content=\"summary_large_image\" \/>\n<meta name=\"twitter:label1\" content=\"Gesch\u00e4tzte Lesezeit\" \/>\n\t<meta name=\"twitter:data1\" content=\"2\u00a0Minuten\" \/>\n<script type=\"application\/ld+json\" class=\"yoast-schema-graph\">{\"@context\":\"https:\\\/\\\/schema.org\",\"@graph\":[{\"@type\":\"WebPage\",\"@id\":\"https:\\\/\\\/gambling6.com\\\/de\\\/lotterie\\\/online-tickets-fur-die-australische-lotterie-kaufen\\\/\",\"url\":\"https:\\\/\\\/gambling6.com\\\/de\\\/lotterie\\\/online-tickets-fur-die-australische-lotterie-kaufen\\\/\",\"name\":\"Kaufen Sie online Tickets f\u00fcr die australische Lotterie.\",\"isPartOf\":{\"@id\":\"https:\\\/\\\/gambling6.com\\\/de\\\/#website\"},\"datePublished\":\"2025-11-11T04:24:01+00:00\",\"description\":\"Der Online-Kauf von Lottoscheinen f\u00fcr australische Lotterien sorgt f\u00fcr noch mehr Spannung.\",\"breadcrumb\":{\"@id\":\"https:\\\/\\\/gambling6.com\\\/de\\\/lotterie\\\/online-tickets-fur-die-australische-lotterie-kaufen\\\/#breadcrumb\"},\"inLanguage\":\"de\",\"potentialAction\":[{\"@type\":\"ReadAction\",\"target\":[\"https:\\\/\\\/gambling6.com\\\/de\\\/lotterie\\\/online-tickets-fur-die-australische-lotterie-kaufen\\\/\"]}]},{\"@type\":\"BreadcrumbList\",\"@id\":\"https:\\\/\\\/gambling6.com\\\/de\\\/lotterie\\\/online-tickets-fur-die-australische-lotterie-kaufen\\\/#breadcrumb\",\"itemListElement\":[{\"@type\":\"ListItem\",\"position\":1,\"name\":\"Home\",\"item\":\"https:\\\/\\\/gambling6.com\\\/de\\\/home\\\/\"},{\"@type\":\"ListItem\",\"position\":2,\"name\":\"Lotterie\",\"item\":\"https:\\\/\\\/gambling6.com\\\/de\\\/lotterie\\\/\"},{\"@type\":\"ListItem\",\"position\":3,\"name\":\"Online-Tickets f\u00fcr die australische Lotterie kaufen\"}]},{\"@type\":\"WebSite\",\"@id\":\"https:\\\/\\\/gambling6.com\\\/de\\\/#website\",\"url\":\"https:\\\/\\\/gambling6.com\\\/de\\\/\",\"name\":\"Gambling6\",\"description\":\"\",\"potentialAction\":[{\"@type\":\"SearchAction\",\"target\":{\"@type\":\"EntryPoint\",\"urlTemplate\":\"https:\\\/\\\/gambling6.com\\\/de\\\/?s={search_term_string}\"},\"query-input\":{\"@type\":\"PropertyValueSpecification\",\"valueRequired\":true,\"valueName\":\"search_term_string\"}}],\"inLanguage\":\"de\"}]}<\/script>\n<!-- \/ Yoast SEO plugin. -->","yoast_head_json":{"title":"Kaufen Sie online Tickets f\u00fcr die australische Lotterie.","description":"Der Online-Kauf von Lottoscheinen f\u00fcr australische Lotterien sorgt f\u00fcr noch mehr Spannung.","robots":{"index":"index","follow":"follow","max-snippet":"max-snippet:-1","max-image-preview":"max-image-preview:large","max-video-preview":"max-video-preview:-1"},"canonical":"https:\/\/gambling6.com\/de\/lotterie\/online-tickets-fur-die-australische-lotterie-kaufen\/","og_locale":"de_DE","og_type":"article","og_title":"Kaufen Sie online Tickets f\u00fcr die australische Lotterie.","og_description":"Der Online-Kauf von Lottoscheinen f\u00fcr australische Lotterien sorgt f\u00fcr noch mehr Spannung.","og_url":"https:\/\/gambling6.com\/de\/lotterie\/online-tickets-fur-die-australische-lotterie-kaufen\/","og_site_name":"Gambling6","twitter_card":"summary_large_image","twitter_misc":{"Gesch\u00e4tzte Lesezeit":"2\u00a0Minuten"},"schema":{"@context":"https:\/\/schema.org","@graph":[{"@type":"WebPage","@id":"https:\/\/gambling6.com\/de\/lotterie\/online-tickets-fur-die-australische-lotterie-kaufen\/","url":"https:\/\/gambling6.com\/de\/lotterie\/online-tickets-fur-die-australische-lotterie-kaufen\/","name":"Kaufen Sie online Tickets f\u00fcr die australische Lotterie.","isPartOf":{"@id":"https:\/\/gambling6.com\/de\/#website"},"datePublished":"2025-11-11T04:24:01+00:00","description":"Der Online-Kauf von Lottoscheinen f\u00fcr australische Lotterien sorgt f\u00fcr noch mehr Spannung.","breadcrumb":{"@id":"https:\/\/gambling6.com\/de\/lotterie\/online-tickets-fur-die-australische-lotterie-kaufen\/#breadcrumb"},"inLanguage":"de","potentialAction":[{"@type":"ReadAction","target":["https:\/\/gambling6.com\/de\/lotterie\/online-tickets-fur-die-australische-lotterie-kaufen\/"]}]},{"@type":"BreadcrumbList","@id":"https:\/\/gambling6.com\/de\/lotterie\/online-tickets-fur-die-australische-lotterie-kaufen\/#breadcrumb","itemListElement":[{"@type":"ListItem","position":1,"name":"Home","item":"https:\/\/gambling6.com\/de\/home\/"},{"@type":"ListItem","position":2,"name":"Lotterie","item":"https:\/\/gambling6.com\/de\/lotterie\/"},{"@type":"ListItem","position":3,"name":"Online-Tickets f\u00fcr die australische Lotterie kaufen"}]},{"@type":"WebSite","@id":"https:\/\/gambling6.com\/de\/#website","url":"https:\/\/gambling6.com\/de\/","name":"Gambling6","description":"","potentialAction":[{"@type":"SearchAction","target":{"@type":"EntryPoint","urlTemplate":"https:\/\/gambling6.com\/de\/?s={search_term_string}"},"query-input":{"@type":"PropertyValueSpecification","valueRequired":true,"valueName":"search_term_string"}}],"inLanguage":"de"}]}},"_links":{"self":[{"href":"https:\/\/gambling6.com\/de\/wp-json\/wp\/v2\/pages\/9536","targetHints":{"allow":["GET"]}}],"collection":[{"href":"https:\/\/gambling6.com\/de\/wp-json\/wp\/v2\/pages"}],"about":[{"href":"https:\/\/gambling6.com\/de\/wp-json\/wp\/v2\/types\/page"}],"author":[{"embeddable":true,"href":"https:\/\/gambling6.com\/de\/wp-json\/wp\/v2\/users\/1"}],"replies":[{"embeddable":true,"href":"https:\/\/gambling6.com\/de\/wp-json\/wp\/v2\/comments?post=9536"}],"version-history":[{"count":0,"href":"https:\/\/gambling6.com\/de\/wp-json\/wp\/v2\/pages\/9536\/revisions"}],"up":[{"embeddable":true,"href":"https:\/\/gambling6.com\/de\/wp-json\/wp\/v2\/pages\/9298"}],"wp:attachment":[{"href":"https:\/\/gambling6.com\/de\/wp-json\/wp\/v2\/media?parent=9536"}],"curies":[{"name":"wp","href":"https:\/\/api.w.org\/{rel}","templated":true}]}}