{"id":9540,"date":"2025-11-11T04:32:57","date_gmt":"2025-11-11T04:32:57","guid":{"rendered":"https:\/\/gambling6.com\/lotterie\/sichern-sie-sich-online-tickets-fur-die-mega-sena-lotterie\/"},"modified":"2025-11-11T04:32:57","modified_gmt":"2025-11-11T04:32:57","slug":"sichern-sie-sich-online-tickets-fur-die-mega-sena-lotterie","status":"publish","type":"page","link":"https:\/\/gambling6.com\/de\/lotterie\/sichern-sie-sich-online-tickets-fur-die-mega-sena-lotterie\/","title":{"rendered":"Sichern Sie sich online Tickets f\u00fcr die Mega Sena Lotterie"},"content":{"rendered":"<h2>Mega Sena Lotterie<\/h2>\n<p>Mit einem garantierten Mindestjackpot von 1,1 Millionen US-Dollar zieht die Mega Sena Lotterie in Brasilien zweimal w\u00f6chentlich eine riesige Anh\u00e4ngerschaft an. Da man die Lose f\u00fcr die Mega Sena Lotterie online kaufen kann, steigen die Jackpots oft deutlich h\u00f6her.<strong>In einem Land, das weltweit f\u00fcr seine sch\u00f6nen Frauen an den Str\u00e4nden und seine ausgelassene Stimmung bekannt ist, sorgt die nationale Mega Sena Lotterie Brasiliens mit Jackpots von bis zu 35 Millionen US-Dollar f\u00fcr zus\u00e4tzliche Spannung.<\/strong><\/p>\n<p><strong>Als ob 35 Millionen US-Dollar nicht genug w\u00e4ren, findet an Silvester eine Sonderziehung mit einem garantierten Jackpot von 200 Millionen US-Dollar statt.<\/strong><\/p>\n<p>Die Mega Sena Lotterie, die zweimal w\u00f6chentlich in Brasilien stattfindet, ist die gr\u00f6\u00dfte Lotterie S\u00fcdamerikas und kann online erworben werden. Brasilianer und viele Online-Spieler kaufen zweimal w\u00f6chentlich Lose f\u00fcr diese einfach zu spielende Lotterie.<\/p>\n<p>Spielen Sie die Mega-Sena-Lotterie online. Um an dieser Lotterie teilzunehmen, w\u00e4hlen Sie einfach sechs Zahlen zwischen 1 und 60 und warten Sie auf die Ziehung. Um den Jackpot zu knacken, m\u00fcssen Sie sechs Zahlen richtig tippen. Als Online-Spieler k\u00f6nnten Sie dann nach Brasilien fliegen, Ihren Jackpot abholen und mit Ihren neuen Freunden am Strand feiern.<\/p>\n<p>Die Gewinnchancen bei Mega Sena mit Online-Tickets liegen bei etwa 1 zu 50.000.000. Mit dem Kauf von Mega-Sena-Tickets online k\u00f6nnen Sie au\u00dferdem einen der h\u00f6heren Gewinnklassen gewinnen, die oft betr\u00e4chtlich sind. <a class=\"thirstylink\" title=\"Redfoxlotto\" href=\"https:\/\/gambling6.com\/go\/redfoxlotto\/\" target=\"_blank\" rel=\"nofollow noopener\">Klicken Sie hier, um unseren Partner RedFoxlotto zu besuchen und Ihre Tickets f\u00fcr die Mega Sena-Lotterie online zu kaufen.<\/a><\/p>\n<table style=\"width: 500px;\" border=\"1\" cellspacing=\"5\" cellpadding=\"5\" align=\"center\">\n<tbody>\n<tr>\n<td colspan=\"3\" align=\"center\">Die f\u00fcnf h\u00f6chsten Jackpots 2013<\/td>\n<\/tr>\n<tr>\n<td>Ziehung<\/td>\n<td align=\"center\">Datum<\/td>\n<td align=\"center\">Jackpot (USD)<\/td>\n<\/tr>\n<tr>\n<td>Mega-Sena \u2013 Lateinamerika<\/td>\n<td align=\"center\">6. November 2013<\/td>\n<td align=\"right\">34.615.000 USD<\/td>\n<\/tr>\n<tr>\n<td>Mega-Sena \u2013 Lateinamerika<\/td>\n<td align=\"center\">1. Juni 2013<\/td>\n<td align=\"right\">18.505.745 $<\/td>\n<\/tr>\n<tr>\n<td>Mega-Sena \u2013 Lateinamerika<\/td>\n<td align=\"center\">3. Juli 2013<\/td>\n<td align=\"right\">18.205.319 $<\/td>\n<\/tr>\n<tr>\n<td>Mega-Sena \u2013 Lateinamerika<\/td>\n<td align=\"center\">31. August 2013<\/td>\n<td align=\"right\">13.760.000 $<\/td>\n<\/tr>\n<tr>\n<td>Mega-Sena \u2013 Lateinamerika<\/td>\n<td align=\"center\">14. August 2013<\/td>\n<td align=\"right\">10.884.923 $<\/td>\n<\/tr>\n<\/tbody>\n<\/table>\n<p>&nbsp;<\/p>\n<table style=\"width: 500px;\" border=\"1\" cellspacing=\"5\" cellpadding=\"5\" align=\"center\">\n<tbody>\n<tr>\n<td colspan=\"3\" align=\"center\">Mega-Sena Lotterie \u2013 Brasilianische Gewinnstufen<\/td>\n<\/tr>\n<tr>\n<td>Gewinn<\/td>\n<td align=\"center\">\u00dcbereinstimmungen<\/td>\n<td align=\"center\">Quoten<\/td>\n<\/tr>\n<tr>\n<td>1. Platz (Jackpot)<\/td>\n<td align=\"center\">6<\/td>\n<td align=\"right\">50.063.856 : 1<\/td>\n<\/tr>\n<tr>\n<td>2. Platz<\/td>\n<td align=\"center\">5<\/td>\n<td align=\"right\">154.518 : 1<\/td>\n<\/tr>\n<tr>\n<td>3.<\/td>\n<td align=\"center\">4<\/td>\n<td align=\"right\">2.332 : 1<\/td>\n<\/tr>\n<\/tbody>\n<\/table>\n","protected":false},"excerpt":{"rendered":"<p>Mega Sena Lotterie Mit einem garantierten Mindestjackpot von 1,1 Millionen US-Dollar zieht die Mega Sena Lotterie in Brasilien zweimal w\u00f6chentlich eine riesige Anh\u00e4ngerschaft an. Da man die Lose f\u00fcr die Mega Sena Lotterie online kaufen kann, steigen die Jackpots oft deutlich h\u00f6her.In einem Land, das weltweit f\u00fcr seine sch\u00f6nen Frauen an den Str\u00e4nden und seine [&hellip;]<\/p>\n","protected":false},"author":1,"featured_media":0,"parent":9298,"menu_order":8,"comment_status":"closed","ping_status":"closed","template":"","meta":{"footnotes":""},"class_list":["post-9540","page","type-page","status-publish","hentry"],"yoast_head":"<!-- This site is optimized with the Yoast SEO plugin v27.3 - https:\/\/yoast.com\/product\/yoast-seo-wordpress\/ -->\n<title>Buy Online Tickets for Mega Sena Lottery<\/title>\n<meta name=\"description\" content=\"Erfahren Sie, wie Sie online Tickets f\u00fcr die brasilianische Mega-Sena-Lotterie erhalten k\u00f6nnen.\" \/>\n<meta name=\"robots\" content=\"index, follow, max-snippet:-1, max-image-preview:large, max-video-preview:-1\" \/>\n<link rel=\"canonical\" href=\"https:\/\/gambling6.com\/de\/lotterie\/sichern-sie-sich-online-tickets-fur-die-mega-sena-lotterie\/\" \/>\n<meta property=\"og:locale\" content=\"de_DE\" \/>\n<meta property=\"og:type\" content=\"article\" \/>\n<meta property=\"og:title\" content=\"Buy Online Tickets for Mega Sena Lottery\" \/>\n<meta property=\"og:description\" content=\"Erfahren Sie, wie Sie online Tickets f\u00fcr die brasilianische Mega-Sena-Lotterie erhalten k\u00f6nnen.\" \/>\n<meta property=\"og:url\" content=\"https:\/\/gambling6.com\/de\/lotterie\/sichern-sie-sich-online-tickets-fur-die-mega-sena-lotterie\/\" \/>\n<meta property=\"og:site_name\" content=\"Gambling6\" \/>\n<meta name=\"twitter:card\" content=\"summary_large_image\" \/>\n<meta name=\"twitter:label1\" content=\"Gesch\u00e4tzte Lesezeit\" \/>\n\t<meta name=\"twitter:data1\" content=\"1\u00a0Minute\" \/>\n<script type=\"application\/ld+json\" class=\"yoast-schema-graph\">{\"@context\":\"https:\\\/\\\/schema.org\",\"@graph\":[{\"@type\":\"WebPage\",\"@id\":\"https:\\\/\\\/gambling6.com\\\/de\\\/lotterie\\\/sichern-sie-sich-online-tickets-fur-die-mega-sena-lotterie\\\/\",\"url\":\"https:\\\/\\\/gambling6.com\\\/de\\\/lotterie\\\/sichern-sie-sich-online-tickets-fur-die-mega-sena-lotterie\\\/\",\"name\":\"Buy Online Tickets for Mega Sena Lottery\",\"isPartOf\":{\"@id\":\"https:\\\/\\\/gambling6.com\\\/de\\\/#website\"},\"datePublished\":\"2025-11-11T04:32:57+00:00\",\"description\":\"Erfahren Sie, wie Sie online Tickets f\u00fcr die brasilianische Mega-Sena-Lotterie erhalten k\u00f6nnen.\",\"breadcrumb\":{\"@id\":\"https:\\\/\\\/gambling6.com\\\/de\\\/lotterie\\\/sichern-sie-sich-online-tickets-fur-die-mega-sena-lotterie\\\/#breadcrumb\"},\"inLanguage\":\"de\",\"potentialAction\":[{\"@type\":\"ReadAction\",\"target\":[\"https:\\\/\\\/gambling6.com\\\/de\\\/lotterie\\\/sichern-sie-sich-online-tickets-fur-die-mega-sena-lotterie\\\/\"]}]},{\"@type\":\"BreadcrumbList\",\"@id\":\"https:\\\/\\\/gambling6.com\\\/de\\\/lotterie\\\/sichern-sie-sich-online-tickets-fur-die-mega-sena-lotterie\\\/#breadcrumb\",\"itemListElement\":[{\"@type\":\"ListItem\",\"position\":1,\"name\":\"Home\",\"item\":\"https:\\\/\\\/gambling6.com\\\/de\\\/home\\\/\"},{\"@type\":\"ListItem\",\"position\":2,\"name\":\"Lotterie\",\"item\":\"https:\\\/\\\/gambling6.com\\\/de\\\/lotterie\\\/\"},{\"@type\":\"ListItem\",\"position\":3,\"name\":\"Sichern Sie sich online Tickets f\u00fcr die Mega Sena Lotterie\"}]},{\"@type\":\"WebSite\",\"@id\":\"https:\\\/\\\/gambling6.com\\\/de\\\/#website\",\"url\":\"https:\\\/\\\/gambling6.com\\\/de\\\/\",\"name\":\"Gambling6\",\"description\":\"\",\"potentialAction\":[{\"@type\":\"SearchAction\",\"target\":{\"@type\":\"EntryPoint\",\"urlTemplate\":\"https:\\\/\\\/gambling6.com\\\/de\\\/?s={search_term_string}\"},\"query-input\":{\"@type\":\"PropertyValueSpecification\",\"valueRequired\":true,\"valueName\":\"search_term_string\"}}],\"inLanguage\":\"de\"}]}<\/script>\n<!-- \/ Yoast SEO plugin. -->","yoast_head_json":{"title":"Buy Online Tickets for Mega Sena Lottery","description":"Erfahren Sie, wie Sie online Tickets f\u00fcr die brasilianische Mega-Sena-Lotterie erhalten k\u00f6nnen.","robots":{"index":"index","follow":"follow","max-snippet":"max-snippet:-1","max-image-preview":"max-image-preview:large","max-video-preview":"max-video-preview:-1"},"canonical":"https:\/\/gambling6.com\/de\/lotterie\/sichern-sie-sich-online-tickets-fur-die-mega-sena-lotterie\/","og_locale":"de_DE","og_type":"article","og_title":"Buy Online Tickets for Mega Sena Lottery","og_description":"Erfahren Sie, wie Sie online Tickets f\u00fcr die brasilianische Mega-Sena-Lotterie erhalten k\u00f6nnen.","og_url":"https:\/\/gambling6.com\/de\/lotterie\/sichern-sie-sich-online-tickets-fur-die-mega-sena-lotterie\/","og_site_name":"Gambling6","twitter_card":"summary_large_image","twitter_misc":{"Gesch\u00e4tzte Lesezeit":"1\u00a0Minute"},"schema":{"@context":"https:\/\/schema.org","@graph":[{"@type":"WebPage","@id":"https:\/\/gambling6.com\/de\/lotterie\/sichern-sie-sich-online-tickets-fur-die-mega-sena-lotterie\/","url":"https:\/\/gambling6.com\/de\/lotterie\/sichern-sie-sich-online-tickets-fur-die-mega-sena-lotterie\/","name":"Buy Online Tickets for Mega Sena Lottery","isPartOf":{"@id":"https:\/\/gambling6.com\/de\/#website"},"datePublished":"2025-11-11T04:32:57+00:00","description":"Erfahren Sie, wie Sie online Tickets f\u00fcr die brasilianische Mega-Sena-Lotterie erhalten k\u00f6nnen.","breadcrumb":{"@id":"https:\/\/gambling6.com\/de\/lotterie\/sichern-sie-sich-online-tickets-fur-die-mega-sena-lotterie\/#breadcrumb"},"inLanguage":"de","potentialAction":[{"@type":"ReadAction","target":["https:\/\/gambling6.com\/de\/lotterie\/sichern-sie-sich-online-tickets-fur-die-mega-sena-lotterie\/"]}]},{"@type":"BreadcrumbList","@id":"https:\/\/gambling6.com\/de\/lotterie\/sichern-sie-sich-online-tickets-fur-die-mega-sena-lotterie\/#breadcrumb","itemListElement":[{"@type":"ListItem","position":1,"name":"Home","item":"https:\/\/gambling6.com\/de\/home\/"},{"@type":"ListItem","position":2,"name":"Lotterie","item":"https:\/\/gambling6.com\/de\/lotterie\/"},{"@type":"ListItem","position":3,"name":"Sichern Sie sich online Tickets f\u00fcr die Mega Sena Lotterie"}]},{"@type":"WebSite","@id":"https:\/\/gambling6.com\/de\/#website","url":"https:\/\/gambling6.com\/de\/","name":"Gambling6","description":"","potentialAction":[{"@type":"SearchAction","target":{"@type":"EntryPoint","urlTemplate":"https:\/\/gambling6.com\/de\/?s={search_term_string}"},"query-input":{"@type":"PropertyValueSpecification","valueRequired":true,"valueName":"search_term_string"}}],"inLanguage":"de"}]}},"_links":{"self":[{"href":"https:\/\/gambling6.com\/de\/wp-json\/wp\/v2\/pages\/9540","targetHints":{"allow":["GET"]}}],"collection":[{"href":"https:\/\/gambling6.com\/de\/wp-json\/wp\/v2\/pages"}],"about":[{"href":"https:\/\/gambling6.com\/de\/wp-json\/wp\/v2\/types\/page"}],"author":[{"embeddable":true,"href":"https:\/\/gambling6.com\/de\/wp-json\/wp\/v2\/users\/1"}],"replies":[{"embeddable":true,"href":"https:\/\/gambling6.com\/de\/wp-json\/wp\/v2\/comments?post=9540"}],"version-history":[{"count":0,"href":"https:\/\/gambling6.com\/de\/wp-json\/wp\/v2\/pages\/9540\/revisions"}],"up":[{"embeddable":true,"href":"https:\/\/gambling6.com\/de\/wp-json\/wp\/v2\/pages\/9298"}],"wp:attachment":[{"href":"https:\/\/gambling6.com\/de\/wp-json\/wp\/v2\/media?parent=9540"}],"curies":[{"name":"wp","href":"https:\/\/api.w.org\/{rel}","templated":true}]}}