{"id":9586,"date":"2025-11-11T04:44:16","date_gmt":"2025-11-11T04:44:16","guid":{"rendered":"https:\/\/gambling6.com\/lotterie\/sichern-sie-sich-online-tickets-fur-die-britische-nationallotterie\/"},"modified":"2025-11-12T19:03:00","modified_gmt":"2025-11-12T19:03:00","slug":"sichern-sie-sich-online-tickets-fur-die-britische-nationallotterie","status":"publish","type":"page","link":"https:\/\/gambling6.com\/de\/lotterie\/sichern-sie-sich-online-tickets-fur-die-britische-nationallotterie\/","title":{"rendered":"Sichern Sie sich Online-Tickets f\u00fcr die britische Nationallotterie"},"content":{"rendered":"<h2>Online-Tickets f\u00fcr die britische Nationallotterie<\/h2>\n<p><strong style=\"background-color: initial;\">Mit einem Online-Ticket f\u00fcr die britische Nationallotterie sind Sie Teil von Gro\u00dfbritanniens beliebtester Lotterie.<\/strong><span style=\"background-color: initial;\"> Pro Ziehung werden online und vor Ort rund 50 Millionen Tickets verkauft. Mit einem Ticket haben Sie eine Chance von 1 zu 56, 25 \u00a3 zu gewinnen \u2013 den Mindestgewinn der britischen Nationallotterie.<\/span><\/p>\n<p>Um an dieser Lotterie teilzunehmen, w\u00e4hlen Sie sechs Hauptzahlen zwischen 1 und 49. Um den Jackpot zu knacken, m\u00fcssen Sie lediglich sechs Zahlen richtig tippen. <strong>Die Gewinnchance bei der britischen Nationallotterie liegt bei etwa 1 zu 14 Millionen.<\/strong> Diese Chancen sind deutlich besser als beim Euromillions-Lotto. Tats\u00e4chlich ist Ihre Gewinnchance etwa zehnmal h\u00f6her.<\/p>\n<p>Jeden Mittwoch und Samstag schnellen die Ticketverk\u00e4ufe in die H\u00f6he, wenn britische und internationale Online-Lotteriespieler Tickets kaufen, um den Jackpot zu knacken, der fast immer \u00fcber 5 Millionen Pfund liegt. Obwohl 45 % der Ticketeinnahmen garantiert in den Jackpot flie\u00dfen, wurden seit Einf\u00fchrung der Lotterie im Jahr 1994 \u00fcber 42 Milliarden Pfund f\u00fcr wohlt\u00e4tige Zwecke im In- und Ausland gespendet.<\/p>\n<p><img loading=\"lazy\" decoding=\"async\" class=\"size-medium wp-image-1371 alignright\" src=\"https:\/\/gambling6.com\/wp-content\/uploads\/2022\/04\/2_ticket_uk_lottery-192x300.jpg\" alt=\"Los f\u00fcr die UK National Lottery\" width=\"192\" height=\"300\" srcset=\"https:\/\/gambling6.com\/wp-content\/uploads\/2022\/04\/2_ticket_uk_lottery-192x300.jpg 192w, https:\/\/gambling6.com\/wp-content\/uploads\/2022\/04\/2_ticket_uk_lottery.jpg 564w\" sizes=\"auto, (max-width: 192px) 100vw, 192px\" \/>Wenn die Ziehung dieser Lotterie samstags und mittwochs in London stattfindet, ist das Publikum mit den Lottoscheinen in den H\u00e4nden recht gro\u00df. Die Leute str\u00f6men in die Pubs der Umgebung, um die Ziehung live mitzuverfolgen und auf den Gewinn von 5 Millionen Pfund zu hoffen. Wird der Jackpot nicht geknackt, wird er in die n\u00e4chste Ziehung \u00fcbertragen. <a class=\"thirstylink\" title=\"RedFoxLotto en\" href=\"https:\/\/gambling6.com\/go\/redfoxlotto-en\/\" target=\"_blank\" rel=\"nofollow noopener\">Sichern Sie sich Ihr Online-Los und die Chance auf einen Gewinn der britischen Nationallotterie bei unserem Partner RedFoxLotto.<\/a><\/p>\n<table style=\"width: 500px;\" border=\"1\" cellspacing=\"5\" cellpadding=\"5\" align=\"center\">\n<tbody>\n<tr>\n<td colspan=\"3\" align=\"center\">Die f\u00fcnf h\u00f6chsten Jackpots 2013<\/td>\n<\/tr>\n<tr>\n<td>Ziehung<\/td>\n<td align=\"center\">Datum<\/td>\n<td align=\"center\">Jackpot (USD)<\/td>\n<\/tr>\n<tr>\n<td>Nationale Lotterie \u2013 Vereinigtes K\u00f6nigreich<\/td>\n<td align=\"center\">5. Oktober 2013<\/td>\n<td style=\"text-align: center;\" align=\"right\">16.500.000 $<\/td>\n<\/tr>\n<tr>\n<td>National Lottery &#8211; UK<\/td>\n<td align=\"center\">12. Okt. 2013<\/td>\n<td align=\"right\">16.500.000 $<\/td>\n<\/tr>\n<tr>\n<td>National Lottery &#8211; UK<\/td>\n<td align=\"center\">18. Sep. 2013<\/td>\n<td align=\"right\">14.025.000 $<\/td>\n<\/tr>\n<tr>\n<td>National Lottery &#8211; UK<\/td>\n<td align=\"center\">18. Dez. 2013<\/td>\n<td align=\"right\">13.173.600 $<\/td>\n<\/tr>\n<tr>\n<td>National Lottery &#8211; UK<\/td>\n<td align=\"center\">2. Nov. 2013<\/td>\n<td align=\"right\">13.134.000 $<\/td>\n<\/tr>\n<\/tbody>\n<\/table>\n<p>&nbsp;<\/p>\n<table style=\"width: 500px;\" border=\"1\" cellspacing=\"5\" cellpadding=\"5\" align=\"center\">\n<tbody>\n<tr>\n<td colspan=\"3\" align=\"center\">Gewinnstufen der britischen Nationallotterie<\/td>\n<\/tr>\n<tr>\n<td>Gewinn<\/td>\n<td align=\"center\">Treffer<\/td>\n<td align=\"center\">Quoten<\/td>\n<\/tr>\n<tr>\n<td>1. Gewinn (Jackpot)<\/td>\n<td style=\"text-align: center;\" align=\"center\">6<\/td>\n<td align=\"right\">13.983.816 : 1<\/td>\n<\/tr>\n<tr>\n<td>2.<\/td>\n<td align=\"center\">5 + 1<\/td>\n<td align=\"right\">2.330.636 : 1<\/td>\n<\/tr>\n<tr>\n<td>3.<\/td>\n<td align=\"center\">5<\/td>\n<td align=\"right\">55.492 : 1<\/td>\n<\/tr>\n<tr>\n<td>4.<\/td>\n<td align=\"center\">4<\/td>\n<td align=\"right\">1.033 : 1<\/td>\n<\/tr>\n<tr>\n<td>5.<\/td>\n<td align=\"center\">3<\/td>\n<td align=\"right\">57 : 1<\/td>\n<\/tr>\n<\/tbody>\n<\/table>\n","protected":false},"excerpt":{"rendered":"<p>Online-Tickets f\u00fcr die britische Nationallotterie Mit einem Online-Ticket f\u00fcr die britische Nationallotterie sind Sie Teil von Gro\u00dfbritanniens beliebtester Lotterie. Pro Ziehung werden online und vor Ort rund 50 Millionen Tickets verkauft. Mit einem Ticket haben Sie eine Chance von 1 zu 56, 25 \u00a3 zu gewinnen \u2013 den Mindestgewinn der britischen Nationallotterie. Um an dieser [&hellip;]<\/p>\n","protected":false},"author":1,"featured_media":0,"parent":9298,"menu_order":6,"comment_status":"closed","ping_status":"closed","template":"","meta":{"footnotes":""},"class_list":["post-9586","page","type-page","status-publish","hentry"],"yoast_head":"<!-- This site is optimized with the Yoast SEO plugin v27.5 - https:\/\/yoast.com\/product\/yoast-seo-wordpress\/ -->\n<title>Kaufen Sie online Tickets f\u00fcr die britische Nationallotterie.<\/title>\n<meta name=\"description\" content=\"Nehmen Sie an der britischen Nationallotterie teil, indem Sie Ihre Lose online kaufen.\" \/>\n<meta name=\"robots\" content=\"index, follow, max-snippet:-1, max-image-preview:large, max-video-preview:-1\" \/>\n<link rel=\"canonical\" href=\"https:\/\/gambling6.com\/de\/lotterie\/sichern-sie-sich-online-tickets-fur-die-britische-nationallotterie\/\" \/>\n<meta property=\"og:locale\" content=\"de_DE\" \/>\n<meta property=\"og:type\" content=\"article\" \/>\n<meta property=\"og:title\" content=\"Kaufen Sie online Tickets f\u00fcr die britische Nationallotterie.\" \/>\n<meta property=\"og:description\" content=\"Nehmen Sie an der britischen Nationallotterie teil, indem Sie Ihre Lose online kaufen.\" \/>\n<meta property=\"og:url\" content=\"https:\/\/gambling6.com\/de\/lotterie\/sichern-sie-sich-online-tickets-fur-die-britische-nationallotterie\/\" \/>\n<meta property=\"og:site_name\" content=\"Gambling6\" \/>\n<meta property=\"article:modified_time\" content=\"2025-11-12T19:03:00+00:00\" \/>\n<meta property=\"og:image\" content=\"https:\/\/gambling6.com\/wp-content\/uploads\/2022\/04\/2_ticket_uk_lottery.jpg\" \/>\n\t<meta property=\"og:image:width\" content=\"564\" \/>\n\t<meta property=\"og:image:height\" content=\"883\" \/>\n\t<meta property=\"og:image:type\" content=\"image\/jpeg\" \/>\n<meta name=\"twitter:card\" content=\"summary_large_image\" \/>\n<meta name=\"twitter:label1\" content=\"Gesch\u00e4tzte Lesezeit\" \/>\n\t<meta name=\"twitter:data1\" content=\"1\u00a0Minute\" \/>\n<script type=\"application\/ld+json\" class=\"yoast-schema-graph\">{\"@context\":\"https:\\\/\\\/schema.org\",\"@graph\":[{\"@type\":\"WebPage\",\"@id\":\"https:\\\/\\\/gambling6.com\\\/de\\\/lotterie\\\/sichern-sie-sich-online-tickets-fur-die-britische-nationallotterie\\\/\",\"url\":\"https:\\\/\\\/gambling6.com\\\/de\\\/lotterie\\\/sichern-sie-sich-online-tickets-fur-die-britische-nationallotterie\\\/\",\"name\":\"Kaufen Sie online Tickets f\u00fcr die britische Nationallotterie.\",\"isPartOf\":{\"@id\":\"https:\\\/\\\/gambling6.com\\\/de\\\/#website\"},\"primaryImageOfPage\":{\"@id\":\"https:\\\/\\\/gambling6.com\\\/de\\\/lotterie\\\/sichern-sie-sich-online-tickets-fur-die-britische-nationallotterie\\\/#primaryimage\"},\"image\":{\"@id\":\"https:\\\/\\\/gambling6.com\\\/de\\\/lotterie\\\/sichern-sie-sich-online-tickets-fur-die-britische-nationallotterie\\\/#primaryimage\"},\"thumbnailUrl\":\"https:\\\/\\\/gambling6.com\\\/wp-content\\\/uploads\\\/2022\\\/04\\\/2_ticket_uk_lottery-192x300.jpg\",\"datePublished\":\"2025-11-11T04:44:16+00:00\",\"dateModified\":\"2025-11-12T19:03:00+00:00\",\"description\":\"Nehmen Sie an der britischen Nationallotterie teil, indem Sie Ihre Lose online kaufen.\",\"breadcrumb\":{\"@id\":\"https:\\\/\\\/gambling6.com\\\/de\\\/lotterie\\\/sichern-sie-sich-online-tickets-fur-die-britische-nationallotterie\\\/#breadcrumb\"},\"inLanguage\":\"de\",\"potentialAction\":[{\"@type\":\"ReadAction\",\"target\":[\"https:\\\/\\\/gambling6.com\\\/de\\\/lotterie\\\/sichern-sie-sich-online-tickets-fur-die-britische-nationallotterie\\\/\"]}]},{\"@type\":\"ImageObject\",\"inLanguage\":\"de\",\"@id\":\"https:\\\/\\\/gambling6.com\\\/de\\\/lotterie\\\/sichern-sie-sich-online-tickets-fur-die-britische-nationallotterie\\\/#primaryimage\",\"url\":\"https:\\\/\\\/gambling6.com\\\/wp-content\\\/uploads\\\/2022\\\/04\\\/2_ticket_uk_lottery-192x300.jpg\",\"contentUrl\":\"https:\\\/\\\/gambling6.com\\\/wp-content\\\/uploads\\\/2022\\\/04\\\/2_ticket_uk_lottery-192x300.jpg\"},{\"@type\":\"BreadcrumbList\",\"@id\":\"https:\\\/\\\/gambling6.com\\\/de\\\/lotterie\\\/sichern-sie-sich-online-tickets-fur-die-britische-nationallotterie\\\/#breadcrumb\",\"itemListElement\":[{\"@type\":\"ListItem\",\"position\":1,\"name\":\"Home\",\"item\":\"https:\\\/\\\/gambling6.com\\\/de\\\/home\\\/\"},{\"@type\":\"ListItem\",\"position\":2,\"name\":\"Lotterie\",\"item\":\"https:\\\/\\\/gambling6.com\\\/de\\\/lotterie\\\/\"},{\"@type\":\"ListItem\",\"position\":3,\"name\":\"Sichern Sie sich Online-Tickets f\u00fcr die britische Nationallotterie\"}]},{\"@type\":\"WebSite\",\"@id\":\"https:\\\/\\\/gambling6.com\\\/de\\\/#website\",\"url\":\"https:\\\/\\\/gambling6.com\\\/de\\\/\",\"name\":\"Gambling6\",\"description\":\"\",\"potentialAction\":[{\"@type\":\"SearchAction\",\"target\":{\"@type\":\"EntryPoint\",\"urlTemplate\":\"https:\\\/\\\/gambling6.com\\\/de\\\/?s={search_term_string}\"},\"query-input\":{\"@type\":\"PropertyValueSpecification\",\"valueRequired\":true,\"valueName\":\"search_term_string\"}}],\"inLanguage\":\"de\"}]}<\/script>\n<!-- \/ Yoast SEO plugin. -->","yoast_head_json":{"title":"Kaufen Sie online Tickets f\u00fcr die britische Nationallotterie.","description":"Nehmen Sie an der britischen Nationallotterie teil, indem Sie Ihre Lose online kaufen.","robots":{"index":"index","follow":"follow","max-snippet":"max-snippet:-1","max-image-preview":"max-image-preview:large","max-video-preview":"max-video-preview:-1"},"canonical":"https:\/\/gambling6.com\/de\/lotterie\/sichern-sie-sich-online-tickets-fur-die-britische-nationallotterie\/","og_locale":"de_DE","og_type":"article","og_title":"Kaufen Sie online Tickets f\u00fcr die britische Nationallotterie.","og_description":"Nehmen Sie an der britischen Nationallotterie teil, indem Sie Ihre Lose online kaufen.","og_url":"https:\/\/gambling6.com\/de\/lotterie\/sichern-sie-sich-online-tickets-fur-die-britische-nationallotterie\/","og_site_name":"Gambling6","article_modified_time":"2025-11-12T19:03:00+00:00","og_image":[{"width":564,"height":883,"url":"https:\/\/gambling6.com\/wp-content\/uploads\/2022\/04\/2_ticket_uk_lottery.jpg","type":"image\/jpeg"}],"twitter_card":"summary_large_image","twitter_misc":{"Gesch\u00e4tzte Lesezeit":"1\u00a0Minute"},"schema":{"@context":"https:\/\/schema.org","@graph":[{"@type":"WebPage","@id":"https:\/\/gambling6.com\/de\/lotterie\/sichern-sie-sich-online-tickets-fur-die-britische-nationallotterie\/","url":"https:\/\/gambling6.com\/de\/lotterie\/sichern-sie-sich-online-tickets-fur-die-britische-nationallotterie\/","name":"Kaufen Sie online Tickets f\u00fcr die britische Nationallotterie.","isPartOf":{"@id":"https:\/\/gambling6.com\/de\/#website"},"primaryImageOfPage":{"@id":"https:\/\/gambling6.com\/de\/lotterie\/sichern-sie-sich-online-tickets-fur-die-britische-nationallotterie\/#primaryimage"},"image":{"@id":"https:\/\/gambling6.com\/de\/lotterie\/sichern-sie-sich-online-tickets-fur-die-britische-nationallotterie\/#primaryimage"},"thumbnailUrl":"https:\/\/gambling6.com\/wp-content\/uploads\/2022\/04\/2_ticket_uk_lottery-192x300.jpg","datePublished":"2025-11-11T04:44:16+00:00","dateModified":"2025-11-12T19:03:00+00:00","description":"Nehmen Sie an der britischen Nationallotterie teil, indem Sie Ihre Lose online kaufen.","breadcrumb":{"@id":"https:\/\/gambling6.com\/de\/lotterie\/sichern-sie-sich-online-tickets-fur-die-britische-nationallotterie\/#breadcrumb"},"inLanguage":"de","potentialAction":[{"@type":"ReadAction","target":["https:\/\/gambling6.com\/de\/lotterie\/sichern-sie-sich-online-tickets-fur-die-britische-nationallotterie\/"]}]},{"@type":"ImageObject","inLanguage":"de","@id":"https:\/\/gambling6.com\/de\/lotterie\/sichern-sie-sich-online-tickets-fur-die-britische-nationallotterie\/#primaryimage","url":"https:\/\/gambling6.com\/wp-content\/uploads\/2022\/04\/2_ticket_uk_lottery-192x300.jpg","contentUrl":"https:\/\/gambling6.com\/wp-content\/uploads\/2022\/04\/2_ticket_uk_lottery-192x300.jpg"},{"@type":"BreadcrumbList","@id":"https:\/\/gambling6.com\/de\/lotterie\/sichern-sie-sich-online-tickets-fur-die-britische-nationallotterie\/#breadcrumb","itemListElement":[{"@type":"ListItem","position":1,"name":"Home","item":"https:\/\/gambling6.com\/de\/home\/"},{"@type":"ListItem","position":2,"name":"Lotterie","item":"https:\/\/gambling6.com\/de\/lotterie\/"},{"@type":"ListItem","position":3,"name":"Sichern Sie sich Online-Tickets f\u00fcr die britische Nationallotterie"}]},{"@type":"WebSite","@id":"https:\/\/gambling6.com\/de\/#website","url":"https:\/\/gambling6.com\/de\/","name":"Gambling6","description":"","potentialAction":[{"@type":"SearchAction","target":{"@type":"EntryPoint","urlTemplate":"https:\/\/gambling6.com\/de\/?s={search_term_string}"},"query-input":{"@type":"PropertyValueSpecification","valueRequired":true,"valueName":"search_term_string"}}],"inLanguage":"de"}]}},"_links":{"self":[{"href":"https:\/\/gambling6.com\/de\/wp-json\/wp\/v2\/pages\/9586","targetHints":{"allow":["GET"]}}],"collection":[{"href":"https:\/\/gambling6.com\/de\/wp-json\/wp\/v2\/pages"}],"about":[{"href":"https:\/\/gambling6.com\/de\/wp-json\/wp\/v2\/types\/page"}],"author":[{"embeddable":true,"href":"https:\/\/gambling6.com\/de\/wp-json\/wp\/v2\/users\/1"}],"replies":[{"embeddable":true,"href":"https:\/\/gambling6.com\/de\/wp-json\/wp\/v2\/comments?post=9586"}],"version-history":[{"count":1,"href":"https:\/\/gambling6.com\/de\/wp-json\/wp\/v2\/pages\/9586\/revisions"}],"predecessor-version":[{"id":10791,"href":"https:\/\/gambling6.com\/de\/wp-json\/wp\/v2\/pages\/9586\/revisions\/10791"}],"up":[{"embeddable":true,"href":"https:\/\/gambling6.com\/de\/wp-json\/wp\/v2\/pages\/9298"}],"wp:attachment":[{"href":"https:\/\/gambling6.com\/de\/wp-json\/wp\/v2\/media?parent=9586"}],"curies":[{"name":"wp","href":"https:\/\/api.w.org\/{rel}","templated":true}]}}