{"id":8374,"date":"2025-11-07T13:21:21","date_gmt":"2025-11-07T13:21:21","guid":{"rendered":"https:\/\/gambling6.com\/%ce%ba%ce%b1%ce%b6%ce%af%ce%bd%ce%bf\/online-casinos-vs-landbasierte-casinos\/"},"modified":"2025-11-12T16:15:03","modified_gmt":"2025-11-12T16:15:03","slug":"online-casinos-vs-landbasierte-casinos","status":"publish","type":"page","link":"https:\/\/gambling6.com\/el\/%ce%ba%ce%b1%ce%b6%ce%af%ce%bd%ce%bf\/online-casinos-vs-landbasierte-casinos\/","title":{"rendered":"Online-Casinos vs. landbasierte Casinos"},"content":{"rendered":"<h2>Live- oder Online-Casinos<\/h2>\n<h3>Jede Variante hat ihre Vorz\u00fcge<\/h3>\n<p><img loading=\"lazy\" decoding=\"async\" class=\"wp-image-332 alignright\" src=\"https:\/\/gambling6.com\/wp-content\/uploads\/2013\/12\/phil_ivey-247x300.jpg\" alt=\"\u03b6\u03c9\u03bd\u03c4\u03b1\u03bd\u03cc \u03ba\u03b1\u03b6\u03af\u03bd\u03bf\n\" width=\"175\" height=\"213\" srcset=\"https:\/\/gambling6.com\/wp-content\/uploads\/2013\/12\/phil_ivey-247x300.jpg 247w, https:\/\/gambling6.com\/wp-content\/uploads\/2013\/12\/phil_ivey.jpg 250w\" sizes=\"auto, (max-width: 175px) 100vw, 175px\" \/>Casino-Spieler sollten ihre Lieblingsspiele so spielen, wie es ihnen am besten gef\u00e4llt und zu ihrer Pers\u00f6nlichkeit passt. Manche Spieler bevorzugen traditionelle Casinos, weil sie die Atmosph\u00e4re dort lieben. Sie genie\u00dfen es, mit anderen Spielern, dem Publikum und dem Trubel zu spielen.<\/p>\n<p>Andere Casino-Spieler hingegen bevorzugen eine ruhige, entspannte Umgebung, in der sie die volle Kontrolle haben. Diese Spieler tendieren eher zu Online-Casinos. Egal, wie ein Spieler seine Spiele genie\u00dfen m\u00f6chte, es gibt f\u00fcr jeden Geschmack das Richtige \u2013 ob traditionelles Casino oder Online-Casino.<\/p>\n<p>Hier sind die wichtigsten Unterschiede zwischen Online-Casinos und landbasierten Casinos:<\/p>\n<p>Online-Casinos und landbasierte Casinos befinden sich nat\u00fcrlich in v\u00f6llig unterschiedlichen Umgebungen. In einem landbasierten Casino k\u00f6nnen Spieler die Atmosph\u00e4re hautnah erleben und Teil des Geschehens sein. Online-Casinos hingegen werden \u00fcber das Internet gespielt, sodass Spieler die gew\u00fcnschten Spiele von \u00fcberall aus spielen k\u00f6nnen. Ob zu Hause, im B\u00fcro oder an einem anderen Ort mit Internetverbindung \u2013 alles ist m\u00f6glich.<\/p>\n<p>Landbasierte Casinos bieten oft Spielerclubs an, in denen Spieler Pr\u00e4mien sammeln k\u00f6nnen. Die Pr\u00e4mien variieren je nach Casino. Auch Online-Gl\u00fccksspielanbieter haben ihre eigenen Versionen solcher Clubs, die als VIP-Programme bezeichnet werden. Viele Casinospieler finden Online-Casinos jedoch tendenziell gro\u00dfz\u00fcgiger, da sie nicht die gleichen Betriebskosten wie landbasierte Casinos haben.<\/p>\n<p>Landbasierte Casinos bieten zwar die M\u00f6glichkeit, nahezu jedes gew\u00fcnschte Casinospiel zu spielen, doch manchmal m\u00f6chten Spieler nicht das ganze Casino durchlaufen, um von einem Spiel zum n\u00e4chsten zu gelangen. Es kommt auch vor, dass sie ein bestimmtes Spiel spielen m\u00f6chten, aber kein Platz frei ist. Online-Casinos hingegen erm\u00f6glichen es Spielern, jederzeit und ohne Wartezeiten zu spielen.<\/p>\n<p>Landbasierte Casinos k\u00f6nnen f\u00fcr neue Spieler einsch\u00fcchternd wirken und bieten oft keine kostenlosen Ressourcen, die ihnen helfen, die Spiele und verschiedene Strategien zu erlernen. Online-Casinos bieten Spielern die M\u00f6glichkeit, in einer Umgebung zu spielen, in der sie sich m\u00f6glicherweise weniger eingesch\u00fcchtert f\u00fchlen. Zudem bieten sie eine F\u00fclle kostenloser Inhalte, die sie durch verschiedene Aspekte des Online-Casino-Spiels f\u00fchren.<\/p>\n<p>Wer sich f\u00fcr Online-Casinos interessiert, sollte zun\u00e4chst alles \u00fcber die Microgaming-basierten Casinos erfahren. Das beste davon ist zweifellos das 888 Casino, das Sie \u00fcber den untenstehenden Banner erreichen.<\/p>\n<p>F\u00fcr Einwohner der USA ist BetOnline die beste Wahl f\u00fcr allgemeine Casinospiele oder Online-Poker.<\/p>\n<p><img loading=\"lazy\" decoding=\"async\" class=\" wp-image-7875 aligncenter\" src=\"https:\/\/gambling6.com\/wp-content\/uploads\/2025\/10\/BOL_AQC_banner_468x60_FS1_casino-300x38.gif\" alt=\"\u03ba\u03b1\u03b6\u03af\u03bd\u03bf BetOnline\" width=\"694\" height=\"88\" \/><\/p>\n","protected":false},"excerpt":{"rendered":"<p>Live- oder Online-Casinos Jede Variante hat ihre Vorz\u00fcge Casino-Spieler sollten ihre Lieblingsspiele so spielen, wie es ihnen am besten gef\u00e4llt und zu ihrer Pers\u00f6nlichkeit passt. Manche Spieler bevorzugen traditionelle Casinos, weil sie die Atmosph\u00e4re dort lieben. Sie genie\u00dfen es, mit anderen Spielern, dem Publikum und dem Trubel zu spielen. Andere Casino-Spieler hingegen bevorzugen eine ruhige, [&hellip;]<\/p>\n","protected":false},"author":1,"featured_media":0,"parent":8308,"menu_order":28,"comment_status":"closed","ping_status":"closed","template":"","meta":{"footnotes":""},"class_list":["post-8374","page","type-page","status-publish","hentry"],"yoast_head":"<!-- This site is optimized with the Yoast SEO plugin v27.5 - https:\/\/yoast.com\/product\/yoast-seo-wordpress\/ -->\n<title>Vergleich von landbasierten und Online-Casinos<\/title>\n<meta name=\"description\" content=\"Sowohl Online-Casinos als auch landbasierte Casinos bieten Spielern gro\u00dfartige Unterhaltung und viele M\u00f6glichkeiten.\" \/>\n<meta name=\"robots\" content=\"index, follow, max-snippet:-1, max-image-preview:large, max-video-preview:-1\" \/>\n<link rel=\"canonical\" href=\"https:\/\/gambling6.com\/el\/%ce%ba%ce%b1%ce%b6%ce%af%ce%bd%ce%bf\/online-casinos-vs-landbasierte-casinos\/\" \/>\n<meta property=\"og:locale\" content=\"el_GR\" \/>\n<meta property=\"og:type\" content=\"article\" \/>\n<meta property=\"og:title\" content=\"Vergleich von landbasierten und Online-Casinos\" \/>\n<meta property=\"og:description\" content=\"Sowohl Online-Casinos als auch landbasierte Casinos bieten Spielern gro\u00dfartige Unterhaltung und viele M\u00f6glichkeiten.\" \/>\n<meta property=\"og:url\" content=\"https:\/\/gambling6.com\/el\/%ce%ba%ce%b1%ce%b6%ce%af%ce%bd%ce%bf\/online-casinos-vs-landbasierte-casinos\/\" \/>\n<meta property=\"og:site_name\" content=\"Gambling6\" \/>\n<meta property=\"article:modified_time\" content=\"2025-11-12T16:15:03+00:00\" \/>\n<meta property=\"og:image\" content=\"https:\/\/gambling6.com\/wp-content\/uploads\/2013\/12\/phil_ivey.jpg\" \/>\n\t<meta property=\"og:image:width\" content=\"250\" \/>\n\t<meta property=\"og:image:height\" content=\"304\" \/>\n\t<meta property=\"og:image:type\" content=\"image\/jpeg\" \/>\n<meta name=\"twitter:card\" content=\"summary_large_image\" \/>\n<meta name=\"twitter:label1\" content=\"\u0395\u03ba\u03c4\u03b9\u03bc\u03ce\u03bc\u03b5\u03bd\u03bf\u03c2 \u03c7\u03c1\u03cc\u03bd\u03bf\u03c2 \u03b1\u03bd\u03ac\u03b3\u03bd\u03c9\u03c3\u03b7\u03c2\" \/>\n\t<meta name=\"twitter:data1\" content=\"2 \u03bb\u03b5\u03c0\u03c4\u03ac\" \/>\n<script type=\"application\/ld+json\" class=\"yoast-schema-graph\">{\"@context\":\"https:\\\/\\\/schema.org\",\"@graph\":[{\"@type\":\"WebPage\",\"@id\":\"https:\\\/\\\/gambling6.com\\\/el\\\/%ce%ba%ce%b1%ce%b6%ce%af%ce%bd%ce%bf\\\/online-casinos-vs-landbasierte-casinos\\\/\",\"url\":\"https:\\\/\\\/gambling6.com\\\/el\\\/%ce%ba%ce%b1%ce%b6%ce%af%ce%bd%ce%bf\\\/online-casinos-vs-landbasierte-casinos\\\/\",\"name\":\"Vergleich von landbasierten und Online-Casinos\",\"isPartOf\":{\"@id\":\"https:\\\/\\\/gambling6.com\\\/el\\\/#website\"},\"primaryImageOfPage\":{\"@id\":\"https:\\\/\\\/gambling6.com\\\/el\\\/%ce%ba%ce%b1%ce%b6%ce%af%ce%bd%ce%bf\\\/online-casinos-vs-landbasierte-casinos\\\/#primaryimage\"},\"image\":{\"@id\":\"https:\\\/\\\/gambling6.com\\\/el\\\/%ce%ba%ce%b1%ce%b6%ce%af%ce%bd%ce%bf\\\/online-casinos-vs-landbasierte-casinos\\\/#primaryimage\"},\"thumbnailUrl\":\"https:\\\/\\\/gambling6.com\\\/wp-content\\\/uploads\\\/2013\\\/12\\\/phil_ivey-247x300.jpg\",\"datePublished\":\"2025-11-07T13:21:21+00:00\",\"dateModified\":\"2025-11-12T16:15:03+00:00\",\"description\":\"Sowohl Online-Casinos als auch landbasierte Casinos bieten Spielern gro\u00dfartige Unterhaltung und viele M\u00f6glichkeiten.\",\"breadcrumb\":{\"@id\":\"https:\\\/\\\/gambling6.com\\\/el\\\/%ce%ba%ce%b1%ce%b6%ce%af%ce%bd%ce%bf\\\/online-casinos-vs-landbasierte-casinos\\\/#breadcrumb\"},\"inLanguage\":\"el\",\"potentialAction\":[{\"@type\":\"ReadAction\",\"target\":[\"https:\\\/\\\/gambling6.com\\\/el\\\/%ce%ba%ce%b1%ce%b6%ce%af%ce%bd%ce%bf\\\/online-casinos-vs-landbasierte-casinos\\\/\"]}]},{\"@type\":\"ImageObject\",\"inLanguage\":\"el\",\"@id\":\"https:\\\/\\\/gambling6.com\\\/el\\\/%ce%ba%ce%b1%ce%b6%ce%af%ce%bd%ce%bf\\\/online-casinos-vs-landbasierte-casinos\\\/#primaryimage\",\"url\":\"https:\\\/\\\/gambling6.com\\\/wp-content\\\/uploads\\\/2013\\\/12\\\/phil_ivey-247x300.jpg\",\"contentUrl\":\"https:\\\/\\\/gambling6.com\\\/wp-content\\\/uploads\\\/2013\\\/12\\\/phil_ivey-247x300.jpg\"},{\"@type\":\"BreadcrumbList\",\"@id\":\"https:\\\/\\\/gambling6.com\\\/el\\\/%ce%ba%ce%b1%ce%b6%ce%af%ce%bd%ce%bf\\\/online-casinos-vs-landbasierte-casinos\\\/#breadcrumb\",\"itemListElement\":[{\"@type\":\"ListItem\",\"position\":1,\"name\":\"Home\",\"item\":\"https:\\\/\\\/gambling6.com\\\/el\\\/home\\\/\"},{\"@type\":\"ListItem\",\"position\":2,\"name\":\"\u039a\u03b1\u03b6\u03af\u03bd\u03bf\",\"item\":\"https:\\\/\\\/gambling6.com\\\/el\\\/get-started-with-online-gambling\\\/\"},{\"@type\":\"ListItem\",\"position\":3,\"name\":\"Online-Casinos vs. landbasierte Casinos\"}]},{\"@type\":\"WebSite\",\"@id\":\"https:\\\/\\\/gambling6.com\\\/el\\\/#website\",\"url\":\"https:\\\/\\\/gambling6.com\\\/el\\\/\",\"name\":\"Gambling6\",\"description\":\"\",\"potentialAction\":[{\"@type\":\"SearchAction\",\"target\":{\"@type\":\"EntryPoint\",\"urlTemplate\":\"https:\\\/\\\/gambling6.com\\\/el\\\/?s={search_term_string}\"},\"query-input\":{\"@type\":\"PropertyValueSpecification\",\"valueRequired\":true,\"valueName\":\"search_term_string\"}}],\"inLanguage\":\"el\"}]}<\/script>\n<!-- \/ Yoast SEO plugin. -->","yoast_head_json":{"title":"Vergleich von landbasierten und Online-Casinos","description":"Sowohl Online-Casinos als auch landbasierte Casinos bieten Spielern gro\u00dfartige Unterhaltung und viele M\u00f6glichkeiten.","robots":{"index":"index","follow":"follow","max-snippet":"max-snippet:-1","max-image-preview":"max-image-preview:large","max-video-preview":"max-video-preview:-1"},"canonical":"https:\/\/gambling6.com\/el\/%ce%ba%ce%b1%ce%b6%ce%af%ce%bd%ce%bf\/online-casinos-vs-landbasierte-casinos\/","og_locale":"el_GR","og_type":"article","og_title":"Vergleich von landbasierten und Online-Casinos","og_description":"Sowohl Online-Casinos als auch landbasierte Casinos bieten Spielern gro\u00dfartige Unterhaltung und viele M\u00f6glichkeiten.","og_url":"https:\/\/gambling6.com\/el\/%ce%ba%ce%b1%ce%b6%ce%af%ce%bd%ce%bf\/online-casinos-vs-landbasierte-casinos\/","og_site_name":"Gambling6","article_modified_time":"2025-11-12T16:15:03+00:00","og_image":[{"width":250,"height":304,"url":"https:\/\/gambling6.com\/wp-content\/uploads\/2013\/12\/phil_ivey.jpg","type":"image\/jpeg"}],"twitter_card":"summary_large_image","twitter_misc":{"\u0395\u03ba\u03c4\u03b9\u03bc\u03ce\u03bc\u03b5\u03bd\u03bf\u03c2 \u03c7\u03c1\u03cc\u03bd\u03bf\u03c2 \u03b1\u03bd\u03ac\u03b3\u03bd\u03c9\u03c3\u03b7\u03c2":"2 \u03bb\u03b5\u03c0\u03c4\u03ac"},"schema":{"@context":"https:\/\/schema.org","@graph":[{"@type":"WebPage","@id":"https:\/\/gambling6.com\/el\/%ce%ba%ce%b1%ce%b6%ce%af%ce%bd%ce%bf\/online-casinos-vs-landbasierte-casinos\/","url":"https:\/\/gambling6.com\/el\/%ce%ba%ce%b1%ce%b6%ce%af%ce%bd%ce%bf\/online-casinos-vs-landbasierte-casinos\/","name":"Vergleich von landbasierten und Online-Casinos","isPartOf":{"@id":"https:\/\/gambling6.com\/el\/#website"},"primaryImageOfPage":{"@id":"https:\/\/gambling6.com\/el\/%ce%ba%ce%b1%ce%b6%ce%af%ce%bd%ce%bf\/online-casinos-vs-landbasierte-casinos\/#primaryimage"},"image":{"@id":"https:\/\/gambling6.com\/el\/%ce%ba%ce%b1%ce%b6%ce%af%ce%bd%ce%bf\/online-casinos-vs-landbasierte-casinos\/#primaryimage"},"thumbnailUrl":"https:\/\/gambling6.com\/wp-content\/uploads\/2013\/12\/phil_ivey-247x300.jpg","datePublished":"2025-11-07T13:21:21+00:00","dateModified":"2025-11-12T16:15:03+00:00","description":"Sowohl Online-Casinos als auch landbasierte Casinos bieten Spielern gro\u00dfartige Unterhaltung und viele M\u00f6glichkeiten.","breadcrumb":{"@id":"https:\/\/gambling6.com\/el\/%ce%ba%ce%b1%ce%b6%ce%af%ce%bd%ce%bf\/online-casinos-vs-landbasierte-casinos\/#breadcrumb"},"inLanguage":"el","potentialAction":[{"@type":"ReadAction","target":["https:\/\/gambling6.com\/el\/%ce%ba%ce%b1%ce%b6%ce%af%ce%bd%ce%bf\/online-casinos-vs-landbasierte-casinos\/"]}]},{"@type":"ImageObject","inLanguage":"el","@id":"https:\/\/gambling6.com\/el\/%ce%ba%ce%b1%ce%b6%ce%af%ce%bd%ce%bf\/online-casinos-vs-landbasierte-casinos\/#primaryimage","url":"https:\/\/gambling6.com\/wp-content\/uploads\/2013\/12\/phil_ivey-247x300.jpg","contentUrl":"https:\/\/gambling6.com\/wp-content\/uploads\/2013\/12\/phil_ivey-247x300.jpg"},{"@type":"BreadcrumbList","@id":"https:\/\/gambling6.com\/el\/%ce%ba%ce%b1%ce%b6%ce%af%ce%bd%ce%bf\/online-casinos-vs-landbasierte-casinos\/#breadcrumb","itemListElement":[{"@type":"ListItem","position":1,"name":"Home","item":"https:\/\/gambling6.com\/el\/home\/"},{"@type":"ListItem","position":2,"name":"\u039a\u03b1\u03b6\u03af\u03bd\u03bf","item":"https:\/\/gambling6.com\/el\/get-started-with-online-gambling\/"},{"@type":"ListItem","position":3,"name":"Online-Casinos vs. landbasierte Casinos"}]},{"@type":"WebSite","@id":"https:\/\/gambling6.com\/el\/#website","url":"https:\/\/gambling6.com\/el\/","name":"Gambling6","description":"","potentialAction":[{"@type":"SearchAction","target":{"@type":"EntryPoint","urlTemplate":"https:\/\/gambling6.com\/el\/?s={search_term_string}"},"query-input":{"@type":"PropertyValueSpecification","valueRequired":true,"valueName":"search_term_string"}}],"inLanguage":"el"}]}},"_links":{"self":[{"href":"https:\/\/gambling6.com\/el\/wp-json\/wp\/v2\/pages\/8374","targetHints":{"allow":["GET"]}}],"collection":[{"href":"https:\/\/gambling6.com\/el\/wp-json\/wp\/v2\/pages"}],"about":[{"href":"https:\/\/gambling6.com\/el\/wp-json\/wp\/v2\/types\/page"}],"author":[{"embeddable":true,"href":"https:\/\/gambling6.com\/el\/wp-json\/wp\/v2\/users\/1"}],"replies":[{"embeddable":true,"href":"https:\/\/gambling6.com\/el\/wp-json\/wp\/v2\/comments?post=8374"}],"version-history":[{"count":2,"href":"https:\/\/gambling6.com\/el\/wp-json\/wp\/v2\/pages\/8374\/revisions"}],"predecessor-version":[{"id":10672,"href":"https:\/\/gambling6.com\/el\/wp-json\/wp\/v2\/pages\/8374\/revisions\/10672"}],"up":[{"embeddable":true,"href":"https:\/\/gambling6.com\/el\/wp-json\/wp\/v2\/pages\/8308"}],"wp:attachment":[{"href":"https:\/\/gambling6.com\/el\/wp-json\/wp\/v2\/media?parent=8374"}],"curies":[{"name":"wp","href":"https:\/\/api.w.org\/{rel}","templated":true}]}}